{"id":6504,"date":"2018-05-14T06:20:21","date_gmt":"2018-05-14T06:20:21","guid":{"rendered":"https:\/\/www.tele-radio.com\/easy-silage\/"},"modified":"2022-04-25T09:42:16","modified_gmt":"2022-04-25T09:42:16","slug":"easy-silage","status":"publish","type":"page","link":"https:\/\/www.tele-radio.com\/es\/easy-silage\/","title":{"rendered":"Easy Silage BV"},"content":{"rendered":"<h1>Sistema de recubrimiento de silo de pinza<\/h1>\n<p>Easy Silage BV est\u00e1 especializada en cubrir silos de sujeci\u00f3n. La compa\u00f1\u00eda est\u00e1 ubicada en Dearsum, en el centro de la provincia de Frisia, conocida como la provincia lechera de los Pa\u00edses Bajos.<\/p>\n<h2>Configurado a medida<\/h2>\n<p>Los sistemas de cubierta Easy Silage son adecuados para silos de sujeci\u00f3n de hasta 100 metros de largo y 25 metros de ancho. La operaci\u00f3n se controla de forma remota mediante un sistema de control remoto Panther de Tele Radio. Dado que todas las fincas son \u00fanicas en la forma en que operan, los sistemas de cobertura est\u00e1n dise\u00f1ados seg\u00fan especificaciones personalizadas. B\u00e1sicamente, hay tres componentes de la aplicaci\u00f3n: El sistema de riel, el sistema de cabrestante y el sistema portal.<\/p>\n<h2>Sistema flexible<\/h2>\n<p>Los sistemas de riel y cabrestante se adaptan a casi cualquier silo existente. La m\u00e1quina con el mecanismo de rodadura corre a lo largo de la v\u00eda. La unidad del receptor est\u00e1 instalada en la pared del silo, utilizando soportes especiales. El sistema de cabrestante se puede utilizar para varios silos, gracias a un punto de contacto de dise\u00f1o especial. Con un tractor o brazo telesc\u00f3pico, el operador puede mover f\u00e1cilmente la cubierta de un silo a otro.<\/p>\n<h2>Reemplazo de un panel de control fijo<\/h2>\n<p>El cliente pas\u00f3 de utilizar controles fijos en una cabina a instalar un control remoto inal\u00e1mbrico Tele Radio, porque ofrece al operador mayor visualizaci\u00f3n de la operaci\u00f3n que, de otro modo, quedar\u00eda parcialmente oculta desde donde se montaron los controles originales. Tele Radio BV estima proveer al menos 40 sistemas a Easy Silage BV cada a\u00f1o.<\/p>\n","protected":false},"excerpt":{"rendered":"<p>Sistema de recubrimiento de silo de pinza Easy Silage BV est\u00e1 especializada en cubrir silos de sujeci\u00f3n. La compa\u00f1\u00eda est\u00e1 ubicada en Dearsum, en el centro de la provincia de Frisia, conocida como la provincia lechera de los Pa\u00edses Bajos. Configurado a medida Los sistemas de cubierta Easy Silage son adecuados para silos de sujeci\u00f3n [&hellip;]<\/p>\n","protected":false},"author":29,"featured_media":9797,"parent":0,"menu_order":0,"comment_status":"closed","ping_status":"closed","template":"","meta":{"_acf_changed":false,"footnotes":""},"class_list":["post-6504","page","type-page","status-publish","has-post-thumbnail","hentry"],"acf":[],"_links":{"self":[{"href":"https:\/\/www.tele-radio.com\/es\/wp-json\/wp\/v2\/pages\/6504","targetHints":{"allow":["GET"]}}],"collection":[{"href":"https:\/\/www.tele-radio.com\/es\/wp-json\/wp\/v2\/pages"}],"about":[{"href":"https:\/\/www.tele-radio.com\/es\/wp-json\/wp\/v2\/types\/page"}],"author":[{"embeddable":true,"href":"https:\/\/www.tele-radio.com\/es\/wp-json\/wp\/v2\/users\/29"}],"replies":[{"embeddable":true,"href":"https:\/\/www.tele-radio.com\/es\/wp-json\/wp\/v2\/comments?post=6504"}],"version-history":[{"count":9,"href":"https:\/\/www.tele-radio.com\/es\/wp-json\/wp\/v2\/pages\/6504\/revisions"}],"predecessor-version":[{"id":100001,"href":"https:\/\/www.tele-radio.com\/es\/wp-json\/wp\/v2\/pages\/6504\/revisions\/100001"}],"wp:featuredmedia":[{"embeddable":true,"href":"https:\/\/www.tele-radio.com\/es\/wp-json\/wp\/v2\/media\/9797"}],"wp:attachment":[{"href":"https:\/\/www.tele-radio.com\/es\/wp-json\/wp\/v2\/media?parent=6504"}],"curies":[{"name":"wp","href":"https:\/\/api.w.org\/{rel}","templated":true}]}}