{"id":6392,"date":"2018-05-10T13:37:16","date_gmt":"2018-05-10T13:37:16","guid":{"rendered":"https:\/\/www.tele-radio.com\/ethical-standards\/"},"modified":"2022-04-20T08:28:55","modified_gmt":"2022-04-20T08:28:55","slug":"estandares-eticos","status":"publish","type":"page","link":"https:\/\/www.tele-radio.com\/es\/estandares-eticos\/","title":{"rendered":"Estandares \u00e9ticos"},"content":{"rendered":"<h1>\u00c9tica en Tele Radio<\/h1>\n<h2><\/h2>\n<h2>Tele Radio hace cumplir los est\u00e1ndares sociales y medioambientales<\/h2>\n<p>Como principio de \u00e9tica en Tele Radio creemos en la protecci\u00f3n del medio ambiente, lo hacemos alentando la reducci\u00f3n, reutilizaci\u00f3n y el reciclaje del material de desecho. Tambi\u00e9n de nuestros socios proveedores, en la medida de lo posible y adecuado al modelo de empresa. Tele Radio alenta a sus socios proveedores a reducir el exceso de embalaje utilizando materiales reciclados y no t\u00f3xicos siempre que sea posible. Las emisiones de cualquier lugar de negocios se reducir\u00e1n para minimizar el da\u00f1o al medio ambiente y habr\u00e1 un plan vigente sobre c\u00f3mo reducir a\u00fan m\u00e1s el riesgo de emisiones en el futuro.<\/p>\n<h2>Lugar de trabajo seguro<\/h2>\n<p>Tele Radio mantiene un entorno seguro, limpio, saludable y productivo para sus asociados y espera lo mismo de sus socios proveedores. Los socios proveedores deben ser empleados con condiciones de trabajo seguras y saludables. Las f\u00e1bricas que trabajen con productos o merchandising de Tele Radio deber\u00e1n proporcionar instalaciones m\u00e9dicas adecuadas, salidas de emergencia, equipos de seguridad, lugares de trabajo bien iluminados,\u00a0 confortables y ba\u00f1os limpios. Tele Radio no aceptar\u00e1 negocios con ning\u00fan proveedor asociado que proporcione un entorno de trabajo insalubre, peligroso o que utilice pr\u00e1cticas f\u00edsicas o mentales de disciplina.<\/p>\n<h2>En contra de la discriminaci\u00f3n<\/h2>\n<p>Tele Radio reconoce que existen diferencias y est\u00e1ndares culturales en diversos pa\u00edses donde tiene presencia. Sin embargo, Tele Radio cree que los t\u00e9rminos y condiciones de empleo se deben basar en la capacidad de un individuo para realizar el trabajo, no en base a las caracter\u00edsticas o creencias personales. Tele Radio se exige a s\u00ed mismo y a los socios proveedores que defiendan los principios b\u00e1sicos de los derechos humanos y no discriminen a los empleados, por motivos de raza, color, origen nacional, g\u00e9nero, religi\u00f3n, discapacidad, orientaci\u00f3n sexual u opini\u00f3n pol\u00edtica.<\/p>\n<h2>No toleramos el trabajo infantil<\/h2>\n<p>Tele Radio no tolera el uso de trabajo infantil en el dise\u00f1o o fabricaci\u00f3n de los productos que compra \/ vende. Tele Radio no aceptar\u00e1 productos de proveedores que utilicen cualquier manera de trabajo infantil en la contrataci\u00f3n, sub-contrataci\u00f3n u otras relaciones en la producci\u00f3n de sus productos o servicios.<\/p>\n<h2>Lea todo nuestro C\u00f3digo de Conducta<\/h2>\n<h2><\/h2>\n<p><a href=\"https:\/\/api.tele-radio.com\/api\/files\/1990\">Puede ver nuestro c\u00f3digo de conducta aqu\u00ed.<\/a><\/p>\n<h2>Tele Radio apoya WWF<\/h2>\n<p>El n\u00famero de tigres en 1900\u00b4, m\u00e1s de 100.000, se redujo 4.000 en 1970. Hoy en d\u00eda, se trata de una especie en peligro de extinci\u00f3n, se estima que son alrededor de 3.900 tigres el total de todas las poblaciones salvajes de las cinco subespecies restantes (Bengala, indochina, siberiana, sur de China y Sumatra). Se sabe que todos los tigres restantes viven en poblaciones peque\u00f1as y aisladas en reservas ampliamente dispersas. La mayor concentraci\u00f3n de tigres en una reserva es de aproximadamente 215.<\/p>\n<p>En Tele Radio apoyamos el Fondo Mundial para la Naturaleza (WWF) y sus esfuerzos para conservar el tigre. La poblaci\u00f3n de tigres se est\u00e1 recuperando lentamente a trav\u00e9s de los esfuerzos diligentes de WWF. Dado que el tigre ocupa un lugar destacado en nuestro marketing y es el nombre de uno de nuestros sistemas; pensamos que es natural que pongamos de nuestra parte en los esfuerzos por su conservaci\u00f3n.<\/p>\n<p><img loading=\"lazy\" decoding=\"async\" class=\"aligncenter wp-image-11867 size-full\" src=\"https:\/\/www.tele-radio.com\/app\/uploads\/tiger_wwf.jpg\" alt=\"\u00e9tica Tele Radio\" width=\"1200\" height=\"555\" srcset=\"https:\/\/www.tele-radio.com\/app\/uploads\/tiger_wwf.jpg 1200w, https:\/\/www.tele-radio.com\/app\/uploads\/tiger_wwf-400x185.jpg 400w, https:\/\/www.tele-radio.com\/app\/uploads\/tiger_wwf-768x355.jpg 768w, https:\/\/www.tele-radio.com\/app\/uploads\/tiger_wwf-750x347.jpg 750w, https:\/\/www.tele-radio.com\/app\/uploads\/tiger_wwf-500x231.jpg 500w, https:\/\/www.tele-radio.com\/app\/uploads\/tiger_wwf-800x370.jpg 800w\" sizes=\"auto, (max-width: 1200px) 100vw, 1200px\" \/><\/p>\n","protected":false},"excerpt":{"rendered":"<p>\u00c9tica en Tele Radio Tele Radio hace cumplir los est\u00e1ndares sociales y medioambientales Como principio de \u00e9tica en Tele Radio creemos en la protecci\u00f3n del medio ambiente, lo hacemos alentando la reducci\u00f3n, reutilizaci\u00f3n y el reciclaje del material de desecho. Tambi\u00e9n de nuestros socios proveedores, en la medida de lo posible y adecuado al modelo [&hellip;]<\/p>\n","protected":false},"author":29,"featured_media":9707,"parent":0,"menu_order":0,"comment_status":"closed","ping_status":"closed","template":"","meta":{"_acf_changed":false,"footnotes":""},"class_list":["post-6392","page","type-page","status-publish","has-post-thumbnail","hentry"],"acf":[],"_links":{"self":[{"href":"https:\/\/www.tele-radio.com\/es\/wp-json\/wp\/v2\/pages\/6392","targetHints":{"allow":["GET"]}}],"collection":[{"href":"https:\/\/www.tele-radio.com\/es\/wp-json\/wp\/v2\/pages"}],"about":[{"href":"https:\/\/www.tele-radio.com\/es\/wp-json\/wp\/v2\/types\/page"}],"author":[{"embeddable":true,"href":"https:\/\/www.tele-radio.com\/es\/wp-json\/wp\/v2\/users\/29"}],"replies":[{"embeddable":true,"href":"https:\/\/www.tele-radio.com\/es\/wp-json\/wp\/v2\/comments?post=6392"}],"version-history":[{"count":8,"href":"https:\/\/www.tele-radio.com\/es\/wp-json\/wp\/v2\/pages\/6392\/revisions"}],"predecessor-version":[{"id":99129,"href":"https:\/\/www.tele-radio.com\/es\/wp-json\/wp\/v2\/pages\/6392\/revisions\/99129"}],"wp:featuredmedia":[{"embeddable":true,"href":"https:\/\/www.tele-radio.com\/es\/wp-json\/wp\/v2\/media\/9707"}],"wp:attachment":[{"href":"https:\/\/www.tele-radio.com\/es\/wp-json\/wp\/v2\/media?parent=6392"}],"curies":[{"name":"wp","href":"https:\/\/api.w.org\/{rel}","templated":true}]}}