{"id":6354,"date":"2018-05-10T13:36:49","date_gmt":"2018-05-10T13:36:49","guid":{"rendered":"https:\/\/www.tele-radio.com\/specialized-production\/"},"modified":"2024-03-13T08:11:54","modified_gmt":"2024-03-13T08:11:54","slug":"productos-personalizados","status":"publish","type":"page","link":"https:\/\/www.tele-radio.com\/es\/productos-personalizados\/","title":{"rendered":"Fabricaci\u00f3n a medida de control remoto"},"content":{"rendered":"\n<h1 class=\"wp-block-heading\">Sistemas de control remoto personalizado<\/h1>\n\n\n\n<p>Tele Radio dispone de la gama de controles remotos m\u00e1s amplia del mercado. No obstante, si ninguno de nuestros productos encaja con su aplicaci\u00f3n, <strong>podemos fabricar un control remoto personalizado<\/strong>.<\/p>\n\n\n<div class=\"wp-block-image\">\n<figure class=\"aligncenter\"><img loading=\"lazy\" decoding=\"async\" width=\"1200\" height=\"499\" src=\"https:\/\/www.tele-radio.com\/app\/uploads\/custom_remotes_from_Tele_Radio.jpg\" alt=\"Control remoto personalizado\" class=\"wp-image-6293\" srcset=\"https:\/\/www.tele-radio.com\/app\/uploads\/custom_remotes_from_Tele_Radio.jpg 1200w, https:\/\/www.tele-radio.com\/app\/uploads\/custom_remotes_from_Tele_Radio-400x166.jpg 400w, https:\/\/www.tele-radio.com\/app\/uploads\/custom_remotes_from_Tele_Radio-768x319.jpg 768w, https:\/\/www.tele-radio.com\/app\/uploads\/custom_remotes_from_Tele_Radio-750x312.jpg 750w, https:\/\/www.tele-radio.com\/app\/uploads\/custom_remotes_from_Tele_Radio-500x208.jpg 500w, https:\/\/www.tele-radio.com\/app\/uploads\/custom_remotes_from_Tele_Radio-800x333.jpg 800w\" sizes=\"auto, (max-width: 1200px) 100vw, 1200px\" \/><\/figure><\/div>\n\n\n<p>Realizamos <strong>cientos de proyectos de personalizaci\u00f3n cada a\u00f1o<\/strong>. En Tele Radio creemos que para satisfacer al cliente, a menudo, es necesario adaptar el producto al cliente y no al contrario. Para ello ofrecemos soluciones personalizadas mediante hardware y software.<\/p>\n\n\n\n<p>Tambi\u00e9n ofrecemos <strong>car\u00e1tulas y placas personalizadas<\/strong> para que el dise\u00f1o de los mandos se encuentre acorde a su propia imagen corporativa. Independientemente de lo que necesite, haremos todo lo posible para encontrar una soluci\u00f3n viable.<\/p>\n\n\n\n<h2 class=\"wp-block-heading\">Personalizaciones de software y\/o hardware a medida<\/h2>\n\n\n\n<p>La complejidad de la personalizaci\u00f3n y de los proyectos pueden variar mucho. En la mayor\u00eda de casos, las personalizaciones pueden realizarse simplemente haciendo cambios en el <strong>software<\/strong>. En estos casos, puede utilizarse uno de nuestros controles remotos y re-programar el software de acuerdo a su maquinaria o aplicaci\u00f3n. Normalmente, est\u00e1 <strong>listo en&nbsp;cuesti\u00f3n de d\u00edas<\/strong>.<\/p>\n\n\n\n<p>Tambi\u00e9n ofrecemos soluciones para personalizaciones y proyectos m\u00e1s complejos que adem\u00e1s de un cambio de software, requieran cambios de hardware de los elementos f\u00edsicos (receptores o transmisores).<\/p>\n\n\n\n<h2 class=\"wp-block-heading\">Validaci\u00f3n de los sistemas a medida<\/h2>\n\n\n\n<p>Los proyectos personalizados m\u00e1s complejos suelen contar con algunas rondas de validaci\u00f3n adicionales para garantizar que todo funcione como el cliente espera. Para ello colaboramos estrechamente con el cliente y hacemos pruebas in-situ con la maquinaria para validar un funcionamiento \u00f3ptimo.<\/p>\n\n\n<div class=\"wp-block-image\">\n<figure class=\"aligncenter\"><img loading=\"lazy\" decoding=\"async\" width=\"1200\" height=\"495\" src=\"https:\/\/www.tele-radio.com\/app\/uploads\/customer-foil.jpg\" alt=\"Control remoto a medida\" class=\"wp-image-6294\" srcset=\"https:\/\/www.tele-radio.com\/app\/uploads\/customer-foil.jpg 1200w, https:\/\/www.tele-radio.com\/app\/uploads\/customer-foil-400x165.jpg 400w, https:\/\/www.tele-radio.com\/app\/uploads\/customer-foil-768x317.jpg 768w, https:\/\/www.tele-radio.com\/app\/uploads\/customer-foil-750x309.jpg 750w, https:\/\/www.tele-radio.com\/app\/uploads\/customer-foil-500x206.jpg 500w, https:\/\/www.tele-radio.com\/app\/uploads\/customer-foil-800x330.jpg 800w\" sizes=\"auto, (max-width: 1200px) 100vw, 1200px\" \/><\/figure><\/div>\n\n\n<h2 class=\"wp-block-heading\">Personalizaci\u00f3n de transmisores TEQ<\/h2>\n\n\n\n<p>Cons\u00faltenos sobre las opciones de <a href=\"https:\/\/www.tele-radio.com\/es\/custom-line-solutions\/\">personalizaci\u00f3n de los transmisores TEQ<\/a> y descubra la enorme flexibilidad y la cantidad de variaciones que pueden hacerse, hasta conseguir adaptar el sistema a la mayor\u00eda de aplicaciones. Puede elegir la cantidad de botones, joysticks, paletas y potenci\u00f3metros que necesite para su maquinaria, adem\u00e1s de personalizar el tama\u00f1o y los datos mostrados en la pantalla.<\/p>\n\n\n\n<div class=\"wp-block-columns are-vertically-aligned-center is-layout-flex wp-container-core-columns-is-layout-9d6595d7 wp-block-columns-is-layout-flex\">\n<div class=\"wp-block-column is-vertically-aligned-center is-layout-flow wp-block-column-is-layout-flow\"><div class=\"wp-block-image\">\n<figure class=\"aligncenter\"><img loading=\"lazy\" decoding=\"async\" width=\"400\" height=\"264\" src=\"https:\/\/www.tele-radio.com\/app\/uploads\/\/image004-400x264.jpg\" alt=\"Feedback en pantalla control remoto personalizado\" class=\"wp-image-21939\" srcset=\"https:\/\/www.tele-radio.com\/app\/uploads\/image004-400x264.jpg 400w, https:\/\/www.tele-radio.com\/app\/uploads\/image004.jpg 750w, https:\/\/www.tele-radio.com\/app\/uploads\/image004-500x330.jpg 500w\" sizes=\"auto, (max-width: 400px) 100vw, 400px\" \/><\/figure><\/div><\/div>\n\n\n\n<div class=\"wp-block-column is-vertically-aligned-center is-layout-flow wp-block-column-is-layout-flow\"><div class=\"wp-block-image\">\n<figure class=\"aligncenter is-resized\"><img loading=\"lazy\" decoding=\"async\" src=\"https:\/\/www.tele-radio.com\/app\/uploads\/\/image003-400x267.jpg\" alt=\"Telemando de pupitre hecho a medida\" class=\"wp-image-21921\" width=\"400\" height=\"267\" srcset=\"https:\/\/www.tele-radio.com\/app\/uploads\/image003-400x267.jpg 400w, https:\/\/www.tele-radio.com\/app\/uploads\/image003.jpg 750w, https:\/\/www.tele-radio.com\/app\/uploads\/image003-500x334.jpg 500w\" sizes=\"auto, (max-width: 400px) 100vw, 400px\" \/><\/figure><\/div>\n\n\n<p><\/p>\n<\/div>\n<\/div>\n\n\n\n<h2 class=\"wp-block-heading\" id=\"setadeparo\">Personalizaci\u00f3n de la seta de paro<\/h2>\n\n\n\n<div class=\"wp-block-columns is-layout-flex wp-container-core-columns-is-layout-9d6595d7 wp-block-columns-is-layout-flex\">\n<div class=\"wp-block-column is-layout-flow wp-block-column-is-layout-flow\"><div class=\"wp-block-image\">\n<figure class=\"alignright size-large is-resized\"><img loading=\"lazy\" decoding=\"async\" src=\"https:\/\/www.tele-radio.com\/app\/uploads\/\/PN-T19-2_red-600x1200.png\" alt=\"\" class=\"wp-image-212203\" width=\"150\" height=\"300\" srcset=\"https:\/\/www.tele-radio.com\/app\/uploads\/PN-T19-2_red-600x1200.png 600w, https:\/\/www.tele-radio.com\/app\/uploads\/PN-T19-2_red-200x400.png 200w, https:\/\/www.tele-radio.com\/app\/uploads\/PN-T19-2_red-768x1536.png 768w, https:\/\/www.tele-radio.com\/app\/uploads\/PN-T19-2_red-375x750.png 375w, https:\/\/www.tele-radio.com\/app\/uploads\/PN-T19-2_red-250x500.png 250w, https:\/\/www.tele-radio.com\/app\/uploads\/PN-T19-2_red-800x1600.png 800w, https:\/\/www.tele-radio.com\/app\/uploads\/PN-T19-2_red-400x800.png 400w, https:\/\/www.tele-radio.com\/app\/uploads\/PN-T19-2_red.png 850w\" sizes=\"auto, (max-width: 150px) 100vw, 150px\" \/><\/figure><\/div><\/div>\n\n\n\n<div class=\"wp-block-column is-layout-flow wp-block-column-is-layout-flow\"><div class=\"wp-block-image\">\n<figure class=\"aligncenter size-large is-resized\"><img loading=\"lazy\" decoding=\"async\" src=\"https:\/\/www.tele-radio.com\/app\/uploads\/\/PN-T19-2_black-600x1200.png\" alt=\"\" class=\"wp-image-212230\" width=\"150\" height=\"300\" srcset=\"https:\/\/www.tele-radio.com\/app\/uploads\/PN-T19-2_black-600x1200.png 600w, https:\/\/www.tele-radio.com\/app\/uploads\/PN-T19-2_black-200x400.png 200w, https:\/\/www.tele-radio.com\/app\/uploads\/PN-T19-2_black-768x1536.png 768w, https:\/\/www.tele-radio.com\/app\/uploads\/PN-T19-2_black-375x750.png 375w, https:\/\/www.tele-radio.com\/app\/uploads\/PN-T19-2_black-250x500.png 250w, https:\/\/www.tele-radio.com\/app\/uploads\/PN-T19-2_black-800x1600.png 800w, https:\/\/www.tele-radio.com\/app\/uploads\/PN-T19-2_black-400x800.png 400w, https:\/\/www.tele-radio.com\/app\/uploads\/PN-T19-2_black.png 850w\" sizes=\"auto, (max-width: 150px) 100vw, 150px\" \/><\/figure><\/div><\/div>\n\n\n\n<div class=\"wp-block-column is-layout-flow wp-block-column-is-layout-flow\"><div class=\"wp-block-image\">\n<figure class=\"alignleft size-large is-resized\"><img loading=\"lazy\" decoding=\"async\" src=\"https:\/\/www.tele-radio.com\/app\/uploads\/\/PN-T19-2_blue-600x1200.png\" alt=\"\" class=\"wp-image-212257\" width=\"150\" height=\"300\" srcset=\"https:\/\/www.tele-radio.com\/app\/uploads\/PN-T19-2_blue-600x1200.png 600w, https:\/\/www.tele-radio.com\/app\/uploads\/PN-T19-2_blue-200x400.png 200w, https:\/\/www.tele-radio.com\/app\/uploads\/PN-T19-2_blue-768x1536.png 768w, https:\/\/www.tele-radio.com\/app\/uploads\/PN-T19-2_blue-375x750.png 375w, https:\/\/www.tele-radio.com\/app\/uploads\/PN-T19-2_blue-250x500.png 250w, https:\/\/www.tele-radio.com\/app\/uploads\/PN-T19-2_blue-800x1600.png 800w, https:\/\/www.tele-radio.com\/app\/uploads\/PN-T19-2_blue-400x800.png 400w, https:\/\/www.tele-radio.com\/app\/uploads\/PN-T19-2_blue.png 850w\" sizes=\"auto, (max-width: 150px) 100vw, 150px\" \/><\/figure><\/div><\/div>\n<\/div>\n\n\n\n<p><br>La flexibilidad en la personalizaci\u00f3n de los controles es un aspecto crucial para adaptarse a las necesidades espec\u00edficas de cada usuario y aplicaci\u00f3n. Tele Radio reconoce esta necesidad, ofreciendo opciones personalizables para la seta de paro o bot\u00f3n de parada de emergencia en sus telemandos industriales. Esta caracter\u00edstica permite a los usuarios configurar el mecanismo de seguridad de acuerdo a sus requisitos operativos, garantizando una respuesta r\u00e1pida y eficaz en situaciones cr\u00edticas. La capacidad de personalizar estos elementos cr\u00edticos de seguridad no solo mejora la ergonom\u00eda y la eficiencia operativa, sino que tambi\u00e9n refuerza el compromiso de Tele Radio con la seguridad y satisfacci\u00f3n del cliente, asegurando que cada telemando se ajuste perfectamente a las expectativas y demandas de seguridad de cada aplicaci\u00f3n.<\/p>\n\n\n\n<h2 class=\"wp-block-heading\">Personalizaci\u00f3n de control de acceso a telemando industrial<\/h2>\n\n\n\n<div class=\"wp-block-columns is-layout-flex wp-container-core-columns-is-layout-9d6595d7 wp-block-columns-is-layout-flex\">\n<div class=\"wp-block-column is-layout-flow wp-block-column-is-layout-flow\"><div class=\"wp-block-image\">\n<figure class=\"alignright size-full is-resized\"><img loading=\"lazy\" decoding=\"async\" src=\"https:\/\/www.tele-radio.com\/app\/uploads\/PN-T19-2-KS-KeySwitch-teleradio.png\" alt=\"Controlar mando inal\u00e1mbrico Tele Radio\" class=\"wp-image-66383\" width=\"217\" height=\"289\" srcset=\"https:\/\/www.tele-radio.com\/app\/uploads\/PN-T19-2-KS-KeySwitch-teleradio.png 433w, https:\/\/www.tele-radio.com\/app\/uploads\/PN-T19-2-KS-KeySwitch-teleradio-300x400.png 300w, https:\/\/www.tele-radio.com\/app\/uploads\/PN-T19-2-KS-KeySwitch-teleradio-375x500.png 375w\" sizes=\"auto, (max-width: 217px) 100vw, 217px\" \/><\/figure><\/div><\/div>\n\n\n\n<div class=\"wp-block-column is-layout-flow wp-block-column-is-layout-flow\">\n<figure class=\"wp-block-image size-full is-resized\"><img loading=\"lazy\" decoding=\"async\" src=\"https:\/\/www.tele-radio.com\/app\/uploads\/teleradio-tiger-bellybox-keyswitch.png\" alt=\"Llave de acceso para controlar control remoto\" class=\"wp-image-66405\" width=\"289\" height=\"217\" srcset=\"https:\/\/www.tele-radio.com\/app\/uploads\/teleradio-tiger-bellybox-keyswitch.png 577w, https:\/\/www.tele-radio.com\/app\/uploads\/teleradio-tiger-bellybox-keyswitch-400x300.png 400w, https:\/\/www.tele-radio.com\/app\/uploads\/teleradio-tiger-bellybox-keyswitch-500x375.png 500w\" sizes=\"auto, (max-width: 289px) 100vw, 289px\" \/><\/figure>\n<\/div>\n<\/div>\n\n\n\n<p>Los mandos Tele Radio permiten la personalizaci\u00f3n del control de acceso al dispositivo. Existen distintas alternativas, las m\u00e1s populares son:<\/p>\n\n\n\n<ul class=\"wp-block-list\">\n<li><strong>Llave de acceso:<\/strong> Disponible para la mayor\u00eda de nuestros mandos robustos. Se usan para prohibir el encendido del mando, desconectando la alimentaci\u00f3n el\u00e9ctrica.<br>Puede utilizarse junto a un software para dar un acceso limitado o parcial a las funciones del mando.<\/li>\n\n\n\n<li><strong>C\u00f3digo PIN:<\/strong> Requieren teclear un c\u00f3digo PIN de 4 d\u00edgitos para activar el transmisor. <br>Usando software se puede dar un acceso limitado o parcial a las funciones del mando, estando todas disponibles \u00fanicamente cuando se introduzca el PIN.<\/li>\n\n\n\n<li><strong>Acceso por proximidad:<\/strong> El acceso por proximidad requiere que el mando se encienda a una determinada distancia del receptor, y que se use dentro de una zona pre-establecida.<br>Si se utiliza fuera, el mando se desconecta. Tambi\u00e9n pueden borrarse autom\u00e1ticamente de la memoria del receptor aquellos que han estado apagados por una cantidad de tiempo.<\/li>\n<\/ul>\n\n\n\n<h2 class=\"wp-block-heading\">Personalizaci\u00f3n de car\u00e1tulas y botones de mandos<\/h2>\n\n\n<div class=\"wp-block-image\">\n<figure class=\"aligncenter\"><img loading=\"lazy\" decoding=\"async\" width=\"600\" height=\"300\" src=\"https:\/\/www.tele-radio.com\/app\/uploads\/foils-personalizados-small.jpg\" alt=\"Telemandos personalizados\" class=\"wp-image-29175\" srcset=\"https:\/\/www.tele-radio.com\/app\/uploads\/foils-personalizados-small.jpg 600w, https:\/\/www.tele-radio.com\/app\/uploads\/foils-personalizados-small-400x200.jpg 400w, https:\/\/www.tele-radio.com\/app\/uploads\/foils-personalizados-small-360x180.jpg 360w, https:\/\/www.tele-radio.com\/app\/uploads\/foils-personalizados-small-500x250.jpg 500w\" sizes=\"auto, (max-width: 600px) 100vw, 600px\" \/><\/figure><\/div>\n\n\n<p>Fabricamos placas de metacrilato y car\u00e1tulas personalizadas para nuestros mandos con los colores corporativos, logo, textos, etc. de su empresa. Los s\u00edmbolos tambi\u00e9n pueden ser dise\u00f1ados a medida para que indiquen las funciones de la forma m\u00e1s clara posible.&nbsp;\u00a1Las posibilidades son enormes!<\/p>\n\n\n\n<p>Puede ver toda la informaci\u00f3n en la p\u00e1gina de <a href=\"https:\/\/www.tele-radio.com\/es\/caratulas-personalizadas\/\">car\u00e1tulas personalizadas<\/a>.<\/p>\n\n\n\n<div style=\"height:60px\" aria-hidden=\"true\" class=\"wp-block-spacer\"><\/div>\n\n\n\n<div class=\"wp-block-buttons is-horizontal is-content-justification-center is-layout-flex wp-container-core-buttons-is-layout-499968f5 wp-block-buttons-is-layout-flex\">\n<div class=\"wp-block-button has-custom-width wp-block-button__width-100 has-custom-font-size has-medium-font-size\"><a class=\"wp-block-button__link has-black-color has-luminous-vivid-amber-background-color has-text-color has-background wp-element-button\" href=\"https:\/\/www.tele-radio.com\/contact-us\/#section_5377\" style=\"border-radius:7px\" target=\"_blank\" rel=\"noreferrer noopener\"><strong>\u00bfQuiere m\u00e1s informaci\u00f3n sobre nuestros mandos?<\/strong><br>Cont\u00e1ctenos haciendo click aqu\u00ed<\/a><\/div>\n<\/div>\n\n\n\n<div style=\"height:60px\" aria-hidden=\"true\" class=\"wp-block-spacer\"><\/div>\n","protected":false},"excerpt":{"rendered":"<p>Sistemas de control remoto personalizado Tele Radio dispone de la gama de controles remotos m\u00e1s amplia del mercado. No obstante, si ninguno de nuestros productos encaja con su aplicaci\u00f3n, podemos fabricar un control remoto personalizado. Realizamos cientos de proyectos de personalizaci\u00f3n cada a\u00f1o. En Tele Radio creemos que para satisfacer al cliente, a menudo, es [&hellip;]<\/p>\n","protected":false},"author":29,"featured_media":11795,"parent":0,"menu_order":0,"comment_status":"closed","ping_status":"closed","template":"","meta":{"_acf_changed":false,"footnotes":""},"class_list":["post-6354","page","type-page","status-publish","has-post-thumbnail","hentry"],"acf":[],"_links":{"self":[{"href":"https:\/\/www.tele-radio.com\/es\/wp-json\/wp\/v2\/pages\/6354","targetHints":{"allow":["GET"]}}],"collection":[{"href":"https:\/\/www.tele-radio.com\/es\/wp-json\/wp\/v2\/pages"}],"about":[{"href":"https:\/\/www.tele-radio.com\/es\/wp-json\/wp\/v2\/types\/page"}],"author":[{"embeddable":true,"href":"https:\/\/www.tele-radio.com\/es\/wp-json\/wp\/v2\/users\/29"}],"replies":[{"embeddable":true,"href":"https:\/\/www.tele-radio.com\/es\/wp-json\/wp\/v2\/comments?post=6354"}],"version-history":[{"count":35,"href":"https:\/\/www.tele-radio.com\/es\/wp-json\/wp\/v2\/pages\/6354\/revisions"}],"predecessor-version":[{"id":212299,"href":"https:\/\/www.tele-radio.com\/es\/wp-json\/wp\/v2\/pages\/6354\/revisions\/212299"}],"wp:featuredmedia":[{"embeddable":true,"href":"https:\/\/www.tele-radio.com\/es\/wp-json\/wp\/v2\/media\/11795"}],"wp:attachment":[{"href":"https:\/\/www.tele-radio.com\/es\/wp-json\/wp\/v2\/media?parent=6354"}],"curies":[{"name":"wp","href":"https:\/\/api.w.org\/{rel}","templated":true}]}}