{"id":6335,"date":"2018-05-10T13:36:29","date_gmt":"2018-05-10T13:36:29","guid":{"rendered":"https:\/\/www.tele-radio.com\/why-remote-control\/"},"modified":"2022-08-05T09:49:33","modified_gmt":"2022-08-05T09:49:33","slug":"por-que-un-control-remoto","status":"publish","type":"page","link":"https:\/\/www.tele-radio.com\/es\/por-que-un-control-remoto\/","title":{"rendered":"Control remoto seguro"},"content":{"rendered":"\n<h1 class=\"wp-block-heading\">\u00bfQu\u00e9 es un control remoto?<\/h1>\n\n\n\n<p>Lo primero que debemos saber es &#8220;qu\u00e9 es un control remoto&#8221;. Un control remoto es un dispositivo (transmisor o telemando) que usamos para realizar una acci\u00f3n a distancia sobre otra m\u00e1quina por distintos motivos como seguridad, accesibilidad o usabilidad. Tradicionalmente se ha conocido como mando a distancia al utilizado de forma dom\u00e9stica en situaciones cotidianas como controlar la televisi\u00f3n o la puerta del garaje. Sin embargo, en un entorno laboral el control remoto se conoce como telemando industrial.<\/p>\n\n\n\n<p>Un telemando industrial controla de forma remota maquinaria que requiere una distancia, en ocasiones por seguridad para el operario o la carga, otras veces la visibilidad requiere alejarse del punto para tener perspectiva, y siempre aumenta la comodidad en la acci\u00f3n. El control remoto se utiliza con numerosas aplicaciones como <a href=\"https:\/\/www.tele-radio.com\/es\/control-remoto-grua-y-elevacion\/\">gr\u00faas y elevaci\u00f3n<\/a>, <a href=\"https:\/\/www.tele-radio.com\/es\/applications\/control-remoto-industria-maquinaria\/\">industria y maquinaria<\/a>, <a href=\"https:\/\/www.tele-radio.com\/es\/applications\/moviles-hidraulicas\/\">aplicaciones hidr\u00e1ulicas y m\u00f3viles<\/a>, <a href=\"https:\/\/www.tele-radio.com\/es\/applications\/puertas-portones-barreras\/\">puertas y barreras<\/a>.<\/p>\n\n\n\n<h2 class=\"wp-block-heading\">\u00bfPara qu\u00e9 sirve el control remoto industrial?<\/h2>\n\n\n\n<h3 class=\"wp-block-heading\">Conveniente pero tambi\u00e9n seguro<\/h3>\n\n\n\n<p>Un control remoto es un sistema enfocado a la ergonom\u00eda y la seguridad para controlar una m\u00e1quina o aplicaci\u00f3n industrial a distancia. Uno de sus beneficios obvios es la flexibilidad que aporta al evitar tener que caminar de un lado a otro para operar la aplicaci\u00f3n. Permite al operario situarse exactamente donde necesita para el correcto funcionamiento de la aplicaci\u00f3n en lugar de las restricciones naturales que implica el uso de un panel de control o un control por cable. Adem\u00e1s, un control remoto seguro, al contrario de un sistema cableado, aporta libertad de movimientos al operario. El cable impide generalmente el correcto funcionamiento y resulta un peligro para la seguridad, por bien un posible tropiezo o por un descuido que podr\u00eda ser fatal. Adem\u00e1s, un puesto fijo o por cable que est\u00e9 expuesto a ambientes agresivos, es susceptible a da\u00f1os y corrosi\u00f3n, por lo que su reparaci\u00f3n en mitad de una jornada laboral puede resultar costosa y lenta, por no mencionar si esto ocurriera fuera del horario de trabajo. Con un mando inal\u00e1mbrico de Tele Radio podr\u00e1 reemplazar sencillamente cualquier transmisor que sufra da\u00f1os desde el lugar de trabajo sin necesidad de acceder al receptor introduciendo un c\u00f3digo.<\/p>\n\n\n\n<div class=\"wp-block-image\"><figure class=\"aligncenter\"><img loading=\"lazy\" decoding=\"async\" width=\"1200\" height=\"515\" src=\"https:\/\/www.tele-radio.com\/app\/uploads\/eot_lifting.jpg\" alt=\"control remoto seguro industrial\" class=\"wp-image-6288\" srcset=\"https:\/\/www.tele-radio.com\/app\/uploads\/eot_lifting.jpg 1200w, https:\/\/www.tele-radio.com\/app\/uploads\/eot_lifting-400x172.jpg 400w, https:\/\/www.tele-radio.com\/app\/uploads\/eot_lifting-768x330.jpg 768w, https:\/\/www.tele-radio.com\/app\/uploads\/eot_lifting-750x322.jpg 750w, https:\/\/www.tele-radio.com\/app\/uploads\/eot_lifting-500x215.jpg 500w, https:\/\/www.tele-radio.com\/app\/uploads\/eot_lifting-800x343.jpg 800w\" sizes=\"auto, (max-width: 1200px) 100vw, 1200px\" \/><\/figure><\/div>\n\n\n\n<h3 class=\"wp-block-heading\">Libertad operativa con un control remoto seguro<\/h3>\n\n\n\n<p>Gracias al control remoto industrial el usuario puede manipular con total libertad cualquier aplicaci\u00f3n industrial a distancia, como por ejemplo gr\u00faas hidr\u00e1ulicas de cami\u00f3n, trituradora m\u00f3vil, bombas de alta presi\u00f3n o aplicaciones de elevaci\u00f3n (puentes gr\u00faa, gr\u00faas torre, auto-montante, etc&#8230;) siempre con la certeza que la seta de paro estar\u00e1 siempre al alcance. El uso del control remoto inal\u00e1mbrico disminuye sustancialmente los riesgos en el lugar de trabajo.<\/p>\n\n\n\n<p>En Tele Radio invertimos en diversas funciones de seguridad. Certificamos nuestros sistemas seg\u00fan los m\u00e1s altos est\u00e1ndares de la industria para asegurarnos de que contin\u00faan funcionando incluso bajo las condiciones m\u00e1s extremas. Los sistemas con los requisitos de seguridad m\u00e1s altos est\u00e1n certificados de acuerdo a la norma&nbsp; ISO 13849-1 CAT3 PLd \/ Ple para la funci\u00f3n de parada. Para estos sistemas, en el receptor hay dos rel\u00e9s de parada que est\u00e1n monitorizados con dos microprocesadores de seguridad independientes, ambos funcionando en paralelo y monitoriz\u00e1ndose entre s\u00ed. Adem\u00e1s, estos rel\u00e9s de parada est\u00e1n normalmente conectados en serie para un mayor control de su m\u00e1quina. Por lo que si tan s\u00f3lo uno de \u00e9stos se abriera, la m\u00e1quina se detendr\u00e1 por su seguridad.<\/p>\n\n\n\n<div class=\"wp-block-image\"><figure class=\"aligncenter\"><img loading=\"lazy\" decoding=\"async\" width=\"1200\" height=\"612\" src=\"https:\/\/www.tele-radio.com\/app\/uploads\/tow.jpg\" alt=\"control remoto para coches gr\u00faa seguro\" class=\"wp-image-6287\" srcset=\"https:\/\/www.tele-radio.com\/app\/uploads\/tow.jpg 1200w, https:\/\/www.tele-radio.com\/app\/uploads\/tow-400x204.jpg 400w, https:\/\/www.tele-radio.com\/app\/uploads\/tow-768x392.jpg 768w, https:\/\/www.tele-radio.com\/app\/uploads\/tow-750x383.jpg 750w, https:\/\/www.tele-radio.com\/app\/uploads\/tow-500x255.jpg 500w, https:\/\/www.tele-radio.com\/app\/uploads\/tow-800x408.jpg 800w\" sizes=\"auto, (max-width: 1200px) 100vw, 1200px\" \/><\/figure><\/div>\n\n\n\n<h2 class=\"wp-block-heading\">\u00bfPor qu\u00e9 el control remoto es realmente m\u00e1s seguro que un control por cable?<\/h2>\n\n\n\n<p>Todas las m\u00e1quinas y sus operaciones se vuelven inseguras en caso de un uso inapropiado. Pero con el uso correcto, un control remoto aporta mayores aspectos positivos que el control por cable tradicional. Adem\u00e1s de las ventajas mencionadas, nuestros sistemas disponen de varias prestaciones de seguridad, como por ejemplo el rango ajustable tipo &#8220;donut&#8221;, con el que se puede configurar un \u00e1rea de trabajo espec\u00edfica para el transmisor en el que pueda funcionar la operaci\u00f3n. Por ejemplo, evitando las inmediaciones cercanas a la m\u00e1quina donde sea peligroso y tambi\u00e9n las zonas demasiado lejanas donde el usuario no tiene suficiente visibilidad. Con una soluci\u00f3n cableada, tal funcionalidad es dif\u00edcil o imposible de realizar.<\/p>\n\n\n\n<div class=\"wp-block-image\"><figure class=\"aligncenter\"><img loading=\"lazy\" decoding=\"async\" width=\"400\" height=\"400\" src=\"https:\/\/www.tele-radio.com\/app\/uploads\/\/Certified-400x400.jpg\" alt=\"Control remoto seguro\" class=\"wp-image-9689\" srcset=\"https:\/\/www.tele-radio.com\/app\/uploads\/Certified-400x400.jpg 400w, https:\/\/www.tele-radio.com\/app\/uploads\/Certified-150x150.jpg 150w, https:\/\/www.tele-radio.com\/app\/uploads\/Certified-768x768.jpg 768w, https:\/\/www.tele-radio.com\/app\/uploads\/Certified-250x250.jpg 250w, https:\/\/www.tele-radio.com\/app\/uploads\/Certified-750x750.jpg 750w, https:\/\/www.tele-radio.com\/app\/uploads\/Certified-500x500.jpg 500w, https:\/\/www.tele-radio.com\/app\/uploads\/Certified.jpg 800w\" sizes=\"auto, (max-width: 400px) 100vw, 400px\" \/><\/figure><\/div>\n\n\n\n<h2 class=\"wp-block-heading\">Testeo y certificaci\u00f3n independiente<\/h2>\n\n\n\n<p>En el 95% de los casos, los proveedores de m\u00e1quinas y componentes suelen llevar a cabo las inspecciones y declaraciones de seguridad obligatorias por s\u00ed mismos. Pero hasta qu\u00e9 punto el fabricante ha llevado a cabo las pruebas y los an\u00e1lisis de acuerdo con los requisitos, sigue sin estar claro para el usuario final.<\/p>\n\n\n\n<p>Tele Radio es consciente del hecho de que sus transmisores y receptores se utilizan en lugares cr\u00edticos. Para garantizar el m\u00e1s alto nivel de seguridad, los productos son inspeccionados independientemente por un organismo de inspecci\u00f3n reconocido. Los certificados siempre ser\u00e1n accesibles en caso de que lo solicite. \u00a1Como usuario, debe estar 100% seguro de contar con un control remoto seguro en Tele Radio!<\/p>\n","protected":false},"excerpt":{"rendered":"<p>\u00bfQu\u00e9 es un control remoto? Lo primero que debemos saber es &#8220;qu\u00e9 es un control remoto&#8221;. Un control remoto es un dispositivo (transmisor o telemando) que usamos para realizar una acci\u00f3n a distancia sobre otra m\u00e1quina por distintos motivos como seguridad, accesibilidad o usabilidad. Tradicionalmente se ha conocido como mando a distancia al utilizado de [&hellip;]<\/p>\n","protected":false},"author":29,"featured_media":68685,"parent":0,"menu_order":0,"comment_status":"closed","ping_status":"closed","template":"","meta":{"_acf_changed":false,"footnotes":""},"class_list":["post-6335","page","type-page","status-publish","has-post-thumbnail","hentry"],"acf":[],"_links":{"self":[{"href":"https:\/\/www.tele-radio.com\/es\/wp-json\/wp\/v2\/pages\/6335","targetHints":{"allow":["GET"]}}],"collection":[{"href":"https:\/\/www.tele-radio.com\/es\/wp-json\/wp\/v2\/pages"}],"about":[{"href":"https:\/\/www.tele-radio.com\/es\/wp-json\/wp\/v2\/types\/page"}],"author":[{"embeddable":true,"href":"https:\/\/www.tele-radio.com\/es\/wp-json\/wp\/v2\/users\/29"}],"replies":[{"embeddable":true,"href":"https:\/\/www.tele-radio.com\/es\/wp-json\/wp\/v2\/comments?post=6335"}],"version-history":[{"count":16,"href":"https:\/\/www.tele-radio.com\/es\/wp-json\/wp\/v2\/pages\/6335\/revisions"}],"predecessor-version":[{"id":111661,"href":"https:\/\/www.tele-radio.com\/es\/wp-json\/wp\/v2\/pages\/6335\/revisions\/111661"}],"wp:featuredmedia":[{"embeddable":true,"href":"https:\/\/www.tele-radio.com\/es\/wp-json\/wp\/v2\/media\/68685"}],"wp:attachment":[{"href":"https:\/\/www.tele-radio.com\/es\/wp-json\/wp\/v2\/media?parent=6335"}],"curies":[{"name":"wp","href":"https:\/\/api.w.org\/{rel}","templated":true}]}}