{"id":62253,"date":"2021-03-16T12:59:20","date_gmt":"2021-03-16T12:59:20","guid":{"rendered":"https:\/\/www.tele-radio.com\/?page_id=62253"},"modified":"2022-06-02T10:18:20","modified_gmt":"2022-06-02T10:18:20","slug":"controles-remotos-460","status":"publish","type":"page","link":"https:\/\/www.tele-radio.com\/es\/productos-retirados\/controles-remotos-460\/","title":{"rendered":"Controles Remotos 460"},"content":{"rendered":"\n<h1 class=\"wp-block-heading\">Control Remoto Tele Radio 460 &#8211; Producto Retirado<\/h1>\n\n\n\n<div class=\"wp-block-columns is-layout-flex wp-container-core-columns-is-layout-9d6595d7 wp-block-columns-is-layout-flex\">\n<div class=\"wp-block-column is-layout-flow wp-block-column-is-layout-flow\" style=\"flex-basis:33.33%\">\n<div class=\"wp-block-image\"><figure class=\"aligncenter size-large\"><img loading=\"lazy\" decoding=\"async\" width=\"339\" height=\"339\" src=\"https:\/\/www.tele-radio.com\/app\/uploads\/460-system-retired-tele-radio.jpg\" alt=\"Control Remoto Tele Radio 460\" class=\"wp-image-11546\" srcset=\"https:\/\/www.tele-radio.com\/app\/uploads\/460-system-retired-tele-radio.jpg 339w, https:\/\/www.tele-radio.com\/app\/uploads\/460-system-retired-tele-radio-150x150.jpg 150w, https:\/\/www.tele-radio.com\/app\/uploads\/460-system-retired-tele-radio-250x250.jpg 250w\" sizes=\"auto, (max-width: 339px) 100vw, 339px\" \/><\/figure><\/div>\n<\/div>\n\n\n\n<div class=\"wp-block-column is-layout-flow wp-block-column-is-layout-flow\" style=\"flex-basis:66.66%\">\n<p>El sistema 460 fue <strong>lanzado a principios de 1990<\/strong> y consist\u00eda en numerosos transmisores y receptores desde el peque\u00f1o transmisor de un bot\u00f3n hasta el m\u00e1s grande y robusto de 8 botones. El sistema ofrec\u00eda diversos receptores desde 1 rel\u00e9 hasta 8 rel\u00e9s. Los productos 460 comunicaban en el rango de frecuencia 433MHz.<\/p>\n\n\n\n<h2 class=\"wp-block-heading\">Reemplazo<\/h2>\n\n\n\n<p>El sistema 460 fue <strong>retirado en 2006<\/strong> y fue <strong>reemplazado por el sistema T60<\/strong> que era digital a diferencia del percusor que era anal\u00f3gico. El T60 ofrec\u00eda m\u00e1s caracter\u00edsticas mejoradas y la posibilidad de m\u00e1s c\u00f3digos.<\/p>\n\n\n\n<div class=\"wp-block-buttons is-layout-flex wp-block-buttons-is-layout-flex\">\n<div class=\"wp-block-button\"><a class=\"wp-block-button__link has-background\" href=\"https:\/\/www.tele-radio.com\/es\/products\/t20-t60\/\" style=\"background-color:#feb914\">Ver Sistemas T60<\/a><\/div>\n<\/div>\n\n\n\n<div style=\"height:20px\" aria-hidden=\"true\" class=\"wp-block-spacer\"><\/div>\n<\/div>\n<\/div>\n\n\n\n<p>\u00bfBuscando documentos o hojas t\u00e9cnicas para el 460? Visita la <a href=\"https:\/\/www.tele-radio.com\/es\/soporte\/descargas\/\">secci\u00f3n de descargas<\/a>.<\/p>\n\n\n\n<div style=\"height:30px\" aria-hidden=\"true\" class=\"wp-block-spacer\"><\/div>\n","protected":false},"excerpt":{"rendered":"<p>Control Remoto Tele Radio 460 &#8211; Producto Retirado El sistema 460 fue lanzado a principios de 1990 y consist\u00eda en numerosos transmisores y receptores desde el peque\u00f1o transmisor de un bot\u00f3n hasta el m\u00e1s grande y robusto de 8 botones. El sistema ofrec\u00eda diversos receptores desde 1 rel\u00e9 hasta 8 rel\u00e9s. Los productos 460 comunicaban [&hellip;]<\/p>\n","protected":false},"author":54,"featured_media":0,"parent":6615,"menu_order":0,"comment_status":"closed","ping_status":"closed","template":"","meta":{"_acf_changed":false,"footnotes":""},"class_list":["post-62253","page","type-page","status-publish","hentry"],"acf":[],"_links":{"self":[{"href":"https:\/\/www.tele-radio.com\/es\/wp-json\/wp\/v2\/pages\/62253","targetHints":{"allow":["GET"]}}],"collection":[{"href":"https:\/\/www.tele-radio.com\/es\/wp-json\/wp\/v2\/pages"}],"about":[{"href":"https:\/\/www.tele-radio.com\/es\/wp-json\/wp\/v2\/types\/page"}],"author":[{"embeddable":true,"href":"https:\/\/www.tele-radio.com\/es\/wp-json\/wp\/v2\/users\/54"}],"replies":[{"embeddable":true,"href":"https:\/\/www.tele-radio.com\/es\/wp-json\/wp\/v2\/comments?post=62253"}],"version-history":[{"count":10,"href":"https:\/\/www.tele-radio.com\/es\/wp-json\/wp\/v2\/pages\/62253\/revisions"}],"predecessor-version":[{"id":104013,"href":"https:\/\/www.tele-radio.com\/es\/wp-json\/wp\/v2\/pages\/62253\/revisions\/104013"}],"up":[{"embeddable":true,"href":"https:\/\/www.tele-radio.com\/es\/wp-json\/wp\/v2\/pages\/6615"}],"wp:attachment":[{"href":"https:\/\/www.tele-radio.com\/es\/wp-json\/wp\/v2\/media?parent=62253"}],"curies":[{"name":"wp","href":"https:\/\/api.w.org\/{rel}","templated":true}]}}