{"id":62239,"date":"2021-03-16T12:48:42","date_gmt":"2021-03-16T12:48:42","guid":{"rendered":"https:\/\/www.tele-radio.com\/?page_id=62239"},"modified":"2022-06-02T10:17:57","modified_gmt":"2022-06-02T10:17:57","slug":"control-remoto-860-lion","status":"publish","type":"page","link":"https:\/\/www.tele-radio.com\/es\/productos-retirados\/control-remoto-860-lion\/","title":{"rendered":"Control Remoto 860 Lion &#8211; Producto Retirado"},"content":{"rendered":"\n<h1 class=\"wp-block-heading\">Control Remoto Tele Radio 860 Lion &#8211; Producto retirado<\/h1>\n\n\n\n<div class=\"wp-block-columns is-layout-flex wp-container-core-columns-is-layout-9d6595d7 wp-block-columns-is-layout-flex\">\n<div class=\"wp-block-column is-layout-flow wp-block-column-is-layout-flow\" style=\"flex-basis:40%\">\n<div class=\"wp-block-image\"><figure class=\"aligncenter size-medium\"><img loading=\"lazy\" decoding=\"async\" width=\"400\" height=\"252\" src=\"https:\/\/www.tele-radio.com\/app\/uploads\/\/860-lion-retired-system-tele-radio-1-400x252.jpg\" alt=\"Control remoto 860 Lion\" class=\"wp-image-11600\" srcset=\"https:\/\/www.tele-radio.com\/app\/uploads\/860-lion-retired-system-tele-radio-1-400x252.jpg 400w, https:\/\/www.tele-radio.com\/app\/uploads\/860-lion-retired-system-tele-radio-1-500x315.jpg 500w, https:\/\/www.tele-radio.com\/app\/uploads\/860-lion-retired-system-tele-radio-1.jpg 626w\" sizes=\"auto, (max-width: 400px) 100vw, 400px\" \/><\/figure><\/div>\n<\/div>\n\n\n\n<div class=\"wp-block-column is-layout-flow wp-block-column-is-layout-flow\" style=\"flex-basis:60%\">\n<p>El Lion 860 fue introducido en 2003 para ofrecer al mercado un&nbsp;avance tecnol\u00f3gico de los sistemas de control que tambi\u00e9n influyan est\u00e1ndares de seguridad emergentes de su tiempo. Inicialmente el sistema fue ofertado con un transmisor manual de 10 a 12 botones y receptores con un rango de 10 a 24 rel\u00e9s. M\u00e1s tarde los transmisores de joystick tambi\u00e9n fueron incluidos.<\/p>\n\n\n\n<p>Desde el princpio, el Lion 860 demostr\u00f3 una gran robustez y seguridad. Dispon\u00eda de una funci\u00f3n de parada aprobada de acuerdo a la categor\u00eda 3 y PLd. Los rel\u00e9s dedicados a seguridad monitoreaban la funci\u00f3n de parada siguiendo los est\u00e1ndares.<\/p>\n\n\n\n<p>Con 860 Lion dispon\u00edas de numerosas opciones y funciones incorporadas como est\u00e1ndar. Pod\u00edas controlar dos receptores, independientemente o al un\u00edsono, llamada funci\u00f3n t\u00e1ndem. El sistema pod\u00eda transmitir hasta en 69 canales de frecuencia distintos en el rango de 433-434 MhZ.<\/p>\n<\/div>\n<\/div>\n\n\n\n<h2 class=\"wp-block-heading\">Reemplazo<\/h2>\n\n\n\n<p>El sistema fue finalmente <strong>retirado a favor del sistema Panther y Tiger G2.<\/strong><\/p>\n\n\n\n<div class=\"wp-block-buttons is-layout-flex wp-block-buttons-is-layout-flex\">\n<div class=\"wp-block-button\"><a class=\"wp-block-button__link has-background\" href=\"https:\/\/www.tele-radio.com\/es\/control-remoto-grua-y-elevacion\/\" style=\"background-color:#feb914\">Ver sistemas Panther<\/a><\/div>\n<\/div>\n\n\n\n<div style=\"height:20px\" aria-hidden=\"true\" class=\"wp-block-spacer\"><\/div>\n\n\n\n<p>\u00bfBuscando documentos para sistemas 860 Lion? Visita la <a href=\"https:\/\/www.tele-radio.com\/es\/soporte\/descargas\/\">secci\u00f3n de descargas<\/a>.<\/p>\n\n\n\n<div style=\"height:20px\" aria-hidden=\"true\" class=\"wp-block-spacer\"><\/div>\n","protected":false},"excerpt":{"rendered":"<p>Control Remoto Tele Radio 860 Lion &#8211; Producto retirado El Lion 860 fue introducido en 2003 para ofrecer al mercado un&nbsp;avance tecnol\u00f3gico de los sistemas de control que tambi\u00e9n influyan est\u00e1ndares de seguridad emergentes de su tiempo. Inicialmente el sistema fue ofertado con un transmisor manual de 10 a 12 botones y receptores con un [&hellip;]<\/p>\n","protected":false},"author":54,"featured_media":0,"parent":6615,"menu_order":0,"comment_status":"closed","ping_status":"closed","template":"","meta":{"_acf_changed":false,"footnotes":""},"class_list":["post-62239","page","type-page","status-publish","hentry"],"acf":[],"_links":{"self":[{"href":"https:\/\/www.tele-radio.com\/es\/wp-json\/wp\/v2\/pages\/62239","targetHints":{"allow":["GET"]}}],"collection":[{"href":"https:\/\/www.tele-radio.com\/es\/wp-json\/wp\/v2\/pages"}],"about":[{"href":"https:\/\/www.tele-radio.com\/es\/wp-json\/wp\/v2\/types\/page"}],"author":[{"embeddable":true,"href":"https:\/\/www.tele-radio.com\/es\/wp-json\/wp\/v2\/users\/54"}],"replies":[{"embeddable":true,"href":"https:\/\/www.tele-radio.com\/es\/wp-json\/wp\/v2\/comments?post=62239"}],"version-history":[{"count":16,"href":"https:\/\/www.tele-radio.com\/es\/wp-json\/wp\/v2\/pages\/62239\/revisions"}],"predecessor-version":[{"id":104012,"href":"https:\/\/www.tele-radio.com\/es\/wp-json\/wp\/v2\/pages\/62239\/revisions\/104012"}],"up":[{"embeddable":true,"href":"https:\/\/www.tele-radio.com\/es\/wp-json\/wp\/v2\/pages\/6615"}],"wp:attachment":[{"href":"https:\/\/www.tele-radio.com\/es\/wp-json\/wp\/v2\/media?parent=62239"}],"curies":[{"name":"wp","href":"https:\/\/api.w.org\/{rel}","templated":true}]}}