{"id":62230,"date":"2021-03-16T12:13:07","date_gmt":"2021-03-16T12:13:07","guid":{"rendered":"https:\/\/www.tele-radio.com\/?page_id=62230"},"modified":"2022-04-25T11:59:18","modified_gmt":"2022-04-25T11:59:18","slug":"tiger-g1","status":"publish","type":"page","link":"https:\/\/www.tele-radio.com\/es\/productos-retirados\/tiger-g1\/","title":{"rendered":"Control remoto Tiger Generaci\u00f3n 1"},"content":{"rendered":"\n<h2 class=\"wp-block-heading\">Control remoto Tele Radio Tiger G1 &#8211; Producto Retirado<\/h2>\n\n\n\n<div class=\"wp-block-columns is-layout-flex wp-container-core-columns-is-layout-9d6595d7 wp-block-columns-is-layout-flex\">\n<div class=\"wp-block-column is-layout-flow wp-block-column-is-layout-flow\" style=\"flex-basis:40%\">\n<div class=\"wp-block-image\"><figure class=\"aligncenter size-full\"><img loading=\"lazy\" decoding=\"async\" width=\"536\" height=\"329\" src=\"https:\/\/www.tele-radio.com\/app\/uploads\/tiger-retired-system-tele-radio-1-1.jpg\" alt=\"Control remoto Tiger G1\" class=\"wp-image-48555\" srcset=\"https:\/\/www.tele-radio.com\/app\/uploads\/tiger-retired-system-tele-radio-1-1.jpg 536w, https:\/\/www.tele-radio.com\/app\/uploads\/tiger-retired-system-tele-radio-1-1-400x246.jpg 400w, https:\/\/www.tele-radio.com\/app\/uploads\/tiger-retired-system-tele-radio-1-1-500x307.jpg 500w\" sizes=\"auto, (max-width: 536px) 100vw, 536px\" \/><\/figure><\/div>\n\n\n\n<p><\/p>\n<\/div>\n\n\n\n<div class=\"wp-block-column is-vertically-aligned-center is-layout-flow wp-block-column-is-layout-flow\" style=\"flex-basis:60%\">\n<p>El sistema Tiger generaci\u00f3n 1 fue introducido en 2010 para cubrir la demanda de la alta seguridad en sistemas de radio control. La directiva de maquinaria de la UE introdujo nuevos y estrictos requisitos para las m\u00e1quinas y sus sistemas de control.<\/p>\n\n\n\n<p>El sistema Tiger dispon\u00eda de transmisores similares a su predecesor, 860 Lion, dos transmisores de mano y un joystick (pupitre) con diferentes configuraciones. Por primera vez, se brind\u00f3 la opci\u00f3n de pantalla incluida para recepci\u00f3n de datos. Las pantallas pueden mostrar informaci\u00f3n sobre el peso, el estado de la bater\u00eda, la frecuencia u otros mensajes relevantes de la m\u00e1quina.<\/p>\n\n\n\n<p>El sistema Tiger tiene una clasificaci\u00f3n SIL3 lo que significa que se adhiere a un est\u00e1ndar de seguridad muy elevado.<\/p>\n\n\n\n<h2 class=\"wp-block-heading\">Reemplazo<\/h2>\n\n\n\n<p>El sistema Tiger ha evolucionado continuamente hasta tal punto que hab\u00eda una enorme diferencia entre los productos iniciales y las \u00faltimas versiones, por ello se cre\u00f3 una segunda generaci\u00f3n de Tiger. Esta segunda generaci\u00f3n del sistema Tiger incluye transmisores de la generaci\u00f3n 1, pero la generaci\u00f3n 2 de transmisores tiene muchas mejoras y m\u00e1s ventajas en personalizaci\u00f3n.<\/p>\n\n\n\n<div class=\"wp-block-buttons is-layout-flex wp-block-buttons-is-layout-flex\">\n<div class=\"wp-block-button\"><a class=\"wp-block-button__link has-background\" href=\"https:\/\/www.tele-radio.com\/es\/products\/tiger-g2\/\" style=\"background-color:#feb914\">Ver nuevos sistemas Tiger G2<\/a><\/div>\n<\/div>\n\n\n\n<div style=\"height:20px\" aria-hidden=\"true\" class=\"wp-block-spacer\"><\/div>\n<\/div>\n<\/div>\n\n\n\n<p>\u00bfBuscando documentos del Tiger G1? Visita nuestra <a href=\"https:\/\/www.tele-radio.com\/es\/soporte\/descargas\/\">secci\u00f3n de descargas<\/a>.<\/p>\n\n\n\n<div style=\"height:20px\" aria-hidden=\"true\" class=\"wp-block-spacer\"><\/div>\n","protected":false},"excerpt":{"rendered":"<p>Control remoto Tele Radio Tiger G1 &#8211; Producto Retirado El sistema Tiger generaci\u00f3n 1 fue introducido en 2010 para cubrir la demanda de la alta seguridad en sistemas de radio control. La directiva de maquinaria de la UE introdujo nuevos y estrictos requisitos para las m\u00e1quinas y sus sistemas de control. El sistema Tiger dispon\u00eda [&hellip;]<\/p>\n","protected":false},"author":54,"featured_media":0,"parent":6615,"menu_order":0,"comment_status":"closed","ping_status":"closed","template":"","meta":{"_acf_changed":false,"footnotes":""},"class_list":["post-62230","page","type-page","status-publish","hentry"],"acf":[],"_links":{"self":[{"href":"https:\/\/www.tele-radio.com\/es\/wp-json\/wp\/v2\/pages\/62230","targetHints":{"allow":["GET"]}}],"collection":[{"href":"https:\/\/www.tele-radio.com\/es\/wp-json\/wp\/v2\/pages"}],"about":[{"href":"https:\/\/www.tele-radio.com\/es\/wp-json\/wp\/v2\/types\/page"}],"author":[{"embeddable":true,"href":"https:\/\/www.tele-radio.com\/es\/wp-json\/wp\/v2\/users\/54"}],"replies":[{"embeddable":true,"href":"https:\/\/www.tele-radio.com\/es\/wp-json\/wp\/v2\/comments?post=62230"}],"version-history":[{"count":9,"href":"https:\/\/www.tele-radio.com\/es\/wp-json\/wp\/v2\/pages\/62230\/revisions"}],"predecessor-version":[{"id":100056,"href":"https:\/\/www.tele-radio.com\/es\/wp-json\/wp\/v2\/pages\/62230\/revisions\/100056"}],"up":[{"embeddable":true,"href":"https:\/\/www.tele-radio.com\/es\/wp-json\/wp\/v2\/pages\/6615"}],"wp:attachment":[{"href":"https:\/\/www.tele-radio.com\/es\/wp-json\/wp\/v2\/media?parent=62230"}],"curies":[{"name":"wp","href":"https:\/\/api.w.org\/{rel}","templated":true}]}}