{"id":62215,"date":"2021-03-16T11:30:23","date_gmt":"2021-03-16T11:30:23","guid":{"rendered":"https:\/\/www.tele-radio.com\/?page_id=62215"},"modified":"2022-06-02T10:18:35","modified_gmt":"2022-06-02T10:18:35","slug":"t70-jaguar","status":"publish","type":"page","link":"https:\/\/www.tele-radio.com\/es\/productos-retirados\/t70-jaguar\/","title":{"rendered":"Control Remoto T70 Jaguar"},"content":{"rendered":"\n<h1 class=\"wp-block-heading\">Control Remoto Tele Radio T70 Jaguar &#8211; Producto Retirado<\/h1>\n\n\n\n<div class=\"wp-block-columns is-layout-flex wp-container-core-columns-is-layout-9d6595d7 wp-block-columns-is-layout-flex\">\n<div class=\"wp-block-column is-vertically-aligned-top is-layout-flow wp-block-column-is-layout-flow\" style=\"flex-basis:40%\">\n<div class=\"wp-block-image\"><figure class=\"aligncenter size-large\"><img loading=\"lazy\" decoding=\"async\" width=\"685\" height=\"499\" src=\"https:\/\/www.tele-radio.com\/app\/uploads\/T70-Jaguar-tele-radio-retired-product-min.png\" alt=\"Control Remoto T70 Jaguar\" class=\"wp-image-62402\" srcset=\"https:\/\/www.tele-radio.com\/app\/uploads\/T70-Jaguar-tele-radio-retired-product-min.png 685w, https:\/\/www.tele-radio.com\/app\/uploads\/T70-Jaguar-tele-radio-retired-product-min-400x291.png 400w, https:\/\/www.tele-radio.com\/app\/uploads\/T70-Jaguar-tele-radio-retired-product-min-500x364.png 500w\" sizes=\"auto, (max-width: 685px) 100vw, 685px\" \/><\/figure><\/div>\n<\/div>\n\n\n\n<div class=\"wp-block-column is-vertically-aligned-center is-layout-flow wp-block-column-is-layout-flow\" style=\"flex-basis:60%\">\n<p>El sistema jaguar T70 se introdujo en 2007 para abastecer el mercado de los cabrestantes y winches el\u00e9ctricos e hidr\u00e1ulicos. Ten\u00eda un precio competitivo y ofrec\u00eda muchas ventajas sobre su hom\u00f3logo, el T60, como mayor n\u00famero de funciones, radio de banda estrecha y mejor rango de transmisi\u00f3n.<\/p>\n\n\n\n<h2 class=\"wp-block-heading\">Reemplazo<\/h2>\n\n\n\n<p>El jaguar T70 fue <strong>retirado en 2015 a favor del nuevo sistema Panther<\/strong>, que ofrece numerosas mejoras.<\/p>\n\n\n\n<div class=\"wp-block-buttons is-layout-flex wp-block-buttons-is-layout-flex\">\n<div class=\"wp-block-button\"><a class=\"wp-block-button__link has-background\" href=\"https:\/\/www.tele-radio.com\/es\/panther\/\" style=\"background-color:#feb914\">Ver Controles Remoto Panther<\/a><\/div>\n<\/div>\n\n\n\n<div style=\"height:20px\" aria-hidden=\"true\" class=\"wp-block-spacer\"><\/div>\n<\/div>\n<\/div>\n\n\n\n<p>\u00bfBuscas manuales o documentos para el T70 Jaguar? Visita la <a href=\"https:\/\/www.tele-radio.com\/es\/soporte\/descargas\/\">secci\u00f3n de descargas<\/a>.<\/p>\n\n\n\n<div style=\"height:40px\" aria-hidden=\"true\" class=\"wp-block-spacer\"><\/div>\n","protected":false},"excerpt":{"rendered":"<p>Control Remoto Tele Radio T70 Jaguar &#8211; Producto Retirado El sistema jaguar T70 se introdujo en 2007 para abastecer el mercado de los cabrestantes y winches el\u00e9ctricos e hidr\u00e1ulicos. Ten\u00eda un precio competitivo y ofrec\u00eda muchas ventajas sobre su hom\u00f3logo, el T60, como mayor n\u00famero de funciones, radio de banda estrecha y mejor rango de [&hellip;]<\/p>\n","protected":false},"author":54,"featured_media":0,"parent":6615,"menu_order":0,"comment_status":"closed","ping_status":"closed","template":"","meta":{"_acf_changed":false,"footnotes":""},"class_list":["post-62215","page","type-page","status-publish","hentry"],"acf":[],"_links":{"self":[{"href":"https:\/\/www.tele-radio.com\/es\/wp-json\/wp\/v2\/pages\/62215","targetHints":{"allow":["GET"]}}],"collection":[{"href":"https:\/\/www.tele-radio.com\/es\/wp-json\/wp\/v2\/pages"}],"about":[{"href":"https:\/\/www.tele-radio.com\/es\/wp-json\/wp\/v2\/types\/page"}],"author":[{"embeddable":true,"href":"https:\/\/www.tele-radio.com\/es\/wp-json\/wp\/v2\/users\/54"}],"replies":[{"embeddable":true,"href":"https:\/\/www.tele-radio.com\/es\/wp-json\/wp\/v2\/comments?post=62215"}],"version-history":[{"count":16,"href":"https:\/\/www.tele-radio.com\/es\/wp-json\/wp\/v2\/pages\/62215\/revisions"}],"predecessor-version":[{"id":104014,"href":"https:\/\/www.tele-radio.com\/es\/wp-json\/wp\/v2\/pages\/62215\/revisions\/104014"}],"up":[{"embeddable":true,"href":"https:\/\/www.tele-radio.com\/es\/wp-json\/wp\/v2\/pages\/6615"}],"wp:attachment":[{"href":"https:\/\/www.tele-radio.com\/es\/wp-json\/wp\/v2\/media?parent=62215"}],"curies":[{"name":"wp","href":"https:\/\/api.w.org\/{rel}","templated":true}]}}