{"id":60923,"date":"2021-02-18T12:31:49","date_gmt":"2021-02-18T12:31:49","guid":{"rendered":"https:\/\/www.tele-radio.com\/?page_id=60923"},"modified":"2022-07-13T14:37:16","modified_gmt":"2022-07-13T14:37:16","slug":"control-remoto-volquetes","status":"publish","type":"page","link":"https:\/\/www.tele-radio.com\/es\/control-remoto-volquetes\/","title":{"rendered":"Control remoto para Volquetes y Camiones Basculantes"},"content":{"rendered":"\n<div style=\"height:20px\" aria-hidden=\"true\" class=\"wp-block-spacer\"><\/div>\n\n\n\n<h2 class=\"wp-block-heading\">Mando para volquete y camiones basculantes<\/h2>\n\n\n\n<div class=\"wp-block-columns are-vertically-aligned-center is-layout-flex wp-container-core-columns-is-layout-9d6595d7 wp-block-columns-is-layout-flex\">\n<div class=\"wp-block-column is-vertically-aligned-center is-layout-flow wp-block-column-is-layout-flow\">\n<p>El cami\u00f3n volquete, tambi\u00e9n llamado basculante, es un cami\u00f3n utilizado habitualmente para la construcci\u00f3n destinado al transporte de \u00e1ridos u otros materiales. A veces las descargas se deben producir en entornos poco estables, con pendiente, o con peligro de accidentes, por lo que <strong>controlar la carga y descarga mediante un telemando<\/strong> para volquete desde fuera de la cabina es una enorme ventaja. El operario tendr\u00e1 una excelente visibilidad del proceso y puede posicionarse a una distancia segura de la zona de trabajo.<\/p>\n\n\n\n<p>La tolva o volquete que utiliza como contenedor, para su descarga, puede ofrecer movimientos laterales o bien hacia adelante\/atr\u00e1s.<\/p>\n<\/div>\n\n\n\n<div class=\"wp-block-column is-vertically-aligned-center is-layout-flow wp-block-column-is-layout-flow\">\n<figure class=\"wp-block-video\"><video controls muted poster=\"https:\/\/www.tele-radio.com\/app\/uploads\/control-remoto-camion-volquete-personalizado.jpg\" src=\"https:\/\/www.tele-radio.com\/app\/uploads\/Control-remoto-volquetes-camion-basculante-teleradio-min.mp4\"><\/video><\/figure>\n<\/div>\n<\/div>\n\n\n\n<div class=\"wp-block-buttons is-content-justification-center is-layout-flex wp-block-buttons-is-layout-flex\">\n<div class=\"wp-block-button\"><a class=\"wp-block-button__link has-black-color has-text-color has-background\" href=\"#info\" style=\"border-radius:7px;background-color:#fbba00\"><strong>Solicita informaci\u00f3n<\/strong><\/a><\/div>\n<\/div>\n\n\n\n<div style=\"height:40px\" aria-hidden=\"true\" class=\"wp-block-spacer\"><\/div>\n\n\n\n<h2 class=\"has-text-align-center wp-block-heading\">Tipos de control remoto para volquetes, camiones basculantes o similares <\/h2>\n\n\n\n<p class=\"has-text-align-center\">Dependiendo de las funciones que se quieran controlar y del nivel de seguridad que se necesite, ofrecemos tres tipos de sistemas inal\u00e1mbricos para camiones industriales:<\/p>\n\n\n\n<div style=\"height:30px\" aria-hidden=\"true\" class=\"wp-block-spacer\"><\/div>\n\n\n\n<div class=\"wp-block-columns are-vertically-aligned-center has-very-light-gray-background-color has-background is-layout-flex wp-container-core-columns-is-layout-9d6595d7 wp-block-columns-is-layout-flex\">\n<div class=\"wp-block-column is-vertically-aligned-center is-layout-flow wp-block-column-is-layout-flow\">\n<p class=\"has-text-align-center has-medium-font-size\"><strong>Transmisores simples sin seta de paro<\/strong><\/p>\n\n\n\n<div class=\"wp-block-image\"><figure class=\"aligncenter size-large is-resized\"><img loading=\"lazy\" decoding=\"async\" src=\"https:\/\/www.tele-radio.com\/app\/uploads\/control-remoto-volquete-PN-T21-4-diferentes-botones-min.gif\" alt=\"Gif telemando industrial\" class=\"wp-image-64090\" width=\"128\" height=\"201\"\/><\/figure><\/div>\n\n\n\n<div style=\"height:20px\" aria-hidden=\"true\" class=\"wp-block-spacer\"><\/div>\n\n\n\n<p class=\"has-text-align-center\">Es ideal para maniobras b\u00e1sicas de una velocidad, como son por ejemplo, las funciones de: volcado, abrir\/cerrar trampilla, recoger\/extender lona, etc.<\/p>\n\n\n\n<p class=\"has-text-align-center\">El mando <strong><a href=\"https:\/\/www.tele-radio.com\/es\/products\/panther\/transmisor-panther-6-botones-alta-potencia-emision\/\" target=\"_blank\" aria-label=\"undefined (opens in a new tab)\" rel=\"noreferrer noopener\">PN-T21<\/a> <\/strong>est\u00e1 disponible con 3, 4, 6, 8 y 10 botones. Utiliza <strong>pilas alcalinas<\/strong> est\u00e1ndar 2xAAA.<\/p>\n<\/div>\n\n\n\n<div class=\"wp-block-column is-vertically-aligned-center is-layout-flow wp-block-column-is-layout-flow\">\n<p class=\"has-text-align-center has-medium-font-size\"><strong>Transmisores robustos con seta de paro<\/strong><\/p>\n\n\n\n<figure class=\"wp-block-image size-large\"><img loading=\"lazy\" decoding=\"async\" width=\"269\" height=\"250\" src=\"https:\/\/www.tele-radio.com\/app\/uploads\/controles-remotos-robustos-camion-volquete.png\" alt=\"Mandos inal\u00e1mbricos para volquetes y camiones basculantes\" class=\"wp-image-63227\"\/><\/figure>\n\n\n\n<p class=\"has-text-align-center\">Permiten controlar funciones con segunda velocidad, gracias a los botones de doble paso. Aportan mayor seguridad gracias a su seta de paro, adem\u00e1s de resistencia debido a su dise\u00f1o robusto. <\/p>\n\n\n\n<p class=\"has-text-align-center\">Utiliza <strong>bater\u00eda de Litio<\/strong> (duraci\u00f3n de hasta 120 horas de uso continuo en el modelo PN-<a href=\"https:\/\/www.tele-radio.com\/es\/products\/panther\/panther-transmisor-8-botones-2-pasos-pld-cat3\/\" target=\"_blank\" aria-label=\"undefined (opens in a new tab)\" rel=\"noreferrer noopener\"><strong>T19-2<\/strong><\/a>).&nbsp;<\/p>\n<\/div>\n\n\n\n<div class=\"wp-block-column is-vertically-aligned-center is-layout-flow wp-block-column-is-layout-flow\">\n<p class=\"has-text-align-center has-medium-font-size\"><strong>Transmisor avanzado con seta de paro<\/strong><\/p>\n\n\n\n<div class=\"wp-block-image\"><figure class=\"aligncenter size-large\"><img loading=\"lazy\" decoding=\"async\" width=\"500\" height=\"287\" src=\"https:\/\/www.tele-radio.com\/app\/uploads\/puma-volvo-control-remoto-volquete.png\" alt=\"\" class=\"wp-image-61142\" srcset=\"https:\/\/www.tele-radio.com\/app\/uploads\/puma-volvo-control-remoto-volquete.png 500w, https:\/\/www.tele-radio.com\/app\/uploads\/puma-volvo-control-remoto-volquete-400x230.png 400w\" sizes=\"auto, (max-width: 500px) 100vw, 500px\" \/><\/figure><\/div>\n\n\n\n<p class=\"has-text-align-center\">Para un uso m\u00e1s avanzado. Controla las funciones del cami\u00f3n y <strong>permite tambi\u00e9n conducir el cami\u00f3n <\/strong>desde el exterior del veh\u00edculo.<\/p>\n\n\n\n<p class=\"has-text-align-center\">Se integra directamente mediante el BB-CAN en camiones Volvo con variante <strong><a href=\"https:\/\/www.tele-radio.com\/es\/volvo-exster\/\" target=\"_blank\" aria-label=\"undefined (opens in a new tab)\" rel=\"noreferrer noopener\">EXSTER<\/a><\/strong>.<\/p>\n\n\n\n<p class=\"has-text-align-center\">Utiliza <strong>bater\u00eda de Litio<\/strong> recargable.<\/p>\n<\/div>\n<\/div>\n\n\n\n<div style=\"height:50px\" aria-hidden=\"true\" class=\"wp-block-spacer\"><\/div>\n\n\n\n<h2 class=\"has-text-align-center wp-block-heading\">Ventajas principales<\/h2>\n\n\n\n<div style=\"height:35px\" aria-hidden=\"true\" class=\"wp-block-spacer\"><\/div>\n\n\n\n<div class=\"wp-block-columns is-layout-flex wp-container-core-columns-is-layout-9d6595d7 wp-block-columns-is-layout-flex\">\n<div class=\"wp-block-column is-layout-flow wp-block-column-is-layout-flow\">\n<div class=\"wp-block-image\"><figure class=\"aligncenter size-large\"><img loading=\"lazy\" decoding=\"async\" width=\"64\" height=\"64\" src=\"https:\/\/www.tele-radio.com\/app\/uploads\/frequency-1.png\" alt=\"Frecuencia en control remoto\" class=\"wp-image-48886\"\/><\/figure><\/div>\n\n\n\n<p class=\"has-text-align-center\">Frecuencia de 2.4 GHz, 16 canales de<br>frecuencia y libres de interferencias<\/p>\n<\/div>\n\n\n\n<div class=\"wp-block-column is-layout-flow wp-block-column-is-layout-flow\">\n<div class=\"wp-block-image\"><figure class=\"aligncenter size-large is-resized\"><img loading=\"lazy\" decoding=\"async\" src=\"https:\/\/www.tele-radio.com\/app\/uploads\/protected-t19.png\" alt=\"Protecci\u00f3n de los mandos inal\u00e1mbricos\" class=\"wp-image-58048\" width=\"64\" height=\"64\"\/><\/figure><\/div>\n\n\n\n<p class=\"has-text-align-center\">Protecci\u00f3n completa contra polvo y<br>protegidos contra agua (IP65-IP67)<\/p>\n<\/div>\n\n\n\n<div class=\"wp-block-column is-layout-flow wp-block-column-is-layout-flow\">\n<div class=\"wp-block-image\"><figure class=\"aligncenter size-large is-resized\"><img loading=\"lazy\" decoding=\"async\" src=\"https:\/\/www.tele-radio.com\/app\/uploads\/replacement-t19.png\" alt=\"Cambio de control remoto con facilidad\" class=\"wp-image-48906\" width=\"64\" height=\"64\"\/><\/figure><\/div>\n\n\n\n<p class=\"has-text-align-center\"><strong><a href=\"https:\/\/www.tele-radio.com\/es\/reemplazar-mando-facil\/\" target=\"_blank\" aria-label=\"undefined (opens in a new tab)\" rel=\"noreferrer noopener\">Reemplace los mandos<\/a><\/strong> directamente ante<br>p\u00e9rdidas o roturas sin tener que manipular el receptor<\/p>\n<\/div>\n<\/div>\n\n\n\n<div style=\"height:40px\" aria-hidden=\"true\" class=\"wp-block-spacer\"><\/div>\n\n\n\n<div class=\"wp-block-media-text alignwide is-stacked-on-mobile is-vertically-aligned-center has-very-light-gray-background-color has-background\"><figure class=\"wp-block-media-text__media\"><img loading=\"lazy\" decoding=\"async\" width=\"533\" height=\"400\" src=\"https:\/\/www.tele-radio.com\/app\/uploads\/control-remoto-volquete-personalizado-teleradio.jpg\" alt=\"Control remoto para volquetes personalizado\" class=\"wp-image-65000 size-full\" srcset=\"https:\/\/www.tele-radio.com\/app\/uploads\/control-remoto-volquete-personalizado-teleradio.jpg 533w, https:\/\/www.tele-radio.com\/app\/uploads\/control-remoto-volquete-personalizado-teleradio-400x300.jpg 400w, https:\/\/www.tele-radio.com\/app\/uploads\/control-remoto-volquete-personalizado-teleradio-500x375.jpg 500w\" sizes=\"auto, (max-width: 533px) 100vw, 533px\" \/><\/figure><div class=\"wp-block-media-text__content\">\n<p style=\"font-size:32px\"><strong><a href=\"https:\/\/www.tele-radio.com\/es\/caratulas-personalizadas\/\">Apariencia a medida<\/a><\/strong> <strong>para fabricantes<\/strong>.<br>Incluye s\u00edmbolos espec\u00edficos para las funciones de tu control remoto para volquetes y muestra tu logo y colores corporativos en cualquiera de nuestros mandos.<\/p>\n<\/div><\/div>\n\n\n\n<div style=\"height:50px\" aria-hidden=\"true\" class=\"wp-block-spacer\"><\/div>\n\n\n\n<p class=\"has-text-align-left has-large-font-size\" id=\"info\">Contacto<\/p>\n\n\n\n<div class=\"wp-block-columns is-layout-flex wp-container-core-columns-is-layout-9d6595d7 wp-block-columns-is-layout-flex\">\n<div class=\"wp-block-column is-layout-flow wp-block-column-is-layout-flow\" style=\"flex-basis:66.66%\">\n<div class=\"wpcf7 no-js\" id=\"wpcf7-f45404-o1\" lang=\"en-EN\" dir=\"ltr\" data-wpcf7-id=\"45404\">\n<div class=\"screen-reader-response\"><p role=\"status\" aria-live=\"polite\" aria-atomic=\"true\"><\/p> <ul><\/ul><\/div>\n<form action=\"\/es\/wp-json\/wp\/v2\/pages\/60923#wpcf7-f45404-o1\" method=\"post\" class=\"wpcf7-form init\" aria-label=\"Contact form\" novalidate=\"novalidate\" data-status=\"init\">\n<fieldset class=\"hidden-fields-container\"><input type=\"hidden\" name=\"_wpcf7\" value=\"45404\" \/><input type=\"hidden\" name=\"_wpcf7_version\" value=\"6.1\" \/><input type=\"hidden\" name=\"_wpcf7_locale\" value=\"en_EN\" \/><input type=\"hidden\" name=\"_wpcf7_unit_tag\" value=\"wpcf7-f45404-o1\" \/><input type=\"hidden\" name=\"_wpcf7_container_post\" value=\"0\" \/><input type=\"hidden\" name=\"_wpcf7_posted_data_hash\" value=\"\" \/><input type=\"hidden\" name=\"_wpcf7_recaptcha_response\" value=\"\" \/>\n<\/fieldset>\n<p><label> Nombre*<br \/>\n<span class=\"wpcf7-form-control-wrap\" data-name=\"nombre\"><input size=\"40\" maxlength=\"400\" class=\"wpcf7-form-control wpcf7-text wpcf7-validates-as-required\" aria-required=\"true\" aria-invalid=\"false\" placeholder=\"Su nombre\" value=\"\" type=\"text\" name=\"nombre\" \/><\/span> <\/label>\n<\/p>\n<p><label> Email*<br \/>\n<span class=\"wpcf7-form-control-wrap\" data-name=\"tu-email\"><input size=\"40\" maxlength=\"400\" class=\"wpcf7-form-control wpcf7-email wpcf7-validates-as-required wpcf7-text wpcf7-validates-as-email\" aria-required=\"true\" aria-invalid=\"false\" placeholder=\"Su email\" value=\"\" type=\"email\" name=\"tu-email\" \/><\/span> <\/label>\n<\/p>\n<p><label> Tel\u00e9fono<br \/>\n<span class=\"wpcf7-form-control-wrap\" data-name=\"tu-tfno\"><input size=\"40\" maxlength=\"400\" class=\"wpcf7-form-control wpcf7-tel wpcf7-text wpcf7-validates-as-tel\" aria-invalid=\"false\" placeholder=\"Tel\u00e9fono de contacto\" value=\"\" type=\"tel\" name=\"tu-tfno\" \/><\/span> <\/label>\n<\/p>\n<p><label> Provincia*<br \/>\n<span class=\"wpcf7-form-control-wrap\" data-name=\"Provincia\"><select class=\"wpcf7-form-control wpcf7-select\" aria-invalid=\"false\" name=\"Provincia\"><option value=\"\">&#8212;Please choose an option&#8212;<\/option><option value=\"A Coru\u00f1a\">A Coru\u00f1a<\/option><option value=\"\u00c1lava\">\u00c1lava<\/option><option value=\"Albacete\">Albacete<\/option><option value=\"Alicante\">Alicante<\/option><option value=\"Almer\u00eda\">Almer\u00eda<\/option><option value=\"Asturias\">Asturias<\/option><option value=\"\u00c1vila\">\u00c1vila<\/option><option value=\"Badajoz\">Badajoz<\/option><option value=\"Baleares\">Baleares<\/option><option value=\"Barcelona\">Barcelona<\/option><option value=\"Bizkaia\">Bizkaia<\/option><option value=\"Burgos\">Burgos<\/option><option value=\"C\u00e1ceres\">C\u00e1ceres<\/option><option value=\"C\u00e1diz\">C\u00e1diz<\/option><option value=\"Cantabria\">Cantabria<\/option><option value=\"Castell\u00f3n\">Castell\u00f3n<\/option><option value=\"Ceuta\">Ceuta<\/option><option value=\"Ciudad Real\">Ciudad Real<\/option><option value=\"C\u00f3rdoba\">C\u00f3rdoba<\/option><option value=\"Cuenca\">Cuenca<\/option><option value=\"Girona\">Girona<\/option><option value=\"Granada\">Granada<\/option><option value=\"Guadalajara\">Guadalajara<\/option><option value=\"Gipuzkoa\">Gipuzkoa<\/option><option value=\"Huelva\">Huelva<\/option><option value=\"Huesca\">Huesca<\/option><option value=\"Ja\u00e9n\">Ja\u00e9n<\/option><option value=\"La Rioja\">La Rioja<\/option><option value=\"Las Palmas\">Las Palmas<\/option><option value=\"Le\u00f3n\">Le\u00f3n<\/option><option value=\"L\u00e9rida\">L\u00e9rida<\/option><option value=\"Lugo\">Lugo<\/option><option value=\"Madrid\">Madrid<\/option><option value=\"M\u00e1laga\">M\u00e1laga<\/option><option value=\"Melilla\">Melilla<\/option><option value=\"Murcia\">Murcia<\/option><option value=\"Navarra\">Navarra<\/option><option value=\"Ourense\">Ourense<\/option><option value=\"Palencia\">Palencia<\/option><option value=\"Pontevedra\">Pontevedra<\/option><option value=\"Salamanca\">Salamanca<\/option><option value=\"Segovia\">Segovia<\/option><option value=\"Sevilla\">Sevilla<\/option><option value=\"Soria\">Soria<\/option><option value=\"Tarragona\">Tarragona<\/option><option value=\"Santa Cruz de Tenerife\">Santa Cruz de Tenerife<\/option><option value=\"Teruel\">Teruel<\/option><option value=\"Toledo\">Toledo<\/option><option value=\"Valencia\">Valencia<\/option><option value=\"Valladolid\">Valladolid<\/option><option value=\"Zamora\">Zamora<\/option><option value=\"Zaragoza\">Zaragoza<\/option><\/select><\/span> <\/label>\n<\/p>\n<p><label> Tu mensaje*<br \/>\n<span class=\"wpcf7-form-control-wrap\" data-name=\"your-message\"><textarea cols=\"40\" rows=\"10\" maxlength=\"2000\" class=\"wpcf7-form-control wpcf7-textarea wpcf7-validates-as-required\" aria-required=\"true\" aria-invalid=\"false\" placeholder=\"Escriba aqu\u00ed en qu\u00e9 mando, equipo o aplicaci\u00f3n est\u00e1 interesado; o si tiene alguna duda.\" name=\"your-message\"><\/textarea><\/span> <\/label>\n<\/p>\n<p><span class=\"wpcf7-form-control-wrap\" data-name=\"acceptance-322\"><span class=\"wpcf7-form-control wpcf7-acceptance\"><span class=\"wpcf7-list-item\"><label><input type=\"checkbox\" name=\"acceptance-322\" value=\"1\" aria-invalid=\"false\" \/><span class=\"wpcf7-list-item-label\">He le\u00eddo y acepto las <a href=\"https:\/\/www.tele-radio.com\/es\/politica-de-privacidad-y-cookies\/\" target=\"_blank\">condiciones de privacidad<\/a>.*<\/span><\/label><\/span><\/span><\/span>\n<\/p>\n<p><input class=\"wpcf7-form-control wpcf7-submit has-spinner\" type=\"submit\" value=\"Enviar\" \/>\n<\/p><div class=\"wpcf7-response-output\" aria-hidden=\"true\"><\/div>\n<\/form>\n<\/div>\n\r\n\t\t\t\t<script>\r\n\t\t\t\tif ( typeof huOptions !== 'undefined' ) {\r\n\t\t\t\t\tvar huFormData = {\"source\":\"contactform7\",\"id\":45404,\"title\":\"TRESP-comercial\",\"fields\":{\"subject\":{\"first_name\":\"your-name\",\"email\":\"your-email\"},\"preferences\":{\"terms\":\"your-consent\"}}};\r\n\t\t\t\t\tvar huFormNode = document.querySelector( '[id^=\"wpcf7-f45404-\"] form' );\r\n\r\n\t\t\t\t\thuFormData['node'] = huFormNode;\r\n\t\t\t\t\thuOptions['forms'].push( huFormData );\r\n\t\t\t\t}\r\n\t\t\t\t<\/script>\n<\/div>\n\n\n\n<div class=\"wp-block-column is-layout-flow wp-block-column-is-layout-flow\" style=\"flex-basis:33.33%\"><\/div>\n<\/div>\n","protected":false},"excerpt":{"rendered":"<p>Mando para volquete y camiones basculantes El cami\u00f3n volquete, tambi\u00e9n llamado basculante, es un cami\u00f3n utilizado habitualmente para la construcci\u00f3n destinado al transporte de \u00e1ridos u otros materiales. A veces las descargas se deben producir en entornos poco estables, con pendiente, o con peligro de accidentes, por lo que controlar la carga y descarga mediante [&hellip;]<\/p>\n","protected":false},"author":54,"featured_media":0,"parent":0,"menu_order":0,"comment_status":"closed","ping_status":"closed","template":"","meta":{"_acf_changed":false,"footnotes":""},"class_list":["post-60923","page","type-page","status-publish","hentry"],"acf":[],"_links":{"self":[{"href":"https:\/\/www.tele-radio.com\/es\/wp-json\/wp\/v2\/pages\/60923","targetHints":{"allow":["GET"]}}],"collection":[{"href":"https:\/\/www.tele-radio.com\/es\/wp-json\/wp\/v2\/pages"}],"about":[{"href":"https:\/\/www.tele-radio.com\/es\/wp-json\/wp\/v2\/types\/page"}],"author":[{"embeddable":true,"href":"https:\/\/www.tele-radio.com\/es\/wp-json\/wp\/v2\/users\/54"}],"replies":[{"embeddable":true,"href":"https:\/\/www.tele-radio.com\/es\/wp-json\/wp\/v2\/comments?post=60923"}],"version-history":[{"count":115,"href":"https:\/\/www.tele-radio.com\/es\/wp-json\/wp\/v2\/pages\/60923\/revisions"}],"predecessor-version":[{"id":110984,"href":"https:\/\/www.tele-radio.com\/es\/wp-json\/wp\/v2\/pages\/60923\/revisions\/110984"}],"wp:attachment":[{"href":"https:\/\/www.tele-radio.com\/es\/wp-json\/wp\/v2\/media?parent=60923"}],"curies":[{"name":"wp","href":"https:\/\/api.w.org\/{rel}","templated":true}]}}