{"id":58075,"date":"2021-01-18T11:10:43","date_gmt":"2021-01-18T11:10:43","guid":{"rendered":"https:\/\/www.tele-radio.com\/?page_id=58075"},"modified":"2022-06-28T15:37:27","modified_gmt":"2022-06-28T15:37:27","slug":"control-remoto-camion-hormigonera","status":"publish","type":"page","link":"https:\/\/www.tele-radio.com\/es\/control-remoto-camion-hormigonera\/","title":{"rendered":"Control Remoto para Cami\u00f3n Hormigonera"},"content":{"rendered":"\n<div style=\"height:20px\" aria-hidden=\"true\" class=\"wp-block-spacer\"><\/div>\n\n\n\n<div class=\"wp-block-columns is-layout-flex wp-container-core-columns-is-layout-9d6595d7 wp-block-columns-is-layout-flex\">\n<div class=\"wp-block-column is-layout-flow wp-block-column-is-layout-flow\" style=\"flex-basis:60%\">\n<p>El <strong>cami\u00f3n hormigonera<\/strong> es uno de los elementos indispensables para construcci\u00f3n y obra civil. Transporta el hormig\u00f3n mediante una cuba montada con un eje que le permite girar sobre s\u00ed misma, lo cual homogeniza la mezcla y retrasa el fraguado. La posibilidad de disponer de un control remoto para cami\u00f3n hormigonera aumenta la seguridad y acelera el proceso.<\/p>\n\n\n\n<p>Este giro lo habilita un motor auxiliar o la transmisi\u00f3n hidr\u00e1ulico-mec\u00e1nica del propio motor del cami\u00f3n.<\/p>\n\n\n\n<p>Por costumbre se suele controlar el giro mediante <strong>una palanca fija<\/strong> y la velocidad RPM del tambor, mediante <strong>botones fijos<\/strong>. Este sistema suele requerir doble instalaci\u00f3n, tanto en cabina como en la parte posterior del cami\u00f3n.<\/p>\n<\/div>\n\n\n\n<div class=\"wp-block-column is-layout-flow wp-block-column-is-layout-flow\" style=\"flex-basis:40%\">\n<figure class=\"wp-block-image size-large is-resized\"><img loading=\"lazy\" decoding=\"async\" src=\"https:\/\/www.tele-radio.com\/app\/uploads\/camion-hormigonera-panel.jpg\" alt=\"Botonera fija para cami\u00f3n hormigonera\" class=\"wp-image-58338\" width=\"300\" height=\"225\" srcset=\"https:\/\/www.tele-radio.com\/app\/uploads\/camion-hormigonera-panel.jpg 1200w, https:\/\/www.tele-radio.com\/app\/uploads\/camion-hormigonera-panel-400x300.jpg 400w, https:\/\/www.tele-radio.com\/app\/uploads\/camion-hormigonera-panel-768x576.jpg 768w, https:\/\/www.tele-radio.com\/app\/uploads\/camion-hormigonera-panel-750x563.jpg 750w, https:\/\/www.tele-radio.com\/app\/uploads\/camion-hormigonera-panel-500x375.jpg 500w, https:\/\/www.tele-radio.com\/app\/uploads\/camion-hormigonera-panel-800x600.jpg 800w\" sizes=\"auto, (max-width: 300px) 100vw, 300px\" \/><\/figure>\n\n\n\n<p><\/p>\n<\/div>\n<\/div>\n\n\n\n<div class=\"wp-block-buttons is-content-justification-center is-layout-flex wp-block-buttons-is-layout-flex\">\n<div class=\"wp-block-button\"><a class=\"wp-block-button__link has-black-color has-text-color has-background\" href=\"#info\" style=\"border-radius:8px;background-color:#eab818\"><strong>Solicita informaci\u00f3n<\/strong><\/a><\/div>\n<\/div>\n\n\n\n<div style=\"height:30px\" aria-hidden=\"true\" class=\"wp-block-spacer\"><\/div>\n\n\n\n<h2 class=\"wp-block-heading\"><strong>Ventajas del mando para hormigonera<\/strong><\/h2>\n\n\n\n<p>Implementar un sistema de control remoto <strong>Tele Radio<\/strong> en un cami\u00f3n hormigonera optimiza costes en la instalaci\u00f3n y el mantenimiento, y aporta <strong>ergonom\u00eda y<\/strong> <strong>comodidad en su uso diario<\/strong>.<\/p>\n\n\n\n<p>La principal ventaja es la <strong>libertad de movimiento<\/strong>, que proporciona un mayor campo visual, <strong>distancia de seguridad<\/strong>, y ahorro de tiempo.<\/p>\n\n\n\n<p>Tambi\u00e9n se ahorra gran parte <strong>del cableado y controles <\/strong>tanto en cabina como en la parte trasera del veh\u00edculo, y se evitan los t\u00edpicos problemas de mantenimiento del cableado que van surgiendo a lo largo de la vida \u00fatil del cami\u00f3n, muy comunes debido a la suciedad, el polvo y el propio hormig\u00f3n.<\/p>\n\n\n\n<div style=\"height:50px\" aria-hidden=\"true\" class=\"wp-block-spacer\"><\/div>\n\n\n\n<div class=\"wp-block-cover has-very-light-gray-background-color has-background-dim\" style=\"min-height:80px;aspect-ratio:unset;\"><div class=\"wp-block-cover__inner-container is-layout-flow wp-block-cover-is-layout-flow\">\n<div style=\"height:20px\" aria-hidden=\"true\" class=\"wp-block-spacer\"><\/div>\n\n\n\n<h2 class=\"has-text-align-left has-very-dark-gray-color has-text-color wp-block-heading\">Soluci\u00f3n b\u00e1sica de control remoto para cami\u00f3n hormigonera<\/h2>\n\n\n\n<p><\/p>\n<\/div><\/div>\n\n\n\n<div class=\"wp-block-media-text alignwide is-stacked-on-mobile is-vertically-aligned-center has-very-light-gray-background-color has-background\" style=\"grid-template-columns:40% auto\"><figure class=\"wp-block-media-text__media\"><img loading=\"lazy\" decoding=\"async\" width=\"512\" height=\"511\" src=\"https:\/\/www.tele-radio.com\/app\/uploads\/control-remoto-camion-hormigonera-estandar-1.png\" alt=\"Mando de control remoto para cami\u00f3n hormigonera\" class=\"wp-image-58130 size-full\" srcset=\"https:\/\/www.tele-radio.com\/app\/uploads\/control-remoto-camion-hormigonera-estandar-1.png 512w, https:\/\/www.tele-radio.com\/app\/uploads\/control-remoto-camion-hormigonera-estandar-1-400x400.png 400w, https:\/\/www.tele-radio.com\/app\/uploads\/control-remoto-camion-hormigonera-estandar-1-150x150.png 150w, https:\/\/www.tele-radio.com\/app\/uploads\/control-remoto-camion-hormigonera-estandar-1-250x250.png 250w, https:\/\/www.tele-radio.com\/app\/uploads\/control-remoto-camion-hormigonera-estandar-1-500x500.png 500w\" sizes=\"auto, (max-width: 512px) 100vw, 512px\" \/><\/figure><div class=\"wp-block-media-text__content\">\n<p style=\"font-size:22px\">La versi\u00f3n m\u00e1s b\u00e1sica y est\u00e1ndar como mando para hormigonera es el transmisor <strong><a href=\"https:\/\/www.tele-radio.com\/es\/products\/panther\/transmisor-panther-4-botones-alta-potencia-emision\/\" target=\"_blank\" aria-label=\"undefined (opens in a new tab)\" rel=\"noreferrer noopener\">PN-T21<\/a><\/strong>.<\/p>\n\n\n\n<p style=\"font-size:22px\">Controla los sentidos de giro del tambor y la velocidad de revoluciones. Existen m\u00e1s funciones en otras variantes del transmisor que tienen 6, 8 y 10 botones.<\/p>\n\n\n\n<p style=\"font-size:22px\">Adem\u00e1s, existen <a href=\"https:\/\/www.tele-radio.com\/es\/caratulas-personalizadas\/\" target=\"_blank\" aria-label=\"undefined (opens in a new tab)\" rel=\"noreferrer noopener\">opciones de personalizaci\u00f3n<\/a> con logo, botones y colores corporativos.<\/p>\n<\/div><\/div>\n\n\n\n<div style=\"height:60px\" aria-hidden=\"true\" class=\"wp-block-spacer\"><\/div>\n\n\n\n<div class=\"wp-block-cover has-background-dim\" style=\"background-color:#ffffff;min-height:50px;aspect-ratio:unset;\"><div class=\"wp-block-cover__inner-container is-layout-flow wp-block-cover-is-layout-flow\">\n<h2 class=\"has-text-align-left has-very-dark-gray-color has-text-color wp-block-heading\">Soluci\u00f3n avanzada con conducci\u00f3n del veh\u00edculo<\/h2>\n<\/div><\/div>\n\n\n\n<div class=\"wp-block-media-text alignwide has-media-on-the-right is-stacked-on-mobile is-vertically-aligned-center\" style=\"grid-template-columns:auto 40%\"><figure class=\"wp-block-media-text__media\"><img loading=\"lazy\" decoding=\"async\" width=\"500\" height=\"317\" src=\"https:\/\/www.tele-radio.com\/app\/uploads\/remote-for-volvo-truck-tele-radio-sm-2.jpg\" alt=\"Mando inal\u00e1mbrico para controlar cami\u00f3n hormigonera\" class=\"wp-image-32229 size-full\" srcset=\"https:\/\/www.tele-radio.com\/app\/uploads\/remote-for-volvo-truck-tele-radio-sm-2.jpg 500w, https:\/\/www.tele-radio.com\/app\/uploads\/remote-for-volvo-truck-tele-radio-sm-2-400x254.jpg 400w\" sizes=\"auto, (max-width: 500px) 100vw, 500px\" \/><\/figure><div class=\"wp-block-media-text__content\">\n<p class=\"has-very-dark-gray-color has-text-color\" style=\"font-size:22px\">Permite <strong>controlar los movimientos del cami\u00f3n<\/strong> y las funciones de la carrocer\u00eda desde un mismo mando y fuera de la cabina del conductor.<\/p>\n\n\n\n<p class=\"has-very-dark-gray-color has-text-color\" style=\"font-size:22px\">Gracias a la colaboraci\u00f3n entre <strong>Tele Radio<\/strong> y <strong>Volvo Trucks<\/strong>, nuestro sistema inal\u00e1mbrico se integra directamente mediante el BB-CAN del cami\u00f3n con variante <strong>EXSTER <\/strong>y el receptor CAN. El cableado es directo,  sencillo y econ\u00f3mico.<\/p>\n<\/div><\/div>\n\n\n\n<figure class=\"wp-block-image size-large\"><img loading=\"lazy\" decoding=\"async\" width=\"1000\" height=\"600\" src=\"https:\/\/www.tele-radio.com\/app\/uploads\/gif-final.gif\" alt=\"Operario controla a distancia un cami\u00f3n hormigonera\" class=\"wp-image-59418\"\/><\/figure>\n\n\n\n<p style=\"font-size:22px\">Esta soluci\u00f3n inal\u00e1mbrica mediante control remoto Tele Radio tambi\u00e9n es adaptable a otros sectores como la miner\u00eda o la ganader\u00eda, entre otros. Para conocer m\u00e1s sobre esta soluci\u00f3n, puede leer acerca del primer caso de \u00e9xito en Espa\u00f1a haciendo <a href=\"https:\/\/www.tele-radio.com\/es\/volvo-trucks-reus-fleming-tele-radio\/\">click aqu\u00ed<\/a>.<\/p>\n\n\n\n<div style=\"height:60px\" aria-hidden=\"true\" class=\"wp-block-spacer\"><\/div>\n\n\n\n<p class=\"has-large-font-size\" id=\"info\">Contacto<\/p>\n\n\n\n<div class=\"wp-block-columns is-layout-flex wp-container-core-columns-is-layout-9d6595d7 wp-block-columns-is-layout-flex\">\n<div class=\"wp-block-column is-layout-flow wp-block-column-is-layout-flow\" style=\"flex-basis:66.66%\">\n<div class=\"wpcf7 no-js\" id=\"wpcf7-f45404-o1\" lang=\"en-EN\" dir=\"ltr\" data-wpcf7-id=\"45404\">\n<div class=\"screen-reader-response\"><p role=\"status\" aria-live=\"polite\" aria-atomic=\"true\"><\/p> <ul><\/ul><\/div>\n<form action=\"\/es\/wp-json\/wp\/v2\/pages\/58075#wpcf7-f45404-o1\" method=\"post\" class=\"wpcf7-form init\" aria-label=\"Contact form\" novalidate=\"novalidate\" data-status=\"init\">\n<fieldset class=\"hidden-fields-container\"><input type=\"hidden\" name=\"_wpcf7\" value=\"45404\" \/><input type=\"hidden\" name=\"_wpcf7_version\" value=\"6.1\" \/><input type=\"hidden\" name=\"_wpcf7_locale\" value=\"en_EN\" \/><input type=\"hidden\" name=\"_wpcf7_unit_tag\" value=\"wpcf7-f45404-o1\" \/><input type=\"hidden\" name=\"_wpcf7_container_post\" value=\"0\" \/><input type=\"hidden\" name=\"_wpcf7_posted_data_hash\" value=\"\" \/><input type=\"hidden\" name=\"_wpcf7_recaptcha_response\" value=\"\" \/>\n<\/fieldset>\n<p><label> Nombre*<br \/>\n<span class=\"wpcf7-form-control-wrap\" data-name=\"nombre\"><input size=\"40\" maxlength=\"400\" class=\"wpcf7-form-control wpcf7-text wpcf7-validates-as-required\" aria-required=\"true\" aria-invalid=\"false\" placeholder=\"Su nombre\" value=\"\" type=\"text\" name=\"nombre\" \/><\/span> <\/label>\n<\/p>\n<p><label> Email*<br \/>\n<span class=\"wpcf7-form-control-wrap\" data-name=\"tu-email\"><input size=\"40\" maxlength=\"400\" class=\"wpcf7-form-control wpcf7-email wpcf7-validates-as-required wpcf7-text wpcf7-validates-as-email\" aria-required=\"true\" aria-invalid=\"false\" placeholder=\"Su email\" value=\"\" type=\"email\" name=\"tu-email\" \/><\/span> <\/label>\n<\/p>\n<p><label> Tel\u00e9fono<br \/>\n<span class=\"wpcf7-form-control-wrap\" data-name=\"tu-tfno\"><input size=\"40\" maxlength=\"400\" class=\"wpcf7-form-control wpcf7-tel wpcf7-text wpcf7-validates-as-tel\" aria-invalid=\"false\" placeholder=\"Tel\u00e9fono de contacto\" value=\"\" type=\"tel\" name=\"tu-tfno\" \/><\/span> <\/label>\n<\/p>\n<p><label> Provincia*<br \/>\n<span class=\"wpcf7-form-control-wrap\" data-name=\"Provincia\"><select class=\"wpcf7-form-control wpcf7-select\" aria-invalid=\"false\" name=\"Provincia\"><option value=\"\">&#8212;Please choose an option&#8212;<\/option><option value=\"A Coru\u00f1a\">A Coru\u00f1a<\/option><option value=\"\u00c1lava\">\u00c1lava<\/option><option value=\"Albacete\">Albacete<\/option><option value=\"Alicante\">Alicante<\/option><option value=\"Almer\u00eda\">Almer\u00eda<\/option><option value=\"Asturias\">Asturias<\/option><option value=\"\u00c1vila\">\u00c1vila<\/option><option value=\"Badajoz\">Badajoz<\/option><option value=\"Baleares\">Baleares<\/option><option value=\"Barcelona\">Barcelona<\/option><option value=\"Bizkaia\">Bizkaia<\/option><option value=\"Burgos\">Burgos<\/option><option value=\"C\u00e1ceres\">C\u00e1ceres<\/option><option value=\"C\u00e1diz\">C\u00e1diz<\/option><option value=\"Cantabria\">Cantabria<\/option><option value=\"Castell\u00f3n\">Castell\u00f3n<\/option><option value=\"Ceuta\">Ceuta<\/option><option value=\"Ciudad Real\">Ciudad Real<\/option><option value=\"C\u00f3rdoba\">C\u00f3rdoba<\/option><option value=\"Cuenca\">Cuenca<\/option><option value=\"Girona\">Girona<\/option><option value=\"Granada\">Granada<\/option><option value=\"Guadalajara\">Guadalajara<\/option><option value=\"Gipuzkoa\">Gipuzkoa<\/option><option value=\"Huelva\">Huelva<\/option><option value=\"Huesca\">Huesca<\/option><option value=\"Ja\u00e9n\">Ja\u00e9n<\/option><option value=\"La Rioja\">La Rioja<\/option><option value=\"Las Palmas\">Las Palmas<\/option><option value=\"Le\u00f3n\">Le\u00f3n<\/option><option value=\"L\u00e9rida\">L\u00e9rida<\/option><option value=\"Lugo\">Lugo<\/option><option value=\"Madrid\">Madrid<\/option><option value=\"M\u00e1laga\">M\u00e1laga<\/option><option value=\"Melilla\">Melilla<\/option><option value=\"Murcia\">Murcia<\/option><option value=\"Navarra\">Navarra<\/option><option value=\"Ourense\">Ourense<\/option><option value=\"Palencia\">Palencia<\/option><option value=\"Pontevedra\">Pontevedra<\/option><option value=\"Salamanca\">Salamanca<\/option><option value=\"Segovia\">Segovia<\/option><option value=\"Sevilla\">Sevilla<\/option><option value=\"Soria\">Soria<\/option><option value=\"Tarragona\">Tarragona<\/option><option value=\"Santa Cruz de Tenerife\">Santa Cruz de Tenerife<\/option><option value=\"Teruel\">Teruel<\/option><option value=\"Toledo\">Toledo<\/option><option value=\"Valencia\">Valencia<\/option><option value=\"Valladolid\">Valladolid<\/option><option value=\"Zamora\">Zamora<\/option><option value=\"Zaragoza\">Zaragoza<\/option><\/select><\/span> <\/label>\n<\/p>\n<p><label> Tu mensaje*<br \/>\n<span class=\"wpcf7-form-control-wrap\" data-name=\"your-message\"><textarea cols=\"40\" rows=\"10\" maxlength=\"2000\" class=\"wpcf7-form-control wpcf7-textarea wpcf7-validates-as-required\" aria-required=\"true\" aria-invalid=\"false\" placeholder=\"Escriba aqu\u00ed en qu\u00e9 mando, equipo o aplicaci\u00f3n est\u00e1 interesado; o si tiene alguna duda.\" name=\"your-message\"><\/textarea><\/span> <\/label>\n<\/p>\n<p><span class=\"wpcf7-form-control-wrap\" data-name=\"acceptance-322\"><span class=\"wpcf7-form-control wpcf7-acceptance\"><span class=\"wpcf7-list-item\"><label><input type=\"checkbox\" name=\"acceptance-322\" value=\"1\" aria-invalid=\"false\" \/><span class=\"wpcf7-list-item-label\">He le\u00eddo y acepto las <a href=\"https:\/\/www.tele-radio.com\/es\/politica-de-privacidad-y-cookies\/\" target=\"_blank\">condiciones de privacidad<\/a>.*<\/span><\/label><\/span><\/span><\/span>\n<\/p>\n<p><input class=\"wpcf7-form-control wpcf7-submit has-spinner\" type=\"submit\" value=\"Enviar\" \/>\n<\/p><div class=\"wpcf7-response-output\" aria-hidden=\"true\"><\/div>\n<\/form>\n<\/div>\n\r\n\t\t\t\t<script>\r\n\t\t\t\tif ( typeof huOptions !== 'undefined' ) {\r\n\t\t\t\t\tvar huFormData = {\"source\":\"contactform7\",\"id\":45404,\"title\":\"TRESP-comercial\",\"fields\":{\"subject\":{\"first_name\":\"your-name\",\"email\":\"your-email\"},\"preferences\":{\"terms\":\"your-consent\"}}};\r\n\t\t\t\t\tvar huFormNode = document.querySelector( '[id^=\"wpcf7-f45404-\"] form' );\r\n\r\n\t\t\t\t\thuFormData['node'] = huFormNode;\r\n\t\t\t\t\thuOptions['forms'].push( huFormData );\r\n\t\t\t\t}\r\n\t\t\t\t<\/script>\n<\/div>\n\n\n\n<div class=\"wp-block-column is-layout-flow wp-block-column-is-layout-flow\" style=\"flex-basis:33.33%\"><\/div>\n<\/div>\n","protected":false},"excerpt":{"rendered":"<p>El cami\u00f3n hormigonera es uno de los elementos indispensables para construcci\u00f3n y obra civil. Transporta el hormig\u00f3n mediante una cuba montada con un eje que le permite girar sobre s\u00ed misma, lo cual homogeniza la mezcla y retrasa el fraguado. La posibilidad de disponer de un control remoto para cami\u00f3n hormigonera aumenta la seguridad y [&hellip;]<\/p>\n","protected":false},"author":54,"featured_media":58569,"parent":0,"menu_order":0,"comment_status":"closed","ping_status":"closed","template":"","meta":{"_acf_changed":false,"footnotes":""},"class_list":["post-58075","page","type-page","status-publish","has-post-thumbnail","hentry"],"acf":[],"_links":{"self":[{"href":"https:\/\/www.tele-radio.com\/es\/wp-json\/wp\/v2\/pages\/58075","targetHints":{"allow":["GET"]}}],"collection":[{"href":"https:\/\/www.tele-radio.com\/es\/wp-json\/wp\/v2\/pages"}],"about":[{"href":"https:\/\/www.tele-radio.com\/es\/wp-json\/wp\/v2\/types\/page"}],"author":[{"embeddable":true,"href":"https:\/\/www.tele-radio.com\/es\/wp-json\/wp\/v2\/users\/54"}],"replies":[{"embeddable":true,"href":"https:\/\/www.tele-radio.com\/es\/wp-json\/wp\/v2\/comments?post=58075"}],"version-history":[{"count":143,"href":"https:\/\/www.tele-radio.com\/es\/wp-json\/wp\/v2\/pages\/58075\/revisions"}],"predecessor-version":[{"id":138458,"href":"https:\/\/www.tele-radio.com\/es\/wp-json\/wp\/v2\/pages\/58075\/revisions\/138458"}],"wp:featuredmedia":[{"embeddable":true,"href":"https:\/\/www.tele-radio.com\/es\/wp-json\/wp\/v2\/media\/58569"}],"wp:attachment":[{"href":"https:\/\/www.tele-radio.com\/es\/wp-json\/wp\/v2\/media?parent=58075"}],"curies":[{"name":"wp","href":"https:\/\/api.w.org\/{rel}","templated":true}]}}