{"id":57749,"date":"2021-01-13T15:08:15","date_gmt":"2021-01-13T15:08:15","guid":{"rendered":"https:\/\/www.tele-radio.com\/?page_id=57749"},"modified":"2022-04-19T09:41:40","modified_gmt":"2022-04-19T09:41:40","slug":"control-remoto-puertos-maritimos-lashing-cages","status":"publish","type":"page","link":"https:\/\/www.tele-radio.com\/es\/control-remoto-puertos-maritimos-lashing-cages\/","title":{"rendered":"Control Remoto en Puertos Mar\u00edtimos y para Lashing Cages"},"content":{"rendered":"\n<div style=\"height:20px\" aria-hidden=\"true\" class=\"wp-block-spacer\"><\/div>\n\n\n\n<p>El transporte mar\u00edtimo supone un 50% de las exportaciones espa\u00f1olas y hasta un 80% de las importaciones. Eso implica un elevado movimiento de mercanc\u00eda con la necesaria coordinaci\u00f3n de log\u00edstica entre la terminal de carga y operadores de transporte mar\u00edtimo. El control remoto en puertos mar\u00edtimos y para lashing cages se hace necesario debido al riesgo que supone la actividad en este entorno.<\/p>\n\n\n\n<p>Para la carga y descarga de contenedores&nbsp;se requiere del trincaje y destrincaje (de los pines de anclaje), y, en muchas ocasiones, estas tareas suponen grandes riesgos debido a la accesibilidad para acceder, alturas en que se desarrolla y al tama\u00f1o de las cargas.<\/p>\n\n\n\n<h2 class=\"wp-block-heading\"><strong>Transporte de personal en cestas de destrincaje &#8211; Lashing cages&nbsp;<\/strong><\/h2>\n\n\n\n<p>En las terminales, es muy com\u00fan el uso de cestas acopladas al spreader de una gr\u00faa portacontenedores. Varias personas, desde el interior de dichas cestas, realizan una operaci\u00f3n delicada de desenganche de los contenedores de los barcos, mientras que un estibador maneja la gr\u00faa desde la cabina de operador.<\/p>\n\n\n\n<h2 class=\"wp-block-heading\">Riesgos<\/h2>\n\n\n\n<div class=\"wp-block-columns is-layout-flex wp-container-core-columns-is-layout-9d6595d7 wp-block-columns-is-layout-flex\">\n<div class=\"wp-block-column is-layout-flow wp-block-column-is-layout-flow\">\n<figure class=\"wp-block-image size-full\"><img loading=\"lazy\" decoding=\"async\" width=\"887\" height=\"650\" src=\"https:\/\/www.tele-radio.com\/app\/uploads\/lashing-cages-puertos-maritimos-control-remoto-1.jpg\" alt=\"Control remoto en puertos mar\u00edtimos\" class=\"wp-image-57914\" srcset=\"https:\/\/www.tele-radio.com\/app\/uploads\/lashing-cages-puertos-maritimos-control-remoto-1.jpg 887w, https:\/\/www.tele-radio.com\/app\/uploads\/lashing-cages-puertos-maritimos-control-remoto-1-400x293.jpg 400w, https:\/\/www.tele-radio.com\/app\/uploads\/lashing-cages-puertos-maritimos-control-remoto-1-768x563.jpg 768w, https:\/\/www.tele-radio.com\/app\/uploads\/lashing-cages-puertos-maritimos-control-remoto-1-750x550.jpg 750w, https:\/\/www.tele-radio.com\/app\/uploads\/lashing-cages-puertos-maritimos-control-remoto-1-500x366.jpg 500w, https:\/\/www.tele-radio.com\/app\/uploads\/lashing-cages-puertos-maritimos-control-remoto-1-800x586.jpg 800w\" sizes=\"auto, (max-width: 887px) 100vw, 887px\" \/><\/figure>\n<\/div>\n\n\n\n<div class=\"wp-block-column is-layout-flow wp-block-column-is-layout-flow\">\n<div style=\"height:20px\" aria-hidden=\"true\" class=\"wp-block-spacer\"><\/div>\n\n\n\n<p>Con semejantes dimensiones y altura, la coordinaci\u00f3n y la seguridad son pilares fundamentales. De hecho, el procedimiento es bastante manual y rudimentario, y la comunicaci\u00f3n hoy en d\u00eda simplemente se realiza mediante walkie talkies. Por ello, <strong>estibadores y autoridades portuarias demandan mayor seguridad<\/strong> en este tipo de operaciones.<\/p>\n\n\n\n<p><strong>El operario de la gr\u00faa no tiene visi\u00f3n de todos los trabajadores <\/strong>que se encuentran en las cestas de transporte personas para actividades de destrincaje, no puede ver lo que ocurre con claridad ni supervisar al completo dicha &nbsp;maniobra.<\/p>\n\n\n\n<p>Por ello debido al gran riesgo que entra\u00f1a dicha operativa, la coordinaci\u00f3n es esencial.<\/p>\n<\/div>\n<\/div>\n\n\n\n<div style=\"height:40px\" aria-hidden=\"true\" class=\"wp-block-spacer\"><\/div>\n\n\n\n<h2 class=\"wp-block-heading\">Control remoto en puertos mar\u00edtimos<\/h2>\n\n\n\n<p>Una nueva innovaci\u00f3n que mejora la seguridad y la coordinaci\u00f3n es el uso de control remoto industrial.<\/p>\n\n\n\n<p>Cada trabajador que se encuentre en la cesta dispondr\u00eda de un mando industrial. Todos los mandos se comunican con su receptor, que estar\u00e1 conectado al PLC de la gr\u00faa. El operario que maneja la gr\u00faa s\u00f3lo podr\u00e1 moverla si cada uno de los trabajadores ha confirmado con su mando que todo va bien.<\/p>\n\n\n\n<p>Adem\u00e1s, los mandos disponen de una <strong>seta de paro<\/strong>, lo cual hace que ante una situaci\u00f3n de emergencia, una se\u00f1al se mande en cuesti\u00f3n de milisegundos a la gr\u00faa, y esta comienza a detenerse.<\/p>\n\n\n\n<p>Con nuestros sistemas de control remoto se puede conseguir un alcance de hasta 300 metros en estos ambientes tan demandantes. Adem\u00e1s la funci\u00f3n de parada cumple las <strong>certificaciones de seguridad m\u00e1s elevadas del mercado<\/strong>, alcanzando el nivel <strong>SIL3 PLe<\/strong>.<\/p>\n\n\n\n<p>Los transmisores y receptores est\u00e1n en constante comunicaci\u00f3n en ambos sentidos, por lo que siempre se puede detener la aplicaci\u00f3n inmediatamente en caso de necesidad y adem\u00e1s se obtiene en la pantalla informaci\u00f3n del estado de la conexi\u00f3n.<\/p>\n\n\n\n<p>Esta soluci\u00f3n permite utilizar aleatoriamente un mando dise\u00f1ado con esta configuraci\u00f3n con cualquier cesta y gr\u00faa de la terminal, el <strong>sistema es totalmente flexible<\/strong> gracias a un proceso de registro \u00fanico, mediante la selecci\u00f3n de un c\u00f3digo identificativo para cada gr\u00faa. Un \u00fanico mando es capaz de seleccionar entre un n\u00famero ilimitado de gr\u00faas. Esto permite escalar la aplicaci\u00f3n a distintas terminales y gr\u00faas, utilizando cualquier cesta disponible, ya que es un sistema totalmente inal\u00e1mbrico e independiente de la cesta bajo de operativa de destrincaje.<\/p>\n\n\n\n<figure class=\"wp-block-gallery columns-3 is-cropped wp-block-gallery-1 is-layout-flex wp-block-gallery-is-layout-flex\"><ul class=\"blocks-gallery-grid\"><li class=\"blocks-gallery-item\"><figure><img loading=\"lazy\" decoding=\"async\" width=\"1165\" height=\"874\" src=\"https:\/\/www.tele-radio.com\/app\/uploads\/mandos-control-remoto-teleradio-lashing-cages-puertos-maritimos.jpg\" alt=\"Mandos control remoto en puertos mar\u00edtimos de Tele Radio\" data-id=\"57845\" data-full-url=\"https:\/\/www.tele-radio.com\/app\/uploads\/mandos-control-remoto-teleradio-lashing-cages-puertos-maritimos.jpg\" data-link=\"https:\/\/www.tele-radio.com\/es\/mandos-control-remoto-teleradio-lashing-cages-puertos-maritimos-2\/\" class=\"wp-image-57845\" srcset=\"https:\/\/www.tele-radio.com\/app\/uploads\/mandos-control-remoto-teleradio-lashing-cages-puertos-maritimos.jpg 1165w, https:\/\/www.tele-radio.com\/app\/uploads\/mandos-control-remoto-teleradio-lashing-cages-puertos-maritimos-400x300.jpg 400w, https:\/\/www.tele-radio.com\/app\/uploads\/mandos-control-remoto-teleradio-lashing-cages-puertos-maritimos-768x576.jpg 768w, https:\/\/www.tele-radio.com\/app\/uploads\/mandos-control-remoto-teleradio-lashing-cages-puertos-maritimos-750x563.jpg 750w, https:\/\/www.tele-radio.com\/app\/uploads\/mandos-control-remoto-teleradio-lashing-cages-puertos-maritimos-500x375.jpg 500w, https:\/\/www.tele-radio.com\/app\/uploads\/mandos-control-remoto-teleradio-lashing-cages-puertos-maritimos-800x600.jpg 800w\" sizes=\"auto, (max-width: 1165px) 100vw, 1165px\" \/><\/figure><\/li><li class=\"blocks-gallery-item\"><figure><img loading=\"lazy\" decoding=\"async\" width=\"928\" height=\"1188\" src=\"https:\/\/www.tele-radio.com\/app\/uploads\/mando-puertos-maritimos-muelles-lashing-cages.jpg\" alt=\"Mando para control remoto en puertos mar\u00edtimos\" data-id=\"57771\" data-full-url=\"https:\/\/www.tele-radio.com\/app\/uploads\/mando-puertos-maritimos-muelles-lashing-cages.jpg\" data-link=\"https:\/\/www.tele-radio.com\/es\/mando-puertos-maritimos-muelles-lashing-cages-2\/\" class=\"wp-image-57771\" srcset=\"https:\/\/www.tele-radio.com\/app\/uploads\/mando-puertos-maritimos-muelles-lashing-cages.jpg 928w, https:\/\/www.tele-radio.com\/app\/uploads\/mando-puertos-maritimos-muelles-lashing-cages-312x400.jpg 312w, https:\/\/www.tele-radio.com\/app\/uploads\/mando-puertos-maritimos-muelles-lashing-cages-768x983.jpg 768w, https:\/\/www.tele-radio.com\/app\/uploads\/mando-puertos-maritimos-muelles-lashing-cages-586x750.jpg 586w, https:\/\/www.tele-radio.com\/app\/uploads\/mando-puertos-maritimos-muelles-lashing-cages-391x500.jpg 391w, https:\/\/www.tele-radio.com\/app\/uploads\/mando-puertos-maritimos-muelles-lashing-cages-625x800.jpg 625w\" sizes=\"auto, (max-width: 928px) 100vw, 928px\" \/><\/figure><\/li><li class=\"blocks-gallery-item\"><figure><img loading=\"lazy\" decoding=\"async\" width=\"1200\" height=\"824\" src=\"https:\/\/www.tele-radio.com\/app\/uploads\/muelles-puertos-maritimos-seguridad-control-remoto-industrial-1200x824.jpg\" alt=\"Muelles en puertos mar\u00edtimos\" data-id=\"57813\" data-full-url=\"https:\/\/www.tele-radio.com\/app\/uploads\/muelles-puertos-maritimos-seguridad-control-remoto-industrial.jpg\" data-link=\"https:\/\/www.tele-radio.com\/es\/muelles-puertos-maritimos-seguridad-control-remoto-industrial-2\/\" class=\"wp-image-57813\" srcset=\"https:\/\/www.tele-radio.com\/app\/uploads\/muelles-puertos-maritimos-seguridad-control-remoto-industrial-1200x824.jpg 1200w, https:\/\/www.tele-radio.com\/app\/uploads\/muelles-puertos-maritimos-seguridad-control-remoto-industrial-400x275.jpg 400w, https:\/\/www.tele-radio.com\/app\/uploads\/muelles-puertos-maritimos-seguridad-control-remoto-industrial-768x527.jpg 768w, https:\/\/www.tele-radio.com\/app\/uploads\/muelles-puertos-maritimos-seguridad-control-remoto-industrial-1536x1055.jpg 1536w, https:\/\/www.tele-radio.com\/app\/uploads\/muelles-puertos-maritimos-seguridad-control-remoto-industrial-750x515.jpg 750w, https:\/\/www.tele-radio.com\/app\/uploads\/muelles-puertos-maritimos-seguridad-control-remoto-industrial-500x343.jpg 500w, https:\/\/www.tele-radio.com\/app\/uploads\/muelles-puertos-maritimos-seguridad-control-remoto-industrial-1600x1099.jpg 1600w, https:\/\/www.tele-radio.com\/app\/uploads\/muelles-puertos-maritimos-seguridad-control-remoto-industrial-800x549.jpg 800w, https:\/\/www.tele-radio.com\/app\/uploads\/muelles-puertos-maritimos-seguridad-control-remoto-industrial.jpg 1800w\" sizes=\"auto, (max-width: 1200px) 100vw, 1200px\" \/><\/figure><\/li><\/ul><\/figure>\n\n\n\n<div style=\"height:50px\" aria-hidden=\"true\" class=\"wp-block-spacer\"><\/div>\n\n\n\n<p class=\"has-very-dark-gray-color has-text-color has-large-font-size\">Contacto<\/p>\n\n\n\n<div class=\"wp-block-columns is-layout-flex wp-container-core-columns-is-layout-9d6595d7 wp-block-columns-is-layout-flex\">\n<div class=\"wp-block-column is-layout-flow wp-block-column-is-layout-flow\" style=\"flex-basis:66.66%\">\n<div class=\"wpcf7 no-js\" id=\"wpcf7-f45404-o1\" lang=\"en-EN\" dir=\"ltr\" data-wpcf7-id=\"45404\">\n<div class=\"screen-reader-response\"><p role=\"status\" aria-live=\"polite\" aria-atomic=\"true\"><\/p> <ul><\/ul><\/div>\n<form action=\"\/es\/wp-json\/wp\/v2\/pages\/57749#wpcf7-f45404-o1\" method=\"post\" class=\"wpcf7-form init\" aria-label=\"Contact form\" novalidate=\"novalidate\" data-status=\"init\">\n<fieldset class=\"hidden-fields-container\"><input type=\"hidden\" name=\"_wpcf7\" value=\"45404\" \/><input type=\"hidden\" name=\"_wpcf7_version\" value=\"6.1\" \/><input type=\"hidden\" name=\"_wpcf7_locale\" value=\"en_EN\" \/><input type=\"hidden\" name=\"_wpcf7_unit_tag\" value=\"wpcf7-f45404-o1\" \/><input type=\"hidden\" name=\"_wpcf7_container_post\" value=\"0\" \/><input type=\"hidden\" name=\"_wpcf7_posted_data_hash\" value=\"\" \/><input type=\"hidden\" name=\"_wpcf7_recaptcha_response\" value=\"\" \/>\n<\/fieldset>\n<p><label> Nombre*<br \/>\n<span class=\"wpcf7-form-control-wrap\" data-name=\"nombre\"><input size=\"40\" maxlength=\"400\" class=\"wpcf7-form-control wpcf7-text wpcf7-validates-as-required\" aria-required=\"true\" aria-invalid=\"false\" placeholder=\"Su nombre\" value=\"\" type=\"text\" name=\"nombre\" \/><\/span> <\/label>\n<\/p>\n<p><label> Email*<br \/>\n<span class=\"wpcf7-form-control-wrap\" data-name=\"tu-email\"><input size=\"40\" maxlength=\"400\" class=\"wpcf7-form-control wpcf7-email wpcf7-validates-as-required wpcf7-text wpcf7-validates-as-email\" aria-required=\"true\" aria-invalid=\"false\" placeholder=\"Su email\" value=\"\" type=\"email\" name=\"tu-email\" \/><\/span> <\/label>\n<\/p>\n<p><label> Tel\u00e9fono<br \/>\n<span class=\"wpcf7-form-control-wrap\" data-name=\"tu-tfno\"><input size=\"40\" maxlength=\"400\" class=\"wpcf7-form-control wpcf7-tel wpcf7-text wpcf7-validates-as-tel\" aria-invalid=\"false\" placeholder=\"Tel\u00e9fono de contacto\" value=\"\" type=\"tel\" name=\"tu-tfno\" \/><\/span> <\/label>\n<\/p>\n<p><label> Provincia*<br \/>\n<span class=\"wpcf7-form-control-wrap\" data-name=\"Provincia\"><select class=\"wpcf7-form-control wpcf7-select\" aria-invalid=\"false\" name=\"Provincia\"><option value=\"\">&#8212;Please choose an option&#8212;<\/option><option value=\"A Coru\u00f1a\">A Coru\u00f1a<\/option><option value=\"\u00c1lava\">\u00c1lava<\/option><option value=\"Albacete\">Albacete<\/option><option value=\"Alicante\">Alicante<\/option><option value=\"Almer\u00eda\">Almer\u00eda<\/option><option value=\"Asturias\">Asturias<\/option><option value=\"\u00c1vila\">\u00c1vila<\/option><option value=\"Badajoz\">Badajoz<\/option><option value=\"Baleares\">Baleares<\/option><option value=\"Barcelona\">Barcelona<\/option><option value=\"Bizkaia\">Bizkaia<\/option><option value=\"Burgos\">Burgos<\/option><option value=\"C\u00e1ceres\">C\u00e1ceres<\/option><option value=\"C\u00e1diz\">C\u00e1diz<\/option><option value=\"Cantabria\">Cantabria<\/option><option value=\"Castell\u00f3n\">Castell\u00f3n<\/option><option value=\"Ceuta\">Ceuta<\/option><option value=\"Ciudad Real\">Ciudad Real<\/option><option value=\"C\u00f3rdoba\">C\u00f3rdoba<\/option><option value=\"Cuenca\">Cuenca<\/option><option value=\"Girona\">Girona<\/option><option value=\"Granada\">Granada<\/option><option value=\"Guadalajara\">Guadalajara<\/option><option value=\"Gipuzkoa\">Gipuzkoa<\/option><option value=\"Huelva\">Huelva<\/option><option value=\"Huesca\">Huesca<\/option><option value=\"Ja\u00e9n\">Ja\u00e9n<\/option><option value=\"La Rioja\">La Rioja<\/option><option value=\"Las Palmas\">Las Palmas<\/option><option value=\"Le\u00f3n\">Le\u00f3n<\/option><option value=\"L\u00e9rida\">L\u00e9rida<\/option><option value=\"Lugo\">Lugo<\/option><option value=\"Madrid\">Madrid<\/option><option value=\"M\u00e1laga\">M\u00e1laga<\/option><option value=\"Melilla\">Melilla<\/option><option value=\"Murcia\">Murcia<\/option><option value=\"Navarra\">Navarra<\/option><option value=\"Ourense\">Ourense<\/option><option value=\"Palencia\">Palencia<\/option><option value=\"Pontevedra\">Pontevedra<\/option><option value=\"Salamanca\">Salamanca<\/option><option value=\"Segovia\">Segovia<\/option><option value=\"Sevilla\">Sevilla<\/option><option value=\"Soria\">Soria<\/option><option value=\"Tarragona\">Tarragona<\/option><option value=\"Santa Cruz de Tenerife\">Santa Cruz de Tenerife<\/option><option value=\"Teruel\">Teruel<\/option><option value=\"Toledo\">Toledo<\/option><option value=\"Valencia\">Valencia<\/option><option value=\"Valladolid\">Valladolid<\/option><option value=\"Zamora\">Zamora<\/option><option value=\"Zaragoza\">Zaragoza<\/option><\/select><\/span> <\/label>\n<\/p>\n<p><label> Tu mensaje*<br \/>\n<span class=\"wpcf7-form-control-wrap\" data-name=\"your-message\"><textarea cols=\"40\" rows=\"10\" maxlength=\"2000\" class=\"wpcf7-form-control wpcf7-textarea wpcf7-validates-as-required\" aria-required=\"true\" aria-invalid=\"false\" placeholder=\"Escriba aqu\u00ed en qu\u00e9 mando, equipo o aplicaci\u00f3n est\u00e1 interesado; o si tiene alguna duda.\" name=\"your-message\"><\/textarea><\/span> <\/label>\n<\/p>\n<p><span class=\"wpcf7-form-control-wrap\" data-name=\"acceptance-322\"><span class=\"wpcf7-form-control wpcf7-acceptance\"><span class=\"wpcf7-list-item\"><label><input type=\"checkbox\" name=\"acceptance-322\" value=\"1\" aria-invalid=\"false\" \/><span class=\"wpcf7-list-item-label\">He le\u00eddo y acepto las <a href=\"https:\/\/www.tele-radio.com\/es\/politica-de-privacidad-y-cookies\/\" target=\"_blank\">condiciones de privacidad<\/a>.*<\/span><\/label><\/span><\/span><\/span>\n<\/p>\n<p><input class=\"wpcf7-form-control wpcf7-submit has-spinner\" type=\"submit\" value=\"Enviar\" \/>\n<\/p><div class=\"wpcf7-response-output\" aria-hidden=\"true\"><\/div>\n<\/form>\n<\/div>\n\r\n\t\t\t\t<script>\r\n\t\t\t\tif ( typeof huOptions !== 'undefined' ) {\r\n\t\t\t\t\tvar huFormData = {\"source\":\"contactform7\",\"id\":45404,\"title\":\"TRESP-comercial\",\"fields\":{\"subject\":{\"first_name\":\"your-name\",\"email\":\"your-email\"},\"preferences\":{\"terms\":\"your-consent\"}}};\r\n\t\t\t\t\tvar huFormNode = document.querySelector( '[id^=\"wpcf7-f45404-\"] form' );\r\n\r\n\t\t\t\t\thuFormData['node'] = huFormNode;\r\n\t\t\t\t\thuOptions['forms'].push( huFormData );\r\n\t\t\t\t}\r\n\t\t\t\t<\/script>\n<\/div>\n\n\n\n<div class=\"wp-block-column is-layout-flow wp-block-column-is-layout-flow\" style=\"flex-basis:33.33%\"><\/div>\n<\/div>\n","protected":false},"excerpt":{"rendered":"<p>El transporte mar\u00edtimo supone un 50% de las exportaciones espa\u00f1olas y hasta un 80% de las importaciones. Eso implica un elevado movimiento de mercanc\u00eda con la necesaria coordinaci\u00f3n de log\u00edstica entre la terminal de carga y operadores de transporte mar\u00edtimo. El control remoto en puertos mar\u00edtimos y para lashing cages se hace necesario debido al [&hellip;]<\/p>\n","protected":false},"author":54,"featured_media":0,"parent":0,"menu_order":0,"comment_status":"closed","ping_status":"closed","template":"","meta":{"_acf_changed":false,"footnotes":""},"class_list":["post-57749","page","type-page","status-publish","hentry"],"acf":[],"_links":{"self":[{"href":"https:\/\/www.tele-radio.com\/es\/wp-json\/wp\/v2\/pages\/57749","targetHints":{"allow":["GET"]}}],"collection":[{"href":"https:\/\/www.tele-radio.com\/es\/wp-json\/wp\/v2\/pages"}],"about":[{"href":"https:\/\/www.tele-radio.com\/es\/wp-json\/wp\/v2\/types\/page"}],"author":[{"embeddable":true,"href":"https:\/\/www.tele-radio.com\/es\/wp-json\/wp\/v2\/users\/54"}],"replies":[{"embeddable":true,"href":"https:\/\/www.tele-radio.com\/es\/wp-json\/wp\/v2\/comments?post=57749"}],"version-history":[{"count":111,"href":"https:\/\/www.tele-radio.com\/es\/wp-json\/wp\/v2\/pages\/57749\/revisions"}],"predecessor-version":[{"id":152401,"href":"https:\/\/www.tele-radio.com\/es\/wp-json\/wp\/v2\/pages\/57749\/revisions\/152401"}],"wp:attachment":[{"href":"https:\/\/www.tele-radio.com\/es\/wp-json\/wp\/v2\/media?parent=57749"}],"curies":[{"name":"wp","href":"https:\/\/api.w.org\/{rel}","templated":true}]}}