{"id":5714,"date":"2018-05-04T14:47:03","date_gmt":"2018-05-04T14:47:03","guid":{"rendered":"https:\/\/www.tele-radio.com\/about-us\/"},"modified":"2022-04-26T08:59:19","modified_gmt":"2022-04-26T08:59:19","slug":"sobre-tele-radio","status":"publish","type":"page","link":"https:\/\/www.tele-radio.com\/es\/sobre-tele-radio\/","title":{"rendered":"Sobre Tele Radio"},"content":{"rendered":"\n<h1 class=\"wp-block-heading\">Tele Radio desarrolla sistemas de radiocontrol industrial desde hace m\u00e1s de 65 a\u00f1os<\/h1>\n\n\n\n<p>Tele Radio desarrolla, fabrica y comercializa telemandos por radiocontrol de alta calidad para uso industrial. La compa\u00f1\u00eda se fund\u00f3 en 1955 en Suecia y desde entonces se ha convertido en un grupo extenso, el grupo Tele Radio. La oficina central se encuentra en Askim, a las afueras de Gotemburgo (Suecia) y disponemos de la mayor red de filiales oficiales del mercado, distribuidas por Europa, Am\u00e9rica, Asia y Ocean\u00eda. A parte de nuestro constante crecimiento y presencia local, tambi\u00e9n cooperamos con nuestros distribuidores y socios en todo el mundo.<\/p>\n\n\n\n<h2 class=\"wp-block-heading\">Realizamos nuestra propia investigaci\u00f3n y desarrollo de control remoto<\/h2>\n\n\n\n<p>Llevamos a cabo nuestra propia investigaci\u00f3n y desarrollo. Con m\u00e1s de 65 a\u00f1os de experiencia disponemos de s\u00f3lidos conocimientos y de una experiencia contrastada en sistemas por radiocontrol para uso industrial. Nuestra misi\u00f3n es proveer soluciones de producto de todo tipo, tecnolog\u00edas y servicios en el campo del equipamiento del control inal\u00e1mbrico y la comunicaci\u00f3n a nivel industrial, donde la fiabilidad y seguridad son factores clave decisivos. Alcanzamos estos objetivos alentando a que todos nuestros empleados sean parte del proceso y tomen responsabilidad en sus respectivas \u00e1reas de trabajo. Nuestro principal objetivo es proveer soluciones que a\u00f1adan valor a su negocio y al mismo tiempo brindarle un soporte impecable cuando lo necesite.<\/p>\n\n\n\n<blockquote class=\"wp-block-quote is-layout-flow wp-block-quote-is-layout-flow\"><p><em>\u201cUtilizamos Tele Radio debido a su espectacular servicio y excelente soporte, algo que es muy importante para nosotros y para nuestro negocio.\u201d<\/em><\/p><cite>-Rune Wab\u00f8, Director general de Munck Cranes.<\/cite><\/blockquote>\n\n\n\n<p>Disponemos de una <a href=\"https:\/\/www.tele-radio.com\/es\/productos\/\">amplia selecci\u00f3n de productos<\/a>, desde transmisores compactos hasta plataformas de pupitre avanzadas. Si el producto no se adapta a su aplicaci\u00f3n, <a href=\"https:\/\/www.tele-radio.com\/es\/productos-personalizados\/\">nos adaptaremos a usted<\/a> y no al contrario, lo cual es lo habitual en el sector. Queremos ofrecerle algo diferente y que mejore su forma de trabajar; tambi\u00e9n creemos en construir una relaci\u00f3n a largo plazo con usted que vaya m\u00e1s all\u00e1 de una venta. Nuestra intenci\u00f3n es que nuestros productos a\u00f1adan valor a\u00f1adido a su trabajo cada d\u00eda.<\/p>\n\n\n\n<h2 class=\"wp-block-heading\">Control remoto seguro<\/h2>\n\n\n\n<p>La seguridad nos preocupa, como empresa sueca es parte de nuestra esencia. Ponemos gran esfuerzo en hacer nuestros productos lo m\u00e1s seguro posibles. Nos esforzamos para asegurarnos que nuestros productos re\u00fanen el mayor est\u00e1ndar de seguridad posible, y tenemos los <a href=\"https:\/\/www.tele-radio.com\/es\/certificaciones-iso\/\">certificados que lo respaldan<\/a>.<\/p>\n\n\n\n<p>Como ha podido comprobar, nuestros productos no son solo seguros sino tambi\u00e9n robustos y soportan ca\u00eddas. Sabemos que nuestros sistemas de control remoto se lanzan, se caen, se pisan, se mojan &#8211; y est\u00e1 bien, lo ten\u00edamos en mente cuando los dise\u00f1amos. Est\u00e1n hechos para ser usados.<\/p>\n\n\n\n<blockquote class=\"wp-block-quote is-layout-flow wp-block-quote-is-layout-flow\"><p>&#8220;Los mandos de Tele Radio pueden soportar un mal uso sin romperse y el tiempo de bater\u00eda es impresionante.&#8221;<\/p><cite>-Tomasz Fraczek, Jefe de mantenimiento, Thames Reinforcements Ltd.<\/cite><\/blockquote>\n\n\n\n<h2 class=\"wp-block-heading\">ANMOPYC<\/h2>\n\n\n\n<div class=\"wp-block-columns is-layout-flex wp-container-core-columns-is-layout-9d6595d7 wp-block-columns-is-layout-flex\">\n<div class=\"wp-block-column is-layout-flow wp-block-column-is-layout-flow\" style=\"flex-basis:65%\">\n<p>Desde 2018, Tele Radio es una empresa colaboradora de ANMOPYC, la Asociaci\u00f3n Espa\u00f1ola de Fabricantes Exportadores de Maquinaria para Construcci\u00f3n, Obras P\u00fablicas y Miner\u00eda.<\/p>\n<\/div>\n\n\n\n<div class=\"wp-block-column is-layout-flow wp-block-column-is-layout-flow\">\n<div class=\"wp-block-image\"><figure class=\"aligncenter size-large is-resized\"><a href=\"https:\/\/www.anmopyc.es\/es\" target=\"_blank\" rel=\"nofollow noopener\"><img loading=\"lazy\" decoding=\"async\" src=\"https:\/\/www.tele-radio.com\/app\/uploads\/anmopyc.png\" alt=\"Tele Radio colabora con Anmopyc\" class=\"wp-image-50755\" width=\"300\" height=\"31\" srcset=\"https:\/\/www.tele-radio.com\/app\/uploads\/anmopyc.png 600w, https:\/\/www.tele-radio.com\/app\/uploads\/anmopyc-400x41.png 400w, https:\/\/www.tele-radio.com\/app\/uploads\/anmopyc-500x51.png 500w\" sizes=\"auto, (max-width: 300px) 100vw, 300px\" \/><\/a><\/figure><\/div>\n<\/div>\n<\/div>\n\n\n\n<h2 class=\"wp-block-heading\">Nos preocupamos<\/h2>\n\n\n\n<p>Tambi\u00e9n tratamos de ser una empresa que se preocupa por el medio ambiente. Operamos en el mundo y utilizamos sus recursos para fabricar nuestros productos. El clima global y el bienestar del planeta es una preocupaci\u00f3n para nosotros y nos tomamos los desaf\u00edos en serio. Por lo tanto, Tele Radio est\u00e1 certificada seg\u00fan la norma ISO 14001, que exige que asumamos la responsabilidad de prevenir la contaminaci\u00f3n y que la administraci\u00f3n de nuestra empresa asuma la responsabilidad de mejorar a\u00f1o tras a\u00f1o.<\/p>\n\n\n\n<p>Reduciendo las emisiones de carbono a trav\u00e9s de un transporte m\u00e1s eficiente. Limitando el uso de productos qu\u00edmicos y elementos nocivos en nuestros productos para salvaguardar tanto a nuestros clientes como al medio ambiente.<\/p>\n\n\n\n<p>Tambi\u00e9n contribuimos con <strong>donaciones a WWF<\/strong> todos los a\u00f1os para preservar al tigre en peligro de extinci\u00f3n. Dado que el tigre ocupa un lugar destacado en nuestro marketing y de hecho, da nombre a uno de nuestros sistemas m\u00e1s emblem\u00e1ticos.<\/p>\n","protected":false},"excerpt":{"rendered":"<p>Tele Radio desarrolla sistemas de radiocontrol industrial desde hace m\u00e1s de 65 a\u00f1os Tele Radio desarrolla, fabrica y comercializa telemandos por radiocontrol de alta calidad para uso industrial. La compa\u00f1\u00eda se fund\u00f3 en 1955 en Suecia y desde entonces se ha convertido en un grupo extenso, el grupo Tele Radio. La oficina central se encuentra [&hellip;]<\/p>\n","protected":false},"author":1,"featured_media":27206,"parent":0,"menu_order":0,"comment_status":"closed","ping_status":"closed","template":"","meta":{"_acf_changed":false,"footnotes":""},"class_list":["post-5714","page","type-page","status-publish","has-post-thumbnail","hentry"],"acf":[],"_links":{"self":[{"href":"https:\/\/www.tele-radio.com\/es\/wp-json\/wp\/v2\/pages\/5714","targetHints":{"allow":["GET"]}}],"collection":[{"href":"https:\/\/www.tele-radio.com\/es\/wp-json\/wp\/v2\/pages"}],"about":[{"href":"https:\/\/www.tele-radio.com\/es\/wp-json\/wp\/v2\/types\/page"}],"author":[{"embeddable":true,"href":"https:\/\/www.tele-radio.com\/es\/wp-json\/wp\/v2\/users\/1"}],"replies":[{"embeddable":true,"href":"https:\/\/www.tele-radio.com\/es\/wp-json\/wp\/v2\/comments?post=5714"}],"version-history":[{"count":20,"href":"https:\/\/www.tele-radio.com\/es\/wp-json\/wp\/v2\/pages\/5714\/revisions"}],"predecessor-version":[{"id":100112,"href":"https:\/\/www.tele-radio.com\/es\/wp-json\/wp\/v2\/pages\/5714\/revisions\/100112"}],"wp:featuredmedia":[{"embeddable":true,"href":"https:\/\/www.tele-radio.com\/es\/wp-json\/wp\/v2\/media\/27206"}],"wp:attachment":[{"href":"https:\/\/www.tele-radio.com\/es\/wp-json\/wp\/v2\/media?parent=5714"}],"curies":[{"name":"wp","href":"https:\/\/api.w.org\/{rel}","templated":true}]}}