{"id":5600,"date":"2018-05-09T09:41:58","date_gmt":"2018-05-09T09:41:58","guid":{"rendered":"https:\/\/www.tele-radio.com\/downloads\/"},"modified":"2022-06-02T10:21:45","modified_gmt":"2022-06-02T10:21:45","slug":"descargas","status":"publish","type":"page","link":"https:\/\/www.tele-radio.com\/es\/soporte\/descargas\/","title":{"rendered":"Descargas"},"content":{"rendered":"\n<h1 class=\"wp-block-heading\">Descargas<\/h1>\n\n\n\n<p>Esta es la biblioteca de descargas de Tele Radio, aqu\u00ed puede descargar las instrucciones de instalaci\u00f3n, certificados, cartas notificadas y m\u00e1s. Algunos archivos est\u00e1n protegidos con contrase\u00f1a, p\u00f3ngase en contacto con su distribuidor local para obtener una contrase\u00f1a de acceso.<\/p>\n\n\n\n<h2 class=\"wp-block-heading\">En busca de&nbsp;informaci\u00f3n sobre antiguos productos<\/h2>\n\n\n\n<p>Tambi\u00e9n mantenemos informaci\u00f3n sobre nuestros productos m\u00e1s longevos. Encuentre su producto a continuaci\u00f3n y navegue hasta los documentos que necesita.<\/p>\n","protected":false},"excerpt":{"rendered":"<p>Descargas Esta es la biblioteca de descargas de Tele Radio, aqu\u00ed puede descargar las instrucciones de instalaci\u00f3n, certificados, cartas notificadas y m\u00e1s. Algunos archivos est\u00e1n protegidos con contrase\u00f1a, p\u00f3ngase en contacto con su distribuidor local para obtener una contrase\u00f1a de acceso. En busca de&nbsp;informaci\u00f3n sobre antiguos productos Tambi\u00e9n mantenemos informaci\u00f3n sobre nuestros productos m\u00e1s longevos. [&hellip;]<\/p>\n","protected":false},"author":1,"featured_media":10049,"parent":7008,"menu_order":0,"comment_status":"closed","ping_status":"closed","template":"page-templates\/downloads.php","meta":{"_acf_changed":false,"footnotes":""},"class_list":["post-5600","page","type-page","status-publish","has-post-thumbnail","hentry"],"acf":[],"_links":{"self":[{"href":"https:\/\/www.tele-radio.com\/es\/wp-json\/wp\/v2\/pages\/5600","targetHints":{"allow":["GET"]}}],"collection":[{"href":"https:\/\/www.tele-radio.com\/es\/wp-json\/wp\/v2\/pages"}],"about":[{"href":"https:\/\/www.tele-radio.com\/es\/wp-json\/wp\/v2\/types\/page"}],"author":[{"embeddable":true,"href":"https:\/\/www.tele-radio.com\/es\/wp-json\/wp\/v2\/users\/1"}],"replies":[{"embeddable":true,"href":"https:\/\/www.tele-radio.com\/es\/wp-json\/wp\/v2\/comments?post=5600"}],"version-history":[{"count":7,"href":"https:\/\/www.tele-radio.com\/es\/wp-json\/wp\/v2\/pages\/5600\/revisions"}],"predecessor-version":[{"id":104018,"href":"https:\/\/www.tele-radio.com\/es\/wp-json\/wp\/v2\/pages\/5600\/revisions\/104018"}],"up":[{"embeddable":true,"href":"https:\/\/www.tele-radio.com\/es\/wp-json\/wp\/v2\/pages\/7008"}],"wp:featuredmedia":[{"embeddable":true,"href":"https:\/\/www.tele-radio.com\/es\/wp-json\/wp\/v2\/media\/10049"}],"wp:attachment":[{"href":"https:\/\/www.tele-radio.com\/es\/wp-json\/wp\/v2\/media?parent=5600"}],"curies":[{"name":"wp","href":"https:\/\/api.w.org\/{rel}","templated":true}]}}