{"id":52964,"date":"2020-11-17T13:09:04","date_gmt":"2020-11-17T13:09:04","guid":{"rendered":"https:\/\/www.tele-radio.com\/?page_id=52964"},"modified":"2025-02-19T14:07:51","modified_gmt":"2025-02-19T14:07:51","slug":"control-remoto-shuttle-pallets","status":"publish","type":"page","link":"https:\/\/www.tele-radio.com\/es\/control-remoto-shuttle-pallets\/","title":{"rendered":"Control Remoto para Shuttle Pallets y almacenes autom\u00e1ticos"},"content":{"rendered":"\n<div style=\"height:40px\" aria-hidden=\"true\" class=\"wp-block-spacer\"><\/div>\n\n\n\n<h2 class=\"wp-block-heading has-text-align-left\">\u00bfEn qu\u00e9 consiste un sistema Shuttle Pallet?<\/h2>\n\n\n\n<div class=\"wp-block-columns is-layout-flex wp-container-core-columns-is-layout-9d6595d7 wp-block-columns-is-layout-flex\">\n<div class=\"wp-block-column is-layout-flow wp-block-column-is-layout-flow\" style=\"flex-basis:55%\">\n<p>Los <strong>shuttle pallets, radio shuttle, o carros sat\u00e9lites inteligentes<\/strong> en espa\u00f1ol, son una soluci\u00f3n de almacenaje y paletizaci\u00f3n de alta densidad para optimizar costes y espacios. Funciona mediante un carro que circula por las calles de las estanter\u00edas para llevar y traer mercanc\u00eda. Es un sistema que transporta pallets de forma aut\u00f3noma o semi-aut\u00f3noma, y <strong>se pueden controlar y monitorear mediante control remoto<\/strong> para shuttle pallets por parte del operario, ya sea para el control rutinario o para el rescate de shuttles sin bater\u00eda o averiados.<\/p>\n\n\n\n<p>Una vez se deposita un art\u00edculo en el carro (shuttle), se transporta hasta el final de la estanter\u00eda o en la \u00faltima posici\u00f3n disponible. Cuando se ha depositado el pallet, el carro vuelve a la posici\u00f3n inicial para recoger el siguiente pallet. <\/p>\n\n\n\n<p>Este sistema se ha popularizado recientemente para la implementaci\u00f3n de <strong>almacenes autom\u00e1ticos<\/strong>.<\/p>\n<\/div>\n\n\n\n<div class=\"wp-block-column is-layout-flow wp-block-column-is-layout-flow\"><div class=\"wp-block-image\">\n<figure class=\"aligncenter size-full is-resized\"><img loading=\"lazy\" decoding=\"async\" width=\"616\" height=\"594\" src=\"https:\/\/www.tele-radio.com\/app\/uploads\/radio-shuttle-pallet-tr-1.jpg\" alt=\"Shuttle pallets\" class=\"wp-image-53475\" style=\"width:308px;height:297px\" srcset=\"https:\/\/www.tele-radio.com\/app\/uploads\/radio-shuttle-pallet-tr-1.jpg 616w, https:\/\/www.tele-radio.com\/app\/uploads\/radio-shuttle-pallet-tr-1-400x386.jpg 400w, https:\/\/www.tele-radio.com\/app\/uploads\/radio-shuttle-pallet-tr-1-500x482.jpg 500w\" sizes=\"auto, (max-width: 616px) 100vw, 616px\" \/><\/figure><\/div><\/div>\n<\/div>\n\n\n\n<div class=\"wp-block-buttons is-horizontal is-content-justification-center is-layout-flex wp-container-core-buttons-is-layout-499968f5 wp-block-buttons-is-layout-flex\">\n<div class=\"wp-block-button\"><a class=\"wp-block-button__link has-black-color has-text-color has-background wp-element-button\" href=\"#info\" style=\"border-radius:7px;background-color:#fbba00\"><strong>Obt\u00e9n m\u00e1s informaci\u00f3n<\/strong><\/a><\/div>\n<\/div>\n\n\n\n<div style=\"height:30px\" aria-hidden=\"true\" class=\"wp-block-spacer\"><\/div>\n\n\n\n<div class=\"wp-block-cover is-light\"><span aria-hidden=\"true\" class=\"wp-block-cover__background has-very-light-gray-background-color has-background-dim-100 has-background-dim\"><\/span><div class=\"wp-block-cover__inner-container is-layout-flow wp-block-cover-is-layout-flow\">\n<div style=\"height:40px\" aria-hidden=\"true\" class=\"wp-block-spacer\"><\/div>\n\n\n\n<h2 class=\"wp-block-heading has-very-dark-gray-color has-text-color\">Ventajas del Control Remoto para Shuttle Pallets frente a otras comunicaciones inal\u00e1mbricas<\/h2>\n\n\n\n<p class=\"has-very-dark-gray-color has-text-color\">Existen multitud de tecnolog\u00edas inal\u00e1mbricas. Fabricantes en el sector de shuttle pallets se plantean el uso de <strong>otras comunicaciones inal\u00e1mbricas como Wifi<\/strong>. No obstante,&nbsp;debido a la naturaleza propia de este tipo de tecnolog\u00edas de comunicaci\u00f3n, podr\u00edan haber problemas de <strong>interferencias o falta de alcance<\/strong> en algunos casos.<\/p>\n\n\n\n<p class=\"has-very-dark-gray-color has-text-color\">La <strong>radiofrecuencia<\/strong> industrial, que es el tipo de comunicaci\u00f3n que suelen emplear los equipos de control remoto industrial, ofrecen un <strong>mayor alcance<\/strong> por prestaciones. Esto es importante en los entornos donde se emplea shuttle pallets, que suelen ser grandes <strong>almacenes<\/strong> con largas distancias, estanter\u00edas met\u00e1licas, y obst\u00e1culos entre el operario y el receptor de los carros.<\/p>\n\n\n\n<p class=\"has-very-dark-gray-color has-text-color\">El uso de wifi suele combinarse con la utilizaci\u00f3n de <strong>tablets<\/strong>. Si bien es cierto que estos sistemas brindan la oportunidad de enviar y recibir gran cantidad de datos, es totalmente compatible con el uso <strong>de mandos para la carga y descarga de pallets<\/strong> en casos especiales de mantenimiento y supervisi\u00f3n.<\/p>\n\n\n\n<div style=\"height:40px\" aria-hidden=\"true\" class=\"wp-block-spacer\"><\/div>\n<\/div><\/div>\n\n\n\n<div style=\"height:40px\" aria-hidden=\"true\" class=\"wp-block-spacer\"><\/div>\n\n\n\n<h2 class=\"wp-block-heading has-very-dark-gray-color has-text-color\">Uso de tablets vs Mando para carga y descarga de palets<\/h2>\n\n\n<div class=\"wp-block-image\">\n<figure class=\"aligncenter size-large is-resized\"><img loading=\"lazy\" decoding=\"async\" width=\"1200\" height=\"459\" src=\"https:\/\/www.tele-radio.com\/app\/uploads\/tablet-vs-control-remoto-industrial-shuttle-pallet-1-1200x459.jpg\" alt=\"Tablet vs control remoto para shuttle pallets\" class=\"wp-image-53518\" style=\"width:900px;height:344px\" srcset=\"https:\/\/www.tele-radio.com\/app\/uploads\/tablet-vs-control-remoto-industrial-shuttle-pallet-1-1200x459.jpg 1200w, https:\/\/www.tele-radio.com\/app\/uploads\/tablet-vs-control-remoto-industrial-shuttle-pallet-1-400x153.jpg 400w, https:\/\/www.tele-radio.com\/app\/uploads\/tablet-vs-control-remoto-industrial-shuttle-pallet-1-768x294.jpg 768w, https:\/\/www.tele-radio.com\/app\/uploads\/tablet-vs-control-remoto-industrial-shuttle-pallet-1-750x287.jpg 750w, https:\/\/www.tele-radio.com\/app\/uploads\/tablet-vs-control-remoto-industrial-shuttle-pallet-1-500x191.jpg 500w, https:\/\/www.tele-radio.com\/app\/uploads\/tablet-vs-control-remoto-industrial-shuttle-pallet-1-800x306.jpg 800w, https:\/\/www.tele-radio.com\/app\/uploads\/tablet-vs-control-remoto-industrial-shuttle-pallet-1.jpg 1400w\" sizes=\"auto, (max-width: 1200px) 100vw, 1200px\" \/><\/figure><\/div>\n\n\n<p class=\"has-very-dark-gray-color has-text-color\">Sencillamente <strong>las tablets comerciales no fueron creadas para uso industrial<\/strong>, sino dom\u00e9stico o de oficina. A nivel de software dependen de una App instalada sobre Android o iOS, lo cual requiere un desarrollo y mantenimiento por parte de empresas externas. <\/p>\n\n\n\n<p class=\"has-very-dark-gray-color has-text-color\">Una tablet puede mostrar mayor informaci\u00f3n de forma visual sobre el sistema de radio shuttle, no obstante, hay que tener en cuenta que una <strong>tablet no dispone de la misma robustez, estanqueidad<\/strong> ni ergonom\u00eda que un transmisor industrial. <strong>Combinar ambas soluciones<\/strong> puede ser id\u00f3neo.<\/p>\n\n\n\n<p class=\"has-very-dark-gray-color has-text-color\">La duraci\u00f3n de la bater\u00eda en tablets, una pantalla t\u00e1ctil que puede ser fr\u00e1gil, no poder utilizar guantes y el uso con botones delicados en comparaci\u00f3n con los telemandos industriales, son algunos<strong> motivos <\/strong>que hacen a las empresas recurrir a mandos para la carga y descarga de palets.<\/p>\n\n\n\n<p class=\"has-very-dark-gray-color has-text-color\">Nuestros transmisores utilizan bater\u00edas de Litio y seg\u00fan el modelo, tienen una capacidad de <strong>hasta 130 horas de uso continuo<\/strong> (PN-T19-2). Una duraci\u00f3n totalmente inalcanzable para cualquier tablet y dif\u00edcilmente para otro radiocontrol en el mercado.<\/p>\n\n\n\n<p class=\"has-very-dark-gray-color has-text-color\">Los sistemas de control remoto para shuttle pallets est\u00e1n dise\u00f1ados para resistir golpes, ca\u00eddas, y disponen de certificaciones IP de <strong>protecci\u00f3n ante agua y polvo<\/strong>. Tambi\u00e9n resisten temperaturas desde <strong>-20 hasta +55 \u00b0C<\/strong>.<\/p>\n\n\n\n<div class=\"wp-block-media-text alignwide is-stacked-on-mobile is-vertically-aligned-center is-image-fill has-very-light-gray-background-color has-background\"><figure class=\"wp-block-media-text__media\" style=\"background-image:url(https:\/\/www.tele-radio.com\/app\/uploads\/seta.jpg);background-position:50% 50%\"><img loading=\"lazy\" decoding=\"async\" width=\"300\" height=\"300\" src=\"https:\/\/www.tele-radio.com\/app\/uploads\/seta.jpg\" alt=\"Seta de paro en control remoto\" class=\"wp-image-55276 size-full\" srcset=\"https:\/\/www.tele-radio.com\/app\/uploads\/seta.jpg 300w, https:\/\/www.tele-radio.com\/app\/uploads\/seta-150x150.jpg 150w, https:\/\/www.tele-radio.com\/app\/uploads\/seta-250x250.jpg 250w\" sizes=\"auto, (max-width: 300px) 100vw, 300px\" \/><\/figure><div class=\"wp-block-media-text__content\">\n<p class=\"has-very-dark-gray-color has-text-color has-large-font-size\">Ante una situaci\u00f3n de emergencia, disponer de una seta de paro certificada al alcance de la mano, aporta una gran seguridad a la aplicaci\u00f3n. <\/p>\n<\/div><\/div>\n\n\n\n<div style=\"height:30px\" aria-hidden=\"true\" class=\"wp-block-spacer\"><\/div>\n\n\n\n<h2 class=\"wp-block-heading\">Mandos de control remoto para shuttle pallets<\/h2>\n\n\n\n<p>Se pueden <strong><a href=\"https:\/\/www.tele-radio.com\/es\/caratulas-personalizadas\/\" target=\"_blank\" aria-label=\"undefined (opens in a new tab)\" rel=\"noreferrer noopener\">personalizar las car\u00e1tulas<\/a><\/strong> con los colores corporativos de su empresa, logo y los s\u00edmbolos que desee para las maniobras en los botones. Estas car\u00e1tulas son fabricadas con material resistente a UV, ralladuras y l\u00edquidos; adem\u00e1s utilizan adhesivo 3M.<\/p>\n\n\n\n<div class=\"wp-block-columns are-vertically-aligned-center is-layout-flex wp-container-core-columns-is-layout-9d6595d7 wp-block-columns-is-layout-flex\">\n<div class=\"wp-block-column is-vertically-aligned-center yellcolumns is-layout-flow wp-block-column-is-layout-flow\">\n<p class=\"has-text-align-center has-black-color has-text-color has-link-color has-medium-font-size wp-elements-34257127049501daa8a2a512df058176\"><strong><a href=\"https:\/\/www.tele-radio.com\/es\/products\/panther\/panther-transmisor-8-botones-2-pasos-pld-cat3\/\" target=\"_blank\" aria-label=\"undefined (opens in a new tab)\" rel=\"noreferrer noopener\">Panther PN-T19-2<\/a><\/strong><\/p>\n\n\n<div class=\"wp-block-image\">\n<figure class=\"aligncenter size-large\"><img loading=\"lazy\" decoding=\"async\" width=\"95\" height=\"211\" src=\"https:\/\/www.tele-radio.com\/app\/uploads\/panther-teleradio-shuttle-pallet.png\" alt=\"Mando inal\u00e1mbrico para controlar shuttle pallets\" class=\"wp-image-55209\"\/><\/figure><\/div><\/div>\n\n\n\n<div class=\"wp-block-column is-vertically-aligned-center yellcolumns is-layout-flow wp-block-column-is-layout-flow\">\n<p class=\"has-text-align-center has-black-color has-text-color has-link-color has-medium-font-size wp-elements-e771091af1a7f6fdf3f28536c28dfb16\"><strong><a href=\"https:\/\/www.tele-radio.com\/es\/products\/tiger-g2\/transmisor-tiger-g2-6-botones-2-pasos-pantalla-ple-sil3\/\" target=\"_blank\" aria-label=\"undefined (opens in a new tab)\" rel=\"noreferrer noopener\">Tiger TG-T9-2<\/a><\/strong><\/p>\n\n\n<div class=\"wp-block-image\">\n<figure class=\"aligncenter size-full\"><img loading=\"lazy\" decoding=\"async\" width=\"100\" height=\"210\" src=\"https:\/\/www.tele-radio.com\/app\/uploads\/TG-T11-4-pallet-shuttle-teleradio-1.png\" alt=\"Mando serie Tiger de control remoto para shuttle pallets\" class=\"wp-image-55151\"\/><\/figure><\/div><\/div>\n\n\n\n<div class=\"wp-block-column is-vertically-aligned-center yellcolumns is-layout-flow wp-block-column-is-layout-flow\">\n<p class=\"has-text-align-center has-black-color has-text-color has-link-color has-medium-font-size wp-elements-9b867ba9fd2f9f9caaa85c8e7c1a3142\"><strong><a href=\"https:\/\/www.tele-radio.com\/es\/products\/tiger-g2\/transmisor-tiger-g2-10-botones-2-pasos-pantalla-ple-sil3\/\" target=\"_blank\" aria-label=\"undefined (opens in a new tab)\" rel=\"noreferrer noopener\">Tiger TG-T11-4<\/a><\/strong><\/p>\n\n\n<div class=\"wp-block-image\">\n<figure class=\"aligncenter size-large\"><img loading=\"lazy\" decoding=\"async\" width=\"80\" height=\"211\" src=\"https:\/\/www.tele-radio.com\/app\/uploads\/tiger-TG-T11-4-radio-shuttle-pallet-tr.png\" alt=\"Mando inal\u00e1mbrico de la serie Tiger para controlar shuttle pallets\" class=\"wp-image-55174\"\/><\/figure><\/div><\/div>\n<\/div>\n\n\n\n<p>Los sistemas TIGER tienen una funci\u00f3n de parada con certificaci\u00f3n SIL3 PLe, mientras que PANTHER es PLd CAT3.<\/p>\n\n\n\n<p>Con nuestros equipos TIGER, puede controlar desde un mismo mando inal\u00e1mbrico varios carros sat\u00e9lite, seleccionando cu\u00e1l desea maniobrar desde el propio transmisor.<\/p>\n\n\n\n<h3 class=\"wp-block-heading\">Trabajo sin interrupci\u00f3n<\/h3>\n\n\n\n<p>Sabemos que interrumpir la operaci\u00f3n en un almac\u00e9n o centro log\u00edstico puede suponer costes. Por ello, en caso de aver\u00eda o p\u00e9rdida del transmisor, puede reemplazarlo por un nuevo control remoto para shuttle pallets muy f\u00e1cilmente:<\/p>\n\n\n\n<blockquote class=\"wp-block-quote is-layout-flow wp-block-quote-is-layout-flow\">\n<p>Cada mando dispone de un c\u00f3digo \u00fanico. Para sustituir un mando por otro, se accede a un men\u00fa con el nuevo mando y se introduce el c\u00f3digo del antiguo. De esta forma, <strong>en 15 segundos<\/strong> habr\u00e1 reemplazado y eliminado el primer dispositivo del receptor y en adelante s\u00f3lo funcionar\u00e1 el nuevo. Compruebe c\u00f3mo en <a aria-label=\"undefined (opens in a new tab)\" href=\"https:\/\/www.tele-radio.com\/es\/reemplazar-un-mando-panther-de-tele-radio-por-otro\/\" target=\"_blank\" rel=\"noreferrer noopener\">este link<\/a>.<\/p>\n<\/blockquote>\n\n\n\n<div style=\"height:30px\" aria-hidden=\"true\" class=\"wp-block-spacer\"><\/div>\n\n\n\n<div class=\"wp-block-media-text alignwide is-stacked-on-mobile is-vertically-aligned-center has-very-light-gray-background-color has-background\"><figure class=\"wp-block-media-text__media\"><img loading=\"lazy\" decoding=\"async\" width=\"866\" height=\"468\" src=\"https:\/\/www.tele-radio.com\/app\/uploads\/pantalla-control-remoto-shuttle-pallet-teleradio.jpg\" alt=\"\" class=\"wp-image-53117 size-full\" srcset=\"https:\/\/www.tele-radio.com\/app\/uploads\/pantalla-control-remoto-shuttle-pallet-teleradio.jpg 866w, https:\/\/www.tele-radio.com\/app\/uploads\/pantalla-control-remoto-shuttle-pallet-teleradio-400x216.jpg 400w, https:\/\/www.tele-radio.com\/app\/uploads\/pantalla-control-remoto-shuttle-pallet-teleradio-768x415.jpg 768w, https:\/\/www.tele-radio.com\/app\/uploads\/pantalla-control-remoto-shuttle-pallet-teleradio-750x405.jpg 750w, https:\/\/www.tele-radio.com\/app\/uploads\/pantalla-control-remoto-shuttle-pallet-teleradio-500x270.jpg 500w, https:\/\/www.tele-radio.com\/app\/uploads\/pantalla-control-remoto-shuttle-pallet-teleradio-800x432.jpg 800w\" sizes=\"auto, (max-width: 866px) 100vw, 866px\" \/><\/figure><div class=\"wp-block-media-text__content\">\n<p style=\"font-size:30px\">Los transmisores Tiger pueden mostrar informaci\u00f3n de los carros como alarmas, valores, datos de los pallets a controlar, el carro seleccionado en ese momento, etc.<\/p>\n<\/div><\/div>\n\n\n\n<div style=\"height:60px\" aria-hidden=\"true\" class=\"wp-block-spacer\"><\/div>\n\n\n\n<p class=\"has-text-align-left has-large-font-size\" id=\"info\">Contacto<\/p>\n\n\n\n<div class=\"wp-block-columns is-layout-flex wp-container-core-columns-is-layout-9d6595d7 wp-block-columns-is-layout-flex\">\n<div class=\"wp-block-column is-layout-flow wp-block-column-is-layout-flow\" style=\"flex-basis:66.66%\">\n<div class=\"wpcf7 no-js\" id=\"wpcf7-f45404-o1\" lang=\"en-EN\" dir=\"ltr\" data-wpcf7-id=\"45404\">\n<div class=\"screen-reader-response\"><p role=\"status\" aria-live=\"polite\" aria-atomic=\"true\"><\/p> <ul><\/ul><\/div>\n<form action=\"\/es\/wp-json\/wp\/v2\/pages\/52964#wpcf7-f45404-o1\" method=\"post\" class=\"wpcf7-form init\" aria-label=\"Contact form\" novalidate=\"novalidate\" data-status=\"init\">\n<fieldset class=\"hidden-fields-container\"><input type=\"hidden\" name=\"_wpcf7\" value=\"45404\" \/><input type=\"hidden\" name=\"_wpcf7_version\" value=\"6.1\" \/><input type=\"hidden\" name=\"_wpcf7_locale\" value=\"en_EN\" \/><input type=\"hidden\" name=\"_wpcf7_unit_tag\" value=\"wpcf7-f45404-o1\" \/><input type=\"hidden\" name=\"_wpcf7_container_post\" value=\"0\" \/><input type=\"hidden\" name=\"_wpcf7_posted_data_hash\" value=\"\" \/><input type=\"hidden\" name=\"_wpcf7_recaptcha_response\" value=\"\" \/>\n<\/fieldset>\n<p><label> Nombre*<br \/>\n<span class=\"wpcf7-form-control-wrap\" data-name=\"nombre\"><input size=\"40\" maxlength=\"400\" class=\"wpcf7-form-control wpcf7-text wpcf7-validates-as-required\" aria-required=\"true\" aria-invalid=\"false\" placeholder=\"Su nombre\" value=\"\" type=\"text\" name=\"nombre\" \/><\/span> <\/label>\n<\/p>\n<p><label> Email*<br \/>\n<span class=\"wpcf7-form-control-wrap\" data-name=\"tu-email\"><input size=\"40\" maxlength=\"400\" class=\"wpcf7-form-control wpcf7-email wpcf7-validates-as-required wpcf7-text wpcf7-validates-as-email\" aria-required=\"true\" aria-invalid=\"false\" placeholder=\"Su email\" value=\"\" type=\"email\" name=\"tu-email\" \/><\/span> <\/label>\n<\/p>\n<p><label> Tel\u00e9fono<br \/>\n<span class=\"wpcf7-form-control-wrap\" data-name=\"tu-tfno\"><input size=\"40\" maxlength=\"400\" class=\"wpcf7-form-control wpcf7-tel wpcf7-text wpcf7-validates-as-tel\" aria-invalid=\"false\" placeholder=\"Tel\u00e9fono de contacto\" value=\"\" type=\"tel\" name=\"tu-tfno\" \/><\/span> <\/label>\n<\/p>\n<p><label> Provincia*<br \/>\n<span class=\"wpcf7-form-control-wrap\" data-name=\"Provincia\"><select class=\"wpcf7-form-control wpcf7-select\" aria-invalid=\"false\" name=\"Provincia\"><option value=\"\">&#8212;Please choose an option&#8212;<\/option><option value=\"A Coru\u00f1a\">A Coru\u00f1a<\/option><option value=\"\u00c1lava\">\u00c1lava<\/option><option value=\"Albacete\">Albacete<\/option><option value=\"Alicante\">Alicante<\/option><option value=\"Almer\u00eda\">Almer\u00eda<\/option><option value=\"Asturias\">Asturias<\/option><option value=\"\u00c1vila\">\u00c1vila<\/option><option value=\"Badajoz\">Badajoz<\/option><option value=\"Baleares\">Baleares<\/option><option value=\"Barcelona\">Barcelona<\/option><option value=\"Bizkaia\">Bizkaia<\/option><option value=\"Burgos\">Burgos<\/option><option value=\"C\u00e1ceres\">C\u00e1ceres<\/option><option value=\"C\u00e1diz\">C\u00e1diz<\/option><option value=\"Cantabria\">Cantabria<\/option><option value=\"Castell\u00f3n\">Castell\u00f3n<\/option><option value=\"Ceuta\">Ceuta<\/option><option value=\"Ciudad Real\">Ciudad Real<\/option><option value=\"C\u00f3rdoba\">C\u00f3rdoba<\/option><option value=\"Cuenca\">Cuenca<\/option><option value=\"Girona\">Girona<\/option><option value=\"Granada\">Granada<\/option><option value=\"Guadalajara\">Guadalajara<\/option><option value=\"Gipuzkoa\">Gipuzkoa<\/option><option value=\"Huelva\">Huelva<\/option><option value=\"Huesca\">Huesca<\/option><option value=\"Ja\u00e9n\">Ja\u00e9n<\/option><option value=\"La Rioja\">La Rioja<\/option><option value=\"Las Palmas\">Las Palmas<\/option><option value=\"Le\u00f3n\">Le\u00f3n<\/option><option value=\"L\u00e9rida\">L\u00e9rida<\/option><option value=\"Lugo\">Lugo<\/option><option value=\"Madrid\">Madrid<\/option><option value=\"M\u00e1laga\">M\u00e1laga<\/option><option value=\"Melilla\">Melilla<\/option><option value=\"Murcia\">Murcia<\/option><option value=\"Navarra\">Navarra<\/option><option value=\"Ourense\">Ourense<\/option><option value=\"Palencia\">Palencia<\/option><option value=\"Pontevedra\">Pontevedra<\/option><option value=\"Salamanca\">Salamanca<\/option><option value=\"Segovia\">Segovia<\/option><option value=\"Sevilla\">Sevilla<\/option><option value=\"Soria\">Soria<\/option><option value=\"Tarragona\">Tarragona<\/option><option value=\"Santa Cruz de Tenerife\">Santa Cruz de Tenerife<\/option><option value=\"Teruel\">Teruel<\/option><option value=\"Toledo\">Toledo<\/option><option value=\"Valencia\">Valencia<\/option><option value=\"Valladolid\">Valladolid<\/option><option value=\"Zamora\">Zamora<\/option><option value=\"Zaragoza\">Zaragoza<\/option><\/select><\/span> <\/label>\n<\/p>\n<p><label> Tu mensaje*<br \/>\n<span class=\"wpcf7-form-control-wrap\" data-name=\"your-message\"><textarea cols=\"40\" rows=\"10\" maxlength=\"2000\" class=\"wpcf7-form-control wpcf7-textarea wpcf7-validates-as-required\" aria-required=\"true\" aria-invalid=\"false\" placeholder=\"Escriba aqu\u00ed en qu\u00e9 mando, equipo o aplicaci\u00f3n est\u00e1 interesado; o si tiene alguna duda.\" name=\"your-message\"><\/textarea><\/span> <\/label>\n<\/p>\n<p><span class=\"wpcf7-form-control-wrap\" data-name=\"acceptance-322\"><span class=\"wpcf7-form-control wpcf7-acceptance\"><span class=\"wpcf7-list-item\"><label><input type=\"checkbox\" name=\"acceptance-322\" value=\"1\" aria-invalid=\"false\" \/><span class=\"wpcf7-list-item-label\">He le\u00eddo y acepto las <a href=\"https:\/\/www.tele-radio.com\/es\/politica-de-privacidad-y-cookies\/\" target=\"_blank\">condiciones de privacidad<\/a>.*<\/span><\/label><\/span><\/span><\/span>\n<\/p>\n<p><input class=\"wpcf7-form-control wpcf7-submit has-spinner\" type=\"submit\" value=\"Enviar\" \/>\n<\/p><div class=\"wpcf7-response-output\" aria-hidden=\"true\"><\/div>\n<\/form>\n<\/div>\n\r\n\t\t\t\t<script>\r\n\t\t\t\tif ( typeof huOptions !== 'undefined' ) {\r\n\t\t\t\t\tvar huFormData = {\"source\":\"contactform7\",\"id\":45404,\"title\":\"TRESP-comercial\",\"fields\":{\"subject\":{\"first_name\":\"your-name\",\"email\":\"your-email\"},\"preferences\":{\"terms\":\"your-consent\"}}};\r\n\t\t\t\t\tvar huFormNode = document.querySelector( '[id^=\"wpcf7-f45404-\"] form' );\r\n\r\n\t\t\t\t\thuFormData['node'] = huFormNode;\r\n\t\t\t\t\thuOptions['forms'].push( huFormData );\r\n\t\t\t\t}\r\n\t\t\t\t<\/script>\n<\/div>\n\n\n\n<div class=\"wp-block-column is-layout-flow wp-block-column-is-layout-flow\" style=\"flex-basis:33.33%\"><\/div>\n<\/div>\n","protected":false},"excerpt":{"rendered":"<p>\u00bfEn qu\u00e9 consiste un sistema Shuttle Pallet? Los shuttle pallets, radio shuttle, o carros sat\u00e9lites inteligentes en espa\u00f1ol, son una soluci\u00f3n de almacenaje y paletizaci\u00f3n de alta densidad para optimizar costes y espacios. Funciona mediante un carro que circula por las calles de las estanter\u00edas para llevar y traer mercanc\u00eda. Es un sistema que transporta [&hellip;]<\/p>\n","protected":false},"author":54,"featured_media":0,"parent":0,"menu_order":0,"comment_status":"closed","ping_status":"closed","template":"","meta":{"_acf_changed":false,"footnotes":""},"class_list":["post-52964","page","type-page","status-publish","hentry"],"acf":[],"_links":{"self":[{"href":"https:\/\/www.tele-radio.com\/es\/wp-json\/wp\/v2\/pages\/52964","targetHints":{"allow":["GET"]}}],"collection":[{"href":"https:\/\/www.tele-radio.com\/es\/wp-json\/wp\/v2\/pages"}],"about":[{"href":"https:\/\/www.tele-radio.com\/es\/wp-json\/wp\/v2\/types\/page"}],"author":[{"embeddable":true,"href":"https:\/\/www.tele-radio.com\/es\/wp-json\/wp\/v2\/users\/54"}],"replies":[{"embeddable":true,"href":"https:\/\/www.tele-radio.com\/es\/wp-json\/wp\/v2\/comments?post=52964"}],"version-history":[{"count":111,"href":"https:\/\/www.tele-radio.com\/es\/wp-json\/wp\/v2\/pages\/52964\/revisions"}],"predecessor-version":[{"id":245632,"href":"https:\/\/www.tele-radio.com\/es\/wp-json\/wp\/v2\/pages\/52964\/revisions\/245632"}],"wp:attachment":[{"href":"https:\/\/www.tele-radio.com\/es\/wp-json\/wp\/v2\/media?parent=52964"}],"curies":[{"name":"wp","href":"https:\/\/api.w.org\/{rel}","templated":true}]}}