{"id":38492,"date":"2020-04-23T14:28:59","date_gmt":"2020-04-23T14:28:59","guid":{"rendered":"https:\/\/www.tele-radio.com\/?page_id=38492"},"modified":"2025-10-23T10:19:14","modified_gmt":"2025-10-23T10:19:14","slug":"tandem-intercomunicado","status":"publish","type":"page","link":"https:\/\/www.tele-radio.com\/es\/tandem-intercomunicado\/","title":{"rendered":"Gr\u00faas en T\u00e1ndem intercomunicado por control remoto"},"content":{"rendered":"\n<h1 class=\"wp-block-heading\">Gr\u00faas en T\u00e1ndem intercomunicado por control remoto<\/h1>\n\n\n\n<div class=\"wp-block-columns is-layout-flex wp-container-core-columns-is-layout-9d6595d7 wp-block-columns-is-layout-flex\">\n<div class=\"wp-block-column is-vertically-aligned-center is-layout-flow wp-block-column-is-layout-flow\" style=\"flex-basis:33.33%\">\n<p>Para la manipulaci\u00f3n y elevaci\u00f3n de cargas de gran tonelaje y\/o de grandes dimensiones, se suele recurrir al uso simult\u00e1neo de dos (o incluso tres o cuatro) gr\u00faas o carros controlados a la vez desde un mismo control remoto, \u00e9ste act\u00faa como maestro. El operario en cualquier momento podr\u00e1 elegir el carro o gr\u00faa a controlar, desde la ubicaci\u00f3n m\u00e1s apropiada con un mayor campo visual y la distancia de seguridad necesaria. Con el sistema de gr\u00faas en t\u00e1ndem el usuario puede controlarlas de forma remota.<\/p>\n\n\n\n<p>Para un control seguro en elevaci\u00f3n <strong>t\u00e1ndem<\/strong>, es obligatoria la comunicaci\u00f3n entre gr\u00faas, <strong>con equipos transceptores intercomunicados entre s\u00ed<\/strong> <strong>en todos sus movimientos<\/strong>, esto indudablemente incrementa la seguridad de la aplicaci\u00f3n debido a la intercomunicaci\u00f3n ininterrumpida entre los receptores en las gr\u00faas. Generalmente cuando una gr\u00faa o carro llega al primer final de carrera pasar\u00e1 de velocidad r\u00e1pida a lenta de forma sincronizada con el resto y tras ello, al activar el otro final de carrera se detendr\u00e1 completamente, en todo momento ambas gr\u00faas deben estar sincronizadas para que tanto la carga como los trabajadores no sufran accidente alguno. Se puede aplicar tambi\u00e9n para polipastos en caso de llegar al l\u00edmite de carga en elevaci\u00f3n.<\/p>\n<\/div>\n\n\n\n<div class=\"wp-block-column is-layout-flow wp-block-column-is-layout-flow\" style=\"flex-basis:40%\">\n<figure class=\"wp-block-video aligncenter\"><video controls loop muted src=\"https:\/\/www.tele-radio.com\/app\/uploads\/tandem-1.mp4\"><\/video><\/figure>\n<\/div>\n<\/div>\n\n\n\n<div style=\"height:30px\" aria-hidden=\"true\" class=\"wp-block-spacer\"><\/div>\n\n\n\n<div class=\"wp-block-buttons is-content-justification-center is-layout-flex wp-container-core-buttons-is-layout-16018d1d wp-block-buttons-is-layout-flex\">\n<div class=\"wp-block-button is-style-fill\"><a class=\"wp-block-button__link has-black-color has-text-color has-background has-text-align-center wp-element-button\" href=\"#contacto\" style=\"border-radius:10px;background-color:#ffb300\"><strong>Contacto<\/strong><\/a><\/div>\n<\/div>\n\n\n\n<div style=\"height:30px\" aria-hidden=\"true\" class=\"wp-block-spacer\"><\/div>\n\n\n\n<p>Los <strong>equipos Tele Radio para elevaci\u00f3n en t\u00e1ndem, cumplen con la norma europea<\/strong> <strong>EN15011:2011-05, <\/strong>la cual especifica que en los equipos de elevaci\u00f3n con funci\u00f3n t\u00e1ndem deben ir intercomunicados en todos sus movimientos.<\/p>\n\n\n\n<h2 class=\"wp-block-heading\">Ejemplos de aplicaciones de elevaci\u00f3n en t\u00e1ndem m\u00e1s comunes:<\/h2>\n\n\n\n<h3 class=\"wp-block-heading\"><strong>Elevaci\u00f3n en t\u00e1ndem modo 1\/2\/1+2 &nbsp;(dos puentes gr\u00faa)<\/strong><\/h3>\n\n\n\n<p>En este modo se dispone de dos transmisores inal\u00e1mbricos y dos receptores (uno para cada gr\u00faa). Uno de los transmisores se configura como <strong><u>maestro<\/u><\/strong> y el otro como <strong><u>esclavo<\/u><\/strong>. El usuario puede escoger la gr\u00faa con la que quiere trabajar de forma individual, o bien puede utilizar el transmisor maestro para trabajar en <strong><u>modo t\u00e1ndem<\/u><\/strong>, es decir, mover simult\u00e1neamente ambas gr\u00faas. Cuando se active cualquiera de las se\u00f1ales (por final de carrera o por sobrecarga en los polipastos, por ejemplo), lo comunicar\u00e1 inmediatamente al 2\u00ba receptor para detener ambas gr\u00faas al instante.<\/p>\n\n\n<div class=\"wp-block-image wp-image-38554\">\n<figure class=\"aligncenter\"><img loading=\"lazy\" decoding=\"async\" width=\"450\" height=\"338\" src=\"https:\/\/www.tele-radio.com\/app\/uploads\/gif.gif\" alt=\"gr\u00faas en t\u00e1ndem con dos puentes\" class=\"wp-image-38554\"\/><figcaption class=\"wp-element-caption\">Dos puentes gr\u00faa.<\/figcaption><\/figure><\/div>\n\n\n<h3 class=\"wp-block-heading\"><strong>Elevaci\u00f3n en t\u00e1ndem modo 1\/2\/3\/1+2\/2+3&nbsp; (tres puentes gr\u00faa) <\/strong><\/h3>\n\n\n\n<p>Otra situaci\u00f3n que requiere de un equipo avanzado e intercomunicado es cuando a\u00f1adimos a la ecuaci\u00f3n una tercera gr\u00faa en la misma nave. Necesario cuando las cargas a manipular son de a\u00fan mayores dimensiones y gran tonelaje. Muy com\u00fan en industria e\u00f3lica, para elevaci\u00f3n en t\u00e1ndem de torres e\u00f3licas.<\/p>\n\n\n\n<p>Cada gr\u00faa tendr\u00eda su equipo est\u00e1ndar, con un transmisor y un receptor. El equipo #2 (posici\u00f3n central en la nave) se configura como <strong><u>maestro<\/u><\/strong>, ya que ser\u00e1 el com\u00fan en cualquiera de los casos en t\u00e1ndem. El usuario podr\u00e1 escoger la gr\u00faa con la que quiere trabajar de forma individual, pero puede utilizar en cualquier momento el transmisor maestro para trabajar en <strong><u>modo t\u00e1ndem<\/u> <\/strong>para controlar <strong>1+2<\/strong> (gr\u00faa #1 + gr\u00faa #2) o para <strong>2+3<\/strong> (gr\u00faa #2 + gr\u00faa #3). Para esto es necesario que los transmisores esclavos de las gr\u00faas 1 y 3 respectivamente, hayan cerrado sesi\u00f3n de forma segura. Nunca podr\u00e1 controlarse una gr\u00faa con dos mandos a la vez, debido a la seguridad intr\u00ednseca del equipo radiocontrol Tiger de Tele Radio y el elevado nivel de seguridad del mismo (SIL3 PLe).<\/p>\n\n\n<div class=\"wp-block-image wp-image-38575\">\n<figure class=\"aligncenter\"><img loading=\"lazy\" decoding=\"async\" width=\"450\" height=\"338\" src=\"https:\/\/www.tele-radio.com\/app\/uploads\/picasion.com_5aff9ef3d232459a9e0b14ed32c72e6d.gif\" alt=\"gr\u00faas en t\u00e1ndem con tres puentes gr\u00faas\" class=\"wp-image-38575\"\/><figcaption class=\"wp-element-caption\">Tres puentes gr\u00faas.<\/figcaption><\/figure><\/div>\n\n\n<p><strong>Nota<\/strong>: En ambos modos se debe tener en cuenta para la instalaci\u00f3n del equipo radiocontrol, la realizaci\u00f3n por parte del instalador\/fabricante, de un cuadro el\u00e9ctrico para cada gr\u00faa donde se incluyan rel\u00e9s libres de potencial que recibir\u00e1n las se\u00f1ales limitadoras de recorrido o sobrecarga de uno de los polipastos.<\/p>\n\n\n\n<p>El lugar recomendado para la instalaci\u00f3n de dicho cuadro externo, ser\u00eda fuera del cuadro de maniobras, para evitar posibles ruidos e interferencias el\u00e9ctricas.<\/p>\n\n\n\n<p>La tecnolog\u00eda y componentes utilizados son realmente avanzados. Una soluci\u00f3n que ha probado ser robusta en cientos de ocasiones en todo el mundo y que cada vez es m\u00e1s demanda en el mercado.<\/p>\n\n\n\n<p>Quieres saber m\u00e1s acerca de como eliminar el cableado de la gr\u00faa? <a href=\"https:\/\/www.tele-radio.com\/us\/?page_id=38606\">Haz click aqu\u00ed para leer nuestro art\u00edculo sobre feestonless.<\/a><\/p>\n\n\n\n<p><\/p>\n\n\n\n<h3 class=\"wp-block-heading\">\u00bfPara qui\u00e9n est\u00e1 pensado las gr\u00faas en t\u00e1ndem intercomunicado?<\/h3>\n\n\n\n<ul class=\"wp-block-list\">\n<li>Empresas que requieren <strong>manipulaci\u00f3n de cargas pesadas en modos tandem<\/strong>, como puentes gr\u00faa y polipastos.<\/li>\n\n\n\n<li>Instalaciones con <strong>normativas europeas o internacionales de seguridad funcional<\/strong>.<\/li>\n\n\n\n<li>Operaciones donde el control centralizado proporciona <strong>mayor productividad y reducci\u00f3n de error humano<\/strong>.<\/li>\n<\/ul>\n\n\n\n<div style=\"height:40px\" aria-hidden=\"true\" class=\"wp-block-spacer\"><\/div>\n\n\n\n<p class=\"has-medium-font-size\"><strong>Contacta con nosotros<\/strong><\/p>\n\n\n\n<div class=\"wp-block-columns is-layout-flex wp-container-core-columns-is-layout-9d6595d7 wp-block-columns-is-layout-flex\">\n<div class=\"wp-block-column is-layout-flow wp-block-column-is-layout-flow\" style=\"flex-basis:33.33%\" id=\"contacto\">\n<div class=\"wp-block-contact-form-7-contact-form-selector\">\n<div class=\"wpcf7 no-js\" id=\"wpcf7-f45404-o1\" lang=\"en-EN\" dir=\"ltr\" data-wpcf7-id=\"45404\">\n<div class=\"screen-reader-response\"><p role=\"status\" aria-live=\"polite\" aria-atomic=\"true\"><\/p> <ul><\/ul><\/div>\n<form action=\"\/es\/wp-json\/wp\/v2\/pages\/38492#wpcf7-f45404-o1\" method=\"post\" class=\"wpcf7-form init\" aria-label=\"Contact form\" novalidate=\"novalidate\" data-status=\"init\">\n<fieldset class=\"hidden-fields-container\"><input type=\"hidden\" name=\"_wpcf7\" value=\"45404\" \/><input type=\"hidden\" name=\"_wpcf7_version\" value=\"6.1\" \/><input type=\"hidden\" name=\"_wpcf7_locale\" value=\"en_EN\" \/><input type=\"hidden\" name=\"_wpcf7_unit_tag\" value=\"wpcf7-f45404-o1\" \/><input type=\"hidden\" name=\"_wpcf7_container_post\" value=\"0\" \/><input type=\"hidden\" name=\"_wpcf7_posted_data_hash\" value=\"\" \/><input type=\"hidden\" name=\"_wpcf7_recaptcha_response\" value=\"\" \/>\n<\/fieldset>\n<p><label> Nombre*<br \/>\n<span class=\"wpcf7-form-control-wrap\" data-name=\"nombre\"><input size=\"40\" maxlength=\"400\" class=\"wpcf7-form-control wpcf7-text wpcf7-validates-as-required\" aria-required=\"true\" aria-invalid=\"false\" placeholder=\"Su nombre\" value=\"\" type=\"text\" name=\"nombre\" \/><\/span> <\/label>\n<\/p>\n<p><label> Email*<br \/>\n<span class=\"wpcf7-form-control-wrap\" data-name=\"tu-email\"><input size=\"40\" maxlength=\"400\" class=\"wpcf7-form-control wpcf7-email wpcf7-validates-as-required wpcf7-text wpcf7-validates-as-email\" aria-required=\"true\" aria-invalid=\"false\" placeholder=\"Su email\" value=\"\" type=\"email\" name=\"tu-email\" \/><\/span> <\/label>\n<\/p>\n<p><label> Tel\u00e9fono<br \/>\n<span class=\"wpcf7-form-control-wrap\" data-name=\"tu-tfno\"><input size=\"40\" maxlength=\"400\" class=\"wpcf7-form-control wpcf7-tel wpcf7-text wpcf7-validates-as-tel\" aria-invalid=\"false\" placeholder=\"Tel\u00e9fono de contacto\" value=\"\" type=\"tel\" name=\"tu-tfno\" \/><\/span> <\/label>\n<\/p>\n<p><label> Provincia*<br \/>\n<span class=\"wpcf7-form-control-wrap\" data-name=\"Provincia\"><select class=\"wpcf7-form-control wpcf7-select\" aria-invalid=\"false\" name=\"Provincia\"><option value=\"\">&#8212;Please choose an option&#8212;<\/option><option value=\"A Coru\u00f1a\">A Coru\u00f1a<\/option><option value=\"\u00c1lava\">\u00c1lava<\/option><option value=\"Albacete\">Albacete<\/option><option value=\"Alicante\">Alicante<\/option><option value=\"Almer\u00eda\">Almer\u00eda<\/option><option value=\"Asturias\">Asturias<\/option><option value=\"\u00c1vila\">\u00c1vila<\/option><option value=\"Badajoz\">Badajoz<\/option><option value=\"Baleares\">Baleares<\/option><option value=\"Barcelona\">Barcelona<\/option><option value=\"Bizkaia\">Bizkaia<\/option><option value=\"Burgos\">Burgos<\/option><option value=\"C\u00e1ceres\">C\u00e1ceres<\/option><option value=\"C\u00e1diz\">C\u00e1diz<\/option><option value=\"Cantabria\">Cantabria<\/option><option value=\"Castell\u00f3n\">Castell\u00f3n<\/option><option value=\"Ceuta\">Ceuta<\/option><option value=\"Ciudad Real\">Ciudad Real<\/option><option value=\"C\u00f3rdoba\">C\u00f3rdoba<\/option><option value=\"Cuenca\">Cuenca<\/option><option value=\"Girona\">Girona<\/option><option value=\"Granada\">Granada<\/option><option value=\"Guadalajara\">Guadalajara<\/option><option value=\"Gipuzkoa\">Gipuzkoa<\/option><option value=\"Huelva\">Huelva<\/option><option value=\"Huesca\">Huesca<\/option><option value=\"Ja\u00e9n\">Ja\u00e9n<\/option><option value=\"La Rioja\">La Rioja<\/option><option value=\"Las Palmas\">Las Palmas<\/option><option value=\"Le\u00f3n\">Le\u00f3n<\/option><option value=\"L\u00e9rida\">L\u00e9rida<\/option><option value=\"Lugo\">Lugo<\/option><option value=\"Madrid\">Madrid<\/option><option value=\"M\u00e1laga\">M\u00e1laga<\/option><option value=\"Melilla\">Melilla<\/option><option value=\"Murcia\">Murcia<\/option><option value=\"Navarra\">Navarra<\/option><option value=\"Ourense\">Ourense<\/option><option value=\"Palencia\">Palencia<\/option><option value=\"Pontevedra\">Pontevedra<\/option><option value=\"Salamanca\">Salamanca<\/option><option value=\"Segovia\">Segovia<\/option><option value=\"Sevilla\">Sevilla<\/option><option value=\"Soria\">Soria<\/option><option value=\"Tarragona\">Tarragona<\/option><option value=\"Santa Cruz de Tenerife\">Santa Cruz de Tenerife<\/option><option value=\"Teruel\">Teruel<\/option><option value=\"Toledo\">Toledo<\/option><option value=\"Valencia\">Valencia<\/option><option value=\"Valladolid\">Valladolid<\/option><option value=\"Zamora\">Zamora<\/option><option value=\"Zaragoza\">Zaragoza<\/option><\/select><\/span> <\/label>\n<\/p>\n<p><label> Tu mensaje*<br \/>\n<span class=\"wpcf7-form-control-wrap\" data-name=\"your-message\"><textarea cols=\"40\" rows=\"10\" maxlength=\"2000\" class=\"wpcf7-form-control wpcf7-textarea wpcf7-validates-as-required\" aria-required=\"true\" aria-invalid=\"false\" placeholder=\"Escriba aqu\u00ed en qu\u00e9 mando, equipo o aplicaci\u00f3n est\u00e1 interesado; o si tiene alguna duda.\" name=\"your-message\"><\/textarea><\/span> <\/label>\n<\/p>\n<p><span class=\"wpcf7-form-control-wrap\" data-name=\"acceptance-322\"><span class=\"wpcf7-form-control wpcf7-acceptance\"><span class=\"wpcf7-list-item\"><label><input type=\"checkbox\" name=\"acceptance-322\" value=\"1\" aria-invalid=\"false\" \/><span class=\"wpcf7-list-item-label\">He le\u00eddo y acepto las <a href=\"https:\/\/www.tele-radio.com\/es\/politica-de-privacidad-y-cookies\/\" target=\"_blank\">condiciones de privacidad<\/a>.*<\/span><\/label><\/span><\/span><\/span>\n<\/p>\n<p><input class=\"wpcf7-form-control wpcf7-submit has-spinner\" type=\"submit\" value=\"Enviar\" \/>\n<\/p><div class=\"wpcf7-response-output\" aria-hidden=\"true\"><\/div>\n<\/form>\n<\/div>\n\r\n\t\t\t\t<script>\r\n\t\t\t\tif ( typeof huOptions !== 'undefined' ) {\r\n\t\t\t\t\tvar huFormData = {\"source\":\"contactform7\",\"id\":45404,\"title\":\"TRESP-comercial\",\"fields\":{\"subject\":{\"first_name\":\"your-name\",\"email\":\"your-email\"},\"preferences\":{\"terms\":\"your-consent\"}}};\r\n\t\t\t\t\tvar huFormNode = document.querySelector( '[id^=\"wpcf7-f45404-\"] form' );\r\n\r\n\t\t\t\t\thuFormData['node'] = huFormNode;\r\n\t\t\t\t\thuOptions['forms'].push( huFormData );\r\n\t\t\t\t}\r\n\t\t\t\t<\/script><\/div>\n<\/div>\n\n\n\n<div class=\"wp-block-column is-layout-flow wp-block-column-is-layout-flow\" style=\"flex-basis:66.66%\"><\/div>\n<\/div>\n","protected":false},"excerpt":{"rendered":"<p>Gr\u00faas en T\u00e1ndem intercomunicado por control remoto Para la manipulaci\u00f3n y elevaci\u00f3n de cargas de gran tonelaje y\/o de grandes dimensiones, se suele recurrir al uso simult\u00e1neo de dos (o incluso tres o cuatro) gr\u00faas o carros controlados a la vez desde un mismo control remoto, \u00e9ste act\u00faa como maestro. El operario en cualquier momento [&hellip;]<\/p>\n","protected":false},"author":54,"featured_media":28519,"parent":0,"menu_order":0,"comment_status":"closed","ping_status":"closed","template":"","meta":{"_acf_changed":false,"footnotes":""},"class_list":["post-38492","page","type-page","status-publish","has-post-thumbnail","hentry"],"acf":[],"_links":{"self":[{"href":"https:\/\/www.tele-radio.com\/es\/wp-json\/wp\/v2\/pages\/38492","targetHints":{"allow":["GET"]}}],"collection":[{"href":"https:\/\/www.tele-radio.com\/es\/wp-json\/wp\/v2\/pages"}],"about":[{"href":"https:\/\/www.tele-radio.com\/es\/wp-json\/wp\/v2\/types\/page"}],"author":[{"embeddable":true,"href":"https:\/\/www.tele-radio.com\/es\/wp-json\/wp\/v2\/users\/54"}],"replies":[{"embeddable":true,"href":"https:\/\/www.tele-radio.com\/es\/wp-json\/wp\/v2\/comments?post=38492"}],"version-history":[{"count":65,"href":"https:\/\/www.tele-radio.com\/es\/wp-json\/wp\/v2\/pages\/38492\/revisions"}],"predecessor-version":[{"id":271649,"href":"https:\/\/www.tele-radio.com\/es\/wp-json\/wp\/v2\/pages\/38492\/revisions\/271649"}],"wp:featuredmedia":[{"embeddable":true,"href":"https:\/\/www.tele-radio.com\/es\/wp-json\/wp\/v2\/media\/28519"}],"wp:attachment":[{"href":"https:\/\/www.tele-radio.com\/es\/wp-json\/wp\/v2\/media?parent=38492"}],"curies":[{"name":"wp","href":"https:\/\/api.w.org\/{rel}","templated":true}]}}