{"id":32420,"date":"2020-02-06T10:34:28","date_gmt":"2020-02-06T10:34:28","guid":{"rendered":"https:\/\/www.tele-radio.com\/?page_id=32420"},"modified":"2022-07-08T14:40:06","modified_gmt":"2022-07-08T14:40:06","slug":"volvo-trucks-reus-fleming-tele-radio","status":"publish","type":"page","link":"https:\/\/www.tele-radio.com\/es\/volvo-trucks-reus-fleming-tele-radio\/","title":{"rendered":"Volvo Reus Fleming"},"content":{"rendered":"\n<h1 class=\"wp-block-heading\">Volvo Reus Fleming<\/h1>\n\n\n\n<div class=\"wp-block-columns is-layout-flex wp-container-core-columns-is-layout-9d6595d7 wp-block-columns-is-layout-flex\">\n<div class=\"wp-block-column is-layout-flow wp-block-column-is-layout-flow\" style=\"flex-basis:66.66%\">\n<p><a href=\"http:\/\/dealer.volvotrucks.es\/reus-fleming\/es-es\/\" target=\"_blank\" aria-label=\"undefined (opens in a new tab)\" rel=\"noreferrer noopener nofollow\">Reus Fleming, S.A.<\/a> es concesionario oficial Volvo para las provincias de Tarragona, L\u00e9rida, Huesca y Teruel. La relaci\u00f3n con los clientes es la base de su negocio, por ello, se adaptan a las necesidades y se atreven a ayudarles en cualquier reto tecnol\u00f3gico que les planteen. Su finalidad es poder dar el mejor servicio y la mejor asistencia en cada situaci\u00f3n. Por tanto, la posibilidad de a\u00f1adir control remoto en camiones Volvo era algo que no pod\u00edan dejar escapar.<\/p>\n\n\n\n<h2 class=\"wp-block-heading\">Pioneros en el mercado ib\u00e9rico<\/h2>\n\n\n\n<p>Gracias a la estrecha colaboraci\u00f3n con Tele Radio, <strong>Volvo Reus Fleming<\/strong> realiz\u00f3 un excelente trabajo al incorporar satisfactoriamente y por primera vez en Espa\u00f1a, el paquete <em>Volvo Dynamic Steering,<\/em> incluyendo la variante <em>EXSTER (External Steering)<\/em>, la cu\u00e1l permite maniobrar de forma inal\u00e1mbrica un cami\u00f3n Volvo desde fuera de la cabina mediante <strong>control remoto en camiones gracias a Tele Radio<\/strong>.<\/p>\n\n\n\n<p class=\"has-text-align-left\"><span style=\"font-size: 18px;\">La soluci\u00f3n ha sido implementada considerando la seguridad como el factor prioritario. Volvo y Tele Radio, ambas con matriz en Gotemburgo (Suecia), enfocan gran esfuerzo para que la aplicaci\u00f3n sea lo m\u00e1s segura posible para el usuario.<\/span><\/p>\n<\/div>\n\n\n\n<div class=\"wp-block-column is-vertically-aligned-center is-layout-flow wp-block-column-is-layout-flow\" style=\"flex-basis:33.33%\">\n<div class=\"wp-block-image\"><figure class=\"alignright\"><img loading=\"lazy\" decoding=\"async\" width=\"338\" height=\"400\" src=\"https:\/\/www.tele-radio.com\/app\/uploads\/colaboracion-remoto-control-volvo-tele-radio-338x400.jpg\" alt=\"manejo inal\u00e1mbrico de Volvo Reus Fleming\" class=\"wp-image-32135\" srcset=\"https:\/\/www.tele-radio.com\/app\/uploads\/colaboracion-remoto-control-volvo-tele-radio-338x400.jpg 338w, https:\/\/www.tele-radio.com\/app\/uploads\/colaboracion-remoto-control-volvo-tele-radio-423x500.jpg 423w, https:\/\/www.tele-radio.com\/app\/uploads\/colaboracion-remoto-control-volvo-tele-radio.jpg 507w\" sizes=\"auto, (max-width: 338px) 100vw, 338px\" \/><\/figure><\/div>\n<\/div>\n<\/div>\n\n\n\n<div class=\"wp-block-columns is-layout-flex wp-container-core-columns-is-layout-9d6595d7 wp-block-columns-is-layout-flex\">\n<div class=\"wp-block-column is-vertically-aligned-center is-layout-flow wp-block-column-is-layout-flow\">\n<div class=\"wp-block-image\"><figure class=\"alignleft\"><img loading=\"lazy\" decoding=\"async\" width=\"500\" height=\"317\" src=\"https:\/\/www.tele-radio.com\/app\/uploads\/remote-for-volvo-truck-tele-radio-sm-2.jpg\" alt=\"Control remoto en camiones Volvo Reus Fleming\" class=\"wp-image-32229\" srcset=\"https:\/\/www.tele-radio.com\/app\/uploads\/remote-for-volvo-truck-tele-radio-sm-2.jpg 500w, https:\/\/www.tele-radio.com\/app\/uploads\/remote-for-volvo-truck-tele-radio-sm-2-400x254.jpg 400w\" sizes=\"auto, (max-width: 500px) 100vw, 500px\" \/><\/figure><\/div>\n<\/div>\n\n\n\n<div class=\"wp-block-column is-layout-flow wp-block-column-is-layout-flow\">\n<h2 class=\"wp-block-heading\">Uso del control remoto en camiones Volvo Reus Fleming<\/h2>\n\n\n\n<p>En concreto en este caso se instal\u00f3 en un cami\u00f3n modelo Volvo FH 500 8&#215;2 con carrocer\u00eda de <em>Cubas Segre<\/em> y su uso est\u00e1 destinado&nbsp;para la carga\/descarga de piensos y su transporte a diferentes emplazamientos.<\/p>\n\n\n\n<p>Esto <strong>aporta al usuario mayor seguridad<\/strong>, con una amplitud de campo visual al poder ubicarse en el exterior <strong>y sobretodo\u00a0ergonom\u00eda<\/strong>, al evitar tener que subir y bajar de cabina constantemente (varias decenas de veces al d\u00eda) para realizar las tareas de posicionamiento para la carga y descarga diaria con la cuba. Ahora, puede controlar todas estas funciones desde el mando. Esta eficiencia en el trabajo se traduce en una mejora sustancial de la productividad y una reducci\u00f3n considerable de la fatiga que suponen generalmente estas tareas.<\/p>\n<\/div>\n<\/div>\n\n\n\n<p><a href=\"https:\/\/www.linkedin.com\/posts\/volvotrucksespana_volvo-trucks-volvo-fm-tridem-8x4-con-hormigonera-activity-6951085692886110208-xVQX?utm_source=linkedin_share&amp;utm_medium=member_desktop_web\"><strong>Enlace a la publicaci\u00f3n de Volvo Trucks Espa\u00f1a en LinkedIn<\/strong><\/a><\/p>\n\n\n\n<h2 class=\"wp-block-heading\">V\u00eddeos e im\u00e1genes del sistema de control remoto en camiones<\/h2>\n\n\n\n<figure class=\"wp-block-video\"><video controls src=\"https:\/\/www.tele-radio.com\/app\/uploads\/cliente-cubas-segre-control-remoto-volvo.mp4\"><\/video><\/figure>\n\n\n\n<div class=\"wp-block-image\"><figure class=\"alignleft\"><a href=\"https:\/\/www.tele-radio.com\/es\/volvo-trucks-reus-fleming-tele-radio\/volvo-trucks-remote-control-segre-1\/\" rel=\"attachment wp-att-32852\"><img loading=\"lazy\" decoding=\"async\" width=\"1200\" height=\"675\" src=\"https:\/\/www.tele-radio.com\/app\/uploads\/volvo-trucks-remote-control-segre-1.jpg\" alt=\"Operario de control remoto en camiones\" class=\"wp-image-32852\" srcset=\"https:\/\/www.tele-radio.com\/app\/uploads\/volvo-trucks-remote-control-segre-1.jpg 1200w, https:\/\/www.tele-radio.com\/app\/uploads\/volvo-trucks-remote-control-segre-1-400x225.jpg 400w, https:\/\/www.tele-radio.com\/app\/uploads\/volvo-trucks-remote-control-segre-1-768x432.jpg 768w, https:\/\/www.tele-radio.com\/app\/uploads\/volvo-trucks-remote-control-segre-1-750x422.jpg 750w, https:\/\/www.tele-radio.com\/app\/uploads\/volvo-trucks-remote-control-segre-1-500x281.jpg 500w, https:\/\/www.tele-radio.com\/app\/uploads\/volvo-trucks-remote-control-segre-1-800x450.jpg 800w\" sizes=\"auto, (max-width: 1200px) 100vw, 1200px\" \/><\/a><\/figure><\/div>\n\n\n\n<div class=\"wp-block-image\"><figure class=\"alignleft\"><a href=\"https:\/\/www.tele-radio.com\/es\/volvo-trucks-reus-fleming-tele-radio\/volvo-trucks-remote-control-segre-2\/\" rel=\"attachment wp-att-32872\"><img loading=\"lazy\" decoding=\"async\" width=\"1200\" height=\"728\" src=\"https:\/\/www.tele-radio.com\/app\/uploads\/volvo-trucks-remote-control-segre-2.jpg\" alt=\"Operario controla de forma inal\u00e1mbrica un cami\u00f3n Volvo Reus Fleming\" class=\"wp-image-32872\" srcset=\"https:\/\/www.tele-radio.com\/app\/uploads\/volvo-trucks-remote-control-segre-2.jpg 1200w, https:\/\/www.tele-radio.com\/app\/uploads\/volvo-trucks-remote-control-segre-2-400x243.jpg 400w, https:\/\/www.tele-radio.com\/app\/uploads\/volvo-trucks-remote-control-segre-2-768x466.jpg 768w, https:\/\/www.tele-radio.com\/app\/uploads\/volvo-trucks-remote-control-segre-2-750x455.jpg 750w, https:\/\/www.tele-radio.com\/app\/uploads\/volvo-trucks-remote-control-segre-2-500x303.jpg 500w, https:\/\/www.tele-radio.com\/app\/uploads\/volvo-trucks-remote-control-segre-2-800x485.jpg 800w\" sizes=\"auto, (max-width: 1200px) 100vw, 1200px\" \/><\/a><\/figure><\/div>\n","protected":false},"excerpt":{"rendered":"<p>Volvo Reus Fleming Reus Fleming, S.A. es concesionario oficial Volvo para las provincias de Tarragona, L\u00e9rida, Huesca y Teruel. La relaci\u00f3n con los clientes es la base de su negocio, por ello, se adaptan a las necesidades y se atreven a ayudarles en cualquier reto tecnol\u00f3gico que les planteen. Su finalidad es poder dar el [&hellip;]<\/p>\n","protected":false},"author":54,"featured_media":32828,"parent":0,"menu_order":0,"comment_status":"closed","ping_status":"closed","template":"","meta":{"_acf_changed":false,"footnotes":""},"class_list":["post-32420","page","type-page","status-publish","has-post-thumbnail","hentry"],"acf":[],"_links":{"self":[{"href":"https:\/\/www.tele-radio.com\/es\/wp-json\/wp\/v2\/pages\/32420","targetHints":{"allow":["GET"]}}],"collection":[{"href":"https:\/\/www.tele-radio.com\/es\/wp-json\/wp\/v2\/pages"}],"about":[{"href":"https:\/\/www.tele-radio.com\/es\/wp-json\/wp\/v2\/types\/page"}],"author":[{"embeddable":true,"href":"https:\/\/www.tele-radio.com\/es\/wp-json\/wp\/v2\/users\/54"}],"replies":[{"embeddable":true,"href":"https:\/\/www.tele-radio.com\/es\/wp-json\/wp\/v2\/comments?post=32420"}],"version-history":[{"count":26,"href":"https:\/\/www.tele-radio.com\/es\/wp-json\/wp\/v2\/pages\/32420\/revisions"}],"predecessor-version":[{"id":110403,"href":"https:\/\/www.tele-radio.com\/es\/wp-json\/wp\/v2\/pages\/32420\/revisions\/110403"}],"wp:featuredmedia":[{"embeddable":true,"href":"https:\/\/www.tele-radio.com\/es\/wp-json\/wp\/v2\/media\/32828"}],"wp:attachment":[{"href":"https:\/\/www.tele-radio.com\/es\/wp-json\/wp\/v2\/media?parent=32420"}],"curies":[{"name":"wp","href":"https:\/\/api.w.org\/{rel}","templated":true}]}}