{"id":289316,"date":"2026-03-11T16:32:42","date_gmt":"2026-03-11T16:32:42","guid":{"rendered":"https:\/\/www.tele-radio.com\/control-remoto-para-gruas-lammers-concrete\/"},"modified":"2026-04-08T15:52:21","modified_gmt":"2026-04-08T15:52:21","slug":"control-remoto-para-gruas-lammers-concrete","status":"publish","type":"page","link":"https:\/\/www.tele-radio.com\/es\/control-remoto-para-gruas-lammers-concrete\/","title":{"rendered":"Control remoto para gr\u00faas &#8211; El caso de Lammers Concrete"},"content":{"rendered":"\n<div class=\"wp-block-cover aligncenter is-light\"><img decoding=\"async\" class=\"wp-block-cover__image-background wp-image-281303 size-large\" alt=\"remote control for cranes: Lammers Concrete - Control remoto para gr\u00faas \" src=\"https:\/\/www.tele-radio.com\/app\/uploads\/\/IMG_0562-1-900x1200.jpeg\" data-object-fit=\"cover\"\/><span aria-hidden=\"true\" class=\"wp-block-cover__background has-background-dim-0 has-background-dim\" style=\"background-color:#969084\"><\/span><div class=\"wp-block-cover__inner-container is-layout-constrained wp-block-cover-is-layout-constrained\">\n<p class=\"has-text-align-center has-large-font-size\"><\/p>\n<\/div><\/div>\n\n\n\n<div style=\"height:50px\" aria-hidden=\"true\" class=\"wp-block-spacer\"><\/div>\n\n\n\n<h1 class=\"wp-block-heading\">L<strong><strong>ammers Concrete: \u201cEs dif\u00edcil romper un control remoto de Tele Radio\u201d<\/strong><\/strong><\/h1>\n\n\n\n<p>\u201cSin gr\u00faas, no se hace nada\u201d, comenta Jan van Lierop, Gerente de Producci\u00f3n en Lammers Concrete. \u201cCuando se trata de izaje, nuestras propias manos no nos llevan muy lejos. Sin embargo, para lo que <strong>s\u00ed<\/strong> usamos las manos es para operar un control remoto inal\u00e1mbrico. Esto genera un entorno de trabajo mucho m\u00e1s seguro para nuestra gente, mucho m\u00e1s de lo que podr\u00eda ofrecer un control fijo\u201d.<\/p>\n\n\n\n<p>En las afueras de Weert, al sur de los Pa\u00edses Bajos, las instalaciones de Lammers Concrete se encuentran una al lado de la otra. A pocos kil\u00f3metros, el canal Zuid-Willemsvaart se adentra en B\u00e9lgica. En total, son unas 15 hect\u00e1reas distribuidas en tres plantas, situadas a menos de 3 kil\u00f3metros de distancia entre s\u00ed. Balcones, losas de galer\u00eda, muros, fachadas, escaleras y descansos. \u201cEn Lammers Concrete, ning\u00fan elemento de cemento prefabricado es demasiado ambicioso\u201d.<\/p>\n\n\n\n<h2 class=\"wp-block-heading\"><strong><strong>Cargas pesadas<\/strong><\/strong><\/h2>\n\n\n\n<div class=\"wp-block-columns is-layout-flex wp-container-core-columns-is-layout-9d6595d7 wp-block-columns-is-layout-flex\">\n<div class=\"wp-block-column is-layout-flow wp-block-column-is-layout-flow\">\n<p>Lammers Concrete produce concreto prefabricado para proyectos de infraestructura, edificios comerciales y p\u00fablicos, as\u00ed como para la construcci\u00f3n residencial de baja y gran altura. \u201cTodo se fabrica a medida\u201d, afirma Van Lierop.<\/p>\n\n\n\n<p>La planta opera 54 gr\u00faas. En el exterior, cada sitio cuenta con tres gr\u00faas p\u00f3rtico y una gr\u00faa torre, con capacidades de carga que oscilan entre las 10 y las 50 toneladas por gr\u00faa. En el interior, la mayor\u00eda son las 40 gr\u00faas viajeras de doble viga y las dos de viga sencilla. Van Lierop: \u201cUna escalera residencial est\u00e1ndar pesa unas dos toneladas. Las escaleras para un estadio, unas 25 toneladas. Y para proyectos de infraestructura, fundimos vigas que pesan 32 toneladas. Son piezas de gran peso\u201d.<\/p>\n\n\n\n<p><\/p>\n<\/div>\n\n\n\n<div class=\"wp-block-column is-layout-flow wp-block-column-is-layout-flow\">\n<figure class=\"wp-block-image size-large\"><img loading=\"lazy\" decoding=\"async\" width=\"901\" height=\"1200\" src=\"https:\/\/www.tele-radio.com\/app\/uploads\/\/IMG_0523-1-901x1200.jpeg\" alt=\"Control remoto para gr\u00faas\" class=\"wp-image-281152\" srcset=\"https:\/\/www.tele-radio.com\/app\/uploads\/IMG_0523-1-901x1200.jpeg 901w, https:\/\/www.tele-radio.com\/app\/uploads\/IMG_0523-1-300x400.jpeg 300w, https:\/\/www.tele-radio.com\/app\/uploads\/IMG_0523-1-768x1023.jpeg 768w, https:\/\/www.tele-radio.com\/app\/uploads\/IMG_0523-1-1153x1536.jpeg 1153w, https:\/\/www.tele-radio.com\/app\/uploads\/IMG_0523-1-1537x2048.jpeg 1537w, https:\/\/www.tele-radio.com\/app\/uploads\/IMG_0523-1-563x750.jpeg 563w, https:\/\/www.tele-radio.com\/app\/uploads\/IMG_0523-1-375x500.jpeg 375w, https:\/\/www.tele-radio.com\/app\/uploads\/IMG_0523-1-1201x1600.jpeg 1201w, https:\/\/www.tele-radio.com\/app\/uploads\/IMG_0523-1-600x800.jpeg 600w, https:\/\/www.tele-radio.com\/app\/uploads\/IMG_0523-1-scaled.jpeg 1921w\" sizes=\"auto, (max-width: 901px) 100vw, 901px\" \/><\/figure>\n<\/div>\n<\/div>\n\n\n\n<h2 class=\"wp-block-heading\"><strong>Panther and Tiger<\/strong><\/h2>\n\n\n\n<p>Desde su oficina \u2014adyacente a la entrada de la planta principal\u2014 Van Lierop explica c\u00f3mo se desarroll\u00f3 la relaci\u00f3n con Tele Radio. \u201cLlevamos unos cinco a\u00f1os utilizando los sistemas <strong>Panther<\/strong> y <strong>Tiger<\/strong> de Tele Radio. Tambi\u00e9n usamos otras dos marcas, pero con el tiempo, reduciremos eso para quedarnos \u00fanicamente con Tele Radio\u201d.<\/p>\n\n\n\n<p>\u201cNuestro proveedor de gr\u00faas manifest\u00f3 su preferencia por Tele Radio, y ese fue el factor decisivo\u201d, recuerda Van Lierop. \u201cA estas alturas, tenemos tantos controles remotos de Tele Radio en uso que centralizaremos el mantenimiento, las reparaciones y las piezas de repuesto en nuestras propias instalaciones\u201d.<\/p>\n\n\n\n<p><em>El art\u00edculo contin\u00faa despu\u00e9s de la imagen.<\/em><\/p>\n\n\n\n<figure class=\"wp-block-image size-large\"><img loading=\"lazy\" decoding=\"async\" width=\"1200\" height=\"900\" src=\"https:\/\/www.tele-radio.com\/app\/uploads\/\/IMG_0546-1200x900.jpeg\" alt=\"\" class=\"wp-image-281273\" srcset=\"https:\/\/www.tele-radio.com\/app\/uploads\/IMG_0546-1200x900.jpeg 1200w, https:\/\/www.tele-radio.com\/app\/uploads\/IMG_0546-400x300.jpeg 400w, https:\/\/www.tele-radio.com\/app\/uploads\/IMG_0546-768x576.jpeg 768w, https:\/\/www.tele-radio.com\/app\/uploads\/IMG_0546-1536x1152.jpeg 1536w, https:\/\/www.tele-radio.com\/app\/uploads\/IMG_0546-2048x1536.jpeg 2048w, https:\/\/www.tele-radio.com\/app\/uploads\/IMG_0546-750x562.jpeg 750w, https:\/\/www.tele-radio.com\/app\/uploads\/IMG_0546-500x375.jpeg 500w, https:\/\/www.tele-radio.com\/app\/uploads\/IMG_0546-1600x1200.jpeg 1600w, https:\/\/www.tele-radio.com\/app\/uploads\/IMG_0546-800x600.jpeg 800w\" sizes=\"auto, (max-width: 1200px) 100vw, 1200px\" \/><\/figure>\n\n\n\n<div style=\"height:50px\" aria-hidden=\"true\" class=\"wp-block-spacer\"><\/div>\n\n\n\n<h2 class=\"wp-block-heading\"><strong><strong>Capacitados por Tele Radio<\/strong><\/strong><\/h2>\n\n\n\n<p>Ante todo, el departamento t\u00e9cnico de Lammers Concrete se beneficia al operar un solo sistema en toda la f\u00e1brica. \u201cSi trabajo con tres sistemas diferentes, mi equipo t\u00e9cnico tiene que entender los tres\u201d.<\/p>\n\n\n\n<p>Tele Radio tambi\u00e9n capacita al personal t\u00e9cnico de Lammers Concrete. Van Lierop: \u201cAl incorporar el conocimiento sobre los controles inal\u00e1mbricos de Tele Radio, ahorramos el tiempo que de otro modo dedicar\u00edamos a coordinar con el departamento de servicio de Tele Radio\u201d.<\/p>\n\n\n\n<p><a href=\"https:\/\/www.tele-radio.com\/es\/capacitacion-presencial-con-tele-radio\/\">Conoce m\u00e1s sobre nuestra capacitaci\u00f3n presencial <\/a><\/p>\n\n\n\n<div style=\"height:20px\" aria-hidden=\"true\" class=\"wp-block-spacer\"><\/div>\n\n\n\n<h2 class=\"wp-block-heading\"><strong><strong>Casi imposibles de romper<\/strong><\/strong><\/h2>\n\n\n\n<div class=\"wp-block-columns is-layout-flex wp-container-core-columns-is-layout-9d6595d7 wp-block-columns-is-layout-flex\">\n<div class=\"wp-block-column is-layout-flow wp-block-column-is-layout-flow\">\n<figure class=\"wp-block-image size-large\"><img loading=\"lazy\" decoding=\"async\" width=\"900\" height=\"1200\" src=\"https:\/\/www.tele-radio.com\/app\/uploads\/\/IMG_0539-vertical-900x1200.jpeg\" alt=\"\" class=\"wp-image-281040\" srcset=\"https:\/\/www.tele-radio.com\/app\/uploads\/IMG_0539-vertical-900x1200.jpeg 900w, https:\/\/www.tele-radio.com\/app\/uploads\/IMG_0539-vertical-300x400.jpeg 300w, https:\/\/www.tele-radio.com\/app\/uploads\/IMG_0539-vertical-768x1024.jpeg 768w, https:\/\/www.tele-radio.com\/app\/uploads\/IMG_0539-vertical-1152x1536.jpeg 1152w, https:\/\/www.tele-radio.com\/app\/uploads\/IMG_0539-vertical-1535x2048.jpeg 1535w, https:\/\/www.tele-radio.com\/app\/uploads\/IMG_0539-vertical-562x750.jpeg 562w, https:\/\/www.tele-radio.com\/app\/uploads\/IMG_0539-vertical-375x500.jpeg 375w, https:\/\/www.tele-radio.com\/app\/uploads\/IMG_0539-vertical-1200x1600.jpeg 1200w, https:\/\/www.tele-radio.com\/app\/uploads\/IMG_0539-vertical-600x800.jpeg 600w, https:\/\/www.tele-radio.com\/app\/uploads\/IMG_0539-vertical-scaled.jpeg 1919w\" sizes=\"auto, (max-width: 900px) 100vw, 900px\" \/><\/figure>\n<\/div>\n\n\n\n<div class=\"wp-block-column is-layout-flow wp-block-column-is-layout-flow\">\n<p>En <strong>Lammers Concrete, los controles remotos de Tele Radio se utilizan las 24 horas del d\u00eda. <\/strong>\u00bfC\u00f3mo rinden bajo tanta presi\u00f3n? \u201cLas l\u00e1minas frontales se han convertido en un art\u00edculo b\u00e1sico aqu\u00ed\u201d, comenta el ingeniero de servicio Dave van Kessel, mientras nos gu\u00eda en un recorrido por la planta. \u201cLas l\u00e1minas personalizadas que Tele Radio dise\u00f1\u00f3 para nosotros no duran m\u00e1s de seis meses \u2014lo cual es l\u00f3gico, dada la intensidad con la que usamos los controles\u2014, por lo que siempre las tenemos en stock por defecto\u201d.<\/p>\n\n\n\n<p><strong>\u201cPero fuera de eso, los controles de Tele Radio son dif\u00edciles de romper\u201d, <\/strong>afirma Van Kessel.<\/p>\n<\/div>\n<\/div>\n\n\n\n<div class=\"wp-block-group\" style=\"padding-top:60px;padding-bottom:60px\"><div class=\"wp-block-group__inner-container is-layout-flow wp-block-group-is-layout-flow\">\n<h2 class=\"wp-block-heading has-text-align-center has-kelp-color has-text-color\">\u00bfPor qu\u00e9 Tele Radio?<\/h2>\n\n\n\n<div class=\"wp-block-columns is-layout-flex wp-container-core-columns-is-layout-7501fc45 wp-block-columns-is-layout-flex\" style=\"padding-top:40px\">\n<div class=\"wp-block-column is-layout-flow wp-block-column-is-layout-flow\">\n<h3 class=\"wp-block-heading has-amber-color has-text-color\"><strong>Precisi\u00f3n Proporcional<\/strong><\/h3>\n\n\n\n<p>El movimiento suave y sin sacudidas protege los cilindros, las estructuras y a las personas que se encuentran cerca.<\/p>\n<\/div>\n\n\n\n<div class=\"wp-block-column is-layout-flow wp-block-column-is-layout-flow\">\n<h3 class=\"wp-block-heading has-amber-color has-text-color\"><strong>Resistente en condiciones extremas<\/strong><\/h3>\n\n\n\n<p class=\"has-gray-color has-text-color\">Controles remotos resistentes desde los <strong>-20 \u00b0C<\/strong> bajo cero hasta los <strong>+55 \u00b0C<\/strong> de calor superficial, capaces de soportar el polvo gracias a sus carcasas con clasificaci\u00f3n <strong>IP<\/strong>.<\/p>\n<\/div>\n\n\n\n<div class=\"wp-block-column is-layout-flow wp-block-column-is-layout-flow\">\n<h3 class=\"wp-block-heading has-amber-color has-text-color\"><strong>Flexibilidad modular<\/strong><\/h3>\n\n\n\n<p class=\"has-gray-color has-text-color\">Desde transmisores de mano compactos hasta controles de cintura; compatibles con <strong>CAN-bus, SAE-J1939<\/strong> o se\u00f1ales anal\u00f3gicas. Se adaptan a cualquier sistema<\/p>\n<\/div>\n<\/div>\n\n\n\n<h2 class=\"wp-block-heading\"><strong>\u00bfListo para garantizar la seguridad en cada izaje y potenciar su productividad?<\/strong><\/h2>\n\n\n\n<div class=\"wp-block-contact-form-7-contact-form-selector\">\n<div class=\"wpcf7 no-js\" id=\"wpcf7-f45404-o1\" lang=\"en-EN\" dir=\"ltr\" data-wpcf7-id=\"45404\">\n<div class=\"screen-reader-response\"><p role=\"status\" aria-live=\"polite\" aria-atomic=\"true\"><\/p> <ul><\/ul><\/div>\n<form action=\"\/es\/wp-json\/wp\/v2\/pages\/289316#wpcf7-f45404-o1\" method=\"post\" class=\"wpcf7-form init\" aria-label=\"Contact form\" novalidate=\"novalidate\" data-status=\"init\">\n<fieldset class=\"hidden-fields-container\"><input type=\"hidden\" name=\"_wpcf7\" value=\"45404\" \/><input type=\"hidden\" name=\"_wpcf7_version\" value=\"6.1\" \/><input type=\"hidden\" name=\"_wpcf7_locale\" value=\"en_EN\" \/><input type=\"hidden\" name=\"_wpcf7_unit_tag\" value=\"wpcf7-f45404-o1\" \/><input type=\"hidden\" name=\"_wpcf7_container_post\" value=\"0\" \/><input type=\"hidden\" name=\"_wpcf7_posted_data_hash\" value=\"\" \/><input type=\"hidden\" name=\"_wpcf7_recaptcha_response\" value=\"\" \/>\n<\/fieldset>\n<p><label> Nombre*<br \/>\n<span class=\"wpcf7-form-control-wrap\" data-name=\"nombre\"><input size=\"40\" maxlength=\"400\" class=\"wpcf7-form-control wpcf7-text wpcf7-validates-as-required\" aria-required=\"true\" aria-invalid=\"false\" placeholder=\"Su nombre\" value=\"\" type=\"text\" name=\"nombre\" \/><\/span> <\/label>\n<\/p>\n<p><label> Email*<br \/>\n<span class=\"wpcf7-form-control-wrap\" data-name=\"tu-email\"><input size=\"40\" maxlength=\"400\" class=\"wpcf7-form-control wpcf7-email wpcf7-validates-as-required wpcf7-text wpcf7-validates-as-email\" aria-required=\"true\" aria-invalid=\"false\" placeholder=\"Su email\" value=\"\" type=\"email\" name=\"tu-email\" \/><\/span> <\/label>\n<\/p>\n<p><label> Tel\u00e9fono<br \/>\n<span class=\"wpcf7-form-control-wrap\" data-name=\"tu-tfno\"><input size=\"40\" maxlength=\"400\" class=\"wpcf7-form-control wpcf7-tel wpcf7-text wpcf7-validates-as-tel\" aria-invalid=\"false\" placeholder=\"Tel\u00e9fono de contacto\" value=\"\" type=\"tel\" name=\"tu-tfno\" \/><\/span> <\/label>\n<\/p>\n<p><label> Provincia*<br \/>\n<span class=\"wpcf7-form-control-wrap\" data-name=\"Provincia\"><select class=\"wpcf7-form-control wpcf7-select\" aria-invalid=\"false\" name=\"Provincia\"><option value=\"\">&#8212;Please choose an option&#8212;<\/option><option value=\"A Coru\u00f1a\">A Coru\u00f1a<\/option><option value=\"\u00c1lava\">\u00c1lava<\/option><option value=\"Albacete\">Albacete<\/option><option value=\"Alicante\">Alicante<\/option><option value=\"Almer\u00eda\">Almer\u00eda<\/option><option value=\"Asturias\">Asturias<\/option><option value=\"\u00c1vila\">\u00c1vila<\/option><option value=\"Badajoz\">Badajoz<\/option><option value=\"Baleares\">Baleares<\/option><option value=\"Barcelona\">Barcelona<\/option><option value=\"Bizkaia\">Bizkaia<\/option><option value=\"Burgos\">Burgos<\/option><option value=\"C\u00e1ceres\">C\u00e1ceres<\/option><option value=\"C\u00e1diz\">C\u00e1diz<\/option><option value=\"Cantabria\">Cantabria<\/option><option value=\"Castell\u00f3n\">Castell\u00f3n<\/option><option value=\"Ceuta\">Ceuta<\/option><option value=\"Ciudad Real\">Ciudad Real<\/option><option value=\"C\u00f3rdoba\">C\u00f3rdoba<\/option><option value=\"Cuenca\">Cuenca<\/option><option value=\"Girona\">Girona<\/option><option value=\"Granada\">Granada<\/option><option value=\"Guadalajara\">Guadalajara<\/option><option value=\"Gipuzkoa\">Gipuzkoa<\/option><option value=\"Huelva\">Huelva<\/option><option value=\"Huesca\">Huesca<\/option><option value=\"Ja\u00e9n\">Ja\u00e9n<\/option><option value=\"La Rioja\">La Rioja<\/option><option value=\"Las Palmas\">Las Palmas<\/option><option value=\"Le\u00f3n\">Le\u00f3n<\/option><option value=\"L\u00e9rida\">L\u00e9rida<\/option><option value=\"Lugo\">Lugo<\/option><option value=\"Madrid\">Madrid<\/option><option value=\"M\u00e1laga\">M\u00e1laga<\/option><option value=\"Melilla\">Melilla<\/option><option value=\"Murcia\">Murcia<\/option><option value=\"Navarra\">Navarra<\/option><option value=\"Ourense\">Ourense<\/option><option value=\"Palencia\">Palencia<\/option><option value=\"Pontevedra\">Pontevedra<\/option><option value=\"Salamanca\">Salamanca<\/option><option value=\"Segovia\">Segovia<\/option><option value=\"Sevilla\">Sevilla<\/option><option value=\"Soria\">Soria<\/option><option value=\"Tarragona\">Tarragona<\/option><option value=\"Santa Cruz de Tenerife\">Santa Cruz de Tenerife<\/option><option value=\"Teruel\">Teruel<\/option><option value=\"Toledo\">Toledo<\/option><option value=\"Valencia\">Valencia<\/option><option value=\"Valladolid\">Valladolid<\/option><option value=\"Zamora\">Zamora<\/option><option value=\"Zaragoza\">Zaragoza<\/option><\/select><\/span> <\/label>\n<\/p>\n<p><label> Tu mensaje*<br \/>\n<span class=\"wpcf7-form-control-wrap\" data-name=\"your-message\"><textarea cols=\"40\" rows=\"10\" maxlength=\"2000\" class=\"wpcf7-form-control wpcf7-textarea wpcf7-validates-as-required\" aria-required=\"true\" aria-invalid=\"false\" placeholder=\"Escriba aqu\u00ed en qu\u00e9 mando, equipo o aplicaci\u00f3n est\u00e1 interesado; o si tiene alguna duda.\" name=\"your-message\"><\/textarea><\/span> <\/label>\n<\/p>\n<p><span class=\"wpcf7-form-control-wrap\" data-name=\"acceptance-322\"><span class=\"wpcf7-form-control wpcf7-acceptance\"><span class=\"wpcf7-list-item\"><label><input type=\"checkbox\" name=\"acceptance-322\" value=\"1\" aria-invalid=\"false\" \/><span class=\"wpcf7-list-item-label\">He le\u00eddo y acepto las <a href=\"https:\/\/www.tele-radio.com\/es\/politica-de-privacidad-y-cookies\/\" target=\"_blank\">condiciones de privacidad<\/a>.*<\/span><\/label><\/span><\/span><\/span>\n<\/p>\n<p><input class=\"wpcf7-form-control wpcf7-submit has-spinner\" type=\"submit\" value=\"Enviar\" \/>\n<\/p><div class=\"wpcf7-response-output\" aria-hidden=\"true\"><\/div>\n<\/form>\n<\/div>\n\r\n\t\t\t\t<script>\r\n\t\t\t\tif ( typeof huOptions !== 'undefined' ) {\r\n\t\t\t\t\tvar huFormData = {\"source\":\"contactform7\",\"id\":45404,\"title\":\"TRESP-comercial\",\"fields\":{\"subject\":{\"first_name\":\"your-name\",\"email\":\"your-email\"},\"preferences\":{\"terms\":\"your-consent\"}}};\r\n\t\t\t\t\tvar huFormNode = document.querySelector( '[id^=\"wpcf7-f45404-\"] form' );\r\n\r\n\t\t\t\t\thuFormData['node'] = huFormNode;\r\n\t\t\t\t\thuOptions['forms'].push( huFormData );\r\n\t\t\t\t}\r\n\t\t\t\t<\/script><\/div>\n<\/div><\/div>\n","protected":false},"excerpt":{"rendered":"<p>Lammers Concrete: \u201cEs dif\u00edcil romper un control remoto de Tele Radio\u201d \u201cSin gr\u00faas, no se hace nada\u201d, comenta Jan van Lierop, Gerente de Producci\u00f3n en Lammers Concrete. \u201cCuando se trata de izaje, nuestras propias manos no nos llevan muy lejos. Sin embargo, para lo que s\u00ed usamos las manos es para operar un control remoto [&hellip;]<\/p>\n","protected":false},"author":100,"featured_media":281178,"parent":0,"menu_order":0,"comment_status":"closed","ping_status":"closed","template":"content-customer-stories.php","meta":{"_acf_changed":false,"footnotes":""},"class_list":["post-289316","page","type-page","status-publish","has-post-thumbnail","hentry"],"acf":[],"_links":{"self":[{"href":"https:\/\/www.tele-radio.com\/es\/wp-json\/wp\/v2\/pages\/289316","targetHints":{"allow":["GET"]}}],"collection":[{"href":"https:\/\/www.tele-radio.com\/es\/wp-json\/wp\/v2\/pages"}],"about":[{"href":"https:\/\/www.tele-radio.com\/es\/wp-json\/wp\/v2\/types\/page"}],"author":[{"embeddable":true,"href":"https:\/\/www.tele-radio.com\/es\/wp-json\/wp\/v2\/users\/100"}],"replies":[{"embeddable":true,"href":"https:\/\/www.tele-radio.com\/es\/wp-json\/wp\/v2\/comments?post=289316"}],"version-history":[{"count":2,"href":"https:\/\/www.tele-radio.com\/es\/wp-json\/wp\/v2\/pages\/289316\/revisions"}],"predecessor-version":[{"id":289319,"href":"https:\/\/www.tele-radio.com\/es\/wp-json\/wp\/v2\/pages\/289316\/revisions\/289319"}],"wp:featuredmedia":[{"embeddable":true,"href":"https:\/\/www.tele-radio.com\/es\/wp-json\/wp\/v2\/media\/281178"}],"wp:attachment":[{"href":"https:\/\/www.tele-radio.com\/es\/wp-json\/wp\/v2\/media?parent=289316"}],"curies":[{"name":"wp","href":"https:\/\/api.w.org\/{rel}","templated":true}]}}