{"id":289315,"date":"2025-11-04T09:38:39","date_gmt":"2025-11-04T09:38:39","guid":{"rendered":"https:\/\/www.tele-radio.com\/strong-machines-tele-radio-safe-precise-crane-control\/"},"modified":"2026-04-08T16:04:18","modified_gmt":"2026-04-08T16:04:18","slug":"strong-machines-tele-radio-safe-precise-crane-control","status":"publish","type":"page","link":"https:\/\/www.tele-radio.com\/es\/strong-machines-tele-radio-safe-precise-crane-control\/","title":{"rendered":"Strong Machines: \u201cTele Radio es m\u00e1s que un proveedor: es un socio estrat\u00e9gico\u201d"},"content":{"rendered":"\n<div class=\"wp-block-cover\" style=\"min-height:360px;aspect-ratio:unset;\"><img loading=\"lazy\" decoding=\"async\" width=\"1200\" height=\"675\" class=\"wp-block-cover__image-background wp-image-272497 size-large\" alt=\"\" src=\"https:\/\/www.tele-radio.com\/app\/uploads\/\/Banner_1-2-1200x675.png\" style=\"object-position:56% 82%\" data-object-fit=\"cover\" data-object-position=\"56% 82%\" srcset=\"https:\/\/www.tele-radio.com\/app\/uploads\/Banner_1-2-1200x675.png 1200w, https:\/\/www.tele-radio.com\/app\/uploads\/Banner_1-2-400x225.png 400w, https:\/\/www.tele-radio.com\/app\/uploads\/Banner_1-2-768x432.png 768w, https:\/\/www.tele-radio.com\/app\/uploads\/Banner_1-2-1536x863.png 1536w, https:\/\/www.tele-radio.com\/app\/uploads\/Banner_1-2-2048x1151.png 2048w, https:\/\/www.tele-radio.com\/app\/uploads\/Banner_1-2-750x422.png 750w, https:\/\/www.tele-radio.com\/app\/uploads\/Banner_1-2-500x281.png 500w, https:\/\/www.tele-radio.com\/app\/uploads\/Banner_1-2-1600x899.png 1600w, https:\/\/www.tele-radio.com\/app\/uploads\/Banner_1-2-800x450.png 800w\" sizes=\"auto, (max-width: 1200px) 100vw, 1200px\" \/><span aria-hidden=\"true\" class=\"wp-block-cover__background has-black-background-color has-background-dim\"><\/span><div class=\"wp-block-cover__inner-container is-layout-constrained wp-block-cover-is-layout-constrained\"><h2 class=\"wp-block-post-title has-x-large-font-size\">Strong Machines: \u201cTele Radio es m\u00e1s que un proveedor: es un socio estrat\u00e9gico\u201d<\/h2><\/div><\/div>\n\n\n\n<h2 class=\"wp-block-heading\">Disponibilidad local de repuestos, formaci\u00f3n interna del personal y agilidad en el suministro y servicio: estas son las razones por las que Strong Machines eligi\u00f3 Tele Radio.<\/h2>\n\n\n\n<p><strong>Cuando se levantan cargas con dos gr\u00faas puente trabajando en t\u00e1ndem, no hay margen de error. Para Strong Machines, un fabricante brasile\u00f1o con sede en la provincia m\u00e1s austral del pa\u00eds, esta es una realidad diaria. \u201cNuestra colaboraci\u00f3n con Tele Radio nos permite supervisar en todo momento nuestras operaciones en t\u00e1ndem.\u201d<\/strong><\/p>\n\n\n\n<p>Las operaciones con gr\u00faas en t\u00e1ndem presentan riesgos. Las gr\u00faas que operan en paralelo deben moverse en perfecta sincronizaci\u00f3n. Al manipular cargas largas o pesadas, incluso peque\u00f1as desalineaciones pueden provocar peligrosos desequilibrios de tensi\u00f3n o da\u00f1os en los equipos.<\/p>\n\n\n\n<p>Strong Machines, ubicada en Caxias do Sul, en el sur de Brasil, necesitaba un control inal\u00e1mbrico que ofreciera a los operadores total libertad de movimiento, sin comprometer la precisi\u00f3n.<\/p>\n\n\n\n<h2 class=\"wp-block-heading\"><strong>Manipulaci\u00f3n de cargas suave y precisa con Tele Radio Tiger<\/strong><\/h2>\n\n\n\n<p>El sistema Tiger de Tele Radio responde a estos desaf\u00edos. Sus controles proporcionales permiten a los operadores ajustar la velocidad de movimiento variando la presi\u00f3n aplicada a los botones de control, algo esencial para una manipulaci\u00f3n de cargas suave y precisa. El paro de emergencia, certificado PLd\/SIL3, detiene las operaciones de forma inmediata cuando se activa.<\/p>\n\n\n\n<p>En modo t\u00e1ndem, un \u00fanico transmisor controla ambas gr\u00faas simult\u00e1neamente. Las gr\u00faas se mueven hacia adelante, atr\u00e1s o lateralmente en perfecta sincronizaci\u00f3n. Los operadores pueden alternar entre control individual y sincronizado seg\u00fan la tarea.<\/p>\n\n\n\n<figure class=\"wp-block-pullquote\"><blockquote><p><em>\u201cTele Radio demostr\u00f3 ser m\u00e1s que un proveedor: se convirti\u00f3 en un socio estrat\u00e9gico que entiende nuestros desaf\u00edos, nos apoya con formaci\u00f3n y ofrece una soluci\u00f3n que se adapta perfectamente a nuestro producto.\u201d<\/em><\/p><cite>Markus Grallert, Director, Strong Machines<\/cite><\/blockquote><\/figure>\n\n\n\n<h2 class=\"wp-block-heading\"><strong>Formaci\u00f3n in situ y soporte t\u00e9cnico continuo<\/strong><\/h2>\n\n\n\n<p>Strong Machines eligi\u00f3 Tele Radio por razones que van m\u00e1s all\u00e1 del hardware. La instalaci\u00f3n se complet\u00f3 de forma r\u00e1pida y con una interrupci\u00f3n m\u00ednima, algo esencial para mantener los ritmos de producci\u00f3n. Adem\u00e1s, Tele Radio proporcion\u00f3 formaci\u00f3n in situ y soporte t\u00e9cnico continuo, asegurando que el equipo de Strong Machines pudiera operar el sistema de manera eficaz desde el primer d\u00eda.<\/p>\n\n\n\n<hr class=\"wp-block-separator has-alpha-channel-opacity\"\/>\n\n\n\n<div class=\"wp-block-columns is-layout-flex wp-container-core-columns-is-layout-9d6595d7 wp-block-columns-is-layout-flex\">\n<div class=\"wp-block-column is-layout-flow wp-block-column-is-layout-flow\">\n<figure class=\"wp-block-embed is-type-video is-provider-youtube wp-block-embed-youtube wp-embed-aspect-16-9 wp-has-aspect-ratio\"><div class=\"wp-block-embed__wrapper\">\n<iframe loading=\"lazy\" title=\"Strong Machines &amp; Tele Radio: Safe, Precise Crane Control\" width=\"500\" height=\"281\" src=\"https:\/\/www.youtube.com\/embed\/sCCkOmVvXZc?feature=oembed\" frameborder=\"0\" allow=\"accelerometer; autoplay; clipboard-write; encrypted-media; gyroscope; picture-in-picture; web-share\" referrerpolicy=\"strict-origin-when-cross-origin\" allowfullscreen><\/iframe>\n<\/div><\/figure>\n<\/div>\n\n\n\n<div class=\"wp-block-column is-layout-flow wp-block-column-is-layout-flow\">\n<h2 class=\"wp-block-heading\">El reto<\/h2>\n\n\n\n<ul class=\"wp-block-list\">\n<li><strong>Precisi\u00f3n y coordinaci\u00f3n: <\/strong>operar dos gr\u00faas puente simult\u00e1neamente requiere una sincronizaci\u00f3n perfecta; incluso peque\u00f1as desalineaciones pueden provocar desequilibrios de tensi\u00f3n que deriven en da\u00f1os en los equipos y accidentes en obra.<\/li>\n\n\n\n<li><strong>Seguridad y movilidad del operario:<\/strong> los operadores necesitan total libertad de movimiento sin perder el control preciso.<\/li>\n\n\n\n<li><strong>Minimizaci\u00f3n del tiempo de inactividad:<\/strong> la implementaci\u00f3n de un nuevo sistema de control inal\u00e1mbrico deb\u00eda causar la m\u00ednima interrupci\u00f3n en la producci\u00f3n.<\/li>\n<\/ul>\n<\/div>\n<\/div>\n\n\n\n<div class=\"wp-block-columns is-layout-flex wp-container-core-columns-is-layout-9d6595d7 wp-block-columns-is-layout-flex\">\n<div class=\"wp-block-column is-layout-flow wp-block-column-is-layout-flow\">\n<h2 class=\"wp-block-heading\">La soluci\u00f3n<\/h2>\n\n\n\n<ul class=\"wp-block-list\">\n<li><strong>Flexibilidad:<\/strong> un operador controla ambas gr\u00faas desde cualquier punto con la mejor visibilidad.<\/li>\n\n\n\n<li><strong>Control proporcional: <\/strong>ajuste preciso de la velocidad de movimiento de las gr\u00faas.<\/li>\n\n\n\n<li><strong>Certificaci\u00f3n:<\/strong> paro de emergencia certificado PLd\/SIL3 que garantiza una detenci\u00f3n inmediata.<\/li>\n\n\n\n<li><strong>Sincronizaci\u00f3n:<\/strong> la comunicaci\u00f3n continua entre las gr\u00faas asegura una alineaci\u00f3n perfecta.<\/li>\n\n\n\n<li><strong>Instalaci\u00f3n:<\/strong> se requieren m\u00ednimas modificaciones en los equipos existentes.<\/li>\n\n\n\n<li><strong>Soporte:<\/strong> Tele Radio Brasil proporcion\u00f3 formaci\u00f3n completa in situ y asistencia al operador.<\/li>\n<\/ul>\n<\/div>\n\n\n\n<div class=\"wp-block-column is-layout-flow wp-block-column-is-layout-flow\">\n<figure class=\"wp-block-image size-full\"><img loading=\"lazy\" decoding=\"async\" width=\"780\" height=\"754\" src=\"https:\/\/www.tele-radio.com\/app\/uploads\/Screenshot-2025-11-04-at-9.55.45\u202fAM.png\" alt=\"\" class=\"wp-image-272435\" srcset=\"https:\/\/www.tele-radio.com\/app\/uploads\/Screenshot-2025-11-04-at-9.55.45\u202fAM.png 780w, https:\/\/www.tele-radio.com\/app\/uploads\/Screenshot-2025-11-04-at-9.55.45\u202fAM-400x387.png 400w, https:\/\/www.tele-radio.com\/app\/uploads\/Screenshot-2025-11-04-at-9.55.45\u202fAM-768x742.png 768w, https:\/\/www.tele-radio.com\/app\/uploads\/Screenshot-2025-11-04-at-9.55.45\u202fAM-750x725.png 750w, https:\/\/www.tele-radio.com\/app\/uploads\/Screenshot-2025-11-04-at-9.55.45\u202fAM-500x483.png 500w\" sizes=\"auto, (max-width: 780px) 100vw, 780px\" \/><\/figure>\n<\/div>\n<\/div>\n\n\n\n<hr class=\"wp-block-separator has-alpha-channel-opacity\"\/>\n\n\n\n<section id=\"contact\" class=\"wp-block-group contact-section has-black-color has-luminous-vivid-amber-background-color has-text-color has-background has-link-color wp-elements-ca8c8f034cd9687991a66b060a0c499d\" style=\"padding-top:60px;padding-bottom:60px\"><div class=\"wp-block-group__inner-container is-layout-flow wp-block-group-is-layout-flow\">\n<h2 class=\"wp-block-heading has-text-align-center has-black-color has-text-color\">Habla con un Experto<\/h2>\n\n\n\n<p class=\"has-text-align-center has-black-color has-text-color\">Complete el formulario y le responderemos en un plazo de un d\u00eda laborable.<\/p>\n<\/div><\/section>\n\n\n\n<div class=\"wp-block-contact-form-7-contact-form-selector\">\n<div class=\"wpcf7 no-js\" id=\"wpcf7-f45404-o1\" lang=\"en-EN\" dir=\"ltr\" data-wpcf7-id=\"45404\">\n<div class=\"screen-reader-response\"><p role=\"status\" aria-live=\"polite\" aria-atomic=\"true\"><\/p> <ul><\/ul><\/div>\n<form action=\"\/es\/wp-json\/wp\/v2\/pages\/289315#wpcf7-f45404-o1\" method=\"post\" class=\"wpcf7-form init\" aria-label=\"Contact form\" novalidate=\"novalidate\" data-status=\"init\">\n<fieldset class=\"hidden-fields-container\"><input type=\"hidden\" name=\"_wpcf7\" value=\"45404\" \/><input type=\"hidden\" name=\"_wpcf7_version\" value=\"6.1\" \/><input type=\"hidden\" name=\"_wpcf7_locale\" value=\"en_EN\" \/><input type=\"hidden\" name=\"_wpcf7_unit_tag\" value=\"wpcf7-f45404-o1\" \/><input type=\"hidden\" name=\"_wpcf7_container_post\" value=\"0\" \/><input type=\"hidden\" name=\"_wpcf7_posted_data_hash\" value=\"\" \/><input type=\"hidden\" name=\"_wpcf7_recaptcha_response\" value=\"\" \/>\n<\/fieldset>\n<p><label> Nombre*<br \/>\n<span class=\"wpcf7-form-control-wrap\" data-name=\"nombre\"><input size=\"40\" maxlength=\"400\" class=\"wpcf7-form-control wpcf7-text wpcf7-validates-as-required\" aria-required=\"true\" aria-invalid=\"false\" placeholder=\"Su nombre\" value=\"\" type=\"text\" name=\"nombre\" \/><\/span> <\/label>\n<\/p>\n<p><label> Email*<br \/>\n<span class=\"wpcf7-form-control-wrap\" data-name=\"tu-email\"><input size=\"40\" maxlength=\"400\" class=\"wpcf7-form-control wpcf7-email wpcf7-validates-as-required wpcf7-text wpcf7-validates-as-email\" aria-required=\"true\" aria-invalid=\"false\" placeholder=\"Su email\" value=\"\" type=\"email\" name=\"tu-email\" \/><\/span> <\/label>\n<\/p>\n<p><label> Tel\u00e9fono<br \/>\n<span class=\"wpcf7-form-control-wrap\" data-name=\"tu-tfno\"><input size=\"40\" maxlength=\"400\" class=\"wpcf7-form-control wpcf7-tel wpcf7-text wpcf7-validates-as-tel\" aria-invalid=\"false\" placeholder=\"Tel\u00e9fono de contacto\" value=\"\" type=\"tel\" name=\"tu-tfno\" \/><\/span> <\/label>\n<\/p>\n<p><label> Provincia*<br \/>\n<span class=\"wpcf7-form-control-wrap\" data-name=\"Provincia\"><select class=\"wpcf7-form-control wpcf7-select\" aria-invalid=\"false\" name=\"Provincia\"><option value=\"\">&#8212;Please choose an option&#8212;<\/option><option value=\"A Coru\u00f1a\">A Coru\u00f1a<\/option><option value=\"\u00c1lava\">\u00c1lava<\/option><option value=\"Albacete\">Albacete<\/option><option value=\"Alicante\">Alicante<\/option><option value=\"Almer\u00eda\">Almer\u00eda<\/option><option value=\"Asturias\">Asturias<\/option><option value=\"\u00c1vila\">\u00c1vila<\/option><option value=\"Badajoz\">Badajoz<\/option><option value=\"Baleares\">Baleares<\/option><option value=\"Barcelona\">Barcelona<\/option><option value=\"Bizkaia\">Bizkaia<\/option><option value=\"Burgos\">Burgos<\/option><option value=\"C\u00e1ceres\">C\u00e1ceres<\/option><option value=\"C\u00e1diz\">C\u00e1diz<\/option><option value=\"Cantabria\">Cantabria<\/option><option value=\"Castell\u00f3n\">Castell\u00f3n<\/option><option value=\"Ceuta\">Ceuta<\/option><option value=\"Ciudad Real\">Ciudad Real<\/option><option value=\"C\u00f3rdoba\">C\u00f3rdoba<\/option><option value=\"Cuenca\">Cuenca<\/option><option value=\"Girona\">Girona<\/option><option value=\"Granada\">Granada<\/option><option value=\"Guadalajara\">Guadalajara<\/option><option value=\"Gipuzkoa\">Gipuzkoa<\/option><option value=\"Huelva\">Huelva<\/option><option value=\"Huesca\">Huesca<\/option><option value=\"Ja\u00e9n\">Ja\u00e9n<\/option><option value=\"La Rioja\">La Rioja<\/option><option value=\"Las Palmas\">Las Palmas<\/option><option value=\"Le\u00f3n\">Le\u00f3n<\/option><option value=\"L\u00e9rida\">L\u00e9rida<\/option><option value=\"Lugo\">Lugo<\/option><option value=\"Madrid\">Madrid<\/option><option value=\"M\u00e1laga\">M\u00e1laga<\/option><option value=\"Melilla\">Melilla<\/option><option value=\"Murcia\">Murcia<\/option><option value=\"Navarra\">Navarra<\/option><option value=\"Ourense\">Ourense<\/option><option value=\"Palencia\">Palencia<\/option><option value=\"Pontevedra\">Pontevedra<\/option><option value=\"Salamanca\">Salamanca<\/option><option value=\"Segovia\">Segovia<\/option><option value=\"Sevilla\">Sevilla<\/option><option value=\"Soria\">Soria<\/option><option value=\"Tarragona\">Tarragona<\/option><option value=\"Santa Cruz de Tenerife\">Santa Cruz de Tenerife<\/option><option value=\"Teruel\">Teruel<\/option><option value=\"Toledo\">Toledo<\/option><option value=\"Valencia\">Valencia<\/option><option value=\"Valladolid\">Valladolid<\/option><option value=\"Zamora\">Zamora<\/option><option value=\"Zaragoza\">Zaragoza<\/option><\/select><\/span> <\/label>\n<\/p>\n<p><label> Tu mensaje*<br \/>\n<span class=\"wpcf7-form-control-wrap\" data-name=\"your-message\"><textarea cols=\"40\" rows=\"10\" maxlength=\"2000\" class=\"wpcf7-form-control wpcf7-textarea wpcf7-validates-as-required\" aria-required=\"true\" aria-invalid=\"false\" placeholder=\"Escriba aqu\u00ed en qu\u00e9 mando, equipo o aplicaci\u00f3n est\u00e1 interesado; o si tiene alguna duda.\" name=\"your-message\"><\/textarea><\/span> <\/label>\n<\/p>\n<p><span class=\"wpcf7-form-control-wrap\" data-name=\"acceptance-322\"><span class=\"wpcf7-form-control wpcf7-acceptance\"><span class=\"wpcf7-list-item\"><label><input type=\"checkbox\" name=\"acceptance-322\" value=\"1\" aria-invalid=\"false\" \/><span class=\"wpcf7-list-item-label\">He le\u00eddo y acepto las <a href=\"https:\/\/www.tele-radio.com\/es\/politica-de-privacidad-y-cookies\/\" target=\"_blank\">condiciones de privacidad<\/a>.*<\/span><\/label><\/span><\/span><\/span>\n<\/p>\n<p><input class=\"wpcf7-form-control wpcf7-submit has-spinner\" type=\"submit\" value=\"Enviar\" \/>\n<\/p><div class=\"wpcf7-response-output\" aria-hidden=\"true\"><\/div>\n<\/form>\n<\/div>\n\r\n\t\t\t\t<script>\r\n\t\t\t\tif ( typeof huOptions !== 'undefined' ) {\r\n\t\t\t\t\tvar huFormData = {\"source\":\"contactform7\",\"id\":45404,\"title\":\"TRESP-comercial\",\"fields\":{\"subject\":{\"first_name\":\"your-name\",\"email\":\"your-email\"},\"preferences\":{\"terms\":\"your-consent\"}}};\r\n\t\t\t\t\tvar huFormNode = document.querySelector( '[id^=\"wpcf7-f45404-\"] form' );\r\n\r\n\t\t\t\t\thuFormData['node'] = huFormNode;\r\n\t\t\t\t\thuOptions['forms'].push( huFormData );\r\n\t\t\t\t}\r\n\t\t\t\t<\/script><\/div>\n","protected":false},"excerpt":{"rendered":"<p>Disponibilidad local de repuestos, formaci\u00f3n interna del personal y agilidad en el suministro y servicio: estas son las razones por las que Strong Machines eligi\u00f3 Tele Radio. Cuando se levantan cargas con dos gr\u00faas puente trabajando en t\u00e1ndem, no hay margen de error. Para Strong Machines, un fabricante brasile\u00f1o con sede en la provincia m\u00e1s [&hellip;]<\/p>\n","protected":false},"author":29,"featured_media":272491,"parent":0,"menu_order":0,"comment_status":"closed","ping_status":"closed","template":"content-customer-stories.php","meta":{"_acf_changed":false,"footnotes":""},"class_list":["post-289315","page","type-page","status-publish","has-post-thumbnail","hentry"],"acf":[],"_links":{"self":[{"href":"https:\/\/www.tele-radio.com\/es\/wp-json\/wp\/v2\/pages\/289315","targetHints":{"allow":["GET"]}}],"collection":[{"href":"https:\/\/www.tele-radio.com\/es\/wp-json\/wp\/v2\/pages"}],"about":[{"href":"https:\/\/www.tele-radio.com\/es\/wp-json\/wp\/v2\/types\/page"}],"author":[{"embeddable":true,"href":"https:\/\/www.tele-radio.com\/es\/wp-json\/wp\/v2\/users\/29"}],"replies":[{"embeddable":true,"href":"https:\/\/www.tele-radio.com\/es\/wp-json\/wp\/v2\/comments?post=289315"}],"version-history":[{"count":1,"href":"https:\/\/www.tele-radio.com\/es\/wp-json\/wp\/v2\/pages\/289315\/revisions"}],"predecessor-version":[{"id":289321,"href":"https:\/\/www.tele-radio.com\/es\/wp-json\/wp\/v2\/pages\/289315\/revisions\/289321"}],"wp:featuredmedia":[{"embeddable":true,"href":"https:\/\/www.tele-radio.com\/es\/wp-json\/wp\/v2\/media\/272491"}],"wp:attachment":[{"href":"https:\/\/www.tele-radio.com\/es\/wp-json\/wp\/v2\/media?parent=289315"}],"curies":[{"name":"wp","href":"https:\/\/api.w.org\/{rel}","templated":true}]}}