{"id":28899,"date":"2019-08-09T13:32:16","date_gmt":"2019-08-09T13:32:16","guid":{"rendered":"https:\/\/www.tele-radio.com\/wireless-remote-control-tow-trucks-winches\/"},"modified":"2025-07-09T09:48:29","modified_gmt":"2025-07-09T09:48:29","slug":"mandos-gruas-portacoches-cabrestantes","status":"publish","type":"page","link":"https:\/\/www.tele-radio.com\/es\/mandos-gruas-portacoches-cabrestantes\/","title":{"rendered":"Kit mando a distancia para Gr\u00faa Portacoches y Cabrestante"},"content":{"rendered":"\n<div style=\"height:30px\" aria-hidden=\"true\" class=\"wp-block-spacer\"><\/div>\n\n\n\n<p>En Tele Radio nos esforzamos por fabricar los sistemas de control remoto de <strong>mayor calidad del mercado<\/strong>.&nbsp;Nuestro mando para gr\u00faa portacoches y cabrestante destaca por su robustez, flexibilidad y seguridad.<\/p>\n\n\n\n<div class=\"wp-block-columns are-vertically-aligned-center is-layout-flex wp-container-core-columns-is-layout-9d6595d7 wp-block-columns-is-layout-flex\">\n<div class=\"wp-block-column is-vertically-aligned-center is-layout-flow wp-block-column-is-layout-flow\" style=\"flex-basis:18%\"><div class=\"wp-block-image\">\n<figure class=\"aligncenter size-large is-resized\"><img loading=\"lazy\" decoding=\"async\" width=\"300\" height=\"469\" src=\"https:\/\/www.tele-radio.com\/app\/uploads\/control-grua-portacoches-PN-T21-4-diferentes-botones-min.gif\" alt=\"Gif mando para gr\u00faa portacoches y cabrestante\" class=\"wp-image-65466\" style=\"width:180px\"\/><\/figure><\/div><\/div>\n\n\n\n<div class=\"wp-block-column is-vertically-aligned-center is-layout-flow wp-block-column-is-layout-flow\" style=\"flex-basis:82%\">\n<p>La gama panther es la m\u00e1s vers\u00e1til y extensa de Tele Radio. En concreto, los <strong>transmisores de alta potencia <a href=\"https:\/\/www.tele-radio.com\/es\/products\/panther\/panther-transmisor-8-botones-2-pasos-pld-cat3\/\" target=\"_blank\" aria-label=\"undefined (opens in a new tab)\" rel=\"noreferrer noopener\">PN-T21<\/a><\/strong> son ideales para este tipo de aplicaciones donde <strong>el receptor puede ir instalado en el interior de la carrocer\u00eda<\/strong> o estar oculto tras partes met\u00e1licas. <\/p>\n\n\n\n<p>Est\u00e1n disponibles con diferente&nbsp;<strong>n\u00famero de botones<\/strong>,&nbsp;siendo los m\u00e1s comunes los de 6, 8 y 10 botones, y son <strong>v\u00e1lidos hasta para 19 funciones<\/strong>.<\/p>\n\n\n\n<p class=\"has-black-color has-luminous-vivid-amber-background-color has-text-color has-background\">El <strong>kit de mando a distancia para gr\u00faa portacoches<\/strong> suele estar compuesto de estos mandos <a href=\"https:\/\/www.tele-radio.com\/es\/products\/panther\/transmisor-panther-6-botones-alta-potencia-emision\/\"><font color=\"black\"><strong>PN-T21<\/strong><\/font><\/a> y receptores <a href=\"https:\/\/www.tele-radio.com\/es\/products\/panther\/panther-receptor-11-function-relays\/\"><font color=\"black\"><strong>PN-R8<\/strong><\/font><\/a>, que disponen de antena interna y diferente n\u00famero de rel\u00e9s.<\/p>\n<\/div>\n<\/div>\n\n\n\n<div style=\"height:30px\" aria-hidden=\"true\" class=\"wp-block-spacer\"><\/div>\n\n\n\n<div class=\"wp-block-buttons is-horizontal is-content-justification-center is-layout-flex wp-container-core-buttons-is-layout-499968f5 wp-block-buttons-is-layout-flex\">\n<div class=\"wp-block-button\"><a class=\"wp-block-button__link has-black-color has-text-color has-background wp-element-button\" href=\"#info\" style=\"border-radius:7px;background-color:#fbba00\"><strong>Solicita informaci\u00f3n<\/strong><\/a><\/div>\n<\/div>\n\n\n\n<div style=\"height:70px\" aria-hidden=\"true\" class=\"wp-block-spacer\"><\/div>\n\n\n\n<div class=\"wp-block-columns is-layout-flex wp-container-core-columns-is-layout-9d6595d7 wp-block-columns-is-layout-flex\">\n<div class=\"wp-block-column is-layout-flow wp-block-column-is-layout-flow\" style=\"flex-basis:20%\"><\/div>\n\n\n\n<div class=\"wp-block-column is-layout-flow wp-block-column-is-layout-flow\" style=\"flex-basis:60%\">\n<figure class=\"wp-block-video aligncenter\"><video controls src=\"https:\/\/www.tele-radio.com\/app\/uploads\/Vehiculos-de-rescate-ES.mp4\"><\/video><\/figure>\n<\/div>\n\n\n\n<div class=\"wp-block-column is-layout-flow wp-block-column-is-layout-flow\" style=\"flex-basis:20%\"><\/div>\n<\/div>\n\n\n\n<p><\/p>\n\n\n\n<h2 class=\"wp-block-heading\">Mando a distancia para cabrestante o winch<\/h2>\n\n\n\n<div class=\"wp-block-media-text has-media-on-the-right is-stacked-on-mobile\" style=\"grid-template-columns:auto 30%\"><div class=\"wp-block-media-text__content\">\n<p>Los <strong>cabrestantes o winches<\/strong> son herramientas clave en aplicaciones como el rescate, la recuperaci\u00f3n de veh\u00edculos y la elevaci\u00f3n de cargas pesadas en situaciones exigentes.<\/p>\n\n\n\n<p>Incorporar un <strong>control remoto<\/strong> espec\u00edfico para estos equipos mejora considerablemente la seguridad, la precisi\u00f3n y la eficacia del trabajo, permitiendo al operario controlar el cabrestante desde una distancia segura, evitando riesgos innecesarios.<\/p>\n<\/div><figure class=\"wp-block-media-text__media\"><img loading=\"lazy\" decoding=\"async\" width=\"750\" height=\"713\" src=\"https:\/\/www.tele-radio.com\/app\/uploads\/Winch-remote-control-Panther-system-from-Tele-Radio-1.jpg\" alt=\"Remote control for Winches - Panther system by Tele Radio\" class=\"wp-image-24140 size-full\" srcset=\"https:\/\/www.tele-radio.com\/app\/uploads\/Winch-remote-control-Panther-system-from-Tele-Radio-1.jpg 750w, https:\/\/www.tele-radio.com\/app\/uploads\/Winch-remote-control-Panther-system-from-Tele-Radio-1-400x380.jpg 400w, https:\/\/www.tele-radio.com\/app\/uploads\/Winch-remote-control-Panther-system-from-Tele-Radio-1-500x475.jpg 500w\" sizes=\"auto, (max-width: 750px) 100vw, 750px\" \/><\/figure><\/div>\n\n\n\n<p><\/p>\n\n\n\n<h3 class=\"wp-block-heading\">Tipos comunes de mando para cabrestantes<\/h3>\n\n\n\n<p>El mando a distancia para cabrestante o winch m\u00e1s utilizado suele ser el de <strong>3 botones<\/strong>, que incluye las funciones esenciales de encendido\/apagado y la acci\u00f3n de recoger o soltar cable. Para aplicaciones m\u00e1s avanzadas o donde se necesite un control m\u00e1s preciso, existen modelos de hasta <strong>6 botones<\/strong>, que permiten disponer de m\u00faltiples velocidades, movimientos adicionales o controlar funciones extra como la activaci\u00f3n de luces o estabilizadores hidr\u00e1ulicos.<\/p>\n\n\n\n<p><\/p>\n\n\n\n<h2 class=\"wp-block-heading\">Control remoto en gr\u00faas con plataforma<\/h2>\n\n\n\n<p>Las gr\u00faas con plataforma son equipos esenciales en tareas de rescate, recuperaci\u00f3n de veh\u00edculos, transporte y asistencia en carretera. Incorporar un sistema de control remoto en estas gr\u00faas aumenta significativamente la seguridad, comodidad y eficiencia durante las operaciones.<\/p>\n\n\n\n<h3 class=\"wp-block-heading\">\u00bfPor qu\u00e9 elegir un control remoto para gr\u00faas con plataforma?<\/h3>\n\n\n\n<p>El mando a distancia m\u00e1s utilizado para gr\u00faas con plataforma suele contar con <strong>entre 6 y 10 botones<\/strong> en los transmisores compactos, permitiendo realizar m\u00faltiples funciones como desplegar o recoger la plataforma, controlar movimientos hidr\u00e1ulicos adicionales o gestionar sistemas auxiliares como luces y estabilizadores.<\/p>\n\n\n\n<p>En aplicaciones donde la seguridad es especialmente cr\u00edtica y se requiere un mayor nivel de protecci\u00f3n para el operario y su entorno, es habitual utilizar transmisores con al menos <strong>8 botones<\/strong>, incluyendo siempre una <strong>seta de parada de emergencia<\/strong>. Este bot\u00f3n proporciona una capa adicional de seguridad, permitiendo detener inmediatamente todas las operaciones en caso de riesgo o emergencia.<\/p>\n\n\n\n<p><\/p>\n\n\n\n<h2 class=\"wp-block-heading\">Control remoto para gr\u00faas de arrastre<\/h2>\n\n\n\n<p>Las gr\u00faas de arrastre son equipos fundamentales en la recuperaci\u00f3n, transporte y asistencia de veh\u00edculos en carretera, especialmente en situaciones de emergencia o aver\u00eda.<\/p>\n\n\n\n<p>Al incorporar un control remoto en estas gr\u00faas, se incrementa notablemente la seguridad del operador, ya que permite controlar todas las operaciones desde una distancia prudente, evitando riesgos asociados al tr\u00e1fico o condiciones complicadas del entorno. Esto no solo protege al operador, sino que tambi\u00e9n mejora la precisi\u00f3n de los movimientos y la eficiencia general de cada intervenci\u00f3n.<\/p>\n\n\n\n<p><\/p>\n\n\n\n<figure class=\"wp-block-image size-large\"><img loading=\"lazy\" decoding=\"async\" width=\"1200\" height=\"266\" src=\"https:\/\/www.tele-radio.com\/app\/uploads\/\/FH_MV_PN_0002-1200x266.png\" alt=\"remote control tow truck\" class=\"wp-image-263750\" srcset=\"https:\/\/www.tele-radio.com\/app\/uploads\/FH_MV_PN_0002-1200x266.png 1200w, https:\/\/www.tele-radio.com\/app\/uploads\/FH_MV_PN_0002-400x89.png 400w, https:\/\/www.tele-radio.com\/app\/uploads\/FH_MV_PN_0002-768x170.png 768w, https:\/\/www.tele-radio.com\/app\/uploads\/FH_MV_PN_0002-1536x341.png 1536w, https:\/\/www.tele-radio.com\/app\/uploads\/FH_MV_PN_0002-2048x455.png 2048w, https:\/\/www.tele-radio.com\/app\/uploads\/FH_MV_PN_0002-750x166.png 750w, https:\/\/www.tele-radio.com\/app\/uploads\/FH_MV_PN_0002-500x111.png 500w, https:\/\/www.tele-radio.com\/app\/uploads\/FH_MV_PN_0002-1600x355.png 1600w, https:\/\/www.tele-radio.com\/app\/uploads\/FH_MV_PN_0002-800x178.png 800w\" sizes=\"auto, (max-width: 1200px) 100vw, 1200px\" \/><\/figure>\n\n\n\n<p><\/p>\n\n\n\n<h2 class=\"wp-block-heading\">Caracter\u00edsticas Generales del kit de mando a distancia para gr\u00faa portacoches y cabrestante<\/h2>\n\n\n\n<ul class=\"wp-block-list\">\n<li>La tecnolog\u00eda DSSS permite que cientos de mandos operen cerca <strong>sin interferencias<\/strong>.<\/li>\n\n\n\n<li>Puede <strong>controlar distintos objetos con un \u00fanico mando<\/strong>. Por ejemplo, controlar una plataforma deslizante y un cabrestante en el mismo veh\u00edculo.<\/li>\n\n\n\n<li>Los mandos inal\u00e1mbricos son ligeros, robustos y <strong>a prueba de agua y polvo<\/strong>. Varias certificaciones IP disponibles.<\/li>\n\n\n\n<li>Los botones de los mandos son programables y han sido fabricados para tener <strong>la mayor vida \u00fatil<\/strong> posible.<\/li>\n\n\n\n<li>Amplio abanico de <strong>accesorios<\/strong>: Soportes y acoples para el mando, fundas a medida, clips met\u00e1licos para el cintur\u00f3n, etc.<\/li>\n\n\n\n<li><strong>Soporte a nivel mundial<\/strong>. Sucursales en 20 pa\u00edses y acuerdos con distribuidores en todo el mundo.<\/li>\n<\/ul>\n\n\n\n<p><\/p>\n\n\n\n<h2 class=\"wp-block-heading\">Mando para gr\u00faa porta coches y cabrestante con colores y apariencia personalizables<\/h2>\n\n\n\n<div class=\"wp-block-media-text alignwide has-media-on-the-right is-stacked-on-mobile\"><div class=\"wp-block-media-text__content\">\n<p class=\"has-medium-font-size\"><meta charset=\"utf-8\">Podemos hacer un <strong><a href=\"https:\/\/www.tele-radio.com\/es\/caratulas-personalizadas\/\">dise\u00f1o totalmente personalizado<\/a><\/strong> de mando para gr\u00faa portacoches, con iconos, colores e incluso su logotipo. Hay diferentes materiales disponibles en estos dise\u00f1os.<\/p>\n<\/div><figure class=\"wp-block-media-text__media\"><img loading=\"lazy\" decoding=\"async\" width=\"600\" height=\"300\" src=\"https:\/\/www.tele-radio.com\/app\/uploads\/foils-personalizados-gruas-portacoches-teleradio.webp\" alt=\"Mandos inal\u00e1mbricos personalizables para gr\u00faa portacoches y cabrestantes\" class=\"wp-image-82933 size-full\" srcset=\"https:\/\/www.tele-radio.com\/app\/uploads\/foils-personalizados-gruas-portacoches-teleradio.webp 600w, https:\/\/www.tele-radio.com\/app\/uploads\/foils-personalizados-gruas-portacoches-teleradio-400x200.webp 400w, https:\/\/www.tele-radio.com\/app\/uploads\/foils-personalizados-gruas-portacoches-teleradio-360x180.webp 360w, https:\/\/www.tele-radio.com\/app\/uploads\/foils-personalizados-gruas-portacoches-teleradio-500x250.webp 500w\" sizes=\"auto, (max-width: 600px) 100vw, 600px\" \/><\/figure><\/div>\n\n\n\n<h2 class=\"wp-block-heading\">Otros mandos inal\u00e1mbricos<\/h2>\n\n\n\n<p>La flexibilidad, personalizaci\u00f3n y adaptaci\u00f3n de nuestros productos es enorme. Tenemos <strong>la gama m\u00e1s amplia de controles remotos del mercado<\/strong>. Si no encuentra un producto que se adapte a usted o prefiere que le ayudemos a encontrar el sistema inal\u00e1mbrico ideal, env\u00edenos una petici\u00f3n y le ayudaremos.<\/p>\n\n\n\n<div class=\"wp-block-columns has-very-light-gray-background-color has-background is-layout-flex wp-container-core-columns-is-layout-9d6595d7 wp-block-columns-is-layout-flex\">\n<div class=\"wp-block-column is-layout-flow wp-block-column-is-layout-flow\"><div class=\"wp-block-image is-resized\">\n<figure class=\"aligncenter size-large\"><img loading=\"lazy\" decoding=\"async\" width=\"100\" height=\"100\" src=\"https:\/\/www.tele-radio.com\/app\/uploads\/protected-t19.png\" alt=\"IP65 and IP67 certified radio remote control for tow truck and winches\" class=\"wp-image-58029\" style=\"width:auto;height:100px\"\/><\/figure><\/div>\n\n\n<p class=\"has-text-align-center has-medium-font-size\"><strong>Protecci\u00f3n contra el polvo y el agua<\/strong><\/p>\n\n\n\n<p class=\"has-text-align-center\">Nuestros transmisores son altamente robustos.<br>Con protecci\u00f3n IP65 y en su mayor\u00eda IP67.<\/p>\n<\/div>\n\n\n\n<div class=\"wp-block-column is-layout-flow wp-block-column-is-layout-flow\"><div class=\"wp-block-image is-resized\">\n<figure class=\"aligncenter size-large\"><img loading=\"lazy\" decoding=\"async\" width=\"100\" height=\"100\" src=\"https:\/\/www.tele-radio.com\/app\/uploads\/reparar-control-remoto-espana-teleradio.png\" alt=\"Local support for radio remote control\" class=\"wp-image-36147\" style=\"width:auto;height:100px\"\/><\/figure><\/div>\n\n\n<p class=\"has-text-align-center has-medium-font-size\"><strong>Soporte directo local y global<\/strong><\/p>\n\n\n\n<p class=\"has-text-align-center\">Oficinas en Barcelona y M\u00e1laga para operar en la pen\u00ednsula. Filiales en todo el mundo.<\/p>\n<\/div>\n\n\n\n<div class=\"wp-block-column is-layout-flow wp-block-column-is-layout-flow\"><div class=\"wp-block-image is-resized\">\n<figure class=\"aligncenter size-large\"><img loading=\"lazy\" decoding=\"async\" width=\"128\" height=\"128\" src=\"https:\/\/www.tele-radio.com\/app\/uploads\/certification.png\" alt=\"FCC IC CE Approved transmiters\" class=\"wp-image-46654\" style=\"width:auto;height:100px\"\/><\/figure><\/div>\n\n\n<p class=\"has-text-align-center has-medium-font-size\"><strong>Certificaci\u00f3n aprobada FCC IC CE<\/strong><\/p>\n\n\n\n<p class=\"has-text-align-center\">Usamos nuestros transmisores en cualquier parte del mundo. Exporta e importa tu maquinaria.<\/p>\n<\/div>\n<\/div>\n\n\n\n<p class=\"has-large-font-size\" id=\"info\">Contacto<\/p>\n\n\n\n<div class=\"wp-block-columns is-layout-flex wp-container-core-columns-is-layout-9d6595d7 wp-block-columns-is-layout-flex\">\n<div class=\"wp-block-column is-layout-flow wp-block-column-is-layout-flow\" style=\"flex-basis:66.66%\">\n<div class=\"wpcf7 no-js\" id=\"wpcf7-f45404-o1\" lang=\"en-EN\" dir=\"ltr\" data-wpcf7-id=\"45404\">\n<div class=\"screen-reader-response\"><p role=\"status\" aria-live=\"polite\" aria-atomic=\"true\"><\/p> <ul><\/ul><\/div>\n<form action=\"\/es\/wp-json\/wp\/v2\/pages\/28899#wpcf7-f45404-o1\" method=\"post\" class=\"wpcf7-form init\" aria-label=\"Contact form\" novalidate=\"novalidate\" data-status=\"init\">\n<fieldset class=\"hidden-fields-container\"><input type=\"hidden\" name=\"_wpcf7\" value=\"45404\" \/><input type=\"hidden\" name=\"_wpcf7_version\" value=\"6.1\" \/><input type=\"hidden\" name=\"_wpcf7_locale\" value=\"en_EN\" \/><input type=\"hidden\" name=\"_wpcf7_unit_tag\" value=\"wpcf7-f45404-o1\" \/><input type=\"hidden\" name=\"_wpcf7_container_post\" value=\"0\" \/><input type=\"hidden\" name=\"_wpcf7_posted_data_hash\" value=\"\" \/><input type=\"hidden\" name=\"_wpcf7_recaptcha_response\" value=\"\" \/>\n<\/fieldset>\n<p><label> Nombre*<br \/>\n<span class=\"wpcf7-form-control-wrap\" data-name=\"nombre\"><input size=\"40\" maxlength=\"400\" class=\"wpcf7-form-control wpcf7-text wpcf7-validates-as-required\" aria-required=\"true\" aria-invalid=\"false\" placeholder=\"Su nombre\" value=\"\" type=\"text\" name=\"nombre\" \/><\/span> <\/label>\n<\/p>\n<p><label> Email*<br \/>\n<span class=\"wpcf7-form-control-wrap\" data-name=\"tu-email\"><input size=\"40\" maxlength=\"400\" class=\"wpcf7-form-control wpcf7-email wpcf7-validates-as-required wpcf7-text wpcf7-validates-as-email\" aria-required=\"true\" aria-invalid=\"false\" placeholder=\"Su email\" value=\"\" type=\"email\" name=\"tu-email\" \/><\/span> <\/label>\n<\/p>\n<p><label> Tel\u00e9fono<br \/>\n<span class=\"wpcf7-form-control-wrap\" data-name=\"tu-tfno\"><input size=\"40\" maxlength=\"400\" class=\"wpcf7-form-control wpcf7-tel wpcf7-text wpcf7-validates-as-tel\" aria-invalid=\"false\" placeholder=\"Tel\u00e9fono de contacto\" value=\"\" type=\"tel\" name=\"tu-tfno\" \/><\/span> <\/label>\n<\/p>\n<p><label> Provincia*<br \/>\n<span class=\"wpcf7-form-control-wrap\" data-name=\"Provincia\"><select class=\"wpcf7-form-control wpcf7-select\" aria-invalid=\"false\" name=\"Provincia\"><option value=\"\">&#8212;Please choose an option&#8212;<\/option><option value=\"A Coru\u00f1a\">A Coru\u00f1a<\/option><option value=\"\u00c1lava\">\u00c1lava<\/option><option value=\"Albacete\">Albacete<\/option><option value=\"Alicante\">Alicante<\/option><option value=\"Almer\u00eda\">Almer\u00eda<\/option><option value=\"Asturias\">Asturias<\/option><option value=\"\u00c1vila\">\u00c1vila<\/option><option value=\"Badajoz\">Badajoz<\/option><option value=\"Baleares\">Baleares<\/option><option value=\"Barcelona\">Barcelona<\/option><option value=\"Bizkaia\">Bizkaia<\/option><option value=\"Burgos\">Burgos<\/option><option value=\"C\u00e1ceres\">C\u00e1ceres<\/option><option value=\"C\u00e1diz\">C\u00e1diz<\/option><option value=\"Cantabria\">Cantabria<\/option><option value=\"Castell\u00f3n\">Castell\u00f3n<\/option><option value=\"Ceuta\">Ceuta<\/option><option value=\"Ciudad Real\">Ciudad Real<\/option><option value=\"C\u00f3rdoba\">C\u00f3rdoba<\/option><option value=\"Cuenca\">Cuenca<\/option><option value=\"Girona\">Girona<\/option><option value=\"Granada\">Granada<\/option><option value=\"Guadalajara\">Guadalajara<\/option><option value=\"Gipuzkoa\">Gipuzkoa<\/option><option value=\"Huelva\">Huelva<\/option><option value=\"Huesca\">Huesca<\/option><option value=\"Ja\u00e9n\">Ja\u00e9n<\/option><option value=\"La Rioja\">La Rioja<\/option><option value=\"Las Palmas\">Las Palmas<\/option><option value=\"Le\u00f3n\">Le\u00f3n<\/option><option value=\"L\u00e9rida\">L\u00e9rida<\/option><option value=\"Lugo\">Lugo<\/option><option value=\"Madrid\">Madrid<\/option><option value=\"M\u00e1laga\">M\u00e1laga<\/option><option value=\"Melilla\">Melilla<\/option><option value=\"Murcia\">Murcia<\/option><option value=\"Navarra\">Navarra<\/option><option value=\"Ourense\">Ourense<\/option><option value=\"Palencia\">Palencia<\/option><option value=\"Pontevedra\">Pontevedra<\/option><option value=\"Salamanca\">Salamanca<\/option><option value=\"Segovia\">Segovia<\/option><option value=\"Sevilla\">Sevilla<\/option><option value=\"Soria\">Soria<\/option><option value=\"Tarragona\">Tarragona<\/option><option value=\"Santa Cruz de Tenerife\">Santa Cruz de Tenerife<\/option><option value=\"Teruel\">Teruel<\/option><option value=\"Toledo\">Toledo<\/option><option value=\"Valencia\">Valencia<\/option><option value=\"Valladolid\">Valladolid<\/option><option value=\"Zamora\">Zamora<\/option><option value=\"Zaragoza\">Zaragoza<\/option><\/select><\/span> <\/label>\n<\/p>\n<p><label> Tu mensaje*<br \/>\n<span class=\"wpcf7-form-control-wrap\" data-name=\"your-message\"><textarea cols=\"40\" rows=\"10\" maxlength=\"2000\" class=\"wpcf7-form-control wpcf7-textarea wpcf7-validates-as-required\" aria-required=\"true\" aria-invalid=\"false\" placeholder=\"Escriba aqu\u00ed en qu\u00e9 mando, equipo o aplicaci\u00f3n est\u00e1 interesado; o si tiene alguna duda.\" name=\"your-message\"><\/textarea><\/span> <\/label>\n<\/p>\n<p><span class=\"wpcf7-form-control-wrap\" data-name=\"acceptance-322\"><span class=\"wpcf7-form-control wpcf7-acceptance\"><span class=\"wpcf7-list-item\"><label><input type=\"checkbox\" name=\"acceptance-322\" value=\"1\" aria-invalid=\"false\" \/><span class=\"wpcf7-list-item-label\">He le\u00eddo y acepto las <a href=\"https:\/\/www.tele-radio.com\/es\/politica-de-privacidad-y-cookies\/\" target=\"_blank\">condiciones de privacidad<\/a>.*<\/span><\/label><\/span><\/span><\/span>\n<\/p>\n<p><input class=\"wpcf7-form-control wpcf7-submit has-spinner\" type=\"submit\" value=\"Enviar\" \/>\n<\/p><div class=\"wpcf7-response-output\" aria-hidden=\"true\"><\/div>\n<\/form>\n<\/div>\n\r\n\t\t\t\t<script>\r\n\t\t\t\tif ( typeof huOptions !== 'undefined' ) {\r\n\t\t\t\t\tvar huFormData = {\"source\":\"contactform7\",\"id\":45404,\"title\":\"TRESP-comercial\",\"fields\":{\"subject\":{\"first_name\":\"your-name\",\"email\":\"your-email\"},\"preferences\":{\"terms\":\"your-consent\"}}};\r\n\t\t\t\t\tvar huFormNode = document.querySelector( '[id^=\"wpcf7-f45404-\"] form' );\r\n\r\n\t\t\t\t\thuFormData['node'] = huFormNode;\r\n\t\t\t\t\thuOptions['forms'].push( huFormData );\r\n\t\t\t\t}\r\n\t\t\t\t<\/script>\n<\/div>\n\n\n\n<div class=\"wp-block-column is-layout-flow wp-block-column-is-layout-flow\" style=\"flex-basis:33.33%\"><\/div>\n<\/div>\n","protected":false},"excerpt":{"rendered":"<p>En Tele Radio nos esforzamos por fabricar los sistemas de control remoto de mayor calidad del mercado.&nbsp;Nuestro mando para gr\u00faa portacoches y cabrestante destaca por su robustez, flexibilidad y seguridad. La gama panther es la m\u00e1s vers\u00e1til y extensa de Tele Radio. En concreto, los transmisores de alta potencia PN-T21 son ideales para este tipo [&hellip;]<\/p>\n","protected":false},"author":54,"featured_media":0,"parent":0,"menu_order":0,"comment_status":"closed","ping_status":"closed","template":"","meta":{"_acf_changed":false,"footnotes":""},"class_list":["post-28899","page","type-page","status-publish","hentry"],"acf":[],"_links":{"self":[{"href":"https:\/\/www.tele-radio.com\/es\/wp-json\/wp\/v2\/pages\/28899","targetHints":{"allow":["GET"]}}],"collection":[{"href":"https:\/\/www.tele-radio.com\/es\/wp-json\/wp\/v2\/pages"}],"about":[{"href":"https:\/\/www.tele-radio.com\/es\/wp-json\/wp\/v2\/types\/page"}],"author":[{"embeddable":true,"href":"https:\/\/www.tele-radio.com\/es\/wp-json\/wp\/v2\/users\/54"}],"replies":[{"embeddable":true,"href":"https:\/\/www.tele-radio.com\/es\/wp-json\/wp\/v2\/comments?post=28899"}],"version-history":[{"count":43,"href":"https:\/\/www.tele-radio.com\/es\/wp-json\/wp\/v2\/pages\/28899\/revisions"}],"predecessor-version":[{"id":263782,"href":"https:\/\/www.tele-radio.com\/es\/wp-json\/wp\/v2\/pages\/28899\/revisions\/263782"}],"wp:attachment":[{"href":"https:\/\/www.tele-radio.com\/es\/wp-json\/wp\/v2\/media?parent=28899"}],"curies":[{"name":"wp","href":"https:\/\/api.w.org\/{rel}","templated":true}]}}