{"id":280869,"date":"2021-12-01T15:24:08","date_gmt":"2021-12-01T15:24:08","guid":{"rendered":"https:\/\/www.tele-radio.com\/lp-dump-trailers-construction\/"},"modified":"2026-02-19T11:39:34","modified_gmt":"2026-02-19T11:39:34","slug":"lp-dump-trailers-construction","status":"publish","type":"page","link":"https:\/\/www.tele-radio.com\/es\/lp-dump-trailers-construction\/","title":{"rendered":"Mandos a distancia inal\u00e1mbricos para carrocer\u00eda basculantes y volquetes"},"content":{"rendered":"\n<div style=\"height:20px\" aria-hidden=\"true\" class=\"wp-block-spacer\"><\/div>\n\n\n\n<h1 class=\"wp-block-heading\">Mandos a distancia inal\u00e1mbricos para carrocer\u00eda basculantes<\/h1>\n\n\n\n<div style=\"height:30px\" aria-hidden=\"true\" class=\"wp-block-spacer\"><\/div>\n\n\n\n<div class=\"wp-block-columns are-vertically-aligned-center is-layout-flex wp-container-core-columns-is-layout-9d6595d7 wp-block-columns-is-layout-flex\">\n<div class=\"wp-block-column is-vertically-aligned-center is-layout-flow wp-block-column-is-layout-flow\">\n<p>Los <strong>sistemas de carrocer\u00eda basculante<\/strong>, tambi\u00e9n conocidos como <strong>volquete o basculante<\/strong>, son tipos de veh\u00edculos utilizados principalmente en obras de construcci\u00f3n o en explotaciones mineras, y se emplean normalmente para el transporte de \u00e1ridos u otros tipos de materiales.<\/p>\n\n\n\n<p>La caja basculante puede tener movimientos laterales o verticales para descargar o vaciar los materiales.<\/p>\n\n\n\n<p>La descarga se realiza a menudo en entornos desfavorables y poco seguros, como terrenos inestables o con desniveles. En estas situaciones, realizar la descarga mediante controles remotos desde el exterior del cami\u00f3n basculante supone una clara ventaja, ya que el operador dispone de una mejor visibilidad del proceso y del entorno.<\/p>\n<\/div>\n\n\n\n<div class=\"wp-block-column is-vertically-aligned-center is-layout-flow wp-block-column-is-layout-flow\">\n<figure class=\"wp-block-video\"><video controls muted poster=\"https:\/\/www.tele-radio.com\/app\/uploads\/control-remoto-camion-volquete-personalizado.jpg\" src=\"https:\/\/www.tele-radio.com\/app\/uploads\/Control-remoto-volquetes-camion-basculante-teleradio-min.mp4\"><\/video><\/figure>\n<\/div>\n<\/div>\n\n\n\n<div style=\"height:40px\" aria-hidden=\"true\" class=\"wp-block-spacer\"><\/div>\n\n\n\n<h2 class=\"wp-block-heading has-text-align-center\">Tipos de sistemas de control remoto para carrocer\u00edas basculantes<\/h2>\n\n\n\n<p class=\"has-text-align-center\">Seg\u00fan las funciones que se deseen controlar y los requisitos de seguridad necesarios, ofrecemos <strong>tres tipos de controles remotos inal\u00e1mbricos para camiones basculantes<\/strong>, todos ellos totalmente personalizables para adaptarse a sus necesidades espec\u00edficas:<\/p>\n\n\n\n<div style=\"height:30px\" aria-hidden=\"true\" class=\"wp-block-spacer\"><\/div>\n\n\n\n<div class=\"wp-block-columns are-vertically-aligned-center has-very-light-gray-background-color has-background is-layout-flex wp-container-core-columns-is-layout-9d6595d7 wp-block-columns-is-layout-flex\">\n<div class=\"wp-block-column is-vertically-aligned-center is-layout-flow wp-block-column-is-layout-flow\">\n<h3 class=\"wp-block-heading has-text-align-center has-very-dark-gray-color has-text-color\">Transmisores compactos de bolsillo<\/h3>\n\n\n\n<div style=\"height:40px\" aria-hidden=\"true\" class=\"wp-block-spacer\"><\/div>\n\n\n<div class=\"wp-block-image\">\n<figure class=\"aligncenter size-large is-resized\"><img loading=\"lazy\" decoding=\"async\" width=\"300\" height=\"469\" src=\"https:\/\/www.tele-radio.com\/app\/uploads\/control-remoto-volquete-PN-T21-4-diferentes-botones-min.gif\" alt=\"\" class=\"wp-image-64090\" style=\"width:75px;height:117px\"\/><\/figure><\/div>\n\n\n<div style=\"height:20px\" aria-hidden=\"true\" class=\"wp-block-spacer\"><\/div>\n\n\n\n<p class=\"has-text-align-left\">Estos controles remotos son ideales para operaciones b\u00e1sicas de una sola velocidad, como la descarga, el apertura\/cierre de la caja basculante, el despliegue\/recogida de la lona, etc.<\/p>\n\n\n\n<p>Los mandos <strong>PN-T21<\/strong> est\u00e1n disponibles con <strong>3, 4, 6, 8 y 10 pulsadores<\/strong>.<\/p>\n\n\n\n<p class=\"has-text-align-left\">Funcionan con <strong>tres pilas alcalinas tipo AAA<\/strong>.<\/p>\n<\/div>\n\n\n\n<div class=\"wp-block-column is-vertically-aligned-center is-layout-flow wp-block-column-is-layout-flow\">\n<h3 class=\"wp-block-heading has-text-align-center has-very-dark-gray-color has-text-color\">Transmisores robustos con pulsador de parada tipo seta<\/h3>\n\n\n<div class=\"wp-block-image\">\n<figure class=\"aligncenter size-full is-resized\"><img loading=\"lazy\" decoding=\"async\" width=\"279\" height=\"315\" src=\"https:\/\/www.tele-radio.com\/app\/uploads\/panther-robusto-volquetes-small-3.png\" alt=\"\" class=\"wp-image-87470\" style=\"width:209px;height:236px\"\/><\/figure><\/div>\n\n\n<p class=\"has-text-align-left\">Los <strong>pulsadores de dos pasos<\/strong> permiten accionar funciones que requieren <strong>control a dos velocidades<\/strong>.<\/p>\n\n\n\n<p>Certificaci\u00f3n <strong>CAT3 PLd<\/strong>.<\/p>\n\n\n\n<p>Pulsador de <strong>parada de emergencia tipo seta<\/strong> y dise\u00f1o robusto para soportar el uso en los entornos m\u00e1s exigentes.<\/p>\n\n\n\n<p class=\"has-text-align-left\">Disponible con <strong>adaptador para pilas alcalinas AAA desechables<\/strong> o <strong>bater\u00edas recargables de ion-litio<\/strong>.<\/p>\n<\/div>\n\n\n\n<div class=\"wp-block-column is-vertically-aligned-center is-layout-flow wp-block-column-is-layout-flow\">\n<h3 class=\"wp-block-heading has-text-align-center has-very-dark-gray-color has-text-color\">Transmisores avanzados con la m\u00e1xima certificaci\u00f3n de seguridad y pulsador de parada tipo seta<\/h3>\n\n\n<div class=\"wp-block-image\">\n<figure class=\"aligncenter size-full\"><img loading=\"lazy\" decoding=\"async\" width=\"440\" height=\"250\" src=\"https:\/\/www.tele-radio.com\/app\/uploads\/tigers-for-tippers.png\" alt=\"\" class=\"wp-image-87574\" srcset=\"https:\/\/www.tele-radio.com\/app\/uploads\/tigers-for-tippers.png 440w, https:\/\/www.tele-radio.com\/app\/uploads\/tigers-for-tippers-400x227.png 400w\" sizes=\"auto, (max-width: 440px) 100vw, 440px\" \/><\/figure><\/div>\n\n\n<p class=\"has-text-align-left\">Capacidades <strong>proporcionales<\/strong>, <strong>entradas\/salidas digitales con realimentaci\u00f3n<\/strong>, <strong>CANbus<\/strong>, <strong>J1939<\/strong>, <strong>Modbus<\/strong>, <strong>TCP<\/strong> y <strong>Profibus<\/strong>, para adaptarse a las funciones de control de su cami\u00f3n.<\/p>\n\n\n\n<p class=\"has-text-align-left\">M\u00e1xima seguridad con certificaci\u00f3n <strong>SIL3<\/strong> y <strong>PLe<\/strong>.<\/p>\n\n\n\n<p>Pulsador de <strong>funci\u00f3n de  parada tipo seta<\/strong> y dise\u00f1o robusto para soportar el uso en los entornos m\u00e1s exigentes.<\/p>\n\n\n\n<p class=\"has-text-align-left\">Transmisores con <strong>bater\u00edas de ion-litio internas e intercambiables<\/strong>.<\/p>\n<\/div>\n<\/div>\n\n\n\n<div style=\"height:50px\" aria-hidden=\"true\" class=\"wp-block-spacer\"><\/div>\n\n\n\n<h2 class=\"wp-block-heading has-text-align-center\">Principales ventajas<\/h2>\n\n\n\n<div style=\"height:35px\" aria-hidden=\"true\" class=\"wp-block-spacer\"><\/div>\n\n\n\n<div class=\"wp-block-columns is-layout-flex wp-container-core-columns-is-layout-9d6595d7 wp-block-columns-is-layout-flex\">\n<div class=\"wp-block-column is-layout-flow wp-block-column-is-layout-flow\"><div class=\"wp-block-image\">\n<figure class=\"aligncenter size-large\"><img loading=\"lazy\" decoding=\"async\" width=\"64\" height=\"64\" src=\"https:\/\/www.tele-radio.com\/app\/uploads\/frequency-1.png\" alt=\"\" class=\"wp-image-48886\"\/><\/figure><\/div>\n\n\n<p class=\"has-text-align-center\">Frecuencias <strong>2,4 GHz<\/strong>, <strong>915 MHz<\/strong> y <strong>433 MHz<\/strong><\/p>\n<\/div>\n\n\n\n<div class=\"wp-block-column is-layout-flow wp-block-column-is-layout-flow\"><div class=\"wp-block-image\">\n<figure class=\"aligncenter size-large is-resized\"><img loading=\"lazy\" decoding=\"async\" width=\"100\" height=\"100\" src=\"https:\/\/www.tele-radio.com\/app\/uploads\/protected-t19.png\" alt=\"\" class=\"wp-image-58048\" style=\"width:64px;height:64px\"\/><\/figure><\/div>\n\n\n<p class=\"has-text-align-center\">Todos los controles remotos cuentan con certificaci\u00f3n <strong>IP65\u2013IP67<\/strong>, lo que garantiza protecci\u00f3n frente al polvo y la humedad<\/p>\n<\/div>\n\n\n\n<div class=\"wp-block-column is-layout-flow wp-block-column-is-layout-flow\"><div class=\"wp-block-image\">\n<figure class=\"aligncenter size-large\"><img loading=\"lazy\" decoding=\"async\" width=\"64\" height=\"64\" src=\"https:\/\/www.tele-radio.com\/app\/uploads\/contract-1.png\" alt=\"\" class=\"wp-image-48885\"\/><\/figure><\/div>\n\n\n<p class=\"has-text-align-center\">Todos los productos cuentan con las certificaciones <strong>FCC<\/strong>, <strong>IC<\/strong> y <strong>CE<\/strong><\/p>\n<\/div>\n<\/div>\n\n\n\n<div style=\"height:40px\" aria-hidden=\"true\" class=\"wp-block-spacer\"><\/div>\n\n\n\n<div class=\"wp-block-media-text alignwide is-stacked-on-mobile is-vertically-aligned-center has-very-light-gray-background-color has-background\"><figure class=\"wp-block-media-text__media\"><img loading=\"lazy\" decoding=\"async\" width=\"533\" height=\"400\" src=\"https:\/\/www.tele-radio.com\/app\/uploads\/customized-remote-control-tipper-truck-teleradio.jpg\" alt=\"\" class=\"wp-image-64560 size-full\" srcset=\"https:\/\/www.tele-radio.com\/app\/uploads\/customized-remote-control-tipper-truck-teleradio.jpg 533w, https:\/\/www.tele-radio.com\/app\/uploads\/customized-remote-control-tipper-truck-teleradio-400x300.jpg 400w, https:\/\/www.tele-radio.com\/app\/uploads\/customized-remote-control-tipper-truck-teleradio-500x375.jpg 500w\" sizes=\"auto, (max-width: 533px) 100vw, 533px\" \/><\/figure><div class=\"wp-block-media-text__content\">\n<p style=\"font-size:32px\"><strong>Personal\u00edzalo.<\/strong><br>Puede incluir <strong>s\u00edmbolos espec\u00edficos para sus funciones<\/strong>, mostrar <strong>su logotipo<\/strong> y utilizar <strong>sus colores corporativos<\/strong> en cualquiera de nuestros controles remotos.<\/p>\n<\/div><\/div>\n\n\n\n<div style=\"height:50px\" aria-hidden=\"true\" class=\"wp-block-spacer\"><\/div>\n\n\n\n<p class=\"has-text-align-center has-large-font-size\">Cont\u00e1ctanos<\/p>\n\n\n\n<div style=\"height:20px\" aria-hidden=\"true\" class=\"wp-block-spacer\"><\/div>\n\n\n\n<div class=\"wp-block-columns is-layout-flex wp-container-core-columns-is-layout-9d6595d7 wp-block-columns-is-layout-flex\">\n<div class=\"wp-block-column is-layout-flow wp-block-column-is-layout-flow\" style=\"flex-basis:20%\"><\/div>\n\n\n\n<div class=\"wp-block-column is-layout-flow wp-block-column-is-layout-flow\" style=\"flex-basis:60%\">\n<div class=\"wpcf7 no-js\" id=\"wpcf7-f45404-o1\" lang=\"en-EN\" dir=\"ltr\" data-wpcf7-id=\"45404\">\n<div class=\"screen-reader-response\"><p role=\"status\" aria-live=\"polite\" aria-atomic=\"true\"><\/p> <ul><\/ul><\/div>\n<form action=\"\/es\/wp-json\/wp\/v2\/pages\/280869#wpcf7-f45404-o1\" method=\"post\" class=\"wpcf7-form init\" aria-label=\"Contact form\" novalidate=\"novalidate\" data-status=\"init\">\n<fieldset class=\"hidden-fields-container\"><input type=\"hidden\" name=\"_wpcf7\" value=\"45404\" \/><input type=\"hidden\" name=\"_wpcf7_version\" value=\"6.1\" \/><input type=\"hidden\" name=\"_wpcf7_locale\" value=\"en_EN\" \/><input type=\"hidden\" name=\"_wpcf7_unit_tag\" value=\"wpcf7-f45404-o1\" \/><input type=\"hidden\" name=\"_wpcf7_container_post\" value=\"0\" \/><input type=\"hidden\" name=\"_wpcf7_posted_data_hash\" value=\"\" \/><input type=\"hidden\" name=\"_wpcf7_recaptcha_response\" value=\"\" \/>\n<\/fieldset>\n<p><label> Nombre*<br \/>\n<span class=\"wpcf7-form-control-wrap\" data-name=\"nombre\"><input size=\"40\" maxlength=\"400\" class=\"wpcf7-form-control wpcf7-text wpcf7-validates-as-required\" aria-required=\"true\" aria-invalid=\"false\" placeholder=\"Su nombre\" value=\"\" type=\"text\" name=\"nombre\" \/><\/span> <\/label>\n<\/p>\n<p><label> Email*<br \/>\n<span class=\"wpcf7-form-control-wrap\" data-name=\"tu-email\"><input size=\"40\" maxlength=\"400\" class=\"wpcf7-form-control wpcf7-email wpcf7-validates-as-required wpcf7-text wpcf7-validates-as-email\" aria-required=\"true\" aria-invalid=\"false\" placeholder=\"Su email\" value=\"\" type=\"email\" name=\"tu-email\" \/><\/span> <\/label>\n<\/p>\n<p><label> Tel\u00e9fono<br \/>\n<span class=\"wpcf7-form-control-wrap\" data-name=\"tu-tfno\"><input size=\"40\" maxlength=\"400\" class=\"wpcf7-form-control wpcf7-tel wpcf7-text wpcf7-validates-as-tel\" aria-invalid=\"false\" placeholder=\"Tel\u00e9fono de contacto\" value=\"\" type=\"tel\" name=\"tu-tfno\" \/><\/span> <\/label>\n<\/p>\n<p><label> Provincia*<br \/>\n<span class=\"wpcf7-form-control-wrap\" data-name=\"Provincia\"><select class=\"wpcf7-form-control wpcf7-select\" aria-invalid=\"false\" name=\"Provincia\"><option value=\"\">&#8212;Please choose an option&#8212;<\/option><option value=\"A Coru\u00f1a\">A Coru\u00f1a<\/option><option value=\"\u00c1lava\">\u00c1lava<\/option><option value=\"Albacete\">Albacete<\/option><option value=\"Alicante\">Alicante<\/option><option value=\"Almer\u00eda\">Almer\u00eda<\/option><option value=\"Asturias\">Asturias<\/option><option value=\"\u00c1vila\">\u00c1vila<\/option><option value=\"Badajoz\">Badajoz<\/option><option value=\"Baleares\">Baleares<\/option><option value=\"Barcelona\">Barcelona<\/option><option value=\"Bizkaia\">Bizkaia<\/option><option value=\"Burgos\">Burgos<\/option><option value=\"C\u00e1ceres\">C\u00e1ceres<\/option><option value=\"C\u00e1diz\">C\u00e1diz<\/option><option value=\"Cantabria\">Cantabria<\/option><option value=\"Castell\u00f3n\">Castell\u00f3n<\/option><option value=\"Ceuta\">Ceuta<\/option><option value=\"Ciudad Real\">Ciudad Real<\/option><option value=\"C\u00f3rdoba\">C\u00f3rdoba<\/option><option value=\"Cuenca\">Cuenca<\/option><option value=\"Girona\">Girona<\/option><option value=\"Granada\">Granada<\/option><option value=\"Guadalajara\">Guadalajara<\/option><option value=\"Gipuzkoa\">Gipuzkoa<\/option><option value=\"Huelva\">Huelva<\/option><option value=\"Huesca\">Huesca<\/option><option value=\"Ja\u00e9n\">Ja\u00e9n<\/option><option value=\"La Rioja\">La Rioja<\/option><option value=\"Las Palmas\">Las Palmas<\/option><option value=\"Le\u00f3n\">Le\u00f3n<\/option><option value=\"L\u00e9rida\">L\u00e9rida<\/option><option value=\"Lugo\">Lugo<\/option><option value=\"Madrid\">Madrid<\/option><option value=\"M\u00e1laga\">M\u00e1laga<\/option><option value=\"Melilla\">Melilla<\/option><option value=\"Murcia\">Murcia<\/option><option value=\"Navarra\">Navarra<\/option><option value=\"Ourense\">Ourense<\/option><option value=\"Palencia\">Palencia<\/option><option value=\"Pontevedra\">Pontevedra<\/option><option value=\"Salamanca\">Salamanca<\/option><option value=\"Segovia\">Segovia<\/option><option value=\"Sevilla\">Sevilla<\/option><option value=\"Soria\">Soria<\/option><option value=\"Tarragona\">Tarragona<\/option><option value=\"Santa Cruz de Tenerife\">Santa Cruz de Tenerife<\/option><option value=\"Teruel\">Teruel<\/option><option value=\"Toledo\">Toledo<\/option><option value=\"Valencia\">Valencia<\/option><option value=\"Valladolid\">Valladolid<\/option><option value=\"Zamora\">Zamora<\/option><option value=\"Zaragoza\">Zaragoza<\/option><\/select><\/span> <\/label>\n<\/p>\n<p><label> Tu mensaje*<br \/>\n<span class=\"wpcf7-form-control-wrap\" data-name=\"your-message\"><textarea cols=\"40\" rows=\"10\" maxlength=\"2000\" class=\"wpcf7-form-control wpcf7-textarea wpcf7-validates-as-required\" aria-required=\"true\" aria-invalid=\"false\" placeholder=\"Escriba aqu\u00ed en qu\u00e9 mando, equipo o aplicaci\u00f3n est\u00e1 interesado; o si tiene alguna duda.\" name=\"your-message\"><\/textarea><\/span> <\/label>\n<\/p>\n<p><span class=\"wpcf7-form-control-wrap\" data-name=\"acceptance-322\"><span class=\"wpcf7-form-control wpcf7-acceptance\"><span class=\"wpcf7-list-item\"><label><input type=\"checkbox\" name=\"acceptance-322\" value=\"1\" aria-invalid=\"false\" \/><span class=\"wpcf7-list-item-label\">He le\u00eddo y acepto las <a href=\"https:\/\/www.tele-radio.com\/es\/politica-de-privacidad-y-cookies\/\" target=\"_blank\">condiciones de privacidad<\/a>.*<\/span><\/label><\/span><\/span><\/span>\n<\/p>\n<p><input class=\"wpcf7-form-control wpcf7-submit has-spinner\" type=\"submit\" value=\"Enviar\" \/>\n<\/p><div class=\"wpcf7-response-output\" aria-hidden=\"true\"><\/div>\n<\/form>\n<\/div>\n\r\n\t\t\t\t<script>\r\n\t\t\t\tif ( typeof huOptions !== 'undefined' ) {\r\n\t\t\t\t\tvar huFormData = {\"source\":\"contactform7\",\"id\":45404,\"title\":\"TRESP-comercial\",\"fields\":{\"subject\":{\"first_name\":\"your-name\",\"email\":\"your-email\"},\"preferences\":{\"terms\":\"your-consent\"}}};\r\n\t\t\t\t\tvar huFormNode = document.querySelector( '[id^=\"wpcf7-f45404-\"] form' );\r\n\r\n\t\t\t\t\thuFormData['node'] = huFormNode;\r\n\t\t\t\t\thuOptions['forms'].push( huFormData );\r\n\t\t\t\t}\r\n\t\t\t\t<\/script>\n<\/div>\n\n\n\n<div class=\"wp-block-column is-layout-flow wp-block-column-is-layout-flow\" style=\"flex-basis:20%\"><\/div>\n<\/div>\n","protected":false},"excerpt":{"rendered":"<p>Mandos a distancia inal\u00e1mbricos para carrocer\u00eda basculantes Los sistemas de carrocer\u00eda basculante, tambi\u00e9n conocidos como volquete o basculante, son tipos de veh\u00edculos utilizados principalmente en obras de construcci\u00f3n o en explotaciones mineras, y se emplean normalmente para el transporte de \u00e1ridos u otros tipos de materiales. La caja basculante puede tener movimientos laterales o verticales [&hellip;]<\/p>\n","protected":false},"author":54,"featured_media":0,"parent":0,"menu_order":0,"comment_status":"closed","ping_status":"closed","template":"","meta":{"_acf_changed":false,"footnotes":""},"class_list":["post-280869","page","type-page","status-publish","hentry"],"acf":[],"_links":{"self":[{"href":"https:\/\/www.tele-radio.com\/es\/wp-json\/wp\/v2\/pages\/280869","targetHints":{"allow":["GET"]}}],"collection":[{"href":"https:\/\/www.tele-radio.com\/es\/wp-json\/wp\/v2\/pages"}],"about":[{"href":"https:\/\/www.tele-radio.com\/es\/wp-json\/wp\/v2\/types\/page"}],"author":[{"embeddable":true,"href":"https:\/\/www.tele-radio.com\/es\/wp-json\/wp\/v2\/users\/54"}],"replies":[{"embeddable":true,"href":"https:\/\/www.tele-radio.com\/es\/wp-json\/wp\/v2\/comments?post=280869"}],"version-history":[{"count":5,"href":"https:\/\/www.tele-radio.com\/es\/wp-json\/wp\/v2\/pages\/280869\/revisions"}],"predecessor-version":[{"id":281679,"href":"https:\/\/www.tele-radio.com\/es\/wp-json\/wp\/v2\/pages\/280869\/revisions\/281679"}],"wp:attachment":[{"href":"https:\/\/www.tele-radio.com\/es\/wp-json\/wp\/v2\/media?parent=280869"}],"curies":[{"name":"wp","href":"https:\/\/api.w.org\/{rel}","templated":true}]}}