{"id":271455,"date":"2025-10-17T14:05:13","date_gmt":"2025-10-17T14:05:13","guid":{"rendered":"https:\/\/www.tele-radio.com\/certificacion-ec-type-examination\/"},"modified":"2025-10-17T14:05:13","modified_gmt":"2025-10-17T14:05:13","slug":"certificacion-ec-type-examination","status":"publish","type":"page","link":"https:\/\/www.tele-radio.com\/es\/certificacion-ec-type-examination\/","title":{"rendered":"Certificaci\u00f3n EC Type Examination"},"content":{"rendered":"\n<h2 class=\"wp-block-heading\">Certificaci\u00f3n EC Type Examination \u2013 Tele Radio Tiger<\/h2>\n\n\n\n<p>En Tele Radio trabajamos constantemente para ofrecer productos que garanticen la <strong>m\u00e1xima seguridad<\/strong> y <strong>confiabilidad<\/strong> en entornos industriales.<br>Por ello, nuestra l\u00ednea <strong>Tiger<\/strong> cuenta con la certificaci\u00f3n <strong>EC Type Examination<\/strong>, emitida por el organismo notificado <strong>RISE (Research Institutes of Sweden AB, NB 0402)<\/strong>.<\/p>\n\n\n\n<p>Esta certificaci\u00f3n confirma que tanto los <strong>transmisores como los receptores Tiger<\/strong> cumplen con los m\u00e1s altos est\u00e1ndares europeos de seguridad, seg\u00fan la <strong>Directiva de M\u00e1quinas 2006\/42\/CE<\/strong>.<\/p>\n\n\n\n<hr class=\"wp-block-separator has-alpha-channel-opacity\"\/>\n\n\n\n<h3 class=\"wp-block-heading\">Seguridad verificada por un organismo independiente<\/h3>\n\n\n\n<p>El certificado EC Type Examination garantiza que la funci\u00f3n de parada de emergencia de los sistemas Tiger ha sido evaluada y aprobada de acuerdo con las normas internacionales <strong>EN 61508 (SIL 3)<\/strong> y <strong>EN ISO 13849-1 (PLe, CAT 4)<\/strong>.<br>Esto significa que el sistema ha superado rigurosas pruebas de fiabilidad y tiempo de respuesta, asegurando un funcionamiento seguro incluso en condiciones exigentes.<\/p>\n\n\n\n<hr class=\"wp-block-separator has-alpha-channel-opacity\"\/>\n\n\n\n<h3 class=\"wp-block-heading\">Compromiso con la calidad y la seguridad<\/h3>\n\n\n\n<p>La familia <strong>Tiger<\/strong> representa nuestra visi\u00f3n de un control remoto industrial seguro, potente y duradero.<br>Con este certificado, ofrecemos a los fabricantes y usuarios la <strong>tranquilidad de contar con un sistema verificado<\/strong> que cumple los m\u00e1s altos niveles de seguridad funcional.<\/p>\n\n\n\n<p>Los productos incluidos en esta certificaci\u00f3n cubren los <strong>principales transmisores y receptores Tiger<\/strong>, utilizados en aplicaciones como:<\/p>\n\n\n\n<ul class=\"wp-block-list\">\n<li>Gr\u00faas puente y sistemas de elevaci\u00f3n<\/li>\n\n\n\n<li>Maquinaria m\u00f3vil y de manipulaci\u00f3n<\/li>\n\n\n\n<li>Equipos de construcci\u00f3n y demolici\u00f3n<\/li>\n\n\n\n<li>Sistemas de reciclaje e industriales<\/li>\n<\/ul>\n\n\n\n<hr class=\"wp-block-separator has-alpha-channel-opacity\"\/>\n\n\n\n<h3 class=\"wp-block-heading\">Certificado emitido por RISE<\/h3>\n\n\n\n<p><strong>Organismo notificado:<\/strong> RISE Research Institutes of Sweden AB<br><strong>Certificado:<\/strong> SC0376-13 (Issue 4)<br><strong>Validez:<\/strong> hasta el 24 de noviembre de 2027<\/p>\n\n\n<a href=\"https:\/\/www.tele-radio.com\/app\/uploads\/CER-TG2-AP033-EN-v04.pdf\" class=\"pdfemb-viewer\" style=\"\" data-width=\"max\" data-height=\"max\" data-toolbar=\"bottom\" data-toolbar-fixed=\"off\">CER-TG2-AP033-EN-v04<\/a>","protected":false},"excerpt":{"rendered":"<p>Certificaci\u00f3n EC Type Examination \u2013 Tele Radio Tiger En Tele Radio trabajamos constantemente para ofrecer productos que garanticen la m\u00e1xima seguridad y confiabilidad en entornos industriales.Por ello, nuestra l\u00ednea Tiger cuenta con la certificaci\u00f3n EC Type Examination, emitida por el organismo notificado RISE (Research Institutes of Sweden AB, NB 0402). Esta certificaci\u00f3n confirma que tanto [&hellip;]<\/p>\n","protected":false},"author":54,"featured_media":0,"parent":0,"menu_order":0,"comment_status":"closed","ping_status":"closed","template":"","meta":{"_acf_changed":false,"footnotes":""},"class_list":["post-271455","page","type-page","status-publish","hentry"],"acf":[],"_links":{"self":[{"href":"https:\/\/www.tele-radio.com\/es\/wp-json\/wp\/v2\/pages\/271455","targetHints":{"allow":["GET"]}}],"collection":[{"href":"https:\/\/www.tele-radio.com\/es\/wp-json\/wp\/v2\/pages"}],"about":[{"href":"https:\/\/www.tele-radio.com\/es\/wp-json\/wp\/v2\/types\/page"}],"author":[{"embeddable":true,"href":"https:\/\/www.tele-radio.com\/es\/wp-json\/wp\/v2\/users\/54"}],"replies":[{"embeddable":true,"href":"https:\/\/www.tele-radio.com\/es\/wp-json\/wp\/v2\/comments?post=271455"}],"version-history":[{"count":0,"href":"https:\/\/www.tele-radio.com\/es\/wp-json\/wp\/v2\/pages\/271455\/revisions"}],"wp:attachment":[{"href":"https:\/\/www.tele-radio.com\/es\/wp-json\/wp\/v2\/media?parent=271455"}],"curies":[{"name":"wp","href":"https:\/\/api.w.org\/{rel}","templated":true}]}}