{"id":264019,"date":"2025-06-16T11:36:20","date_gmt":"2025-06-16T11:36:20","guid":{"rendered":"https:\/\/www.tele-radio.com\/vdl-container-systems-tele-radio-ensures-our-users-safety\/"},"modified":"2025-07-15T16:12:39","modified_gmt":"2025-07-15T16:12:39","slug":"vdl-container-systems-tele-radio-ensures-our-users-safety","status":"publish","type":"page","link":"https:\/\/www.tele-radio.com\/es\/vdl-container-systems-tele-radio-ensures-our-users-safety\/","title":{"rendered":"VDL Container Systems: \u00abTele Radio garantiza la seguridad de nuestros usuarios\u00bb\u00a0"},"content":{"rendered":"\n<pre id=\"tw-target-text\" class=\"wp-block-preformatted\"><\/pre>\n\n\n\n<div style=\"height:100px\" aria-hidden=\"true\" class=\"wp-block-spacer\"><\/div>\n\n\n\n<div class=\"wp-block-cover aligncenter\" style=\"min-height:500px;aspect-ratio:unset;\"><img loading=\"lazy\" decoding=\"async\" width=\"2560\" height=\"1707\" class=\"wp-block-cover__image-background wp-image-261238 size-full\" alt=\"\" src=\"https:\/\/www.tele-radio.com\/app\/uploads\/SAEYS_Tele_Radio_VDL_Containersystemen_8150-scaled.jpg\" style=\"object-position:48% 49%\" data-object-fit=\"cover\" data-object-position=\"48% 49%\" srcset=\"https:\/\/www.tele-radio.com\/app\/uploads\/SAEYS_Tele_Radio_VDL_Containersystemen_8150-scaled.jpg 2560w, https:\/\/www.tele-radio.com\/app\/uploads\/SAEYS_Tele_Radio_VDL_Containersystemen_8150-400x267.jpg 400w, https:\/\/www.tele-radio.com\/app\/uploads\/SAEYS_Tele_Radio_VDL_Containersystemen_8150-1200x800.jpg 1200w, https:\/\/www.tele-radio.com\/app\/uploads\/SAEYS_Tele_Radio_VDL_Containersystemen_8150-768x512.jpg 768w, https:\/\/www.tele-radio.com\/app\/uploads\/SAEYS_Tele_Radio_VDL_Containersystemen_8150-1536x1024.jpg 1536w, https:\/\/www.tele-radio.com\/app\/uploads\/SAEYS_Tele_Radio_VDL_Containersystemen_8150-2048x1365.jpg 2048w, https:\/\/www.tele-radio.com\/app\/uploads\/SAEYS_Tele_Radio_VDL_Containersystemen_8150-750x500.jpg 750w, https:\/\/www.tele-radio.com\/app\/uploads\/SAEYS_Tele_Radio_VDL_Containersystemen_8150-500x333.jpg 500w, https:\/\/www.tele-radio.com\/app\/uploads\/SAEYS_Tele_Radio_VDL_Containersystemen_8150-1600x1067.jpg 1600w, https:\/\/www.tele-radio.com\/app\/uploads\/SAEYS_Tele_Radio_VDL_Containersystemen_8150-800x533.jpg 800w\" sizes=\"auto, (max-width: 2560px) 100vw, 2560px\" \/><span aria-hidden=\"true\" class=\"wp-block-cover__background has-background-dim-60 has-background-dim\"><\/span><div class=\"wp-block-cover__inner-container is-layout-flow wp-block-cover-is-layout-flow\">\n<div class=\"wp-block-group is-vertical is-content-justification-center is-layout-flex wp-container-core-group-is-layout-19dca076 wp-block-group-is-layout-flex\">\n<h1 class=\"wp-block-heading has-text-align-center has-white-color has-text-color\" style=\"font-size:56px\">VDL Container Systems: \u00abTele Radio garantiza la seguridad de nuestros usuarios\u00bb<\/h1>\n\n\n\n<p class=\"has-text-align-center has-white-color has-text-color\" style=\"font-size:22px\">VDL Container Systems fabrica sistemas de manipulaci\u00f3n de contenedores y conf\u00eda en Tele Radio para contar con mandos a distancia de conexi\u00f3n segura.<\/p>\n\n\n\n<div class=\"wp-block-buttons is-content-justification-center is-layout-flex wp-container-core-buttons-is-layout-16018d1d wp-block-buttons-is-layout-flex\">\n<div class=\"wp-block-button\"><a class=\"wp-block-button__link has-kelp-color has-amber-background-color has-text-color has-background has-custom-font-size wp-element-button\" href=\"https:\/\/www.tele-radio.com\/contact-us\/\" style=\"border-radius:4px;font-size:20px\">Solicite una demostraci\u00f3n<\/a><\/div>\n<\/div>\n<\/div>\n<\/div><\/div>\n\n\n\n<div class=\"wp-block-group\" style=\"padding-top:80px;padding-bottom:60px\"><div class=\"wp-block-group__inner-container is-layout-flow wp-block-group-is-layout-flow\">\n<div class=\"wp-block-columns are-vertically-aligned-center is-layout-flex wp-container-core-columns-is-layout-a0017d07 wp-block-columns-is-layout-flex\">\n<div class=\"wp-block-column is-vertically-aligned-center is-layout-flow wp-block-column-is-layout-flow\" style=\"flex-basis:50%\">\n<h2 class=\"wp-block-heading has-kelp-color has-text-color\">El Reto de la manipulaci\u00f3n de contenedores con control remoto<\/h2>\n\n\n\n<p>Los operadores que manipulan contenedores enfrentan m\u00faltiples riesgos importantes en cada turno:<\/p>\n\n\n\n<ul class=\"wp-block-list\">\n<li>La <strong>visibilidad limitada<\/strong> alrededor de los sistemas de gancho, cargadores de volquetes y sistemas de cadenas dificulta calcular el radio de giro o el riesgo de vuelco.<\/li>\n\n\n\n<li>Los <strong>impactos hidr\u00e1ulicos<\/strong> provocados por botones de dos o tres posiciones pueden sacudir la carga, generando movimientos impredecibles y posibles vuelcos.<\/li>\n\n\n\n<li><strong>El calor, el fr\u00edo y los residuos<\/strong> \u2014desde hornos industriales a altas temperaturas hasta patios n\u00f3rdicos bajo cero\u2014 afectan tanto a las personas como a los equipos, aumentando el riesgo de fallos de conexi\u00f3n y accidentes.<\/li>\n<\/ul>\n\n\n\n<p>Un solo fallo en la conexi\u00f3n entre el transmisor y el receptor puede hacer que se pierda el control, con consecuencias costosas y potencialmente mortales.<\/p>\n<\/div>\n\n\n\n<div class=\"wp-block-column is-vertically-aligned-center is-layout-flow wp-block-column-is-layout-flow\" style=\"flex-basis:50%\">\n<figure class=\"wp-block-image size-large\"><img loading=\"lazy\" decoding=\"async\" width=\"1200\" height=\"675\" src=\"https:\/\/www.tele-radio.com\/app\/uploads\/\/Foto-8-1200x675.jpg\" alt=\"\" class=\"wp-image-261732\" style=\"aspect-ratio:1;object-fit:cover\" srcset=\"https:\/\/www.tele-radio.com\/app\/uploads\/Foto-8-1200x675.jpg 1200w, https:\/\/www.tele-radio.com\/app\/uploads\/Foto-8-400x225.jpg 400w, https:\/\/www.tele-radio.com\/app\/uploads\/Foto-8-768x432.jpg 768w, https:\/\/www.tele-radio.com\/app\/uploads\/Foto-8-1536x864.jpg 1536w, https:\/\/www.tele-radio.com\/app\/uploads\/Foto-8-750x422.jpg 750w, https:\/\/www.tele-radio.com\/app\/uploads\/Foto-8-500x281.jpg 500w, https:\/\/www.tele-radio.com\/app\/uploads\/Foto-8-1600x900.jpg 1600w, https:\/\/www.tele-radio.com\/app\/uploads\/Foto-8-800x450.jpg 800w, https:\/\/www.tele-radio.com\/app\/uploads\/Foto-8.jpg 1920w\" sizes=\"auto, (max-width: 1200px) 100vw, 1200px\" \/><\/figure>\n<\/div>\n<\/div>\n<\/div><\/div>\n\n\n\n<div class=\"wp-block-group\" style=\"border-top-color:var(--wp--preset--color--gallery);border-top-width:3px;padding-top:60px;padding-bottom:60px\"><div class=\"wp-block-group__inner-container is-layout-flow wp-block-group-is-layout-flow\">\n<div style=\"height:50px\" aria-hidden=\"true\" class=\"wp-block-spacer\"><\/div>\n\n\n\n<div class=\"wp-block-columns are-vertically-aligned-center is-layout-flex wp-container-core-columns-is-layout-a0017d07 wp-block-columns-is-layout-flex\">\n<div class=\"wp-block-column is-vertically-aligned-center is-layout-flow wp-block-column-is-layout-flow\" style=\"flex-basis:50%\">\n<figure class=\"wp-block-embed is-type-video is-provider-youtube wp-block-embed-youtube wp-embed-aspect-16-9 wp-has-aspect-ratio\"><div class=\"wp-block-embed__wrapper\">\n<iframe loading=\"lazy\" title=\"Tele Radio &amp; VDL Container Systems\" width=\"500\" height=\"281\" src=\"https:\/\/www.youtube.com\/embed\/niwTAvnNVr8?feature=oembed\" frameborder=\"0\" allow=\"accelerometer; autoplay; clipboard-write; encrypted-media; gyroscope; picture-in-picture; web-share\" referrerpolicy=\"strict-origin-when-cross-origin\" allowfullscreen><\/iframe>\n<\/div><\/figure>\n<\/div>\n\n\n\n<div class=\"wp-block-column is-vertically-aligned-center is-layout-flow wp-block-column-is-layout-flow\" style=\"flex-basis:50%\">\n<h2 class=\"wp-block-heading has-kelp-color has-text-color\"><strong>La Soluci\u00f3n<\/strong> de control remoto para manipular contenedores<\/h2>\n\n\n\n<p>Los mandos proporcionales TIGER T14-7 y T15-7 de Tele Radio ofrecen a los clientes de VDL Container Systems un control preciso con la punta de los dedos desde una posici\u00f3n segura:<\/p>\n\n\n\n<ul class=\"wp-block-list\">\n<li><strong>Proporcionalidad a nivel milim\u00e9trico<\/strong>: los botones sensibles a la presi\u00f3n modulan el flujo hidr\u00e1ulico en tiempo real, eliminando los tirones de la carga.<\/li>\n\n\n\n<li><strong>Conexi\u00f3n segura y a prueba de fallos<\/strong>: mantiene el control incluso en las circunstancias m\u00e1s extremas.<\/li>\n\n\n\n<li><strong>Alcance de trabajo de hasta 50m<\/strong>: los operadores pueden mantenerse alejados del calor, el ruido o los objetos en movimiento, manteniendo al mismo tiempo una visibilidad total de la elevaci\u00f3n.<\/li>\n<\/ul>\n<\/div>\n<\/div>\n<\/div><\/div>\n\n\n\n<p class=\"has-text-align-left has-black-color has-text-color has-link-color has-large-font-size wp-elements-6bcce7f44e5fd6fbb163e1ad0cbc66a9\"><strong>VDL Container Systems: \u00abTele Radio garantiza la seguridad de nuestros usuarios\u00bb<\/strong><\/p>\n\n\n\n<p><strong>VDL Container Systems fabrica sistemas de manipulaci\u00f3n de contenedores cuyos clientes se enfrentan a diario al riesgo de accidentes. \u201cLos operarios ganan perspectiva sobre su entorno al utilizar un control remoto. Pueden alejarse del calor intenso de un horno industrial o de un cami\u00f3n en proceso de descarga con una carga inestable. La seguridad radica, fundamentalmente, en la conexi\u00f3n entre el transmisor y el receptor: si esa conexi\u00f3n se pierde, tambi\u00e9n se pierde el control.\u201d<\/strong><\/p>\n\n\n\n<p>Paul van der Loo, Product Manager de VDL Container Systems, nos gu\u00eda por las instalaciones de la empresa en Hapert, un peque\u00f1o pueblo situado en una regi\u00f3n que ha dado origen a m\u00e1s de 100 empresas que hoy forman parte de VDL Groep. Fundada en 1999, VDL Container Systems desarrolla y fabrica sistemas de gancho, cargadores de volquetes y sistemas de elevaci\u00f3n por cable y cadena, consolid\u00e1ndose como una empresa internacional con clientes en toda Europa y m\u00e1s all\u00e1.<\/p>\n\n\n\n<details class=\"wp-block-details is-layout-flow wp-block-details-is-layout-flow\"><summary>Lee la historia completa<\/summary>\n<p class=\"has-medium-font-size\"><strong>Obt\u00e9n una visi\u00f3n general<\/strong><\/p>\n\n\n\n<p>\u201cVDL Container Systems y Tele Radio comenzaron a colaborar,\u201d recuerda Van der Loo, \u201ccuando los clientes empezaron a expresar los peligros a los que se enfrentan en su lugar de trabajo. Imagina transportar una carga de metal fundido, un cami\u00f3n de basura descargando que se inclina hacia atr\u00e1s hasta el punto de poder volcarse, o una entrega en el centro de una ciudad en medio del tr\u00e1fico. Tele Radio les da a los usuarios finales la posibilidad de dar un paso atr\u00e1s y obtener una visi\u00f3n general de la situaci\u00f3n en la que est\u00e1n trabajando.\u201d<\/p>\n\n\n\n<p><em>\u201cImagina una entrega en el centro de una ciudad en plena hora punta. Tele Radio permite a los usuarios obtener una visi\u00f3n general de la situaci\u00f3n en la que est\u00e1n trabajando.\u201d<\/em><\/p>\n\n\n\n<p><strong><em>\u2013 Paul van der Loo, Product Manager en VDL Container Systems<\/em><\/strong><\/p>\n\n\n\n<p>VDL Container Systems opt\u00f3 espec\u00edficamente por los controles remotos inal\u00e1mbricos T14-7 y T15-7 de Tele Radio, que forman parte de la gama <a href=\"https:\/\/www.tele-radio.com\/products\/tiger-g2\/\">TIGER<\/a>. Van der Loo comenta: \u201cSus controles proporcionales los convierten en los mejores de su clase cuando se combinan con nuestros sistemas hidr\u00e1ulicos.\u201d<\/p>\n\n\n\n<p><strong>Conexi\u00f3n fiable<\/strong><\/p>\n\n\n\n<p>La proporcionalidad es fundamental para VDL Container Systems. Los botones de dos o tres posiciones provocan sacudidas en los sistemas hidr\u00e1ulicos, lo que puede generar movimientos impredecibles y, en \u00faltima instancia, accidentes. \u201cLos operarios necesitan un control preciso\u201d, afirma Van der Loo. \u201cTele Radio nos proporciona tanto la conexi\u00f3n como la precisi\u00f3n que necesitamos.\u201d<\/p>\n\n\n\n<p>Concluye: \u201cNuestros sistemas est\u00e1n expuestos a condiciones extremas en industrias como la miner\u00eda, la agricultura y la construcci\u00f3n, as\u00ed como a temperaturas muy fr\u00edas en el norte de Europa y extremadamente altas en el sur. Tele Radio garantiza una conexi\u00f3n fiable entre el transmisor y el receptor, sin importar las circunstancias.\u201d<\/p>\n\n\n\n<div style=\"height:58px\" aria-hidden=\"true\" class=\"wp-block-spacer\"><\/div>\n<\/details>\n\n\n\n<div style=\"height:100px\" aria-hidden=\"true\" class=\"wp-block-spacer\"><\/div>\n\n\n\n<div class=\"wp-block-group has-gallery-background-color has-background\" style=\"padding-top:50px;padding-bottom:50px\"><div class=\"wp-block-group__inner-container is-layout-flow wp-block-group-is-layout-flow\">\n<blockquote class=\"wp-block-quote is-style-large is-layout-flow wp-block-quote-is-layout-flow\">\n<p>\u201cTele Radio no tiene rival a la hora de establecer una conexi\u00f3n segura, lo que garantiza la seguridad de nuestros usuarios.\u201d<\/p>\n\n\n\n<p class=\"has-medium-font-size\"><strong>Paul van der Loo, Product Manager \u2013 VDL Container Systems<\/strong><\/p>\n<\/blockquote>\n\n\n\n<div style=\"height:23px\" aria-hidden=\"true\" class=\"wp-block-spacer\"><\/div>\n<\/div><\/div>\n\n\n\n<div class=\"wp-block-group\" style=\"padding-top:60px;padding-bottom:60px\"><div class=\"wp-block-group__inner-container is-layout-flow wp-block-group-is-layout-flow\">\n<p class=\"has-text-align-center has-kelp-color has-text-color has-large-font-size\"><strong>\u00bfPor qu\u00e9 Tele Radio?<\/strong><\/p>\n\n\n\n<div class=\"wp-block-columns is-layout-flex wp-container-core-columns-is-layout-7501fc45 wp-block-columns-is-layout-flex\" style=\"padding-top:40px\">\n<div class=\"wp-block-column is-layout-flow wp-block-column-is-layout-flow\">\n<p class=\"has-amber-color has-text-color\"><strong>Precisi\u00f3n proporcional<\/strong><\/p>\n\n\n\n<p class=\"has-gray-color has-text-color\">Un movimiento suave y sin sacudidas protege los cilindros, las estructuras y a las personas cercanas.<\/p>\n<\/div>\n\n\n\n<div class=\"wp-block-column is-layout-flow wp-block-column-is-layout-flow\">\n<p class=\"has-amber-color has-text-color\"><strong>Resistencia a condiciones extremas<\/strong><\/p>\n\n\n\n<p class=\"has-gray-color has-text-color\">Mandos resistentes desde heladas de -20\u202f\u00b0C hasta calor superficial de +55\u202f\u00b0C, que repelen el polvo gracias a sus carcasas con certificaci\u00f3n IP.<\/p>\n<\/div>\n\n\n\n<div class=\"wp-block-column is-layout-flow wp-block-column-is-layout-flow\">\n<p class=\"has-amber-color has-text-color\"><strong>Flexibilidad modular<\/strong><\/p>\n\n\n\n<p class=\"has-gray-color has-text-color\">Desde mandos compactos de mano hasta transmisores de cintura; CAN-bus, SAE-J1939 o anal\u00f3gicos: con\u00e9ctalos a cualquier sistema.<\/p>\n<\/div>\n<\/div>\n\n\n\n<p><\/p>\n<\/div><\/div>\n\n\n\n<section id=\"cta\" class=\"wp-block-group has-amber-background-color has-background is-vertical is-content-justification-center is-layout-flex wp-container-core-group-is-layout-a164e0d7 wp-block-group-is-layout-flex\" style=\"padding-top:60px;padding-bottom:60px\">\n<p class=\"has-text-align-center has-kelp-color has-text-color has-large-font-size\"><br><br><strong>\u00bfListo para proteger cada elevaci\u00f3n y maximizar el tiempo de actividad?<\/strong><\/p>\n\n\n\n<div style=\"height:0px\" aria-hidden=\"true\" class=\"wp-block-spacer wp-container-content-6b166158\"><\/div>\n\n\n\n<div class=\"wp-block-buttons is-content-justification-center is-layout-flex wp-container-core-buttons-is-layout-16018d1d wp-block-buttons-is-layout-flex\">\n<div class=\"wp-block-button is-style-fill\"><a class=\"wp-block-button__link has-white-color has-kelp-background-color has-text-color has-background has-custom-font-size wp-element-button\" href=\"https:\/\/www.tele-radio.com\/contact-us\/\" style=\"border-radius:4px;padding-top:14px;padding-right:34px;padding-bottom:14px;padding-left:34px;font-size:20px\">Agenda una consulta gratuita<\/a><\/div>\n<\/div>\n<\/section>\n\n\n\n<p><\/p>\n\n\n\n<section id=\"contact\" class=\"wp-block-group contact-section has-kelp-background-color has-background\" style=\"padding-top:60px;padding-bottom:60px\"><div class=\"wp-block-group__inner-container is-layout-flow wp-block-group-is-layout-flow\">\n<h2 class=\"wp-block-heading has-text-align-center has-white-color has-text-color\">Talk to an Expert<\/h2>\n\n\n\n<p class=\"has-text-align-center has-white-color has-text-color\">Fill out the form and we\u2019ll respond within one business day.<\/p>\n<\/div><\/section>\n\n\n\n<div style=\"height:33px\" aria-hidden=\"true\" class=\"wp-block-spacer\"><\/div>\n\n\n\n<div class=\"wp-block-contact-form-7-contact-form-selector\">\n<div class=\"wpcf7 no-js\" id=\"wpcf7-f45404-o1\" lang=\"en-EN\" dir=\"ltr\" data-wpcf7-id=\"45404\">\n<div class=\"screen-reader-response\"><p role=\"status\" aria-live=\"polite\" aria-atomic=\"true\"><\/p> <ul><\/ul><\/div>\n<form action=\"\/es\/wp-json\/wp\/v2\/pages\/264019#wpcf7-f45404-o1\" method=\"post\" class=\"wpcf7-form init\" aria-label=\"Contact form\" novalidate=\"novalidate\" data-status=\"init\">\n<fieldset class=\"hidden-fields-container\"><input type=\"hidden\" name=\"_wpcf7\" value=\"45404\" \/><input type=\"hidden\" name=\"_wpcf7_version\" value=\"6.1\" \/><input type=\"hidden\" name=\"_wpcf7_locale\" value=\"en_EN\" \/><input type=\"hidden\" name=\"_wpcf7_unit_tag\" value=\"wpcf7-f45404-o1\" \/><input type=\"hidden\" name=\"_wpcf7_container_post\" value=\"0\" \/><input type=\"hidden\" name=\"_wpcf7_posted_data_hash\" value=\"\" \/><input type=\"hidden\" name=\"_wpcf7_recaptcha_response\" value=\"\" \/>\n<\/fieldset>\n<p><label> Nombre*<br \/>\n<span class=\"wpcf7-form-control-wrap\" data-name=\"nombre\"><input size=\"40\" maxlength=\"400\" class=\"wpcf7-form-control wpcf7-text wpcf7-validates-as-required\" aria-required=\"true\" aria-invalid=\"false\" placeholder=\"Su nombre\" value=\"\" type=\"text\" name=\"nombre\" \/><\/span> <\/label>\n<\/p>\n<p><label> Email*<br \/>\n<span class=\"wpcf7-form-control-wrap\" data-name=\"tu-email\"><input size=\"40\" maxlength=\"400\" class=\"wpcf7-form-control wpcf7-email wpcf7-validates-as-required wpcf7-text wpcf7-validates-as-email\" aria-required=\"true\" aria-invalid=\"false\" placeholder=\"Su email\" value=\"\" type=\"email\" name=\"tu-email\" \/><\/span> <\/label>\n<\/p>\n<p><label> Tel\u00e9fono<br \/>\n<span class=\"wpcf7-form-control-wrap\" data-name=\"tu-tfno\"><input size=\"40\" maxlength=\"400\" class=\"wpcf7-form-control wpcf7-tel wpcf7-text wpcf7-validates-as-tel\" aria-invalid=\"false\" placeholder=\"Tel\u00e9fono de contacto\" value=\"\" type=\"tel\" name=\"tu-tfno\" \/><\/span> <\/label>\n<\/p>\n<p><label> Provincia*<br \/>\n<span class=\"wpcf7-form-control-wrap\" data-name=\"Provincia\"><select class=\"wpcf7-form-control wpcf7-select\" aria-invalid=\"false\" name=\"Provincia\"><option value=\"\">&#8212;Please choose an option&#8212;<\/option><option value=\"A Coru\u00f1a\">A Coru\u00f1a<\/option><option value=\"\u00c1lava\">\u00c1lava<\/option><option value=\"Albacete\">Albacete<\/option><option value=\"Alicante\">Alicante<\/option><option value=\"Almer\u00eda\">Almer\u00eda<\/option><option value=\"Asturias\">Asturias<\/option><option value=\"\u00c1vila\">\u00c1vila<\/option><option value=\"Badajoz\">Badajoz<\/option><option value=\"Baleares\">Baleares<\/option><option value=\"Barcelona\">Barcelona<\/option><option value=\"Bizkaia\">Bizkaia<\/option><option value=\"Burgos\">Burgos<\/option><option value=\"C\u00e1ceres\">C\u00e1ceres<\/option><option value=\"C\u00e1diz\">C\u00e1diz<\/option><option value=\"Cantabria\">Cantabria<\/option><option value=\"Castell\u00f3n\">Castell\u00f3n<\/option><option value=\"Ceuta\">Ceuta<\/option><option value=\"Ciudad Real\">Ciudad Real<\/option><option value=\"C\u00f3rdoba\">C\u00f3rdoba<\/option><option value=\"Cuenca\">Cuenca<\/option><option value=\"Girona\">Girona<\/option><option value=\"Granada\">Granada<\/option><option value=\"Guadalajara\">Guadalajara<\/option><option value=\"Gipuzkoa\">Gipuzkoa<\/option><option value=\"Huelva\">Huelva<\/option><option value=\"Huesca\">Huesca<\/option><option value=\"Ja\u00e9n\">Ja\u00e9n<\/option><option value=\"La Rioja\">La Rioja<\/option><option value=\"Las Palmas\">Las Palmas<\/option><option value=\"Le\u00f3n\">Le\u00f3n<\/option><option value=\"L\u00e9rida\">L\u00e9rida<\/option><option value=\"Lugo\">Lugo<\/option><option value=\"Madrid\">Madrid<\/option><option value=\"M\u00e1laga\">M\u00e1laga<\/option><option value=\"Melilla\">Melilla<\/option><option value=\"Murcia\">Murcia<\/option><option value=\"Navarra\">Navarra<\/option><option value=\"Ourense\">Ourense<\/option><option value=\"Palencia\">Palencia<\/option><option value=\"Pontevedra\">Pontevedra<\/option><option value=\"Salamanca\">Salamanca<\/option><option value=\"Segovia\">Segovia<\/option><option value=\"Sevilla\">Sevilla<\/option><option value=\"Soria\">Soria<\/option><option value=\"Tarragona\">Tarragona<\/option><option value=\"Santa Cruz de Tenerife\">Santa Cruz de Tenerife<\/option><option value=\"Teruel\">Teruel<\/option><option value=\"Toledo\">Toledo<\/option><option value=\"Valencia\">Valencia<\/option><option value=\"Valladolid\">Valladolid<\/option><option value=\"Zamora\">Zamora<\/option><option value=\"Zaragoza\">Zaragoza<\/option><\/select><\/span> <\/label>\n<\/p>\n<p><label> Tu mensaje*<br \/>\n<span class=\"wpcf7-form-control-wrap\" data-name=\"your-message\"><textarea cols=\"40\" rows=\"10\" maxlength=\"2000\" class=\"wpcf7-form-control wpcf7-textarea wpcf7-validates-as-required\" aria-required=\"true\" aria-invalid=\"false\" placeholder=\"Escriba aqu\u00ed en qu\u00e9 mando, equipo o aplicaci\u00f3n est\u00e1 interesado; o si tiene alguna duda.\" name=\"your-message\"><\/textarea><\/span> <\/label>\n<\/p>\n<p><span class=\"wpcf7-form-control-wrap\" data-name=\"acceptance-322\"><span class=\"wpcf7-form-control wpcf7-acceptance\"><span class=\"wpcf7-list-item\"><label><input type=\"checkbox\" name=\"acceptance-322\" value=\"1\" aria-invalid=\"false\" \/><span class=\"wpcf7-list-item-label\">He le\u00eddo y acepto las <a href=\"https:\/\/www.tele-radio.com\/es\/politica-de-privacidad-y-cookies\/\" target=\"_blank\">condiciones de privacidad<\/a>.*<\/span><\/label><\/span><\/span><\/span>\n<\/p>\n<p><input class=\"wpcf7-form-control wpcf7-submit has-spinner\" type=\"submit\" value=\"Enviar\" \/>\n<\/p><div class=\"wpcf7-response-output\" aria-hidden=\"true\"><\/div>\n<\/form>\n<\/div>\n\r\n\t\t\t\t<script>\r\n\t\t\t\tif ( typeof huOptions !== 'undefined' ) {\r\n\t\t\t\t\tvar huFormData = {\"source\":\"contactform7\",\"id\":45404,\"title\":\"TRESP-comercial\",\"fields\":{\"subject\":{\"first_name\":\"your-name\",\"email\":\"your-email\"},\"preferences\":{\"terms\":\"your-consent\"}}};\r\n\t\t\t\t\tvar huFormNode = document.querySelector( '[id^=\"wpcf7-f45404-\"] form' );\r\n\r\n\t\t\t\t\thuFormData['node'] = huFormNode;\r\n\t\t\t\t\thuOptions['forms'].push( huFormData );\r\n\t\t\t\t}\r\n\t\t\t\t<\/script><\/div>\n","protected":false},"excerpt":{"rendered":"<p>El Reto de la manipulaci\u00f3n de contenedores con control remoto Los operadores que manipulan contenedores enfrentan m\u00faltiples riesgos importantes en cada turno: Un solo fallo en la conexi\u00f3n entre el transmisor y el receptor puede hacer que se pierda el control, con consecuencias costosas y potencialmente mortales. La Soluci\u00f3n de control remoto para manipular contenedores [&hellip;]<\/p>\n","protected":false},"author":29,"featured_media":261598,"parent":0,"menu_order":0,"comment_status":"closed","ping_status":"closed","template":"content-customer-stories.php","meta":{"_acf_changed":false,"footnotes":""},"class_list":["post-264019","page","type-page","status-publish","has-post-thumbnail","hentry"],"acf":[],"_links":{"self":[{"href":"https:\/\/www.tele-radio.com\/es\/wp-json\/wp\/v2\/pages\/264019","targetHints":{"allow":["GET"]}}],"collection":[{"href":"https:\/\/www.tele-radio.com\/es\/wp-json\/wp\/v2\/pages"}],"about":[{"href":"https:\/\/www.tele-radio.com\/es\/wp-json\/wp\/v2\/types\/page"}],"author":[{"embeddable":true,"href":"https:\/\/www.tele-radio.com\/es\/wp-json\/wp\/v2\/users\/29"}],"replies":[{"embeddable":true,"href":"https:\/\/www.tele-radio.com\/es\/wp-json\/wp\/v2\/comments?post=264019"}],"version-history":[{"count":1,"href":"https:\/\/www.tele-radio.com\/es\/wp-json\/wp\/v2\/pages\/264019\/revisions"}],"predecessor-version":[{"id":264021,"href":"https:\/\/www.tele-radio.com\/es\/wp-json\/wp\/v2\/pages\/264019\/revisions\/264021"}],"wp:featuredmedia":[{"embeddable":true,"href":"https:\/\/www.tele-radio.com\/es\/wp-json\/wp\/v2\/media\/261598"}],"wp:attachment":[{"href":"https:\/\/www.tele-radio.com\/es\/wp-json\/wp\/v2\/media?parent=264019"}],"curies":[{"name":"wp","href":"https:\/\/api.w.org\/{rel}","templated":true}]}}