{"id":245640,"date":"2024-12-23T14:51:14","date_gmt":"2024-12-23T14:51:14","guid":{"rendered":"https:\/\/www.tele-radio.com\/beyond-expectations\/"},"modified":"2025-02-19T16:30:31","modified_gmt":"2025-02-19T16:30:31","slug":"beyond-expectations","status":"publish","type":"page","link":"https:\/\/www.tele-radio.com\/es\/beyond-expectations\/","title":{"rendered":"M\u00e1s all\u00e1 de las expectativas"},"content":{"rendered":"\n<div style=\"height:43px\" aria-hidden=\"true\" class=\"wp-block-spacer\"><\/div>\n\n\n\n<h1 class=\"wp-block-heading has-text-align-center\" style=\"font-size:80px\">M\u00e1s all\u00e1 de las expectativas<\/h1>\n\n\n\n<p class=\"has-text-align-center\"><em>Abraza una nueva frontera de adaptabilidad<\/em><\/p>\n\n\n\n<figure class=\"wp-block-video aligncenter\"><video controls src=\"https:\/\/www.tele-radio.com\/app\/uploads\/Teaser-Video-Week-5-2025-Beyond-Protection.mp4\"><\/video><\/figure>\n\n\n\n<script src=\"https:\/\/cdn.logwork.com\/widget\/countdown.js\"><\/script>\n<a href=\"https:\/\/logwork.com\/countdown-izz1\" class=\"countdown-timer\" data-timezone=\"Europe\/Amsterdam\" data-textcolor=\"#878787\" data-date=\"2025-04-07 00:00\" data-background=\"#fabb00\">The future begins in:<\/a>\n\n\n\n<div style=\"height:100px\" aria-hidden=\"true\" class=\"wp-block-spacer\"><\/div>\n\n\n\n<p class=\"has-text-align-center has-x-large-font-size\">Nuestro camino hacia <strong>BAUMA 2025<\/strong> contin\u00faa con el segundo cap\u00edtulo de nuestra serie de adelantos. Esta vez, exploramos c\u00f3mo la verdadera innovaci\u00f3n significa adaptarse a cada desaf\u00edo, cada requisito y cada posibilidad. S\u00e9 testigo de la versatilidad que redefinir\u00e1 la forma en que interact\u00faas con la pr\u00f3xima generaci\u00f3n de transmisores.<\/p>\n\n\n\n<div style=\"height:175px\" aria-hidden=\"true\" class=\"wp-block-spacer\"><\/div>\n\n\n<h2 style=\"font-size:50px;\" class=\"has-text-align-center wp-block-post-title\">M\u00e1s all\u00e1 de las expectativas<\/h2>\n\n\n<p class=\"has-text-align-center has-medium-font-size\"><em>Revelando una nueva era de innovaci\u00f3n.<\/em><\/p>\n\n\n\n<div style=\"height:93px\" aria-hidden=\"true\" class=\"wp-block-spacer\"><\/div>\n\n\n\n<figure class=\"wp-block-video aligncenter\"><video controls loop poster=\"https:\/\/www.tele-radio.com\/app\/uploads\/Scherm\u00adafbeelding-2024-12-19-om-13.14.53.png\" src=\"https:\/\/www.tele-radio.com\/app\/uploads\/Teaser-Video-1-Expectations-V3.mp4\"><\/video><\/figure>\n\n\n\n<div style=\"height:74px\" aria-hidden=\"true\" class=\"wp-block-spacer\"><\/div>\n\n\n\n<p class=\"has-text-align-center has-x-large-font-size\">Prep\u00e1rate para redefinir tus expectativas. Una <strong>innovaci\u00f3n revolucionaria<\/strong> est\u00e1 en el horizonte. Acomp\u00e1\u00f1anos en la cuenta regresiva hacia un lanzamiento disruptivo en BAUMA 2025, donde presentaremos la pr\u00f3xima generaci\u00f3n de transmisores dise\u00f1ados para ir m\u00e1s all\u00e1 de lo convencional.<\/p>\n\n\n\n<p class=\"has-text-align-center has-x-large-font-size\">Esto es solo el comienzo. Mantente atento para m\u00e1s sorpresas hasta el <strong>7 de abril<\/strong>.<\/p>\n","protected":false},"excerpt":{"rendered":"<p>M\u00e1s all\u00e1 de las expectativas Abraza una nueva frontera de adaptabilidad The future begins in: Nuestro camino hacia BAUMA 2025 contin\u00faa con el segundo cap\u00edtulo de nuestra serie de adelantos. Esta vez, exploramos c\u00f3mo la verdadera innovaci\u00f3n significa adaptarse a cada desaf\u00edo, cada requisito y cada posibilidad. S\u00e9 testigo de la versatilidad que redefinir\u00e1 la [&hellip;]<\/p>\n","protected":false},"author":29,"featured_media":237192,"parent":0,"menu_order":0,"comment_status":"closed","ping_status":"closed","template":"","meta":{"_acf_changed":false,"footnotes":""},"class_list":["post-245640","page","type-page","status-publish","has-post-thumbnail","hentry"],"acf":[],"_links":{"self":[{"href":"https:\/\/www.tele-radio.com\/es\/wp-json\/wp\/v2\/pages\/245640","targetHints":{"allow":["GET"]}}],"collection":[{"href":"https:\/\/www.tele-radio.com\/es\/wp-json\/wp\/v2\/pages"}],"about":[{"href":"https:\/\/www.tele-radio.com\/es\/wp-json\/wp\/v2\/types\/page"}],"author":[{"embeddable":true,"href":"https:\/\/www.tele-radio.com\/es\/wp-json\/wp\/v2\/users\/29"}],"replies":[{"embeddable":true,"href":"https:\/\/www.tele-radio.com\/es\/wp-json\/wp\/v2\/comments?post=245640"}],"version-history":[{"count":1,"href":"https:\/\/www.tele-radio.com\/es\/wp-json\/wp\/v2\/pages\/245640\/revisions"}],"predecessor-version":[{"id":245642,"href":"https:\/\/www.tele-radio.com\/es\/wp-json\/wp\/v2\/pages\/245640\/revisions\/245642"}],"wp:featuredmedia":[{"embeddable":true,"href":"https:\/\/www.tele-radio.com\/es\/wp-json\/wp\/v2\/media\/237192"}],"wp:attachment":[{"href":"https:\/\/www.tele-radio.com\/es\/wp-json\/wp\/v2\/media?parent=245640"}],"curies":[{"name":"wp","href":"https:\/\/api.w.org\/{rel}","templated":true}]}}