{"id":243842,"date":"2025-02-05T12:31:57","date_gmt":"2025-02-05T12:31:57","guid":{"rendered":"https:\/\/www.tele-radio.com\/?page_id=243842"},"modified":"2025-02-07T09:19:30","modified_gmt":"2025-02-07T09:19:30","slug":"akerstroms-access_ctrl","status":"publish","type":"page","link":"https:\/\/www.tele-radio.com\/es\/other-brands\/akerstroms\/akerstroms-access_ctrl\/","title":{"rendered":"\u00c5kerstr\u00f6ms Access_Ctrl"},"content":{"rendered":"\n<p class=\"has-text-color has-link-color has-large-font-size wp-elements-bd4345ff1679e531e49be49b153ef048\" style=\"color:#ef7f00\"><strong>Gesti\u00f3n de accesos e inspecci\u00f3n diaria<\/strong><\/p>\n\n\n\n<h2 class=\"wp-block-heading has-text-color has-link-color wp-elements-52968cba0c395581a747d2e86f47fcae\" style=\"color:#ef7f00\">M\u00e1ximo control y seguridad en control remoto<\/h2>\n\n\n\n<p>Tenemos como objetivo ayudar a la industria a minimizar accidentes y lesiones en el lugar de trabajo. En sectores donde se realizan elevaci\u00f3n de grandes cargas y procesos cr\u00edticos a diario, la seguridad del personal y la optimizaci\u00f3n de la producci\u00f3n son de m\u00e1xima importancia. Los usuarios deben poder realizar su trabajo de la manera m\u00e1s segura posible, y nadie deber\u00eda sufrir lesiones.<\/p>\n\n\n\n<p>Con nuestro control de accesos para el uso de mandos radiocontrol, al que denominamos <strong>Access_Ctrl<\/strong>, brindamos a los responsables de prevenci\u00f3n de riesgos laborales, mantenimiento y de producci\u00f3n, un control total sobre qui\u00e9n puede activar el sistema de control por radio para operar la gr\u00faa: <strong>cu\u00e1ndo, d\u00f3nde y c\u00f3mo<\/strong>. No es necesario cuestionar la autoridad de los operadores ni si cuentan con la formaci\u00f3n adecuada para controlar la gr\u00faa, ya que toda la informaci\u00f3n se almacena de forma segura en el sistema, eliminando la posibilidad de operaciones no autorizadas.<\/p>\n\n\n\n<div class=\"wp-block-cover aligncenter\" style=\"min-height:300px;aspect-ratio:unset;\"><span aria-hidden=\"true\" class=\"wp-block-cover__background has-background-dim\" style=\"background-color:#312a24\"><\/span><img loading=\"lazy\" decoding=\"async\" width=\"1536\" height=\"1471\" class=\"wp-block-cover__image-background wp-image-244340\" alt=\"\" src=\"https:\/\/www.tele-radio.com\/app\/uploads\/Era-100-connect-ssg-1536x1471-1.jpeg\" data-object-fit=\"cover\" srcset=\"https:\/\/www.tele-radio.com\/app\/uploads\/Era-100-connect-ssg-1536x1471-1.jpeg 1536w, https:\/\/www.tele-radio.com\/app\/uploads\/Era-100-connect-ssg-1536x1471-1-400x383.jpeg 400w, https:\/\/www.tele-radio.com\/app\/uploads\/Era-100-connect-ssg-1536x1471-1-1200x1149.jpeg 1200w, https:\/\/www.tele-radio.com\/app\/uploads\/Era-100-connect-ssg-1536x1471-1-768x736.jpeg 768w, https:\/\/www.tele-radio.com\/app\/uploads\/Era-100-connect-ssg-1536x1471-1-750x718.jpeg 750w, https:\/\/www.tele-radio.com\/app\/uploads\/Era-100-connect-ssg-1536x1471-1-500x479.jpeg 500w, https:\/\/www.tele-radio.com\/app\/uploads\/Era-100-connect-ssg-1536x1471-1-800x766.jpeg 800w\" sizes=\"auto, (max-width: 1536px) 100vw, 1536px\" \/><div class=\"wp-block-cover__inner-container is-layout-flow wp-block-cover-is-layout-flow\">\n<p class=\"has-text-align-center has-large-font-size\"><\/p>\n<\/div><\/div>\n\n\n\n<p><\/p>\n\n\n\n<p>Este sistema permite definir con precisi\u00f3n qui\u00e9n puede operar la gr\u00faa, en qu\u00e9 ubicaci\u00f3n y en qu\u00e9 momento. El acceso se controla y gestiona a trav\u00e9s de una interfaz web f\u00e1cil de usar, que puede alojarse localmente en la empresa o en la nube. Con <strong>Access_Ctrl<\/strong>, el administrador puede visualizar qu\u00e9 usuarios est\u00e1n registrados, qui\u00e9n ha utilizado la gr\u00faa durante el d\u00eda y en qu\u00e9 horarios. Adem\u00e1s, el sistema cuenta con un registro completo que muestra intentos de acceso inv\u00e1lidos y qui\u00e9n ha tratado de operar la gr\u00faa sin autorizaci\u00f3n. Tambi\u00e9n indica si alguna gr\u00faa ha quedado fuera de l\u00ednea. <strong>Access_Ctrl proporciona una mayor sensaci\u00f3n de seguridad a quienes trabajan cerca de la gr\u00faa, ya que solo el personal autorizado puede activar el sistema de control por radio y operar la maquinaria<\/strong>.<\/p>\n\n\n\n<p>El concepto es simple pero cuidadosamente gestionado: el acceso se gestiona mediante una etiqueta RFID opcional (Mifare), que permite verificar el estado de las m\u00e1quinas controladas y los operadores autorizados. Adem\u00e1s, la empresa puede utilizar tarjetas que ya emplea en su negocio si as\u00ed lo desea, lo que supone una gran ventaja al evitar la compra de nuevas tarjetas o etiquetas.<\/p>\n\n\n\n<h3 class=\"wp-block-heading\"><strong>Digitaliza tu inspecci\u00f3n diaria en la industria<\/strong><\/h3>\n\n\n\n<p>La inspecci\u00f3n diaria de una gr\u00faa o m\u00e1quina es fundamental para detectar errores y deficiencias antes de que se conviertan en fallos m\u00e1s graves y costosos. <strong>Access_Ctrl<\/strong> garantiza que el control diario se realice y se informe correctamente mediante un modo especial de permisos de acceso.<\/p>\n\n\n\n<ul class=\"wp-block-list\">\n<li>Gesti\u00f3n sencilla de usuarios y derechos de acceso<\/li>\n\n\n\n<li>Administraci\u00f3n a trav\u00e9s de una interfaz web<\/li>\n\n\n\n<li>Funcionalidad de inspecci\u00f3n diaria<\/li>\n\n\n\n<li>Autenticaci\u00f3n con una tarjeta o etiqueta opcional tipo Mifare<\/li>\n\n\n\n<li>Registro completo de usuarios y horarios<\/li>\n\n\n\n<li>Visualizaci\u00f3n de gr\u00faas en un mapa con posiciones GPS<\/li>\n\n\n\n<li>Exportaci\u00f3n de datos a otros sistemas<\/li>\n<\/ul>\n\n\n\n<p class=\"has-text-color has-link-color has-large-font-size wp-elements-439437afb30d518cefff80635075c470\" style=\"color:#ef7f00\"><strong>Recopilaci\u00f3n de datos de producci\u00f3n<\/strong><\/p>\n\n\n\n<h2 class=\"wp-block-heading has-text-color has-link-color wp-elements-35d8c70d17fed01b6ad03917420850ea\" style=\"color:#ef7f00\">Mantenimiento previsible y trabajo seguro con telemandos industriales<\/h2>\n\n\n\n<p><strong>Access_Ctrl<\/strong> tambi\u00e9n incluye un registro de datos de producci\u00f3n, que proporciona informaci\u00f3n valiosa y datos precisos para identificar cambios significativos en el estado de la m\u00e1quina.<\/p>\n\n\n\n<p>Todos los datos de operaci\u00f3n se guardan, lo que permite analizar posteriormente los patrones de uso y posibles incidentes. Adem\u00e1s, es posible agregar m\u00e1s sensores e instrumentos de medici\u00f3n para monitorear distintos par\u00e1metros, como el peso levantado, las vibraciones que ocurren, la velocidad de operaci\u00f3n de la gr\u00faa o la distribuci\u00f3n desigual de la carga.<\/p>\n\n\n\n<p>Los datos se almacenan localmente en una <strong>LCU (unidad de registro y conectividad)<\/strong>, que se sincroniza con la nube a intervalos regulares o con un servidor interno. Esto permite el acceso a la informaci\u00f3n en cualquier momento y por cualquier per\u00edodo de tiempo. Como resultado, la producci\u00f3n puede continuar incluso despu\u00e9s de incidentes menores sin riesgo de perder informaci\u00f3n relevante sobre lo sucedido.<\/p>\n\n\n\n<p><strong>Access_Ctrl<\/strong> proporciona control sobre la eficiencia, el movimiento y el estado de la m\u00e1quina, lo que resulta esencial para un <strong>mantenimiento previsible y condiciones de trabajo m\u00e1s seguras en entornos industriales<\/strong>.<\/p>\n\n\n\n<div class=\"wp-block-columns is-layout-flex wp-container-core-columns-is-layout-9d6595d7 wp-block-columns-is-layout-flex\">\n<div class=\"wp-block-column is-layout-flow wp-block-column-is-layout-flow\">\n<ul class=\"wp-block-list\">\n<li>Entorno de trabajo m\u00e1s seguro y protegido<\/li>\n\n\n\n<li>Planificaci\u00f3n de mantenimiento a largo plazo<\/li>\n\n\n\n<li>Menos paros en la producci\u00f3n<\/li>\n\n\n\n<li>Reducci\u00f3n de costos de mantenimiento<\/li>\n\n\n\n<li>Facilidad en la resoluci\u00f3n de problemas<\/li>\n<\/ul>\n<\/div>\n\n\n\n<div class=\"wp-block-column is-layout-flow wp-block-column-is-layout-flow\">\n<div class=\"wp-block-buttons is-content-justification-center is-layout-flex wp-container-core-buttons-is-layout-16018d1d wp-block-buttons-is-layout-flex\">\n<div class=\"wp-block-button has-custom-width wp-block-button__width-50 aker-para-reg-18-white\"><a class=\"wp-block-button__link wp-element-button\" href=\"https:\/\/www.tele-radio.com\/app\/uploads\/Advertisement_A4_AKS_multibrand.pdf\" target=\"_blank\" rel=\"noreferrer noopener\">Access_Ctrl<\/a><\/div>\n<\/div>\n<\/div>\n<\/div>\n\n\n\n<div style=\"height:50px\" aria-hidden=\"true\" class=\"wp-block-spacer\"><\/div>\n\n\n\n<figure class=\"wp-block-video aligncenter\"><video autoplay controls loop muted src=\"https:\/\/www.tele-radio.com\/app\/uploads\/a53c27da-216d-d4fd-5ee2-510710f70503.mp4\"><\/video><\/figure>\n\n\n\n<div style=\"height:50px\" aria-hidden=\"true\" class=\"wp-block-spacer\"><\/div>\n\n\n\n<h3 class=\"wp-block-heading has-text-color has-link-color wp-elements-ab326e8c6813139694f8aa0ab4f6dfdb\" style=\"color:#ef7f00\">\u00bfQu\u00e9 mandos de control remoto hacen posible esta tecnolog\u00eda?<\/h3>\n\n\n\n<p>Para hacer posible la avanzada tecnolog\u00eda de <strong>Access_Ctrl<\/strong>, \u00c5kerstr\u00f6ms cuenta con una gama de <strong>mandos de control remoto robustos y seguros<\/strong> que garantizan una operaci\u00f3n eficiente y confiable en entornos industriales exigentes.<\/p>\n\n\n\n<div class=\"wp-block-media-text is-stacked-on-mobile has-white-color has-black-background-color has-text-color has-background has-link-color wp-elements-efecd8549582d236a4328c2f57415162\" style=\"grid-template-columns:35% auto\"><figure class=\"wp-block-media-text__media\"><img loading=\"lazy\" decoding=\"async\" width=\"1200\" height=\"782\" src=\"https:\/\/www.tele-radio.com\/app\/uploads\/Remotus-Era-100-1200x782.png\" alt=\"\" class=\"wp-image-244242 size-full\" srcset=\"https:\/\/www.tele-radio.com\/app\/uploads\/Remotus-Era-100-1200x782.png 1200w, https:\/\/www.tele-radio.com\/app\/uploads\/Remotus-Era-100-400x261.png 400w, https:\/\/www.tele-radio.com\/app\/uploads\/Remotus-Era-100-768x500.png 768w, https:\/\/www.tele-radio.com\/app\/uploads\/Remotus-Era-100-1536x1001.png 1536w, https:\/\/www.tele-radio.com\/app\/uploads\/Remotus-Era-100-2048x1334.png 2048w, https:\/\/www.tele-radio.com\/app\/uploads\/Remotus-Era-100-750x489.png 750w, https:\/\/www.tele-radio.com\/app\/uploads\/Remotus-Era-100-500x326.png 500w, https:\/\/www.tele-radio.com\/app\/uploads\/Remotus-Era-100-1600x1042.png 1600w, https:\/\/www.tele-radio.com\/app\/uploads\/Remotus-Era-100-800x521.png 800w\" sizes=\"auto, (max-width: 1200px) 100vw, 1200px\" \/><\/figure><div class=\"wp-block-media-text__content\">\n<p><\/p>\n\n\n\n<p class=\"has-text-color has-link-color has-large-font-size wp-elements-291ed4092c3fbf126cf91d0b026291da\" style=\"color:#ef7f00\"><strong>Remotus ERA 100 \u2013 Control preciso con joysticks y pantalla<\/strong><\/p>\n\n\n\n<p>El <strong>Remotus ERA 100<\/strong> es un <strong>telemando de pupitre<\/strong> dise\u00f1ado para aplicaciones que requieren un <strong>control de alta precisi\u00f3n<\/strong>. Equipado con <strong>joysticks y selectores<\/strong>, este mando incluye una <strong>pantalla integrada con feedback en tiempo real<\/strong>, permitiendo a los operadores recibir informaci\u00f3n crucial sobre el estado de la m\u00e1quina y el entorno de trabajo. Adem\u00e1s, su dise\u00f1o ergon\u00f3mico y su construcci\u00f3n robusta garantizan un manejo c\u00f3modo y seguro, incluso en condiciones extremas.<\/p>\n<\/div><\/div>\n\n\n\n<div class=\"wp-block-media-text is-stacked-on-mobile has-white-color has-black-background-color has-text-color has-background has-link-color wp-elements-a578b574fa4a4971f845174bdc899ed8\" style=\"grid-template-columns:35% auto\"><figure class=\"wp-block-media-text__media\"><img loading=\"lazy\" decoding=\"async\" width=\"1200\" height=\"849\" src=\"https:\/\/www.tele-radio.com\/app\/uploads\/10BD-Nordic_web-1200x849.png\" alt=\"\" class=\"wp-image-244304 size-full\" srcset=\"https:\/\/www.tele-radio.com\/app\/uploads\/10BD-Nordic_web-1200x849.png 1200w, https:\/\/www.tele-radio.com\/app\/uploads\/10BD-Nordic_web-400x283.png 400w, https:\/\/www.tele-radio.com\/app\/uploads\/10BD-Nordic_web-768x544.png 768w, https:\/\/www.tele-radio.com\/app\/uploads\/10BD-Nordic_web-1536x1087.png 1536w, https:\/\/www.tele-radio.com\/app\/uploads\/10BD-Nordic_web-2048x1450.png 2048w, https:\/\/www.tele-radio.com\/app\/uploads\/10BD-Nordic_web-750x531.png 750w, https:\/\/www.tele-radio.com\/app\/uploads\/10BD-Nordic_web-500x354.png 500w, https:\/\/www.tele-radio.com\/app\/uploads\/10BD-Nordic_web-1600x1133.png 1600w, https:\/\/www.tele-radio.com\/app\/uploads\/10BD-Nordic_web-800x566.png 800w\" sizes=\"auto, (max-width: 1200px) 100vw, 1200px\" \/><\/figure><div class=\"wp-block-media-text__content\">\n<p class=\"has-text-color has-link-color has-large-font-size wp-elements-bd87fefd47b287138b5714ba69372cc9\" style=\"color:#ef7f00\"><strong>Remotus 10BD \u2013 Control compacto y vers\u00e1til con 10 botones<\/strong><\/p>\n\n\n\n<p>El <strong>Remotus 10BD<\/strong> es un <strong>mando de mano<\/strong> con <strong>10 botones<\/strong> y una <strong>pantalla integrada<\/strong>, que proporciona <strong>feedback visual inmediato<\/strong> al operador. Su dise\u00f1o compacto lo hace ideal para aplicaciones donde se requiere <strong>movilidad y facilidad de uso<\/strong> sin comprometer la seguridad.<\/p>\n<\/div><\/div>\n\n\n\n<div style=\"height:50px\" aria-hidden=\"true\" class=\"wp-block-spacer\"><\/div>\n\n\n\n<h3 class=\"wp-block-heading has-text-color has-link-color wp-elements-be28c76ff09524c50dc63d14af8704e3\" style=\"color:#ef7f00\"><strong>Seguridad y fiabilidad en todas las operaciones<\/strong> de control remoto<\/h3>\n\n\n\n<p>Tanto el <strong>Remotus ERA 100<\/strong> como el <strong>Remotus 10BD<\/strong> est\u00e1n equipados con una <strong>seta de paro de emergencia<\/strong>, asegurando una respuesta r\u00e1pida ante cualquier situaci\u00f3n cr\u00edtica. Adem\u00e1s, su capacidad de proporcionar <strong>feedback en tiempo real<\/strong> mejora la eficiencia operativa y refuerza la seguridad en el lugar de trabajo.<\/p>\n\n\n\n<p>Estos mandos, en combinaci\u00f3n con <strong>Access_Ctrl<\/strong>, ofrecen una soluci\u00f3n completa para la gesti\u00f3n de accesos y el control remoto seguro en entornos industriales.<\/p>\n\n\n\n<p class=\"has-text-color has-link-color has-large-font-size wp-elements-35a7df3a6d8d8f8ba4e260fdc391b8a2\" style=\"color:#ef7f00\">Habla con un experto sobre Access_Ctrl<\/p>\n\n\n\n<div class=\"wp-block-columns has-black-background-color has-background is-layout-flex wp-container-core-columns-is-layout-9d6595d7 wp-block-columns-is-layout-flex\">\n<div class=\"wp-block-column is-layout-flow wp-block-column-is-layout-flow\" style=\"flex-basis:25%\"><div class=\"wp-block-image\">\n<figure class=\"aligncenter size-full\"><img loading=\"lazy\" decoding=\"async\" width=\"208\" height=\"208\" src=\"https:\/\/www.tele-radio.com\/app\/uploads\/AKS_logo_100_x_100_px_150_dpi.png\" alt=\"\" class=\"wp-image-238921\" style=\"object-fit:cover\" srcset=\"https:\/\/www.tele-radio.com\/app\/uploads\/AKS_logo_100_x_100_px_150_dpi.png 208w, https:\/\/www.tele-radio.com\/app\/uploads\/AKS_logo_100_x_100_px_150_dpi-150x150.png 150w\" sizes=\"auto, (max-width: 208px) 100vw, 208px\" \/><\/figure><\/div><\/div>\n\n\n\n<div class=\"wp-block-column aker-head-reg-64-black is-layout-flow wp-block-column-is-layout-flow\" style=\"flex-basis:50%\">\n<div style=\"height:25px\" aria-hidden=\"true\" class=\"wp-block-spacer\"><\/div>\n\n\n\n<h2 class=\"wp-block-heading has-text-align-center aker-head-reg-64-white has-white-color has-text-color has-link-color wp-elements-0ec1b1a1817bad02dd3028144832b562\">\u00bfQuieres saber m\u00e1s?<\/h2>\n\n\n\n<div class=\"wp-block-buttons is-content-justification-center is-layout-flex wp-container-core-buttons-is-layout-16018d1d wp-block-buttons-is-layout-flex\">\n<div class=\"wp-block-button has-custom-font-size aker-para-reg-18-white is-style-outline is-style-outline--1\" style=\"font-size:20px\"><a class=\"wp-block-button__link has-white-color has-black-background-color has-text-color has-background has-link-color wp-element-button\" href=\"https:\/\/www.tele-radio.com\/es\/contacta-con-nosotros\/\" style=\"border-radius:32px\">Ponte en contacto con nosotros<\/a><\/div>\n<\/div>\n<\/div>\n\n\n\n<div class=\"wp-block-column is-layout-flow wp-block-column-is-layout-flow\" style=\"flex-basis:25%\"><div class=\"wp-block-image\">\n<figure class=\"aligncenter size-full\"><img loading=\"lazy\" decoding=\"async\" width=\"208\" height=\"208\" src=\"https:\/\/www.tele-radio.com\/app\/uploads\/AKS_1918_100_x_100_px_150_dpi.png\" alt=\"\" class=\"wp-image-238949\" style=\"object-fit:cover\" srcset=\"https:\/\/www.tele-radio.com\/app\/uploads\/AKS_1918_100_x_100_px_150_dpi.png 208w, https:\/\/www.tele-radio.com\/app\/uploads\/AKS_1918_100_x_100_px_150_dpi-150x150.png 150w\" sizes=\"auto, (max-width: 208px) 100vw, 208px\" \/><\/figure><\/div><\/div>\n<\/div>\n","protected":false},"excerpt":{"rendered":"<p>Gesti\u00f3n de accesos e inspecci\u00f3n diaria M\u00e1ximo control y seguridad en control remoto Tenemos como objetivo ayudar a la industria a minimizar accidentes y lesiones en el lugar de trabajo. En sectores donde se realizan elevaci\u00f3n de grandes cargas y procesos cr\u00edticos a diario, la seguridad del personal y la optimizaci\u00f3n de la producci\u00f3n son [&hellip;]<\/p>\n","protected":false},"author":54,"featured_media":244173,"parent":243332,"menu_order":0,"comment_status":"closed","ping_status":"closed","template":"","meta":{"_acf_changed":false,"footnotes":""},"class_list":["post-243842","page","type-page","status-publish","has-post-thumbnail","hentry"],"acf":[],"_links":{"self":[{"href":"https:\/\/www.tele-radio.com\/es\/wp-json\/wp\/v2\/pages\/243842","targetHints":{"allow":["GET"]}}],"collection":[{"href":"https:\/\/www.tele-radio.com\/es\/wp-json\/wp\/v2\/pages"}],"about":[{"href":"https:\/\/www.tele-radio.com\/es\/wp-json\/wp\/v2\/types\/page"}],"author":[{"embeddable":true,"href":"https:\/\/www.tele-radio.com\/es\/wp-json\/wp\/v2\/users\/54"}],"replies":[{"embeddable":true,"href":"https:\/\/www.tele-radio.com\/es\/wp-json\/wp\/v2\/comments?post=243842"}],"version-history":[{"count":13,"href":"https:\/\/www.tele-radio.com\/es\/wp-json\/wp\/v2\/pages\/243842\/revisions"}],"predecessor-version":[{"id":244634,"href":"https:\/\/www.tele-radio.com\/es\/wp-json\/wp\/v2\/pages\/243842\/revisions\/244634"}],"up":[{"embeddable":true,"href":"https:\/\/www.tele-radio.com\/es\/wp-json\/wp\/v2\/pages\/243332"}],"wp:featuredmedia":[{"embeddable":true,"href":"https:\/\/www.tele-radio.com\/es\/wp-json\/wp\/v2\/media\/244173"}],"wp:attachment":[{"href":"https:\/\/www.tele-radio.com\/es\/wp-json\/wp\/v2\/media?parent=243842"}],"curies":[{"name":"wp","href":"https:\/\/api.w.org\/{rel}","templated":true}]}}