{"id":23094,"date":"2019-06-27T14:03:33","date_gmt":"2019-06-27T14:03:33","guid":{"rendered":"https:\/\/www.tele-radio.com\/?page_id=23094"},"modified":"2023-01-17T13:51:53","modified_gmt":"2023-01-17T13:51:53","slug":"controles-remotos-para-el-sector-agricola-y-forestal","status":"publish","type":"page","link":"https:\/\/www.tele-radio.com\/es\/controles-remotos-para-el-sector-agricola-y-forestal\/","title":{"rendered":"Control remoto sector agr\u00edcola y forestal"},"content":{"rendered":"\n<div style=\"height:30px\" aria-hidden=\"true\" class=\"wp-block-spacer\"><\/div>\n\n\n\n<p>Las soluciones de control remoto sector agr\u00edcola y forestal de Tele Radio le brindan el poder y la confianza de aprovechar todo el potencial de su m\u00e1quina. \u00bfLa ubicaci\u00f3n del panel de control integral est\u00e1 impidiendo su capacidad para supervisar su producci\u00f3n o proceso? Permita que nuestras soluciones inal\u00e1mbricas le acerquen a la acci\u00f3n; de esta manera, podr\u00e1 responder de manera m\u00e1s r\u00e1pida y eficaz cuando necesite. Todo, desde el simple control de encendido \/ apagado hasta las plataformas de control personalizadas m\u00e1s avanzadas, Tele Radio est\u00e1 preparado para ayudarle a llevar a cabo lo que mejor sabe hacer.<\/p>\n\n\n\n<div class=\"wp-block-buttons is-horizontal is-content-justification-center is-layout-flex wp-container-core-buttons-is-layout-499968f5 wp-block-buttons-is-layout-flex\">\n<div class=\"wp-block-button\"><a class=\"wp-block-button__link has-black-color has-text-color has-background\" href=\"#info\" style=\"border-radius:7px;background-color:#fbba00\"><strong>Obt\u00e9n m\u00e1s informaci\u00f3n<\/strong><\/a><\/div>\n<\/div>\n\n\n\n<div style=\"height:30px\" aria-hidden=\"true\" class=\"wp-block-spacer\"><\/div>\n\n\n\n<div class=\"wp-block-media-text alignwide is-stacked-on-mobile\" style=\"grid-template-columns:40% auto\"><figure class=\"wp-block-media-text__media\"><img loading=\"lazy\" decoding=\"async\" width=\"1200\" height=\"675\" src=\"https:\/\/www.tele-radio.com\/app\/uploads\/2552280_15284485938119_1500_1500-1200x675.png\" alt=\"mando control remoto forestal\" class=\"wp-image-105646 size-full\" srcset=\"https:\/\/www.tele-radio.com\/app\/uploads\/2552280_15284485938119_1500_1500-1200x675.png 1200w, https:\/\/www.tele-radio.com\/app\/uploads\/2552280_15284485938119_1500_1500-400x225.png 400w, https:\/\/www.tele-radio.com\/app\/uploads\/2552280_15284485938119_1500_1500-768x432.png 768w, https:\/\/www.tele-radio.com\/app\/uploads\/2552280_15284485938119_1500_1500-750x422.png 750w, https:\/\/www.tele-radio.com\/app\/uploads\/2552280_15284485938119_1500_1500-500x281.png 500w, https:\/\/www.tele-radio.com\/app\/uploads\/2552280_15284485938119_1500_1500-800x450.png 800w, https:\/\/www.tele-radio.com\/app\/uploads\/2552280_15284485938119_1500_1500.png 1500w\" sizes=\"auto, (max-width: 1200px) 100vw, 1200px\" \/><\/figure><div class=\"wp-block-media-text__content\">\n<h2 class=\"wp-block-heading\">Mando radio control forestal<\/h2>\n\n\n\n<p>Las desbrozadoras por control remoto se han visto en aumento por la seguridad y comodidad que supone el manejo de maquinaria pesada a distancia. El mando para cabrestante forestal, gr\u00faas, o maquinaria de corte facilita el trabajo del operario a una distancia prudente de grandes y peligrosas cargas.<\/p>\n<\/div><\/div>\n\n\n\n<div class=\"wp-block-media-text alignwide has-media-on-the-right is-stacked-on-mobile\" style=\"grid-template-columns:auto 40%\"><figure class=\"wp-block-media-text__media\"><img loading=\"lazy\" decoding=\"async\" width=\"1177\" height=\"785\" src=\"https:\/\/www.tele-radio.com\/app\/uploads\/PH_PN-T17-12_0003-1.png\" alt=\"mando control remoto agr\u00edcola\" class=\"wp-image-105693 size-full\" srcset=\"https:\/\/www.tele-radio.com\/app\/uploads\/PH_PN-T17-12_0003-1.png 1177w, https:\/\/www.tele-radio.com\/app\/uploads\/PH_PN-T17-12_0003-1-400x267.png 400w, https:\/\/www.tele-radio.com\/app\/uploads\/PH_PN-T17-12_0003-1-768x512.png 768w, https:\/\/www.tele-radio.com\/app\/uploads\/PH_PN-T17-12_0003-1-750x500.png 750w, https:\/\/www.tele-radio.com\/app\/uploads\/PH_PN-T17-12_0003-1-500x333.png 500w, https:\/\/www.tele-radio.com\/app\/uploads\/PH_PN-T17-12_0003-1-800x534.png 800w\" sizes=\"auto, (max-width: 1177px) 100vw, 1177px\" \/><\/figure><div class=\"wp-block-media-text__content\">\n<h2 class=\"wp-block-heading\">Mando inal\u00e1mbrico para la agricultura<\/h2>\n\n\n\n<p>La evoluci\u00f3n del sector agr\u00edcola ha creado necesidades en los trabajadores que suponen un aumento de la seguridad y producci\u00f3n.<\/p>\n\n\n\n<p>Con el control remoto para el sector agr\u00edcola el operario trabaja y tiene feedback en pantalla, es decir, conoce la situaci\u00f3n de silos, nivel de carga de cosechadoras, peso del producto, etc. En definitiva, mantiene al trabajador lejos del espacio peligroso aunque no pierda detalle del proceso gracias a la informaci\u00f3n mostrada en la pantalla del transmisor.<\/p>\n<\/div><\/div>\n\n\n\n<h2 class=\"wp-block-heading\">Mandos inal\u00e1mbricos y botoneras perfectos para el sector agr\u00edcola y forestal<\/h2>\n\n\n\n<p>Los sistemas <a href=\"https:\/\/www.tele-radio.com\/es\/products\/panther\/\">Panther<\/a> son nuestros mandos inal\u00e1mbricos<strong>&nbsp;m\u00e1s flexibles<\/strong>, podemos configurarlos de manera \u00fanica para usted. Viene integrado <strong>caracter\u00edsticas de seguridad<\/strong>, si un mando se pierde o se rompe puede ser intercambiado por otro f\u00e1cilmente sin interrumpir la jornada de trabajo y as\u00ed tener un control remoto seguro. Al mismo tiempo si el mando deja de percibir al operador (ya sea por que salga del rango del receptor o el mando se pierda o se rompa).<\/p>\n\n\n\n<p><\/p>\n\n\n\n<div class=\"wp-block-columns is-layout-flex wp-container-core-columns-is-layout-9d6595d7 wp-block-columns-is-layout-flex\">\n<div class=\"wp-block-column is-layout-flow wp-block-column-is-layout-flow\">\n<div class=\"wp-block-cover aligncenter is-light\" style=\"min-height:1000px;aspect-ratio:unset;\"><span aria-hidden=\"true\" class=\"has-very-light-gray-background-color has-background-dim-100 wp-block-cover__gradient-background has-background-dim\"><\/span><div class=\"wp-block-cover__inner-container is-layout-flow wp-block-cover-is-layout-flow\">\n<h2 class=\"has-text-align-center has-very-dark-gray-color has-text-color wp-block-heading\">Mando para cabrestantes<\/h2>\n\n\n\n<div style=\"height:20px\" aria-hidden=\"true\" class=\"wp-block-spacer\"><\/div>\n\n\n\n<div class=\"wp-block-image\"><figure class=\"aligncenter size-full is-resized\"><img loading=\"lazy\" decoding=\"async\" src=\"https:\/\/www.tele-radio.com\/app\/uploads\/control-grua-portacoches-PN-T21-4-diferentes-botones-min.gif\" alt=\"Mando para gr\u00faas portacoches y cabrestantes\" class=\"wp-image-65466\" width=\"150\" height=\"235\"\/><\/figure><\/div>\n\n\n\n<p class=\"has-text-align-center\"><meta charset=\"utf-8\"><a href=\"https:\/\/www.tele-radio.com\/es\/products\/panther\/panther-transmisor-8-botones-2-pasos-pld-cat3\/\" target=\"_blank\" rel=\"noreferrer noopener\"><em>Panther T21<\/em><\/a><\/p>\n\n\n\n<div style=\"height:20px\" aria-hidden=\"true\" class=\"wp-block-spacer\"><\/div>\n\n\n\n<ul class=\"has-cyan-bluish-gray-color has-text-color wp-block-list\"><li><mark style=\"background-color:rgba(0, 0, 0, 0)\" class=\"has-inline-color has-very-dark-gray-color\">3, 4, 6, 8 o hasta 10 b<span style=\"color: rgb(49, 49, 49);\">otones<\/span>.<\/mark><\/li><li><mark style=\"background-color:rgba(0, 0, 0, 0)\" class=\"has-inline-color has-very-dark-gray-color\">Hasta 19 funciones.<\/mark><\/li><li><mark style=\"background-color:rgba(0, 0, 0, 0)\" class=\"has-inline-color has-very-dark-gray-color\">Frecuencia de 2.4 GHz y libre de interferencias.<\/mark><\/li><li><mark style=\"background-color:rgba(0, 0, 0, 0)\" class=\"has-inline-color has-very-dark-gray-color\"><span style=\"color: rgb(49, 49, 49);\">16 canales programables de frecuencia<\/span>.<\/mark><\/li><li><mark style=\"background-color:rgba(0, 0, 0, 0)\" class=\"has-inline-color has-very-dark-gray-color\">Botones de dos pasos.<\/mark><\/li><li><mark style=\"background-color:rgba(0, 0, 0, 0)\" class=\"has-inline-color has-very-dark-gray-color\">Autoapagado de seguridad al salir del alcance operativo.<\/mark><\/li><li><mark style=\"background-color:rgba(0, 0, 0, 0)\" class=\"has-inline-color has-very-dark-gray-color\">Alcance de hasta 500 metros (ampliable).<\/mark><\/li><li><mark style=\"background-color:rgba(0, 0, 0, 0)\" class=\"has-inline-color has-very-dark-gray-color\">Certificaci\u00f3n nivel PLd CAT3.<\/mark><\/li><li><mark style=\"background-color:rgba(0, 0, 0, 0)\" class=\"has-inline-color has-very-dark-gray-color\">Completamente protegidos contra el polvo (certificaci\u00f3n IP).<\/mark><\/li><\/ul>\n<\/div><\/div>\n<\/div>\n\n\n\n<div class=\"wp-block-column is-layout-flow wp-block-column-is-layout-flow\">\n<div class=\"wp-block-cover aligncenter is-light\" style=\"min-height:1000px;aspect-ratio:unset;\"><span aria-hidden=\"true\" class=\"has-very-light-gray-background-color has-background-dim-100 wp-block-cover__gradient-background has-background-dim\"><\/span><div class=\"wp-block-cover__inner-container is-layout-flow wp-block-cover-is-layout-flow\">\n<h2 class=\"has-text-align-center has-very-dark-gray-color has-text-color wp-block-heading\">Receptor control remoto<\/h2>\n\n\n\n<div style=\"height:20px\" aria-hidden=\"true\" class=\"wp-block-spacer\"><\/div>\n\n\n\n<div class=\"wp-block-image\"><figure class=\"aligncenter size-full\"><img loading=\"lazy\" decoding=\"async\" width=\"150\" height=\"162\" src=\"https:\/\/www.tele-radio.com\/app\/uploads\/receptor-panther-4-reles-pn-r15-1.png\" alt=\"Receptor de mando inal\u00e1mbrico\" class=\"wp-image-48930\"\/><\/figure><\/div>\n\n\n\n<p class=\"has-text-align-center\"><a href=\"https:\/\/www.tele-radio.com\/es\/products\/panther\/panther-transmisor-8-botones-2-pasos-pld-cat3\/\" target=\"_blank\" rel=\"noreferrer noopener\"><em>Panther R8<\/em><\/a><\/p>\n\n\n\n<div style=\"height:20px\" aria-hidden=\"true\" class=\"wp-block-spacer\"><\/div>\n\n\n\n<ul class=\"has-cyan-bluish-gray-color has-text-color wp-block-list\"><li><mark style=\"background-color:rgba(0, 0, 0, 0)\" class=\"has-inline-color has-very-dark-gray-color\">Desde 1 a 19 rel\u00e9s.<\/mark><\/li><li><mark style=\"background-color:rgba(0, 0, 0, 0)\" class=\"has-inline-color has-very-dark-gray-color\">Seguridad integrada continua. Si no detecta mando para cabrestantes, el receptor detendr\u00e1 el sistema.<\/mark><\/li><li><mark style=\"background-color:rgba(0, 0, 0, 0)\" class=\"has-inline-color has-very-dark-gray-color\"><span style=\"color: rgb(49, 49, 49);\">Antena interna<\/span><\/mark><span style=\"color: rgb(49, 49, 49); font-family: -apple-system, BlinkMacSystemFont, &quot;Segoe UI&quot;, Roboto, Oxygen-Sans, Ubuntu, Cantarell, &quot;Helvetica Neue&quot;, sans-serif;\">.<\/span><\/li><li><mark style=\"background-color:rgba(0, 0, 0, 0)\" class=\"has-inline-color has-very-dark-gray-color\">Tecnolog\u00eda DSSS que permite operar cientos de mandos sin interferencias.<\/mark><\/li><li><mark style=\"background-color:rgba(0, 0, 0, 0)\" class=\"has-inline-color has-very-dark-gray-color\"><mark style=\"background-color:rgba(0, 0, 0, 0)\" class=\"has-inline-color has-very-dark-gray-color\"><span style=\"color: rgb(49, 49, 49);\">Posibilidad de <a aria-label=\"undefined (opens in a new tab)\" href=\"https:\/\/www.tele-radio.com\/es\/ventajas-software-integrado-vs-tarjetas-extraibles-eeprom\/\" target=\"_blank\" rel=\"noreferrer noopener\">reemplazar<\/a> un mando perdido o roto f\u00e1cilmente sin hardware externo<\/span>.<\/mark><\/mark><\/li><li><mark style=\"background-color:rgba(0, 0, 0, 0)\" class=\"has-inline-color has-very-dark-gray-color\">Varios mandos se pueden configurar en el mismo receptor, aunque no se podr\u00e1n usar a la vez<mark style=\"background-color:rgba(0, 0, 0, 0)\" class=\"has-inline-color has-very-dark-gray-color\"><span style=\"color: rgb(49, 49, 49);\"> por seguridad del control remoto avanzado.<\/span><\/mark><\/mark><\/li><\/ul>\n<\/div><\/div>\n<\/div>\n<\/div>\n\n\n\n<h2 class=\"wp-block-heading\">Telemandos de pupitre TEQ con Joystick y Paletas<\/h2>\n\n\n\n<div class=\"wp-block-image\"><figure class=\"aligncenter size-large is-resized\"><img loading=\"lazy\" decoding=\"async\" src=\"https:\/\/www.tele-radio.com\/app\/uploads\/mandos-joystick-puma-1200x359.jpg\" alt=\"Telemandos industriales de pupitre\" class=\"wp-image-22319\" width=\"900\" height=\"269\" srcset=\"https:\/\/www.tele-radio.com\/app\/uploads\/mandos-joystick-puma-1200x359.jpg 1200w, https:\/\/www.tele-radio.com\/app\/uploads\/mandos-joystick-puma-400x120.jpg 400w, https:\/\/www.tele-radio.com\/app\/uploads\/mandos-joystick-puma-768x229.jpg 768w, https:\/\/www.tele-radio.com\/app\/uploads\/mandos-joystick-puma-750x224.jpg 750w, https:\/\/www.tele-radio.com\/app\/uploads\/mandos-joystick-puma-500x149.jpg 500w, https:\/\/www.tele-radio.com\/app\/uploads\/mandos-joystick-puma.jpg 1600w, https:\/\/www.tele-radio.com\/app\/uploads\/mandos-joystick-puma-800x239.jpg 800w\" sizes=\"auto, (max-width: 900px) 100vw, 900px\" \/><\/figure><\/div>\n\n\n\n<p>Son muchas las aplicaciones del control remoto para sector agr\u00edcola y forestal que cuentan con sistemas hidr\u00e1ulicos.&nbsp;Cuando se necesita aplicar una gran cantidad de fuerza con precisi\u00f3n, capacidad de respuesta y facilidad para el operador, la potencia de fluido suele ser la primera opci\u00f3n.<\/p>\n\n\n\n<p><strong>La nueva gama <a href=\"https:\/\/www.tele-radio.com\/es\/telemandos-pupitre-teq\/\">TEQ<\/a> es nuestro sistema m\u00e1s avanzado.&nbsp;<\/strong>Estos sistemas inal\u00e1mbricos cuentan con una pantalla a todo color, placa frontal iluminada y detecci\u00f3n de presencia del operador as\u00ed como detecci\u00f3n de impacto o ca\u00edda. Todos los joysticks se configurar\u00e1n seg\u00fan sus especificaciones exactas, hasta el \u00faltimo bot\u00f3n, joystick o paleta. Podemos <a href=\"https:\/\/www.tele-radio.com\/es\/custom-line-solutions\/\">personalizarlo<\/a> con sus colores corporativos y su logo grabado.<\/p>\n\n\n\n<p>Los transmisores TEQ tienen&nbsp;<strong>dos bater\u00edas de litio<\/strong>&nbsp;que pueden ser&nbsp;<strong>intercambiadas mientras se usa<\/strong> sin tener que apagarlo.<\/p>\n\n\n\n<p>Certificado por empresas externas e independientes para cumplir con los requisitos de&nbsp;<strong>SIL3 y los est\u00e1ndares CAT3<\/strong>.<\/p>\n\n\n\n<div class=\"wp-block-media-text alignwide is-stacked-on-mobile is-vertically-aligned-center has-very-light-gray-background-color has-background\" style=\"grid-template-columns:35% auto\"><figure class=\"wp-block-media-text__media\"><img loading=\"lazy\" decoding=\"async\" width=\"400\" height=\"400\" src=\"https:\/\/www.tele-radio.com\/app\/uploads\/PH_PN-T13-10_0001-01-400x400.png\" alt=\"Mando para cabrestantes\" class=\"wp-image-106037 size-medium\" srcset=\"https:\/\/www.tele-radio.com\/app\/uploads\/PH_PN-T13-10_0001-01-400x400.png 400w, https:\/\/www.tele-radio.com\/app\/uploads\/PH_PN-T13-10_0001-01-150x150.png 150w, https:\/\/www.tele-radio.com\/app\/uploads\/PH_PN-T13-10_0001-01-250x250.png 250w, https:\/\/www.tele-radio.com\/app\/uploads\/PH_PN-T13-10_0001-01-500x500.png 500w, https:\/\/www.tele-radio.com\/app\/uploads\/PH_PN-T13-10_0001-01.png 525w\" sizes=\"auto, (max-width: 400px) 100vw, 400px\" \/><\/figure><div class=\"wp-block-media-text__content\">\n<p style=\"font-size:32px\">Se puede <a href=\"https:\/\/www.tele-radio.com\/es\/caratulas-personalizadas\/\">personalizar la apariencia<\/a> de su mando del sistema de control remoto para sector agr\u00edcola y forestal con sus colores corporativos, el logo de su empresa e iconos acordes a la funci\u00f3n correspondiente en cada bot\u00f3n.<\/p>\n<\/div><\/div>\n\n\n\n<p class=\"has-large-font-size\" id=\"info\">Contacto<\/p>\n\n\n\n<div class=\"wp-block-columns is-layout-flex wp-container-core-columns-is-layout-9d6595d7 wp-block-columns-is-layout-flex\">\n<div class=\"wp-block-column is-layout-flow wp-block-column-is-layout-flow\" style=\"flex-basis:66.66%\">\n<div class=\"wpcf7 no-js\" id=\"wpcf7-f45404-o1\" lang=\"en-EN\" dir=\"ltr\" data-wpcf7-id=\"45404\">\n<div class=\"screen-reader-response\"><p role=\"status\" aria-live=\"polite\" aria-atomic=\"true\"><\/p> <ul><\/ul><\/div>\n<form action=\"\/es\/wp-json\/wp\/v2\/pages\/23094#wpcf7-f45404-o1\" method=\"post\" class=\"wpcf7-form init\" aria-label=\"Contact form\" novalidate=\"novalidate\" data-status=\"init\">\n<fieldset class=\"hidden-fields-container\"><input type=\"hidden\" name=\"_wpcf7\" value=\"45404\" \/><input type=\"hidden\" name=\"_wpcf7_version\" value=\"6.1\" \/><input type=\"hidden\" name=\"_wpcf7_locale\" value=\"en_EN\" \/><input type=\"hidden\" name=\"_wpcf7_unit_tag\" value=\"wpcf7-f45404-o1\" \/><input type=\"hidden\" name=\"_wpcf7_container_post\" value=\"0\" \/><input type=\"hidden\" name=\"_wpcf7_posted_data_hash\" value=\"\" \/><input type=\"hidden\" name=\"_wpcf7_recaptcha_response\" value=\"\" \/>\n<\/fieldset>\n<p><label> Nombre*<br \/>\n<span class=\"wpcf7-form-control-wrap\" data-name=\"nombre\"><input size=\"40\" maxlength=\"400\" class=\"wpcf7-form-control wpcf7-text wpcf7-validates-as-required\" aria-required=\"true\" aria-invalid=\"false\" placeholder=\"Su nombre\" value=\"\" type=\"text\" name=\"nombre\" \/><\/span> <\/label>\n<\/p>\n<p><label> Email*<br \/>\n<span class=\"wpcf7-form-control-wrap\" data-name=\"tu-email\"><input size=\"40\" maxlength=\"400\" class=\"wpcf7-form-control wpcf7-email wpcf7-validates-as-required wpcf7-text wpcf7-validates-as-email\" aria-required=\"true\" aria-invalid=\"false\" placeholder=\"Su email\" value=\"\" type=\"email\" name=\"tu-email\" \/><\/span> <\/label>\n<\/p>\n<p><label> Tel\u00e9fono<br \/>\n<span class=\"wpcf7-form-control-wrap\" data-name=\"tu-tfno\"><input size=\"40\" maxlength=\"400\" class=\"wpcf7-form-control wpcf7-tel wpcf7-text wpcf7-validates-as-tel\" aria-invalid=\"false\" placeholder=\"Tel\u00e9fono de contacto\" value=\"\" type=\"tel\" name=\"tu-tfno\" \/><\/span> <\/label>\n<\/p>\n<p><label> Provincia*<br \/>\n<span class=\"wpcf7-form-control-wrap\" data-name=\"Provincia\"><select class=\"wpcf7-form-control wpcf7-select\" aria-invalid=\"false\" name=\"Provincia\"><option value=\"\">&#8212;Please choose an option&#8212;<\/option><option value=\"A Coru\u00f1a\">A Coru\u00f1a<\/option><option value=\"\u00c1lava\">\u00c1lava<\/option><option value=\"Albacete\">Albacete<\/option><option value=\"Alicante\">Alicante<\/option><option value=\"Almer\u00eda\">Almer\u00eda<\/option><option value=\"Asturias\">Asturias<\/option><option value=\"\u00c1vila\">\u00c1vila<\/option><option value=\"Badajoz\">Badajoz<\/option><option value=\"Baleares\">Baleares<\/option><option value=\"Barcelona\">Barcelona<\/option><option value=\"Bizkaia\">Bizkaia<\/option><option value=\"Burgos\">Burgos<\/option><option value=\"C\u00e1ceres\">C\u00e1ceres<\/option><option value=\"C\u00e1diz\">C\u00e1diz<\/option><option value=\"Cantabria\">Cantabria<\/option><option value=\"Castell\u00f3n\">Castell\u00f3n<\/option><option value=\"Ceuta\">Ceuta<\/option><option value=\"Ciudad Real\">Ciudad Real<\/option><option value=\"C\u00f3rdoba\">C\u00f3rdoba<\/option><option value=\"Cuenca\">Cuenca<\/option><option value=\"Girona\">Girona<\/option><option value=\"Granada\">Granada<\/option><option value=\"Guadalajara\">Guadalajara<\/option><option value=\"Gipuzkoa\">Gipuzkoa<\/option><option value=\"Huelva\">Huelva<\/option><option value=\"Huesca\">Huesca<\/option><option value=\"Ja\u00e9n\">Ja\u00e9n<\/option><option value=\"La Rioja\">La Rioja<\/option><option value=\"Las Palmas\">Las Palmas<\/option><option value=\"Le\u00f3n\">Le\u00f3n<\/option><option value=\"L\u00e9rida\">L\u00e9rida<\/option><option value=\"Lugo\">Lugo<\/option><option value=\"Madrid\">Madrid<\/option><option value=\"M\u00e1laga\">M\u00e1laga<\/option><option value=\"Melilla\">Melilla<\/option><option value=\"Murcia\">Murcia<\/option><option value=\"Navarra\">Navarra<\/option><option value=\"Ourense\">Ourense<\/option><option value=\"Palencia\">Palencia<\/option><option value=\"Pontevedra\">Pontevedra<\/option><option value=\"Salamanca\">Salamanca<\/option><option value=\"Segovia\">Segovia<\/option><option value=\"Sevilla\">Sevilla<\/option><option value=\"Soria\">Soria<\/option><option value=\"Tarragona\">Tarragona<\/option><option value=\"Santa Cruz de Tenerife\">Santa Cruz de Tenerife<\/option><option value=\"Teruel\">Teruel<\/option><option value=\"Toledo\">Toledo<\/option><option value=\"Valencia\">Valencia<\/option><option value=\"Valladolid\">Valladolid<\/option><option value=\"Zamora\">Zamora<\/option><option value=\"Zaragoza\">Zaragoza<\/option><\/select><\/span> <\/label>\n<\/p>\n<p><label> Tu mensaje*<br \/>\n<span class=\"wpcf7-form-control-wrap\" data-name=\"your-message\"><textarea cols=\"40\" rows=\"10\" maxlength=\"2000\" class=\"wpcf7-form-control wpcf7-textarea wpcf7-validates-as-required\" aria-required=\"true\" aria-invalid=\"false\" placeholder=\"Escriba aqu\u00ed en qu\u00e9 mando, equipo o aplicaci\u00f3n est\u00e1 interesado; o si tiene alguna duda.\" name=\"your-message\"><\/textarea><\/span> <\/label>\n<\/p>\n<p><span class=\"wpcf7-form-control-wrap\" data-name=\"acceptance-322\"><span class=\"wpcf7-form-control wpcf7-acceptance\"><span class=\"wpcf7-list-item\"><label><input type=\"checkbox\" name=\"acceptance-322\" value=\"1\" aria-invalid=\"false\" \/><span class=\"wpcf7-list-item-label\">He le\u00eddo y acepto las <a href=\"https:\/\/www.tele-radio.com\/es\/politica-de-privacidad-y-cookies\/\" target=\"_blank\">condiciones de privacidad<\/a>.*<\/span><\/label><\/span><\/span><\/span>\n<\/p>\n<p><input class=\"wpcf7-form-control wpcf7-submit has-spinner\" type=\"submit\" value=\"Enviar\" \/>\n<\/p><div class=\"wpcf7-response-output\" aria-hidden=\"true\"><\/div>\n<\/form>\n<\/div>\n\r\n\t\t\t\t<script>\r\n\t\t\t\tif ( typeof huOptions !== 'undefined' ) {\r\n\t\t\t\t\tvar huFormData = {\"source\":\"contactform7\",\"id\":45404,\"title\":\"TRESP-comercial\",\"fields\":{\"subject\":{\"first_name\":\"your-name\",\"email\":\"your-email\"},\"preferences\":{\"terms\":\"your-consent\"}}};\r\n\t\t\t\t\tvar huFormNode = document.querySelector( '[id^=\"wpcf7-f45404-\"] form' );\r\n\r\n\t\t\t\t\thuFormData['node'] = huFormNode;\r\n\t\t\t\t\thuOptions['forms'].push( huFormData );\r\n\t\t\t\t}\r\n\t\t\t\t<\/script>\n<\/div>\n\n\n\n<div class=\"wp-block-column is-layout-flow wp-block-column-is-layout-flow\" style=\"flex-basis:33.33%\"><\/div>\n<\/div>\n","protected":false},"excerpt":{"rendered":"<p>Las soluciones de control remoto sector agr\u00edcola y forestal de Tele Radio le brindan el poder y la confianza de aprovechar todo el potencial de su m\u00e1quina. \u00bfLa ubicaci\u00f3n del panel de control integral est\u00e1 impidiendo su capacidad para supervisar su producci\u00f3n o proceso? Permita que nuestras soluciones inal\u00e1mbricas le acerquen a la acci\u00f3n; de [&hellip;]<\/p>\n","protected":false},"author":54,"featured_media":21222,"parent":0,"menu_order":0,"comment_status":"closed","ping_status":"closed","template":"","meta":{"_acf_changed":false,"footnotes":""},"class_list":["post-23094","page","type-page","status-publish","has-post-thumbnail","hentry"],"acf":[],"_links":{"self":[{"href":"https:\/\/www.tele-radio.com\/es\/wp-json\/wp\/v2\/pages\/23094","targetHints":{"allow":["GET"]}}],"collection":[{"href":"https:\/\/www.tele-radio.com\/es\/wp-json\/wp\/v2\/pages"}],"about":[{"href":"https:\/\/www.tele-radio.com\/es\/wp-json\/wp\/v2\/types\/page"}],"author":[{"embeddable":true,"href":"https:\/\/www.tele-radio.com\/es\/wp-json\/wp\/v2\/users\/54"}],"replies":[{"embeddable":true,"href":"https:\/\/www.tele-radio.com\/es\/wp-json\/wp\/v2\/comments?post=23094"}],"version-history":[{"count":38,"href":"https:\/\/www.tele-radio.com\/es\/wp-json\/wp\/v2\/pages\/23094\/revisions"}],"predecessor-version":[{"id":137606,"href":"https:\/\/www.tele-radio.com\/es\/wp-json\/wp\/v2\/pages\/23094\/revisions\/137606"}],"wp:featuredmedia":[{"embeddable":true,"href":"https:\/\/www.tele-radio.com\/es\/wp-json\/wp\/v2\/media\/21222"}],"wp:attachment":[{"href":"https:\/\/www.tele-radio.com\/es\/wp-json\/wp\/v2\/media?parent=23094"}],"curies":[{"name":"wp","href":"https:\/\/api.w.org\/{rel}","templated":true}]}}