{"id":22664,"date":"2019-06-07T10:03:33","date_gmt":"2019-06-07T10:03:33","guid":{"rendered":"https:\/\/www.tele-radio.com\/?page_id=22664"},"modified":"2025-03-13T16:16:46","modified_gmt":"2025-03-13T16:16:46","slug":"control-remoto-industrial-seguro","status":"publish","type":"page","link":"https:\/\/www.tele-radio.com\/es\/control-remoto-industrial-seguro\/","title":{"rendered":"Control Remoto Industrial Seguro"},"content":{"rendered":"\n<p>Dise\u00f1amos, desarrollamos y comercializamos&nbsp;<strong>sistemas de radio control remoto para uso industrial<\/strong> desde 1955. Disponemos de <strong>m\u00e1s de 20 sucursales y distribuidores por todo el mundo<\/strong>.<\/p>\n\n\n\n<div style=\"height:30px\" aria-hidden=\"true\" class=\"wp-block-spacer\"><\/div>\n\n\n\n<div class=\"wp-block-buttons is-content-justification-center is-layout-flex wp-container-core-buttons-is-layout-16018d1d wp-block-buttons-is-layout-flex\">\n<div class=\"wp-block-button\"><a class=\"wp-block-button__link has-black-color has-luminous-vivid-amber-background-color has-text-color has-background has-link-color wp-element-button\" href=\"#contacto\" style=\"border-radius:10px\"><strong>Contacta con nosotros<\/strong><\/a><\/div>\n<\/div>\n\n\n\n<div style=\"height:30px\" aria-hidden=\"true\" class=\"wp-block-spacer\"><\/div>\n\n\n\n<h2 class=\"wp-block-heading\">Sistemas de control remoto industrial para todas sus necesidades<\/h2>\n\n\n\n<figure class=\"wp-block-image size-large\"><img loading=\"lazy\" decoding=\"async\" width=\"1200\" height=\"239\" src=\"https:\/\/www.tele-radio.com\/app\/uploads\/Controles-remotos-industriales-teleradio.jpg\" alt=\"control remoto seguro\" class=\"wp-image-61011\" srcset=\"https:\/\/www.tele-radio.com\/app\/uploads\/Controles-remotos-industriales-teleradio.jpg 1200w, https:\/\/www.tele-radio.com\/app\/uploads\/Controles-remotos-industriales-teleradio-400x80.jpg 400w, https:\/\/www.tele-radio.com\/app\/uploads\/Controles-remotos-industriales-teleradio-768x153.jpg 768w, https:\/\/www.tele-radio.com\/app\/uploads\/Controles-remotos-industriales-teleradio-750x149.jpg 750w, https:\/\/www.tele-radio.com\/app\/uploads\/Controles-remotos-industriales-teleradio-500x100.jpg 500w, https:\/\/www.tele-radio.com\/app\/uploads\/Controles-remotos-industriales-teleradio-800x159.jpg 800w\" sizes=\"auto, (max-width: 1200px) 100vw, 1200px\" \/><\/figure>\n\n\n\n<p>Nuestros telemandos y botoneras inal\u00e1mbricas est\u00e1n disponibles en diversas formas y caracter\u00edsticas. La estabilidad y robustez con la que est\u00e1n fabricados les permiten estar operando d\u00eda tras d\u00eda en los ambientes m\u00e1s demandantes.<\/p>\n\n\n\n<p>En Tele Radio encontrar\u00e1&nbsp;<strong>todo lo que busque en un control remoto o botonera industrial<\/strong>: Joysticks, botones de dos pasos y proporcionales, paletas, LEDs, pantallas, certificaciones de seguridad&#8230; Si es usted fabricante y exporta a otros pa\u00edses, tenga en consideraci\u00f3n que contamos con la mayor cobertura global y presencia local en m\u00e1s de 15 pa\u00edses.<\/p>\n\n\n\n<div class=\"wp-block-columns is-layout-flex wp-container-core-columns-is-layout-9d6595d7 wp-block-columns-is-layout-flex\">\n<div class=\"wp-block-column yellcolumns is-layout-flow wp-block-column-is-layout-flow\"><div class=\"wp-block-image\">\n<figure class=\"aligncenter\"><img loading=\"lazy\" decoding=\"async\" width=\"100\" height=\"100\" src=\"https:\/\/www.tele-radio.com\/app\/uploads\/reparar-control-remoto-espana-teleradio.png\" alt=\"\" class=\"wp-image-36128\"\/><\/figure><\/div>\n\n\n<h2 class=\"wp-block-heading has-text-align-center has-very-dark-gray-color has-text-color\">Fabricantes<\/h2>\n\n\n\n<p class=\"has-text-align-center has-very-dark-gray-color has-text-color\">Disponemos de stock y servicio t\u00e9cnico <strong>directo<\/strong><br>para Espa\u00f1a y Portugal<\/p>\n<\/div>\n\n\n\n<div class=\"wp-block-column yellcolumns is-layout-flow wp-block-column-is-layout-flow\"><div class=\"wp-block-image\">\n<figure class=\"aligncenter size-full is-resized\"><img loading=\"lazy\" decoding=\"async\" width=\"230\" height=\"140\" src=\"https:\/\/www.tele-radio.com\/app\/uploads\/stock-inmediato.png\" alt=\"\" class=\"wp-image-36188\" style=\"width:173px;height:105px\"\/><\/figure><\/div>\n\n\n<h2 class=\"wp-block-heading has-text-align-center has-very-dark-gray-color has-text-color\">Stock Permanente<\/h2>\n\n\n\n<p class=\"has-text-align-center has-very-dark-gray-color has-text-color\"><strong>Env\u00edo inmediato<\/strong> en productos est\u00e1ndar.<br>4-6 semanas en equipos de pupitre personalizados<\/p>\n<\/div>\n\n\n\n<div class=\"wp-block-column yellcolumns is-layout-flow wp-block-column-is-layout-flow\"><div class=\"wp-block-image\">\n<figure class=\"aligncenter\"><img loading=\"lazy\" decoding=\"async\" width=\"100\" height=\"100\" src=\"https:\/\/www.tele-radio.com\/app\/uploads\/soporte-local-teleradio.png\" alt=\"\" class=\"wp-image-36148\"\/><\/figure><\/div>\n\n\n<h2 class=\"wp-block-heading has-text-align-center has-very-dark-gray-color has-text-color\">Soporte Local<\/h2>\n\n\n\n<p class=\"has-text-align-center has-very-dark-gray-color has-text-color\"><strong>Oficina en Espa\u00f1a<\/strong>, ventas y reparaciones<br>en tan solo 24-48h<\/p>\n<\/div>\n<\/div>\n\n\n\n<h3 class=\"wp-block-heading\">Telemandos industriales por aplicaci\u00f3n<\/h3>\n\n\n\n<p>Estas son algunas de las principales aplicaciones para las cuales se utilizan nuestros mandos industriales:<\/p>\n\n\n\n<p>&#8211; <a href=\"https:\/\/www.tele-radio.com\/es\/control-remoto-volquetes\/\">Volquetes y camiones basculantes<\/a><br>&#8211; <a href=\"https:\/\/www.tele-radio.com\/es\/control-remoto-camion-hormigonera\/\">Cami\u00f3n hormigonera<\/a><br>&#8211; <a href=\"https:\/\/www.tele-radio.com\/es\/mandos-gruas-portacoches-cabrestantes\/\">Gr\u00faas portacoches y cabrestantes<\/a><br>&#8211; <a href=\"https:\/\/www.tele-radio.com\/es\/control-remoto-grua-y-elevacion\/\">Elevaci\u00f3n y gr\u00faas<\/a><br>&#8211; <a href=\"https:\/\/www.tele-radio.com\/es\/control-remoto-shuttle-pallets\/\">Pallet shuttle y almacenes<\/a><br>&#8211; <a href=\"https:\/\/www.tele-radio.com\/es\/applications\/moviles-hidraulicas\/\">Maquinaria hidr\u00e1ulica y aplicaciones m\u00f3viles<\/a><br>&#8211; <a href=\"https:\/\/www.tele-radio.com\/es\/applications\/puertas-portones-barreras\/\">Puertas, portones y barreras<\/a><br>&#8211; <a href=\"https:\/\/www.tele-radio.com\/es\/mando-para-vehiculo-autonomo-agvs-amrs\/\">Veh\u00edculos de guiado autom\u00e1tico (AGVs) y robot m\u00f3vil aut\u00f3nomo<\/a><br>&#8211; <a href=\"https:\/\/www.tele-radio.com\/es\/controles-remotos-para-el-sector-agricola-y-forestal\/\">Agr\u00edcola y forestal<\/a><\/p>\n\n\n\n<h3 class=\"wp-block-heading\">Telemandos industriales por caracter\u00edsticas t\u00e9cnicas<\/h3>\n\n\n\n<p>\u00bfBusca un sistema inal\u00e1mbrico con unas especificaciones determinadas? Entonces utilice <a href=\"https:\/\/www.tele-radio.com\/es\/productos\/\">nuestro buscador<\/a> donde podr\u00e1 filtrar por n\u00famero de botones, frecuencia utilizada, rel\u00e9s, niveles de seguridad, certificaciones, etc.<\/p>\n\n\n\n<h2 class=\"wp-block-heading\">\u00bfQuiere saber m\u00e1s sobre el control remoto?<\/h2>\n\n\n\n<p>Si quiere m\u00e1s informaci\u00f3n o prefiere que le asesoremos, solo tiene que rellenar el formulario:<\/p>\n\n\n\n<div class=\"wp-block-columns is-layout-flex wp-container-core-columns-is-layout-9d6595d7 wp-block-columns-is-layout-flex\" id=\"contacto\">\n<div class=\"wp-block-column is-layout-flow wp-block-column-is-layout-flow\" style=\"flex-basis:66.66%\">\n<div class=\"wpcf7 no-js\" id=\"wpcf7-f45404-o1\" lang=\"en-EN\" dir=\"ltr\" data-wpcf7-id=\"45404\">\n<div class=\"screen-reader-response\"><p role=\"status\" aria-live=\"polite\" aria-atomic=\"true\"><\/p> <ul><\/ul><\/div>\n<form action=\"\/es\/wp-json\/wp\/v2\/pages\/22664#wpcf7-f45404-o1\" method=\"post\" class=\"wpcf7-form init\" aria-label=\"Contact form\" novalidate=\"novalidate\" data-status=\"init\">\n<fieldset class=\"hidden-fields-container\"><input type=\"hidden\" name=\"_wpcf7\" value=\"45404\" \/><input type=\"hidden\" name=\"_wpcf7_version\" value=\"6.1\" \/><input type=\"hidden\" name=\"_wpcf7_locale\" value=\"en_EN\" \/><input type=\"hidden\" name=\"_wpcf7_unit_tag\" value=\"wpcf7-f45404-o1\" \/><input type=\"hidden\" name=\"_wpcf7_container_post\" value=\"0\" \/><input type=\"hidden\" name=\"_wpcf7_posted_data_hash\" value=\"\" \/><input type=\"hidden\" name=\"_wpcf7_recaptcha_response\" value=\"\" \/>\n<\/fieldset>\n<p><label> Nombre*<br \/>\n<span class=\"wpcf7-form-control-wrap\" data-name=\"nombre\"><input size=\"40\" maxlength=\"400\" class=\"wpcf7-form-control wpcf7-text wpcf7-validates-as-required\" aria-required=\"true\" aria-invalid=\"false\" placeholder=\"Su nombre\" value=\"\" type=\"text\" name=\"nombre\" \/><\/span> <\/label>\n<\/p>\n<p><label> Email*<br \/>\n<span class=\"wpcf7-form-control-wrap\" data-name=\"tu-email\"><input size=\"40\" maxlength=\"400\" class=\"wpcf7-form-control wpcf7-email wpcf7-validates-as-required wpcf7-text wpcf7-validates-as-email\" aria-required=\"true\" aria-invalid=\"false\" placeholder=\"Su email\" value=\"\" type=\"email\" name=\"tu-email\" \/><\/span> <\/label>\n<\/p>\n<p><label> Tel\u00e9fono<br \/>\n<span class=\"wpcf7-form-control-wrap\" data-name=\"tu-tfno\"><input size=\"40\" maxlength=\"400\" class=\"wpcf7-form-control wpcf7-tel wpcf7-text wpcf7-validates-as-tel\" aria-invalid=\"false\" placeholder=\"Tel\u00e9fono de contacto\" value=\"\" type=\"tel\" name=\"tu-tfno\" \/><\/span> <\/label>\n<\/p>\n<p><label> Provincia*<br \/>\n<span class=\"wpcf7-form-control-wrap\" data-name=\"Provincia\"><select class=\"wpcf7-form-control wpcf7-select\" aria-invalid=\"false\" name=\"Provincia\"><option value=\"\">&#8212;Please choose an option&#8212;<\/option><option value=\"A Coru\u00f1a\">A Coru\u00f1a<\/option><option value=\"\u00c1lava\">\u00c1lava<\/option><option value=\"Albacete\">Albacete<\/option><option value=\"Alicante\">Alicante<\/option><option value=\"Almer\u00eda\">Almer\u00eda<\/option><option value=\"Asturias\">Asturias<\/option><option value=\"\u00c1vila\">\u00c1vila<\/option><option value=\"Badajoz\">Badajoz<\/option><option value=\"Baleares\">Baleares<\/option><option value=\"Barcelona\">Barcelona<\/option><option value=\"Bizkaia\">Bizkaia<\/option><option value=\"Burgos\">Burgos<\/option><option value=\"C\u00e1ceres\">C\u00e1ceres<\/option><option value=\"C\u00e1diz\">C\u00e1diz<\/option><option value=\"Cantabria\">Cantabria<\/option><option value=\"Castell\u00f3n\">Castell\u00f3n<\/option><option value=\"Ceuta\">Ceuta<\/option><option value=\"Ciudad Real\">Ciudad Real<\/option><option value=\"C\u00f3rdoba\">C\u00f3rdoba<\/option><option value=\"Cuenca\">Cuenca<\/option><option value=\"Girona\">Girona<\/option><option value=\"Granada\">Granada<\/option><option value=\"Guadalajara\">Guadalajara<\/option><option value=\"Gipuzkoa\">Gipuzkoa<\/option><option value=\"Huelva\">Huelva<\/option><option value=\"Huesca\">Huesca<\/option><option value=\"Ja\u00e9n\">Ja\u00e9n<\/option><option value=\"La Rioja\">La Rioja<\/option><option value=\"Las Palmas\">Las Palmas<\/option><option value=\"Le\u00f3n\">Le\u00f3n<\/option><option value=\"L\u00e9rida\">L\u00e9rida<\/option><option value=\"Lugo\">Lugo<\/option><option value=\"Madrid\">Madrid<\/option><option value=\"M\u00e1laga\">M\u00e1laga<\/option><option value=\"Melilla\">Melilla<\/option><option value=\"Murcia\">Murcia<\/option><option value=\"Navarra\">Navarra<\/option><option value=\"Ourense\">Ourense<\/option><option value=\"Palencia\">Palencia<\/option><option value=\"Pontevedra\">Pontevedra<\/option><option value=\"Salamanca\">Salamanca<\/option><option value=\"Segovia\">Segovia<\/option><option value=\"Sevilla\">Sevilla<\/option><option value=\"Soria\">Soria<\/option><option value=\"Tarragona\">Tarragona<\/option><option value=\"Santa Cruz de Tenerife\">Santa Cruz de Tenerife<\/option><option value=\"Teruel\">Teruel<\/option><option value=\"Toledo\">Toledo<\/option><option value=\"Valencia\">Valencia<\/option><option value=\"Valladolid\">Valladolid<\/option><option value=\"Zamora\">Zamora<\/option><option value=\"Zaragoza\">Zaragoza<\/option><\/select><\/span> <\/label>\n<\/p>\n<p><label> Tu mensaje*<br \/>\n<span class=\"wpcf7-form-control-wrap\" data-name=\"your-message\"><textarea cols=\"40\" rows=\"10\" maxlength=\"2000\" class=\"wpcf7-form-control wpcf7-textarea wpcf7-validates-as-required\" aria-required=\"true\" aria-invalid=\"false\" placeholder=\"Escriba aqu\u00ed en qu\u00e9 mando, equipo o aplicaci\u00f3n est\u00e1 interesado; o si tiene alguna duda.\" name=\"your-message\"><\/textarea><\/span> <\/label>\n<\/p>\n<p><span class=\"wpcf7-form-control-wrap\" data-name=\"acceptance-322\"><span class=\"wpcf7-form-control wpcf7-acceptance\"><span class=\"wpcf7-list-item\"><label><input type=\"checkbox\" name=\"acceptance-322\" value=\"1\" aria-invalid=\"false\" \/><span class=\"wpcf7-list-item-label\">He le\u00eddo y acepto las <a href=\"https:\/\/www.tele-radio.com\/es\/politica-de-privacidad-y-cookies\/\" target=\"_blank\">condiciones de privacidad<\/a>.*<\/span><\/label><\/span><\/span><\/span>\n<\/p>\n<p><input class=\"wpcf7-form-control wpcf7-submit has-spinner\" type=\"submit\" value=\"Enviar\" \/>\n<\/p><div class=\"wpcf7-response-output\" aria-hidden=\"true\"><\/div>\n<\/form>\n<\/div>\n\r\n\t\t\t\t<script>\r\n\t\t\t\tif ( typeof huOptions !== 'undefined' ) {\r\n\t\t\t\t\tvar huFormData = {\"source\":\"contactform7\",\"id\":45404,\"title\":\"TRESP-comercial\",\"fields\":{\"subject\":{\"first_name\":\"your-name\",\"email\":\"your-email\"},\"preferences\":{\"terms\":\"your-consent\"}}};\r\n\t\t\t\t\tvar huFormNode = document.querySelector( '[id^=\"wpcf7-f45404-\"] form' );\r\n\r\n\t\t\t\t\thuFormData['node'] = huFormNode;\r\n\t\t\t\t\thuOptions['forms'].push( huFormData );\r\n\t\t\t\t}\r\n\t\t\t\t<\/script>\n<\/div>\n\n\n\n<div class=\"wp-block-column is-layout-flow wp-block-column-is-layout-flow\" style=\"flex-basis:33.33%\"><\/div>\n<\/div>\n\n\n\n<p class=\"has-text-align-center\" style=\"font-size:28px\"><strong>Conf\u00edan en nuestra marca<\/strong><\/p>\n\n\n\n<div class=\"wp-block-columns are-vertically-aligned-center is-layout-flex wp-container-core-columns-is-layout-9d6595d7 wp-block-columns-is-layout-flex\">\n<div class=\"wp-block-column is-vertically-aligned-center is-layout-flow wp-block-column-is-layout-flow\"><div class=\"wp-block-image\">\n<figure class=\"aligncenter size-large\"><img loading=\"lazy\" decoding=\"async\" width=\"200\" height=\"57\" src=\"https:\/\/www.tele-radio.com\/app\/uploads\/toyota-industrial-equipment.png\" alt=\"\" class=\"wp-image-55883\"\/><\/figure><\/div><\/div>\n\n\n\n<div class=\"wp-block-column is-vertically-aligned-center is-layout-flow wp-block-column-is-layout-flow\"><div class=\"wp-block-image\">\n<figure class=\"aligncenter size-large\"><img loading=\"lazy\" decoding=\"async\" width=\"130\" height=\"131\" src=\"https:\/\/www.tele-radio.com\/app\/uploads\/Tesla-logo.png\" alt=\"\" class=\"wp-image-55841\"\/><\/figure><\/div><\/div>\n\n\n\n<div class=\"wp-block-column is-vertically-aligned-center is-layout-flow wp-block-column-is-layout-flow\"><div class=\"wp-block-image\">\n<figure class=\"aligncenter size-large\"><img loading=\"lazy\" decoding=\"async\" width=\"130\" height=\"73\" src=\"https:\/\/www.tele-radio.com\/app\/uploads\/Caterpillar-Logo.png\" alt=\"\" class=\"wp-image-55820\"\/><\/figure><\/div><\/div>\n\n\n\n<div class=\"wp-block-column is-vertically-aligned-center is-layout-flow wp-block-column-is-layout-flow\"><div class=\"wp-block-image\">\n<figure class=\"aligncenter size-large\"><img loading=\"lazy\" decoding=\"async\" width=\"130\" height=\"59\" src=\"https:\/\/www.tele-radio.com\/app\/uploads\/IBM_logo.svg_.png\" alt=\"\" class=\"wp-image-55904\"\/><\/figure><\/div><\/div>\n<\/div>\n\n\n\n<div class=\"wp-block-columns are-vertically-aligned-center is-layout-flex wp-container-core-columns-is-layout-9d6595d7 wp-block-columns-is-layout-flex\">\n<div class=\"wp-block-column is-vertically-aligned-center is-layout-flow wp-block-column-is-layout-flow\"><div class=\"wp-block-image\">\n<figure class=\"aligncenter size-large\"><img loading=\"lazy\" decoding=\"async\" width=\"130\" height=\"87\" src=\"https:\/\/www.tele-radio.com\/app\/uploads\/John_Deere_logo.png\" alt=\"\" class=\"wp-image-55862\"\/><\/figure><\/div><\/div>\n\n\n\n<div class=\"wp-block-column is-vertically-aligned-center is-layout-flow wp-block-column-is-layout-flow\"><div class=\"wp-block-image\">\n<figure class=\"aligncenter size-large\"><img loading=\"lazy\" decoding=\"async\" width=\"150\" height=\"58\" src=\"https:\/\/www.tele-radio.com\/app\/uploads\/kito_logo.png\" alt=\"\" class=\"wp-image-55925\"\/><\/figure><\/div><\/div>\n\n\n\n<div class=\"wp-block-column is-vertically-aligned-center is-layout-flow wp-block-column-is-layout-flow\"><div class=\"wp-block-image\">\n<figure class=\"aligncenter size-large\"><img loading=\"lazy\" decoding=\"async\" width=\"130\" height=\"130\" src=\"https:\/\/www.tele-radio.com\/app\/uploads\/volvo-trucks-logo.png\" alt=\"\" class=\"wp-image-58789\"\/><\/figure><\/div><\/div>\n\n\n\n<div class=\"wp-block-column is-vertically-aligned-center is-layout-flow wp-block-column-is-layout-flow\"><div class=\"wp-block-image\">\n<figure class=\"aligncenter size-large\"><img loading=\"lazy\" decoding=\"async\" width=\"130\" height=\"23\" src=\"https:\/\/www.tele-radio.com\/app\/uploads\/Terex-logo.png\" alt=\"\" class=\"wp-image-55995\"\/><\/figure><\/div><\/div>\n<\/div>\n\n\n\n<div style=\"height:30px\" aria-hidden=\"true\" class=\"wp-block-spacer\"><\/div>\n\n\n\n<h2 class=\"wp-block-heading\">\u00bfPorqu\u00e9 usar control remoto?<\/h2>\n\n\n\n<p>Un control remoto inal\u00e1mbrico es un sistema&nbsp;<strong>centrado en la comodidad y la seguridad<\/strong>&nbsp;para controlar maquinaria a distancia. Uno de sus beneficios obvios es que un <strong>telemando industrial<\/strong> permite al operador operar <strong>a distancia<\/strong> y estar exactamente donde necesita en lugar de las restricciones naturales de un panel de control o un control cableado. Un <strong>control remoto inal\u00e1mbrico<\/strong> tampoco entorpece el camino del operador como lo har\u00eda un sistema cableado.<\/p>\n","protected":false},"excerpt":{"rendered":"<p>Dise\u00f1amos, desarrollamos y comercializamos&nbsp;sistemas de radio control remoto para uso industrial desde 1955. Disponemos de m\u00e1s de 20 sucursales y distribuidores por todo el mundo. Sistemas de control remoto industrial para todas sus necesidades Nuestros telemandos y botoneras inal\u00e1mbricas est\u00e1n disponibles en diversas formas y caracter\u00edsticas. La estabilidad y robustez con la que est\u00e1n fabricados [&hellip;]<\/p>\n","protected":false},"author":54,"featured_media":0,"parent":0,"menu_order":0,"comment_status":"closed","ping_status":"closed","template":"","meta":{"_acf_changed":false,"footnotes":""},"class_list":["post-22664","page","type-page","status-publish","hentry"],"acf":[],"_links":{"self":[{"href":"https:\/\/www.tele-radio.com\/es\/wp-json\/wp\/v2\/pages\/22664","targetHints":{"allow":["GET"]}}],"collection":[{"href":"https:\/\/www.tele-radio.com\/es\/wp-json\/wp\/v2\/pages"}],"about":[{"href":"https:\/\/www.tele-radio.com\/es\/wp-json\/wp\/v2\/types\/page"}],"author":[{"embeddable":true,"href":"https:\/\/www.tele-radio.com\/es\/wp-json\/wp\/v2\/users\/54"}],"replies":[{"embeddable":true,"href":"https:\/\/www.tele-radio.com\/es\/wp-json\/wp\/v2\/comments?post=22664"}],"version-history":[{"count":41,"href":"https:\/\/www.tele-radio.com\/es\/wp-json\/wp\/v2\/pages\/22664\/revisions"}],"predecessor-version":[{"id":248280,"href":"https:\/\/www.tele-radio.com\/es\/wp-json\/wp\/v2\/pages\/22664\/revisions\/248280"}],"wp:attachment":[{"href":"https:\/\/www.tele-radio.com\/es\/wp-json\/wp\/v2\/media?parent=22664"}],"curies":[{"name":"wp","href":"https:\/\/api.w.org\/{rel}","templated":true}]}}