{"id":197918,"date":"2023-04-05T11:24:55","date_gmt":"2023-04-05T11:24:55","guid":{"rendered":"https:\/\/www.tele-radio.com\/rom-bv-worldwide-specialist-in-high-pressure-and-vacuum-techniques\/"},"modified":"2026-04-13T14:07:59","modified_gmt":"2026-04-13T14:07:59","slug":"rom-bv-worldwide-specialist-in-high-pressure-and-vacuum-techniques","status":"publish","type":"page","link":"https:\/\/www.tele-radio.com\/es\/rom-bv-worldwide-specialist-in-high-pressure-and-vacuum-techniques\/","title":{"rendered":"Control remoto en equipos de limpieza a alta presi\u00f3n"},"content":{"rendered":"\n<h1 class=\"wp-block-heading\">Control remoto en equipos de limpieza a alta presi\u00f3n<\/h1>\n\n\n\n<p><em><strong>Una de las muchas aplicaciones a las que prestamos servicio es a equipos de limpieza. Encontramos que nuestros sistemas de control remoto son necesarios en el uso de estas m\u00e1quinas cuando la eficiencia es una prioridad. Descubre por qu\u00e9 y aprende sobre los beneficios que nuestros mandos ofrecen.<\/strong><\/em><\/p>\n\n\n\n<p><\/p>\n\n\n\n<p><\/p>\n\n\n\n<h2 class=\"wp-block-heading\">Ventajas del control remoto en equipos de limpieza a alta presi\u00f3n<\/h2>\n\n\n\n<div style=\"height:5px\" aria-hidden=\"true\" class=\"wp-block-spacer\"><\/div>\n\n\n\n<div class=\"wp-block-columns is-layout-flex wp-container-core-columns-is-layout-9d6595d7 wp-block-columns-is-layout-flex\">\n<div class=\"wp-block-column is-layout-flow wp-block-column-is-layout-flow\" style=\"flex-basis:66.66%\">\n<blockquote class=\"wp-block-quote is-style-plain is-layout-flow wp-block-quote-is-layout-flow\">\n<p><strong>Eficiencia<\/strong><\/p>\n\n\n\n<p>&#8211; Operar de forma remota una m\u00e1quina para desatascar alcantarillas o limpiador de alcantarillado a alta presi\u00f3n sin estar junto a ellos o usar una segunda persona ahorra tiempo y mano de obra.<\/p>\n\n\n\n<p>\u200e\u3164<\/p>\n\n\n\n<p><strong>Ahorro de dinero<\/strong><\/p>\n\n\n\n<p>&#8211; Ser capaz de hacer el mismo trabajo con menos gente.<\/p>\n\n\n\n<p>\u200e\u3164<\/p>\n\n\n\n<p><strong>Protecci\u00f3n<\/strong><\/p>\n\n\n\n<p>&#8211; Nuestros sistemas con nivel de protecci\u00f3n hasta IP67 son a prueba de polvo, agua y ca\u00eddas.<\/p>\n\n\n\n<p>\u200e\u3164<\/p>\n\n\n\n<p><strong>Corto tiempo de acci\u00f3n<\/strong><\/p>\n\n\n\n<p>&#8211; Limita el consumo de agua y previene inundaciones innecesarias por tardar en llegar al panel de control.<\/p>\n\n\n\n<p>\u200e\u3164<\/p>\n\n\n\n<p><strong>Seguridad<\/strong><\/p>\n\n\n\n<p>&#8211; Mantener la distancia con el equipo de limpieza a alta presi\u00f3n reduce el riesgo de lesiones. Tele Radio ofrece telemandos industriales con <a href=\"https:\/\/www.tele-radio.com\/es\/cual-es-la-importancia-de-una-funcion-de-parada-certificada\/\" target=\"_blank\" rel=\"noreferrer noopener\">bot\u00f3n de parada de seguridad<\/a> certificado o sin \u00e9l. Puedes elegir dependiendo del riesgo del operario. Certificados PLd\/CAT3 a PLe\/CAT3 y SIL3 en los sistemas de control remoto Tele Radio.<\/p>\n<\/blockquote>\n<\/div>\n\n\n\n<div class=\"wp-block-column is-layout-flow wp-block-column-is-layout-flow\" style=\"flex-basis:33.33%\">\n<div style=\"height:70px\" aria-hidden=\"true\" class=\"wp-block-spacer\"><\/div>\n\n\n\n<figure class=\"wp-block-image size-large\"><img loading=\"lazy\" decoding=\"async\" width=\"1200\" height=\"1200\" src=\"https:\/\/www.tele-radio.com\/app\/uploads\/\/Web_800_x_800_300dpi-5-1200x1200.jpg\" alt=\"\" class=\"wp-image-139328\" srcset=\"https:\/\/www.tele-radio.com\/app\/uploads\/Web_800_x_800_300dpi-5-1200x1200.jpg 1200w, https:\/\/www.tele-radio.com\/app\/uploads\/Web_800_x_800_300dpi-5-400x400.jpg 400w, https:\/\/www.tele-radio.com\/app\/uploads\/Web_800_x_800_300dpi-5-150x150.jpg 150w, https:\/\/www.tele-radio.com\/app\/uploads\/Web_800_x_800_300dpi-5-768x768.jpg 768w, https:\/\/www.tele-radio.com\/app\/uploads\/Web_800_x_800_300dpi-5-1536x1536.jpg 1536w, https:\/\/www.tele-radio.com\/app\/uploads\/Web_800_x_800_300dpi-5-2048x2048.jpg 2048w, https:\/\/www.tele-radio.com\/app\/uploads\/Web_800_x_800_300dpi-5-250x250.jpg 250w, https:\/\/www.tele-radio.com\/app\/uploads\/Web_800_x_800_300dpi-5-750x750.jpg 750w, https:\/\/www.tele-radio.com\/app\/uploads\/Web_800_x_800_300dpi-5-500x500.jpg 500w, https:\/\/www.tele-radio.com\/app\/uploads\/Web_800_x_800_300dpi-5-1600x1600.jpg 1600w, https:\/\/www.tele-radio.com\/app\/uploads\/Web_800_x_800_300dpi-5-800x800.jpg 800w\" sizes=\"auto, (max-width: 1200px) 100vw, 1200px\" \/><\/figure>\n<\/div>\n<\/div>\n\n\n\n<div style=\"height:10px\" aria-hidden=\"true\" class=\"wp-block-spacer\"><\/div>\n\n\n\n<div class=\"wp-block-columns has-white-color has-black-background-color has-text-color has-background is-layout-flex wp-container-core-columns-is-layout-9d6595d7 wp-block-columns-is-layout-flex\">\n<div class=\"wp-block-column is-layout-flow wp-block-column-is-layout-flow\">\n<figure class=\"wp-block-image size-full\"><img loading=\"lazy\" decoding=\"async\" width=\"800\" height=\"496\" src=\"https:\/\/www.tele-radio.com\/app\/uploads\/Web_ROM.jpg\" alt=\"\" class=\"wp-image-143771\" srcset=\"https:\/\/www.tele-radio.com\/app\/uploads\/Web_ROM.jpg 800w, https:\/\/www.tele-radio.com\/app\/uploads\/Web_ROM-400x248.jpg 400w, https:\/\/www.tele-radio.com\/app\/uploads\/Web_ROM-768x476.jpg 768w, https:\/\/www.tele-radio.com\/app\/uploads\/Web_ROM-750x465.jpg 750w, https:\/\/www.tele-radio.com\/app\/uploads\/Web_ROM-500x310.jpg 500w\" sizes=\"auto, (max-width: 800px) 100vw, 800px\" \/><\/figure>\n<\/div>\n\n\n\n<div class=\"wp-block-column is-layout-flow wp-block-column-is-layout-flow\">\n<p>Las preocupaciones sobre la p\u00e9rdida de se\u00f1al debido a la frecuencia o distancia no son necesarias. Algunos sistemas Tele Radio tienen un alcance de hasta 1000 metros en l\u00ednea de visi\u00f3n y se pueden elegir distintos canales para transmisor y receptor. Tenemos sistemas que operan a 433 MHz y en la frecuencia mundial 2,4 GHz.<\/p>\n\n\n\n<h2 class=\"wp-block-heading\">AMPLIO RANGO DE PRODUCTOS<\/h2>\n\n\n\n<p>Cuando busques una soluci\u00f3n para tu m\u00e1quina o veh\u00edculo, puedes elegir un amplio rangos de sistemas de control remoto dependiendo de tus necesidades. Desde <a aria-label=\"undefined (opens in a new tab)\" href=\"https:\/\/www.tele-radio.com\/tele-radio-offers-the-customer-a-wide-range-of-various-hand-transmitters\/\" target=\"_blank\" rel=\"noreferrer noopener\">transmisores de mano<\/a> a <a aria-label=\"undefined (opens in a new tab)\" href=\"https:\/\/www.tele-radio.com\/teq-waist-transmitters\/\" target=\"_blank\" rel=\"noreferrer noopener\">telemandos de pupitre con joysticks y paletas<\/a>. Vienen en varias versiones y ofrecen soluciones para m\u00e1quinas donde solo se requieren dos funciones, pero tambi\u00e9n para aplicaciones m\u00e1s avanzadas con diferentes funciones. \u00bfNo est\u00e1s seguro del sistema que mejor se adapta a tus necesidades? <a href=\"#contacto\">Cont\u00e1ctanos<\/a> y te ayudaremos.<\/p>\n<\/div>\n<\/div>\n\n\n\n<div style=\"height:10px\" aria-hidden=\"true\" class=\"wp-block-spacer\"><\/div>\n\n\n\n<h2 class=\"wp-block-heading\">PERSONALIZACI\u00d3N COMPLETA<\/h2>\n\n\n\n<p>Ofrecemos completa <a aria-label=\"undefined (opens in a new tab)\" href=\"https:\/\/www.tele-radio.com\/custom-products\/\" target=\"_blank\" rel=\"noreferrer noopener\">personalizaci\u00f3n<\/a> para nuestros transmisores, desde personalizaci\u00f3n de las funciones al dise\u00f1o de la carcasa del control remoto. Podemos incluir cualquier color, logo o icono en la <a aria-label=\"undefined (opens in a new tab)\" href=\"https:\/\/www.tele-radio.com\/custom-foils\/\" target=\"_blank\" rel=\"noreferrer noopener\">placa frontal<\/a> para igualar tu estilo corporativo.<\/p>\n\n\n\n<p>\u00bfSab\u00edas que puedes obtener feedback desde algunos de nuestros telemandos? Descubre las caracter\u00edsticas como <a aria-label=\"undefined (opens in a new tab)\" href=\"https:\/\/www.tele-radio.com\/free-fall-detection\/\" target=\"_blank\" rel=\"noreferrer noopener\">detecci\u00f3n de ca\u00edda<\/a>, <a aria-label=\"undefined (opens in a new tab)\" href=\"https:\/\/www.tele-radio.com\/donut-range-wireless-control-within-secure-fixed-limits\/\" target=\"_blank\" rel=\"noreferrer noopener\">rango de donut<\/a> y <a aria-label=\"undefined (opens in a new tab)\" href=\"https:\/\/www.tele-radio.com\/replacing-a-transmitter-is-even-easier-than-changing-smartphones\/\" target=\"_blank\" rel=\"noreferrer noopener\">funci\u00f3n de reemplazo<\/a> de nuestros transmisores.<\/p>\n\n\n\n<div style=\"height:20px\" aria-hidden=\"true\" class=\"wp-block-spacer\"><\/div>\n\n\n\n<figure class=\"wp-block-image size-large\"><img loading=\"lazy\" decoding=\"async\" width=\"1200\" height=\"346\" src=\"https:\/\/www.tele-radio.com\/app\/uploads\/\/Family-photo-1200x346.jpg\" alt=\"\" class=\"wp-image-121991\" srcset=\"https:\/\/www.tele-radio.com\/app\/uploads\/Family-photo-1200x346.jpg 1200w, https:\/\/www.tele-radio.com\/app\/uploads\/Family-photo-400x115.jpg 400w, https:\/\/www.tele-radio.com\/app\/uploads\/Family-photo-768x221.jpg 768w, https:\/\/www.tele-radio.com\/app\/uploads\/Family-photo-1536x443.jpg 1536w, https:\/\/www.tele-radio.com\/app\/uploads\/Family-photo-750x216.jpg 750w, https:\/\/www.tele-radio.com\/app\/uploads\/Family-photo-500x144.jpg 500w, https:\/\/www.tele-radio.com\/app\/uploads\/Family-photo-800x231.jpg 800w, https:\/\/www.tele-radio.com\/app\/uploads\/Family-photo.jpg 1600w\" sizes=\"auto, (max-width: 1200px) 100vw, 1200px\" \/><\/figure>\n\n\n\n<p class=\"has-very-dark-gray-color has-text-color has-large-font-size\">Contacto<\/p>\n\n\n\n<div class=\"wp-block-columns is-layout-flex wp-container-core-columns-is-layout-9d6595d7 wp-block-columns-is-layout-flex\" id=\"contacto\">\n<div class=\"wp-block-column is-layout-flow wp-block-column-is-layout-flow\" style=\"flex-basis:66.66%\">\n<div class=\"wpcf7 no-js\" id=\"wpcf7-f45404-o1\" lang=\"en-EN\" dir=\"ltr\" data-wpcf7-id=\"45404\">\n<div class=\"screen-reader-response\"><p role=\"status\" aria-live=\"polite\" aria-atomic=\"true\"><\/p> <ul><\/ul><\/div>\n<form action=\"\/es\/wp-json\/wp\/v2\/pages\/197918#wpcf7-f45404-o1\" method=\"post\" class=\"wpcf7-form init\" aria-label=\"Contact form\" novalidate=\"novalidate\" data-status=\"init\">\n<fieldset class=\"hidden-fields-container\"><input type=\"hidden\" name=\"_wpcf7\" value=\"45404\" \/><input type=\"hidden\" name=\"_wpcf7_version\" value=\"6.1\" \/><input type=\"hidden\" name=\"_wpcf7_locale\" value=\"en_EN\" \/><input type=\"hidden\" name=\"_wpcf7_unit_tag\" value=\"wpcf7-f45404-o1\" \/><input type=\"hidden\" name=\"_wpcf7_container_post\" value=\"0\" \/><input type=\"hidden\" name=\"_wpcf7_posted_data_hash\" value=\"\" \/><input type=\"hidden\" name=\"_wpcf7_recaptcha_response\" value=\"\" \/>\n<\/fieldset>\n<p><label> Nombre*<br \/>\n<span class=\"wpcf7-form-control-wrap\" data-name=\"nombre\"><input size=\"40\" maxlength=\"400\" class=\"wpcf7-form-control wpcf7-text wpcf7-validates-as-required\" aria-required=\"true\" aria-invalid=\"false\" placeholder=\"Su nombre\" value=\"\" type=\"text\" name=\"nombre\" \/><\/span> <\/label>\n<\/p>\n<p><label> Email*<br \/>\n<span class=\"wpcf7-form-control-wrap\" data-name=\"tu-email\"><input size=\"40\" maxlength=\"400\" class=\"wpcf7-form-control wpcf7-email wpcf7-validates-as-required wpcf7-text wpcf7-validates-as-email\" aria-required=\"true\" aria-invalid=\"false\" placeholder=\"Su email\" value=\"\" type=\"email\" name=\"tu-email\" \/><\/span> <\/label>\n<\/p>\n<p><label> Tel\u00e9fono<br \/>\n<span class=\"wpcf7-form-control-wrap\" data-name=\"tu-tfno\"><input size=\"40\" maxlength=\"400\" class=\"wpcf7-form-control wpcf7-tel wpcf7-text wpcf7-validates-as-tel\" aria-invalid=\"false\" placeholder=\"Tel\u00e9fono de contacto\" value=\"\" type=\"tel\" name=\"tu-tfno\" \/><\/span> <\/label>\n<\/p>\n<p><label> Provincia*<br \/>\n<span class=\"wpcf7-form-control-wrap\" data-name=\"Provincia\"><select class=\"wpcf7-form-control wpcf7-select\" aria-invalid=\"false\" name=\"Provincia\"><option value=\"\">&#8212;Please choose an option&#8212;<\/option><option value=\"A Coru\u00f1a\">A Coru\u00f1a<\/option><option value=\"\u00c1lava\">\u00c1lava<\/option><option value=\"Albacete\">Albacete<\/option><option value=\"Alicante\">Alicante<\/option><option value=\"Almer\u00eda\">Almer\u00eda<\/option><option value=\"Asturias\">Asturias<\/option><option value=\"\u00c1vila\">\u00c1vila<\/option><option value=\"Badajoz\">Badajoz<\/option><option value=\"Baleares\">Baleares<\/option><option value=\"Barcelona\">Barcelona<\/option><option value=\"Bizkaia\">Bizkaia<\/option><option value=\"Burgos\">Burgos<\/option><option value=\"C\u00e1ceres\">C\u00e1ceres<\/option><option value=\"C\u00e1diz\">C\u00e1diz<\/option><option value=\"Cantabria\">Cantabria<\/option><option value=\"Castell\u00f3n\">Castell\u00f3n<\/option><option value=\"Ceuta\">Ceuta<\/option><option value=\"Ciudad Real\">Ciudad Real<\/option><option value=\"C\u00f3rdoba\">C\u00f3rdoba<\/option><option value=\"Cuenca\">Cuenca<\/option><option value=\"Girona\">Girona<\/option><option value=\"Granada\">Granada<\/option><option value=\"Guadalajara\">Guadalajara<\/option><option value=\"Gipuzkoa\">Gipuzkoa<\/option><option value=\"Huelva\">Huelva<\/option><option value=\"Huesca\">Huesca<\/option><option value=\"Ja\u00e9n\">Ja\u00e9n<\/option><option value=\"La Rioja\">La Rioja<\/option><option value=\"Las Palmas\">Las Palmas<\/option><option value=\"Le\u00f3n\">Le\u00f3n<\/option><option value=\"L\u00e9rida\">L\u00e9rida<\/option><option value=\"Lugo\">Lugo<\/option><option value=\"Madrid\">Madrid<\/option><option value=\"M\u00e1laga\">M\u00e1laga<\/option><option value=\"Melilla\">Melilla<\/option><option value=\"Murcia\">Murcia<\/option><option value=\"Navarra\">Navarra<\/option><option value=\"Ourense\">Ourense<\/option><option value=\"Palencia\">Palencia<\/option><option value=\"Pontevedra\">Pontevedra<\/option><option value=\"Salamanca\">Salamanca<\/option><option value=\"Segovia\">Segovia<\/option><option value=\"Sevilla\">Sevilla<\/option><option value=\"Soria\">Soria<\/option><option value=\"Tarragona\">Tarragona<\/option><option value=\"Santa Cruz de Tenerife\">Santa Cruz de Tenerife<\/option><option value=\"Teruel\">Teruel<\/option><option value=\"Toledo\">Toledo<\/option><option value=\"Valencia\">Valencia<\/option><option value=\"Valladolid\">Valladolid<\/option><option value=\"Zamora\">Zamora<\/option><option value=\"Zaragoza\">Zaragoza<\/option><\/select><\/span> <\/label>\n<\/p>\n<p><label> Tu mensaje*<br \/>\n<span class=\"wpcf7-form-control-wrap\" data-name=\"your-message\"><textarea cols=\"40\" rows=\"10\" maxlength=\"2000\" class=\"wpcf7-form-control wpcf7-textarea wpcf7-validates-as-required\" aria-required=\"true\" aria-invalid=\"false\" placeholder=\"Escriba aqu\u00ed en qu\u00e9 mando, equipo o aplicaci\u00f3n est\u00e1 interesado; o si tiene alguna duda.\" name=\"your-message\"><\/textarea><\/span> <\/label>\n<\/p>\n<p><span class=\"wpcf7-form-control-wrap\" data-name=\"acceptance-322\"><span class=\"wpcf7-form-control wpcf7-acceptance\"><span class=\"wpcf7-list-item\"><label><input type=\"checkbox\" name=\"acceptance-322\" value=\"1\" aria-invalid=\"false\" \/><span class=\"wpcf7-list-item-label\">He le\u00eddo y acepto las <a href=\"https:\/\/www.tele-radio.com\/es\/politica-de-privacidad-y-cookies\/\" target=\"_blank\">condiciones de privacidad<\/a>.*<\/span><\/label><\/span><\/span><\/span>\n<\/p>\n<p><input class=\"wpcf7-form-control wpcf7-submit has-spinner\" type=\"submit\" value=\"Enviar\" \/>\n<\/p><div class=\"wpcf7-response-output\" aria-hidden=\"true\"><\/div>\n<\/form>\n<\/div>\n\r\n\t\t\t\t<script>\r\n\t\t\t\tif ( typeof huOptions !== 'undefined' ) {\r\n\t\t\t\t\tvar huFormData = {\"source\":\"contactform7\",\"id\":45404,\"title\":\"TRESP-comercial\",\"fields\":{\"subject\":{\"first_name\":\"your-name\",\"email\":\"your-email\"},\"preferences\":{\"terms\":\"your-consent\"}}};\r\n\t\t\t\t\tvar huFormNode = document.querySelector( '[id^=\"wpcf7-f45404-\"] form' );\r\n\r\n\t\t\t\t\thuFormData['node'] = huFormNode;\r\n\t\t\t\t\thuOptions['forms'].push( huFormData );\r\n\t\t\t\t}\r\n\t\t\t\t<\/script>\n<\/div>\n\n\n\n<div class=\"wp-block-column is-layout-flow wp-block-column-is-layout-flow\" style=\"flex-basis:33.33%\"><\/div>\n<\/div>\n\n\n\n<p><\/p>\n","protected":false},"excerpt":{"rendered":"<p>Control remoto en equipos de limpieza a alta presi\u00f3n Una de las muchas aplicaciones a las que prestamos servicio es a equipos de limpieza. Encontramos que nuestros sistemas de control remoto son necesarios en el uso de estas m\u00e1quinas cuando la eficiencia es una prioridad. Descubre por qu\u00e9 y aprende sobre los beneficios que nuestros [&hellip;]<\/p>\n","protected":false},"author":29,"featured_media":143815,"parent":0,"menu_order":0,"comment_status":"closed","ping_status":"closed","template":"","meta":{"_acf_changed":false,"footnotes":""},"class_list":["post-197918","page","type-page","status-publish","has-post-thumbnail","hentry"],"acf":[],"_links":{"self":[{"href":"https:\/\/www.tele-radio.com\/es\/wp-json\/wp\/v2\/pages\/197918","targetHints":{"allow":["GET"]}}],"collection":[{"href":"https:\/\/www.tele-radio.com\/es\/wp-json\/wp\/v2\/pages"}],"about":[{"href":"https:\/\/www.tele-radio.com\/es\/wp-json\/wp\/v2\/types\/page"}],"author":[{"embeddable":true,"href":"https:\/\/www.tele-radio.com\/es\/wp-json\/wp\/v2\/users\/29"}],"replies":[{"embeddable":true,"href":"https:\/\/www.tele-radio.com\/es\/wp-json\/wp\/v2\/comments?post=197918"}],"version-history":[{"count":4,"href":"https:\/\/www.tele-radio.com\/es\/wp-json\/wp\/v2\/pages\/197918\/revisions"}],"predecessor-version":[{"id":289540,"href":"https:\/\/www.tele-radio.com\/es\/wp-json\/wp\/v2\/pages\/197918\/revisions\/289540"}],"wp:featuredmedia":[{"embeddable":true,"href":"https:\/\/www.tele-radio.com\/es\/wp-json\/wp\/v2\/media\/143815"}],"wp:attachment":[{"href":"https:\/\/www.tele-radio.com\/es\/wp-json\/wp\/v2\/media?parent=197918"}],"curies":[{"name":"wp","href":"https:\/\/api.w.org\/{rel}","templated":true}]}}