{"id":164936,"date":"2023-09-28T14:03:54","date_gmt":"2023-09-28T14:03:54","guid":{"rendered":"https:\/\/www.tele-radio.com\/sustainable-innovation-fully-electric-excavators-with-remote-control\/"},"modified":"2023-11-14T13:50:15","modified_gmt":"2023-11-14T13:50:15","slug":"sustainable-innovation-fully-electric-excavators-with-remote-control","status":"publish","type":"page","link":"https:\/\/www.tele-radio.com\/es\/sustainable-innovation-fully-electric-excavators-with-remote-control\/","title":{"rendered":"Innovaci\u00f3n sostenible: excavadoras completamente el\u00e9ctricas con control remoto industrial"},"content":{"rendered":"\n<h1 class=\"wp-block-heading\">Innovaci\u00f3n sostenible: excavadoras completamente el\u00e9ctricas con control remoto industrial<\/h1>\n\n\n\n<p class=\"has-text-align-left has-medium-font-size\"><em>En la b\u00fasqueda de soluciones sostenibles en el sector de la construcci\u00f3n y la infraestructura, desde 2018, Limach ha estado desarrollando excavadoras el\u00e9ctricas. Junto con la integraci\u00f3n de un paquete de bater\u00edas, un tren motriz el\u00e9ctrico-hidr\u00e1ulico y el avanzado sistema electr\u00f3nico de Limach, las excavadoras est\u00e1n equipadas con un sistema de cambio de bater\u00eda. Esto no solo hace que las excavadoras de Limach sean completamente libres de emisiones, sino tambi\u00e9n excepcionalmente innovadoras.<\/em><\/p>\n\n\n\n<div style=\"height:0px\" aria-hidden=\"true\" class=\"wp-block-spacer\"><\/div>\n\n\n<div class=\"wp-block-image\">\n<figure class=\"alignright size-large is-resized\"><img loading=\"lazy\" decoding=\"async\" src=\"https:\/\/www.tele-radio.com\/app\/uploads\/\/Limach_E140.1_rev1_03_2022-scaled-1-1200x800.webp\" alt=\"\" class=\"wp-image-163688\" width=\"418\" height=\"279\" srcset=\"https:\/\/www.tele-radio.com\/app\/uploads\/Limach_E140.1_rev1_03_2022-scaled-1-1200x800.webp 1200w, https:\/\/www.tele-radio.com\/app\/uploads\/Limach_E140.1_rev1_03_2022-scaled-1-400x267.webp 400w, https:\/\/www.tele-radio.com\/app\/uploads\/Limach_E140.1_rev1_03_2022-scaled-1-768x512.webp 768w, https:\/\/www.tele-radio.com\/app\/uploads\/Limach_E140.1_rev1_03_2022-scaled-1-1536x1024.webp 1536w, https:\/\/www.tele-radio.com\/app\/uploads\/Limach_E140.1_rev1_03_2022-scaled-1-2048x1366.webp 2048w, https:\/\/www.tele-radio.com\/app\/uploads\/Limach_E140.1_rev1_03_2022-scaled-1-750x500.webp 750w, https:\/\/www.tele-radio.com\/app\/uploads\/Limach_E140.1_rev1_03_2022-scaled-1-500x333.webp 500w, https:\/\/www.tele-radio.com\/app\/uploads\/Limach_E140.1_rev1_03_2022-scaled-1-1600x1067.webp 1600w, https:\/\/www.tele-radio.com\/app\/uploads\/Limach_E140.1_rev1_03_2022-scaled-1-800x533.webp 800w\" sizes=\"auto, (max-width: 418px) 100vw, 418px\" \/><\/figure><\/div>\n\n\n<p><strong>El uso de sistemas de control remoto industrial de Tele Radio desempe\u00f1a un papel crucial en el sistema de cambio de bater\u00eda.<\/strong><\/p>\n\n\n\n<p>Limach lidera la innovaci\u00f3n al producir excavadoras libres de emisiones de primera l\u00ednea que mejoran significativamente la sostenibilidad de las industrias de la construcci\u00f3n y la infraestructura. &#8220;En Limach, trabajamos todos los d\u00edas para crear un entorno de trabajo y vida mejor para todos. A trav\u00e9s de una combinaci\u00f3n de ingenier\u00eda probada y tecnolog\u00eda avanzada, desarrollamos y perfeccionamos continuamente nuestros productos en casa&#8221;, dice Norbert ten Hove, Gerente de I+D e ingeniero de software en Limach, a quien entrevistamos.<\/p>\n\n\n\n<p><\/p>\n\n\n\n<h2 class=\"wp-block-heading\">Aunque el control remoto de radio es solo un peque\u00f1o componente de la excavadora, \u00bfpor qu\u00e9 decidi\u00f3 Limach incorporarlo?<\/h2>\n\n\n\n<p>&#8220;La facilidad de uso del transmisor hace que operar el sistema \u00fanico de cambio de bater\u00eda en la excavadora sea muy sencillo. El control remoto de Tele Radio opera cuatro funciones: levantar\/bajar y bloquear\/desbloquear los paquetes de bater\u00edas. Adem\u00e1s, el operador puede moverse alrededor de la m\u00e1quina mientras coloca o retira los paquetes de bater\u00edas, lo que proporciona la libertad de tener siempre la mejor vista, permitiendo un trabajo independiente y seguro. En resumen, el uso de un control remoto industrial en una excavadora ofrece numerosas ventajas, incluyendo la libertad, la eficiencia y la seguridad incorporando una redundancia de doble acci\u00f3n para cada funci\u00f3n&#8221;.<\/p>\n\n\n\n<p><\/p>\n\n\n<div class=\"wp-block-image is-style-rounded\">\n<figure class=\"alignleft size-large is-resized\"><img loading=\"lazy\" decoding=\"async\" src=\"https:\/\/www.tele-radio.com\/app\/uploads\/\/Web_800_x_800_300dpi-20-1200x1200.jpg\" alt=\"\" class=\"wp-image-163738\" width=\"337\" height=\"337\" srcset=\"https:\/\/www.tele-radio.com\/app\/uploads\/Web_800_x_800_300dpi-20-1200x1200.jpg 1200w, https:\/\/www.tele-radio.com\/app\/uploads\/Web_800_x_800_300dpi-20-400x400.jpg 400w, https:\/\/www.tele-radio.com\/app\/uploads\/Web_800_x_800_300dpi-20-150x150.jpg 150w, https:\/\/www.tele-radio.com\/app\/uploads\/Web_800_x_800_300dpi-20-768x768.jpg 768w, https:\/\/www.tele-radio.com\/app\/uploads\/Web_800_x_800_300dpi-20-1536x1536.jpg 1536w, https:\/\/www.tele-radio.com\/app\/uploads\/Web_800_x_800_300dpi-20-2048x2048.jpg 2048w, https:\/\/www.tele-radio.com\/app\/uploads\/Web_800_x_800_300dpi-20-250x250.jpg 250w, https:\/\/www.tele-radio.com\/app\/uploads\/Web_800_x_800_300dpi-20-750x750.jpg 750w, https:\/\/www.tele-radio.com\/app\/uploads\/Web_800_x_800_300dpi-20-500x500.jpg 500w, https:\/\/www.tele-radio.com\/app\/uploads\/Web_800_x_800_300dpi-20-1600x1600.jpg 1600w, https:\/\/www.tele-radio.com\/app\/uploads\/Web_800_x_800_300dpi-20-800x800.jpg 800w\" sizes=\"auto, (max-width: 337px) 100vw, 337px\" \/><\/figure><\/div>\n\n\n<h2 class=\"wp-block-heading\">\u00bfPor qu\u00e9 eligi\u00f3 Limach a Tele Radio?<\/h2>\n\n\n\n<p>&#8220;Est\u00e1bamos convencidos de elegir a Tele Radio en base a las experiencias positivas que escuchamos de otros socios. Adem\u00e1s, el receptor tiene una interfaz CANopen, lo que hizo que la integraci\u00f3n con nuestro sistema fuera una tarea sencilla&#8221;.<\/p>\n\n\n\n<p><\/p>\n\n\n\n<h2 class=\"wp-block-heading\">\u00bfRecomendar\u00eda a otras empresas utilizar nuestras soluciones de control remoto, y por qu\u00e9?<\/h2>\n\n\n\n<p>&#8220;Absolutamente. El control remoto siempre funciona, tiene un buen alcance y la integraci\u00f3n en nuestro propio sistema se logra f\u00e1cilmente cuando se utiliza CANopen&#8221;.<\/p>\n\n\n\n<p class=\"has-text-align-left has-black-color has-white-background-color has-text-color has-background\">Norbert ten Hove es responsable de liderar el equipo de I+D en Limach y tambi\u00e9n escribe el software para los componentes el\u00e9ctricos de las m\u00e1quinas Limach. Como ingeniero de software, se asegura de la integraci\u00f3n con sistemas externos, como los controles remotos de Tele Radio.<\/p>\n\n\n\n<figure class=\"wp-block-video\"><video autoplay controls loop src=\"https:\/\/www.tele-radio.com\/app\/uploads\/Social_1920_x_1080_Animation_ENG-2.mp4\"><\/video><\/figure>\n\n\n\n<h2 class=\"wp-block-heading has-text-align-center\"><strong>\u00bfTienes curiosidad sobre la excavadora libre de emisiones de Limach?<\/strong><\/h2>\n\n\n\n<div class=\"wp-block-buttons is-content-justification-center is-layout-flex wp-container-core-buttons-is-layout-16018d1d wp-block-buttons-is-layout-flex\">\n<div class=\"wp-block-button is-style-fill\"><a class=\"wp-block-button__link has-black-background-color has-background wp-element-button\" href=\"https:\/\/limach.nl\/producten\/e140-1\" style=\"border-radius:12px\" target=\"_blank\" rel=\"noreferrer noopener\">CLICK AQU\u00cd<\/a><\/div>\n<\/div>\n\n\n\n<div style=\"height:100px\" aria-hidden=\"true\" class=\"wp-block-spacer\"><\/div>\n\n\n\n<h2 class=\"wp-block-heading has-text-align-center has-white-color has-black-background-color has-text-color has-background\">Sistema TIGER de Tele Radio<\/h2>\n\n\n\n<p>El transmisor utilizado por Limach es el Tele Radio TIGER (TG-T9). Este control remoto, certificado como PLe y SIL3, cuenta con 8 botones de 2 pasos que controlan 16 funciones diferentes, tiene una carcasa resistente, un grado de protecci\u00f3n IP66 y est\u00e1 disponible con frecuencias de 433 o 915 MHz. Haz clic&nbsp;<a href=\"https:\/\/www.tele-radio.com\/products\/tiger-g2\/tiger-g2-transmitter-8x2-step-buttons-ple-sil3\/\" target=\"_blank\" rel=\"noreferrer noopener\">aqu\u00ed<\/a>&nbsp;para obtener m\u00e1s detalles.<\/p>\n\n\n\n<p>El receptor (TG-R4) tiene 7 rel\u00e9s, est\u00e1 certificado como PLe y SIL3, tiene un grado de protecci\u00f3n IP66 y est\u00e1 disponible con frecuencias de 433 y 915 MHz. Para obtener m\u00e1s detalles, haz clic&nbsp;<a href=\"https:\/\/www.tele-radio.com\/products\/tiger-g2\/tiger-g2-receiver-7-function-relays\/\" target=\"_blank\" rel=\"noreferrer noopener\">aqu\u00ed<\/a>.<\/p>\n\n\n\n<div class=\"wp-block-columns is-layout-flex wp-container-core-columns-is-layout-9d6595d7 wp-block-columns-is-layout-flex\">\n<div class=\"wp-block-column is-layout-flow wp-block-column-is-layout-flow\" style=\"flex-basis:50%\">\n<h2 class=\"wp-block-heading\">Tele Radio<\/h2>\n\n\n\n<p>Tele Radio ofrece controles remotos inal\u00e1mbricos universales y soluciones personalizadas para sistemas de accionamiento y control industrial. Nuestros productos contribuyen a crear un entorno de trabajo m\u00e1s c\u00f3modo y seguro. Somos la \u00fanica empresa en los Pa\u00edses Bajos con niveles de seguridad SIL3, PLd y PLe oficiales y certificados externamente.<\/p>\n<\/div>\n\n\n\n<div class=\"wp-block-column is-layout-flow wp-block-column-is-layout-flow\" style=\"flex-basis:50%\"><div class=\"wp-block-image\">\n<figure class=\"aligncenter size-large is-resized\"><img loading=\"lazy\" decoding=\"async\" src=\"https:\/\/www.tele-radio.com\/app\/uploads\/\/PH_TH55_T9-1C_0002_Limach-1125x1200.png\" alt=\"\" class=\"wp-image-164599\" width=\"196\" height=\"208\" srcset=\"https:\/\/www.tele-radio.com\/app\/uploads\/PH_TH55_T9-1C_0002_Limach-1125x1200.png 1125w, https:\/\/www.tele-radio.com\/app\/uploads\/PH_TH55_T9-1C_0002_Limach-375x400.png 375w, https:\/\/www.tele-radio.com\/app\/uploads\/PH_TH55_T9-1C_0002_Limach-768x819.png 768w, https:\/\/www.tele-radio.com\/app\/uploads\/PH_TH55_T9-1C_0002_Limach-1440x1536.png 1440w, https:\/\/www.tele-radio.com\/app\/uploads\/PH_TH55_T9-1C_0002_Limach-1920x2048.png 1920w, https:\/\/www.tele-radio.com\/app\/uploads\/PH_TH55_T9-1C_0002_Limach-703x750.png 703w, https:\/\/www.tele-radio.com\/app\/uploads\/PH_TH55_T9-1C_0002_Limach-469x500.png 469w, https:\/\/www.tele-radio.com\/app\/uploads\/PH_TH55_T9-1C_0002_Limach-1500x1600.png 1500w, https:\/\/www.tele-radio.com\/app\/uploads\/PH_TH55_T9-1C_0002_Limach-750x800.png 750w\" sizes=\"auto, (max-width: 196px) 100vw, 196px\" \/><\/figure><\/div><\/div>\n<\/div>\n\n\n\n<p><\/p>\n\n\n\n<h2 class=\"wp-block-heading\">\u00bfM\u00e1s informaci\u00f3n? Contacta con nosotros<\/h2>\n\n\n\n<div class=\"wp-block-contact-form-7-contact-form-selector\">\n<div class=\"wpcf7 no-js\" id=\"wpcf7-f45404-o1\" lang=\"en-EN\" dir=\"ltr\" data-wpcf7-id=\"45404\">\n<div class=\"screen-reader-response\"><p role=\"status\" aria-live=\"polite\" aria-atomic=\"true\"><\/p> <ul><\/ul><\/div>\n<form action=\"\/es\/wp-json\/wp\/v2\/pages\/164936#wpcf7-f45404-o1\" method=\"post\" class=\"wpcf7-form init\" aria-label=\"Contact form\" novalidate=\"novalidate\" data-status=\"init\">\n<fieldset class=\"hidden-fields-container\"><input type=\"hidden\" name=\"_wpcf7\" value=\"45404\" \/><input type=\"hidden\" name=\"_wpcf7_version\" value=\"6.1\" \/><input type=\"hidden\" name=\"_wpcf7_locale\" value=\"en_EN\" \/><input type=\"hidden\" name=\"_wpcf7_unit_tag\" value=\"wpcf7-f45404-o1\" \/><input type=\"hidden\" name=\"_wpcf7_container_post\" value=\"0\" \/><input type=\"hidden\" name=\"_wpcf7_posted_data_hash\" value=\"\" \/><input type=\"hidden\" name=\"_wpcf7_recaptcha_response\" value=\"\" \/>\n<\/fieldset>\n<p><label> Nombre*<br \/>\n<span class=\"wpcf7-form-control-wrap\" data-name=\"nombre\"><input size=\"40\" maxlength=\"400\" class=\"wpcf7-form-control wpcf7-text wpcf7-validates-as-required\" aria-required=\"true\" aria-invalid=\"false\" placeholder=\"Su nombre\" value=\"\" type=\"text\" name=\"nombre\" \/><\/span> <\/label>\n<\/p>\n<p><label> Email*<br \/>\n<span class=\"wpcf7-form-control-wrap\" data-name=\"tu-email\"><input size=\"40\" maxlength=\"400\" class=\"wpcf7-form-control wpcf7-email wpcf7-validates-as-required wpcf7-text wpcf7-validates-as-email\" aria-required=\"true\" aria-invalid=\"false\" placeholder=\"Su email\" value=\"\" type=\"email\" name=\"tu-email\" \/><\/span> <\/label>\n<\/p>\n<p><label> Tel\u00e9fono<br \/>\n<span class=\"wpcf7-form-control-wrap\" data-name=\"tu-tfno\"><input size=\"40\" maxlength=\"400\" class=\"wpcf7-form-control wpcf7-tel wpcf7-text wpcf7-validates-as-tel\" aria-invalid=\"false\" placeholder=\"Tel\u00e9fono de contacto\" value=\"\" type=\"tel\" name=\"tu-tfno\" \/><\/span> <\/label>\n<\/p>\n<p><label> Provincia*<br \/>\n<span class=\"wpcf7-form-control-wrap\" data-name=\"Provincia\"><select class=\"wpcf7-form-control wpcf7-select\" aria-invalid=\"false\" name=\"Provincia\"><option value=\"\">&#8212;Please choose an option&#8212;<\/option><option value=\"A Coru\u00f1a\">A Coru\u00f1a<\/option><option value=\"\u00c1lava\">\u00c1lava<\/option><option value=\"Albacete\">Albacete<\/option><option value=\"Alicante\">Alicante<\/option><option value=\"Almer\u00eda\">Almer\u00eda<\/option><option value=\"Asturias\">Asturias<\/option><option value=\"\u00c1vila\">\u00c1vila<\/option><option value=\"Badajoz\">Badajoz<\/option><option value=\"Baleares\">Baleares<\/option><option value=\"Barcelona\">Barcelona<\/option><option value=\"Bizkaia\">Bizkaia<\/option><option value=\"Burgos\">Burgos<\/option><option value=\"C\u00e1ceres\">C\u00e1ceres<\/option><option value=\"C\u00e1diz\">C\u00e1diz<\/option><option value=\"Cantabria\">Cantabria<\/option><option value=\"Castell\u00f3n\">Castell\u00f3n<\/option><option value=\"Ceuta\">Ceuta<\/option><option value=\"Ciudad Real\">Ciudad Real<\/option><option value=\"C\u00f3rdoba\">C\u00f3rdoba<\/option><option value=\"Cuenca\">Cuenca<\/option><option value=\"Girona\">Girona<\/option><option value=\"Granada\">Granada<\/option><option value=\"Guadalajara\">Guadalajara<\/option><option value=\"Gipuzkoa\">Gipuzkoa<\/option><option value=\"Huelva\">Huelva<\/option><option value=\"Huesca\">Huesca<\/option><option value=\"Ja\u00e9n\">Ja\u00e9n<\/option><option value=\"La Rioja\">La Rioja<\/option><option value=\"Las Palmas\">Las Palmas<\/option><option value=\"Le\u00f3n\">Le\u00f3n<\/option><option value=\"L\u00e9rida\">L\u00e9rida<\/option><option value=\"Lugo\">Lugo<\/option><option value=\"Madrid\">Madrid<\/option><option value=\"M\u00e1laga\">M\u00e1laga<\/option><option value=\"Melilla\">Melilla<\/option><option value=\"Murcia\">Murcia<\/option><option value=\"Navarra\">Navarra<\/option><option value=\"Ourense\">Ourense<\/option><option value=\"Palencia\">Palencia<\/option><option value=\"Pontevedra\">Pontevedra<\/option><option value=\"Salamanca\">Salamanca<\/option><option value=\"Segovia\">Segovia<\/option><option value=\"Sevilla\">Sevilla<\/option><option value=\"Soria\">Soria<\/option><option value=\"Tarragona\">Tarragona<\/option><option value=\"Santa Cruz de Tenerife\">Santa Cruz de Tenerife<\/option><option value=\"Teruel\">Teruel<\/option><option value=\"Toledo\">Toledo<\/option><option value=\"Valencia\">Valencia<\/option><option value=\"Valladolid\">Valladolid<\/option><option value=\"Zamora\">Zamora<\/option><option value=\"Zaragoza\">Zaragoza<\/option><\/select><\/span> <\/label>\n<\/p>\n<p><label> Tu mensaje*<br \/>\n<span class=\"wpcf7-form-control-wrap\" data-name=\"your-message\"><textarea cols=\"40\" rows=\"10\" maxlength=\"2000\" class=\"wpcf7-form-control wpcf7-textarea wpcf7-validates-as-required\" aria-required=\"true\" aria-invalid=\"false\" placeholder=\"Escriba aqu\u00ed en qu\u00e9 mando, equipo o aplicaci\u00f3n est\u00e1 interesado; o si tiene alguna duda.\" name=\"your-message\"><\/textarea><\/span> <\/label>\n<\/p>\n<p><span class=\"wpcf7-form-control-wrap\" data-name=\"acceptance-322\"><span class=\"wpcf7-form-control wpcf7-acceptance\"><span class=\"wpcf7-list-item\"><label><input type=\"checkbox\" name=\"acceptance-322\" value=\"1\" aria-invalid=\"false\" \/><span class=\"wpcf7-list-item-label\">He le\u00eddo y acepto las <a href=\"https:\/\/www.tele-radio.com\/es\/politica-de-privacidad-y-cookies\/\" target=\"_blank\">condiciones de privacidad<\/a>.*<\/span><\/label><\/span><\/span><\/span>\n<\/p>\n<p><input class=\"wpcf7-form-control wpcf7-submit has-spinner\" type=\"submit\" value=\"Enviar\" \/>\n<\/p><div class=\"wpcf7-response-output\" aria-hidden=\"true\"><\/div>\n<\/form>\n<\/div>\n\r\n\t\t\t\t<script>\r\n\t\t\t\tif ( typeof huOptions !== 'undefined' ) {\r\n\t\t\t\t\tvar huFormData = {\"source\":\"contactform7\",\"id\":45404,\"title\":\"TRESP-comercial\",\"fields\":{\"subject\":{\"first_name\":\"your-name\",\"email\":\"your-email\"},\"preferences\":{\"terms\":\"your-consent\"}}};\r\n\t\t\t\t\tvar huFormNode = document.querySelector( '[id^=\"wpcf7-f45404-\"] form' );\r\n\r\n\t\t\t\t\thuFormData['node'] = huFormNode;\r\n\t\t\t\t\thuOptions['forms'].push( huFormData );\r\n\t\t\t\t}\r\n\t\t\t\t<\/script><\/div>\n\n\n\n<p><\/p>\n\n\n\n<p><\/p>\n","protected":false},"excerpt":{"rendered":"<p>Innovaci\u00f3n sostenible: excavadoras completamente el\u00e9ctricas con control remoto industrial En la b\u00fasqueda de soluciones sostenibles en el sector de la construcci\u00f3n y la infraestructura, desde 2018, Limach ha estado desarrollando excavadoras el\u00e9ctricas. Junto con la integraci\u00f3n de un paquete de bater\u00edas, un tren motriz el\u00e9ctrico-hidr\u00e1ulico y el avanzado sistema electr\u00f3nico de Limach, las excavadoras est\u00e1n [&hellip;]<\/p>\n","protected":false},"author":29,"featured_media":163758,"parent":0,"menu_order":0,"comment_status":"closed","ping_status":"closed","template":"","meta":{"_acf_changed":false,"footnotes":""},"class_list":["post-164936","page","type-page","status-publish","has-post-thumbnail","hentry"],"acf":[],"_links":{"self":[{"href":"https:\/\/www.tele-radio.com\/es\/wp-json\/wp\/v2\/pages\/164936","targetHints":{"allow":["GET"]}}],"collection":[{"href":"https:\/\/www.tele-radio.com\/es\/wp-json\/wp\/v2\/pages"}],"about":[{"href":"https:\/\/www.tele-radio.com\/es\/wp-json\/wp\/v2\/types\/page"}],"author":[{"embeddable":true,"href":"https:\/\/www.tele-radio.com\/es\/wp-json\/wp\/v2\/users\/29"}],"replies":[{"embeddable":true,"href":"https:\/\/www.tele-radio.com\/es\/wp-json\/wp\/v2\/comments?post=164936"}],"version-history":[{"count":7,"href":"https:\/\/www.tele-radio.com\/es\/wp-json\/wp\/v2\/pages\/164936\/revisions"}],"predecessor-version":[{"id":167078,"href":"https:\/\/www.tele-radio.com\/es\/wp-json\/wp\/v2\/pages\/164936\/revisions\/167078"}],"wp:featuredmedia":[{"embeddable":true,"href":"https:\/\/www.tele-radio.com\/es\/wp-json\/wp\/v2\/media\/163758"}],"wp:attachment":[{"href":"https:\/\/www.tele-radio.com\/es\/wp-json\/wp\/v2\/media?parent=164936"}],"curies":[{"name":"wp","href":"https:\/\/api.w.org\/{rel}","templated":true}]}}