{"id":152938,"date":"2022-11-23T10:32:08","date_gmt":"2022-11-23T10:32:08","guid":{"rendered":"https:\/\/www.tele-radio.com\/other\/"},"modified":"2024-10-18T14:04:27","modified_gmt":"2024-10-18T14:04:27","slug":"telemandos-para-puertas","status":"publish","type":"page","link":"https:\/\/www.tele-radio.com\/es\/telemandos-para-puertas\/","title":{"rendered":"MANDOS PARA PUERTAS, PORTONES Y BARRERAS"},"content":{"rendered":"\n<div style=\"height:31px\" aria-hidden=\"true\" class=\"wp-block-spacer\"><\/div>\n\n\n\n<h1 class=\"wp-block-heading has-text-align-center\"><strong><strong>MANDOS PARA PUERTAS, PORTONES Y BARRERAS<\/strong><\/strong><\/h1>\n\n\n\n<p>Tele Radio ofrece telemandos para puertas, portones y barreras, con soluciones que aportan seguridad, robusted y durabilidad.<\/p>\n\n\n\n<div style=\"height:26px\" aria-hidden=\"true\" class=\"wp-block-spacer\"><\/div>\n\n\n\n<div class=\"wp-block-columns is-layout-flex wp-container-core-columns-is-layout-9d6595d7 wp-block-columns-is-layout-flex\">\n<div class=\"wp-block-column is-layout-flow wp-block-column-is-layout-flow\">\n<h2 class=\"wp-block-heading\">Controla el acceso de forma segura y c\u00f3moda con un mando inal\u00e1mbrico para puertas, portones y barreras.<\/h2>\n\n\n\n<p>La capacidad de controlar remotamente la apertura o el movimiento de puertas enrollables, correderas, portones, vallas, barreras, bolardos y rampas retr\u00e1ctiles es esencial tanto para la <strong>seguridad<\/strong> como para la <strong>comodidad<\/strong>. Con a\u00f1os de experiencia, Tele Radio ofrece soluciones fiables y eficientes, dise\u00f1adas para un uso prolongado y adaptadas a tus necesidades espec\u00edficas. Contamos con una amplia gama de telemandos para puertas y accesorios para facilitar tu d\u00eda a d\u00eda. Ya sea que est\u00e9s levantando un bolardo en una calle concurrida o controlando las puertas enrollables en un centro de distribuci\u00f3n, nuestros transmisores hacen el trabajo m\u00e1s f\u00e1cil y seguro.<\/p>\n<\/div>\n\n\n\n<div class=\"wp-block-column is-layout-flow wp-block-column-is-layout-flow\" style=\"flex-basis:100px\"><\/div>\n\n\n\n<div class=\"wp-block-column is-layout-flow wp-block-column-is-layout-flow\">\n<div style=\"height:31px\" aria-hidden=\"true\" class=\"wp-block-spacer\"><\/div>\n\n\n\n<div class=\"wp-block-cover\" style=\"min-height:368px;aspect-ratio:unset;\"><span aria-hidden=\"true\" class=\"wp-block-cover__background has-black-background-color has-background-dim-20 has-background-dim\"><\/span><img loading=\"lazy\" decoding=\"async\" width=\"2400\" height=\"1602\" class=\"wp-block-cover__image-background wp-image-119677\" alt=\"telemandos para puertas\" src=\"https:\/\/www.tele-radio.com\/app\/uploads\/FM_MI_PN_0039.jpg\" style=\"object-position:59% 54%\" data-object-fit=\"cover\" data-object-position=\"59% 54%\" srcset=\"https:\/\/www.tele-radio.com\/app\/uploads\/FM_MI_PN_0039.jpg 2400w, https:\/\/www.tele-radio.com\/app\/uploads\/FM_MI_PN_0039-400x267.jpg 400w, https:\/\/www.tele-radio.com\/app\/uploads\/FM_MI_PN_0039-1200x801.jpg 1200w, https:\/\/www.tele-radio.com\/app\/uploads\/FM_MI_PN_0039-768x513.jpg 768w, https:\/\/www.tele-radio.com\/app\/uploads\/FM_MI_PN_0039-1536x1025.jpg 1536w, https:\/\/www.tele-radio.com\/app\/uploads\/FM_MI_PN_0039-2048x1367.jpg 2048w, https:\/\/www.tele-radio.com\/app\/uploads\/FM_MI_PN_0039-750x501.jpg 750w, https:\/\/www.tele-radio.com\/app\/uploads\/FM_MI_PN_0039-500x334.jpg 500w, https:\/\/www.tele-radio.com\/app\/uploads\/FM_MI_PN_0039-1600x1068.jpg 1600w, https:\/\/www.tele-radio.com\/app\/uploads\/FM_MI_PN_0039-800x534.jpg 800w\" sizes=\"auto, (max-width: 2400px) 100vw, 2400px\" \/><div class=\"wp-block-cover__inner-container is-layout-flow wp-block-cover-is-layout-flow\">\n<p class=\"has-text-align-center has-large-font-size\"><\/p>\n<\/div><\/div>\n<\/div>\n<\/div>\n\n\n\n<div style=\"height:32px\" aria-hidden=\"true\" class=\"wp-block-spacer\"><\/div>\n\n\n\n<h2 class=\"wp-block-heading has-text-align-center\"><strong>APLICACIONES<\/strong><\/h2>\n\n\n\n<h3 class=\"wp-block-heading has-text-align-center\">Tus requisitos de funcionalidad y seguridad<\/h3>\n\n\n\n<p>Los expertos de Tele Radio est\u00e1n aqu\u00ed para ayudarte a seleccionar el mejor transmisor para tu aplicaci\u00f3n. Ofrecemos transmisores con caracter\u00edsticas espec\u00edficas, y estas tres consideraciones son clave en tu elecci\u00f3n:<\/p>\n\n\n\n<div class=\"wp-block-media-text alignwide is-stacked-on-mobile is-vertically-aligned-center\" style=\"grid-template-columns:15% auto\"><figure class=\"wp-block-media-text__media\"><img loading=\"lazy\" decoding=\"async\" width=\"404\" height=\"404\" src=\"https:\/\/www.tele-radio.com\/app\/uploads\/Safety_level_2.png\" alt=\"\" class=\"wp-image-68198 size-full\" srcset=\"https:\/\/www.tele-radio.com\/app\/uploads\/Safety_level_2.png 404w, https:\/\/www.tele-radio.com\/app\/uploads\/Safety_level_2-400x400.png 400w, https:\/\/www.tele-radio.com\/app\/uploads\/Safety_level_2-150x150.png 150w, https:\/\/www.tele-radio.com\/app\/uploads\/Safety_level_2-250x250.png 250w\" sizes=\"auto, (max-width: 404px) 100vw, 404px\" \/><\/figure><div class=\"wp-block-media-text__content\">\n<p><strong>Nivel de seguridad<\/strong><\/p>\n\n\n\n<p>Nuestros transmisores cuentan con certificados de seguridad independientes. Esto garantiza que los botones de seguridad han sido probados y verificados por una entidad externa. Si deseas minimizar el riesgo de lesiones, te recomendamos elegir un sistema con certificaci\u00f3n de seguridad independiente. Si no existe riesgo, puedes optar por un mando sin certificaci\u00f3n.<\/p>\n<\/div><\/div>\n\n\n\n<div class=\"wp-block-media-text alignwide is-stacked-on-mobile is-vertically-aligned-center\" style=\"grid-template-columns:15% auto\"><figure class=\"wp-block-media-text__media\"><img loading=\"lazy\" decoding=\"async\" width=\"404\" height=\"404\" src=\"https:\/\/www.tele-radio.com\/app\/uploads\/Control_element_2.png\" alt=\"\" class=\"wp-image-68176 size-full\" srcset=\"https:\/\/www.tele-radio.com\/app\/uploads\/Control_element_2.png 404w, https:\/\/www.tele-radio.com\/app\/uploads\/Control_element_2-400x400.png 400w, https:\/\/www.tele-radio.com\/app\/uploads\/Control_element_2-150x150.png 150w, https:\/\/www.tele-radio.com\/app\/uploads\/Control_element_2-250x250.png 250w\" sizes=\"auto, (max-width: 404px) 100vw, 404px\" \/><\/figure><div class=\"wp-block-media-text__content\">\n<p><strong>Botones o joysticks<\/strong><\/p>\n\n\n\n<p>Un transmisor con botones es m\u00e1s manejable, pero igualmente preciso. Los botones de pulsaci\u00f3n proporcional permiten un control ajustado a la presi\u00f3n. Si prefieres un transmisor con joystick, aunque m\u00e1s grande, tendr\u00e1s m\u00e1s opciones de personalizaci\u00f3n, como interruptores adicionales y palancas.<\/p>\n<\/div><\/div>\n\n\n\n<div class=\"wp-block-media-text alignwide is-stacked-on-mobile\" style=\"grid-template-columns:15% auto\"><figure class=\"wp-block-media-text__media\"><img loading=\"lazy\" decoding=\"async\" width=\"404\" height=\"404\" src=\"https:\/\/www.tele-radio.com\/app\/uploads\/Feedback_2.png\" alt=\"\" class=\"wp-image-68223 size-full\" srcset=\"https:\/\/www.tele-radio.com\/app\/uploads\/Feedback_2.png 404w, https:\/\/www.tele-radio.com\/app\/uploads\/Feedback_2-400x400.png 400w, https:\/\/www.tele-radio.com\/app\/uploads\/Feedback_2-150x150.png 150w, https:\/\/www.tele-radio.com\/app\/uploads\/Feedback_2-250x250.png 250w\" sizes=\"auto, (max-width: 404px) 100vw, 404px\" \/><\/figure><div class=\"wp-block-media-text__content\">\n<p><strong>Informaci\u00f3n de feedback<\/strong><\/p>\n\n\n\n<p>Algunos transmisores pueden recibir informaci\u00f3n desde el receptor, que se muestra a trav\u00e9s de LEDs o en una pantalla. Esto es \u00fatil para aplicaciones como el control de gr\u00faas, donde puedes ver datos como el peso levantado o se\u00f1ales de advertencia. Sin embargo, en aplicaciones m\u00e1s sencillas, como encender una torre de luz o controlar una barrera, esta funci\u00f3n no es tan relevante.<\/p>\n<\/div><\/div>\n\n\n\n<div style=\"height:50px\" aria-hidden=\"true\" class=\"wp-block-spacer\"><\/div>\n\n\n<div class=\"wp-block-image is-style-default\">\n<figure class=\"aligncenter size-large is-resized\"><img decoding=\"async\" src=\"https:\/\/www.tele-radio.com\/app\/uploads\/\/Assortiment_2019_zonder_spiegeling_en_schaduw-1200x614.jpg\" alt=\"\" style=\"width:771px;height:394px\"\/><\/figure><\/div>\n\n\n<p class=\"has-large-font-size\" id=\"info\">Contacto<\/p>\n\n\n\n<div class=\"wp-block-columns is-layout-flex wp-container-core-columns-is-layout-9d6595d7 wp-block-columns-is-layout-flex\">\n<div class=\"wp-block-column is-layout-flow wp-block-column-is-layout-flow\" style=\"flex-basis:66.66%\">\n<div class=\"wp-block-contact-form-7-contact-form-selector\">\n<div class=\"wpcf7 no-js\" id=\"wpcf7-f48972-o1\" lang=\"en-EN\" dir=\"ltr\" data-wpcf7-id=\"48972\">\n<div class=\"screen-reader-response\"><p role=\"status\" aria-live=\"polite\" aria-atomic=\"true\"><\/p> <ul><\/ul><\/div>\n<form action=\"\/es\/wp-json\/wp\/v2\/pages\/152938#wpcf7-f48972-o1\" method=\"post\" class=\"wpcf7-form init\" aria-label=\"Contact form\" novalidate=\"novalidate\" data-status=\"init\">\n<fieldset class=\"hidden-fields-container\"><input type=\"hidden\" name=\"_wpcf7\" value=\"48972\" \/><input type=\"hidden\" name=\"_wpcf7_version\" value=\"6.1\" \/><input type=\"hidden\" name=\"_wpcf7_locale\" value=\"en_EN\" \/><input type=\"hidden\" name=\"_wpcf7_unit_tag\" value=\"wpcf7-f48972-o1\" \/><input type=\"hidden\" name=\"_wpcf7_container_post\" value=\"0\" \/><input type=\"hidden\" name=\"_wpcf7_posted_data_hash\" value=\"\" \/><input type=\"hidden\" name=\"_wpcf7_recaptcha_response\" value=\"\" \/>\n<\/fieldset>\n<p><label> Nombre*<br \/>\n<span class=\"wpcf7-form-control-wrap\" data-name=\"nombre\"><input size=\"40\" maxlength=\"400\" class=\"wpcf7-form-control wpcf7-text wpcf7-validates-as-required\" aria-required=\"true\" aria-invalid=\"false\" placeholder=\"Su nombre\" value=\"\" type=\"text\" name=\"nombre\" \/><\/span> <\/label>\n<\/p>\n<p><label> Email*<br \/>\n<span class=\"wpcf7-form-control-wrap\" data-name=\"tu-email\"><input size=\"40\" maxlength=\"400\" class=\"wpcf7-form-control wpcf7-email wpcf7-validates-as-required wpcf7-text wpcf7-validates-as-email\" aria-required=\"true\" aria-invalid=\"false\" placeholder=\"Su email\" value=\"\" type=\"email\" name=\"tu-email\" \/><\/span> <\/label>\n<\/p>\n<p><label> Tel\u00e9fono*<br \/>\n<span class=\"wpcf7-form-control-wrap\" data-name=\"tu-tfno\"><input size=\"40\" maxlength=\"400\" class=\"wpcf7-form-control wpcf7-tel wpcf7-validates-as-required wpcf7-text wpcf7-validates-as-tel\" aria-required=\"true\" aria-invalid=\"false\" placeholder=\"Tel\u00e9fono de contacto\" value=\"\" type=\"tel\" name=\"tu-tfno\" \/><\/span> <\/label>\n<\/p>\n<p><label> Mensaje*<br \/>\n<span class=\"wpcf7-form-control-wrap\" data-name=\"your-message\"><textarea cols=\"40\" rows=\"10\" maxlength=\"2000\" class=\"wpcf7-form-control wpcf7-textarea wpcf7-validates-as-required\" aria-required=\"true\" aria-invalid=\"false\" placeholder=\"Por favor, escriba aqu\u00ed su consulta o dudas.\" name=\"your-message\"><\/textarea><\/span> <\/label>\n<\/p>\n<p><span class=\"wpcf7-form-control-wrap\" data-name=\"acceptance-322\"><span class=\"wpcf7-form-control wpcf7-acceptance\"><span class=\"wpcf7-list-item\"><label><input type=\"checkbox\" name=\"acceptance-322\" value=\"1\" aria-invalid=\"false\" \/><span class=\"wpcf7-list-item-label\">He le\u00eddo y acepto las <a href=\"https:\/\/www.tele-radio.com\/la\/politica-de-privacidad-y-cookies\/\" target=\"_blank\">condiciones de privacidad<\/a>.*<\/span><\/label><\/span><\/span><\/span>\n<\/p>\n<p><input class=\"wpcf7-form-control wpcf7-submit has-spinner\" type=\"submit\" value=\"Enviar\" \/>\n<\/p><div class=\"wpcf7-response-output\" aria-hidden=\"true\"><\/div>\n<\/form>\n<\/div>\n\r\n\t\t\t\t<script>\r\n\t\t\t\tif ( typeof huOptions !== 'undefined' ) {\r\n\t\t\t\t\tvar huFormData = {\"source\":\"contactform7\",\"id\":48972,\"title\":\"TRLatAm-comercial\",\"fields\":{\"subject\":{\"first_name\":\"your-name\",\"email\":\"your-email\"},\"preferences\":{\"terms\":\"your-consent\"}}};\r\n\t\t\t\t\tvar huFormNode = document.querySelector( '[id^=\"wpcf7-f48972-\"] form' );\r\n\r\n\t\t\t\t\thuFormData['node'] = huFormNode;\r\n\t\t\t\t\thuOptions['forms'].push( huFormData );\r\n\t\t\t\t}\r\n\t\t\t\t<\/script><\/div>\n<\/div>\n\n\n\n<div class=\"wp-block-column is-layout-flow wp-block-column-is-layout-flow\" style=\"flex-basis:33.33%\"><\/div>\n<\/div>\n\n\n\n<div style=\"height:100px\" aria-hidden=\"true\" class=\"wp-block-spacer\"><\/div>\n","protected":false},"excerpt":{"rendered":"<p>MANDOS PARA PUERTAS, PORTONES Y BARRERAS Tele Radio ofrece telemandos para puertas, portones y barreras, con soluciones que aportan seguridad, robusted y durabilidad. Controla el acceso de forma segura y c\u00f3moda con un mando inal\u00e1mbrico para puertas, portones y barreras. La capacidad de controlar remotamente la apertura o el movimiento de puertas enrollables, correderas, portones, [&hellip;]<\/p>\n","protected":false},"author":29,"featured_media":0,"parent":0,"menu_order":0,"comment_status":"closed","ping_status":"closed","template":"","meta":{"_acf_changed":false,"footnotes":""},"class_list":["post-152938","page","type-page","status-publish","hentry"],"acf":[],"_links":{"self":[{"href":"https:\/\/www.tele-radio.com\/es\/wp-json\/wp\/v2\/pages\/152938","targetHints":{"allow":["GET"]}}],"collection":[{"href":"https:\/\/www.tele-radio.com\/es\/wp-json\/wp\/v2\/pages"}],"about":[{"href":"https:\/\/www.tele-radio.com\/es\/wp-json\/wp\/v2\/types\/page"}],"author":[{"embeddable":true,"href":"https:\/\/www.tele-radio.com\/es\/wp-json\/wp\/v2\/users\/29"}],"replies":[{"embeddable":true,"href":"https:\/\/www.tele-radio.com\/es\/wp-json\/wp\/v2\/comments?post=152938"}],"version-history":[{"count":5,"href":"https:\/\/www.tele-radio.com\/es\/wp-json\/wp\/v2\/pages\/152938\/revisions"}],"predecessor-version":[{"id":230693,"href":"https:\/\/www.tele-radio.com\/es\/wp-json\/wp\/v2\/pages\/152938\/revisions\/230693"}],"wp:attachment":[{"href":"https:\/\/www.tele-radio.com\/es\/wp-json\/wp\/v2\/media?parent=152938"}],"curies":[{"name":"wp","href":"https:\/\/api.w.org\/{rel}","templated":true}]}}