{"id":151018,"date":"2022-10-04T07:34:05","date_gmt":"2022-10-04T07:34:05","guid":{"rendered":"https:\/\/www.tele-radio.com\/industrial-machines\/"},"modified":"2023-03-23T14:19:40","modified_gmt":"2023-03-23T14:19:40","slug":"industrial-machines","status":"publish","type":"page","link":"https:\/\/www.tele-radio.com\/es\/industrial-machines\/","title":{"rendered":"TELEMANDOS EN SECTORES INDUSTRIA Y MAQUINARIA"},"content":{"rendered":"\n<h1 class=\"has-text-align-center wp-block-heading\">INDUSTRIA Y MAQUINARIA<\/h1>\n\n\n\n<div style=\"height:82px\" aria-hidden=\"true\" class=\"wp-block-spacer\"><\/div>\n\n\n\n<div class=\"wp-block-columns is-layout-flex wp-container-core-columns-is-layout-9d6595d7 wp-block-columns-is-layout-flex\">\n<div class=\"wp-block-column is-layout-flow wp-block-column-is-layout-flow\">\n<h1 class=\"wp-block-heading\">TELEMANDOS INDUSTRIALES Y MAQUINARIA<\/h1>\n\n\n\n<p>El sector de la industria abarca diferentes \u00e1reas de operaci\u00f3n. Desde trituradoras de roca, fabricaci\u00f3n de acero o cubiertas de silos profesionales. Tenemos una larga relaci\u00f3n con clientes trabajando en estas \u00e1reas, algo que prueba nuestro compromiso a ofrecer soluciones especializadas y soporte, lo cual es imperativo en el sector industrial. Nos esforzamos en crear productos robustos y seguros que sean capaces de reunir las altas demandas de seguridad en este sector. La maquinaria a menudo tiene que estar 100% operativa para solventar la demanda de los clientes, y hemos construido nuestros mandos con esto en mente. Son duros y resistentes a golpes, y si eventualmente requiere reemplazo hemos dise\u00f1ado un sistema f\u00e1cil para ti.<\/p>\n<\/div>\n\n\n\n<div class=\"wp-block-column is-layout-flow wp-block-column-is-layout-flow\" style=\"flex-basis:100px\"><\/div>\n\n\n\n<div class=\"wp-block-column is-layout-flow wp-block-column-is-layout-flow\">\n<div class=\"wp-block-cover\" style=\"min-height:549px;aspect-ratio:unset;\"><span aria-hidden=\"true\" class=\"has-background-dim-20 wp-block-cover__gradient-background has-background-dim\"><\/span><img loading=\"lazy\" decoding=\"async\" width=\"1597\" height=\"2400\" class=\"wp-block-cover__image-background wp-image-98938\" alt=\"\" src=\"https:\/\/www.tele-radio.com\/app\/uploads\/FM_LC_PN_0026.jpg\" data-object-fit=\"cover\" srcset=\"https:\/\/www.tele-radio.com\/app\/uploads\/FM_LC_PN_0026.jpg 1597w, https:\/\/www.tele-radio.com\/app\/uploads\/FM_LC_PN_0026-266x400.jpg 266w, https:\/\/www.tele-radio.com\/app\/uploads\/FM_LC_PN_0026-799x1200.jpg 799w, https:\/\/www.tele-radio.com\/app\/uploads\/FM_LC_PN_0026-768x1154.jpg 768w, https:\/\/www.tele-radio.com\/app\/uploads\/FM_LC_PN_0026-1022x1536.jpg 1022w, https:\/\/www.tele-radio.com\/app\/uploads\/FM_LC_PN_0026-1363x2048.jpg 1363w, https:\/\/www.tele-radio.com\/app\/uploads\/FM_LC_PN_0026-499x750.jpg 499w, https:\/\/www.tele-radio.com\/app\/uploads\/FM_LC_PN_0026-333x500.jpg 333w, https:\/\/www.tele-radio.com\/app\/uploads\/FM_LC_PN_0026-1065x1600.jpg 1065w, https:\/\/www.tele-radio.com\/app\/uploads\/FM_LC_PN_0026-532x800.jpg 532w\" sizes=\"auto, (max-width: 1597px) 100vw, 1597px\" \/><div class=\"wp-block-cover__inner-container is-layout-flow wp-block-cover-is-layout-flow\">\n<p class=\"has-text-align-center has-large-font-size\"><\/p>\n<\/div><\/div>\n<\/div>\n<\/div>\n\n\n\n<div style=\"height:100px\" aria-hidden=\"true\" class=\"wp-block-spacer\"><\/div>\n\n\n\n<div class=\"wp-block-buttons is-horizontal is-content-justification-center is-layout-flex wp-container-core-buttons-is-layout-499968f5 wp-block-buttons-is-layout-flex\">\n<div class=\"wp-block-button\"><a class=\"wp-block-button__link has-black-color has-text-color has-background\" href=\"#info\" style=\"border-radius:7px;background-color:#fbba00\"><strong>Obt\u00e9n m\u00e1s informaci\u00f3n<\/strong><\/a><\/div>\n<\/div>\n\n\n\n<div style=\"height:100px\" aria-hidden=\"true\" class=\"wp-block-spacer\"><\/div>\n\n\n\n<div class=\"wp-block-cover is-light\"><span aria-hidden=\"true\" class=\"has-very-light-gray-background-color has-background-dim-100 wp-block-cover__gradient-background has-background-dim\"><\/span><div class=\"wp-block-cover__inner-container is-layout-flow wp-block-cover-is-layout-flow\">\n<div class=\"wp-block-columns is-layout-flex wp-container-core-columns-is-layout-9d6595d7 wp-block-columns-is-layout-flex\">\n<div class=\"wp-block-column is-layout-flow wp-block-column-is-layout-flow\">\n<div class=\"wp-block-image\"><figure class=\"aligncenter size-large is-resized\"><img loading=\"lazy\" decoding=\"async\" src=\"https:\/\/www.tele-radio.com\/app\/uploads\/Fail_Safe_Operation.png\" alt=\"\" class=\"wp-image-68103\" width=\"90\" height=\"75\"\/><\/figure><\/div>\n\n\n\n<p class=\"has-text-align-center has-very-dark-gray-color has-text-color\"><strong>Sistema a prueba de fallos<\/strong><\/p>\n\n\n\n<p class=\"has-text-align-center has-very-dark-gray-color has-text-color\">Los rel\u00e9s se desactivan por seguridad cuando est\u00e1 fuera de rango, sin bater\u00eda, roto, etc. Niveles de seguridad certificados independientes.<\/p>\n<\/div>\n\n\n\n<div class=\"wp-block-column is-layout-flow wp-block-column-is-layout-flow\">\n<div class=\"wp-block-image\"><figure class=\"aligncenter size-large is-resized\"><img loading=\"lazy\" decoding=\"async\" src=\"https:\/\/www.tele-radio.com\/app\/uploads\/Protection.png\" alt=\"\" class=\"wp-image-68125\" width=\"45\" height=\"78\"\/><\/figure><\/div>\n\n\n\n<p class=\"has-text-align-center has-very-dark-gray-color has-text-color\"><strong>Protegido contra polvo y agua<\/strong><\/p>\n\n\n\n<p class=\"has-text-align-center has-very-dark-gray-color has-text-color\">Nuestros transmisores son extremadamente robustos. Algunos tienen certificados IP65 y la mayor\u00eda IP67.<\/p>\n<\/div>\n\n\n\n<div class=\"wp-block-column is-layout-flow wp-block-column-is-layout-flow\">\n<div class=\"wp-block-image\"><figure class=\"aligncenter size-large is-resized\"><img loading=\"lazy\" decoding=\"async\" src=\"https:\/\/www.tele-radio.com\/app\/uploads\/Certification_2.png\" alt=\"\" class=\"wp-image-68149\" width=\"56\" height=\"78\"\/><\/figure><\/div>\n\n\n\n<p class=\"has-text-align-center has-very-dark-gray-color has-text-color\"><strong>Servicio excelente<\/strong><\/p>\n\n\n\n<p class=\"has-text-align-center has-very-dark-gray-color has-text-color\">Clientes alrededor del mundo conf\u00edan en nuestra marca. Ofrecemos un servicio excelente y soluciones a medida.<\/p>\n<\/div>\n<\/div>\n<\/div><\/div>\n\n\n\n<div style=\"height:100px\" aria-hidden=\"true\" class=\"wp-block-spacer\"><\/div>\n\n\n\n<h2 class=\"has-text-align-center wp-block-heading\">APLICACIONES<\/h2>\n\n\n\n<p class=\"has-text-align-center\"><em>Para dar una idea de las posibilidades, tenemos algunos ejemplos de aplicaciones y sus productos t\u00edpicos aqu\u00ed:<\/em><\/p>\n\n\n\n<div class=\"wp-block-columns is-layout-flex wp-container-core-columns-is-layout-9d6595d7 wp-block-columns-is-layout-flex\">\n<div class=\"wp-block-column is-layout-flow wp-block-column-is-layout-flow\">\n<div class=\"wp-block-cover is-light\"><span aria-hidden=\"true\" class=\"has-white-background-color has-background-dim-100 wp-block-cover__gradient-background has-background-dim\"><\/span><div class=\"wp-block-cover__inner-container is-layout-flow wp-block-cover-is-layout-flow\">\n<div class=\"wp-block-image is-style-default\"><figure class=\"aligncenter size-full is-resized\"><img loading=\"lazy\" decoding=\"async\" src=\"https:\/\/www.tele-radio.com\/app\/uploads\/silo-1.png\" alt=\"\" class=\"wp-image-117864\" width=\"71\" height=\"71\"\/><\/figure><\/div>\n\n\n\n<p class=\"has-text-align-center has-black-color has-text-color\"><strong>CUBIERTA DE SILOS<\/strong><\/p>\n\n\n\n<p class=\"has-text-align-center has-black-color has-text-color\">La cubierta de silos a veces tiene un sistema que recorre el silo completo, normalmente con riel, cabrestante y panel. Esto podr\u00eda ser f\u00e1cilmente controlado desde el tractor en lugar de tener que salir del veh\u00edculo y usar el panel de control en la aplicaci\u00f3n de la cubierta de silos.<\/p>\n<\/div><\/div>\n<\/div>\n\n\n\n<div class=\"wp-block-column is-vertically-aligned-top is-layout-flow wp-block-column-is-layout-flow\">\n<div class=\"wp-block-cover is-light\"><span aria-hidden=\"true\" class=\"has-white-background-color has-background-dim-100 wp-block-cover__gradient-background has-background-dim\"><\/span><div class=\"wp-block-cover__inner-container is-layout-flow wp-block-cover-is-layout-flow\">\n<div class=\"wp-block-image is-style-default\"><figure class=\"aligncenter size-full is-resized\"><img loading=\"lazy\" decoding=\"async\" src=\"https:\/\/www.tele-radio.com\/app\/uploads\/ladle-1.png\" alt=\"\" class=\"wp-image-151063\" width=\"71\" height=\"71\"\/><\/figure><\/div>\n\n\n\n<p class=\"has-text-align-center has-black-color has-text-color\"><strong>FABRICACI\u00d3N DE ACERO<\/strong><\/p>\n\n\n\n<p class=\"has-text-align-center has-black-color has-text-color\">La fabricaci\u00f3n de acero consiste en la conversi\u00f3n de hierro l\u00edquido y acero chatarra en acero puro. Hay distintos procesos, pero todos son peligrosos para el operario, y con la utilizaci\u00f3n del control remoto se elimina el riesgo por proximidad. <\/p>\n<\/div><\/div>\n<\/div>\n\n\n\n<div class=\"wp-block-column is-vertically-aligned-top is-layout-flow wp-block-column-is-layout-flow\">\n<div style=\"height:65px\" aria-hidden=\"true\" class=\"wp-block-spacer\"><\/div>\n\n\n\n<div class=\"wp-block-image is-style-default\"><figure class=\"aligncenter size-full is-resized\"><img loading=\"lazy\" decoding=\"async\" src=\"https:\/\/www.tele-radio.com\/app\/uploads\/rocks-1.png\" alt=\"\" class=\"wp-image-117910\" width=\"71\" height=\"71\"\/><\/figure><\/div>\n\n\n\n<p class=\"has-text-align-center\"><strong>TRITURADORA DE ROCAS<\/strong><\/p>\n\n\n\n<p class=\"has-text-align-center\">Las trituradoras y cribadoras de rocas son m\u00e1quinas para convertir grandes rocas en piezas m\u00e1s peque\u00f1as. Idealmente controladas de forma remota por un operador para funciones b\u00e1sicas y movimiento.<\/p>\n<\/div>\n<\/div>\n\n\n\n<div style=\"height:50px\" aria-hidden=\"true\" class=\"wp-block-spacer\"><\/div>\n\n\n\n<h2 class=\"has-text-align-center wp-block-heading\"><strong>APLICACIONES<\/strong><\/h2>\n\n\n\n<h3 class=\"has-text-align-center wp-block-heading\">Tus requisitos de funcionalidad y seguridad<\/h3>\n\n\n\n<p>Los empleados de Tele Radio pueden ayudarte a elegir el mejor transmisor para tu aplicaci\u00f3n. Suministramos diferentes transmisores con propiedades espec\u00edficas. Las siguientes tres son esenciales en tu elecci\u00f3n:<\/p>\n\n\n\n<div class=\"wp-block-media-text alignwide is-stacked-on-mobile is-vertically-aligned-center\" style=\"grid-template-columns:15% auto\"><figure class=\"wp-block-media-text__media\"><img loading=\"lazy\" decoding=\"async\" width=\"404\" height=\"404\" src=\"https:\/\/www.tele-radio.com\/app\/uploads\/Safety_level_2.png\" alt=\"\" class=\"wp-image-68198 size-full\" srcset=\"https:\/\/www.tele-radio.com\/app\/uploads\/Safety_level_2.png 404w, https:\/\/www.tele-radio.com\/app\/uploads\/Safety_level_2-400x400.png 400w, https:\/\/www.tele-radio.com\/app\/uploads\/Safety_level_2-150x150.png 150w, https:\/\/www.tele-radio.com\/app\/uploads\/Safety_level_2-250x250.png 250w\" sizes=\"auto, (max-width: 404px) 100vw, 404px\" \/><\/figure><div class=\"wp-block-media-text__content\">\n<p><strong>Nivel de seguridad<\/strong><\/p>\n\n\n\n<p>Nuestros transmisores son seguros, con distintos certificados de seguridad independientes. Esto significa que la funcionalidad correcta del bot\u00f3n de seguridad ha sido testeado y verificado por una entidad externa e independiente. Est\u00e1 recomendado escoger un sistema con una certificaci\u00f3n de seguridad independiente si quieres minimizar el riesgo de lesi\u00f3n usando maquinaria. \u00bfNo hay riesgo de seguridad? Entonces puedes elegir un mando sin certificaci\u00f3n.<\/p>\n<\/div><\/div>\n\n\n\n<div class=\"wp-block-media-text alignwide is-stacked-on-mobile is-vertically-aligned-center\" style=\"grid-template-columns:15% auto\"><figure class=\"wp-block-media-text__media\"><img loading=\"lazy\" decoding=\"async\" width=\"404\" height=\"404\" src=\"https:\/\/www.tele-radio.com\/app\/uploads\/Control_element_2.png\" alt=\"\" class=\"wp-image-68176 size-full\" srcset=\"https:\/\/www.tele-radio.com\/app\/uploads\/Control_element_2.png 404w, https:\/\/www.tele-radio.com\/app\/uploads\/Control_element_2-400x400.png 400w, https:\/\/www.tele-radio.com\/app\/uploads\/Control_element_2-150x150.png 150w, https:\/\/www.tele-radio.com\/app\/uploads\/Control_element_2-250x250.png 250w\" sizes=\"auto, (max-width: 404px) 100vw, 404px\" \/><\/figure><div class=\"wp-block-media-text__content\">\n<p><strong>Botones o joysticks<\/strong><\/p>\n\n\n\n<p>Con el uso de botones, un transmisor es m\u00e1s manejable, pero definitivamente no menos precisi\u00f3n en su control. Por ejemplo, un transmisor con botones de pulsaci\u00f3n proporcionales es similar en precisi\u00f3n a un transmisor con joystick. Al presionar m\u00e1s el bot\u00f3n, el grado de actuaci\u00f3n incrementa. Un transmisor con joystick es m\u00e1s grande pero ofrece m\u00e1s opciones para personalizaci\u00f3n en forma de botones especiales, interruptores, y palancas, por ejemplo.<\/p>\n<\/div><\/div>\n\n\n\n<div class=\"wp-block-media-text alignwide is-stacked-on-mobile\" style=\"grid-template-columns:15% auto\"><figure class=\"wp-block-media-text__media\"><img loading=\"lazy\" decoding=\"async\" width=\"404\" height=\"404\" src=\"https:\/\/www.tele-radio.com\/app\/uploads\/Feedback_2.png\" alt=\"\" class=\"wp-image-68223 size-full\" srcset=\"https:\/\/www.tele-radio.com\/app\/uploads\/Feedback_2.png 404w, https:\/\/www.tele-radio.com\/app\/uploads\/Feedback_2-400x400.png 400w, https:\/\/www.tele-radio.com\/app\/uploads\/Feedback_2-150x150.png 150w, https:\/\/www.tele-radio.com\/app\/uploads\/Feedback_2-250x250.png 250w\" sizes=\"auto, (max-width: 404px) 100vw, 404px\" \/><\/figure><div class=\"wp-block-media-text__content\">\n<p><strong>Informaci\u00f3n de feedback<\/strong><\/p>\n\n\n\n<p>Algunos transmisores pueden recibir informaci\u00f3n por un receptor. Dependiendo del sistema, la informaci\u00f3n es visible utilizando LEDs en el transmisor o por una pantalla. Por ejemplo, cuando se controla una gr\u00faa, es posible usar la pantalla para mostrar informaci\u00f3n como elevar peso o se\u00f1ales de advertencia. Esta funci\u00f3n ser\u00e1 menos relevante para tareas m\u00e1s sencillas como encender una torre de luz o bombeo.<\/p>\n<\/div><\/div>\n\n\n\n<div style=\"height:50px\" aria-hidden=\"true\" class=\"wp-block-spacer\"><\/div>\n\n\n\n<div class=\"wp-block-image is-style-default\"><figure class=\"aligncenter size-large is-resized\"><img loading=\"lazy\" decoding=\"async\" src=\"https:\/\/www.tele-radio.com\/app\/uploads\/\/Assortiment_2019_zonder_spiegeling_en_schaduw-1200x614.jpg\" alt=\"\" width=\"771\" height=\"394\"\/><\/figure><\/div>\n\n\n\n<p class=\"has-large-font-size\" id=\"info\">Contacto<\/p>\n\n\n\n<div class=\"wp-block-columns is-layout-flex wp-container-core-columns-is-layout-9d6595d7 wp-block-columns-is-layout-flex\">\n<div class=\"wp-block-column is-layout-flow wp-block-column-is-layout-flow\" style=\"flex-basis:66.66%\">\n<div class=\"wpcf7 no-js\" id=\"wpcf7-f45404-o1\" lang=\"en-EN\" dir=\"ltr\" data-wpcf7-id=\"45404\">\n<div class=\"screen-reader-response\"><p role=\"status\" aria-live=\"polite\" aria-atomic=\"true\"><\/p> <ul><\/ul><\/div>\n<form action=\"\/es\/wp-json\/wp\/v2\/pages\/151018#wpcf7-f45404-o1\" method=\"post\" class=\"wpcf7-form init\" aria-label=\"Contact form\" novalidate=\"novalidate\" data-status=\"init\">\n<fieldset class=\"hidden-fields-container\"><input type=\"hidden\" name=\"_wpcf7\" value=\"45404\" \/><input type=\"hidden\" name=\"_wpcf7_version\" value=\"6.1\" \/><input type=\"hidden\" name=\"_wpcf7_locale\" value=\"en_EN\" \/><input type=\"hidden\" name=\"_wpcf7_unit_tag\" value=\"wpcf7-f45404-o1\" \/><input type=\"hidden\" name=\"_wpcf7_container_post\" value=\"0\" \/><input type=\"hidden\" name=\"_wpcf7_posted_data_hash\" value=\"\" \/><input type=\"hidden\" name=\"_wpcf7_recaptcha_response\" value=\"\" \/>\n<\/fieldset>\n<p><label> Nombre*<br \/>\n<span class=\"wpcf7-form-control-wrap\" data-name=\"nombre\"><input size=\"40\" maxlength=\"400\" class=\"wpcf7-form-control wpcf7-text wpcf7-validates-as-required\" aria-required=\"true\" aria-invalid=\"false\" placeholder=\"Su nombre\" value=\"\" type=\"text\" name=\"nombre\" \/><\/span> <\/label>\n<\/p>\n<p><label> Email*<br \/>\n<span class=\"wpcf7-form-control-wrap\" data-name=\"tu-email\"><input size=\"40\" maxlength=\"400\" class=\"wpcf7-form-control wpcf7-email wpcf7-validates-as-required wpcf7-text wpcf7-validates-as-email\" aria-required=\"true\" aria-invalid=\"false\" placeholder=\"Su email\" value=\"\" type=\"email\" name=\"tu-email\" \/><\/span> <\/label>\n<\/p>\n<p><label> Tel\u00e9fono<br \/>\n<span class=\"wpcf7-form-control-wrap\" data-name=\"tu-tfno\"><input size=\"40\" maxlength=\"400\" class=\"wpcf7-form-control wpcf7-tel wpcf7-text wpcf7-validates-as-tel\" aria-invalid=\"false\" placeholder=\"Tel\u00e9fono de contacto\" value=\"\" type=\"tel\" name=\"tu-tfno\" \/><\/span> <\/label>\n<\/p>\n<p><label> Provincia*<br \/>\n<span class=\"wpcf7-form-control-wrap\" data-name=\"Provincia\"><select class=\"wpcf7-form-control wpcf7-select\" aria-invalid=\"false\" name=\"Provincia\"><option value=\"\">&#8212;Please choose an option&#8212;<\/option><option value=\"A Coru\u00f1a\">A Coru\u00f1a<\/option><option value=\"\u00c1lava\">\u00c1lava<\/option><option value=\"Albacete\">Albacete<\/option><option value=\"Alicante\">Alicante<\/option><option value=\"Almer\u00eda\">Almer\u00eda<\/option><option value=\"Asturias\">Asturias<\/option><option value=\"\u00c1vila\">\u00c1vila<\/option><option value=\"Badajoz\">Badajoz<\/option><option value=\"Baleares\">Baleares<\/option><option value=\"Barcelona\">Barcelona<\/option><option value=\"Bizkaia\">Bizkaia<\/option><option value=\"Burgos\">Burgos<\/option><option value=\"C\u00e1ceres\">C\u00e1ceres<\/option><option value=\"C\u00e1diz\">C\u00e1diz<\/option><option value=\"Cantabria\">Cantabria<\/option><option value=\"Castell\u00f3n\">Castell\u00f3n<\/option><option value=\"Ceuta\">Ceuta<\/option><option value=\"Ciudad Real\">Ciudad Real<\/option><option value=\"C\u00f3rdoba\">C\u00f3rdoba<\/option><option value=\"Cuenca\">Cuenca<\/option><option value=\"Girona\">Girona<\/option><option value=\"Granada\">Granada<\/option><option value=\"Guadalajara\">Guadalajara<\/option><option value=\"Gipuzkoa\">Gipuzkoa<\/option><option value=\"Huelva\">Huelva<\/option><option value=\"Huesca\">Huesca<\/option><option value=\"Ja\u00e9n\">Ja\u00e9n<\/option><option value=\"La Rioja\">La Rioja<\/option><option value=\"Las Palmas\">Las Palmas<\/option><option value=\"Le\u00f3n\">Le\u00f3n<\/option><option value=\"L\u00e9rida\">L\u00e9rida<\/option><option value=\"Lugo\">Lugo<\/option><option value=\"Madrid\">Madrid<\/option><option value=\"M\u00e1laga\">M\u00e1laga<\/option><option value=\"Melilla\">Melilla<\/option><option value=\"Murcia\">Murcia<\/option><option value=\"Navarra\">Navarra<\/option><option value=\"Ourense\">Ourense<\/option><option value=\"Palencia\">Palencia<\/option><option value=\"Pontevedra\">Pontevedra<\/option><option value=\"Salamanca\">Salamanca<\/option><option value=\"Segovia\">Segovia<\/option><option value=\"Sevilla\">Sevilla<\/option><option value=\"Soria\">Soria<\/option><option value=\"Tarragona\">Tarragona<\/option><option value=\"Santa Cruz de Tenerife\">Santa Cruz de Tenerife<\/option><option value=\"Teruel\">Teruel<\/option><option value=\"Toledo\">Toledo<\/option><option value=\"Valencia\">Valencia<\/option><option value=\"Valladolid\">Valladolid<\/option><option value=\"Zamora\">Zamora<\/option><option value=\"Zaragoza\">Zaragoza<\/option><\/select><\/span> <\/label>\n<\/p>\n<p><label> Tu mensaje*<br \/>\n<span class=\"wpcf7-form-control-wrap\" data-name=\"your-message\"><textarea cols=\"40\" rows=\"10\" maxlength=\"2000\" class=\"wpcf7-form-control wpcf7-textarea wpcf7-validates-as-required\" aria-required=\"true\" aria-invalid=\"false\" placeholder=\"Escriba aqu\u00ed en qu\u00e9 mando, equipo o aplicaci\u00f3n est\u00e1 interesado; o si tiene alguna duda.\" name=\"your-message\"><\/textarea><\/span> <\/label>\n<\/p>\n<p><span class=\"wpcf7-form-control-wrap\" data-name=\"acceptance-322\"><span class=\"wpcf7-form-control wpcf7-acceptance\"><span class=\"wpcf7-list-item\"><label><input type=\"checkbox\" name=\"acceptance-322\" value=\"1\" aria-invalid=\"false\" \/><span class=\"wpcf7-list-item-label\">He le\u00eddo y acepto las <a href=\"https:\/\/www.tele-radio.com\/es\/politica-de-privacidad-y-cookies\/\" target=\"_blank\">condiciones de privacidad<\/a>.*<\/span><\/label><\/span><\/span><\/span>\n<\/p>\n<p><input class=\"wpcf7-form-control wpcf7-submit has-spinner\" type=\"submit\" value=\"Enviar\" \/>\n<\/p><div class=\"wpcf7-response-output\" aria-hidden=\"true\"><\/div>\n<\/form>\n<\/div>\n\r\n\t\t\t\t<script>\r\n\t\t\t\tif ( typeof huOptions !== 'undefined' ) {\r\n\t\t\t\t\tvar huFormData = {\"source\":\"contactform7\",\"id\":45404,\"title\":\"TRESP-comercial\",\"fields\":{\"subject\":{\"first_name\":\"your-name\",\"email\":\"your-email\"},\"preferences\":{\"terms\":\"your-consent\"}}};\r\n\t\t\t\t\tvar huFormNode = document.querySelector( '[id^=\"wpcf7-f45404-\"] form' );\r\n\r\n\t\t\t\t\thuFormData['node'] = huFormNode;\r\n\t\t\t\t\thuOptions['forms'].push( huFormData );\r\n\t\t\t\t}\r\n\t\t\t\t<\/script>\n<\/div>\n\n\n\n<div class=\"wp-block-column is-layout-flow wp-block-column-is-layout-flow\" style=\"flex-basis:33.33%\"><\/div>\n<\/div>\n\n\n\n<div style=\"height:100px\" aria-hidden=\"true\" class=\"wp-block-spacer\"><\/div>\n","protected":false},"excerpt":{"rendered":"<p>INDUSTRIA Y MAQUINARIA TELEMANDOS INDUSTRIALES Y MAQUINARIA El sector de la industria abarca diferentes \u00e1reas de operaci\u00f3n. Desde trituradoras de roca, fabricaci\u00f3n de acero o cubiertas de silos profesionales. Tenemos una larga relaci\u00f3n con clientes trabajando en estas \u00e1reas, algo que prueba nuestro compromiso a ofrecer soluciones especializadas y soporte, lo cual es imperativo en [&hellip;]<\/p>\n","protected":false},"author":29,"featured_media":0,"parent":0,"menu_order":0,"comment_status":"closed","ping_status":"closed","template":"","meta":{"_acf_changed":false,"footnotes":""},"class_list":["post-151018","page","type-page","status-publish","hentry"],"acf":[],"_links":{"self":[{"href":"https:\/\/www.tele-radio.com\/es\/wp-json\/wp\/v2\/pages\/151018","targetHints":{"allow":["GET"]}}],"collection":[{"href":"https:\/\/www.tele-radio.com\/es\/wp-json\/wp\/v2\/pages"}],"about":[{"href":"https:\/\/www.tele-radio.com\/es\/wp-json\/wp\/v2\/types\/page"}],"author":[{"embeddable":true,"href":"https:\/\/www.tele-radio.com\/es\/wp-json\/wp\/v2\/users\/29"}],"replies":[{"embeddable":true,"href":"https:\/\/www.tele-radio.com\/es\/wp-json\/wp\/v2\/comments?post=151018"}],"version-history":[{"count":2,"href":"https:\/\/www.tele-radio.com\/es\/wp-json\/wp\/v2\/pages\/151018\/revisions"}],"predecessor-version":[{"id":151089,"href":"https:\/\/www.tele-radio.com\/es\/wp-json\/wp\/v2\/pages\/151018\/revisions\/151089"}],"wp:attachment":[{"href":"https:\/\/www.tele-radio.com\/es\/wp-json\/wp\/v2\/media?parent=151018"}],"curies":[{"name":"wp","href":"https:\/\/api.w.org\/{rel}","templated":true}]}}