{"id":150030,"date":"2022-11-23T10:06:37","date_gmt":"2022-11-23T10:06:37","guid":{"rendered":"https:\/\/www.tele-radio.com\/logistics\/"},"modified":"2023-03-21T16:53:33","modified_gmt":"2023-03-21T16:53:33","slug":"logistics","status":"publish","type":"page","link":"https:\/\/www.tele-radio.com\/es\/logistics\/","title":{"rendered":"LOG\u00cdSTICA"},"content":{"rendered":"\n<div style=\"height:31px\" aria-hidden=\"true\" class=\"wp-block-spacer\"><\/div>\n\n\n\n<h1 class=\"has-text-align-center wp-block-heading\"><strong>LOG\u00cdSTICA<\/strong><\/h1>\n\n\n\n<div style=\"height:26px\" aria-hidden=\"true\" class=\"wp-block-spacer\"><\/div>\n\n\n\n<div class=\"wp-block-columns is-layout-flex wp-container-core-columns-is-layout-9d6595d7 wp-block-columns-is-layout-flex\">\n<div class=\"wp-block-column is-layout-flow wp-block-column-is-layout-flow\">\n<h2 class=\"wp-block-heading\">Tele Radio ofrece soluciones inal\u00e1mbricas para muchas aplicaciones de log\u00edstica<\/h2>\n\n\n\n<p>Un control remoto no solo incrementa significativamente la eficiencia en el trabajo, sino que tambi\u00e9n crea un ambiente de trabajo seguro para humanos y reduce riesgos.<\/p>\n\n\n\n<p><\/p>\n\n\n\n<p>Tenemos soluciones para sistemas de almacenaje, cintas transportadoras, montacargas y m\u00e1s. Con nuestros sistemas de control remoto todo tipo de aplicaciones de log\u00edstica pueden ser controladas a distancia f\u00e1cilmente para mejorar la visi\u00f3n del operador desde una distancia segura.<\/p>\n\n\n\n<p><\/p>\n\n\n\n<p>Ofrecemos mandos radiocontrol con funci\u00f3n de parada de seguridad certificada que re\u00fane los est\u00e1ndar de seguridad PLe\/CAT3, SIL3 esenciales en t\u00e9rminos de seguridad. Si hay un mensaje de error o el transmisor est\u00e1 fuera de rango, la parada de seguridad se activar\u00e1 automaticamente. El sensor de ca\u00edda desactiva autom\u00e1ticamente el mando ante un movimiento brusco inesperado. Esto garantiza seguridad al preveer una pulsaci\u00f3n y activaci\u00f3n de funciones inesperada. Indispensable para muchas aplicaci\u00f3n de log\u00edstica.&nbsp;<\/p>\n<\/div>\n\n\n\n<div class=\"wp-block-column is-layout-flow wp-block-column-is-layout-flow\" style=\"flex-basis:100px\"><\/div>\n\n\n\n<div class=\"wp-block-column is-layout-flow wp-block-column-is-layout-flow\">\n<div style=\"height:31px\" aria-hidden=\"true\" class=\"wp-block-spacer\"><\/div>\n\n\n\n<div class=\"wp-block-cover\" style=\"min-height:368px;aspect-ratio:unset;\"><span aria-hidden=\"true\" class=\"has-black-background-color has-background-dim-20 wp-block-cover__gradient-background has-background-dim\"><\/span><img loading=\"lazy\" decoding=\"async\" width=\"2400\" height=\"1602\" class=\"wp-block-cover__image-background wp-image-119703\" alt=\"\" src=\"https:\/\/www.tele-radio.com\/app\/uploads\/FM_MI_PN_0051.jpg\" style=\"object-position:71% 53%\" data-object-fit=\"cover\" data-object-position=\"71% 53%\" srcset=\"https:\/\/www.tele-radio.com\/app\/uploads\/FM_MI_PN_0051.jpg 2400w, https:\/\/www.tele-radio.com\/app\/uploads\/FM_MI_PN_0051-400x267.jpg 400w, https:\/\/www.tele-radio.com\/app\/uploads\/FM_MI_PN_0051-1200x801.jpg 1200w, https:\/\/www.tele-radio.com\/app\/uploads\/FM_MI_PN_0051-768x513.jpg 768w, https:\/\/www.tele-radio.com\/app\/uploads\/FM_MI_PN_0051-1536x1025.jpg 1536w, https:\/\/www.tele-radio.com\/app\/uploads\/FM_MI_PN_0051-2048x1367.jpg 2048w, https:\/\/www.tele-radio.com\/app\/uploads\/FM_MI_PN_0051-750x501.jpg 750w, https:\/\/www.tele-radio.com\/app\/uploads\/FM_MI_PN_0051-500x334.jpg 500w, https:\/\/www.tele-radio.com\/app\/uploads\/FM_MI_PN_0051-1600x1068.jpg 1600w, https:\/\/www.tele-radio.com\/app\/uploads\/FM_MI_PN_0051-800x534.jpg 800w\" sizes=\"auto, (max-width: 2400px) 100vw, 2400px\" \/><div class=\"wp-block-cover__inner-container is-layout-flow wp-block-cover-is-layout-flow\">\n<p class=\"has-text-align-center has-large-font-size\"><\/p>\n<\/div><\/div>\n<\/div>\n<\/div>\n\n\n\n<div style=\"height:32px\" aria-hidden=\"true\" class=\"wp-block-spacer\"><\/div>\n\n\n\n<div class=\"wp-block-cover is-light\"><span aria-hidden=\"true\" class=\"has-very-light-gray-background-color has-background-dim-100 wp-block-cover__gradient-background has-background-dim\"><\/span><div class=\"wp-block-cover__inner-container is-layout-flow wp-block-cover-is-layout-flow\">\n<div class=\"wp-block-columns is-layout-flex wp-container-core-columns-is-layout-9d6595d7 wp-block-columns-is-layout-flex\">\n<div class=\"wp-block-column is-layout-flow wp-block-column-is-layout-flow\">\n<div class=\"wp-block-image\"><figure class=\"aligncenter size-large is-resized\"><img loading=\"lazy\" decoding=\"async\" src=\"https:\/\/www.tele-radio.com\/app\/uploads\/Fail_Safe_Operation.png\" alt=\"\" class=\"wp-image-68103\" width=\"90\" height=\"75\"\/><\/figure><\/div>\n\n\n\n<p class=\"has-text-align-center has-very-dark-gray-color has-text-color\"><strong>Sistema a prueba de fallos<\/strong><\/p>\n\n\n\n<p class=\"has-text-align-center has-very-dark-gray-color has-text-color\">Los rel\u00e9s se desactivan por seguridad cuando est\u00e1 fuera de rango, sin bater\u00eda, roto, etc. Niveles de seguridad certificados independientes.<\/p>\n<\/div>\n\n\n\n<div class=\"wp-block-column is-layout-flow wp-block-column-is-layout-flow\">\n<div class=\"wp-block-image\"><figure class=\"aligncenter size-large is-resized\"><img loading=\"lazy\" decoding=\"async\" src=\"https:\/\/www.tele-radio.com\/app\/uploads\/Protection.png\" alt=\"\" class=\"wp-image-68125\" width=\"45\" height=\"78\"\/><\/figure><\/div>\n\n\n\n<p class=\"has-text-align-center has-very-dark-gray-color has-text-color\"><strong>Protegido contra polvo y agua<\/strong><\/p>\n\n\n\n<p class=\"has-text-align-center has-very-dark-gray-color has-text-color\">Nuestros transmisores son extremadamente robustos. Algunos tienen certificados IP65 y la mayor\u00eda IP67.<\/p>\n<\/div>\n\n\n\n<div class=\"wp-block-column is-layout-flow wp-block-column-is-layout-flow\">\n<div class=\"wp-block-image\"><figure class=\"aligncenter size-large is-resized\"><img loading=\"lazy\" decoding=\"async\" src=\"https:\/\/www.tele-radio.com\/app\/uploads\/Certification_2.png\" alt=\"\" class=\"wp-image-68149\" width=\"56\" height=\"78\"\/><\/figure><\/div>\n\n\n\n<p class=\"has-text-align-center has-very-dark-gray-color has-text-color\"><strong>Servicio excelente<\/strong><\/p>\n\n\n\n<p class=\"has-text-align-center has-very-dark-gray-color has-text-color\">Clientes alrededor del mundo conf\u00edan en nuestra marca. Ofrecemos un servicio excelente y soluciones a medida.<\/p>\n<\/div>\n<\/div>\n<\/div><\/div>\n\n\n\n<div style=\"height:100px\" aria-hidden=\"true\" class=\"wp-block-spacer\"><\/div>\n\n\n\n<h2 class=\"has-text-align-center wp-block-heading\">APLICACIONES<\/h2>\n\n\n\n<p class=\"has-text-align-center\"><em>Para dar una idea de las posibilidades, tenemos varios ejemplos de aplicaciones y sus productos t\u00edpicos:<\/em><\/p>\n\n\n\n<div class=\"wp-block-columns is-layout-flex wp-container-core-columns-is-layout-9d6595d7 wp-block-columns-is-layout-flex\">\n<div class=\"wp-block-column is-layout-flow wp-block-column-is-layout-flow\">\n<div class=\"wp-block-cover is-light\"><span aria-hidden=\"true\" class=\"has-white-background-color has-background-dim-100 wp-block-cover__gradient-background has-background-dim\"><\/span><div class=\"wp-block-cover__inner-container is-layout-flow wp-block-cover-is-layout-flow\">\n<div class=\"wp-block-image is-style-default\"><figure class=\"aligncenter size-full is-resized\"><img loading=\"lazy\" decoding=\"async\" src=\"https:\/\/www.tele-radio.com\/app\/uploads\/CONVEYOR.png\" alt=\"\" class=\"wp-image-117887\" width=\"64\" height=\"64\"\/><\/figure><\/div>\n\n\n\n<p class=\"has-text-align-center has-black-color has-text-color\"><strong>CINTAS TRANSPORTADORAS<\/strong><\/p>\n\n\n\n<p class=\"has-text-align-center\">Las cintas transportadoras para mover productos o materiales de construcci\u00f3n, en un almac\u00e9n, una mina o unido a un veh\u00edculo. Estas cintas pueden ser controladas con un control remoto para mantener una distancia de seguridad o una mejor visi\u00f3n del operador. Los mandos radiocontrol tambi\u00e9n reducen el riesgo de tropezarse con cables.<\/p>\n<\/div><\/div>\n<\/div>\n\n\n\n<div class=\"wp-block-column is-vertically-aligned-top is-layout-flow wp-block-column-is-layout-flow\">\n<div class=\"wp-block-cover is-light\"><span aria-hidden=\"true\" class=\"has-white-background-color has-background-dim-100 wp-block-cover__gradient-background has-background-dim\"><\/span><div class=\"wp-block-cover__inner-container is-layout-flow wp-block-cover-is-layout-flow\">\n<div class=\"wp-block-image is-style-default\"><figure class=\"aligncenter size-full\"><img loading=\"lazy\" decoding=\"async\" width=\"64\" height=\"64\" src=\"https:\/\/www.tele-radio.com\/app\/uploads\/pallet.png\" alt=\"\" class=\"wp-image-119522\"\/><\/figure><\/div>\n\n\n\n<p class=\"has-text-align-center has-black-color has-text-color\"><strong>SISTEMAS PALLET SHUTTLE<\/strong><\/p>\n\n\n\n<p class=\"has-text-align-center\">En almacenes, el pallet shuttle sistematicamente aumenta la capacidad de almacenaje y eficiencia en el trabajo. Es un sistema que funciona por electricidad y hace la carga y descarga de pallets m\u00e1s r\u00e1pida y segura. Estos sistemas son a menudo controlados de forma remota.<\/p>\n\n\n\n<div class=\"wp-block-buttons is-content-justification-center is-layout-flex wp-container-core-buttons-is-layout-16018d1d wp-block-buttons-is-layout-flex\">\n<div class=\"wp-block-button\"><a class=\"wp-block-button__link has-black-color has-text-color has-background\" href=\"https:\/\/www.tele-radio.com\/es\/control-remoto-shuttle-pallets\/\" style=\"border-radius:10px;background-color:#ffb300\"><strong>Leer m\u00e1s&#8230;<\/strong><\/a><\/div>\n<\/div>\n<\/div><\/div>\n<\/div>\n\n\n\n<div class=\"wp-block-column is-vertically-aligned-top is-layout-flow wp-block-column-is-layout-flow\">\n<div class=\"wp-block-image is-style-default\"><figure class=\"aligncenter size-full\"><img loading=\"lazy\" decoding=\"async\" width=\"64\" height=\"64\" src=\"https:\/\/www.tele-radio.com\/app\/uploads\/forklift.png\" alt=\"\" class=\"wp-image-119546\"\/><\/figure><\/div>\n\n\n\n<p class=\"has-text-align-center\"><strong>CARRETILLAS<\/strong><\/p>\n\n\n\n<p class=\"has-text-align-center\">Una carretilla, tambi\u00e9n conocida como torito o m\u00e1quina elevadora, es un medio de transporte conducido el\u00e9ctrico o por combustible, principalmente para el transporte de bienes en un pallet, por ejemplo en un almac\u00e9n o instalaciones de una empresa. Para el uso en almac\u00e9n, las carretillas elevadoras con un control remoto son m\u00e1s adecuadas.<\/p>\n<\/div>\n\n\n\n<div class=\"wp-block-column is-layout-flow wp-block-column-is-layout-flow\">\n<div class=\"wp-block-image\"><figure class=\"aligncenter size-full is-resized\"><img loading=\"lazy\" decoding=\"async\" src=\"https:\/\/www.tele-radio.com\/app\/uploads\/icon.png\" alt=\"\" class=\"wp-image-150982\" width=\"64\" height=\"64\"\/><\/figure><\/div>\n\n\n\n<p class=\"has-text-align-center\"><strong>VEH\u00cdCULOS AUT\u00d3NOMOS<\/strong><\/p>\n\n\n\n<p class=\"has-text-align-center\">Los veh\u00edculos aut\u00f3nomos (AGVs\/AMRs) sirven para automatizar tareas de transporte. El mando para veh\u00edculo aut\u00f3nomo de Tele Radio permite el control remoto del mismo con una seta de paro que actuar\u00e1 como parada de emergencia nivel PLd CAT3 y SIL3 PLe. Adem\u00e1s, cuando no exista un recorrido guardado, el radiocontrol guiar\u00e1 al dispositivo hasta un destino espec\u00edfico con el n\u00famero de funciones que desee.<\/p>\n\n\n\n<div class=\"wp-block-buttons is-content-justification-center is-layout-flex wp-container-core-buttons-is-layout-16018d1d wp-block-buttons-is-layout-flex\">\n<div class=\"wp-block-button\"><a class=\"wp-block-button__link has-black-color has-text-color has-background\" href=\"https:\/\/www.tele-radio.com\/es\/mando-para-vehiculo-autonomo-agvs-amrs\/\" style=\"border-radius:10px;background-color:#ffb300\"><strong>Leer m\u00e1s&#8230;<\/strong><\/a><\/div>\n<\/div>\n<\/div>\n<\/div>\n\n\n\n<div style=\"height:50px\" aria-hidden=\"true\" class=\"wp-block-spacer\"><\/div>\n\n\n\n<h2 class=\"has-text-align-center wp-block-heading\"><strong>APLICACIONES<\/strong><\/h2>\n\n\n\n<h3 class=\"has-text-align-center wp-block-heading\">Tus requisitos de funcionalidad y seguridad<\/h3>\n\n\n\n<p>Los empleados de Tele Radio pueden ayudarte a elegir el mejor transmisor para tu aplicaci\u00f3n. Suministramos diferentes transmisores con propiedades espec\u00edficas. Las siguientes tres son esenciales en tu elecci\u00f3n:<\/p>\n\n\n\n<div class=\"wp-block-media-text alignwide is-stacked-on-mobile is-vertically-aligned-center\" style=\"grid-template-columns:15% auto\"><figure class=\"wp-block-media-text__media\"><img loading=\"lazy\" decoding=\"async\" width=\"404\" height=\"404\" src=\"https:\/\/www.tele-radio.com\/app\/uploads\/Safety_level_2.png\" alt=\"\" class=\"wp-image-68198 size-full\" srcset=\"https:\/\/www.tele-radio.com\/app\/uploads\/Safety_level_2.png 404w, https:\/\/www.tele-radio.com\/app\/uploads\/Safety_level_2-400x400.png 400w, https:\/\/www.tele-radio.com\/app\/uploads\/Safety_level_2-150x150.png 150w, https:\/\/www.tele-radio.com\/app\/uploads\/Safety_level_2-250x250.png 250w\" sizes=\"auto, (max-width: 404px) 100vw, 404px\" \/><\/figure><div class=\"wp-block-media-text__content\">\n<p><strong>Nivel de seguridad<\/strong><\/p>\n\n\n\n<p>Nuestros transmisores son seguros, con distintos certificados de seguridad independientes. Esto significa que la funcionalidad correcta del bot\u00f3n de seguridad ha sido testeado y verificado por una entidad externa e independiente. Est\u00e1 recomendado escoger un sistema con una certificaci\u00f3n de seguridad independiente si quieres minimizar el riesgo de lesi\u00f3n usando maquinaria. \u00bfNo hay riesgo de seguridad? Entonces puedes elegir un mando sin certificaci\u00f3n.<\/p>\n<\/div><\/div>\n\n\n\n<div class=\"wp-block-media-text alignwide is-stacked-on-mobile is-vertically-aligned-center\" style=\"grid-template-columns:15% auto\"><figure class=\"wp-block-media-text__media\"><img loading=\"lazy\" decoding=\"async\" width=\"404\" height=\"404\" src=\"https:\/\/www.tele-radio.com\/app\/uploads\/Control_element_2.png\" alt=\"\" class=\"wp-image-68176 size-full\" srcset=\"https:\/\/www.tele-radio.com\/app\/uploads\/Control_element_2.png 404w, https:\/\/www.tele-radio.com\/app\/uploads\/Control_element_2-400x400.png 400w, https:\/\/www.tele-radio.com\/app\/uploads\/Control_element_2-150x150.png 150w, https:\/\/www.tele-radio.com\/app\/uploads\/Control_element_2-250x250.png 250w\" sizes=\"auto, (max-width: 404px) 100vw, 404px\" \/><\/figure><div class=\"wp-block-media-text__content\">\n<p><strong>Botones o joysticks<\/strong><\/p>\n\n\n\n<p>Con el uso de botones, un transmisor es m\u00e1s manejable, pero definitivamente no menos precisi\u00f3n en su control. Por ejemplo, un transmisor con botones de pulsaci\u00f3n proporcionales es similar en precisi\u00f3n a un transmisor con joystick. Al presionar m\u00e1s el bot\u00f3n, el grado de actuaci\u00f3n incrementa. Un transmisor con joystick es m\u00e1s grande pero ofrece m\u00e1s opciones para personalizaci\u00f3n en forma de botones especiales, interruptores, y palancas, por ejemplo.<\/p>\n<\/div><\/div>\n\n\n\n<div class=\"wp-block-media-text alignwide is-stacked-on-mobile\" style=\"grid-template-columns:15% auto\"><figure class=\"wp-block-media-text__media\"><img loading=\"lazy\" decoding=\"async\" width=\"404\" height=\"404\" src=\"https:\/\/www.tele-radio.com\/app\/uploads\/Feedback_2.png\" alt=\"\" class=\"wp-image-68223 size-full\" srcset=\"https:\/\/www.tele-radio.com\/app\/uploads\/Feedback_2.png 404w, https:\/\/www.tele-radio.com\/app\/uploads\/Feedback_2-400x400.png 400w, https:\/\/www.tele-radio.com\/app\/uploads\/Feedback_2-150x150.png 150w, https:\/\/www.tele-radio.com\/app\/uploads\/Feedback_2-250x250.png 250w\" sizes=\"auto, (max-width: 404px) 100vw, 404px\" \/><\/figure><div class=\"wp-block-media-text__content\">\n<p><strong>Informaci\u00f3n de feedback<\/strong><\/p>\n\n\n\n<p>Algunos transmisores pueden recibir informaci\u00f3n por un receptor. Dependiendo del sistema, la informaci\u00f3n es visible utilizando LEDs en el transmisor o por una pantalla. Por ejemplo, cuando se controla una gr\u00faa, es posible usar la pantalla para mostrar informaci\u00f3n como elevar peso o se\u00f1ales de advertencia. Esta funci\u00f3n ser\u00e1 menos relevante para tareas m\u00e1s sencillas como encender una torre de luz o bombeo.<\/p>\n<\/div><\/div>\n\n\n\n<div style=\"height:50px\" aria-hidden=\"true\" class=\"wp-block-spacer\"><\/div>\n\n\n\n<div class=\"wp-block-image is-style-default\"><figure class=\"aligncenter size-large is-resized\"><img loading=\"lazy\" decoding=\"async\" src=\"https:\/\/www.tele-radio.com\/app\/uploads\/\/Assortiment_2019_zonder_spiegeling_en_schaduw-1200x614.jpg\" alt=\"\" width=\"771\" height=\"394\"\/><\/figure><\/div>\n\n\n\n<p class=\"has-large-font-size\" id=\"info\">Contacto<\/p>\n\n\n\n<div class=\"wp-block-columns is-layout-flex wp-container-core-columns-is-layout-9d6595d7 wp-block-columns-is-layout-flex\">\n<div class=\"wp-block-column is-layout-flow wp-block-column-is-layout-flow\" style=\"flex-basis:66.66%\">\n<div class=\"wpcf7 no-js\" id=\"wpcf7-f45404-o1\" lang=\"en-EN\" dir=\"ltr\" data-wpcf7-id=\"45404\">\n<div class=\"screen-reader-response\"><p role=\"status\" aria-live=\"polite\" aria-atomic=\"true\"><\/p> <ul><\/ul><\/div>\n<form action=\"\/es\/wp-json\/wp\/v2\/pages\/150030#wpcf7-f45404-o1\" method=\"post\" class=\"wpcf7-form init\" aria-label=\"Contact form\" novalidate=\"novalidate\" data-status=\"init\">\n<fieldset class=\"hidden-fields-container\"><input type=\"hidden\" name=\"_wpcf7\" value=\"45404\" \/><input type=\"hidden\" name=\"_wpcf7_version\" value=\"6.1\" \/><input type=\"hidden\" name=\"_wpcf7_locale\" value=\"en_EN\" \/><input type=\"hidden\" name=\"_wpcf7_unit_tag\" value=\"wpcf7-f45404-o1\" \/><input type=\"hidden\" name=\"_wpcf7_container_post\" value=\"0\" \/><input type=\"hidden\" name=\"_wpcf7_posted_data_hash\" value=\"\" \/><input type=\"hidden\" name=\"_wpcf7_recaptcha_response\" value=\"\" \/>\n<\/fieldset>\n<p><label> Nombre*<br \/>\n<span class=\"wpcf7-form-control-wrap\" data-name=\"nombre\"><input size=\"40\" maxlength=\"400\" class=\"wpcf7-form-control wpcf7-text wpcf7-validates-as-required\" aria-required=\"true\" aria-invalid=\"false\" placeholder=\"Su nombre\" value=\"\" type=\"text\" name=\"nombre\" \/><\/span> <\/label>\n<\/p>\n<p><label> Email*<br \/>\n<span class=\"wpcf7-form-control-wrap\" data-name=\"tu-email\"><input size=\"40\" maxlength=\"400\" class=\"wpcf7-form-control wpcf7-email wpcf7-validates-as-required wpcf7-text wpcf7-validates-as-email\" aria-required=\"true\" aria-invalid=\"false\" placeholder=\"Su email\" value=\"\" type=\"email\" name=\"tu-email\" \/><\/span> <\/label>\n<\/p>\n<p><label> Tel\u00e9fono<br \/>\n<span class=\"wpcf7-form-control-wrap\" data-name=\"tu-tfno\"><input size=\"40\" maxlength=\"400\" class=\"wpcf7-form-control wpcf7-tel wpcf7-text wpcf7-validates-as-tel\" aria-invalid=\"false\" placeholder=\"Tel\u00e9fono de contacto\" value=\"\" type=\"tel\" name=\"tu-tfno\" \/><\/span> <\/label>\n<\/p>\n<p><label> Provincia*<br \/>\n<span class=\"wpcf7-form-control-wrap\" data-name=\"Provincia\"><select class=\"wpcf7-form-control wpcf7-select\" aria-invalid=\"false\" name=\"Provincia\"><option value=\"\">&#8212;Please choose an option&#8212;<\/option><option value=\"A Coru\u00f1a\">A Coru\u00f1a<\/option><option value=\"\u00c1lava\">\u00c1lava<\/option><option value=\"Albacete\">Albacete<\/option><option value=\"Alicante\">Alicante<\/option><option value=\"Almer\u00eda\">Almer\u00eda<\/option><option value=\"Asturias\">Asturias<\/option><option value=\"\u00c1vila\">\u00c1vila<\/option><option value=\"Badajoz\">Badajoz<\/option><option value=\"Baleares\">Baleares<\/option><option value=\"Barcelona\">Barcelona<\/option><option value=\"Bizkaia\">Bizkaia<\/option><option value=\"Burgos\">Burgos<\/option><option value=\"C\u00e1ceres\">C\u00e1ceres<\/option><option value=\"C\u00e1diz\">C\u00e1diz<\/option><option value=\"Cantabria\">Cantabria<\/option><option value=\"Castell\u00f3n\">Castell\u00f3n<\/option><option value=\"Ceuta\">Ceuta<\/option><option value=\"Ciudad Real\">Ciudad Real<\/option><option value=\"C\u00f3rdoba\">C\u00f3rdoba<\/option><option value=\"Cuenca\">Cuenca<\/option><option value=\"Girona\">Girona<\/option><option value=\"Granada\">Granada<\/option><option value=\"Guadalajara\">Guadalajara<\/option><option value=\"Gipuzkoa\">Gipuzkoa<\/option><option value=\"Huelva\">Huelva<\/option><option value=\"Huesca\">Huesca<\/option><option value=\"Ja\u00e9n\">Ja\u00e9n<\/option><option value=\"La Rioja\">La Rioja<\/option><option value=\"Las Palmas\">Las Palmas<\/option><option value=\"Le\u00f3n\">Le\u00f3n<\/option><option value=\"L\u00e9rida\">L\u00e9rida<\/option><option value=\"Lugo\">Lugo<\/option><option value=\"Madrid\">Madrid<\/option><option value=\"M\u00e1laga\">M\u00e1laga<\/option><option value=\"Melilla\">Melilla<\/option><option value=\"Murcia\">Murcia<\/option><option value=\"Navarra\">Navarra<\/option><option value=\"Ourense\">Ourense<\/option><option value=\"Palencia\">Palencia<\/option><option value=\"Pontevedra\">Pontevedra<\/option><option value=\"Salamanca\">Salamanca<\/option><option value=\"Segovia\">Segovia<\/option><option value=\"Sevilla\">Sevilla<\/option><option value=\"Soria\">Soria<\/option><option value=\"Tarragona\">Tarragona<\/option><option value=\"Santa Cruz de Tenerife\">Santa Cruz de Tenerife<\/option><option value=\"Teruel\">Teruel<\/option><option value=\"Toledo\">Toledo<\/option><option value=\"Valencia\">Valencia<\/option><option value=\"Valladolid\">Valladolid<\/option><option value=\"Zamora\">Zamora<\/option><option value=\"Zaragoza\">Zaragoza<\/option><\/select><\/span> <\/label>\n<\/p>\n<p><label> Tu mensaje*<br \/>\n<span class=\"wpcf7-form-control-wrap\" data-name=\"your-message\"><textarea cols=\"40\" rows=\"10\" maxlength=\"2000\" class=\"wpcf7-form-control wpcf7-textarea wpcf7-validates-as-required\" aria-required=\"true\" aria-invalid=\"false\" placeholder=\"Escriba aqu\u00ed en qu\u00e9 mando, equipo o aplicaci\u00f3n est\u00e1 interesado; o si tiene alguna duda.\" name=\"your-message\"><\/textarea><\/span> <\/label>\n<\/p>\n<p><span class=\"wpcf7-form-control-wrap\" data-name=\"acceptance-322\"><span class=\"wpcf7-form-control wpcf7-acceptance\"><span class=\"wpcf7-list-item\"><label><input type=\"checkbox\" name=\"acceptance-322\" value=\"1\" aria-invalid=\"false\" \/><span class=\"wpcf7-list-item-label\">He le\u00eddo y acepto las <a href=\"https:\/\/www.tele-radio.com\/es\/politica-de-privacidad-y-cookies\/\" target=\"_blank\">condiciones de privacidad<\/a>.*<\/span><\/label><\/span><\/span><\/span>\n<\/p>\n<p><input class=\"wpcf7-form-control wpcf7-submit has-spinner\" type=\"submit\" value=\"Enviar\" \/>\n<\/p><div class=\"wpcf7-response-output\" aria-hidden=\"true\"><\/div>\n<\/form>\n<\/div>\n\r\n\t\t\t\t<script>\r\n\t\t\t\tif ( typeof huOptions !== 'undefined' ) {\r\n\t\t\t\t\tvar huFormData = {\"source\":\"contactform7\",\"id\":45404,\"title\":\"TRESP-comercial\",\"fields\":{\"subject\":{\"first_name\":\"your-name\",\"email\":\"your-email\"},\"preferences\":{\"terms\":\"your-consent\"}}};\r\n\t\t\t\t\tvar huFormNode = document.querySelector( '[id^=\"wpcf7-f45404-\"] form' );\r\n\r\n\t\t\t\t\thuFormData['node'] = huFormNode;\r\n\t\t\t\t\thuOptions['forms'].push( huFormData );\r\n\t\t\t\t}\r\n\t\t\t\t<\/script>\n<\/div>\n\n\n\n<div class=\"wp-block-column is-layout-flow wp-block-column-is-layout-flow\" style=\"flex-basis:33.33%\"><\/div>\n<\/div>\n\n\n\n<div style=\"height:100px\" aria-hidden=\"true\" class=\"wp-block-spacer\"><\/div>\n","protected":false},"excerpt":{"rendered":"<p>LOG\u00cdSTICA Tele Radio ofrece soluciones inal\u00e1mbricas para muchas aplicaciones de log\u00edstica Un control remoto no solo incrementa significativamente la eficiencia en el trabajo, sino que tambi\u00e9n crea un ambiente de trabajo seguro para humanos y reduce riesgos. Tenemos soluciones para sistemas de almacenaje, cintas transportadoras, montacargas y m\u00e1s. Con nuestros sistemas de control remoto todo [&hellip;]<\/p>\n","protected":false},"author":29,"featured_media":0,"parent":0,"menu_order":0,"comment_status":"closed","ping_status":"closed","template":"","meta":{"_acf_changed":false,"footnotes":""},"class_list":["post-150030","page","type-page","status-publish","hentry"],"acf":[],"_links":{"self":[{"href":"https:\/\/www.tele-radio.com\/es\/wp-json\/wp\/v2\/pages\/150030","targetHints":{"allow":["GET"]}}],"collection":[{"href":"https:\/\/www.tele-radio.com\/es\/wp-json\/wp\/v2\/pages"}],"about":[{"href":"https:\/\/www.tele-radio.com\/es\/wp-json\/wp\/v2\/types\/page"}],"author":[{"embeddable":true,"href":"https:\/\/www.tele-radio.com\/es\/wp-json\/wp\/v2\/users\/29"}],"replies":[{"embeddable":true,"href":"https:\/\/www.tele-radio.com\/es\/wp-json\/wp\/v2\/comments?post=150030"}],"version-history":[{"count":7,"href":"https:\/\/www.tele-radio.com\/es\/wp-json\/wp\/v2\/pages\/150030\/revisions"}],"predecessor-version":[{"id":151012,"href":"https:\/\/www.tele-radio.com\/es\/wp-json\/wp\/v2\/pages\/150030\/revisions\/151012"}],"wp:attachment":[{"href":"https:\/\/www.tele-radio.com\/es\/wp-json\/wp\/v2\/media?parent=150030"}],"curies":[{"name":"wp","href":"https:\/\/api.w.org\/{rel}","templated":true}]}}