{"id":146613,"date":"2023-03-07T14:16:32","date_gmt":"2023-03-07T14:16:32","guid":{"rendered":"https:\/\/www.tele-radio.com\/?page_id=146613"},"modified":"2026-02-12T10:01:23","modified_gmt":"2026-02-12T10:01:23","slug":"contacta-con-nosotros","status":"publish","type":"page","link":"https:\/\/www.tele-radio.com\/es\/contacta-con-nosotros\/","title":{"rendered":"Contacta con nosotros"},"content":{"rendered":"\n<div style=\"padding-bottom: 45%;\">\n<iframe src=\"https:\/\/www.google.com\/maps\/d\/u\/0\/embed?mid=1lTtAGS9lmdIH3yaMFZkezffygP99mDY&amp;ehbc=2E312F\" aria-hidden=\"true\" frameborder=\"0\" tabindex=\"-1\" style=\"position: absolute; width: 100%; height: 65%; top: 0px; left: 0px; border: none;\"><\/iframe><\/div>\n\n\n\n<div style=\"height:10px\" aria-hidden=\"true\" class=\"wp-block-spacer\"><\/div>\n\n\n\n<div class=\"wp-block-columns is-layout-flex wp-container-core-columns-is-layout-9d6595d7 wp-block-columns-is-layout-flex\">\n<div class=\"wp-block-column is-layout-flow wp-block-column-is-layout-flow\" style=\"flex-basis:25%\"><\/div>\n\n\n\n<div class=\"wp-block-column is-layout-flow wp-block-column-is-layout-flow\" style=\"flex-basis:50%\">\n<div class=\"wp-block-columns is-layout-flex wp-container-core-columns-is-layout-9d6595d7 wp-block-columns-is-layout-flex\">\n<div class=\"wp-block-column is-layout-flow wp-block-column-is-layout-flow\">\n<div class=\"wp-block-cover aligncenter is-light\" style=\"min-height:250px;aspect-ratio:unset;\"><span aria-hidden=\"true\" class=\"wp-block-cover__background has-background-dim-100 has-background-dim\" style=\"background-color:#efefef\"><\/span><div class=\"wp-block-cover__inner-container is-layout-flow wp-block-cover-is-layout-flow\"><div class=\"wp-block-image\">\n<figure class=\"aligncenter size-full is-resized\"><a href=\"mailto:contactoweb@teleradio.com\"><img loading=\"lazy\" decoding=\"async\" width=\"64\" height=\"64\" src=\"https:\/\/www.tele-radio.com\/app\/uploads\/email.webp\" alt=\"\" class=\"wp-image-84295\" style=\"width:48px;height:48px\"\/><\/a><\/figure><\/div>\n\n\n<p align=\"center\"><strong><a href=\"mailto:contactoweb@teleradio.com\" style=\"color: #000000;\">contactoweb@teleradio.com<\/a><\/strong><\/p>\n<\/div><\/div>\n<\/div>\n\n\n\n<div class=\"wp-block-column is-layout-flow wp-block-column-is-layout-flow\">\n<div class=\"wp-block-cover aligncenter is-light\" style=\"min-height:250px;aspect-ratio:unset;\"><span aria-hidden=\"true\" class=\"wp-block-cover__background has-background-dim-100 has-background-dim\" style=\"background-color:#efefef\"><\/span><div class=\"wp-block-cover__inner-container is-layout-flow wp-block-cover-is-layout-flow\"><div class=\"wp-block-image\">\n<figure class=\"aligncenter size-full is-resized\"><a href=\"tel:+34935750660\"><img loading=\"lazy\" decoding=\"async\" width=\"64\" height=\"64\" src=\"https:\/\/www.tele-radio.com\/app\/uploads\/call.webp\" alt=\"\" class=\"wp-image-84249\" style=\"width:48px;height:48px\"\/><\/a><\/figure><\/div>\n\n\n<p align=\"center\"><strong><a href=\"tel:+34935750660\" style=\"color: #000000;\">+34 935 75 06 60<\/a><\/strong><\/p>\n\n\n\n<p style=\"font-size:16px\">Lunes a Jueves: 8:30-17:00<br>Viernes: 7:30-16:00<\/p>\n<\/div><\/div>\n<\/div>\n<\/div>\n<\/div>\n\n\n\n<div class=\"wp-block-column is-layout-flow wp-block-column-is-layout-flow\" style=\"flex-basis:25%\"><\/div>\n<\/div>\n\n\n\n<div style=\"height:10px\" aria-hidden=\"true\" class=\"wp-block-spacer\"><\/div>\n\n\n\n<div class=\"wp-block-columns is-layout-flex wp-container-core-columns-is-layout-9d6595d7 wp-block-columns-is-layout-flex\">\n<div class=\"wp-block-column is-layout-flow wp-block-column-is-layout-flow\" style=\"flex-basis:25%\"><\/div>\n\n\n\n<div class=\"wp-block-column is-layout-flow wp-block-column-is-layout-flow\" style=\"flex-basis:50%\">\n<div class=\"wp-block-cover aligncenter is-light\" style=\"min-height:250px;aspect-ratio:unset;\"><span aria-hidden=\"true\" class=\"wp-block-cover__background has-background-dim-100 has-background-dim\" style=\"background-color:#efefef\"><\/span><div class=\"wp-block-cover__inner-container is-layout-flow wp-block-cover-is-layout-flow\"><div class=\"wp-block-image\">\n<figure class=\"aligncenter size-full is-resized\"><a href=\"https:\/\/goo.gl\/maps\/ymLdtzqgz7hmmefz8\" target=\"_blank\" rel=\"noopener\"><img loading=\"lazy\" decoding=\"async\" width=\"64\" height=\"64\" src=\"https:\/\/www.tele-radio.com\/app\/uploads\/maps-and-flags.webp\" alt=\"\" class=\"wp-image-84272\" style=\"width:48px;height:48px\"\/><\/a><\/figure><\/div>\n\n\n<p align=\"center\"><strong><a href=\"https:\/\/goo.gl\/maps\/ymLdtzqgz7hmmefz8\" target=\"_blank\" aria-label=\"undefined (opens in a new tab)\" rel=\"noreferrer noopener\" style=\"color: #000000;\">Tele Radio Espa\u00f1a, Portugal, Maroc<\/a><\/strong><\/p>\n\n\n\n<div class=\"wp-block-columns is-layout-flex wp-container-core-columns-is-layout-9d6595d7 wp-block-columns-is-layout-flex\">\n<div class=\"wp-block-column is-layout-flow wp-block-column-is-layout-flow\" style=\"flex-basis:100%\">\n<p style=\"font-size:16px\">Beat Oriol, 1; 2-12; Montcada i Reixac, Barcelona \u2013 08110, Espa\u00f1a<\/p>\n<\/div>\n<\/div>\n<\/div><\/div>\n<\/div>\n\n\n\n<div class=\"wp-block-column is-layout-flow wp-block-column-is-layout-flow\" style=\"flex-basis:25%\"><\/div>\n<\/div>\n\n\n\n<div style=\"height:30px\" aria-hidden=\"true\" class=\"wp-block-spacer\"><\/div>\n\n\n\n<div class=\"wp-block-columns are-vertically-aligned-top is-not-stacked-on-mobile is-layout-flex wp-container-core-columns-is-layout-9d6595d7 wp-block-columns-is-layout-flex\">\n<div class=\"wp-block-column is-vertically-aligned-top is-layout-flow wp-block-column-is-layout-flow\"><\/div>\n\n\n\n<div class=\"wp-block-column is-vertically-aligned-top is-layout-flow wp-block-column-is-layout-flow\"><div class=\"wp-block-image\">\n<figure class=\"alignleft size-full is-resized\"><img loading=\"lazy\" decoding=\"async\" width=\"250\" height=\"250\" src=\"https:\/\/www.tele-radio.com\/app\/uploads\/Miguel-Tellez-edited-1.jpg\" alt=\"\" class=\"wp-image-147241\" style=\"width:125px;height:125px\" srcset=\"https:\/\/www.tele-radio.com\/app\/uploads\/Miguel-Tellez-edited-1.jpg 250w, https:\/\/www.tele-radio.com\/app\/uploads\/Miguel-Tellez-edited-1-150x150.jpg 150w\" sizes=\"auto, (max-width: 250px) 100vw, 250px\" \/><\/figure><\/div>\n\n\n<p style=\"font-size:16px\"><strong>Miguel \u00c1ngel T\u00e9llez<\/strong><br>Director gerente<br><a href=\"tel: +1 (305) 450 8758\">+1 (305) 450 8758<\/a><\/p>\n<\/div>\n\n\n\n<div class=\"wp-block-column is-vertically-aligned-top is-layout-flow wp-block-column-is-layout-flow\"><div class=\"wp-block-image\">\n<figure class=\"alignleft size-full is-resized\"><img loading=\"lazy\" decoding=\"async\" width=\"360\" height=\"360\" src=\"https:\/\/www.tele-radio.com\/app\/uploads\/alex-tellez-1-edited.jpg\" alt=\"\" class=\"wp-image-147265\" style=\"width:125px;height:125px\" srcset=\"https:\/\/www.tele-radio.com\/app\/uploads\/alex-tellez-1-edited.jpg 360w, https:\/\/www.tele-radio.com\/app\/uploads\/alex-tellez-1-edited-150x150.jpg 150w, https:\/\/www.tele-radio.com\/app\/uploads\/alex-tellez-1-edited-250x250.jpg 250w\" sizes=\"auto, (max-width: 360px) 100vw, 360px\" \/><\/figure><\/div>\n\n\n<p style=\"font-size:16px\"><strong>\u00c1lex T\u00e9llez<\/strong><br>Director Adjunto<br><a href=\"tel:(+34) 636243203\">(+34) 636243203<\/a><\/p>\n<\/div>\n\n\n\n<div class=\"wp-block-column is-layout-flow wp-block-column-is-layout-flow\"><\/div>\n<\/div>\n\n\n\n<div class=\"wp-block-columns are-vertically-aligned-top is-not-stacked-on-mobile is-layout-flex wp-container-core-columns-is-layout-9d6595d7 wp-block-columns-is-layout-flex\">\n<div class=\"wp-block-column is-vertically-aligned-top is-layout-flow wp-block-column-is-layout-flow\"><\/div>\n\n\n\n<div class=\"wp-block-column is-vertically-aligned-top is-layout-flow wp-block-column-is-layout-flow\"><div class=\"wp-block-image\">\n<figure class=\"alignleft size-full is-resized\"><img loading=\"lazy\" decoding=\"async\" width=\"250\" height=\"250\" src=\"https:\/\/www.tele-radio.com\/app\/uploads\/Dario-Villuendas-edited.jpg\" alt=\"\" class=\"wp-image-147313\" style=\"width:125px;height:125px\" srcset=\"https:\/\/www.tele-radio.com\/app\/uploads\/Dario-Villuendas-edited.jpg 250w, https:\/\/www.tele-radio.com\/app\/uploads\/Dario-Villuendas-edited-150x150.jpg 150w\" sizes=\"auto, (max-width: 250px) 100vw, 250px\" \/><\/figure><\/div>\n\n\n<p style=\"font-size:16px\"><strong>Dar\u00edo Villuendas<\/strong><br>Administrador financiero<br><a href=\"tel:(+34) 630520604\">(+34) 630520604<\/a><\/p>\n<\/div>\n\n\n\n<div class=\"wp-block-column is-vertically-aligned-top is-layout-flow wp-block-column-is-layout-flow\"><div class=\"wp-block-image\">\n<figure class=\"alignleft size-full is-resized\"><img loading=\"lazy\" decoding=\"async\" width=\"250\" height=\"250\" src=\"https:\/\/www.tele-radio.com\/app\/uploads\/Moises-Prados-edited.jpg\" alt=\"\" class=\"wp-image-147289\" style=\"width:125px;height:125px\" srcset=\"https:\/\/www.tele-radio.com\/app\/uploads\/Moises-Prados-edited.jpg 250w, https:\/\/www.tele-radio.com\/app\/uploads\/Moises-Prados-edited-150x150.jpg 150w\" sizes=\"auto, (max-width: 250px) 100vw, 250px\" \/><\/figure><\/div>\n\n\n<p style=\"font-size:16px\"><strong>Mois\u00e9s Prados<\/strong><br>Jefe de soporte t\u00e9cnico y servicio<br><a href=\"tel:(+34) 636352732\">(+34) 636352732<\/a><\/p>\n<\/div>\n\n\n\n<div class=\"wp-block-column is-layout-flow wp-block-column-is-layout-flow\"><\/div>\n<\/div>\n\n\n\n<div class=\"wp-block-columns are-vertically-aligned-top is-not-stacked-on-mobile is-layout-flex wp-container-core-columns-is-layout-9d6595d7 wp-block-columns-is-layout-flex\">\n<div class=\"wp-block-column is-vertically-aligned-top is-layout-flow wp-block-column-is-layout-flow\"><\/div>\n\n\n\n<div class=\"wp-block-column is-vertically-aligned-top is-layout-flow wp-block-column-is-layout-flow\"><div class=\"wp-block-image\">\n<figure class=\"alignleft size-full is-resized\"><img loading=\"lazy\" decoding=\"async\" width=\"240\" height=\"240\" src=\"https:\/\/www.tele-radio.com\/app\/uploads\/ferran-1-edited.webp\" alt=\"\" class=\"wp-image-147337\" style=\"width:125px;height:125px\" srcset=\"https:\/\/www.tele-radio.com\/app\/uploads\/ferran-1-edited.webp 240w, https:\/\/www.tele-radio.com\/app\/uploads\/ferran-1-edited-150x150.webp 150w\" sizes=\"auto, (max-width: 240px) 100vw, 240px\" \/><\/figure><\/div>\n\n\n<p style=\"font-size:16px\"><strong>Ferran Riera<\/strong><br>Ventas<br><a href=\"tel:(+34) 659611144\">(+34) 659611144<\/a><\/p>\n<\/div>\n\n\n\n<div class=\"wp-block-column is-vertically-aligned-top is-layout-flow wp-block-column-is-layout-flow\"><div class=\"wp-block-image\">\n<figure class=\"alignleft size-full is-resized\"><img loading=\"lazy\" decoding=\"async\" width=\"540\" height=\"539\" src=\"https:\/\/www.tele-radio.com\/app\/uploads\/ivan-web-edited.jpg\" alt=\"\" class=\"wp-image-147361\" style=\"width:125px;height:125px\" srcset=\"https:\/\/www.tele-radio.com\/app\/uploads\/ivan-web-edited.jpg 540w, https:\/\/www.tele-radio.com\/app\/uploads\/ivan-web-edited-400x400.jpg 400w, https:\/\/www.tele-radio.com\/app\/uploads\/ivan-web-edited-150x150.jpg 150w, https:\/\/www.tele-radio.com\/app\/uploads\/ivan-web-edited-250x250.jpg 250w, https:\/\/www.tele-radio.com\/app\/uploads\/ivan-web-edited-500x500.jpg 500w\" sizes=\"auto, (max-width: 540px) 100vw, 540px\" \/><\/figure><\/div>\n\n\n<p style=\"font-size:16px\"><strong>Iv\u00e1n Almellones<\/strong><br>Marketing<\/p>\n<\/div>\n\n\n\n<div class=\"wp-block-column is-layout-flow wp-block-column-is-layout-flow\"><\/div>\n<\/div>\n\n\n\n<div class=\"wp-block-columns are-vertically-aligned-top is-not-stacked-on-mobile is-layout-flex wp-container-core-columns-is-layout-9d6595d7 wp-block-columns-is-layout-flex\">\n<div class=\"wp-block-column is-vertically-aligned-top is-layout-flow wp-block-column-is-layout-flow\"><\/div>\n\n\n\n<div class=\"wp-block-column is-vertically-aligned-top is-layout-flow wp-block-column-is-layout-flow\"><div class=\"wp-block-image\">\n<figure class=\"alignleft size-full is-resized\"><img loading=\"lazy\" decoding=\"async\" width=\"250\" height=\"250\" src=\"https:\/\/www.tele-radio.com\/app\/uploads\/Daniel-Fuentes-edited.jpg\" alt=\"\" class=\"wp-image-147386\" style=\"width:125px;height:125px\" srcset=\"https:\/\/www.tele-radio.com\/app\/uploads\/Daniel-Fuentes-edited.jpg 250w, https:\/\/www.tele-radio.com\/app\/uploads\/Daniel-Fuentes-edited-150x150.jpg 150w\" sizes=\"auto, (max-width: 250px) 100vw, 250px\" \/><\/figure><\/div>\n\n\n<p style=\"font-size:16px\"><strong>Daniel Fuentes<\/strong><br>Senior soporte t\u00e9cnico y soluciones personalizadas<\/p>\n<\/div>\n\n\n\n<div class=\"wp-block-column is-layout-flow wp-block-column-is-layout-flow\"><div class=\"wp-block-image\">\n<figure class=\"alignleft size-full is-resized\"><img loading=\"lazy\" decoding=\"async\" width=\"512\" height=\"512\" src=\"https:\/\/www.tele-radio.com\/app\/uploads\/image-1-1.png\" alt=\"\" class=\"wp-image-279413\" style=\"width:125px;height:125px\" srcset=\"https:\/\/www.tele-radio.com\/app\/uploads\/image-1-1.png 512w, https:\/\/www.tele-radio.com\/app\/uploads\/image-1-1-400x400.png 400w, https:\/\/www.tele-radio.com\/app\/uploads\/image-1-1-150x150.png 150w, https:\/\/www.tele-radio.com\/app\/uploads\/image-1-1-250x250.png 250w, https:\/\/www.tele-radio.com\/app\/uploads\/image-1-1-500x500.png 500w\" sizes=\"auto, (max-width: 512px) 100vw, 512px\" \/><\/figure><\/div>\n\n\n<p style=\"font-size:16px\"><strong>Xavi Navajas<\/strong><br>Ingeniero de soluciones personalizadas<\/p>\n<\/div>\n\n\n\n<div class=\"wp-block-column is-layout-flow wp-block-column-is-layout-flow\"><\/div>\n<\/div>\n\n\n\n<div class=\"wp-block-columns are-vertically-aligned-top is-not-stacked-on-mobile is-layout-flex wp-container-core-columns-is-layout-9d6595d7 wp-block-columns-is-layout-flex\">\n<div class=\"wp-block-column is-vertically-aligned-top is-layout-flow wp-block-column-is-layout-flow\"><\/div>\n\n\n\n<div class=\"wp-block-column is-vertically-aligned-top is-layout-flow wp-block-column-is-layout-flow\"><div class=\"wp-block-image\">\n<figure class=\"alignleft size-full is-resized\"><img loading=\"lazy\" decoding=\"async\" width=\"500\" height=\"500\" src=\"https:\/\/www.tele-radio.com\/app\/uploads\/pau-1-edited-2.jpg\" alt=\"\" class=\"wp-image-147410\" style=\"width:125px;height:125px\" srcset=\"https:\/\/www.tele-radio.com\/app\/uploads\/pau-1-edited-2.jpg 500w, https:\/\/www.tele-radio.com\/app\/uploads\/pau-1-edited-2-400x400.jpg 400w, https:\/\/www.tele-radio.com\/app\/uploads\/pau-1-edited-2-150x150.jpg 150w, https:\/\/www.tele-radio.com\/app\/uploads\/pau-1-edited-2-250x250.jpg 250w\" sizes=\"auto, (max-width: 500px) 100vw, 500px\" \/><\/figure><\/div>\n\n\n<p style=\"font-size:16px\"><strong>Pau Gal\u00e9s<\/strong><br>Administraci\u00f3n y log\u00edstica<\/p>\n<\/div>\n\n\n\n<div class=\"wp-block-column is-layout-flow wp-block-column-is-layout-flow\"><div class=\"wp-block-image\">\n<figure class=\"alignleft size-medium is-resized\"><img loading=\"lazy\" decoding=\"async\" width=\"400\" height=\"400\" src=\"https:\/\/www.tele-radio.com\/app\/uploads\/Foto-David-Prados-edited-400x400.jpg\" alt=\"David Prados\" class=\"wp-image-147434\" style=\"width:125px;height:125px\" srcset=\"https:\/\/www.tele-radio.com\/app\/uploads\/Foto-David-Prados-edited-400x400.jpg 400w, https:\/\/www.tele-radio.com\/app\/uploads\/Foto-David-Prados-edited-1200x1200.jpg 1200w, https:\/\/www.tele-radio.com\/app\/uploads\/Foto-David-Prados-edited-150x150.jpg 150w, https:\/\/www.tele-radio.com\/app\/uploads\/Foto-David-Prados-edited-768x768.jpg 768w, https:\/\/www.tele-radio.com\/app\/uploads\/Foto-David-Prados-edited-1536x1536.jpg 1536w, https:\/\/www.tele-radio.com\/app\/uploads\/Foto-David-Prados-edited-2048x2048.jpg 2048w, https:\/\/www.tele-radio.com\/app\/uploads\/Foto-David-Prados-edited-250x250.jpg 250w, https:\/\/www.tele-radio.com\/app\/uploads\/Foto-David-Prados-edited-750x750.jpg 750w, https:\/\/www.tele-radio.com\/app\/uploads\/Foto-David-Prados-edited-500x500.jpg 500w, https:\/\/www.tele-radio.com\/app\/uploads\/Foto-David-Prados-edited-1600x1600.jpg 1600w, https:\/\/www.tele-radio.com\/app\/uploads\/Foto-David-Prados-edited-800x800.jpg 800w\" sizes=\"auto, (max-width: 400px) 100vw, 400px\" \/><\/figure><\/div>\n\n\n<p style=\"font-size:16px\"><strong>David Prados<\/strong><br>Producci\u00f3n<\/p>\n<\/div>\n\n\n\n<div class=\"wp-block-column is-layout-flow wp-block-column-is-layout-flow\"><\/div>\n<\/div>\n\n\n\n<div style=\"height:30px\" aria-hidden=\"true\" class=\"wp-block-spacer\"><\/div>\n\n\n\n<div class=\"wp-block-cover is-light\" style=\"min-height:250px;aspect-ratio:unset;\"><span aria-hidden=\"true\" class=\"wp-block-cover__background has-background-dim-100 has-background-dim\" style=\"background-color:#ffb300\"><\/span><div class=\"wp-block-cover__inner-container is-layout-flow wp-block-cover-is-layout-flow\"><div class=\"wp-block-image\">\n<figure class=\"aligncenter size-full is-resized\"><img loading=\"lazy\" decoding=\"async\" width=\"64\" height=\"64\" src=\"https:\/\/www.tele-radio.com\/app\/uploads\/navigation.png\" alt=\"\" class=\"wp-image-84339\" style=\"width:64px;height:64px\"\/><\/figure><\/div>\n\n\n<p class=\"has-text-align-center has-medium-font-size\"><strong>\u00bfBuscas otra filial?<\/strong><\/p>\n\n\n\n<div class=\"wp-block-buttons is-content-justification-center is-layout-flex wp-container-core-buttons-is-layout-16018d1d wp-block-buttons-is-layout-flex\">\n<div class=\"wp-block-button\"><a class=\"wp-block-button__link wp-element-button\" href=\"https:\/\/www.tele-radio.com\/es\/contactanos\/\" style=\"border-radius:10px\"><strong>Contacto global<\/strong><\/a><\/div>\n<\/div>\n<\/div><\/div>\n\n\n\n<div style=\"height:30px\" aria-hidden=\"true\" class=\"wp-block-spacer\"><\/div>\n\n\n\n<p class=\"has-very-dark-gray-color has-text-color has-large-font-size\">Contacto<\/p>\n\n\n\n<div class=\"wp-block-columns is-layout-flex wp-container-core-columns-is-layout-9d6595d7 wp-block-columns-is-layout-flex\">\n<div class=\"wp-block-column is-layout-flow wp-block-column-is-layout-flow\" style=\"flex-basis:66.66%\">\n<div class=\"wpcf7 no-js\" id=\"wpcf7-f45404-o1\" lang=\"en-EN\" dir=\"ltr\" data-wpcf7-id=\"45404\">\n<div class=\"screen-reader-response\"><p role=\"status\" aria-live=\"polite\" aria-atomic=\"true\"><\/p> <ul><\/ul><\/div>\n<form action=\"\/es\/wp-json\/wp\/v2\/pages\/146613#wpcf7-f45404-o1\" method=\"post\" class=\"wpcf7-form init\" aria-label=\"Contact form\" novalidate=\"novalidate\" data-status=\"init\">\n<fieldset class=\"hidden-fields-container\"><input type=\"hidden\" name=\"_wpcf7\" value=\"45404\" \/><input type=\"hidden\" name=\"_wpcf7_version\" value=\"6.1\" \/><input type=\"hidden\" name=\"_wpcf7_locale\" value=\"en_EN\" \/><input type=\"hidden\" name=\"_wpcf7_unit_tag\" value=\"wpcf7-f45404-o1\" \/><input type=\"hidden\" name=\"_wpcf7_container_post\" value=\"0\" \/><input type=\"hidden\" name=\"_wpcf7_posted_data_hash\" value=\"\" \/><input type=\"hidden\" name=\"_wpcf7_recaptcha_response\" value=\"\" \/>\n<\/fieldset>\n<p><label> Nombre*<br \/>\n<span class=\"wpcf7-form-control-wrap\" data-name=\"nombre\"><input size=\"40\" maxlength=\"400\" class=\"wpcf7-form-control wpcf7-text wpcf7-validates-as-required\" aria-required=\"true\" aria-invalid=\"false\" placeholder=\"Su nombre\" value=\"\" type=\"text\" name=\"nombre\" \/><\/span> <\/label>\n<\/p>\n<p><label> Email*<br \/>\n<span class=\"wpcf7-form-control-wrap\" data-name=\"tu-email\"><input size=\"40\" maxlength=\"400\" class=\"wpcf7-form-control wpcf7-email wpcf7-validates-as-required wpcf7-text wpcf7-validates-as-email\" aria-required=\"true\" aria-invalid=\"false\" placeholder=\"Su email\" value=\"\" type=\"email\" name=\"tu-email\" \/><\/span> <\/label>\n<\/p>\n<p><label> Tel\u00e9fono<br \/>\n<span class=\"wpcf7-form-control-wrap\" data-name=\"tu-tfno\"><input size=\"40\" maxlength=\"400\" class=\"wpcf7-form-control wpcf7-tel wpcf7-text wpcf7-validates-as-tel\" aria-invalid=\"false\" placeholder=\"Tel\u00e9fono de contacto\" value=\"\" type=\"tel\" name=\"tu-tfno\" \/><\/span> <\/label>\n<\/p>\n<p><label> Provincia*<br \/>\n<span class=\"wpcf7-form-control-wrap\" data-name=\"Provincia\"><select class=\"wpcf7-form-control wpcf7-select\" aria-invalid=\"false\" name=\"Provincia\"><option value=\"\">&#8212;Please choose an option&#8212;<\/option><option value=\"A Coru\u00f1a\">A Coru\u00f1a<\/option><option value=\"\u00c1lava\">\u00c1lava<\/option><option value=\"Albacete\">Albacete<\/option><option value=\"Alicante\">Alicante<\/option><option value=\"Almer\u00eda\">Almer\u00eda<\/option><option value=\"Asturias\">Asturias<\/option><option value=\"\u00c1vila\">\u00c1vila<\/option><option value=\"Badajoz\">Badajoz<\/option><option value=\"Baleares\">Baleares<\/option><option value=\"Barcelona\">Barcelona<\/option><option value=\"Bizkaia\">Bizkaia<\/option><option value=\"Burgos\">Burgos<\/option><option value=\"C\u00e1ceres\">C\u00e1ceres<\/option><option value=\"C\u00e1diz\">C\u00e1diz<\/option><option value=\"Cantabria\">Cantabria<\/option><option value=\"Castell\u00f3n\">Castell\u00f3n<\/option><option value=\"Ceuta\">Ceuta<\/option><option value=\"Ciudad Real\">Ciudad Real<\/option><option value=\"C\u00f3rdoba\">C\u00f3rdoba<\/option><option value=\"Cuenca\">Cuenca<\/option><option value=\"Girona\">Girona<\/option><option value=\"Granada\">Granada<\/option><option value=\"Guadalajara\">Guadalajara<\/option><option value=\"Gipuzkoa\">Gipuzkoa<\/option><option value=\"Huelva\">Huelva<\/option><option value=\"Huesca\">Huesca<\/option><option value=\"Ja\u00e9n\">Ja\u00e9n<\/option><option value=\"La Rioja\">La Rioja<\/option><option value=\"Las Palmas\">Las Palmas<\/option><option value=\"Le\u00f3n\">Le\u00f3n<\/option><option value=\"L\u00e9rida\">L\u00e9rida<\/option><option value=\"Lugo\">Lugo<\/option><option value=\"Madrid\">Madrid<\/option><option value=\"M\u00e1laga\">M\u00e1laga<\/option><option value=\"Melilla\">Melilla<\/option><option value=\"Murcia\">Murcia<\/option><option value=\"Navarra\">Navarra<\/option><option value=\"Ourense\">Ourense<\/option><option value=\"Palencia\">Palencia<\/option><option value=\"Pontevedra\">Pontevedra<\/option><option value=\"Salamanca\">Salamanca<\/option><option value=\"Segovia\">Segovia<\/option><option value=\"Sevilla\">Sevilla<\/option><option value=\"Soria\">Soria<\/option><option value=\"Tarragona\">Tarragona<\/option><option value=\"Santa Cruz de Tenerife\">Santa Cruz de Tenerife<\/option><option value=\"Teruel\">Teruel<\/option><option value=\"Toledo\">Toledo<\/option><option value=\"Valencia\">Valencia<\/option><option value=\"Valladolid\">Valladolid<\/option><option value=\"Zamora\">Zamora<\/option><option value=\"Zaragoza\">Zaragoza<\/option><\/select><\/span> <\/label>\n<\/p>\n<p><label> Tu mensaje*<br \/>\n<span class=\"wpcf7-form-control-wrap\" data-name=\"your-message\"><textarea cols=\"40\" rows=\"10\" maxlength=\"2000\" class=\"wpcf7-form-control wpcf7-textarea wpcf7-validates-as-required\" aria-required=\"true\" aria-invalid=\"false\" placeholder=\"Escriba aqu\u00ed en qu\u00e9 mando, equipo o aplicaci\u00f3n est\u00e1 interesado; o si tiene alguna duda.\" name=\"your-message\"><\/textarea><\/span> <\/label>\n<\/p>\n<p><span class=\"wpcf7-form-control-wrap\" data-name=\"acceptance-322\"><span class=\"wpcf7-form-control wpcf7-acceptance\"><span class=\"wpcf7-list-item\"><label><input type=\"checkbox\" name=\"acceptance-322\" value=\"1\" aria-invalid=\"false\" \/><span class=\"wpcf7-list-item-label\">He le\u00eddo y acepto las <a href=\"https:\/\/www.tele-radio.com\/es\/politica-de-privacidad-y-cookies\/\" target=\"_blank\">condiciones de privacidad<\/a>.*<\/span><\/label><\/span><\/span><\/span>\n<\/p>\n<p><input class=\"wpcf7-form-control wpcf7-submit has-spinner\" type=\"submit\" value=\"Enviar\" \/>\n<\/p><div class=\"wpcf7-response-output\" aria-hidden=\"true\"><\/div>\n<\/form>\n<\/div>\n\r\n\t\t\t\t<script>\r\n\t\t\t\tif ( typeof huOptions !== 'undefined' ) {\r\n\t\t\t\t\tvar huFormData = {\"source\":\"contactform7\",\"id\":45404,\"title\":\"TRESP-comercial\",\"fields\":{\"subject\":{\"first_name\":\"your-name\",\"email\":\"your-email\"},\"preferences\":{\"terms\":\"your-consent\"}}};\r\n\t\t\t\t\tvar huFormNode = document.querySelector( '[id^=\"wpcf7-f45404-\"] form' );\r\n\r\n\t\t\t\t\thuFormData['node'] = huFormNode;\r\n\t\t\t\t\thuOptions['forms'].push( huFormData );\r\n\t\t\t\t}\r\n\t\t\t\t<\/script>\n<\/div>\n\n\n\n<div class=\"wp-block-column is-layout-flow wp-block-column-is-layout-flow\" style=\"flex-basis:33.33%\"><\/div>\n<\/div>\n\n\n\n<div style=\"height:100px\" aria-hidden=\"true\" class=\"wp-block-spacer\"><\/div>\n\n\n\n<p><\/p>\n","protected":false},"excerpt":{"rendered":"<p>Miguel \u00c1ngel T\u00e9llezDirector gerente+1 (305) 450 8758 \u00c1lex T\u00e9llezDirector Adjunto(+34) 636243203 Dar\u00edo VilluendasAdministrador financiero(+34) 630520604 Mois\u00e9s PradosJefe de soporte t\u00e9cnico y servicio(+34) 636352732 Ferran RieraVentas(+34) 659611144 Iv\u00e1n AlmellonesMarketing Daniel FuentesSenior soporte t\u00e9cnico y soluciones personalizadas Xavi NavajasIngeniero de soluciones personalizadas Pau Gal\u00e9sAdministraci\u00f3n y log\u00edstica David PradosProducci\u00f3n Contacto<\/p>\n","protected":false},"author":54,"featured_media":0,"parent":0,"menu_order":0,"comment_status":"closed","ping_status":"closed","template":"","meta":{"_acf_changed":false,"footnotes":""},"class_list":["post-146613","page","type-page","status-publish","hentry"],"acf":[],"_links":{"self":[{"href":"https:\/\/www.tele-radio.com\/es\/wp-json\/wp\/v2\/pages\/146613","targetHints":{"allow":["GET"]}}],"collection":[{"href":"https:\/\/www.tele-radio.com\/es\/wp-json\/wp\/v2\/pages"}],"about":[{"href":"https:\/\/www.tele-radio.com\/es\/wp-json\/wp\/v2\/types\/page"}],"author":[{"embeddable":true,"href":"https:\/\/www.tele-radio.com\/es\/wp-json\/wp\/v2\/users\/54"}],"replies":[{"embeddable":true,"href":"https:\/\/www.tele-radio.com\/es\/wp-json\/wp\/v2\/comments?post=146613"}],"version-history":[{"count":218,"href":"https:\/\/www.tele-radio.com\/es\/wp-json\/wp\/v2\/pages\/146613\/revisions"}],"predecessor-version":[{"id":280996,"href":"https:\/\/www.tele-radio.com\/es\/wp-json\/wp\/v2\/pages\/146613\/revisions\/280996"}],"wp:attachment":[{"href":"https:\/\/www.tele-radio.com\/es\/wp-json\/wp\/v2\/media?parent=146613"}],"curies":[{"name":"wp","href":"https:\/\/api.w.org\/{rel}","templated":true}]}}