{"id":122860,"date":"2022-12-23T08:49:13","date_gmt":"2022-12-23T08:49:13","guid":{"rendered":"https:\/\/www.tele-radio.com\/efficient-hydraulic-seeding-with-a-tele-radio-remote-control\/"},"modified":"2023-05-23T13:16:22","modified_gmt":"2023-05-23T13:16:22","slug":"efficient-hydraulic-seeding-with-a-tele-radio-remote-control","status":"publish","type":"page","link":"https:\/\/www.tele-radio.com\/es\/efficient-hydraulic-seeding-with-a-tele-radio-remote-control\/","title":{"rendered":"Hidrosiembra eficiente con un telemando industrial Tele Radio"},"content":{"rendered":"\n<h1 class=\"wp-block-heading\">Hidrosiembra eficiente con un telemando industrial Tele Radio<\/h1>\n\n\n\n<p><em><strong>En muros y terraplenes no es posible utilizar el m\u00e9todo de riego habitual. Las sembradoras convencionales solo pueden sembrar en plano y las semillas se vuelan demasiado r\u00e1pido. Una soluci\u00f3n innovadora es la hidrosiembra. Las semillas se pulverizan sobre una mezcla de agua, fertilizantes, sustancias fijadoras y alg\u00fan producto especial.<\/strong><\/em><\/p>\n\n\n\n<p><em><strong>Patrick Peters ha estado trabajando en <a aria-label=\"undefined (opens in a new tab)\" href=\"https:\/\/hydroseeding.eu\/\" target=\"_blank\" rel=\"noreferrer noopener\">Hydroseeding.eu<\/a> en Pa\u00edses Bajos desde 2001 y es especialista en el campo de la hidrosiembra. Desde hace tiempo ha estado realizando su trabajo m\u00e1s eficientemente gracias al uso de un control remoto Tele Radio.<\/strong><\/em><\/p>\n\n\n\n<p>En Hydroseeding tienen varias instalaciones de bombas que se pueden colocar en un cami\u00f3n, pont\u00f3n o, por ejemplo, detr\u00e1s de un tractor. Las m\u00e1quinas, en combinaci\u00f3n con una manguera en spray de 175 metros de largo hacen posible llegar a cualquier lugar.<\/p>\n\n\n\n<figure class=\"wp-block-pullquote\"><blockquote><p><em>Con el control remoto de Tele Radio podemos llevar a cabo cualquier trabajo, independientemente de la situaci\u00f3n [&#8230;] para realizar el trabajo incluso m\u00e1s eficientemente.<\/em><\/p><cite>&#8211; Patrick<\/cite><\/blockquote><\/figure>\n\n\n\n<div class=\"wp-block-group\"><div class=\"wp-block-group__inner-container is-layout-flow wp-block-group-is-layout-flow\">\n<div class=\"wp-block-group has-black-color has-text-color\"><div class=\"wp-block-group__inner-container is-layout-flow wp-block-group-is-layout-flow\">\n<div class=\"wp-block-group has-black-background-color has-background\"><div class=\"wp-block-group__inner-container is-layout-flow wp-block-group-is-layout-flow\">\n<div class=\"wp-block-columns has-white-color has-black-background-color has-text-color has-background is-layout-flex wp-container-core-columns-is-layout-9d6595d7 wp-block-columns-is-layout-flex\">\n<div class=\"wp-block-column is-vertically-aligned-top is-layout-flow wp-block-column-is-layout-flow\" style=\"flex-basis:33.33%\">\n<div style=\"height:10px\" aria-hidden=\"true\" class=\"wp-block-spacer\"><\/div>\n\n\n<div class=\"wp-block-image\">\n<figure class=\"aligncenter size-large\"><img loading=\"lazy\" decoding=\"async\" width=\"1200\" height=\"1200\" src=\"https:\/\/www.tele-radio.com\/app\/uploads\/\/Naamloos-2-1200x1200.png\" alt=\"mando para la hidrosiembra\" class=\"wp-image-121009\" srcset=\"https:\/\/www.tele-radio.com\/app\/uploads\/Naamloos-2-1200x1200.png 1200w, https:\/\/www.tele-radio.com\/app\/uploads\/Naamloos-2-400x400.png 400w, https:\/\/www.tele-radio.com\/app\/uploads\/Naamloos-2-150x150.png 150w, https:\/\/www.tele-radio.com\/app\/uploads\/Naamloos-2-768x768.png 768w, https:\/\/www.tele-radio.com\/app\/uploads\/Naamloos-2-1536x1536.png 1536w\" sizes=\"auto, (max-width: 1200px) 100vw, 1200px\" \/><\/figure><\/div><\/div>\n\n\n\n<div class=\"wp-block-column is-layout-flow wp-block-column-is-layout-flow\" style=\"flex-basis:66.67%\">\n<h2 class=\"wp-block-heading\">LAS VENTAJAS DE UN CONTROL REMOTO<\/h2>\n\n\n\n<p>La hidrosiembra funciona con un transmisor de mano <a aria-label=\"undefined (opens in a new tab)\" href=\"https:\/\/www.tele-radio.com\/products\/panther\/panther-transmitter-10x1-step-buttons-2\/\" target=\"_blank\" rel=\"noreferrer noopener\">Panther PN-T21-10<\/a>. Con el telemando industrial Panther, la bomba de agua se opera de forma remota. Junto a una manguera que pulveriza de 175 metros de largo, esto trae muchas ventajas. Patrick explica: &#8220;Ahora puedo alejarme de la bomba y a\u00fan as\u00ed operarla. No tengo que correr a la m\u00e1quina para apagarla. Con el telemando Panther puedo actuar inmediatamente en caso de bloqueo y ajustar la presi\u00f3n o apagar la m\u00e1quina. Ahora incluso puedo hacer trabajos solo. Esto ahorra costes.&#8221;<\/p>\n\n\n\n<h2 class=\"wp-block-heading\">CONTROL REMOTO INAL\u00c1MBRICO EN EL FUTURO<\/h2>\n\n\n\n<p>Patrick est\u00e1 muy satisfecho con su transmisor de mano Panther, el cual ha hecho que el trabajo sea m\u00e1s eficiente. En el futuro, est\u00e1 considerando ir m\u00e1s all\u00e1 con un telemando de pupitre de Tele Radio. Con <a aria-label=\"undefined (opens in a new tab)\" href=\"https:\/\/www.tele-radio.com\/volvo-exster\/\" target=\"_blank\" rel=\"noreferrer noopener\">el sistema Exster de Tele Radio<\/a>, puede no solo operar las m\u00e1quinas para hidrosiembra de forma remota, sino que con el mismo transmisor tambi\u00e9n puede controlar y mover su cami\u00f3n desde fuera. Una acci\u00f3n para la que todav\u00eda tiene que caminar hasta el cami\u00f3n y perder temporalmente el control de la siembra. Esto se evita con un telemando de pupitre.<\/p>\n<\/div>\n<\/div>\n<\/div><\/div>\n<\/div><\/div>\n<\/div><\/div>\n\n\n\n<div style=\"height:35px\" aria-hidden=\"true\" class=\"wp-block-spacer\"><\/div>\n\n\n\n<h2 class=\"wp-block-heading\">PANTHER TELE RADIO, FACILIDAD DE USO Y COMPATIBILIDAD<\/h2>\n\n\n\n<p>Hydroseeding seleccion\u00f3 los mandos Panther por su facilidad de uso y compatibilidad. Panther funciona a 2,4 GHz y usa tecnolog\u00eda que permite operar a largas distancias sin interferencias. Con el nivel de protecci\u00f3n IP67, el transmisor es muy resistente al polvo, agua y suciedad, y para <a aria-label=\"undefined (opens in a new tab)\" href=\"https:\/\/hydroseeding.eu\/\" target=\"_blank\" rel=\"noreferrer noopener\">Hydroseeding.eu<\/a> est\u00e1 equipado con una car\u00e1tula personalizada de alta calidad sobre los botones para la protecci\u00f3n y el funcionamiento m\u00e1s seguro.<\/p>\n\n\n\n<p><\/p>\n\n\n\n<div class=\"wp-block-columns is-layout-flex wp-container-core-columns-is-layout-9d6595d7 wp-block-columns-is-layout-flex\">\n<div class=\"wp-block-column is-layout-flow wp-block-column-is-layout-flow\" style=\"flex-basis:66.66%\">\n<p>El telemando usado es un <a aria-label=\"undefined (opens in a new tab)\" href=\"https:\/\/www.tele-radio.com\/products\/panther\/panther-transmitter-10x1-step-buttons-2\/\" target=\"_blank\" rel=\"noreferrer noopener\">Panther PN-T21-10<\/a> con 10 botones. El transmisor es uno de los muchos controles remotos inal\u00e1mbricos que ofrece Tele Radio para accionamientos y controles industriales. Adem\u00e1s de los transmisores est\u00e1ndar, Tele Radio tambi\u00e9n ofrece versiones personalizadas. En muchos casos, los mandos inal\u00e1mbricos cuentan con un nivel de seguridad certificado por un organismo independiente. Los telemandos son robustos y fiables, por tanto, extremadamente adecuados para el trabajo de hidrosiembra.<\/p>\n\n\n\n<h2 class=\"wp-block-heading\">HYDROSEEDING, ESPECIALISTA EN EL CAMPO DE LA HIDROSIEMBRA<\/h2>\n\n\n\n<p>Jaap Sterk, propietario de Hydroseeding, ha convertido la empresa en los \u00faltimos a\u00f1os en especialista en el campo de la hidrosiembra en los Pa\u00edses Bajos, B\u00e9lgica y una gran parte de Alemania. Hydroseeding proporciona a la construcci\u00f3n de extensiones de c\u00e9sped y flores para municipios, contratistas y jardineros independientes. Adem\u00e1s, Hydroseeding es proveedor de consumibles para la hidrosiembra de la marca Profile.<\/p>\n<\/div>\n\n\n\n<div class=\"wp-block-column is-layout-flow wp-block-column-is-layout-flow\" style=\"flex-basis:33.33%\">\n<figure class=\"wp-block-image size-large\"><img loading=\"lazy\" decoding=\"async\" width=\"1200\" height=\"1200\" src=\"https:\/\/www.tele-radio.com\/app\/uploads\/\/Web_800_x_800_300dpi_2-1200x1200.png\" alt=\"m\u00e1quina de hidrosiembra por control remoto\" class=\"wp-image-121093\" srcset=\"https:\/\/www.tele-radio.com\/app\/uploads\/Web_800_x_800_300dpi_2-1200x1200.png 1200w, https:\/\/www.tele-radio.com\/app\/uploads\/Web_800_x_800_300dpi_2-400x400.png 400w, https:\/\/www.tele-radio.com\/app\/uploads\/Web_800_x_800_300dpi_2-150x150.png 150w, https:\/\/www.tele-radio.com\/app\/uploads\/Web_800_x_800_300dpi_2-768x768.png 768w, https:\/\/www.tele-radio.com\/app\/uploads\/Web_800_x_800_300dpi_2-1536x1536.png 1536w, https:\/\/www.tele-radio.com\/app\/uploads\/Web_800_x_800_300dpi_2-2048x2048.png 2048w, https:\/\/www.tele-radio.com\/app\/uploads\/Web_800_x_800_300dpi_2-250x250.png 250w, https:\/\/www.tele-radio.com\/app\/uploads\/Web_800_x_800_300dpi_2-750x750.png 750w, https:\/\/www.tele-radio.com\/app\/uploads\/Web_800_x_800_300dpi_2-500x500.png 500w, https:\/\/www.tele-radio.com\/app\/uploads\/Web_800_x_800_300dpi_2-1600x1600.png 1600w, https:\/\/www.tele-radio.com\/app\/uploads\/Web_800_x_800_300dpi_2-800x800.png 800w\" sizes=\"auto, (max-width: 1200px) 100vw, 1200px\" \/><\/figure>\n<\/div>\n<\/div>\n\n\n\n<div class=\"wp-block-group\"><div class=\"wp-block-group__inner-container is-layout-flow wp-block-group-is-layout-flow\">\n<div style=\"height:35px\" aria-hidden=\"true\" class=\"wp-block-spacer\"><\/div>\n\n\n\n<figure class=\"wp-block-video\"><video autoplay loop muted src=\"https:\/\/www.tele-radio.com\/app\/uploads\/Hydroseeding_V3.mp4\"><\/video><\/figure>\n\n\n\n<div style=\"height:25px\" aria-hidden=\"true\" class=\"wp-block-spacer\"><\/div>\n\n\n\n<p><\/p>\n<\/div><\/div>\n\n\n\n<div style=\"height:100px\" aria-hidden=\"true\" class=\"wp-block-spacer\"><\/div>\n","protected":false},"excerpt":{"rendered":"<p>Hidrosiembra eficiente con un telemando industrial Tele Radio En muros y terraplenes no es posible utilizar el m\u00e9todo de riego habitual. Las sembradoras convencionales solo pueden sembrar en plano y las semillas se vuelan demasiado r\u00e1pido. Una soluci\u00f3n innovadora es la hidrosiembra. Las semillas se pulverizan sobre una mezcla de agua, fertilizantes, sustancias fijadoras y [&hellip;]<\/p>\n","protected":false},"author":29,"featured_media":121061,"parent":0,"menu_order":0,"comment_status":"closed","ping_status":"closed","template":"","meta":{"_acf_changed":false,"footnotes":""},"class_list":["post-122860","page","type-page","status-publish","has-post-thumbnail","hentry"],"acf":[],"_links":{"self":[{"href":"https:\/\/www.tele-radio.com\/es\/wp-json\/wp\/v2\/pages\/122860","targetHints":{"allow":["GET"]}}],"collection":[{"href":"https:\/\/www.tele-radio.com\/es\/wp-json\/wp\/v2\/pages"}],"about":[{"href":"https:\/\/www.tele-radio.com\/es\/wp-json\/wp\/v2\/types\/page"}],"author":[{"embeddable":true,"href":"https:\/\/www.tele-radio.com\/es\/wp-json\/wp\/v2\/users\/29"}],"replies":[{"embeddable":true,"href":"https:\/\/www.tele-radio.com\/es\/wp-json\/wp\/v2\/comments?post=122860"}],"version-history":[{"count":10,"href":"https:\/\/www.tele-radio.com\/es\/wp-json\/wp\/v2\/pages\/122860\/revisions"}],"predecessor-version":[{"id":155000,"href":"https:\/\/www.tele-radio.com\/es\/wp-json\/wp\/v2\/pages\/122860\/revisions\/155000"}],"wp:featuredmedia":[{"embeddable":true,"href":"https:\/\/www.tele-radio.com\/es\/wp-json\/wp\/v2\/media\/121061"}],"wp:attachment":[{"href":"https:\/\/www.tele-radio.com\/es\/wp-json\/wp\/v2\/media?parent=122860"}],"curies":[{"name":"wp","href":"https:\/\/api.w.org\/{rel}","templated":true}]}}