{"id":109732,"date":"2022-06-29T12:40:34","date_gmt":"2022-06-29T12:40:34","guid":{"rendered":"https:\/\/www.tele-radio.com\/custom-line-solutions\/"},"modified":"2022-11-24T14:45:23","modified_gmt":"2022-11-24T14:45:23","slug":"custom-line-solutions","status":"publish","type":"page","link":"https:\/\/www.tele-radio.com\/es\/custom-line-solutions\/","title":{"rendered":"L\u00ednea Telemando Personalizable SupraTEQ y VersaTEQ"},"content":{"rendered":"\n<h1 class=\"wp-block-heading\">L\u00ednea Telemando Personalizable SupraTEQ y VersaTEQ<\/h1>\n\n\n\n<div style=\"height:24px\" aria-hidden=\"true\" class=\"wp-block-spacer\"><\/div>\n\n\n\n<div class=\"wp-block-cover has-background-dim-10 has-black-background-color has-background-dim\" style=\"min-height:698px;aspect-ratio:unset;\"><img loading=\"lazy\" decoding=\"async\" width=\"2560\" height=\"1707\" class=\"wp-block-cover__image-background wp-image-106791\" alt=\"\" src=\"https:\/\/www.tele-radio.com\/app\/uploads\/TW78_4-scaled.jpg\" data-object-fit=\"cover\" srcset=\"https:\/\/www.tele-radio.com\/app\/uploads\/TW78_4-scaled.jpg 2560w, https:\/\/www.tele-radio.com\/app\/uploads\/TW78_4-400x267.jpg 400w, https:\/\/www.tele-radio.com\/app\/uploads\/TW78_4-1200x800.jpg 1200w, https:\/\/www.tele-radio.com\/app\/uploads\/TW78_4-768x512.jpg 768w, https:\/\/www.tele-radio.com\/app\/uploads\/TW78_4-1536x1024.jpg 1536w\" sizes=\"auto, (max-width: 2560px) 100vw, 2560px\" \/><div class=\"wp-block-cover__inner-container is-layout-flow wp-block-cover-is-layout-flow\">\n<p class=\"has-text-align-center has-large-font-size\"><strong>Nuestros telemandos personalizados hasta el m\u00e1s m\u00ednimo detalle<\/strong><\/p>\n<\/div><\/div>\n\n\n\n<div style=\"height:37px\" aria-hidden=\"true\" class=\"wp-block-spacer\"><\/div>\n\n\n\n<h2 class=\"wp-block-heading\"><meta charset=\"utf-8\">Para nuestros telemandos personalizados VERSATEQ y SUPRATEQ<\/h2>\n\n\n\n<p>Debido a la construcci\u00f3n modular de VersaTEQ y SupraTEQ, la flexibilidad de estos productos es extrema. Empiezas con la elecci\u00f3n de la base; el gran SupraTEQ o el VersaTEQ de gama media. Luego, bajo la carcasa de los transmisores puedes elegir entre una amplia gama de posibilidades t\u00e9cnicas. Todos los transmisores se pueden configurar seg\u00fan especificaciones exactas. Naturalmente, adem\u00e1s de estas opciones t\u00e9cnicas, son posibles todos los elementos de control est\u00e1ndar imaginables, hasta el \u00faltimo bot\u00f3n, joystick o palanca. La placa frontal se puede personalizar con impresi\u00f3n a todo color o grabada, es tu elecci\u00f3n.<\/p>\n\n\n\n<p>Los receptores compactos tambi\u00e9n son altamente adaptables a tus deseos: todas las I\/O son programables, m\u00faltiples protocolos de bus de campo, una antena externa y cableado personalizado son posibles.<\/p>\n\n\n\n<p>La L\u00ednea Personalizable del telemando de pupitre se adapta perfectamente a tus necesidades. Esa es la fuerza de la personalizaci\u00f3n que ofrecemos para los sistemas VersaTEQ y SupraTEQ.<\/p>\n\n\n\n<div style=\"height:33px\" aria-hidden=\"true\" class=\"wp-block-spacer\"><\/div>\n\n\n\n<h2 class=\"has-text-align-center has-luminous-vivid-amber-color has-black-background-color has-text-color has-background has-large-font-size wp-block-heading\">DESCUBRE LA FLEXIBILIDAD DE NUESTROS SISTEMAS DE TELEMANDOS DE PUPITRE A MEDIDA<\/h2>\n\n\n\n<div style=\"height:39px\" aria-hidden=\"true\" class=\"wp-block-spacer\"><\/div>\n\n\n\n<h2 class=\"has-text-align-center wp-block-heading\">ESCOGE LA BASE<\/h2>\n\n\n\n<div style=\"height:46px\" aria-hidden=\"true\" class=\"wp-block-spacer\"><\/div>\n\n\n\n<figure class=\"wp-block-table is-style-stripes\"><table class=\"has-black-color has-luminous-vivid-amber-background-color has-text-color has-background\"><thead><tr><th class=\"has-text-align-center\" data-align=\"center\"><meta charset=\"utf-8\"><strong><a href=\"https:\/\/www.tele-radio.com\/es\/products\/teq-telemandos-pupitre\/versateq-tw57-t26-02\/\"><span class=\"has-inline-color has-black-color\"><span style=\"text-decoration: underline;\">VersaTEQ TW57<\/span><\/span><\/a><\/strong><\/th><th class=\"has-text-align-center\" data-align=\"center\"><meta charset=\"utf-8\"><strong><a href=\"https:\/\/www.tele-radio.com\/es\/products\/teq-telemandos-pupitre\/suprateq-tw77\/\"><span class=\"has-inline-color has-black-color\"><span style=\"text-decoration: underline;\">SupraTEQ TW77<\/span><\/span><\/a><\/strong><\/th><th class=\"has-text-align-center\" data-align=\"center\"><meta charset=\"utf-8\"><strong><a href=\"https:\/\/www.tele-radio.com\/es\/products\/teq-telemandos-pupitre\/suprateq-tw78\/\"><span class=\"has-inline-color has-black-color\"><span style=\"text-decoration: underline;\">SupraTEQ TW78<\/span><\/span><\/a><\/strong><\/th><\/tr><\/thead><tbody><tr><td class=\"has-text-align-center\" data-align=\"center\">24 cm<\/td><td class=\"has-text-align-center\" data-align=\"center\">33 cm<\/td><td class=\"has-text-align-center\" data-align=\"center\">33 cm<\/td><\/tr><tr><td class=\"has-text-align-center\" data-align=\"center\">Pantalla de 320 x 240 px<\/td><td class=\"has-text-align-center\" data-align=\"center\">Pantalla de 320 x 240 px<\/td><td class=\"has-text-align-center\" data-align=\"center\">Pantalla de 480 x 272 px<\/td><\/tr><\/tbody><\/table><\/figure>\n\n\n\n<div style=\"height:68px\" aria-hidden=\"true\" class=\"wp-block-spacer\"><\/div>\n\n\n\n<h2 class=\"has-text-align-center wp-block-heading\">TUS OPCIONES HECHAS A MEDIDA<\/h2>\n\n\n\n<div style=\"height:67px\" aria-hidden=\"true\" class=\"wp-block-spacer\"><\/div>\n\n\n\n<div class=\"wp-block-image\"><figure class=\"aligncenter size-large is-resized\"><img loading=\"lazy\" decoding=\"async\" src=\"https:\/\/www.tele-radio.com\/app\/uploads\/\/PUMA_CUSTOM_OPTIONS-1200x632.png\" alt=\"Telemando de pupitre TEQ personalizable\" class=\"wp-image-42772\" width=\"680\" height=\"358\" srcset=\"https:\/\/www.tele-radio.com\/app\/uploads\/PUMA_CUSTOM_OPTIONS-1200x632.png 1200w, https:\/\/www.tele-radio.com\/app\/uploads\/PUMA_CUSTOM_OPTIONS-400x211.png 400w, https:\/\/www.tele-radio.com\/app\/uploads\/PUMA_CUSTOM_OPTIONS-768x405.png 768w, https:\/\/www.tele-radio.com\/app\/uploads\/PUMA_CUSTOM_OPTIONS-750x395.png 750w, https:\/\/www.tele-radio.com\/app\/uploads\/PUMA_CUSTOM_OPTIONS-500x264.png 500w, https:\/\/www.tele-radio.com\/app\/uploads\/PUMA_CUSTOM_OPTIONS-1600x843.png 1600w, https:\/\/www.tele-radio.com\/app\/uploads\/PUMA_CUSTOM_OPTIONS-800x422.png 800w, https:\/\/www.tele-radio.com\/app\/uploads\/PUMA_CUSTOM_OPTIONS.png 2000w\" sizes=\"auto, (max-width: 680px) 100vw, 680px\" \/><\/figure><\/div>\n\n\n\n<div style=\"height:28px\" aria-hidden=\"true\" class=\"wp-block-spacer\"><\/div>\n\n\n\n<div class=\"wp-block-image\"><figure class=\"aligncenter size-full is-resized\"><img loading=\"lazy\" decoding=\"async\" src=\"https:\/\/www.tele-radio.com\/app\/uploads\/icons_banner_ES.png\" alt=\"Iconos de personalizaci\u00f3n PUMA\" class=\"wp-image-103817\" width=\"525\" height=\"108\" srcset=\"https:\/\/www.tele-radio.com\/app\/uploads\/icons_banner_ES.png 1049w, https:\/\/www.tele-radio.com\/app\/uploads\/icons_banner_ES-400x82.png 400w, https:\/\/www.tele-radio.com\/app\/uploads\/icons_banner_ES-768x157.png 768w, https:\/\/www.tele-radio.com\/app\/uploads\/icons_banner_ES-750x154.png 750w, https:\/\/www.tele-radio.com\/app\/uploads\/icons_banner_ES-500x102.png 500w, https:\/\/www.tele-radio.com\/app\/uploads\/icons_banner_ES-800x164.png 800w\" sizes=\"auto, (max-width: 525px) 100vw, 525px\" \/><\/figure><\/div>\n\n\n\n<div style=\"height:100px\" aria-hidden=\"true\" class=\"wp-block-spacer\"><\/div>\n\n\n\n<figure class=\"wp-block-table aligncenter\"><table class=\"has-fixed-layout\"><tbody><tr><td class=\"has-text-align-center\" data-align=\"center\"><img decoding=\"async\" src=\"https:\/\/www.tele-radio.com\/app\/uploads\/PM_PM_HY-T24_0002.jpg\" alt=\"\" style=\"width: 500px;\"><\/td><td><span style=\"text-decoration: underline;\"><strong>Flexible<\/strong><br><\/span><br>La L\u00ednea Personalizable de telemandos de pupitre ofrece posibilidades sin precedentes en el campo de ajustes de software. En conversaciones con nuestro departamento de ventas puedes determinar la funcionalidad deseada del sistema, ajustada a tus deseos y las posibilidades de m\u00e1quina controlada, gr\u00faa, veh\u00edculo o embarcaci\u00f3n.<br>Por ejemplo, existe la opci\u00f3n de mostrar feedback de la aplicaci\u00f3n en pantalla. Hay muchas opciones para los ajustes del control desde el transmisor a la m\u00e1quina y la pantalla puede ser dise\u00f1ada con lo que desees. Tambi\u00e9n puedes incluir el estilo que uses en el trabajo en el sistema, las se\u00f1ales se pueden mostrar como gr\u00e1ficos, animaciones y muchas m\u00e1s opciones.<\/td><\/tr><\/tbody><\/table><\/figure>\n\n\n\n<figure class=\"wp-block-table aligncenter\"><table class=\"has-fixed-layout\"><tbody><tr><td class=\"has-text-align-center\" data-align=\"center\"><img decoding=\"async\" src=\"https:\/\/www.tele-radio.com\/app\/uploads\/PM_PM_HY-T24_0006.jpg\" alt=\"\" style=\"width: 500px;\"><\/td><td><strong><span style=\"text-decoration: underline;\">Ajustes de Hardware<br><\/span><\/strong><br>Adem\u00e1s de la elecci\u00f3n de una tapa est\u00e1ndar o grande para el transmisor, la mayor\u00eda del hardware se puede adaptar a tus necesidades. Los telemandos de pupitre est\u00e1n preparados para muchas caracter\u00edsticas especiales.<br>Por ejemplo, las asas del transmisor se pueden equipar con luces LED que iluminan la carcasa frontal y los elementos de control en la oscuridad. Un motor de vibraci\u00f3n se puede instalar para un feedback al tacto. La aplicaci\u00f3n de un bloqueo f\u00edsico en el transmisor es tambi\u00e9n una opci\u00f3n. Por supuesto, el receptor tambi\u00e9n puede adaptarse a tus deseos. Puede equiparse con antena interna o externa, rel\u00e9s adicionales, m\u00f3dulos BUS o un tipo de cableado especial.<\/td><\/tr><\/tbody><\/table><\/figure>\n\n\n\n<figure class=\"wp-block-table aligncenter\"><table class=\"has-fixed-layout\"><tbody><tr><td class=\"has-text-align-center\" data-align=\"center\"><img decoding=\"async\" src=\"https:\/\/www.tele-radio.com\/app\/uploads\/PM_PM_HY-T24_0004-1.jpg\" alt=\"\" style=\"width: 500px;\"><\/td><td><strong><span style=\"text-decoration: underline;\">Elementos de control<br><\/span><\/strong><br>Los elementos de control determinan con fuerza la facilidad con la que puedes usar tu m\u00e1quina, dispositivo, veh\u00edculo o embarcaci\u00f3n. Es importante escoger e instalar los componentes con cuidado. Tenemos un amplio rango de elementos de control para escoger.<br>Puedes tener el mando inal\u00e1mbrico con distintos tipos de joysticks con o sin bot\u00f3n en la parte superior. Hay palas, interruptores (de pulsaci\u00f3n) con m\u00faltiples posiciones, interruptores de palanca, potenci\u00f3metros, etc\u00e9tera. Algunos elementos de control se pueden equipar con un LED incorporado o con un indicador LED al lado de la botonera en la carcasa frontal. Los botones tambi\u00e9n pueden tener colores especiales para una operaci\u00f3n intuitiva.<\/td><\/tr><\/tbody><\/table><\/figure>\n\n\n\n<figure class=\"wp-block-table aligncenter\"><table class=\"has-fixed-layout\"><tbody><tr><td class=\"has-text-align-center\" data-align=\"center\"><img decoding=\"async\" src=\"https:\/\/www.tele-radio.com\/app\/uploads\/PH_PM_HY-T24_0016.jpg\" alt=\"\" style=\"width: 500px;\"><\/td><td><strong><span style=\"text-decoration: underline;\">Car\u00e1tula frontal<br><\/span><\/strong><br>La car\u00e1tula frontal de los transmisores es una parte distintiva de la L\u00ednea Personalizable de los telemandos de pupitre. Al dise\u00f1ar y producir la carcasa a tu gusto, el transmisor gana en facilidad de uso y apariencia. Puedes a\u00f1adir tu propia identidad corporativa en la car\u00e1tula frontal. Con las indicaciones correctas e iconos en la car\u00e1tula frontal se asegura un uso m\u00e1s eficiente y seguro.<br>La car\u00e1tula frontal se puede imprimir o grabar. Hay libertad completa en cuanto al tipo de iconos, logos, fuentes, etc\u00e9tera. La car\u00e1tula frontal, como el resto del transmisor, es altamente resistente a suciedad, l\u00edquidos, grasa, etc\u00e9tera. Nuestro departamento de ventas estar\u00e1 feliz de aconsejarte con el mejor sistema posible.<\/td><\/tr><\/tbody><\/table><\/figure>\n\n\n\n<figure class=\"wp-block-table aligncenter\"><table class=\"has-fixed-layout\"><tbody><tr><td class=\"has-text-align-center\" data-align=\"center\"><img decoding=\"async\" src=\"https:\/\/www.tele-radio.com\/app\/uploads\/Certificaten.jpg\" alt=\"\" style=\"width: 500px;\"><\/td><td><strong><span style=\"text-decoration: underline;\">Certificaci\u00f3n<\/span><\/strong><br><br>Los sistemas Tele Radio a menudo se usan en \u00e1reas de riesgo. En estas situaciones, siempre deber\u00edas ser capaz de confiar en el sistema de seguridad. En una emergencia, la funci\u00f3n de parada de seguridad deber\u00eda hacer para lo que est\u00e1 dise\u00f1ada; \u00a1parar la aplicaci\u00f3n!<br>La confianza de la parada de emergencia de los transmisores se muestra en varios niveles oficiales definidos&nbsp;<strong>(SIL3, PLd, PLe, CAT3, etc.)<\/strong>. La certificaci\u00f3n que Tele Radio ha conseguido para estos niveles de seguridad es \u00fanica.<br>La L\u00ednea Personalizada de los telemandos de pupitre puede tener el nivel de seguridad deseado. De esta forma el sistema se puede utilizar de forma segura en todas las circunstancias.<\/td><\/tr><\/tbody><\/table><\/figure>\n\n\n\n<div style=\"height:71px\" aria-hidden=\"true\" class=\"wp-block-spacer\"><\/div>\n\n\n\n<h2 class=\"has-text-align-center has-luminous-vivid-amber-color has-black-background-color has-text-color has-background wp-block-heading\">EL VALOR A\u00d1ADIDO DE NUESTROS PRODUCTOS<\/h2>\n\n\n\n<div style=\"height:50px\" aria-hidden=\"true\" class=\"wp-block-spacer\"><\/div>\n\n\n\n<div class=\"wp-block-image is-style-rounded\"><figure class=\"alignleft size-full is-resized\"><img loading=\"lazy\" decoding=\"async\" src=\"https:\/\/www.tele-radio.com\/app\/uploads\/Contact-1.png\" alt=\"\" class=\"wp-image-106305\" width=\"111\" height=\"111\" srcset=\"https:\/\/www.tele-radio.com\/app\/uploads\/Contact-1.png 417w, https:\/\/www.tele-radio.com\/app\/uploads\/Contact-1-400x400.png 400w, https:\/\/www.tele-radio.com\/app\/uploads\/Contact-1-150x150.png 150w, https:\/\/www.tele-radio.com\/app\/uploads\/Contact-1-250x250.png 250w\" sizes=\"auto, (max-width: 111px) 100vw, 111px\" \/><\/figure><\/div>\n\n\n\n<p><strong>El s\u00f3lido consejo de nuestro Departamento de Ventas<\/strong><\/p>\n\n\n\n<p>Ponte en <a href=\"https:\/\/www.tele-radio.com\/contact-us\/\">contacto<\/a> con nosotros para consejos sobre el sistema que mejor se ajusta a tu aplicaci\u00f3n.&nbsp;<\/p>\n\n\n\n<p><\/p>\n\n\n\n<p><\/p>\n\n\n\n<div style=\"height:15px\" aria-hidden=\"true\" class=\"wp-block-spacer\"><\/div>\n\n\n\n<div class=\"wp-block-image is-style-rounded\"><figure class=\"alignleft is-resized\"><img loading=\"lazy\" decoding=\"async\" src=\"https:\/\/www.tele-radio.com\/app\/uploads\/Signaal2.png\" alt=\"\" class=\"wp-image-40681\" width=\"111\" height=\"111\" srcset=\"https:\/\/www.tele-radio.com\/app\/uploads\/Signaal2.png 162w, https:\/\/www.tele-radio.com\/app\/uploads\/Signaal2-150x150.png 150w\" sizes=\"auto, (max-width: 111px) 100vw, 111px\" \/><\/figure><\/div>\n\n\n\n<h3 class=\"wp-block-heading\">Servicio T\u00e9cnico Propio<\/h3>\n\n\n\n<p>Tele Radio tiene su propio Departamento de Servicio T\u00e9cnico para soporte, instalaci\u00f3n y reparaci\u00f3n directa.<\/p>\n\n\n\n<p><\/p>\n\n\n\n<p><\/p>\n\n\n\n<div style=\"height:15px\" aria-hidden=\"true\" class=\"wp-block-spacer\"><\/div>\n\n\n\n<div class=\"wp-block-image is-style-rounded\"><figure class=\"alignleft is-resized\"><img loading=\"lazy\" decoding=\"async\" src=\"https:\/\/www.tele-radio.com\/app\/uploads\/Icon_safety.png\" alt=\"\" class=\"wp-image-42940\" width=\"111\" height=\"111\" srcset=\"https:\/\/www.tele-radio.com\/app\/uploads\/Icon_safety.png 162w, https:\/\/www.tele-radio.com\/app\/uploads\/Icon_safety-150x150.png 150w\" sizes=\"auto, (max-width: 111px) 100vw, 111px\" \/><\/figure><\/div>\n\n\n\n<h3 class=\"wp-block-heading\">Certificados de seguridad independientes<\/h3>\n\n\n\n<p>Tele Radio puede proveer los informes de aprobaci\u00f3n de la autoridad independiente competente para todos los productos con un certificado de seguridad. Lee m\u00e1s sobre esto&nbsp;<a href=\"https:\/\/www.tele-radio.com\/es\/certificaciones-iso\/\">aqu\u00ed<\/a>.<\/p>\n\n\n\n<p><\/p>\n\n\n\n<p><\/p>\n\n\n\n<p><\/p>\n\n\n\n<div style=\"height:55px\" aria-hidden=\"true\" class=\"wp-block-spacer\"><\/div>\n\n\n\n<div class=\"wp-block-columns is-layout-flex wp-container-core-columns-is-layout-9d6595d7 wp-block-columns-is-layout-flex\">\n<div class=\"wp-block-column is-layout-flow wp-block-column-is-layout-flow\">\n<div class=\"wp-block-image is-style-default\"><figure class=\"aligncenter size-full\"><a href=\"https:\/\/www.tele-radio.com\/es\/suprateq\/\"><img loading=\"lazy\" decoding=\"async\" width=\"1200\" height=\"1032\" src=\"https:\/\/www.tele-radio.com\/app\/uploads\/SUPRATEQ_Mesa-de-trabajo-1-1.png\" alt=\"\" class=\"wp-image-109952\" srcset=\"https:\/\/www.tele-radio.com\/app\/uploads\/SUPRATEQ_Mesa-de-trabajo-1-1.png 1200w, https:\/\/www.tele-radio.com\/app\/uploads\/SUPRATEQ_Mesa-de-trabajo-1-1-400x344.png 400w, https:\/\/www.tele-radio.com\/app\/uploads\/SUPRATEQ_Mesa-de-trabajo-1-1-768x660.png 768w, https:\/\/www.tele-radio.com\/app\/uploads\/SUPRATEQ_Mesa-de-trabajo-1-1-750x645.png 750w, https:\/\/www.tele-radio.com\/app\/uploads\/SUPRATEQ_Mesa-de-trabajo-1-1-500x430.png 500w, https:\/\/www.tele-radio.com\/app\/uploads\/SUPRATEQ_Mesa-de-trabajo-1-1-800x688.png 800w\" sizes=\"auto, (max-width: 1200px) 100vw, 1200px\" \/><\/a><\/figure><\/div>\n<\/div>\n\n\n\n<div class=\"wp-block-column is-layout-flow wp-block-column-is-layout-flow\">\n<div class=\"wp-block-image is-style-default\"><figure class=\"aligncenter size-full\"><a href=\"https:\/\/www.tele-radio.com\/es\/versateq\/\"><img loading=\"lazy\" decoding=\"async\" width=\"1200\" height=\"1032\" src=\"https:\/\/www.tele-radio.com\/app\/uploads\/VERSATEQ_Mesa-de-trabajo-1-1.png\" alt=\"\" class=\"wp-image-109975\" srcset=\"https:\/\/www.tele-radio.com\/app\/uploads\/VERSATEQ_Mesa-de-trabajo-1-1.png 1200w, https:\/\/www.tele-radio.com\/app\/uploads\/VERSATEQ_Mesa-de-trabajo-1-1-400x344.png 400w, https:\/\/www.tele-radio.com\/app\/uploads\/VERSATEQ_Mesa-de-trabajo-1-1-768x660.png 768w, https:\/\/www.tele-radio.com\/app\/uploads\/VERSATEQ_Mesa-de-trabajo-1-1-750x645.png 750w, https:\/\/www.tele-radio.com\/app\/uploads\/VERSATEQ_Mesa-de-trabajo-1-1-500x430.png 500w, https:\/\/www.tele-radio.com\/app\/uploads\/VERSATEQ_Mesa-de-trabajo-1-1-800x688.png 800w\" sizes=\"auto, (max-width: 1200px) 100vw, 1200px\" \/><\/a><\/figure><\/div>\n<\/div>\n<\/div>\n","protected":false},"excerpt":{"rendered":"<p>L\u00ednea Telemando Personalizable SupraTEQ y VersaTEQ Para nuestros telemandos personalizados VERSATEQ y SUPRATEQ Debido a la construcci\u00f3n modular de VersaTEQ y SupraTEQ, la flexibilidad de estos productos es extrema. Empiezas con la elecci\u00f3n de la base; el gran SupraTEQ o el VersaTEQ de gama media. Luego, bajo la carcasa de los transmisores puedes elegir entre [&hellip;]<\/p>\n","protected":false},"author":29,"featured_media":0,"parent":0,"menu_order":0,"comment_status":"closed","ping_status":"closed","template":"","meta":{"_acf_changed":false,"footnotes":""},"class_list":["post-109732","page","type-page","status-publish","hentry"],"acf":[],"_links":{"self":[{"href":"https:\/\/www.tele-radio.com\/es\/wp-json\/wp\/v2\/pages\/109732","targetHints":{"allow":["GET"]}}],"collection":[{"href":"https:\/\/www.tele-radio.com\/es\/wp-json\/wp\/v2\/pages"}],"about":[{"href":"https:\/\/www.tele-radio.com\/es\/wp-json\/wp\/v2\/types\/page"}],"author":[{"embeddable":true,"href":"https:\/\/www.tele-radio.com\/es\/wp-json\/wp\/v2\/users\/29"}],"replies":[{"embeddable":true,"href":"https:\/\/www.tele-radio.com\/es\/wp-json\/wp\/v2\/comments?post=109732"}],"version-history":[{"count":18,"href":"https:\/\/www.tele-radio.com\/es\/wp-json\/wp\/v2\/pages\/109732\/revisions"}],"predecessor-version":[{"id":120355,"href":"https:\/\/www.tele-radio.com\/es\/wp-json\/wp\/v2\/pages\/109732\/revisions\/120355"}],"wp:attachment":[{"href":"https:\/\/www.tele-radio.com\/es\/wp-json\/wp\/v2\/media?parent=109732"}],"curies":[{"name":"wp","href":"https:\/\/api.w.org\/{rel}","templated":true}]}}