{"id":107130,"date":"2022-07-01T13:26:15","date_gmt":"2022-07-01T13:26:15","guid":{"rendered":"https:\/\/www.tele-radio.com\/?page_id=107130"},"modified":"2023-08-25T06:27:18","modified_gmt":"2023-08-25T06:27:18","slug":"trabaja-con-nosotros","status":"publish","type":"page","link":"https:\/\/www.tele-radio.com\/es\/trabaja-con-nosotros\/","title":{"rendered":"Trabaja con nosotros"},"content":{"rendered":"\n<div style=\"height:30px\" aria-hidden=\"true\" class=\"wp-block-spacer\"><\/div>\n\n\n\n<div style=\"height:30px\" aria-hidden=\"true\" class=\"wp-block-spacer\"><\/div>\n\n\n\n<div class=\"wp-block-columns is-layout-flex wp-container-core-columns-is-layout-9d6595d7 wp-block-columns-is-layout-flex\">\n<div class=\"wp-block-column has-background is-layout-flow wp-block-column-is-layout-flow\" style=\"background-color:#fbba00\">\n<p><\/p>\n\n\n<div class=\"wp-block-image\">\n<figure class=\"aligncenter size-full\"><img loading=\"lazy\" decoding=\"async\" width=\"300\" height=\"150\" src=\"https:\/\/www.tele-radio.com\/app\/uploads\/250-1.gif\" alt=\"\" class=\"wp-image-107771\"\/><\/figure><\/div>\n\n\n<p class=\"has-text-align-center has-large-font-size\"><strong>EMPLEADOS EN EL MUNDO<\/strong><\/p>\n<\/div>\n\n\n\n<div class=\"wp-block-column has-background is-layout-flow wp-block-column-is-layout-flow\" style=\"background-color:#fbba00\">\n<p><\/p>\n\n\n<div class=\"wp-block-image\">\n<figure class=\"aligncenter size-full\"><img loading=\"lazy\" decoding=\"async\" width=\"300\" height=\"150\" src=\"https:\/\/www.tele-radio.com\/app\/uploads\/65-1.gif\" alt=\"\" class=\"wp-image-107646\"\/><\/figure><\/div>\n\n\n<p class=\"has-text-align-center has-large-font-size\"><strong>A\u00d1OS DE<br>TELE RADIO<\/strong><\/p>\n<\/div>\n\n\n\n<div class=\"wp-block-column has-background is-layout-flow wp-block-column-is-layout-flow\" style=\"background-color:#fbba00\">\n<p><\/p>\n\n\n<div class=\"wp-block-image\">\n<figure class=\"aligncenter size-full\"><img loading=\"lazy\" decoding=\"async\" width=\"300\" height=\"150\" src=\"https:\/\/www.tele-radio.com\/app\/uploads\/25.gif\" alt=\"\" class=\"wp-image-107504\"\/><\/figure><\/div>\n\n\n<p class=\"has-text-align-center has-large-font-size\"><strong>DELEGACIONES EN 5 CONTINENTES<\/strong><\/p>\n<\/div>\n<\/div>\n\n\n\n<div style=\"height:30px\" aria-hidden=\"true\" class=\"wp-block-spacer\"><\/div>\n\n\n\n<h2 class=\"wp-block-heading has-text-align-center\">\u00bfPor qu\u00e9 trabajar en Allgon Labs?<\/h2>\n\n\n\n<p>Somos un equipo en crecimiento que cree que desarrollar excelentes productos es el resultado de contar con personas capacitadas, apasionadas y empoderadas. Desde nuestro equipo de I+D experimentar\u00e1s la alegr\u00eda y la libertad de una empresa m\u00e1s peque\u00f1a con caminos de decisi\u00f3n cortos, organizaci\u00f3n plana y donde la comunicaci\u00f3n con colegas, otros departamentos y clientes siempre est\u00e1 abierta. Al mismo tiempo, al trabajar en Allgon Labs tendr\u00e1s los recursos y el potencial de desarrollo en un contexto internacional que a menudo solo se puede encontrar en corporaciones mucho m\u00e1s grandes. Nuestro desarrollo de productos se lleva a cabo hoy en Suecia y Asia, todos gestionados desde I+D en nuestra sede central en Suecia.<\/p>\n\n\n\n<div style=\"height:30px\" aria-hidden=\"true\" class=\"wp-block-spacer\"><\/div>\n\n\n\n<figure class=\"wp-block-video\"><video autoplay controls loop muted src=\"https:\/\/www.tele-radio.com\/app\/uploads\/tele-radio-corp-film.mp4\"><\/video><\/figure>\n\n\n\n<div style=\"height:30px\" aria-hidden=\"true\" class=\"wp-block-spacer\"><\/div>\n\n\n\n<div class=\"wp-block-columns are-vertically-aligned-center is-layout-flex wp-container-core-columns-is-layout-9d6595d7 wp-block-columns-is-layout-flex\">\n<div class=\"wp-block-column is-vertically-aligned-center is-layout-flow wp-block-column-is-layout-flow\" style=\"flex-basis:33.33%\">\n<div class=\"wp-block-buttons is-layout-flex wp-block-buttons-is-layout-flex\">\n<div class=\"wp-block-button has-custom-width wp-block-button__width-100\"><a class=\"wp-block-button__link has-black-color has-text-color has-background wp-element-button\" style=\"border-radius:6px;background-color:#fbba00\"><strong>DESARROLLO PERSONAL<\/strong><\/a><\/div>\n<\/div>\n<\/div>\n\n\n\n<div class=\"wp-block-column is-vertically-aligned-center is-layout-flow wp-block-column-is-layout-flow\" style=\"flex-basis:66.66%\">\n<p class=\"has-medium-font-size\">Al igual que nuestros productos, para que avancen y mejoren necesitan un trabajo continuo. Allgon Labs apuesta por los empleados desde el momento de inicio con <strong>oportunidades de formaci\u00f3n interna y externa<\/strong>.<\/p>\n<\/div>\n<\/div>\n\n\n\n<div class=\"wp-block-columns are-vertically-aligned-center is-layout-flex wp-container-core-columns-is-layout-9d6595d7 wp-block-columns-is-layout-flex\">\n<div class=\"wp-block-column is-vertically-aligned-center is-layout-flow wp-block-column-is-layout-flow\" style=\"flex-basis:33.33%\">\n<div class=\"wp-block-buttons is-layout-flex wp-block-buttons-is-layout-flex\">\n<div class=\"wp-block-button has-custom-width wp-block-button__width-100\"><a class=\"wp-block-button__link has-black-color has-text-color has-background wp-element-button\" style=\"border-radius:6px;background-color:#fbba00\"><strong>FLEXIBILIDAD LABORAL<\/strong><\/a><\/div>\n<\/div>\n<\/div>\n\n\n\n<div class=\"wp-block-column is-vertically-aligned-center is-layout-flow wp-block-column-is-layout-flow\" style=\"flex-basis:66.66%\">\n<p class=\"has-medium-font-size\">Nos gusta hablar las condiciones en ambos sentidos. Existe cierta <strong>flexibilidad horaria<\/strong> porque entendemos que hay cientos de situaciones posibles. Adem\u00e1s, contamos con <strong>presencia h\u00edbrida<\/strong> en nuestras oficinas.<\/p>\n<\/div>\n<\/div>\n\n\n\n<div class=\"wp-block-columns are-vertically-aligned-center is-layout-flex wp-container-core-columns-is-layout-9d6595d7 wp-block-columns-is-layout-flex\">\n<div class=\"wp-block-column is-vertically-aligned-center is-layout-flow wp-block-column-is-layout-flow\" style=\"flex-basis:33.33%\">\n<div class=\"wp-block-buttons is-layout-flex wp-block-buttons-is-layout-flex\">\n<div class=\"wp-block-button has-custom-width wp-block-button__width-100\"><a class=\"wp-block-button__link has-black-color has-text-color has-background wp-element-button\" style=\"border-radius:6px;background-color:#fbba00\"><strong>PROYECTO MOTIVADOR<\/strong><\/a><\/div>\n<\/div>\n<\/div>\n\n\n\n<div class=\"wp-block-column is-vertically-aligned-center is-layout-flow wp-block-column-is-layout-flow\" style=\"flex-basis:66.66%\">\n<p class=\"has-medium-font-size\"><strong>Todo esfuerzo tiene su recompensa<\/strong>. Entendemos que nuestros \u00e9xitos ser\u00e1n vuestros desde el principio y valoramos positivamente iniciativas e ideas inspiradoras.<\/p>\n<\/div>\n<\/div>\n\n\n\n<div style=\"height:30px\" aria-hidden=\"true\" class=\"wp-block-spacer\"><\/div>\n\n\n\n<div class=\"wp-block-media-text alignwide has-media-on-the-right is-stacked-on-mobile is-image-fill has-background\" style=\"background-color:#ededed\"><div class=\"wp-block-media-text__content\">\n<p><\/p>\n\n\n\n<h3 class=\"wp-block-heading\">Allgon Labs apuesta por un futuro sostenible con acciones que van m\u00e1s all\u00e1<\/h3>\n\n\n\n<div class=\"wp-block-buttons is-horizontal is-content-justification-center is-layout-flex wp-container-core-buttons-is-layout-499968f5 wp-block-buttons-is-layout-flex\">\n<div class=\"wp-block-button\"><a class=\"wp-block-button__link has-black-color has-text-color has-background wp-element-button\" href=\"https:\/\/www.tele-radio.com\/es\/nuestro-futuro-es-sostenible\/\" style=\"border-radius:6px;background-color:#fbba00\" target=\"_blank\" rel=\"noreferrer noopener\"><strong>Ver m\u00e1s<\/strong><\/a><\/div>\n<\/div>\n\n\n\n<p><\/p>\n<\/div><figure class=\"wp-block-media-text__media\" style=\"background-image:url(https:\/\/www.tele-radio.com\/app\/uploads\/Office_TRBENELUX.jpg);background-position:50% 50%\"><img loading=\"lazy\" decoding=\"async\" width=\"1200\" height=\"675\" src=\"https:\/\/www.tele-radio.com\/app\/uploads\/Office_TRBENELUX.jpg\" alt=\"Trabajar en Tele Radio\" class=\"wp-image-96246 size-full\" srcset=\"https:\/\/www.tele-radio.com\/app\/uploads\/Office_TRBENELUX.jpg 1200w, https:\/\/www.tele-radio.com\/app\/uploads\/Office_TRBENELUX-400x225.jpg 400w, https:\/\/www.tele-radio.com\/app\/uploads\/Office_TRBENELUX-768x432.jpg 768w, https:\/\/www.tele-radio.com\/app\/uploads\/Office_TRBENELUX-750x422.jpg 750w, https:\/\/www.tele-radio.com\/app\/uploads\/Office_TRBENELUX-500x281.jpg 500w, https:\/\/www.tele-radio.com\/app\/uploads\/Office_TRBENELUX-800x450.jpg 800w\" sizes=\"auto, (max-width: 1200px) 100vw, 1200px\" \/><\/figure><\/div>\n\n\n\n<div class=\"wp-block-media-text alignwide is-stacked-on-mobile is-image-fill has-background\" style=\"background-color:#ededed\"><figure class=\"wp-block-media-text__media\" style=\"background-image:url(https:\/\/www.tele-radio.com\/app\/uploads\/malaga.png);background-position:50% 50%\"><img loading=\"lazy\" decoding=\"async\" width=\"1184\" height=\"789\" src=\"https:\/\/www.tele-radio.com\/app\/uploads\/malaga.png\" alt=\"Trabajar en Tele Radio en M\u00e1laga\" class=\"wp-image-107744 size-full\" srcset=\"https:\/\/www.tele-radio.com\/app\/uploads\/malaga.png 1184w, https:\/\/www.tele-radio.com\/app\/uploads\/malaga-400x267.png 400w, https:\/\/www.tele-radio.com\/app\/uploads\/malaga-768x512.png 768w, https:\/\/www.tele-radio.com\/app\/uploads\/malaga-750x500.png 750w, https:\/\/www.tele-radio.com\/app\/uploads\/malaga-500x333.png 500w, https:\/\/www.tele-radio.com\/app\/uploads\/malaga-800x533.png 800w\" sizes=\"auto, (max-width: 1184px) 100vw, 1184px\" \/><\/figure><div class=\"wp-block-media-text__content\">\n<p><\/p>\n\n\n\n<h3 class=\"wp-block-heading\">+320 d\u00edas de sol al a\u00f1o en una localizaci\u00f3n envidiable. Trabaja en M\u00e1laga en un equipo joven y din\u00e1mico<\/h3>\n\n\n\n<p><\/p>\n<\/div><\/div>\n\n\n\n<div style=\"height:100px\" aria-hidden=\"true\" class=\"wp-block-spacer\"><\/div>\n\n\n\n<div class=\"wp-block-columns is-layout-flex wp-container-core-columns-is-layout-9d6595d7 wp-block-columns-is-layout-flex\">\n<div class=\"wp-block-column is-layout-flow wp-block-column-is-layout-flow\" style=\"flex-basis:25%\"><\/div>\n\n\n\n<div class=\"wp-block-column is-layout-flow wp-block-column-is-layout-flow\" style=\"flex-basis:50%\">\n<div class=\"wp-block-cover is-light\"><span aria-hidden=\"true\" class=\"wp-block-cover__background has-background-dim-100 has-background-dim\" style=\"background-color:#fbba00\"><\/span><div class=\"wp-block-cover__inner-container is-layout-flow wp-block-cover-is-layout-flow\">\n<p align=\"center\"><strong>\u00bfNo encuentras lo que buscas?<br><\/strong><br>Env\u00edanos tu petici\u00f3n haciendo <a href=\"https:\/\/www.tele-radio.com\/es\/contactanos\/\" style=\"color:#000000;\">click aqu\u00ed<\/a>.<\/p>\n<\/div><\/div>\n<\/div>\n\n\n\n<div class=\"wp-block-column is-layout-flow wp-block-column-is-layout-flow\" style=\"flex-basis:25%\"><\/div>\n<\/div>\n\n\n\n<div style=\"height:30px\" aria-hidden=\"true\" class=\"wp-block-spacer\"><\/div>\n","protected":false},"excerpt":{"rendered":"<p>EMPLEADOS EN EL MUNDO A\u00d1OS DETELE RADIO DELEGACIONES EN 5 CONTINENTES \u00bfPor qu\u00e9 trabajar en Allgon Labs? Somos un equipo en crecimiento que cree que desarrollar excelentes productos es el resultado de contar con personas capacitadas, apasionadas y empoderadas. Desde nuestro equipo de I+D experimentar\u00e1s la alegr\u00eda y la libertad de una empresa m\u00e1s peque\u00f1a [&hellip;]<\/p>\n","protected":false},"author":54,"featured_media":96246,"parent":0,"menu_order":0,"comment_status":"closed","ping_status":"closed","template":"","meta":{"_acf_changed":false,"footnotes":""},"class_list":["post-107130","page","type-page","status-publish","has-post-thumbnail","hentry"],"acf":[],"_links":{"self":[{"href":"https:\/\/www.tele-radio.com\/es\/wp-json\/wp\/v2\/pages\/107130","targetHints":{"allow":["GET"]}}],"collection":[{"href":"https:\/\/www.tele-radio.com\/es\/wp-json\/wp\/v2\/pages"}],"about":[{"href":"https:\/\/www.tele-radio.com\/es\/wp-json\/wp\/v2\/types\/page"}],"author":[{"embeddable":true,"href":"https:\/\/www.tele-radio.com\/es\/wp-json\/wp\/v2\/users\/54"}],"replies":[{"embeddable":true,"href":"https:\/\/www.tele-radio.com\/es\/wp-json\/wp\/v2\/comments?post=107130"}],"version-history":[{"count":78,"href":"https:\/\/www.tele-radio.com\/es\/wp-json\/wp\/v2\/pages\/107130\/revisions"}],"predecessor-version":[{"id":160621,"href":"https:\/\/www.tele-radio.com\/es\/wp-json\/wp\/v2\/pages\/107130\/revisions\/160621"}],"wp:featuredmedia":[{"embeddable":true,"href":"https:\/\/www.tele-radio.com\/es\/wp-json\/wp\/v2\/media\/96246"}],"wp:attachment":[{"href":"https:\/\/www.tele-radio.com\/es\/wp-json\/wp\/v2\/media?parent=107130"}],"curies":[{"name":"wp","href":"https:\/\/api.w.org\/{rel}","templated":true}]}}