{"id":101227,"date":"2022-05-06T10:22:20","date_gmt":"2022-05-06T10:22:20","guid":{"rendered":"https:\/\/www.tele-radio.com\/gmt-equipment\/"},"modified":"2022-06-02T09:58:30","modified_gmt":"2022-06-02T09:58:30","slug":"gmt-equipment","status":"publish","type":"page","link":"https:\/\/www.tele-radio.com\/es\/gmt-equipment\/","title":{"rendered":"GMT EQUIPMENT"},"content":{"rendered":"\n<div style=\"height:67px\" aria-hidden=\"true\" class=\"wp-block-spacer\"><\/div>\n\n\n\n<h1 class=\"has-text-align-center wp-block-heading\">GMT EQUIPMENT<\/h1>\n\n\n\n<pre class=\"wp-block-verse has-text-align-center has-black-color has-text-color has-medium-font-size\"><em>\u201cHaciendo el Trabajo con \u00c1rboles Seguro y Eficiente\u201d<\/em><\/pre>\n\n\n\n<p style=\"font-size:25px\">Durante m\u00e1s de 10 a\u00f1os, la &#8216;pinza con sierra de GMT Equipment&#8217; siempre ha sido la mejor soluci\u00f3n para retirar \u00e1rboles en cuanto a seguridad y eficiencia en \u00e1reas urbanas con v\u00edas de tren, carreteras y cursos de agua. La pinza con sierra es robusta y con un sistema que opera de forma hidr\u00e1ulica que puede ser montado en cualquier cami\u00f3n gr\u00faa. &nbsp;<\/p>\n\n\n\n<div class=\"wp-block-image is-style-default\"><figure class=\"alignright size-large is-resized\"><img loading=\"lazy\" decoding=\"async\" src=\"https:\/\/www.tele-radio.com\/app\/uploads\/\/GMT_WEB_800x800px-1200x1200.jpg\" alt=\"GMT Equipment con Tele Radio\" class=\"wp-image-101055\" width=\"498\" height=\"498\" srcset=\"https:\/\/www.tele-radio.com\/app\/uploads\/GMT_WEB_800x800px-1200x1200.jpg 1200w, https:\/\/www.tele-radio.com\/app\/uploads\/GMT_WEB_800x800px-400x400.jpg 400w, https:\/\/www.tele-radio.com\/app\/uploads\/GMT_WEB_800x800px-150x150.jpg 150w, https:\/\/www.tele-radio.com\/app\/uploads\/GMT_WEB_800x800px-768x768.jpg 768w, https:\/\/www.tele-radio.com\/app\/uploads\/GMT_WEB_800x800px-1536x1536.jpg 1536w, https:\/\/www.tele-radio.com\/app\/uploads\/GMT_WEB_800x800px-2048x2048.jpg 2048w, https:\/\/www.tele-radio.com\/app\/uploads\/GMT_WEB_800x800px-250x250.jpg 250w, https:\/\/www.tele-radio.com\/app\/uploads\/GMT_WEB_800x800px-750x750.jpg 750w, https:\/\/www.tele-radio.com\/app\/uploads\/GMT_WEB_800x800px-500x500.jpg 500w, https:\/\/www.tele-radio.com\/app\/uploads\/GMT_WEB_800x800px-1600x1600.jpg 1600w, https:\/\/www.tele-radio.com\/app\/uploads\/GMT_WEB_800x800px-800x800.jpg 800w\" sizes=\"auto, (max-width: 498px) 100vw, 498px\" \/><\/figure><\/div>\n\n\n\n<p>En los \u00faltimos 2 a\u00f1os, el nuevo sistema TTC (Control Total del \u00c1rbol o Total Tree Control por sus siglas en ingl\u00e9s) ha estado en uso. Previamente la pinza de sierra solo pod\u00eda girar de forma flexible, ahora puede quedarse totalmente r\u00edgido pulsando un bot\u00f3n. Esto mantiene las partes del \u00e1rbol en la posici\u00f3n en la que fueron talados. Adem\u00e1s, tendr\u00e1 mejor control al inclinar las partes del \u00e1rbol. Esta fuerza de sujeci\u00f3n se realiza de forma hidr\u00e1ulica, pero su activaci\u00f3n requiere una se\u00f1al electr\u00f3nica que controle la v\u00e1lvula. Sin embargo, no todos los tipos de veh\u00edculos (camiones gr\u00faa) tienen una se\u00f1al el\u00e9ctrica adicional disponible o la capacidad para integrarlo en un sistema. Los componentes del control remoto de Tele Radio han resultado ser la soluci\u00f3n ideal para este problema.<\/p>\n\n\n\n<p>Gert-Jan Nekkers (Ingeniero de Proyecto Senior) e Ingar Luttik (Jefe de Desarrollo de Negocio) de GMT Equipment comparten una gran experiencia en su colaboraci\u00f3n con Tele Radio. La compa\u00f1\u00eda no ten\u00eda experiencia previa trabajando con transmisores.<\/p>\n\n\n\n<p>En GMT Equipment, todo el equipamiento es hidr\u00e1ulico. Esto se debe a los antecedentes y la experiencia de la compa\u00f1\u00eda en el \u00e1rea hidr\u00e1ulica. Sin embargo, la nueva funcionalidad de la maquinaria les forz\u00f3 a mirar m\u00e1s all\u00e1 de los sistemas hidr\u00e1ulicos. Aunque al principio la gente dudaba de empezar a trabajar con una t\u00e9cnica diferente, una adaptaci\u00f3n apropiada a trabajar de forma inal\u00e1mbrica era necesaria lo cual llev\u00f3 a encontrar el transmisor y receptor ideales.<\/p>\n\n\n\n<p>Adem\u00e1s, el personal no quer\u00eda dispositivos grandes y aparatosos, sino herramientas compactas y a la vez robustas que quepan f\u00e1cilmente en el bolsillo. El amplio rango de productos de Tele Radio re\u00fane ambas necesidades. GMT Equipment y el Servicio T\u00e9cnico de Tele Radio hemos trabajado en una soluci\u00f3n. Consecuentemente, el nuevo sistema TTC se us\u00f3 por primera vez en Septiembre de 2020.<\/p>\n\n\n\n<p>Tras un gran n\u00famero de peticiones de clientes, se hicieron unos pocos ajustes desde la introducci\u00f3n del nuevo sistema; un buen ejemplo de continuo desarrollo de producto. En Tele Radio nos gusta pensar en los clientes y su experiencia pr\u00e1ctica en combinaci\u00f3n con sus sistemas para mejorar el producto, sin necesidad de un tiempo de investigaci\u00f3n o desarrollo muy largo.<\/p>\n\n\n\n<p>A GMT Equipment le agrada nuestra \u00e9tica de trabajo ya que ellos trabajan as\u00ed y piensan en soluciones m\u00e1s que problemas.<\/p>\n\n\n\n<div style=\"height:57px\" aria-hidden=\"true\" class=\"wp-block-spacer\"><\/div>\n\n\n\n<div class=\"wp-block-cover has-black-background-color has-background-dim\"><div class=\"wp-block-cover__inner-container is-layout-flow wp-block-cover-is-layout-flow\">\n<h2 class=\"has-text-align-center wp-block-heading\"><strong>La Pinza con Sierra<\/strong><\/h2>\n\n\n\n<p class=\"has-text-align-center\">Las funciones de agarre y sierra est\u00e1n hidr\u00e1ulicamente integradas en la pinza con sierra. Esto significa que algunas operaciones se pueden realizar posteriormente, usando el transmisor de Tele Radio el sistema de frenado se puede bloquear o parar en cualquier momento. Esto previene que la copa del \u00e1rbol se mueva o se vuelque. Es muy importante cuando se retiren \u00e1rboles da\u00f1ados o muertos en zonas urbanas o concurridas. Esta soluci\u00f3n garantiza que la copa del \u00e1rbol no caiga de forma descontrolada sino que sea transportada al sitio correcto por el agarre.<\/p>\n\n\n\n<p class=\"has-text-align-center\">Esto hace el proceso completo mucho m\u00e1s seguro, no solo para los viandantes sino especialmente para la persona encargada de estas actividades. No ser\u00e1 necesario escalar un \u00e1rbol con una plataforma elevadora. Hoy en d\u00eda el trabajo puede realizarse desde el suelo. Adem\u00e1s de ser m\u00e1s seguro, es tambi\u00e9n m\u00e1s eficiente. No es coincidencia que este sea el eslogan de la empresa.<\/p>\n<\/div><\/div>\n\n\n\n<div style=\"height:100px\" aria-hidden=\"true\" class=\"wp-block-spacer\"><\/div>\n\n\n\n<h2 class=\"has-text-align-center wp-block-heading\">\u00bfQuiere m\u00e1s informaci\u00f3n?<\/h2>\n\n\n\n<div class=\"wp-block-contact-form-7-contact-form-selector\">\n<div class=\"wpcf7 no-js\" id=\"wpcf7-f46859-o1\" lang=\"en-EN\" dir=\"ltr\" data-wpcf7-id=\"46859\">\n<div class=\"screen-reader-response\"><p role=\"status\" aria-live=\"polite\" aria-atomic=\"true\"><\/p> <ul><\/ul><\/div>\n<form action=\"\/es\/wp-json\/wp\/v2\/pages\/101227#wpcf7-f46859-o1\" method=\"post\" class=\"wpcf7-form init\" aria-label=\"Contact form\" novalidate=\"novalidate\" data-status=\"init\">\n<fieldset class=\"hidden-fields-container\"><input type=\"hidden\" name=\"_wpcf7\" value=\"46859\" \/><input type=\"hidden\" name=\"_wpcf7_version\" value=\"6.1\" \/><input type=\"hidden\" name=\"_wpcf7_locale\" value=\"en_EN\" \/><input type=\"hidden\" name=\"_wpcf7_unit_tag\" value=\"wpcf7-f46859-o1\" \/><input type=\"hidden\" name=\"_wpcf7_container_post\" value=\"0\" \/><input type=\"hidden\" name=\"_wpcf7_posted_data_hash\" value=\"\" \/><input type=\"hidden\" name=\"_wpcf7_recaptcha_response\" value=\"\" \/>\n<\/fieldset>\n<p><label> Nombre*<br \/>\n<span class=\"wpcf7-form-control-wrap\" data-name=\"nombre\"><input size=\"40\" maxlength=\"400\" class=\"wpcf7-form-control wpcf7-text wpcf7-validates-as-required\" aria-required=\"true\" aria-invalid=\"false\" placeholder=\"Su nombre\" value=\"\" type=\"text\" name=\"nombre\" \/><\/span> <\/label>\n<\/p>\n<p><label> Email*<br \/>\n<span class=\"wpcf7-form-control-wrap\" data-name=\"tu-email\"><input size=\"40\" maxlength=\"400\" class=\"wpcf7-form-control wpcf7-email wpcf7-validates-as-required wpcf7-text wpcf7-validates-as-email\" aria-required=\"true\" aria-invalid=\"false\" placeholder=\"Su email\" value=\"\" type=\"email\" name=\"tu-email\" \/><\/span> <\/label>\n<\/p>\n<p><label> Tel\u00e9fono*<br \/>\n<span class=\"wpcf7-form-control-wrap\" data-name=\"tu-tfno\"><input size=\"40\" maxlength=\"400\" class=\"wpcf7-form-control wpcf7-tel wpcf7-validates-as-required wpcf7-text wpcf7-validates-as-tel\" aria-required=\"true\" aria-invalid=\"false\" placeholder=\"Tel\u00e9fono de contacto\" value=\"\" type=\"tel\" name=\"tu-tfno\" \/><\/span> <\/label>\n<\/p>\n<p><label> Mensaje*<br \/>\n<span class=\"wpcf7-form-control-wrap\" data-name=\"your-message\"><textarea cols=\"40\" rows=\"10\" maxlength=\"2000\" class=\"wpcf7-form-control wpcf7-textarea wpcf7-validates-as-required\" aria-required=\"true\" aria-invalid=\"false\" placeholder=\"Escriba aqu\u00ed su consulta y con qu\u00e9 mando\/equipo necesita ayuda.\" name=\"your-message\"><\/textarea><\/span> <\/label>\n<\/p>\n<p><input class=\"wpcf7-form-control wpcf7-submit has-spinner\" type=\"submit\" value=\"Enviar\" \/>\n<\/p><div class=\"wpcf7-response-output\" aria-hidden=\"true\"><\/div>\n<\/form>\n<\/div>\n\r\n\t\t\t\t<script>\r\n\t\t\t\tif ( typeof huOptions !== 'undefined' ) {\r\n\t\t\t\t\tvar huFormData = {\"source\":\"contactform7\",\"id\":46859,\"title\":\"TRESP-soporte\",\"fields\":{\"subject\":{\"first_name\":\"your-name\",\"email\":\"your-email\"},\"preferences\":{\"terms\":\"your-consent\"}}};\r\n\t\t\t\t\tvar huFormNode = document.querySelector( '[id^=\"wpcf7-f46859-\"] form' );\r\n\r\n\t\t\t\t\thuFormData['node'] = huFormNode;\r\n\t\t\t\t\thuOptions['forms'].push( huFormData );\r\n\t\t\t\t}\r\n\t\t\t\t<\/script><\/div>\n","protected":false},"excerpt":{"rendered":"<p>GMT EQUIPMENT \u201cHaciendo el Trabajo con \u00c1rboles Seguro y Eficiente\u201d Durante m\u00e1s de 10 a\u00f1os, la &#8216;pinza con sierra de GMT Equipment&#8217; siempre ha sido la mejor soluci\u00f3n para retirar \u00e1rboles en cuanto a seguridad y eficiencia en \u00e1reas urbanas con v\u00edas de tren, carreteras y cursos de agua. La pinza con sierra es robusta [&hellip;]<\/p>\n","protected":false},"author":29,"featured_media":101097,"parent":0,"menu_order":0,"comment_status":"closed","ping_status":"closed","template":"","meta":{"_acf_changed":false,"footnotes":""},"class_list":["post-101227","page","type-page","status-publish","has-post-thumbnail","hentry"],"acf":[],"_links":{"self":[{"href":"https:\/\/www.tele-radio.com\/es\/wp-json\/wp\/v2\/pages\/101227","targetHints":{"allow":["GET"]}}],"collection":[{"href":"https:\/\/www.tele-radio.com\/es\/wp-json\/wp\/v2\/pages"}],"about":[{"href":"https:\/\/www.tele-radio.com\/es\/wp-json\/wp\/v2\/types\/page"}],"author":[{"embeddable":true,"href":"https:\/\/www.tele-radio.com\/es\/wp-json\/wp\/v2\/users\/29"}],"replies":[{"embeddable":true,"href":"https:\/\/www.tele-radio.com\/es\/wp-json\/wp\/v2\/comments?post=101227"}],"version-history":[{"count":3,"href":"https:\/\/www.tele-radio.com\/es\/wp-json\/wp\/v2\/pages\/101227\/revisions"}],"predecessor-version":[{"id":104009,"href":"https:\/\/www.tele-radio.com\/es\/wp-json\/wp\/v2\/pages\/101227\/revisions\/104009"}],"wp:featuredmedia":[{"embeddable":true,"href":"https:\/\/www.tele-radio.com\/es\/wp-json\/wp\/v2\/media\/101097"}],"wp:attachment":[{"href":"https:\/\/www.tele-radio.com\/es\/wp-json\/wp\/v2\/media?parent=101227"}],"curies":[{"name":"wp","href":"https:\/\/api.w.org\/{rel}","templated":true}]}}