{"id":86325,"date":"2021-11-03T08:47:30","date_gmt":"2021-11-03T08:47:30","guid":{"rendered":"https:\/\/www.tele-radio.com\/zastosowania-przemysl-kolejowy\/"},"modified":"2021-11-18T08:06:55","modified_gmt":"2021-11-18T08:06:55","slug":"eisenbahnindustrie","status":"publish","type":"page","link":"https:\/\/www.tele-radio.com\/de\/anwendungen\/eisenbahnindustrie\/","title":{"rendered":"Anwendungen &#8211; Eisenbahnindustrie"},"content":{"rendered":"\n<h1 class=\"wp-block-heading\">Funkfernsteuerungen f\u00fcr die Eisenbahnindustrie<\/h1>\n\n\n\n<p>Die Sicherheit spielt im Eisenbahnsektor eine \u00fcberragende Rolle. Deshalb ist dort der Einsatz moderner Technik und Maschinen zwingend erforderlich. Eine M\u00f6glichkeit, die Sicherheit zu verbessern und gleichzeitig die Effizienz und Zuverl\u00e4ssigkeit zu erh\u00f6hen, ist der Einsatz drahtloser Funkfernsteuerungssysteme. Diese k\u00f6nnen f\u00fcr alle Aufgaben im Eisenbahnwesen eingesetzt werden. Im Bau und der Instandhaltung von Bahnstrecken oder f\u00fcr die Steuerung von Rangierlokomotiven.<\/p>\n\n\n\n<h2 class=\"wp-block-heading\">Mit Sicherheit fernsteuern<\/h2>\n\n\n\n<p>Damit Sie sich auf die Sicherheit der Tele Radio Produkte verlassen k\u00f6nnen, lassen wir diese von <a href=\"https:\/\/www.tele-radio.com\/de\/benannte-stelle\/\">unabh\u00e4ngiger Stelle<\/a> zertifizieren. Viele unserer Systeme entsprechen den Standards nach SIL3 \/ PLE. Dadurch k\u00f6nnen sie bei Anwendungen mit erh\u00f6htem Risiko, beispielsweise im Schienenverkehr, eingesetzt werden.  Die Funksteuerung von Lokomotiven bringt den Betreibern viele Vorteile. Sie erm\u00f6glicht eine gute Sicht bei Rangierarbeiten und tr\u00e4gt gleichzeitig zu einem pr\u00e4ziseren Arbeiten sowie einer geringeren Verletzungsgefahr bei. Au\u00dferdem k\u00f6nnen Aufgaben, die die Anwesenheit von mindestens zwei Personen erfordern, dank einer Funkfernsteuerung von einem einzigen Bediener durchgef\u00fchrt werden. Sie k\u00f6nnen eine drahtlose Steuerung auch in anderen Maschinen und F\u00f6rderanlagen eingesetzen, z. B. bei der Verladung von Containern, beim Heben von Lasten und Personen oder bei der Modernisierung von Eisenbahnstrecken. Ein Einsatz von Funkfernsteuerungen in der Eisenbahnindustrie bringt also viele Vorteile mit sich.<\/p>\n\n\n\n<h2 class=\"wp-block-heading\">Tele Radio Funkfernsteuerungen f\u00fcr die Eisenbahnindustrie<\/h2>\n\n\n\n<p>Alle Tele Radio-Sender und -Empf\u00e4nger sind robust und langlebig. Dadurch k\u00f6nnen Sie diese auch unter schwierigsten Bedingungen verwenden. Nachfolgend stellen wir Ihnen einige Funkfernsteuerungsl\u00f6sungen vor. Bitte beachten Sie, dass unsere Systeme \u00e4u\u00dferst flexibel sind. Dadurch k\u00f6nnen sie f\u00fcr unterschiedlichste Anwendungen angepasst werden.  <\/p>\n\n\n\n<p>  <\/p>\n\n\n\n<hr class=\"wp-block-separator\"\/>\n\n\n\n<div style=\"height:20px\" aria-hidden=\"true\" class=\"wp-block-spacer\"><\/div>\n\n\n\n<div class=\"wp-block-media-text alignwide is-stacked-on-mobile\" style=\"grid-template-columns:41% auto\"><figure class=\"wp-block-media-text__media\"><img loading=\"lazy\" decoding=\"async\" width=\"1200\" height=\"1050\" src=\"https:\/\/www.tele-radio.com\/app\/uploads\/pn-tg-1200x1050.png\" alt=\"\" class=\"wp-image-84434 size-full\"\/><\/figure><div class=\"wp-block-media-text__content\">\n<p class=\"has-medium-font-size\">Der <a href=\"https:\/\/www.tele-radio.com\/de\/products\/panther-system-flexibel\/panther-sender-8x2-stufige-drucktasten-pld-cat3\/\">Panther PLd Sender<\/a> arbeitet auf einer Frequenz von 2,4 GHz, worduch er weltweit eingesetzt werden kann. Zudem verf\u00fcgt dieser \u00fcber eine Not-Aus-Taste. <br>Noch mehr Sicherheit bietet unsere <a href=\"https:\/\/www.tele-radio.com\/de\/products\/tiger-g2-ple-und-sil3-zertifiziert\/\">Tiger-Produktreihe<\/a>. Diese ist g\u00e4nzlich nach SIL3 \/ PLe zertifiziert, wodurch Risiken auf ein Minimum reduziert werden. Zudem k\u00f6nnen Sie sich R\u00fcckmeldungen via LEDs oder am Display anzeigen lassen. <\/p>\n<\/div><\/div>\n\n\n\n<div style=\"height:20px\" aria-hidden=\"true\" class=\"wp-block-spacer\"><\/div>\n\n\n\n<hr class=\"wp-block-separator\"\/>\n\n\n\n<div style=\"height:20px\" aria-hidden=\"true\" class=\"wp-block-spacer\"><\/div>\n\n\n\n<div class=\"wp-block-media-text alignwide is-stacked-on-mobile\" style=\"grid-template-columns:41% auto\"><figure class=\"wp-block-media-text__media\"><img loading=\"lazy\" decoding=\"async\" width=\"1200\" height=\"1050\" src=\"https:\/\/www.tele-radio.com\/app\/uploads\/jd-i-propocjonlane-1200x1050.png\" alt=\"TG-T14-7;\nTG-T12\" class=\"wp-image-75216 size-full\"\/><\/figure><div class=\"wp-block-media-text__content\">\n<p><\/p>\n\n\n\n<p class=\"has-medium-font-size\">Ferner verf\u00fcgt die Tiger-Produktreihe \u00fcber Joystick-Sender. Diese eignen sich ideal f\u00fcr Arbeiten mit erh\u00f6hter Pr\u00e4zision. Aber auch Drucktastensender mit analogen Tasten erm\u00f6glichen Ihnen eine pr\u00e4zise Steuerung Ihrer Anwendung.<\/p>\n<\/div><\/div>\n\n\n\n<div style=\"height:20px\" aria-hidden=\"true\" class=\"wp-block-spacer\"><\/div>\n\n\n\n<hr class=\"wp-block-separator\"\/>\n\n\n\n<div style=\"height:20px\" aria-hidden=\"true\" class=\"wp-block-spacer\"><\/div>\n\n\n\n<div class=\"wp-block-media-text alignwide is-stacked-on-mobile\" style=\"grid-template-columns:41% auto\"><figure class=\"wp-block-media-text__media\"><img loading=\"lazy\" decoding=\"async\" width=\"1200\" height=\"1050\" src=\"https:\/\/www.tele-radio.com\/app\/uploads\/T24.png\" alt=\"\" class=\"wp-image-84409 size-full\" srcset=\"https:\/\/www.tele-radio.com\/app\/uploads\/T24.png 1200w, https:\/\/www.tele-radio.com\/app\/uploads\/T24-400x350.png 400w, https:\/\/www.tele-radio.com\/app\/uploads\/T24-768x672.png 768w, https:\/\/www.tele-radio.com\/app\/uploads\/T24-750x656.png 750w, https:\/\/www.tele-radio.com\/app\/uploads\/T24-500x438.png 500w, https:\/\/www.tele-radio.com\/app\/uploads\/T24-800x700.png 800w\" sizes=\"auto, (max-width: 1200px) 100vw, 1200px\" \/><\/figure><div class=\"wp-block-media-text__content\">\n<p><\/p>\n\n\n\n<p class=\"has-medium-font-size\">Unser neuesestes System &#8211; <a href=\"https:\/\/www.tele-radio.com\/de\/products\/funktionsreichste-funkfernsteuerung-puma\/\">Puma<\/a> &#8211; bietet ein H\u00f6chstma\u00df an Sicherheit f\u00fcr  mobile und hydraulische Anwendungen. Zudem k\u00f6nnen Sie diesen Sender vollst\u00e4ndig an Ihre pers\u00f6nlichen W\u00fcnsche anpassen und das Aussehen der Frontplatte individuell gestalten. <\/p>\n<\/div><\/div>\n\n\n\n<div style=\"height:20px\" aria-hidden=\"true\" class=\"wp-block-spacer\"><\/div>\n\n\n\n<p>Neben der Wahl des Senders ist auch die des Empf\u00e4ngers von hoher Bedeutung. Hierbei gibt es Modelle mit digitalen und analogen Ein- bzw. Ausg\u00e4ngen. Ebenfalls sind Empf\u00e4nger mit Feldbus (CANopen, Modbus oder J1939) erh\u00e4ltlich.  <\/p>\n\n\n\n<h2 class=\"wp-block-heading\">Sie ben\u00f6tigen Hilfe?<\/h2>\n\n\n\n<p>Selbstverst\u00e4ndlich stehen wir Ihnen bei Fragen gerne unterst\u00fctzend zur Seite. <a href=\"https:\/\/www.tele-radio.com\/de\/kontakt\/\">Kontaktieren<\/a> Sie uns jederzeit via Mail oder Telefon und wir werden uns um Ihr Anliegen k\u00fcmmern!  <\/p>\n\n\n\n<div style=\"height:100px\" aria-hidden=\"true\" class=\"wp-block-spacer\"><\/div>\n","protected":false},"excerpt":{"rendered":"<p>Funkfernsteuerungen f\u00fcr die Eisenbahnindustrie Die Sicherheit spielt im Eisenbahnsektor eine \u00fcberragende Rolle. Deshalb ist dort der Einsatz moderner Technik und Maschinen zwingend erforderlich. Eine M\u00f6glichkeit, die Sicherheit zu verbessern und gleichzeitig die Effizienz und Zuverl\u00e4ssigkeit zu erh\u00f6hen, ist der Einsatz drahtloser Funkfernsteuerungssysteme. Diese k\u00f6nnen f\u00fcr alle Aufgaben im Eisenbahnwesen eingesetzt werden. Im Bau und der [&hellip;]<\/p>\n","protected":false},"author":78,"featured_media":84628,"parent":78146,"menu_order":0,"comment_status":"closed","ping_status":"closed","template":"","meta":{"_acf_changed":false,"footnotes":""},"class_list":["post-86325","page","type-page","status-publish","has-post-thumbnail","hentry"],"acf":[],"_links":{"self":[{"href":"https:\/\/www.tele-radio.com\/de\/wp-json\/wp\/v2\/pages\/86325","targetHints":{"allow":["GET"]}}],"collection":[{"href":"https:\/\/www.tele-radio.com\/de\/wp-json\/wp\/v2\/pages"}],"about":[{"href":"https:\/\/www.tele-radio.com\/de\/wp-json\/wp\/v2\/types\/page"}],"author":[{"embeddable":true,"href":"https:\/\/www.tele-radio.com\/de\/wp-json\/wp\/v2\/users\/78"}],"replies":[{"embeddable":true,"href":"https:\/\/www.tele-radio.com\/de\/wp-json\/wp\/v2\/comments?post=86325"}],"version-history":[{"count":7,"href":"https:\/\/www.tele-radio.com\/de\/wp-json\/wp\/v2\/pages\/86325\/revisions"}],"predecessor-version":[{"id":86342,"href":"https:\/\/www.tele-radio.com\/de\/wp-json\/wp\/v2\/pages\/86325\/revisions\/86342"}],"up":[{"embeddable":true,"href":"https:\/\/www.tele-radio.com\/de\/wp-json\/wp\/v2\/pages\/78146"}],"wp:featuredmedia":[{"embeddable":true,"href":"https:\/\/www.tele-radio.com\/de\/wp-json\/wp\/v2\/media\/84628"}],"wp:attachment":[{"href":"https:\/\/www.tele-radio.com\/de\/wp-json\/wp\/v2\/media?parent=86325"}],"curies":[{"name":"wp","href":"https:\/\/api.w.org\/{rel}","templated":true}]}}