{"id":86317,"date":"2021-11-03T08:56:05","date_gmt":"2021-11-03T08:56:05","guid":{"rendered":"https:\/\/www.tele-radio.com\/zastosowania-miasta\/"},"modified":"2021-11-18T08:08:09","modified_gmt":"2021-11-18T08:08:09","slug":"staedte","status":"publish","type":"page","link":"https:\/\/www.tele-radio.com\/de\/anwendungen\/staedte\/","title":{"rendered":"Anwendungen &#8211; St\u00e4dte"},"content":{"rendered":"\n<h1 class=\"wp-block-heading\">Funkfernsteuerung von Br\u00fccken, Schranken und Spezialfahrzeugen<\/h1>\n\n\n\n<p>Funksteuerungssysteme sind aus Gr\u00fcnden der Kostenreduzierung, der Bequemlichkeit und des Komforts eine g\u00e4ngige L\u00f6sung. Einer der wichtigsten Vorteile ist jedoch die Gew\u00e4hrleistung der Sicherheit am Arbeitsplatz. Sie k\u00f6nnen Funkferrnsteuerungen bei vielen Anwendungen einsetzen. Folglich k\u00f6nnen Sie auch Maschinen f\u00fcr verschiedene Arbeiten in st\u00e4dtischen Gebieten verwenden. Ergonomische und innovative Funkfernsteuerungen halten die Sicherheit auf h\u00f6chstem Niveau. Tele Radio Produkte sind bis zu SIL3 \/ PLe zertifiziert.<\/p>\n\n\n\n<p>Mit einer Funkfernsteuerung k\u00f6nnen Sie Maschinen und Ger\u00e4te betreiben, die z.B. der Verkehrssicherheit (Funksteuerung von Schranken, Toren, Schrankenanlagen) oder der Kommunaltechnik (z.B. Steuerung von Winterdienstfahrzeugen, M\u00fcllfahrzeugen usw.) dienen. Dar\u00fcber hinaus kann die drahtlose Funksteuerung auf Flugh\u00e4fen eingesetzt werden, wo verschiedene Arten von <a href=\"https:\/\/www.tele-radio.com\/de\/anwendungen\/sonderfahrzeuge\/\">Spezialfahrzeugen<\/a> und -ger\u00e4ten verwendet werden. Eine interessante L\u00f6sung ist der Einsatz der Funksteuerungen zur Bedienung von Br\u00fccken. St\u00e4dte bieten folglich viele Einsatzm\u00f6glichkeiten f\u00fcr Funkfernsteuerungen.<\/p>\n\n\n\n<h2 class=\"wp-block-heading\">Tele Radio Funkfernsteuerungen f\u00fcr St\u00e4dte<\/h2>\n\n\n\n<p>Alle Tele Radio-Sender und -Empf\u00e4nger sind robust und langlebig, so dass sie auch unter den widrigsten Bedingungen funktionieren. Nachfolgend haben wir Beispiele f\u00fcr Fernsteuerungsl\u00f6sungen f\u00fcr Maschinen und Anlagen vorgestellt. Unsere Produkte sind jedoch \u00e4u\u00dferst flexibel, so dass die nachstehenden Beispiele auch f\u00fcr andere Anwendungen angepasst werden k\u00f6nnen.<\/p>\n\n\n\n<hr class=\"wp-block-separator\"\/>\n\n\n\n<div class=\"wp-block-media-text alignwide is-stacked-on-mobile\" style=\"grid-template-columns:41% auto\"><figure class=\"wp-block-media-text__media\"><img loading=\"lazy\" decoding=\"async\" width=\"1200\" height=\"1050\" src=\"https:\/\/www.tele-radio.com\/app\/uploads\/pntg-1200x1050.jpg\" alt=\"\" class=\"wp-image-83899 size-full\"\/><\/figure><div class=\"wp-block-media-text__content\">\n<p><\/p>\n\n\n\n<p class=\"has-medium-font-size\">F\u00fcr Grundfunktionen (z.B. Steuerung von Schranken, Schrankenanlagen und einfachen Funktionen von Sonderfahrzeugen) sind die kleinen Druckknopfsender der Panther-Serie  PN-T13 oder PN-T21 die beste Wahl. Tele Radio bietet aber auch einen nach <a href=\"https:\/\/www.tele-radio.com\/de\/products\/panther-system-flexibel\/panther-sender-8x2-stufige-drucktasten-pld-cat3\/\">PLd zertifizierten Sender<\/a> an.<\/p>\n\n\n\n<p class=\"has-medium-font-size\">Die <a href=\"https:\/\/www.tele-radio.com\/de\/products\/tiger-g2-ple-und-sil3-zertifiziert\/\">Tiger G2-Systeme<\/a> hingegen werden f\u00fcr Anwendungen eingesetzt, die die fortschrittlichsten Funksteuerungsl\u00f6sungen erfordern. Sie bieten Sicherheit gem\u00e4\u00df SIL3 \/ PLe. Ebenfalls k\u00f6nnen Sie sich R\u00fcckmeldungen des Ger\u00e4ts via LEDs oder am Display anzeigen lassen. Die Tiger Produktreihe umfasst neben Drucktastensender ebenfalls Joystick-Sender sowie Drucktastensender mit analogen Tasten f\u00fcr eine pr\u00e4zise Steuerung.<\/p>\n\n\n\n<p><\/p>\n<\/div><\/div>\n\n\n\n<div style=\"height:20px\" aria-hidden=\"true\" class=\"wp-block-spacer\"><\/div>\n\n\n\n<hr class=\"wp-block-separator\"\/>\n\n\n\n<p>Neben der Wahl des Senders ist auch die des Empf\u00e4ngers von hoher Bedeutung. Hierbei gibt es Modelle mit digitalen und analogen Ein- bzw. Ausg\u00e4ngen. Ebenfalls sind Empf\u00e4nger mit Feldbus (CANopen, Modbus oder J1939) erh\u00e4ltlich.  <\/p>\n\n\n\n<h2 class=\"wp-block-heading\">Sie ben\u00f6tigen Hilfe?<\/h2>\n\n\n\n<p>Selbstverst\u00e4ndlich stehen wir Ihnen bei Fragen gerne unterst\u00fctzend zur Seite. <a href=\"https:\/\/www.tele-radio.com\/de\/kontakt\/\">Kontaktieren<\/a> Sie uns jederzeit via Mail oder Telefon und wir werden uns um Ihr Anliegen k\u00fcmmern!<\/p>\n\n\n\n<div style=\"height:100px\" aria-hidden=\"true\" class=\"wp-block-spacer\"><\/div>\n","protected":false},"excerpt":{"rendered":"<p>Funkfernsteuerung von Br\u00fccken, Schranken und Spezialfahrzeugen Funksteuerungssysteme sind aus Gr\u00fcnden der Kostenreduzierung, der Bequemlichkeit und des Komforts eine g\u00e4ngige L\u00f6sung. Einer der wichtigsten Vorteile ist jedoch die Gew\u00e4hrleistung der Sicherheit am Arbeitsplatz. Sie k\u00f6nnen Funkferrnsteuerungen bei vielen Anwendungen einsetzen. Folglich k\u00f6nnen Sie auch Maschinen f\u00fcr verschiedene Arbeiten in st\u00e4dtischen Gebieten verwenden. Ergonomische und innovative Funkfernsteuerungen [&hellip;]<\/p>\n","protected":false},"author":78,"featured_media":0,"parent":78146,"menu_order":0,"comment_status":"closed","ping_status":"closed","template":"","meta":{"_acf_changed":false,"footnotes":""},"class_list":["post-86317","page","type-page","status-publish","hentry"],"acf":[],"_links":{"self":[{"href":"https:\/\/www.tele-radio.com\/de\/wp-json\/wp\/v2\/pages\/86317","targetHints":{"allow":["GET"]}}],"collection":[{"href":"https:\/\/www.tele-radio.com\/de\/wp-json\/wp\/v2\/pages"}],"about":[{"href":"https:\/\/www.tele-radio.com\/de\/wp-json\/wp\/v2\/types\/page"}],"author":[{"embeddable":true,"href":"https:\/\/www.tele-radio.com\/de\/wp-json\/wp\/v2\/users\/78"}],"replies":[{"embeddable":true,"href":"https:\/\/www.tele-radio.com\/de\/wp-json\/wp\/v2\/comments?post=86317"}],"version-history":[{"count":5,"href":"https:\/\/www.tele-radio.com\/de\/wp-json\/wp\/v2\/pages\/86317\/revisions"}],"predecessor-version":[{"id":86343,"href":"https:\/\/www.tele-radio.com\/de\/wp-json\/wp\/v2\/pages\/86317\/revisions\/86343"}],"up":[{"embeddable":true,"href":"https:\/\/www.tele-radio.com\/de\/wp-json\/wp\/v2\/pages\/78146"}],"wp:attachment":[{"href":"https:\/\/www.tele-radio.com\/de\/wp-json\/wp\/v2\/media?parent=86317"}],"curies":[{"name":"wp","href":"https:\/\/api.w.org\/{rel}","templated":true}]}}