{"id":86226,"date":"2021-11-03T08:37:51","date_gmt":"2021-11-03T08:37:51","guid":{"rendered":"https:\/\/www.tele-radio.com\/zastosowania-gornictwo\/"},"modified":"2021-12-02T08:06:17","modified_gmt":"2021-12-02T08:06:17","slug":"bergbaumaschinen","status":"publish","type":"page","link":"https:\/\/www.tele-radio.com\/de\/anwendungen\/bergbaumaschinen\/","title":{"rendered":"Anwendungen &#8211; Bergbaumaschinen"},"content":{"rendered":"\n<h1 class=\"wp-block-heading\">Funkfernsteuerung von Bergbaumaschinen<\/h1>\n\n\n\n<p>Im Bergbau werden schwere Maschinen ben\u00f6tigt, sog. Bergbaumaschinen. Diese sind f\u00fcr den Einsatz bei der Gewinnung von Rohstoffen unter schwierigen Bedingungen geeignet. Der Einsatz von Funksteuerungssystemen ist eine sehr n\u00fctzliche Erg\u00e4nzung dazu. Tele Radio Funkfernsteuerungen tragen n\u00e4mlich dazu bei, Arbeitsunterbrechungen auf ein Minimum zu reduzieren. Dadurch k\u00f6nnen Sie die damit verbundenen Kosten senken und die Produktivit\u00e4t erh\u00f6hen. Was in dieser Branche auch besonders wichtig ist: Die Produkte von Tele Radio verf\u00fcgen ebenfalls \u00fcber ein hohes Ma\u00df an Sicherheit, bis hin zu SIL3 \/ PLe. So k\u00f6nnen Sie sich immer auf deren Zuverl\u00e4ssigkeit verlassen. Tele Radio Produkte k\u00f6nnen zur Steuerung von Maschinen und Ger\u00e4ten sowohl im Untertage- als auch im Tagebau eingesetzt werden.<\/p>\n\n\n\n<h1 class=\"wp-block-heading\">Vorteile einer Funkfernsteuerung<\/h1>\n\n\n\n<p>Die Funkfernsteuerung verbessert nicht nur die Produktivit\u00e4t von Bergbaumaschinen, sondern auch die allgemeine Sicherheit unter ung\u00fcnstigen Arbeitsbedingungen. Schwere Bergbauger\u00e4te wie Bohrmaschinen, Lader und Brecher k\u00f6nnen von einem einzigen Bediener am selben Standort per Funk gesteuert werden. Dies ist ein gro\u00dfer Vorteil. Immerhin ist es im Bergbau ebenfalls besonders wichtig, einen sicheren Abstand zu den Arbeitsmaschinen einzuhalten. Diese sind oftmals sehr laut und erzeugen zudem w\u00e4hrend des Abbaus Vibrationen und eine gro\u00dfe Menge Staub. Durch eine Funkfernsteuerung k\u00f6nnen Sie folglich die negativen Auswirkungen der physischen Faktoren, denen die Bergleute ausgesetzt sind, verringern. Die Funkfernsteuerung macht die Arbeit nicht nur effektiver und effizienter, sondern sorgt zudem f\u00fcr eine komfortable Bedienung der Maschinen.<\/p>\n\n\n\n<h2 class=\"wp-block-heading\">Tele Radio Funkfernsteuerungen f\u00fcr Bergbaumaschinen<\/h2>\n\n\n\n<p>Alle Tele Radio-Sender und -Empf\u00e4nger sind robust und langlebig, so dass sie auch unter den widrigsten Bedingungen funktionieren. Nachstehend finden Sie Beispiele f\u00fcr Fernsteuerungsl\u00f6sungen f\u00fcr Bergbaumaschinen. Unsere Produkte sind jedoch \u00e4u\u00dferst flexibel, so dass die nachstehenden Beispiele auch f\u00fcr andere Anwendungen angepasst werden k\u00f6nnen.<\/p>\n\n\n\n<hr class=\"wp-block-separator\"\/>\n\n\n\n<div class=\"wp-block-media-text alignwide is-stacked-on-mobile\" style=\"grid-template-columns:41% auto\"><figure class=\"wp-block-media-text__media\"><img loading=\"lazy\" decoding=\"async\" width=\"1200\" height=\"1050\" src=\"https:\/\/www.tele-radio.com\/app\/uploads\/panther.m.png\" alt=\"\" class=\"wp-image-82207 size-full\" srcset=\"https:\/\/www.tele-radio.com\/app\/uploads\/panther.m.png 1200w, https:\/\/www.tele-radio.com\/app\/uploads\/panther.m-400x350.png 400w, https:\/\/www.tele-radio.com\/app\/uploads\/panther.m-768x672.png 768w, https:\/\/www.tele-radio.com\/app\/uploads\/panther.m-750x656.png 750w, https:\/\/www.tele-radio.com\/app\/uploads\/panther.m-500x438.png 500w, https:\/\/www.tele-radio.com\/app\/uploads\/panther.m-800x700.png 800w\" sizes=\"auto, (max-width: 1200px) 100vw, 1200px\" \/><\/figure><div class=\"wp-block-media-text__content\">\n<p><\/p>\n\n\n\n<p class=\"has-medium-font-size\">Panther-Systeme zeichnen sich durch ihre Benutzerfreundlichkeit und Flexibilit\u00e4t aus. Tele Radio bietet Panther-Tastensender in verschiedenen Gr\u00f6\u00dfen an, von denen die kleinsten in eine Tasche passen. Das System arbeitet auf der allgemein akzeptierten 2,4-GHz-Frequenz, wodurch Sie das System weltweit nutzen k\u00f6nnen. Panther eignet sich f\u00fcr Anwendungen mit einem Standardniveau an Sicherheit und Funktionalit\u00e4t. Aber auch f\u00fcr diejenigen, die maximale Sicherheit w\u00fcnschen, ist eine Version erh\u00e4ltlich, die den PLd\/CAT3-Normen entspricht &#8211; der Sender <a href=\"https:\/\/www.tele-radio.com\/de\/products\/panther-system-flexibel\/panther-sender-8x2-stufige-drucktasten-pld-cat3\/\">PN-T19-2<\/a> und der empfohlene Empf\u00e4nger PN-R15-x oder PN-R23.<\/p>\n<\/div><\/div>\n\n\n\n<div style=\"height:30px\" aria-hidden=\"true\" class=\"wp-block-spacer\"><\/div>\n\n\n\n<hr class=\"wp-block-separator\"\/>\n\n\n\n<div style=\"height:30px\" aria-hidden=\"true\" class=\"wp-block-spacer\"><\/div>\n\n\n\n<div class=\"wp-block-media-text alignwide is-stacked-on-mobile\" style=\"grid-template-columns:41% auto\"><figure class=\"wp-block-media-text__media\"><img loading=\"lazy\" decoding=\"async\" width=\"1200\" height=\"1050\" src=\"https:\/\/www.tele-radio.com\/app\/uploads\/tiger.png\" alt=\"\" class=\"wp-image-82159 size-full\" srcset=\"https:\/\/www.tele-radio.com\/app\/uploads\/tiger.png 1200w, https:\/\/www.tele-radio.com\/app\/uploads\/tiger-400x350.png 400w, https:\/\/www.tele-radio.com\/app\/uploads\/tiger-768x672.png 768w, https:\/\/www.tele-radio.com\/app\/uploads\/tiger-750x656.png 750w, https:\/\/www.tele-radio.com\/app\/uploads\/tiger-500x438.png 500w, https:\/\/www.tele-radio.com\/app\/uploads\/tiger-800x700.png 800w\" sizes=\"auto, (max-width: 1200px) 100vw, 1200px\" \/><\/figure><div class=\"wp-block-media-text__content\">\n<p><\/p>\n\n\n\n<p class=\"has-medium-font-size\">Die Tiger Produktreihe wird zur Steuerung von Maschinen und Ger\u00e4ten eingesetzt, die ein hohes Ma\u00df an Sicherheit erfordern. Immerhin sind diese Produkte nach SIL3 \/ PLe zertifiziert. Das bedeutet, dass sie dort eingesetzt werden k\u00f6nnen, wo das Risiko auf ein Minimum reduziert werden soll. Ein Beispiel ist die  Bergbauindustrie zur Steuerung von Brechern. Tele Radio bietet Drucktastensender dieser Serie mit oder ohne Display sowie Joystick-Sender, die dem Bediener h\u00f6chste Pr\u00e4zision bieten. Besonders hervorzuheben sind die Sender mit analogen Proportionaltasten, die die Eigenschaften von Drucktasten- und Joystick-Sendern kombinieren.<\/p>\n<\/div><\/div>\n\n\n\n<div style=\"height:30px\" aria-hidden=\"true\" class=\"wp-block-spacer\"><\/div>\n\n\n\n<hr class=\"wp-block-separator\"\/>\n\n\n\n<div style=\"height:30px\" aria-hidden=\"true\" class=\"wp-block-spacer\"><\/div>\n\n\n\n<div class=\"wp-block-media-text alignwide is-stacked-on-mobile\" style=\"grid-template-columns:41% auto\"><figure class=\"wp-block-media-text__media\"><img loading=\"lazy\" decoding=\"async\" width=\"1200\" height=\"1050\" src=\"https:\/\/www.tele-radio.com\/app\/uploads\/puma.png\" alt=\"\" class=\"wp-image-82182 size-full\" srcset=\"https:\/\/www.tele-radio.com\/app\/uploads\/puma.png 1200w, https:\/\/www.tele-radio.com\/app\/uploads\/puma-400x350.png 400w, https:\/\/www.tele-radio.com\/app\/uploads\/puma-768x672.png 768w, https:\/\/www.tele-radio.com\/app\/uploads\/puma-750x656.png 750w, https:\/\/www.tele-radio.com\/app\/uploads\/puma-500x438.png 500w, https:\/\/www.tele-radio.com\/app\/uploads\/puma-800x700.png 800w\" sizes=\"auto, (max-width: 1200px) 100vw, 1200px\" \/><\/figure><div class=\"wp-block-media-text__content\">\n<p><\/p>\n\n\n\n<p class=\"has-medium-font-size\">Eine weitere L\u00f6sung f\u00fcr sehr anspruchsvolle Anwendungen ist das Puma-System. Es bietet ebenfalls ein H\u00f6chstma\u00df an Sicherheit bei mobilen und hydraulischen Anwendungen. Eine weitere Besonderheitist die vollst\u00e4ndige Individualisierung. Neben einer Reihe von technischen Optionen k\u00f6nnen Sie auch die Bedienelemente ausw\u00e4hlen und das Aussehen der Frontplatte individuell gestalten. <\/p>\n<\/div><\/div>\n\n\n\n<hr class=\"wp-block-separator\"\/>\n\n\n\n<p>Neben der Wahl des Senders ist auch die des Empf\u00e4ngers von hoher Bedeutung. Hierbei gibt es Modelle mit digitalen und analogen Ein- bzw. Ausg\u00e4ngen. Ebenfalls sind Empf\u00e4nger mit Feldbus (CANopen, Modbus oder J1939) erh\u00e4ltlich.  <\/p>\n\n\n\n<p><\/p>\n\n\n\n<h2 class=\"wp-block-heading\">Funkfernsteuerung unter schwierigen Bedingungen<\/h2>\n\n\n\n<div class=\"wp-block-media-text alignwide is-stacked-on-mobile has-very-light-gray-background-color has-background\" style=\"grid-template-columns:41% auto\"><figure class=\"wp-block-media-text__media\"><img decoding=\"async\" src=\"https:\/\/www.tele-radio.com\/app\/uploads\/FM_MI_PU_0027.jpg\" alt=\"\" class=\"wp-image-81707 size-full\"\/><\/figure><div class=\"wp-block-media-text__content\">\n<p><\/p>\n\n\n\n<p style=\"font-size:22px\">In anspruchsvollen Branchen wie dem Bergbau ist die Sicherheit Ihrer Mitarbeiter von entscheidender Bedeutung. Mit den innovativen L\u00f6sungen von Tele Radio k\u00f6nnen Sie sich immer auf ein stabiles Signal zwischen Sender und Maschine verlassen, egal unter welchen Umst\u00e4nden.<\/p>\n\n\n\n<p style=\"font-size:22px\">Unsere Produkte funktionieren unter allen Bedingungen einwandfrei und sind zudem langlebig sowie resistent gegen Staub und Wasser.<\/p>\n<\/div><\/div>\n\n\n\n<div style=\"height:25px\" aria-hidden=\"true\" class=\"wp-block-spacer\"><\/div>\n\n\n\n<h2 class=\"wp-block-heading\"> Sie ben\u00f6tigen Hilfe?  <\/h2>\n\n\n\n<p>Selbstverst\u00e4ndlich stehen wir Ihnen bei Fragen gerne unterst\u00fctzend zur Seite. <a href=\"https:\/\/www.tele-radio.com\/de\/kontakt\/\">Kontaktieren<\/a> Sie uns jederzeit via Mail oder Telefon und wir werden uns um Ihr Anliegen k\u00fcmmern!  <\/p>\n\n\n\n<p><\/p>\n","protected":false},"excerpt":{"rendered":"<p>Funkfernsteuerung von Bergbaumaschinen Im Bergbau werden schwere Maschinen ben\u00f6tigt, sog. Bergbaumaschinen. Diese sind f\u00fcr den Einsatz bei der Gewinnung von Rohstoffen unter schwierigen Bedingungen geeignet. Der Einsatz von Funksteuerungssystemen ist eine sehr n\u00fctzliche Erg\u00e4nzung dazu. Tele Radio Funkfernsteuerungen tragen n\u00e4mlich dazu bei, Arbeitsunterbrechungen auf ein Minimum zu reduzieren. Dadurch k\u00f6nnen Sie die damit verbundenen Kosten [&hellip;]<\/p>\n","protected":false},"author":78,"featured_media":0,"parent":78146,"menu_order":0,"comment_status":"closed","ping_status":"closed","template":"","meta":{"_acf_changed":false,"footnotes":""},"class_list":["post-86226","page","type-page","status-publish","hentry"],"acf":[],"_links":{"self":[{"href":"https:\/\/www.tele-radio.com\/de\/wp-json\/wp\/v2\/pages\/86226","targetHints":{"allow":["GET"]}}],"collection":[{"href":"https:\/\/www.tele-radio.com\/de\/wp-json\/wp\/v2\/pages"}],"about":[{"href":"https:\/\/www.tele-radio.com\/de\/wp-json\/wp\/v2\/types\/page"}],"author":[{"embeddable":true,"href":"https:\/\/www.tele-radio.com\/de\/wp-json\/wp\/v2\/users\/78"}],"replies":[{"embeddable":true,"href":"https:\/\/www.tele-radio.com\/de\/wp-json\/wp\/v2\/comments?post=86226"}],"version-history":[{"count":6,"href":"https:\/\/www.tele-radio.com\/de\/wp-json\/wp\/v2\/pages\/86226\/revisions"}],"predecessor-version":[{"id":87392,"href":"https:\/\/www.tele-radio.com\/de\/wp-json\/wp\/v2\/pages\/86226\/revisions\/87392"}],"up":[{"embeddable":true,"href":"https:\/\/www.tele-radio.com\/de\/wp-json\/wp\/v2\/pages\/78146"}],"wp:attachment":[{"href":"https:\/\/www.tele-radio.com\/de\/wp-json\/wp\/v2\/media?parent=86226"}],"curies":[{"name":"wp","href":"https:\/\/api.w.org\/{rel}","templated":true}]}}