{"id":79034,"date":"2021-09-16T12:27:08","date_gmt":"2021-09-16T12:27:08","guid":{"rendered":"https:\/\/www.tele-radio.com\/?page_id=79034"},"modified":"2026-04-09T10:05:12","modified_gmt":"2026-04-09T10:05:12","slug":"karriere","status":"publish","type":"page","link":"https:\/\/www.tele-radio.com\/de\/karriere\/","title":{"rendered":"Karriere \/ Offene Stellenangebote"},"content":{"rendered":"\n<h1 class=\"wp-block-heading has-text-align-left\">Karriere bei TELE RADIO<\/h1>\n\n\n\n<p>Alle offenen Stellenangebote f\u00fcr Ihre Karriere bei Tele Radio GmbH Funkfernsteuerungen in <a href=\"https:\/\/www.google.com\/maps\/place\/Tele+Radio+GmbH+Funkfernsteuerungen\/@48.8409041,12.1262153,17z\/data=!3m1!4b1!4m5!3m4!1s0x479fce4e51b1ee05:0xfd2c9bc65d188de3!8m2!3d48.8408963!4d12.1284489?hl=de\">84069 Schierling<\/a> sowie an unserem Standort West in <a href=\"https:\/\/www.google.com\/maps\/place\/Tele+Radio+GmbH:+Au%C3%9Fenb%C3%BCro+West\/@51.9387567,7.1782502,17z\/data=!3m2!4b1!5s0x47b8505b10f5df79:0xcea86ea9b9e41983!4m5!3m4!1s0x47b8505b10fa02fd:0x7f9895b02e5349db!8m2!3d51.9387534!4d7.1804389?hl=de\">48653 Coesfeld<\/a> finden Sie hier. <br><br>Ihre Bewerbung senden Sie bitte per Mail an <a href=\"mailto:bewerbung@tele-radio-gmbh.de\">bewerbung.de1@tele-radio.com<\/a> oder per Post an Tele Radio GmbH Funkfernsteuerungen, Flurweg 12, 84069 Schierling.<\/p>\n\n\n\n<p>Seit \u00fcber 65 Jahren entwickelt, produziert und verkauf Tele Radio Funkfernsteuerungen f\u00fcr den industriellen Gebrauch. Mit einer Vielzahl an Niederlassungen ist Tele Radio weltweit vertreten. Zus\u00e4tzlich zu den Tochterfirmen arbeitet Tele Radio mit autorisierten H\u00e4ndlern und Partnern zusammen. Starten Sie Ihre Karriere bei Tele Radio.<\/p>\n\n\n\n<div style=\"height:30px\" aria-hidden=\"true\" class=\"wp-block-spacer\"><\/div>\n\n\n\n<div class=\"wp-block-columns is-layout-flex wp-container-core-columns-is-layout-9d6595d7 wp-block-columns-is-layout-flex\">\n<div class=\"wp-block-column is-layout-flow wp-block-column-is-layout-flow\">\n<h1 class=\"wp-block-heading has-text-align-center\">Offene Stellen <\/h1>\n\n\n\n<div style=\"height:31px\" aria-hidden=\"true\" class=\"wp-block-spacer\"><\/div>\n\n\n\n<div class=\"wp-block-columns is-layout-flex wp-container-core-columns-is-layout-9d6595d7 wp-block-columns-is-layout-flex\">\n<div class=\"wp-block-column is-layout-flow wp-block-column-is-layout-flow\">\n<figure class=\"wp-block-image size-large\"><a href=\"https:\/\/www.tele-radio.com\/app\/uploads\/Stellenausschreibung_Vertriebsmitarbeiter_Region-Ostdeutschland_Tele-Radio-GmbH_0126.pdf\" target=\"_blank\" rel=\" noreferrer noopener\"><img loading=\"lazy\" decoding=\"async\" width=\"1200\" height=\"801\" src=\"https:\/\/www.tele-radio.com\/app\/uploads\/FM_MI_TG_0001-1200x801.jpg\" alt=\"\" class=\"wp-image-277416\" style=\"aspect-ratio:1;object-fit:cover\" srcset=\"https:\/\/www.tele-radio.com\/app\/uploads\/FM_MI_TG_0001-1200x801.jpg 1200w, https:\/\/www.tele-radio.com\/app\/uploads\/FM_MI_TG_0001-400x267.jpg 400w, https:\/\/www.tele-radio.com\/app\/uploads\/FM_MI_TG_0001-768x512.jpg 768w, https:\/\/www.tele-radio.com\/app\/uploads\/FM_MI_TG_0001-750x500.jpg 750w, https:\/\/www.tele-radio.com\/app\/uploads\/FM_MI_TG_0001-500x334.jpg 500w, https:\/\/www.tele-radio.com\/app\/uploads\/FM_MI_TG_0001-800x534.jpg 800w, https:\/\/www.tele-radio.com\/app\/uploads\/FM_MI_TG_0001.jpg 1280w\" sizes=\"auto, (max-width: 1200px) 100vw, 1200px\" \/><\/a><\/figure>\n\n\n\n<h2 class=\"wp-block-heading has-text-align-center\"><a href=\"https:\/\/www.tele-radio.com\/app\/uploads\/Stellenausschreibung_Vertriebsmitarbeiter_Region-Ostdeutschland_Tele-Radio-GmbH_0126.pdf\" target=\"_blank\" rel=\"noreferrer noopener\">Vertriebsmitarbeiter (m\/w\/d) Industrielle Funkfernsteuerung &#8211; Vertriebsgebiet OST<\/a><\/h2>\n\n\n\n<div style=\"height:25px\" aria-hidden=\"true\" class=\"wp-block-spacer\"><\/div>\n\n\n\n<p class=\"has-text-align-center has-medium-font-size\">TELE RADIO, Niederlassung: Schierling (Hybridmodell)<\/p>\n<\/div>\n\n\n\n<div class=\"wp-block-column is-layout-flow wp-block-column-is-layout-flow\">\n<figure class=\"wp-block-image size-full is-style-default\"><a href=\"https:\/\/www.tele-radio.com\/app\/uploads\/Stellenausschreibung_Vertriebsmitarbeiter_Region-Oesterreich_Tele-Radio-GmbH_0126.pdf\" target=\"_blank\" rel=\" noreferrer noopener\"><img loading=\"lazy\" decoding=\"async\" width=\"1280\" height=\"1280\" src=\"https:\/\/www.tele-radio.com\/app\/uploads\/FM_MI_PM_0014-1-edited.jpg\" alt=\"\" class=\"wp-image-277536\" style=\"aspect-ratio:1;object-fit:cover\" srcset=\"https:\/\/www.tele-radio.com\/app\/uploads\/FM_MI_PM_0014-1-edited.jpg 1280w, https:\/\/www.tele-radio.com\/app\/uploads\/FM_MI_PM_0014-1-edited-400x400.jpg 400w, https:\/\/www.tele-radio.com\/app\/uploads\/FM_MI_PM_0014-1-edited-1200x1200.jpg 1200w, https:\/\/www.tele-radio.com\/app\/uploads\/FM_MI_PM_0014-1-edited-150x150.jpg 150w, https:\/\/www.tele-radio.com\/app\/uploads\/FM_MI_PM_0014-1-edited-768x768.jpg 768w, https:\/\/www.tele-radio.com\/app\/uploads\/FM_MI_PM_0014-1-edited-250x250.jpg 250w, https:\/\/www.tele-radio.com\/app\/uploads\/FM_MI_PM_0014-1-edited-750x750.jpg 750w, https:\/\/www.tele-radio.com\/app\/uploads\/FM_MI_PM_0014-1-edited-500x500.jpg 500w, https:\/\/www.tele-radio.com\/app\/uploads\/FM_MI_PM_0014-1-edited-800x800.jpg 800w\" sizes=\"auto, (max-width: 1280px) 100vw, 1280px\" \/><\/a><\/figure>\n\n\n\n<h2 class=\"wp-block-heading has-text-align-center\"><a href=\"https:\/\/www.tele-radio.com\/app\/uploads\/Stellenausschreibung_Vertriebsmitarbeiter_Region-Oesterreich_Tele-Radio-GmbH_0126.pdf\" target=\"_blank\" rel=\"noreferrer noopener\">Vertriebsmitarbeiter (m\/w\/d) Industrielle Funkfernsteuerung &#8211; Region \u00d6STERREICH<\/a><\/h2>\n\n\n\n<div style=\"height:25px\" aria-hidden=\"true\" class=\"wp-block-spacer\"><\/div>\n\n\n\n<p class=\"has-text-align-center has-medium-font-size\">TELE RADIO, Niederlassung: Schierling (Hybridmodell)<\/p>\n<\/div>\n<\/div>\n<\/div>\n<\/div>\n\n\n\n<p class=\"has-text-align-center\" style=\"font-size:25px\"><strong>Wir freuen uns auf Ihre Bewerbung!<\/strong><\/p>\n","protected":false},"excerpt":{"rendered":"<p>Karriere bei TELE RADIO Alle offenen Stellenangebote f\u00fcr Ihre Karriere bei Tele Radio GmbH Funkfernsteuerungen in 84069 Schierling sowie an unserem Standort West in 48653 Coesfeld finden Sie hier. Ihre Bewerbung senden Sie bitte per Mail an bewerbung.de1@tele-radio.com oder per Post an Tele Radio GmbH Funkfernsteuerungen, Flurweg 12, 84069 Schierling. Seit \u00fcber 65 Jahren entwickelt, [&hellip;]<\/p>\n","protected":false},"author":66,"featured_media":276630,"parent":0,"menu_order":0,"comment_status":"closed","ping_status":"closed","template":"","meta":{"_acf_changed":false,"footnotes":""},"class_list":["post-79034","page","type-page","status-publish","has-post-thumbnail","hentry"],"acf":[],"_links":{"self":[{"href":"https:\/\/www.tele-radio.com\/de\/wp-json\/wp\/v2\/pages\/79034","targetHints":{"allow":["GET"]}}],"collection":[{"href":"https:\/\/www.tele-radio.com\/de\/wp-json\/wp\/v2\/pages"}],"about":[{"href":"https:\/\/www.tele-radio.com\/de\/wp-json\/wp\/v2\/types\/page"}],"author":[{"embeddable":true,"href":"https:\/\/www.tele-radio.com\/de\/wp-json\/wp\/v2\/users\/66"}],"replies":[{"embeddable":true,"href":"https:\/\/www.tele-radio.com\/de\/wp-json\/wp\/v2\/comments?post=79034"}],"version-history":[{"count":48,"href":"https:\/\/www.tele-radio.com\/de\/wp-json\/wp\/v2\/pages\/79034\/revisions"}],"predecessor-version":[{"id":283170,"href":"https:\/\/www.tele-radio.com\/de\/wp-json\/wp\/v2\/pages\/79034\/revisions\/283170"}],"wp:featuredmedia":[{"embeddable":true,"href":"https:\/\/www.tele-radio.com\/de\/wp-json\/wp\/v2\/media\/276630"}],"wp:attachment":[{"href":"https:\/\/www.tele-radio.com\/de\/wp-json\/wp\/v2\/media?parent=79034"}],"curies":[{"name":"wp","href":"https:\/\/api.w.org\/{rel}","templated":true}]}}