{"id":78210,"date":"2021-07-26T11:18:22","date_gmt":"2021-07-26T11:18:22","guid":{"rendered":"https:\/\/www.tele-radio.com\/rolnictwo-i-lesnictwo\/"},"modified":"2021-09-10T07:26:48","modified_gmt":"2021-09-10T07:26:48","slug":"landwirtschaft","status":"publish","type":"page","link":"https:\/\/www.tele-radio.com\/de\/anwendungen\/landwirtschaft\/","title":{"rendered":"Anwendungen &#8211; Land- und Forstwirtschaft"},"content":{"rendered":"\n<h1 class=\"wp-block-heading\">Funkfernsteuerungen f\u00fcr die Landwirtschaft und Forstwirtschaft<\/h1>\n\n\n\n<p>In den letzten Jahren haben immer mehr Hersteller und Nutzer von Maschinen und Fahrzeugen in der Landwirtschaft und Forstwirtschaft die Technik der Funkfernsteuerung eingef\u00fchrt. Spezialisierte Ger\u00e4te haben die Menschen von Aufgaben befreit, die sehr oft mit hohen Risiken verbunden und daher zeitaufw\u00e4ndig waren. In der Land- und Forstwirtschaft ist Effizienz immerhin das A und O. Mit Tele Radio Funkfernsteuerungen sparen Sie folglich Zeit, Geld und Arbeitskraft. Dadurch wird Ihre Arbeit effizienter und sicherer. Wir passen unsere Systeme an Ihre Bed\u00fcrfnisse an, damit sie Ihnen den gr\u00f6\u00dften Nutzen bringen.<\/p>\n\n\n\n<h2 class=\"wp-block-heading\">Funkfernsteuerung f\u00fcr die Landwirtschaft<\/h2>\n\n\n\n<p><\/p>\n\n\n\n<p class=\"has-very-light-gray-background-color has-background\" style=\"font-size:21px\">Die Nachfrage nach Lebensmitteln steigt st\u00e4ndig, sodass Landwirte immer vor neuen Herausforderungen stehen. Die Funksteuerung von Landmaschinen hilft, die Produktivit\u00e4t zu steigern und tr\u00e4gt zu einer qualitativ hochwertigen Ernte bei. Schwere Feldarbeiten werden ergonomischer und bequemer, und der Benutzer hat eine bessere Sicht auf die Maschine. Die Fernbedienung sch\u00fctzt auch vor ung\u00fcnstigen Witterungsbedingungen wie Regen, Wind oder Sonne, ohne die Reichweite zu beeintr\u00e4chtigen. Infolgedessen k\u00f6nnen Sie unter anderem Ballenpressen, Ballenwickler, M\u00e4hdrescher, S\u00e4maschinen, Streuger\u00e4te und Spr\u00fchger\u00e4te sicher fernbedienen. Die Produkte von Tele Radio sind auch f\u00fcr Gew\u00e4chsh\u00e4user, Obstg\u00e4rten und G\u00e4rten geeignet. Die Vorteile von Funkfernsteuerungen liegen folglich in der Verringerung von Gefahren, in der Zeit- und Kostenersparnis und im Beitrag zum Umweltschutz durch einen effizienteren Einsatz der Maschinen, unabh\u00e4ngig von der Gr\u00f6\u00dfe des Betriebs.<\/p>\n\n\n\n<p><\/p>\n\n\n\n<h2 class=\"wp-block-heading\">Funkfernsteuerung f\u00fcr die Forstwirtschaft <\/h2>\n\n\n\n<p><\/p>\n\n\n\n<p class=\"has-very-light-gray-background-color has-background\" style=\"font-size:21px\">Die Forstwirtschaft ist eine der gef\u00e4hrlichsten Industrien &#8211; die Zahl der t\u00f6dlichen Unf\u00e4lle in diesem Sektor ist mit der im Bergbau vergleichbar. Tele Radio ist ein Experte f\u00fcr sichere L\u00f6sungen. Unsere Produkte sind <a href=\"https:\/\/www.tele-radio.com\/de\/benannte-stelle\/\">unabh\u00e4ngig<\/a> zertifiziert und erf\u00fcllen Sicherheitsstandards bis zu SIL3 \/ PLe. Hochgradig konfigurierbare Sender erm\u00f6glichen pr\u00e4zises Arbeiten aus sicherer Entfernung und begrenzen die Zeit, in der die Arbeiter einem Risiko ausgesetzt sein k\u00f6nnen. Die Fernsteuerung kann bei Forstmaschinen eingesetzt werden, die f\u00fcr technologische Aufgaben wie das F\u00e4llen oder Entasten verwendet werden. Ebenfalls k\u00f6nnen Sie diese bei Maschinen, die f\u00fcr den Holztransport eingesetzt werden, verwenden. Folglich k\u00f6nnen wir Funksteuerungsl\u00f6sungen f\u00fcr z. B. Forstwinden, Forstkrananh\u00e4nger, Holzgreifer, Hackmaschinen und vieles mehr entwickeln.<\/p>\n\n\n\n<p><\/p>\n\n\n\n<h2 class=\"wp-block-heading\">Tele Radio Funkfernsteuerungen f\u00fcr die Landwirtschaft und Forstwirtschaft<\/h2>\n\n\n\n<p>Alle Tele Radio-Sender und -Empf\u00e4nger sind robust und langlebig. Dadurch k\u00f6nnen Sie diese auch unter schwierigsten Bedingungen verwenden. Nachfolgend stellen wir Ihnen einige Funkfernsteuerungsl\u00f6sungen vor. Bitte beachten Sie, dass unsere Systeme \u00e4u\u00dferst flexibel sind. Dadurch k\u00f6nnen wir diese f\u00fcr unterschiedlichste Anwendungen anpassen. <\/p>\n\n\n\n<hr class=\"wp-block-separator\"\/>\n\n\n\n<div style=\"height:30px\" aria-hidden=\"true\" class=\"wp-block-spacer\"><\/div>\n\n\n\n<div class=\"wp-block-media-text alignwide is-stacked-on-mobile\" style=\"grid-template-columns:41% auto\"><figure class=\"wp-block-media-text__media\"><img loading=\"lazy\" decoding=\"async\" width=\"1200\" height=\"1050\" src=\"https:\/\/www.tele-radio.com\/app\/uploads\/panther-1200x1050.png\" alt=\"Tele Radio Panther\" class=\"wp-image-75309 size-full\"\/><\/figure><div class=\"wp-block-media-text__content\">\n<p><\/p>\n\n\n\n<p class=\"has-medium-font-size\">Bei der <a href=\"https:\/\/www.tele-radio.com\/de\/products\/panther-system-flexibel\/\">Panther-Baureihe<\/a> haben Sie die Wahl zwischen kleinen Handsendern ohne Sicherheitsniveau sowie einem <a href=\"https:\/\/www.tele-radio.com\/de\/products\/panther-system-flexibel\/panther-sender-8x2-stufige-drucktasten-pld-cat3\/\">Handsender mit der Sicherheitsstufe PLd \/ Cat. 3<\/a>. Diese Produktreihe arbeitet auf der weltweit zugelassenen Frequenz von 2,4 GHz. W\u00e4hrend die kleinen Handsender zur Steuerung einer Forstseilwinde ideal sind, wird die PLd-Version z.B. bei Ger\u00e4ten der Kr\u00e4uterernte verwendet.<\/p>\n<\/div><\/div>\n\n\n\n<div style=\"height:30px\" aria-hidden=\"true\" class=\"wp-block-spacer\"><\/div>\n\n\n\n<hr class=\"wp-block-separator\"\/>\n\n\n\n<div style=\"height:30px\" aria-hidden=\"true\" class=\"wp-block-spacer\"><\/div>\n\n\n\n<div class=\"wp-block-media-text alignwide is-stacked-on-mobile\" style=\"grid-template-columns:41% auto\"><figure class=\"wp-block-media-text__media\"><img loading=\"lazy\" decoding=\"async\" width=\"1200\" height=\"1050\" src=\"https:\/\/www.tele-radio.com\/app\/uploads\/tigerg2-1200x1050.png\" alt=\"Tele Radio Tiger G2\" class=\"wp-image-75332 size-full\"\/><\/figure><div class=\"wp-block-media-text__content\">\n<p><\/p>\n\n\n\n<p class=\"has-medium-font-size\">Die <a href=\"https:\/\/www.tele-radio.com\/de\/products\/tiger-g2-ple-und-sil3-zertifiziert\/\">Tiger-Reihe<\/a> erf\u00fcllt die h\u00f6chsten Sicherheitsstandards nach PLe \/ SIL3. Zudem zeigen diese via LEDs oder Display R\u00fcckmeldungen an. Die Sender sind neben zweistufigen Tasten auch mit proportionalen Drucktasten erh\u00e4ltlich. Der Joystick-Sender kann individuell angefertigt werden. Diese Sender sind beispielsweise f\u00fcr die Steuerung von Ballenpressenfunktionen (Anheben und Absenken der Pressenklappe sowie Anheben und Absenken der Pick-ups) geeignet.<\/p>\n<\/div><\/div>\n\n\n\n<div style=\"height:30px\" aria-hidden=\"true\" class=\"wp-block-spacer\"><\/div>\n\n\n\n<hr class=\"wp-block-separator\"\/>\n\n\n\n<div style=\"height:30px\" aria-hidden=\"true\" class=\"wp-block-spacer\"><\/div>\n\n\n\n<div class=\"wp-block-media-text alignwide is-stacked-on-mobile\" style=\"grid-template-columns:41% auto\"><figure class=\"wp-block-media-text__media\"><img loading=\"lazy\" decoding=\"async\" width=\"1200\" height=\"1200\" src=\"https:\/\/www.tele-radio.com\/app\/uploads\/\/PUMA-basic-line_T24-01-MIDI-1200x1200.png\" alt=\"Puma Basic Line\" class=\"wp-image-45293 size-full\" srcset=\"https:\/\/www.tele-radio.com\/app\/uploads\/PUMA-basic-line_T24-01-MIDI-1200x1200.png 1200w, https:\/\/www.tele-radio.com\/app\/uploads\/PUMA-basic-line_T24-01-MIDI-150x150.png 150w, https:\/\/www.tele-radio.com\/app\/uploads\/PUMA-basic-line_T24-01-MIDI-400x400.png 400w, https:\/\/www.tele-radio.com\/app\/uploads\/PUMA-basic-line_T24-01-MIDI-768x768.png 768w, https:\/\/www.tele-radio.com\/app\/uploads\/PUMA-basic-line_T24-01-MIDI-250x250.png 250w, https:\/\/www.tele-radio.com\/app\/uploads\/PUMA-basic-line_T24-01-MIDI-750x750.png 750w, https:\/\/www.tele-radio.com\/app\/uploads\/PUMA-basic-line_T24-01-MIDI-500x500.png 500w, https:\/\/www.tele-radio.com\/app\/uploads\/PUMA-basic-line_T24-01-MIDI-1600x1600.png 1600w, https:\/\/www.tele-radio.com\/app\/uploads\/PUMA-basic-line_T24-01-MIDI-800x800.png 800w\" sizes=\"auto, (max-width: 1200px) 100vw, 1200px\" \/><\/figure><div class=\"wp-block-media-text__content\">\n<p><\/p>\n\n\n\n<p class=\"has-medium-font-size\">Beim neuesten System &#8222;<a href=\"https:\/\/www.tele-radio.com\/de\/products\/funktionsreichste-funkfernsteuerung-puma\/\">Puma<\/a>&#8220; k\u00f6nnen Sie zwischen der Standard- und der kundenspezifischen Variante w\u00e4hlen. Mit diesemk\u00f6nnen Sie sogar einen mit Exster ausgestatteten <a href=\"https:\/\/www.tele-radio.com\/de\/lkw-fernsteuern\/\">Volvo-LKW<\/a> von au\u00dferhalb der Fahrerkabine steuern. Folglich ist dieses System ideal f\u00fcr die Steuerung von Funktionen eines Forstanh\u00e4ngers mit Kran.<\/p>\n<\/div><\/div>\n\n\n\n<div style=\"height:30px\" aria-hidden=\"true\" class=\"wp-block-spacer\"><\/div>\n\n\n\n<hr class=\"wp-block-separator\"\/>\n\n\n\n<div style=\"height:30px\" aria-hidden=\"true\" class=\"wp-block-spacer\"><\/div>\n\n\n\n<p>Neben der Wahl des Senders ist auch die des Empf\u00e4ngers von hoher Bedeutung. Hierbei gibt es Modelle mit digitalen und analogen Ein- bzw. Ausg\u00e4ngen. Ebenfalls sind Empf\u00e4nger mit Feldbus (CANopen, Modbus oder J1939) erh\u00e4ltlich. <\/p>\n\n\n\n<p><\/p>\n\n\n\n<h2 class=\"wp-block-heading\">Funkfernsteuerung unter schwierigen Bedingungen<\/h2>\n\n\n\n<div class=\"wp-block-media-text alignwide is-stacked-on-mobile has-very-light-gray-background-color has-background\"><figure class=\"wp-block-media-text__media\"><img loading=\"lazy\" decoding=\"async\" width=\"797\" height=\"532\" src=\"https:\/\/www.tele-radio.com\/app\/uploads\/nadajnik.jpg\" alt=\"Sterowanie radiowe Tele Radio\" class=\"wp-image-74951 size-full\" srcset=\"https:\/\/www.tele-radio.com\/app\/uploads\/nadajnik.jpg 797w, https:\/\/www.tele-radio.com\/app\/uploads\/nadajnik-400x267.jpg 400w, https:\/\/www.tele-radio.com\/app\/uploads\/nadajnik-768x513.jpg 768w, https:\/\/www.tele-radio.com\/app\/uploads\/nadajnik-750x501.jpg 750w, https:\/\/www.tele-radio.com\/app\/uploads\/nadajnik-500x334.jpg 500w\" sizes=\"auto, (max-width: 797px) 100vw, 797px\" \/><\/figure><div class=\"wp-block-media-text__content\">\n<p style=\"font-size:19.5px\">Funksteuerungssysteme, die in der Land- und Forstwirtschaft eingesetzt werden, m\u00fcssen vielen Anforderungen gerecht werden, z. B. schwierigen Umweltbedingungen. Oft gibt es nat\u00fcrliche Hindernisse zwischen Sender und Empf\u00e4nger, wie B\u00e4ume oder B\u00fcsche. Funkfernsteuerungen \u00fcberwinden die Hindernisse und sorgen f\u00fcr eine perfekte Verbindung \u00fcber gro\u00dfe Entfernungen.<\/p>\n\n\n\n<p style=\"font-size:19.5px\">Ein weiteres Problem sind ung\u00fcnstige Witterungsbedingungen wie Regen, Schnee, Nebel sowie hohe und niedrige Temperaturen. Sender und Empf\u00e4nger m\u00fcssen demzufolge gegen Schlamm und Staub resistent sein. Auch in diesem Fall werden sich Tele-Radio-Produkte als n\u00fctzlich erweisen, die leicht, langlebig und wasserdicht gem\u00e4\u00df IP65 oder IP66 sind, so dass sie dem Kontakt mit Staub und Wasser standhalten k\u00f6nnen.<\/p>\n<\/div><\/div>\n\n\n\n<div style=\"height:25px\" aria-hidden=\"true\" class=\"wp-block-spacer\"><\/div>\n\n\n\n<h2 class=\"wp-block-heading\"> Sie ben\u00f6tigen Hilfe? <\/h2>\n\n\n\n<p>Selbstverst\u00e4ndlich stehen wir Ihnen bei Fragen gerne unterst\u00fctzend zur Seite. <a href=\"https:\/\/www.tele-radio.com\/de\/kontakt\/\">Kontaktieren<\/a> Sie uns jederzeit via Mail oder Telefon und wir werden uns um Ihr Anliegen k\u00fcmmern! <\/p>\n\n\n\n<div style=\"height:100px\" aria-hidden=\"true\" class=\"wp-block-spacer\"><\/div>\n","protected":false},"excerpt":{"rendered":"<p>Funkfernsteuerungen f\u00fcr die Landwirtschaft und Forstwirtschaft In den letzten Jahren haben immer mehr Hersteller und Nutzer von Maschinen und Fahrzeugen in der Landwirtschaft und Forstwirtschaft die Technik der Funkfernsteuerung eingef\u00fchrt. Spezialisierte Ger\u00e4te haben die Menschen von Aufgaben befreit, die sehr oft mit hohen Risiken verbunden und daher zeitaufw\u00e4ndig waren. In der Land- und Forstwirtschaft ist [&hellip;]<\/p>\n","protected":false},"author":78,"featured_media":74701,"parent":78146,"menu_order":0,"comment_status":"closed","ping_status":"closed","template":"","meta":{"_acf_changed":false,"footnotes":""},"class_list":["post-78210","page","type-page","status-publish","has-post-thumbnail","hentry"],"acf":[],"_links":{"self":[{"href":"https:\/\/www.tele-radio.com\/de\/wp-json\/wp\/v2\/pages\/78210","targetHints":{"allow":["GET"]}}],"collection":[{"href":"https:\/\/www.tele-radio.com\/de\/wp-json\/wp\/v2\/pages"}],"about":[{"href":"https:\/\/www.tele-radio.com\/de\/wp-json\/wp\/v2\/types\/page"}],"author":[{"embeddable":true,"href":"https:\/\/www.tele-radio.com\/de\/wp-json\/wp\/v2\/users\/78"}],"replies":[{"embeddable":true,"href":"https:\/\/www.tele-radio.com\/de\/wp-json\/wp\/v2\/comments?post=78210"}],"version-history":[{"count":3,"href":"https:\/\/www.tele-radio.com\/de\/wp-json\/wp\/v2\/pages\/78210\/revisions"}],"predecessor-version":[{"id":78347,"href":"https:\/\/www.tele-radio.com\/de\/wp-json\/wp\/v2\/pages\/78210\/revisions\/78347"}],"up":[{"embeddable":true,"href":"https:\/\/www.tele-radio.com\/de\/wp-json\/wp\/v2\/pages\/78146"}],"wp:featuredmedia":[{"embeddable":true,"href":"https:\/\/www.tele-radio.com\/de\/wp-json\/wp\/v2\/media\/74701"}],"wp:attachment":[{"href":"https:\/\/www.tele-radio.com\/de\/wp-json\/wp\/v2\/media?parent=78210"}],"curies":[{"name":"wp","href":"https:\/\/api.w.org\/{rel}","templated":true}]}}