{"id":78184,"date":"2021-08-06T11:35:41","date_gmt":"2021-08-06T11:35:41","guid":{"rendered":"https:\/\/www.tele-radio.com\/maszyny-przemyslowe\/"},"modified":"2024-08-20T10:11:08","modified_gmt":"2024-08-20T10:11:08","slug":"industriemaschinen","status":"publish","type":"page","link":"https:\/\/www.tele-radio.com\/de\/anwendungen\/industriemaschinen\/","title":{"rendered":"Anwendungen &#8211; Industrielle Maschinen"},"content":{"rendered":"\n<h1 class=\"wp-block-heading\">Funkfernsteuerung von Industriemaschinen<\/h1>\n\n\n\n<p>Funksteuerungen haben ein breites Anwendungsspektrum in allen Industriezweigen. Dadurch k\u00f6nnen industrielle Prozesse gesteuert und verschiedene Maschinen und Ausr\u00fcstungen kontrolliert werden. Dies sorgt wiederum f\u00fcr eine h\u00f6here Sicherheit, Qualit\u00e4t und Effizient des Herstellungsprozesses. Funkfernsteuerungen f\u00fcr Industriemaschinen erfordern eine hohe Kompatibilit\u00e4t und Flexibilit\u00e4t.  Genau das sind die Produkte von Tele Radio, deren Funktionalit\u00e4t wir nach den Vorgaben des Kunden anpassen. Die sichere Steuerung wird auch durch das ergonomische Design der Geh\u00e4use und Tasten sowie die Best\u00e4ndigkeit gegen Staub, Wasser, niedrige und hohe Temperaturen gew\u00e4hrleistet. <\/p>\n\n\n\n<p>Die Funksteuerung kann f\u00fcr verschiedene Industriemaschinen verwendet werden. Dies umfasst beispielsweise Produktions- und Montagemaschinen. Sie sind n\u00fctzlich f\u00fcr die Fernsteuerung von CNC-Maschinen, aber auch f\u00fcr die Steuerung von Spezialmaschinen (z. B. in der Lebensmittelindustrie), Schwei\u00dfmaschinen und Anlagen in der Metallurgie.<\/p>\n\n\n\n<blockquote class=\"wp-block-quote is-layout-flow wp-block-quote-is-layout-flow\"><p>Tele Radio bietet Produkte mit unterschiedlichen Sicherheitsstufen an. Die Steuerung von Produktionsanlagen und Maschinen ist jedoch risikobehaftet. Deshalb bieten wir Ger\u00e4te an, die von <a href=\"https:\/\/www.tele-radio.com\/de\/benannte-stelle\/\">unabh\u00e4ngigen Institutionen<\/a> zertifiziert wurden und die h\u00f6chsten Sicherheitsstandards f\u00fcr Funksteuerungen aufweisen (PLd \/ Cat. 3 und PLe \/ SIL3). Wenn Ihre Anwendung keinen sehr hohen Schutz erfordert, sehen Sie sich unsere <a href=\"https:\/\/www.tele-radio.com\/de\/products\/panther-system-flexibel\/\">Panther-Serie<\/a> an, die auch kleine Sender umfasst, die in Ihre Tasche passen.<\/p><\/blockquote>\n\n\n\n<div style=\"height:20px\" aria-hidden=\"true\" class=\"wp-block-spacer\"><\/div>\n\n\n\n<h2 class=\"wp-block-heading\">Tele Radio Funkfernsteuerungen f\u00fcr Industriemaschinen <\/h2>\n\n\n\n<p>Alle Tele Radio-Sender und -Empf\u00e4nger sind robust und langlebig. Dadurch k\u00f6nnen Sie diese auch unter schwierigsten Bedingungen verwenden. Nachfolgend stellen wir Ihnen einige Funkfernsteuerungsl\u00f6sungen vor. Bitte beachten Sie, dass unsere Systeme \u00e4u\u00dferst flexibel sind. Dadurch k\u00f6nnen sie f\u00fcr unterschiedlichste Anwendungen angepasst werden. <\/p>\n\n\n\n<hr class=\"wp-block-separator\"\/>\n\n\n\n<div class=\"wp-block-media-text alignwide is-stacked-on-mobile\" style=\"grid-template-columns:41% auto\"><figure class=\"wp-block-media-text__media\"><img loading=\"lazy\" decoding=\"async\" width=\"1200\" height=\"1050\" src=\"https:\/\/www.tele-radio.com\/app\/uploads\/\/pn-t19-2_tg-t9-2_tg-t14-7-1200x1050.png\" alt=\"PN-T19-2;\nTG-T9-2;\nTG-T14-7\" class=\"wp-image-75545 size-full\"\/><\/figure><div class=\"wp-block-media-text__content\">\n<p><\/p>\n\n\n\n<p class=\"has-medium-font-size\">Sie ben\u00f6tigen eine Stopp-Funktion f\u00fcr Ihre Anwendung? Dann  haben Sie die Wahl zwischen dem Sicherheitsniveau PLd (<a href=\"https:\/\/www.tele-radio.com\/de\/products\/panther-system-flexibel\/panther-sender-8x2-stufige-drucktasten-pld-cat3\/\">Panther-Sender PN-T19-2<\/a>) oder dem Sicherheitsniveau PLe (<a href=\"https:\/\/www.tele-radio.com\/de\/products\/tiger-g2-ple-und-sil3-zertifiziert\/\">Tiger-Baureihe<\/a>). Die Tiger-Sender erm\u00f6glichen es Ihnen, R\u00fcckmeldungen via Display oder LEDs anzeigen zu lassen. Ideal f\u00fcr einen Lader oder Bohrwagen. F\u00fcr eine pr\u00e4zise Steuerung sind unsere Handtastensender mit proportionalen Drucktasten oder aber die Joysticksender geeignet.<\/p>\n\n\n\n<p><\/p>\n<\/div><\/div>\n\n\n\n<div style=\"height:20px\" aria-hidden=\"true\" class=\"wp-block-spacer\"><\/div>\n\n\n\n<hr class=\"wp-block-separator\"\/>\n\n\n\n<div style=\"height:20px\" aria-hidden=\"true\" class=\"wp-block-spacer\"><\/div>\n\n\n\n<p>Neben der Wahl des Senders ist auch die des Empf\u00e4ngers von hoher Bedeutung. Hierbei gibt es Modelle mit digitalen und analogen Ein- bzw. Ausg\u00e4ngen. Ebenfalls sind Empf\u00e4nger mit Feldbus (CANopen, Modbus oder J1939) erh\u00e4ltlich. <\/p>\n\n\n\n<h2 class=\"wp-block-heading\">Sie ben\u00f6tigen Hilfe? <\/h2>\n\n\n\n<p>Selbstverst\u00e4ndlich stehen wir Ihnen bei Fragen gerne unterst\u00fctzend zur Seite. <a href=\"https:\/\/www.tele-radio.com\/de\/kontakt\/\">Kontaktieren<\/a> Sie uns jederzeit via Mail oder Telefon und wir werden uns um Ihr Anliegen k\u00fcmmern! <\/p>\n\n\n\n<div style=\"height:100px\" aria-hidden=\"true\" class=\"wp-block-spacer\"><\/div>\n","protected":false},"excerpt":{"rendered":"<p>Funkfernsteuerung von Industriemaschinen Funksteuerungen haben ein breites Anwendungsspektrum in allen Industriezweigen. Dadurch k\u00f6nnen industrielle Prozesse gesteuert und verschiedene Maschinen und Ausr\u00fcstungen kontrolliert werden. Dies sorgt wiederum f\u00fcr eine h\u00f6here Sicherheit, Qualit\u00e4t und Effizient des Herstellungsprozesses. Funkfernsteuerungen f\u00fcr Industriemaschinen erfordern eine hohe Kompatibilit\u00e4t und Flexibilit\u00e4t. Genau das sind die Produkte von Tele Radio, deren Funktionalit\u00e4t wir [&hellip;]<\/p>\n","protected":false},"author":78,"featured_media":75515,"parent":78146,"menu_order":0,"comment_status":"closed","ping_status":"closed","template":"","meta":{"_acf_changed":false,"footnotes":""},"class_list":["post-78184","page","type-page","status-publish","has-post-thumbnail","hentry"],"acf":[],"_links":{"self":[{"href":"https:\/\/www.tele-radio.com\/de\/wp-json\/wp\/v2\/pages\/78184","targetHints":{"allow":["GET"]}}],"collection":[{"href":"https:\/\/www.tele-radio.com\/de\/wp-json\/wp\/v2\/pages"}],"about":[{"href":"https:\/\/www.tele-radio.com\/de\/wp-json\/wp\/v2\/types\/page"}],"author":[{"embeddable":true,"href":"https:\/\/www.tele-radio.com\/de\/wp-json\/wp\/v2\/users\/78"}],"replies":[{"embeddable":true,"href":"https:\/\/www.tele-radio.com\/de\/wp-json\/wp\/v2\/comments?post=78184"}],"version-history":[{"count":9,"href":"https:\/\/www.tele-radio.com\/de\/wp-json\/wp\/v2\/pages\/78184\/revisions"}],"predecessor-version":[{"id":226731,"href":"https:\/\/www.tele-radio.com\/de\/wp-json\/wp\/v2\/pages\/78184\/revisions\/226731"}],"up":[{"embeddable":true,"href":"https:\/\/www.tele-radio.com\/de\/wp-json\/wp\/v2\/pages\/78146"}],"wp:featuredmedia":[{"embeddable":true,"href":"https:\/\/www.tele-radio.com\/de\/wp-json\/wp\/v2\/media\/75515"}],"wp:attachment":[{"href":"https:\/\/www.tele-radio.com\/de\/wp-json\/wp\/v2\/media?parent=78184"}],"curies":[{"name":"wp","href":"https:\/\/api.w.org\/{rel}","templated":true}]}}