{"id":6999,"date":"2018-05-04T14:47:12","date_gmt":"2018-05-04T14:47:12","guid":{"rendered":"https:\/\/www.tele-radio.com\/support\/"},"modified":"2025-11-05T09:02:16","modified_gmt":"2025-11-05T09:02:16","slug":"support","status":"publish","type":"page","link":"https:\/\/www.tele-radio.com\/de\/support\/","title":{"rendered":"Support\/Download"},"content":{"rendered":"\n<h2 class=\"wp-block-heading\"><strong>Sie ben\u00f6tigen Hilfe?<\/strong><\/h2>\n\n\n\n<p><strong>Tele Radio \u2013 Ihr zuverl\u00e4ssiger Partner f\u00fcr Funkfernsteuerungen und Support<\/strong><\/p>\n\n\n\n<p>Unser Team unterst\u00fctzt Sie bei allen Anliegen rund um unsere Produkte und Services. Ob Fragen zu Bestellungen, Lieferzeiten, Produktverf\u00fcgbarkeit oder technischen Details \u2013 wir helfen Ihnen gerne weiter.<\/p>\n\n\n\n<h4 class=\"wp-block-heading\">Unser Support umfasst:<\/h4>\n\n\n\n<ul class=\"wp-block-list\">\n<li>Beratung zu individuellen Funkfernsteuerungsl\u00f6sungen<\/li>\n\n\n\n<li>Unterst\u00fctzung bei Installation und Programmierung<\/li>\n\n\n\n<li>Hilfe bei Reparaturanfragen<\/li>\n\n\n\n<li>Informationen zu abgek\u00fcndigten Produkten<\/li>\n\n\n\n<li>Zugriff auf Installationsanleitungen und Zertifikate zum Download<\/li>\n<\/ul>\n\n\n\n<h4 class=\"wp-block-heading\">Hilfe rund um die Uhr!<\/h4>\n\n\n\n<p>Auch au\u00dferhalb unserer Gesch\u00e4ftszeiten sind wir f\u00fcr Sie da. Besuchen Sie unseren <a href=\"https:\/\/www.youtube.com\/@TeleRadioDeutschland\" target=\"_blank\" rel=\"noreferrer noopener\"><strong>YouTube-Kanal<\/strong><\/a> mit <strong>hilfreichen Videos zur Installation unserer Funksteuerungen<\/strong>. <\/p>\n\n\n\n<p>Wir helfen Ihnen weiter und stehen Ihnen gerne pers\u00f6nlich zur Seite. Unsere Kontaktdaten finden Sie <a href=\"https:\/\/www.tele-radio.com\/de\/kontakt\/\">hier<\/a>. <\/p>\n\n\n\n<div class=\"wp-block-columns is-layout-flex wp-container-core-columns-is-layout-9d6595d7 wp-block-columns-is-layout-flex\">\n<div class=\"wp-block-column is-layout-flow wp-block-column-is-layout-flow\">\n<div class=\"wp-block-cover is-light\"><span aria-hidden=\"true\" class=\"wp-block-cover__background has-background-dim-100 has-background-dim\" style=\"background-color:#f7f7f7\"><\/span><div class=\"wp-block-cover__inner-container is-layout-flow wp-block-cover-is-layout-flow\"><div class=\"wp-block-image\">\n<figure class=\"aligncenter size-large is-resized\"><img loading=\"lazy\" decoding=\"async\" width=\"128\" height=\"128\" src=\"https:\/\/www.tele-radio.com\/app\/uploads\/certification.png\" alt=\"Support\/ Download\" class=\"wp-image-46654\" style=\"width:64px;height:64px\"\/><\/figure><\/div>\n\n\n<h3 class=\"wp-block-heading has-text-align-center has-very-dark-gray-color has-text-color\">Downloads<\/h3>\n\n\n\n<p class=\"has-text-align-center has-very-dark-gray-color has-text-color\">Hier finden Sie Installationsanleitungen, technische Datenbl\u00e4tter, Zertifikate u.v.m. zum Download.<\/p>\n\n\n\n<div class=\"wp-block-buttons is-content-justification-center is-layout-flex wp-container-core-buttons-is-layout-16018d1d wp-block-buttons-is-layout-flex\">\n<div class=\"wp-block-button\"><a class=\"wp-block-button__link has-black-color has-text-color has-background has-link-color wp-element-button\" href=\"https:\/\/www.tele-radio.com\/de\/support\/download\/\" style=\"background-color:#feb914\"><strong>Downloadbereich<\/strong><\/a><\/div>\n<\/div>\n\n\n\n<div style=\"height:30px\" aria-hidden=\"true\" class=\"wp-block-spacer\"><\/div>\n<\/div><\/div>\n<\/div>\n\n\n\n<div class=\"wp-block-column is-layout-flow wp-block-column-is-layout-flow\">\n<div class=\"wp-block-cover is-light\"><span aria-hidden=\"true\" class=\"wp-block-cover__background has-background-dim-100 has-background-dim\" style=\"background-color:#f7f7f7\"><\/span><div class=\"wp-block-cover__inner-container is-layout-flow wp-block-cover-is-layout-flow\"><div class=\"wp-block-image\">\n<figure class=\"aligncenter size-large is-resized\"><img loading=\"lazy\" decoding=\"async\" width=\"64\" height=\"64\" src=\"https:\/\/www.tele-radio.com\/app\/uploads\/box.png\" alt=\"\" class=\"wp-image-50841\" style=\"width:64px;height:64px\"\/><\/figure><\/div>\n\n\n<h3 class=\"wp-block-heading has-text-align-center has-very-dark-gray-color has-text-color\">Abgek\u00fcndigte Produkte<\/h3>\n\n\n\n<p class=\"has-text-align-center has-very-dark-gray-color has-text-color\">Hier finden Sie alle Informationen zu den abgek\u00fcndigten Produkten und deren Ersatz.<\/p>\n\n\n\n<div class=\"wp-block-buttons is-content-justification-center is-layout-flex wp-container-core-buttons-is-layout-16018d1d wp-block-buttons-is-layout-flex\">\n<div class=\"wp-block-button\"><a class=\"wp-block-button__link has-black-color has-text-color has-background has-link-color wp-element-button\" href=\"https:\/\/www.tele-radio.com\/de\/abgekuendigte-produkte\/\" style=\"background-color:#feb914\"><strong>Abgek\u00fcndigte Produkte<\/strong><\/a><\/div>\n<\/div>\n\n\n\n<div style=\"height:30px\" aria-hidden=\"true\" class=\"wp-block-spacer\"><\/div>\n<\/div><\/div>\n<\/div>\n<\/div>\n\n\n\n<div style=\"height:70px\" aria-hidden=\"true\" class=\"wp-block-spacer\"><\/div>\n","protected":false},"excerpt":{"rendered":"<p>Sie ben\u00f6tigen Hilfe? Tele Radio \u2013 Ihr zuverl\u00e4ssiger Partner f\u00fcr Funkfernsteuerungen und Support Unser Team unterst\u00fctzt Sie bei allen Anliegen rund um unsere Produkte und Services. Ob Fragen zu Bestellungen, Lieferzeiten, Produktverf\u00fcgbarkeit oder technischen Details \u2013 wir helfen Ihnen gerne weiter. Unser Support umfasst: Hilfe rund um die Uhr! Auch au\u00dferhalb unserer Gesch\u00e4ftszeiten sind wir [&hellip;]<\/p>\n","protected":false},"author":1,"featured_media":0,"parent":0,"menu_order":0,"comment_status":"closed","ping_status":"closed","template":"","meta":{"_acf_changed":false,"footnotes":""},"class_list":["post-6999","page","type-page","status-publish","hentry"],"acf":[],"_links":{"self":[{"href":"https:\/\/www.tele-radio.com\/de\/wp-json\/wp\/v2\/pages\/6999","targetHints":{"allow":["GET"]}}],"collection":[{"href":"https:\/\/www.tele-radio.com\/de\/wp-json\/wp\/v2\/pages"}],"about":[{"href":"https:\/\/www.tele-radio.com\/de\/wp-json\/wp\/v2\/types\/page"}],"author":[{"embeddable":true,"href":"https:\/\/www.tele-radio.com\/de\/wp-json\/wp\/v2\/users\/1"}],"replies":[{"embeddable":true,"href":"https:\/\/www.tele-radio.com\/de\/wp-json\/wp\/v2\/comments?post=6999"}],"version-history":[{"count":32,"href":"https:\/\/www.tele-radio.com\/de\/wp-json\/wp\/v2\/pages\/6999\/revisions"}],"predecessor-version":[{"id":272604,"href":"https:\/\/www.tele-radio.com\/de\/wp-json\/wp\/v2\/pages\/6999\/revisions\/272604"}],"wp:attachment":[{"href":"https:\/\/www.tele-radio.com\/de\/wp-json\/wp\/v2\/media?parent=6999"}],"curies":[{"name":"wp","href":"https:\/\/api.w.org\/{rel}","templated":true}]}}