{"id":6959,"date":"2018-05-04T14:35:06","date_gmt":"2018-05-04T14:35:06","guid":{"rendered":"https:\/\/www.tele-radio.com\/start\/"},"modified":"2026-03-26T17:34:33","modified_gmt":"2026-03-26T17:34:33","slug":"funkfernsteuerungen-fuer-die-industrie","status":"publish","type":"page","link":"https:\/\/www.tele-radio.com\/de\/","title":{"rendered":"Start"},"content":{"rendered":"\n<h1 class=\"wp-block-heading\">Tele Radio Deutschland<\/h1>\n\n\n\n<hr class=\"wp-block-separator has-alpha-channel-opacity\"\/>\n\n\n\n<div class=\"wp-block-columns is-layout-flex wp-container-core-columns-is-layout-9d6595d7 wp-block-columns-is-layout-flex\">\n<div class=\"wp-block-column is-vertically-aligned-top is-layout-flow wp-block-column-is-layout-flow\">\n<h2 class=\"wp-block-heading\">Bevorstehende Events<\/h2>\n\n\n\n<p>Besuchen Sie uns auf der n\u00e4chsten Messe &amp; erleben Sie unsere Neuheiten hautnah.<\/p>\n\n\n\n<figure class=\"wp-block-image size-full\"><img decoding=\"async\" src=\"https:\/\/www.tele-radio.com\/app\/uploads\/Messestand_2-edited.jpg\" alt=\"\" class=\"wp-image-276320\" style=\"aspect-ratio:1;object-fit:cover\"\/><\/figure>\n\n\n\n<div class=\"wp-block-buttons is-layout-flex wp-block-buttons-is-layout-flex\">\n<div class=\"wp-block-button has-custom-width wp-block-button__width-100\"><a class=\"wp-block-button__link has-black-color has-luminous-vivid-amber-background-color has-text-color has-background has-link-color wp-element-button\" href=\"https:\/\/www.tele-radio.com\/de\/events\/\"><strong>Events<\/strong><\/a><\/div>\n<\/div>\n<\/div>\n\n\n\n<div class=\"wp-block-column is-layout-flow wp-block-column-is-layout-flow\">\n<h2 class=\"wp-block-heading\">Aktuelles<\/h2>\n\n\n\n<p>Bleiben Sie auf dem Laufenden &amp; erfahren Sie hier interessante Neuigkeiten.<\/p>\n\n\n\n<figure class=\"wp-block-image size-full\"><img loading=\"lazy\" decoding=\"async\" width=\"800\" height=\"800\" src=\"https:\/\/www.tele-radio.com\/app\/uploads\/70Years_webbanner_800_x_800_96dpi.png\" alt=\"\" class=\"wp-image-271625\" srcset=\"https:\/\/www.tele-radio.com\/app\/uploads\/70Years_webbanner_800_x_800_96dpi.png 800w, https:\/\/www.tele-radio.com\/app\/uploads\/70Years_webbanner_800_x_800_96dpi-400x400.png 400w, https:\/\/www.tele-radio.com\/app\/uploads\/70Years_webbanner_800_x_800_96dpi-150x150.png 150w, https:\/\/www.tele-radio.com\/app\/uploads\/70Years_webbanner_800_x_800_96dpi-768x768.png 768w, https:\/\/www.tele-radio.com\/app\/uploads\/70Years_webbanner_800_x_800_96dpi-250x250.png 250w, https:\/\/www.tele-radio.com\/app\/uploads\/70Years_webbanner_800_x_800_96dpi-750x750.png 750w, https:\/\/www.tele-radio.com\/app\/uploads\/70Years_webbanner_800_x_800_96dpi-500x500.png 500w\" sizes=\"auto, (max-width: 800px) 100vw, 800px\" \/><\/figure>\n\n\n\n<div class=\"wp-block-buttons is-layout-flex wp-block-buttons-is-layout-flex\">\n<div class=\"wp-block-button has-custom-width wp-block-button__width-100\"><a class=\"wp-block-button__link has-black-color has-luminous-vivid-amber-background-color has-text-color has-background has-link-color wp-element-button\" href=\"https:\/\/www.tele-radio.com\/de\/blog\/\"><strong>News<\/strong><\/a><\/div>\n<\/div>\n<\/div>\n\n\n\n<div class=\"wp-block-column is-layout-flow wp-block-column-is-layout-flow\">\n<h2 class=\"wp-block-heading\">Tele Radio Produktfinder<\/h2>\n\n\n\n<p>Suchen Sie eine bestimmte Funkfernsteuerung? Finden Sie Ihr passendes Produkt mit nur wenigen Klicks.<\/p>\n\n\n\n<figure class=\"wp-block-image size-full\"><a href=\"https:\/\/www.tele-radio.com\/de\/produkte\/\"><img loading=\"lazy\" decoding=\"async\" width=\"800\" height=\"800\" src=\"https:\/\/www.tele-radio.com\/app\/uploads\/Assortiment_2022_800_x_800.jpg\" alt=\"\" class=\"wp-image-120751\" srcset=\"https:\/\/www.tele-radio.com\/app\/uploads\/Assortiment_2022_800_x_800.jpg 800w, https:\/\/www.tele-radio.com\/app\/uploads\/Assortiment_2022_800_x_800-400x400.jpg 400w, https:\/\/www.tele-radio.com\/app\/uploads\/Assortiment_2022_800_x_800-150x150.jpg 150w, https:\/\/www.tele-radio.com\/app\/uploads\/Assortiment_2022_800_x_800-768x768.jpg 768w, https:\/\/www.tele-radio.com\/app\/uploads\/Assortiment_2022_800_x_800-250x250.jpg 250w, https:\/\/www.tele-radio.com\/app\/uploads\/Assortiment_2022_800_x_800-750x750.jpg 750w, https:\/\/www.tele-radio.com\/app\/uploads\/Assortiment_2022_800_x_800-500x500.jpg 500w\" sizes=\"auto, (max-width: 800px) 100vw, 800px\" \/><\/a><\/figure>\n\n\n\n<div class=\"wp-block-buttons is-layout-flex wp-block-buttons-is-layout-flex\">\n<div class=\"wp-block-button has-custom-width wp-block-button__width-100\"><a class=\"wp-block-button__link has-black-color has-luminous-vivid-amber-background-color has-text-color has-background has-link-color wp-element-button\" href=\"https:\/\/www.tele-radio.com\/de\/produkte\/\"><strong>Produktfinder<\/strong><\/a><\/div>\n<\/div>\n<\/div>\n<\/div>\n\n\n\n<hr class=\"wp-block-separator has-alpha-channel-opacity\"\/>\n\n\n\n<p><strong>Tele Radio<\/strong> ist ein f\u00fchrender Hersteller von drahtlosen Sicherheits-Funkfernsteuerungen. Das Unternehmen bietet L\u00f6sungen f\u00fcr eine Vielzahl von Anwendungen u.a. f\u00fcr die Industrie, den Mobil- und Hydraulikbereich sowie Hebeanwendungen. Das Produktangebot reicht von kompakten, standardisierten Funkfernsteuerungen bis hin zu hochmodernen, kundenspezifischen Systemen. Wir stellen Gesamtl\u00f6sungen bereit, mit dem obersten Ziel einen Mehrwert f\u00fcr unsere Kunden zu bieten. Dabei stehen unsere drei grundlegenden Prinzipien stets im Vordergrund: <em>safe, smart, strong<\/em>.<\/p>\n\n\n\n<hr class=\"wp-block-separator has-alpha-channel-opacity\"\/>\n\n\n\n<div class=\"wp-block-columns is-layout-flex wp-container-core-columns-is-layout-9d6595d7 wp-block-columns-is-layout-flex\">\n<div class=\"wp-block-column is-layout-flow wp-block-column-is-layout-flow\" style=\"flex-basis:50%\">\n<figure class=\"wp-block-image size-full\"><img loading=\"lazy\" decoding=\"async\" width=\"591\" height=\"535\" src=\"https:\/\/www.tele-radio.com\/app\/uploads\/Tele-Radio-circle-of-trust1.png\" alt=\"\" class=\"wp-image-17431\" srcset=\"https:\/\/www.tele-radio.com\/app\/uploads\/Tele-Radio-circle-of-trust1.png 591w, https:\/\/www.tele-radio.com\/app\/uploads\/Tele-Radio-circle-of-trust1-400x362.png 400w, https:\/\/www.tele-radio.com\/app\/uploads\/Tele-Radio-circle-of-trust1-500x453.png 500w\" sizes=\"auto, (max-width: 591px) 100vw, 591px\" \/><\/figure>\n<\/div>\n\n\n\n<div class=\"wp-block-column is-layout-flow wp-block-column-is-layout-flow\" style=\"flex-basis:50%\">\n<h2 class=\"wp-block-heading\">Sicherheits-Funkfernsteuerungen<\/h2>\n\n\n\n<h3 class=\"wp-block-heading has-luminous-vivid-amber-color has-text-color has-link-color wp-elements-ac9169d30eba3d644ac7ad5a3ecde2d0\">safe<\/h3>\n\n\n\n<p>Sicherheit ist ein gro\u00dfes Anliegen f\u00fcr uns. Als schwedisches Unternehmen ist es ein Teil unseres Wesens. Unser Ziel ist sicherzustellen, dass unsere Funkfernsteuerungen den h\u00f6chstm\u00f6glichen Sicherheitsstandards entsprechen.  Wir verf\u00fcgen \u00fcber die <a href=\"https:\/\/www.tele-radio.com\/de\/iso-zertifikate\/\">Zertifikate<\/a>, die diesen Anspruch untermauern. Die Funkfernsteuerungen von Tele Radio sind jedoch nicht nur sicher sondern auch intelligent und \u00e4u\u00dferst robust.<\/p>\n\n\n\n<h3 class=\"wp-block-heading has-luminous-vivid-amber-color has-text-color has-link-color wp-elements-b0f93b1ed1a151ab4bbfe6c432206ccb\">smart<\/h3>\n\n\n\n<p>Funkfernsteuerungen sind eine komfortable M\u00f6glichkeit zur Steuerung einer Maschine. Sie sind arbeitserleichternd, bieten maximale Bewegungsfreiheit und es gibt keinerlei Einschr\u00e4nkungen durch st\u00f6rende Kabel. Unn\u00f6tige Standortwechsel des Bedieners zwischen Arbeitsplatz und Maschine geh\u00f6ren der Vergangenheit an.<\/p>\n\n\n\n<h3 class=\"wp-block-heading has-luminous-vivid-amber-color has-text-color has-link-color wp-elements-da25758d6668345f094b1b0a39d7ec50\">strong<\/h3>\n\n\n\n<p>Tele Radio Funkfernsteuerungen sind robust und k\u00f6nnen in rauer Umgebung eingesetzt werden. Sie k\u00f6nnen St\u00fcrzen, hohen Belastungen und Feuchtigkeit Stand halten. Unsere Produkte wurden entwickelt, um verwendet zu werden.<\/p>\n<\/div>\n<\/div>\n\n\n\n<hr class=\"wp-block-separator has-alpha-channel-opacity\"\/>\n\n\n\n<div class=\"wp-block-columns is-layout-flex wp-container-core-columns-is-layout-9d6595d7 wp-block-columns-is-layout-flex\">\n<div class=\"wp-block-column is-layout-flow wp-block-column-is-layout-flow\">\n<h2 class=\"wp-block-heading\">Funkfernsteuerungen &#8211; warum?<\/h2>\n\n\n\n<ul class=\"wp-block-list\">\n<li style=\"text-transform:none\">Sichere &amp; komfortable L\u00f6sung zur Steuerung einer Maschine<\/li>\n\n\n\n<li>Maximale Bewegungsfreiheit &amp; keinerlei Einschr\u00e4nkungen<\/li>\n\n\n\n<li>Kabel sind st\u00f6rend, hinderlich und anf\u00e4llig f\u00fcr Besch\u00e4digungen<\/li>\n\n\n\n<li>Kabelsteuerungen bergen Sicherheitsrisiko &#8211; Stolperfalle!<\/li>\n<\/ul>\n\n\n\n<div style=\"height:18px\" aria-hidden=\"true\" class=\"wp-block-spacer\"><\/div>\n\n\n\n<div class=\"wp-block-buttons is-layout-flex wp-block-buttons-is-layout-flex\">\n<div class=\"wp-block-button\"><a class=\"wp-block-button__link has-black-color has-luminous-vivid-amber-background-color has-text-color has-background has-link-color has-text-align-left wp-element-button\" href=\"https:\/\/www.tele-radio.com\/de\/sicherheits-funkfernsteuerung\/\"><strong>Hier weitere Vorteile entdecken!<\/strong><\/a><\/div>\n<\/div>\n\n\n\n<div style=\"height:20px\" aria-hidden=\"true\" class=\"wp-block-spacer\"><\/div>\n\n\n\n<figure class=\"wp-block-image size-full\"><img loading=\"lazy\" decoding=\"async\" width=\"1200\" height=\"239\" src=\"https:\/\/www.tele-radio.com\/app\/uploads\/industrial-remote-control-systems-teleradio-family-1.jpg\" alt=\"industrial-remote-control-systems-teleradio-family\" class=\"wp-image-151102\" srcset=\"https:\/\/www.tele-radio.com\/app\/uploads\/industrial-remote-control-systems-teleradio-family-1.jpg 1200w, https:\/\/www.tele-radio.com\/app\/uploads\/industrial-remote-control-systems-teleradio-family-1-400x80.jpg 400w, https:\/\/www.tele-radio.com\/app\/uploads\/industrial-remote-control-systems-teleradio-family-1-768x153.jpg 768w, https:\/\/www.tele-radio.com\/app\/uploads\/industrial-remote-control-systems-teleradio-family-1-750x149.jpg 750w, https:\/\/www.tele-radio.com\/app\/uploads\/industrial-remote-control-systems-teleradio-family-1-500x100.jpg 500w, https:\/\/www.tele-radio.com\/app\/uploads\/industrial-remote-control-systems-teleradio-family-1-800x159.jpg 800w\" sizes=\"auto, (max-width: 1200px) 100vw, 1200px\" \/><\/figure>\n\n\n\n<hr class=\"wp-block-separator has-alpha-channel-opacity\"\/>\n<\/div>\n<\/div>\n","protected":false},"excerpt":{"rendered":"<p>Tele Radio Deutschland Bevorstehende Events Besuchen Sie uns auf der n\u00e4chsten Messe &amp; erleben Sie unsere Neuheiten hautnah. Aktuelles Bleiben Sie auf dem Laufenden &amp; erfahren Sie hier interessante Neuigkeiten. Tele Radio Produktfinder Suchen Sie eine bestimmte Funkfernsteuerung? Finden Sie Ihr passendes Produkt mit nur wenigen Klicks. Tele Radio ist ein f\u00fchrender Hersteller von drahtlosen [&hellip;]<\/p>\n","protected":false},"author":1,"featured_media":0,"parent":0,"menu_order":0,"comment_status":"closed","ping_status":"closed","template":"","meta":{"_acf_changed":false,"footnotes":""},"class_list":["post-6959","page","type-page","status-publish","hentry"],"acf":[],"_links":{"self":[{"href":"https:\/\/www.tele-radio.com\/de\/wp-json\/wp\/v2\/pages\/6959","targetHints":{"allow":["GET"]}}],"collection":[{"href":"https:\/\/www.tele-radio.com\/de\/wp-json\/wp\/v2\/pages"}],"about":[{"href":"https:\/\/www.tele-radio.com\/de\/wp-json\/wp\/v2\/types\/page"}],"author":[{"embeddable":true,"href":"https:\/\/www.tele-radio.com\/de\/wp-json\/wp\/v2\/users\/1"}],"replies":[{"embeddable":true,"href":"https:\/\/www.tele-radio.com\/de\/wp-json\/wp\/v2\/comments?post=6959"}],"version-history":[{"count":336,"href":"https:\/\/www.tele-radio.com\/de\/wp-json\/wp\/v2\/pages\/6959\/revisions"}],"predecessor-version":[{"id":288648,"href":"https:\/\/www.tele-radio.com\/de\/wp-json\/wp\/v2\/pages\/6959\/revisions\/288648"}],"wp:attachment":[{"href":"https:\/\/www.tele-radio.com\/de\/wp-json\/wp\/v2\/media?parent=6959"}],"curies":[{"name":"wp","href":"https:\/\/api.w.org\/{rel}","templated":true}]}}