{"id":6607,"date":"2018-05-24T12:02:02","date_gmt":"2018-05-24T12:02:02","guid":{"rendered":"https:\/\/www.tele-radio.com\/retired-products\/"},"modified":"2021-04-30T09:17:38","modified_gmt":"2021-04-30T09:17:38","slug":"abgekuendigte-produkte","status":"publish","type":"page","link":"https:\/\/www.tele-radio.com\/de\/abgekuendigte-produkte\/","title":{"rendered":"Abgek\u00fcndigte Produkte"},"content":{"rendered":"<h1>Abgek\u00fcndigte Produkte und Systeme<\/h1>\n<p>Finden Sie hier eine \u00dcbersicht der abgek\u00fcndigten Produkte und Systeme von Tele Radio.<\/p>\n<h2><img loading=\"lazy\" decoding=\"async\" class=\"alignright wp-image-6265\" src=\"https:\/\/www.tele-radio.com\/app\/uploads\/T70-Jaguar-tele-radio-1.jpg\" alt=\"\" width=\"364\" height=\"374\" \/>T70 Jaguar<\/h2>\n<p>Im Jahr 2007 stellte Tele Radio das System T70 Jaguar vor. Hierdurch konnte Tele Radio den Markt der elektronischen und hydraulischen Winden bedienen. Dieses System war sehr preiswert. Dar\u00fcber hinaus bot es gegen\u00fcber seinem gro\u00dfen Bruder &#8211; dem T60 System &#8211; mehrere Vorteile. So verf\u00fcgte das T70 System \u00fcber Schmalbandfunk, mehr Funktionen und eine gr\u00f6\u00dfere Reichweite. Das System T70 Jaguar wurde schlie\u00dflich im Jahr 2015 zugunsten des neuen Panther-Systems abgek\u00fcndigt. Das Panther-System bietet vergleichsweise mehrere verbesserte Parameter.<\/p>\n<p><a href=\"https:\/\/www.tele-radio.com\/de\/products\/panther-system-flexibel\/\">F\u00fcr mehr Details \u00fcber das Panther-System, klicken Sie hier. <\/a><\/p>\n<hr \/>\n<p><img loading=\"lazy\" decoding=\"async\" class=\"alignright wp-image-6266\" src=\"https:\/\/www.tele-radio.com\/app\/uploads\/tiger-retired-system-tele-radio-1.jpg\" alt=\"\" width=\"420\" height=\"231\" srcset=\"https:\/\/www.tele-radio.com\/app\/uploads\/tiger-retired-system-tele-radio-1.jpg 626w, https:\/\/www.tele-radio.com\/app\/uploads\/tiger-retired-system-tele-radio-1-400x220.jpg 400w, https:\/\/www.tele-radio.com\/app\/uploads\/tiger-retired-system-tele-radio-1-500x276.jpg 500w\" sizes=\"auto, (max-width: 420px) 100vw, 420px\" \/><\/p>\n<h2>Tiger Gen. 1<\/h2>\n<p>2010 f\u00fchrte Tele Radio das Tiger Generation 1 System ein, um den Marktanforderungen von Sicherheitsfunkfernsteuerungen gerecht zu werden. Mit der Maschinenrichtlinie f\u00fchrte die EU neue und strikte Anforderungen an Maschinen und deren Steuerungssysteme ein.<\/p>\n<p>Die Sender der Tiger Baureihe \u00e4hnelten \u00e4u\u00dferlich denen des Systems 860 Lion. Es waren zwei Handsender und ein Joystick-Sender in verschiedenen Varianten verf\u00fcgbar. Einige Sender verf\u00fcgten zudem \u00fcber ein Display. Dieses konnte man zur Anzeige von Informationen \u00fcber Batteriestatus, Frequenz oder anderen Meldungen nutzen.<\/p>\n<p>Das Tiger System hatte eine SIL3-Zulassung. Dadurch konnte man einen sehr hohen Sicherheitsstandard einhalten. Im Laufe der Jahre verbesserte Tele Radio durchgehend das Tiger System\u00a0 und wertete jenes auf.\u00a0 Schlie\u00dflich war der Unterschied zum Ursprungsprodukt so gro\u00df, dass Tele Radio ein neues System &#8211; Tiger Generation 2 &#8211; schuf. Die Generation 2 beinhaltet bereits aus der ersten Generation bekannte Sender. Dar\u00fcber hinaus gibt es neue Sender der zweiten Generation mit vielen neuen Features und verbesserten Funktionen.<\/p>\n<p><a href=\"https:\/\/www.tele-radio.com\/de\/products\/tiger-g2-ple-und-sil3-zertifiziert\/\">Lesen Sie hier mehr \u00fcber das Tiger G2 System<\/a><\/p>\n<hr \/>\n<h2><img loading=\"lazy\" decoding=\"async\" class=\"alignright size-medium wp-image-6267\" src=\"https:\/\/www.tele-radio.com\/app\/uploads\/\/860-lion-retired-system-tele-radio-1-400x252.jpg\" alt=\"\" width=\"400\" height=\"252\" srcset=\"https:\/\/www.tele-radio.com\/app\/uploads\/860-lion-retired-system-tele-radio-1-400x252.jpg 400w, https:\/\/www.tele-radio.com\/app\/uploads\/860-lion-retired-system-tele-radio-1-500x315.jpg 500w, https:\/\/www.tele-radio.com\/app\/uploads\/860-lion-retired-system-tele-radio-1.jpg 626w\" sizes=\"auto, (max-width: 400px) 100vw, 400px\" \/>860 Lion<\/h2>\n<p>Bereits 2003 stellte Tele Radio den 860 Lion vor. Dadurch wurde dem Markt ein neues, technisch fortschrittliches Steuerungssystem geboten. Ebenso entsprach dieses den neuen Sicherheitsstandards seiner Zeit. Zu Beginn waren Handsender mit 10 oder 12 Drucktasten und Empf\u00e4nger mit 10 bis 24 Funktionsrelais verf\u00fcgbar. Sp\u00e4ter f\u00fcgte Tele Radio auch Joystick-Sender zu dieser Produktpalette hinzu.<\/p>\n<p>Zu seiner Zeit war 860 Lion ein sehr sicheres System mit einer zertifizierten STOPP-Funktion nach EN 945-1 Kategorie 3. Dies entspricht dem heutigen Performance Level PLd. Die dedizierten Sicherheitsrelais \u00fcberwachten die Stoppfunktion.<\/p>\n<p>Das System 860 Lion verf\u00fcgte standardm\u00e4\u00dfig \u00fcber viele Optionen und eingebaute Funktionen. Es war m\u00f6glich, zwei Empf\u00e4nger unabh\u00e4ngig voneinander oder aber auch gleichzeitig zu steuern. Diese Funktion nennt man <a href=\"https:\/\/www.tele-radio.com\/de\/tandemkrane\/\">Tandem-Funktion<\/a>. Das System war mit einer Frequenz von 433 &#8211; 434 MHz und 69 Kan\u00e4len verf\u00fcgbar.<\/p>\n<p>860 Lion wurde im Zeitraum von 2010 bis 2013 Schritt f\u00fcr Schritt durch das System Tiger Gen. 1 und schlie\u00dflich durch die Tiger Generation 2 ersetzt. Dieses neue System erf\u00fcllt &#8211;\u00a0 im Gegensatz zu 860 Lion &#8211; den SIL3-Standard.<\/p>\n<p><a href=\"https:\/\/www.tele-radio.com\/de\/products\/tiger-g2-ple-und-sil3-zertifiziert\/\">Erfahren Sie hier mehr \u00fcber das TIGER G2 System.<\/a><\/p>\n<hr \/>\n<h2><img loading=\"lazy\" decoding=\"async\" class=\"alignright size-medium wp-image-6268\" src=\"https:\/\/www.tele-radio.com\/app\/uploads\/\/T80-leopard-retired-system-Tele-Radio-1-400x294.jpg\" alt=\"\" width=\"400\" height=\"294\" srcset=\"https:\/\/www.tele-radio.com\/app\/uploads\/T80-leopard-retired-system-Tele-Radio-1-400x294.jpg 400w, https:\/\/www.tele-radio.com\/app\/uploads\/T80-leopard-retired-system-Tele-Radio-1-500x367.jpg 500w, https:\/\/www.tele-radio.com\/app\/uploads\/T80-leopard-retired-system-Tele-Radio-1.jpg 626w\" sizes=\"auto, (max-width: 400px) 100vw, 400px\" \/>T80 Leopard<\/h2>\n<p>Das T80 Leopard System f\u00fchrte Tele Radio im Jahr 2006 ein. Dieses robuste System mit einem Sender und zwei Arten von Empf\u00e4ngern war f\u00fcr Hebeanwendungen gedacht. Das System verf\u00fcgte \u00fcber eine zertifizierte STOPP-Funktion nach EN 945-1 Kategorie 3. Dies entspricht dem heutigen Performance Level PLd.<\/p>\n<p>Der so genannte &#8222;MQ&#8220;-Empf\u00e4nger zeichnete sich durch sein sehr schlankes Geh\u00e4usedesign aus. Dadurch eignete sich jener besonders f\u00fcr enge Installationsbereiche. Das System wurde Ende 2012 abgek\u00fcndigt und in erster Linie durch das Tiger-System ersetzt.<\/p>\n<p><a href=\"https:\/\/www.tele-radio.com\/de\/products\/tiger-g2-ple-und-sil3-zertifiziert\/\">Erfahren Sie hier mehr \u00fcber das TIGER G2 System.<\/a><\/p>\n<hr \/>\n<h2><img loading=\"lazy\" decoding=\"async\" class=\"alignright size-full wp-image-6263\" src=\"https:\/\/www.tele-radio.com\/app\/uploads\/460-system-retired-tele-radio.jpg\" alt=\"460 system retired Tele Radio\" width=\"339\" height=\"339\" srcset=\"https:\/\/www.tele-radio.com\/app\/uploads\/460-system-retired-tele-radio.jpg 339w, https:\/\/www.tele-radio.com\/app\/uploads\/460-system-retired-tele-radio-150x150.jpg 150w, https:\/\/www.tele-radio.com\/app\/uploads\/460-system-retired-tele-radio-250x250.jpg 250w\" sizes=\"auto, (max-width: 339px) 100vw, 339px\" \/>460 System<\/h2>\n<p>Bereits zu Beginn der 1990er Jahre f\u00fchrte Tele Radio das 460 System ein. Es bestand aus mehreren Sendern, beginnend bei den kleinsten Handsendern mit einer Drucktaste bis hin zu den Robusthandsendern mit 8 Drucktasten. Die Produktpalette des Systems bot zus\u00e4tzlich mehrere Empf\u00e4nger, beginnend mit einem Funktionsrelais bis zu den gro\u00dfen Empf\u00e4ngern mit 8 Funktionsrelais. Das System 460 sendete auf einer Frequenz von 433 MHz.<\/p>\n<p>Das 460 System wurde 2006 abgek\u00fcndigt und durch das System T60 ersetzt. Dieses wies im Gegensatz zu seinem Vorg\u00e4nger digitale Funktionen auf. Das System T60 bot mehr aktualisierte Funktionen und die M\u00f6glichkeit zur Nutzung von weiteren Codes.<\/p>\n<p>Das T60-System ist weitestgehend mit dem System 460 kompatibel. Deshalb kann es in den meisten F\u00e4llen als Ersatz verwendet werden. Um eine m\u00f6gliche Kompatibilit\u00e4t Ihres vorhandenen 460-Systems mit der Baureihe T60 zu pr\u00fcfen, <a href=\"https:\/\/www.tele-radio.com\/contact-us\/\">kontaktieren Sie bitte Ihren n\u00e4chstgelegenen H\u00e4ndler<\/a> . Dieser wird Ihre Fragen gerne beantworten.<\/p>\n<p><a href=\"https:\/\/www.tele-radio.com\/de\/products\/t20-t60-system\/\">Erfahren Sie hier mehr \u00fcber die Produkte des System T60.<\/a><\/p>\n","protected":false},"excerpt":{"rendered":"<p>Abgek\u00fcndigte Produkte und Systeme Finden Sie hier eine \u00dcbersicht der abgek\u00fcndigten Produkte und Systeme von Tele Radio. T70 Jaguar Im Jahr 2007 stellte Tele Radio das System T70 Jaguar vor. Hierdurch konnte Tele Radio den Markt der elektronischen und hydraulischen Winden bedienen. Dieses System war sehr preiswert. Dar\u00fcber hinaus bot es gegen\u00fcber seinem gro\u00dfen Bruder [&hellip;]<\/p>\n","protected":false},"author":29,"featured_media":6257,"parent":0,"menu_order":0,"comment_status":"closed","ping_status":"closed","template":"","meta":{"_acf_changed":false,"footnotes":""},"class_list":["post-6607","page","type-page","status-publish","has-post-thumbnail","hentry"],"acf":[],"_links":{"self":[{"href":"https:\/\/www.tele-radio.com\/de\/wp-json\/wp\/v2\/pages\/6607","targetHints":{"allow":["GET"]}}],"collection":[{"href":"https:\/\/www.tele-radio.com\/de\/wp-json\/wp\/v2\/pages"}],"about":[{"href":"https:\/\/www.tele-radio.com\/de\/wp-json\/wp\/v2\/types\/page"}],"author":[{"embeddable":true,"href":"https:\/\/www.tele-radio.com\/de\/wp-json\/wp\/v2\/users\/29"}],"replies":[{"embeddable":true,"href":"https:\/\/www.tele-radio.com\/de\/wp-json\/wp\/v2\/comments?post=6607"}],"version-history":[{"count":22,"href":"https:\/\/www.tele-radio.com\/de\/wp-json\/wp\/v2\/pages\/6607\/revisions"}],"predecessor-version":[{"id":65234,"href":"https:\/\/www.tele-radio.com\/de\/wp-json\/wp\/v2\/pages\/6607\/revisions\/65234"}],"wp:featuredmedia":[{"embeddable":true,"href":"https:\/\/www.tele-radio.com\/de\/wp-json\/wp\/v2\/media\/6257"}],"wp:attachment":[{"href":"https:\/\/www.tele-radio.com\/de\/wp-json\/wp\/v2\/media?parent=6607"}],"curies":[{"name":"wp","href":"https:\/\/api.w.org\/{rel}","templated":true}]}}