{"id":6563,"date":"2018-05-13T20:05:40","date_gmt":"2018-05-13T20:05:40","guid":{"rendered":"https:\/\/www.tele-radio.com\/munck-cranes-a-s\/"},"modified":"2025-12-16T11:04:06","modified_gmt":"2025-12-16T11:04:06","slug":"munck-cranes-a-s","status":"publish","type":"page","link":"https:\/\/www.tele-radio.com\/de\/munck-cranes-a-s\/","title":{"rendered":"Munck Cranes A\/S"},"content":{"rendered":"<h1>Munck Cranes A\/S<\/h1>\n<p>Die Firma Munck Cranes ist ein Kranhersteller mit Sitz in Bergen, Norwegen. Bereits 1924 gr\u00fcndete Sverre Munck, als H\u00e4ndler von Rolltreppen, Aufz\u00fcgen und Seilz\u00fcgen, das Unternehmen. 24 Jahre sp\u00e4ter, im Jahr 1948, lieferte der Kranhersteller das allererste Hebezeug nach Schweden. Im selben Jahr wurde ein weiteres nach England ausgeliefert. Danach stiegen die Exportzahlen rasch an. Deshalb geh\u00f6rt das Unternehmen heutzutage zu den Pionieren der norwegischen Exportindustrie. Die Krane werden mittlerweilse mit Fernbedienungen\u00a0 funkgesteuert.<\/p>\n<h2>Ein weltweit agierender Lieferant<\/h2>\n<p>In den 1950er und 1960er Jahren gr\u00fcndete der Pionier der norwegischen Exportindustrie zudem mehrere Tochterunternehmen. Diese befinden sich in den Vereinigten Staaten, Kanada, Gro\u00dfbritannien, Schweden, Brasilien und Belgien. In anderen Teilen der Welt baute der Kranhersteller ein H\u00e4ndlernetz auf. Mit vielen dieser Unternehmen arbeitet Munck auch heute noch eng zusammen, obwohl sie von lokalen Eigent\u00fcmern gef\u00fchrt werden. Mittlerweile liefert\u00a0 Munck Cranes Krane auf der ganzen Welt. Alleine aus Norwegen exportiert das Unternehmen 750 Krane pro Jahr. Addiert man noch die anderen Standorte, sind es sogar \u00fcber 1000 Krane. Diese Zahlen sprechen f\u00fcr das Unternehmen.<\/p>\n<h2>Munck Cranes &#8211; Einer der ersten Kranhersteller mit funkgesteuerten Kranen<\/h2>\n<p>Munck Cranes war einer der ersten Kranhersteller, der die Kabelsteuerungen an seinen Kr\u00e4nen standardm\u00e4\u00dfig durch Funkfernsteuerungen ersetzte. W\u00fcnscht der Kunde eine Kabelsteuerung, muss jene sogar separat bezogen werden. Die Entscheidung weg von einer Kabel- hin zu einer Funksteuerung war in der Branche zu dieser Zeit un\u00fcblich. Folglich f\u00fchrte diese Entscheidung zu einer Kritikwelle seitens der Mitbewerber. R\u00fcckblickend l\u00e4sst sich jedoch sagen, dass das Unternehmen mit dieser revolution\u00e4ren Tat ein Vorreiter bei der technischen Weiterentwicklung der Kransteuerung war.<\/p>\n<blockquote><p>\u201c<em>Wir nutzen Produkte von Tele Radio wegen des hervorragenden Kundenservices und Supports, was f\u00fcr uns und unser Unternehmen sehr wichtig ist.<\/em>\u201d<\/p><\/blockquote>\n<p>&#8211; Says Rune Wab\u00f8, Gesch\u00e4ftsf\u00fchrer von Munck Cranes.<\/p>\n<p>Sie wollen sich selbst von einer Funkfernsteuerung \u00fcberzeugen?<br \/>\n<a href=\"https:\/\/www.tele-radio.com\/de\/kontakt\/\">Kontaktieren<\/a> Sie uns jederzeit! Wir stehen Ihnen gerne beratend zur Seite.<\/p>\n","protected":false},"excerpt":{"rendered":"<p>Munck Cranes A\/S Die Firma Munck Cranes ist ein Kranhersteller mit Sitz in Bergen, Norwegen. Bereits 1924 gr\u00fcndete Sverre Munck, als H\u00e4ndler von Rolltreppen, Aufz\u00fcgen und Seilz\u00fcgen, das Unternehmen. 24 Jahre sp\u00e4ter, im Jahr 1948, lieferte der Kranhersteller das allererste Hebezeug nach Schweden. Im selben Jahr wurde ein weiteres nach England ausgeliefert. Danach stiegen die [&hellip;]<\/p>\n","protected":false},"author":29,"featured_media":10239,"parent":0,"menu_order":0,"comment_status":"closed","ping_status":"closed","template":"","meta":{"_acf_changed":false,"footnotes":""},"class_list":["post-6563","page","type-page","status-publish","has-post-thumbnail","hentry"],"acf":[],"_links":{"self":[{"href":"https:\/\/www.tele-radio.com\/de\/wp-json\/wp\/v2\/pages\/6563","targetHints":{"allow":["GET"]}}],"collection":[{"href":"https:\/\/www.tele-radio.com\/de\/wp-json\/wp\/v2\/pages"}],"about":[{"href":"https:\/\/www.tele-radio.com\/de\/wp-json\/wp\/v2\/types\/page"}],"author":[{"embeddable":true,"href":"https:\/\/www.tele-radio.com\/de\/wp-json\/wp\/v2\/users\/29"}],"replies":[{"embeddable":true,"href":"https:\/\/www.tele-radio.com\/de\/wp-json\/wp\/v2\/comments?post=6563"}],"version-history":[{"count":14,"href":"https:\/\/www.tele-radio.com\/de\/wp-json\/wp\/v2\/pages\/6563\/revisions"}],"predecessor-version":[{"id":275562,"href":"https:\/\/www.tele-radio.com\/de\/wp-json\/wp\/v2\/pages\/6563\/revisions\/275562"}],"wp:featuredmedia":[{"embeddable":true,"href":"https:\/\/www.tele-radio.com\/de\/wp-json\/wp\/v2\/media\/10239"}],"wp:attachment":[{"href":"https:\/\/www.tele-radio.com\/de\/wp-json\/wp\/v2\/media?parent=6563"}],"curies":[{"name":"wp","href":"https:\/\/api.w.org\/{rel}","templated":true}]}}