{"id":6539,"date":"2018-05-14T06:12:23","date_gmt":"2018-05-14T06:12:23","guid":{"rendered":"https:\/\/www.tele-radio.com\/thames-reinforcements-ltd\/"},"modified":"2021-03-31T10:56:19","modified_gmt":"2021-03-31T10:56:19","slug":"thames-reinforcements-ltd","status":"publish","type":"page","link":"https:\/\/www.tele-radio.com\/de\/thames-reinforcements-ltd\/","title":{"rendered":"Thames Reinforcements Ltd"},"content":{"rendered":"<h1>Die Konkurrenz ersetzen<\/h1>\n<p>Thames Reinforcements Ltd. ist ein Hersteller von Stahl f\u00fcr Stahlbeton in Sheerness, Kent. Die Kapazit\u00e4t der Fertigung bel\u00e4uft sich auf 1500 Tonnen CARES zertifizierter Schnitt- und Biegestahlverst\u00e4rkungen pro Woche. Zu Beginn benutzte Thames Reinforcements Ltd. Funkfernsteuerungen eines Mitbewerbers. Jedoch musste das Unternehmen relativ schnell feststellen, dass das raue Klima der Stahlproduktion die Funkfernsteuerungen sehr stark beanspruchte.<\/p>\n<p>Als jene Funkfernsteuerung bereits nach einem Monat nicht mehr funktionierte, suchte Thames Reinforcements Ltd. nach passendem Ersatz. Das Unternehmen entscheid sich f\u00fcr Tele Radio. Folglich integrierte man das Tiger-System, mit dem TG-T9-1 Handsender, in ihre Kr\u00e4ne. Um einen ausfallfreien Betrieb in der 24-Stunden-Schichtarbeit zu garantieren, nutzte das Unternehmen zwei Sender je Kran. Schlie\u00dflich r\u00fcstete Thames alle drei im Werk verf\u00fcgbaren Br\u00fcckenkrane mit dem Tiger-System nach. Nach einem Jahr mit 24-st\u00fcndiger Beanspruchung pro Tag mussten lediglich zwei Sender getauscht werden. Schlie\u00dflich ersetze das Unternehmen diese Krane und brachte sie in die Fabrik nach Nottingham. Dort funktionieren die Krane mit den dazugeh\u00f6rigen Funkfernsteuerungen noch einwandfrei. In Kent hingegen installierte man neue Markenkrane mit eigenen Funkfernsteuerungen. Bereits nach nur einem Monat fiel die erste Steuerung aus. Deshalb wandte sich Tomasz Fraczek, Leiter der Instandhaltung, wiederum an Tele Radio mit dem Vorschlag, jene durch Tele Radio Funkfernsteuerungen zu ersetzen.<\/p>\n<blockquote>\n<p>&#8222;<em>Funkfernsteuerungen von Tele Radio halten einer hohen mechanischen \u00dcberbeanspruchung stand, ohne kaputt zu gehen. Ebenso ist die Akkulaufzeit beeindruckend.<\/em>&#8222;<\/p>\n<\/blockquote>\n<p>Dieses Mal wurde ein Panther-System mit wiederaufladbaren Wechselakkus nachger\u00fcstet, um einen ausfallsicheren Betrieb zu gew\u00e4hrleisten. Der Handsender hat eine Betriebszeit von bis zu 100 Stunden. Eine Dauer, die sonst keiner erreicht. Diese Systeme sind nun seit drei Monaten ohne Ausf\u00e4lle im Betrieb.<\/p>\n<p>Lesen Sie auch die Geschichte von <a href=\"https:\/\/www.tele-radio.com\/munck-cranes-a-s\/\">Munck Cranes<\/a> und deren Entscheidung f\u00fcr Tele Radio.<\/p>\n\n\n<p><\/p>\n","protected":false},"excerpt":{"rendered":"<p>Die Konkurrenz ersetzen Thames Reinforcements Ltd. ist ein Hersteller von Stahl f\u00fcr Stahlbeton in Sheerness, Kent. Die Kapazit\u00e4t der Fertigung bel\u00e4uft sich auf 1500 Tonnen CARES zertifizierter Schnitt- und Biegestahlverst\u00e4rkungen pro Woche. Zu Beginn benutzte Thames Reinforcements Ltd. Funkfernsteuerungen eines Mitbewerbers. Jedoch musste das Unternehmen relativ schnell feststellen, dass das raue Klima der Stahlproduktion die [&hellip;]<\/p>\n","protected":false},"author":29,"featured_media":9753,"parent":0,"menu_order":0,"comment_status":"closed","ping_status":"closed","template":"","meta":{"_acf_changed":false,"footnotes":""},"class_list":["post-6539","page","type-page","status-publish","has-post-thumbnail","hentry"],"acf":[],"_links":{"self":[{"href":"https:\/\/www.tele-radio.com\/de\/wp-json\/wp\/v2\/pages\/6539","targetHints":{"allow":["GET"]}}],"collection":[{"href":"https:\/\/www.tele-radio.com\/de\/wp-json\/wp\/v2\/pages"}],"about":[{"href":"https:\/\/www.tele-radio.com\/de\/wp-json\/wp\/v2\/types\/page"}],"author":[{"embeddable":true,"href":"https:\/\/www.tele-radio.com\/de\/wp-json\/wp\/v2\/users\/29"}],"replies":[{"embeddable":true,"href":"https:\/\/www.tele-radio.com\/de\/wp-json\/wp\/v2\/comments?post=6539"}],"version-history":[{"count":10,"href":"https:\/\/www.tele-radio.com\/de\/wp-json\/wp\/v2\/pages\/6539\/revisions"}],"predecessor-version":[{"id":63527,"href":"https:\/\/www.tele-radio.com\/de\/wp-json\/wp\/v2\/pages\/6539\/revisions\/63527"}],"wp:featuredmedia":[{"embeddable":true,"href":"https:\/\/www.tele-radio.com\/de\/wp-json\/wp\/v2\/media\/9753"}],"wp:attachment":[{"href":"https:\/\/www.tele-radio.com\/de\/wp-json\/wp\/v2\/media?parent=6539"}],"curies":[{"name":"wp","href":"https:\/\/api.w.org\/{rel}","templated":true}]}}