{"id":65030,"date":"2021-04-15T08:14:46","date_gmt":"2021-04-15T08:14:46","guid":{"rendered":"https:\/\/www.tele-radio.com\/wireless-remotes-dump-trailers-tippers\/"},"modified":"2021-12-02T09:14:45","modified_gmt":"2021-12-02T09:14:45","slug":"kippanhaenger","status":"publish","type":"page","link":"https:\/\/www.tele-radio.com\/de\/kippanhaenger\/","title":{"rendered":"Funkfernsteuerungen f\u00fcr Kippanh\u00e4nger"},"content":{"rendered":"\n<h2 class=\"wp-block-heading\">Funkfernsteuerungen f\u00fcr Kippanh\u00e4nger<\/h2>\n\n\n\n<p class=\"has-text-align-left\">Kippanh\u00e4nger sind Fahrzeugtypen, die haupts\u00e4chlich auf Baustellen oder ebenfalls im Bergbau eingesetzt werden. Diese sind ebenfalls als Kipper, Kipplaster, Kippwagen oder Muldenkipper bekannt. Sie transportieren normalerweise Zuschlagstoffe, aber auch andere Materialien. Um diese Materialien abzuladen, kann die Kippbox seitlich ebenso wie vertikal bewegt werden.<\/p>\n\n\n\n<p>Das Entladen erfolgt oft in schwierigen und ungesicherten Umgebungen, z.B. auf instabilem oder h\u00fcgeligem Gel\u00e4nde, wodurch viele Risiken entstehen k\u00f6nnen. Genau deshalb kann eine Fernsteuerung in diesen Situationen ein gro\u00dfer Vorteil sein. Dadurch werden n\u00e4mlich die Lade- und Entladevorg\u00e4nge von au\u00dferhalb des Kipplasters gesteuert. Der Bediener hat folglich eine bessere Sicht auf den Vorgang. Zudem h\u00e4lt er zeitgleich einen sicheren Abstand zum Kipper ein.<\/p>\n\n\n\n<figure class=\"wp-block-video\"><video controls muted poster=\"https:\/\/www.tele-radio.com\/app\/uploads\/control-remoto-camion-volquete-personalizado.jpg\" src=\"https:\/\/www.tele-radio.com\/app\/uploads\/Control-remoto-volquetes-camion-basculante-teleradio-min.mp4\"><\/video><\/figure>\n\n\n\n<h2 class=\"has-text-align-center wp-block-heading\">Verschiedene Funkfernsteuerungssysteme f\u00fcr Kippanh\u00e4nger<\/h2>\n\n\n\n<p>Wir bieten Ihnen drei verschiedene Produktreihen f\u00fcr Kippanh\u00e4nger an. Die Auwahl h\u00e4ngt dabei von mehreren Faktoren ab. Zum einen von den Funktionen, die Sie steuern m\u00f6chten, zum anderen von den notwendigen Sicherheitsanforderungen. Nichtsdestotrotz k\u00f6nnen wir alle Funkfernsteuerungen vollst\u00e4ndig an Ihre speziellen Anforderungen anpassen.<\/p>\n\n\n\n<div style=\"height:30px\" aria-hidden=\"true\" class=\"wp-block-spacer\"><\/div>\n\n\n\n<div class=\"wp-block-columns are-vertically-aligned-center has-very-light-gray-background-color has-background is-layout-flex wp-container-core-columns-is-layout-9d6595d7 wp-block-columns-is-layout-flex\">\n<div class=\"wp-block-column is-vertically-aligned-center is-layout-flow wp-block-column-is-layout-flow\">\n<h3 class=\"has-text-align-center has-very-dark-gray-color has-text-color wp-block-heading\">Sender f\u00fcr Anwendungen, die nicht die h\u00f6chsten Sicherheitsstandards erfordern<\/h3>\n\n\n\n<div class=\"wp-block-image\"><figure class=\"aligncenter size-large is-resized\"><img loading=\"lazy\" decoding=\"async\" src=\"https:\/\/www.tele-radio.com\/app\/uploads\/control-remoto-volquete-PN-T21-4-diferentes-botones-min.gif\" alt=\"\" class=\"wp-image-64098\" width=\"128\" height=\"201\"\/><\/figure><\/div>\n\n\n\n<div style=\"height:20px\" aria-hidden=\"true\" class=\"wp-block-spacer\"><\/div>\n\n\n\n<p class=\"has-text-align-center\">Diese Sender sind ideal f\u00fcr einfache Bedienungen in nur einer Geschwindigkeit. Dazu z\u00e4hlen z.B. das Entladen der Ladung, \u00d6ffnen\/Schlie\u00dfen der Kippmulde, Ausfahren\/Einrollen der Plane, etc.<\/p>\n\n\n\n<p class=\"has-text-align-center\">Der <strong>PN-T13<\/strong> Sender ist mit 3, 4, 6, 8 oder 10 Tasten verf\u00fcgbar.<\/p>\n\n\n\n<p class=\"has-text-align-center\">Zudem werden diese Sender mit zwei Standard-AAA-Alkalibatterien betrieben.<\/p>\n<\/div>\n\n\n\n<div class=\"wp-block-column is-vertically-aligned-center is-layout-flow wp-block-column-is-layout-flow\">\n<h3 class=\"has-text-align-center has-very-dark-gray-color has-text-color wp-block-heading\">Robuste Sender mit einem Not-Stopp<\/h3>\n\n\n\n<figure class=\"wp-block-image size-large\"><img loading=\"lazy\" decoding=\"async\" width=\"269\" height=\"250\" src=\"https:\/\/www.tele-radio.com\/app\/uploads\/controles-remotos-robustos-camion-volquete.png\" alt=\"\" class=\"wp-image-63235\"\/><\/figure>\n\n\n\n<p class=\"has-text-align-center\">Mit den zweistufigen Tasten k\u00f6nnen Funktionen gesteuert werden, die eine zweistufige Steuerung ben\u00f6tigen. Hierzu z\u00e4hlen beispielsweise zwei Geschwindigkeitsstufen.<\/p>\n\n\n\n<p class=\"has-text-align-center\">Diese Sender sind entweder mit AAA-Einwegbatterien oder wiederaufladbaren Lithium-Ionen-Akkus erh\u00e4ltlich.<\/p>\n<\/div>\n\n\n\n<div class=\"wp-block-column is-vertically-aligned-center is-layout-flow wp-block-column-is-layout-flow\">\n<h3 class=\"has-text-align-center has-very-dark-gray-color has-text-color wp-block-heading\">Sender mit h\u00f6chster Sicherheitsstufe und einem Not-Stopp<\/h3>\n\n\n\n<div class=\"wp-block-image\"><figure class=\"aligncenter size-large\"><img loading=\"lazy\" decoding=\"async\" width=\"500\" height=\"287\" src=\"https:\/\/www.tele-radio.com\/app\/uploads\/puma-volvo-control-remoto-volquete.png\" alt=\"\" class=\"wp-image-61150\" srcset=\"https:\/\/www.tele-radio.com\/app\/uploads\/puma-volvo-control-remoto-volquete.png 500w, https:\/\/www.tele-radio.com\/app\/uploads\/puma-volvo-control-remoto-volquete-400x230.png 400w\" sizes=\"auto, (max-width: 500px) 100vw, 500px\" \/><\/figure><\/div>\n\n\n\n<p class=\"has-text-align-center\">Proportionale, PWM-, digitale und analoge Steuerfunktionen k\u00f6nnen zur Verf\u00fcgung gestellt werden. Dadurch k\u00f6nnen nicht nur die Funktionen des Kippanh\u00e4ngers gesteuert werden. Es besteht zudem die M\u00f6glichkeit, den Kippanh\u00e4nger von au\u00dferhalb der Kabine fernzusteuern.<\/p>\n\n\n\n<p class=\"has-text-align-center\">Au\u00dferdem ist eine direkte Anbindung \u00fcber BB-CAN an Volvo-Lkw mit EXSTER m\u00f6glich.<\/p>\n\n\n\n<p class=\"has-text-align-center\">Dieser Sender verf\u00fcgt \u00fcber zwei Sch\u00e4chte f\u00fcr Lithium-Ionen-Akkus.<\/p>\n<\/div>\n<\/div>\n\n\n\n<div style=\"height:50px\" aria-hidden=\"true\" class=\"wp-block-spacer\"><\/div>\n\n\n\n<h2 class=\"has-text-align-center wp-block-heading\">Vorteile<\/h2>\n\n\n\n<div style=\"height:35px\" aria-hidden=\"true\" class=\"wp-block-spacer\"><\/div>\n\n\n\n<div class=\"wp-block-columns is-layout-flex wp-container-core-columns-is-layout-9d6595d7 wp-block-columns-is-layout-flex\">\n<div class=\"wp-block-column is-layout-flow wp-block-column-is-layout-flow\">\n<div class=\"wp-block-image\"><figure class=\"aligncenter size-large\"><img loading=\"lazy\" decoding=\"async\" width=\"64\" height=\"64\" src=\"https:\/\/www.tele-radio.com\/app\/uploads\/frequency-1.png\" alt=\"\" class=\"wp-image-48894\"\/><\/figure><\/div>\n\n\n\n<p class=\"has-text-align-center\">Universelle 2,4-GHz-Frequenz, 16 Kan\u00e4le, st\u00f6rungsfreier Betrieb.<\/p>\n<\/div>\n\n\n\n<div class=\"wp-block-column is-layout-flow wp-block-column-is-layout-flow\">\n<div class=\"wp-block-image\"><figure class=\"aligncenter size-large is-resized\"><img loading=\"lazy\" decoding=\"async\" src=\"https:\/\/www.tele-radio.com\/app\/uploads\/protected-t19.png\" alt=\"\" class=\"wp-image-58048\" width=\"64\" height=\"64\"\/><\/figure><\/div>\n\n\n\n<p class=\"has-text-align-center\">Alle Fernbedienungen sind komplett staub- und wassergesch\u00fctzt (IP65-IP67).<\/p>\n<\/div>\n\n\n\n<div class=\"wp-block-column is-layout-flow wp-block-column-is-layout-flow\">\n<div class=\"wp-block-image\"><figure class=\"aligncenter size-large\"><img loading=\"lazy\" decoding=\"async\" width=\"64\" height=\"64\" src=\"https:\/\/www.tele-radio.com\/app\/uploads\/contract-1.png\" alt=\"\" class=\"wp-image-48885\"\/><\/figure><\/div>\n\n\n\n<p class=\"has-text-align-center\">Gepr\u00fcft nach FCC, IC und CE. Sie k\u00f6nnen unsere Sender folglich weltweit nutzen. Exportieren &amp; importieren Sie Ihre Maschinen ebenfalls ohne Probleme.<\/p>\n<\/div>\n<\/div>\n\n\n\n<div style=\"height:40px\" aria-hidden=\"true\" class=\"wp-block-spacer\"><\/div>\n\n\n\n<div class=\"wp-block-media-text alignwide is-stacked-on-mobile is-vertically-aligned-center has-very-light-gray-background-color has-background\"><figure class=\"wp-block-media-text__media\"><img loading=\"lazy\" decoding=\"async\" width=\"533\" height=\"400\" src=\"https:\/\/www.tele-radio.com\/app\/uploads\/customized-remote-control-tipper-truck-teleradio.jpg\" alt=\"\" class=\"wp-image-64560 size-full\" srcset=\"https:\/\/www.tele-radio.com\/app\/uploads\/customized-remote-control-tipper-truck-teleradio.jpg 533w, https:\/\/www.tele-radio.com\/app\/uploads\/customized-remote-control-tipper-truck-teleradio-400x300.jpg 400w, https:\/\/www.tele-radio.com\/app\/uploads\/customized-remote-control-tipper-truck-teleradio-500x375.jpg 500w\" sizes=\"auto, (max-width: 533px) 100vw, 533px\" \/><\/figure><div class=\"wp-block-media-text__content\">\n<p style=\"font-size:32px\"><strong>Passen Sie die Sender an Ihre individuellen W\u00fcnsche an!<\/strong><br>Sie k\u00f6nnen bei all unseren Sendern spezifische Symbole f\u00fcr Ihre Funktionen einf\u00fcgen, Ihr Logo abbilden und Ihre Firmenfarben verwenden.<\/p>\n<\/div><\/div>\n\n\n\n<div style=\"height:50px\" aria-hidden=\"true\" class=\"wp-block-spacer\"><\/div>\n\n\n\n<p>Bei <a href=\"https:\/\/www.tele-radio.com\/de\/kontakt\/\">Fragen<\/a> stehen wir Ihnen selbstverst\u00e4ndlich gerne jederzeit beratend zur Seite!<\/p>\n","protected":false},"excerpt":{"rendered":"<p>Funkfernsteuerungen f\u00fcr Kippanh\u00e4nger Kippanh\u00e4nger sind Fahrzeugtypen, die haupts\u00e4chlich auf Baustellen oder ebenfalls im Bergbau eingesetzt werden. Diese sind ebenfalls als Kipper, Kipplaster, Kippwagen oder Muldenkipper bekannt. Sie transportieren normalerweise Zuschlagstoffe, aber auch andere Materialien. Um diese Materialien abzuladen, kann die Kippbox seitlich ebenso wie vertikal bewegt werden. Das Entladen erfolgt oft in schwierigen und ungesicherten [&hellip;]<\/p>\n","protected":false},"author":54,"featured_media":64598,"parent":0,"menu_order":0,"comment_status":"closed","ping_status":"closed","template":"","meta":{"_acf_changed":false,"footnotes":""},"class_list":["post-65030","page","type-page","status-publish","has-post-thumbnail","hentry"],"acf":[],"_links":{"self":[{"href":"https:\/\/www.tele-radio.com\/de\/wp-json\/wp\/v2\/pages\/65030","targetHints":{"allow":["GET"]}}],"collection":[{"href":"https:\/\/www.tele-radio.com\/de\/wp-json\/wp\/v2\/pages"}],"about":[{"href":"https:\/\/www.tele-radio.com\/de\/wp-json\/wp\/v2\/types\/page"}],"author":[{"embeddable":true,"href":"https:\/\/www.tele-radio.com\/de\/wp-json\/wp\/v2\/users\/54"}],"replies":[{"embeddable":true,"href":"https:\/\/www.tele-radio.com\/de\/wp-json\/wp\/v2\/comments?post=65030"}],"version-history":[{"count":20,"href":"https:\/\/www.tele-radio.com\/de\/wp-json\/wp\/v2\/pages\/65030\/revisions"}],"predecessor-version":[{"id":87430,"href":"https:\/\/www.tele-radio.com\/de\/wp-json\/wp\/v2\/pages\/65030\/revisions\/87430"}],"wp:featuredmedia":[{"embeddable":true,"href":"https:\/\/www.tele-radio.com\/de\/wp-json\/wp\/v2\/media\/64598"}],"wp:attachment":[{"href":"https:\/\/www.tele-radio.com\/de\/wp-json\/wp\/v2\/media?parent=65030"}],"curies":[{"name":"wp","href":"https:\/\/api.w.org\/{rel}","templated":true}]}}