{"id":6491,"date":"2018-05-14T09:08:21","date_gmt":"2018-05-14T09:08:21","guid":{"rendered":"https:\/\/www.tele-radio.com\/euro-prima-doo\/"},"modified":"2021-03-31T11:29:38","modified_gmt":"2021-03-31T11:29:38","slug":"euro-prima-doo","status":"publish","type":"page","link":"https:\/\/www.tele-radio.com\/de\/euro-prima-doo\/","title":{"rendered":"Euro Prima doo"},"content":{"rendered":"<h1>Euro Prima &#8211; Der Spezialist f\u00fcr Kr\u00e4uteranbau<\/h1>\n<p>Euro Prima ist ein serbischer Hersteller von Erntemaschinen. Diese sind f\u00fcr die Ernte von Heilpflanzen und Kr\u00e4utern wie Rosmarin, Minze, Zitronengras, Petersilie usw. spezialisiert. Das Unternehmen sitzt in Novi Sad, Serbien und liefert in 50 L\u00e4nder auf der Welt.<\/p>\n<h2>Euro Prima erleichtert die Arbeit mit einer Erntemaschine durch Funkfernsteuerungen<\/h2>\n<p>Oben abgebildet sieht man den Harvester-Mower NB 2005 V von Euro Prima. Eine Erntemaschine f\u00fcr Kamille, Minze und andere Kr\u00e4uter. Dessen Anwendung l\u00e4uft wie folgt ab: Zuerst muss man die Erntemaschine mittels eines Traktors \u00fcber den Pflanzen positionieren. Anschlie\u00dfend f\u00e4hrt man \u00fcber diese hinweg. Dadurch trennt die Erntemaschine die Bl\u00fcten so vom Stiel, dass der gr\u00f6\u00dfte Teil der Pflanze intakt bleibt.<\/p>\n<p>Sowohl Euro Prima als auch dessen Kunden hatten Schwierigkeiten, die Kabelsteuerung an diese spezielle Anwendung anzupassen. Folglich entschied man sich f\u00fcr ein Funkfernsteuerungssystem von Tele Radio. Nun kann der Anwender den Harvester mit Leichtigkeit steuern. Hierzu muss er nicht einmal mehr die klimatisierte Kabine seines Traktors verlassen. Dies ist ein weiterer Vorteil f\u00fcr die Arbeit auf dem Feld &#8211; insbesondere an hei\u00dfen Sommertagen.<\/p>\n<p>F\u00fcr die Anwendung bei Euro Prima kam das <a href=\"https:\/\/www.tele-radio.com\/de\/products\/panther-system-flexibel\/\">Panther-System<\/a>, bestehend aus einem PN-T19-2 Handsender und einem PN-R8-3 Empf\u00e4nger, zum Einsatz. Dank der Einstellungsm\u00f6glichkeiten konnten Relais so verriegelt werden, dass bei Aktivierung einer Funktion, die vorhergehende Funktion automatisch deaktiviert wird. Diese L\u00f6sung erleichtert dem Anwender die Nutzung. Ebenso war sie f\u00fcr das Unternehmen leicht zu etablieren.<\/p>\n","protected":false},"excerpt":{"rendered":"<p>Euro Prima &#8211; Der Spezialist f\u00fcr Kr\u00e4uteranbau Euro Prima ist ein serbischer Hersteller von Erntemaschinen. Diese sind f\u00fcr die Ernte von Heilpflanzen und Kr\u00e4utern wie Rosmarin, Minze, Zitronengras, Petersilie usw. spezialisiert. Das Unternehmen sitzt in Novi Sad, Serbien und liefert in 50 L\u00e4nder auf der Welt. Euro Prima erleichtert die Arbeit mit einer Erntemaschine durch [&hellip;]<\/p>\n","protected":false},"author":29,"featured_media":9825,"parent":0,"menu_order":0,"comment_status":"closed","ping_status":"closed","template":"","meta":{"_acf_changed":false,"footnotes":""},"class_list":["post-6491","page","type-page","status-publish","has-post-thumbnail","hentry"],"acf":[],"_links":{"self":[{"href":"https:\/\/www.tele-radio.com\/de\/wp-json\/wp\/v2\/pages\/6491","targetHints":{"allow":["GET"]}}],"collection":[{"href":"https:\/\/www.tele-radio.com\/de\/wp-json\/wp\/v2\/pages"}],"about":[{"href":"https:\/\/www.tele-radio.com\/de\/wp-json\/wp\/v2\/types\/page"}],"author":[{"embeddable":true,"href":"https:\/\/www.tele-radio.com\/de\/wp-json\/wp\/v2\/users\/29"}],"replies":[{"embeddable":true,"href":"https:\/\/www.tele-radio.com\/de\/wp-json\/wp\/v2\/comments?post=6491"}],"version-history":[{"count":8,"href":"https:\/\/www.tele-radio.com\/de\/wp-json\/wp\/v2\/pages\/6491\/revisions"}],"predecessor-version":[{"id":63539,"href":"https:\/\/www.tele-radio.com\/de\/wp-json\/wp\/v2\/pages\/6491\/revisions\/63539"}],"wp:featuredmedia":[{"embeddable":true,"href":"https:\/\/www.tele-radio.com\/de\/wp-json\/wp\/v2\/media\/9825"}],"wp:attachment":[{"href":"https:\/\/www.tele-radio.com\/de\/wp-json\/wp\/v2\/media?parent=6491"}],"curies":[{"name":"wp","href":"https:\/\/api.w.org\/{rel}","templated":true}]}}