{"id":6384,"date":"2018-05-10T13:37:16","date_gmt":"2018-05-10T13:37:16","guid":{"rendered":"https:\/\/www.tele-radio.com\/ethical-standards\/"},"modified":"2021-04-28T07:18:57","modified_gmt":"2021-04-28T07:18:57","slug":"ethische-unternehmensgrundsaetze","status":"publish","type":"page","link":"https:\/\/www.tele-radio.com\/de\/ethische-unternehmensgrundsaetze\/","title":{"rendered":"Ethische Unternehmensgrunds\u00e4tze"},"content":{"rendered":"<h1>Ethische Unternehmensgrunds\u00e4tze<\/h1>\n<p>Tele Radio legt gro\u00dfen Wert auf seine ethischen Unternehmensgrunds\u00e4tze und deren Umsetzung. Sie dienen als Leitfaden f\u00fcr das Unternehmen. Einige Punkte k\u00f6nnen Sie nachstehend finden.<\/p>\n<h2>Tele Radio setzt soziale und umweltbezogene Standards um<\/h2>\n<p>Wir bei Tele Radio glauben daran, dass Umweltschutz sehr wichtig ist. Aus diesem Grund setzen wir diesen um, indem wir&nbsp; &#8211; so weit m\u00f6glich &#8211; Abfallmaterial reduzieren. Dar\u00fcber hinaus f\u00f6rdern wir sowohl im eigenen Unternehmen als auch bei unseren Lieferanten die Verwendung von Recyclingmaterialien. Wir versuchen diese beiden Punkte so gut wie m\u00f6glich umzusetzen, soweit es m\u00f6glich und f\u00fcr den Betrieb geeignet ist. Au\u00dferdem regt Tele Radio die Lieferanten dazu an, Verpackungsmaterial so weit wie m\u00f6glich zu reduzieren sowie recycelte und ungiftige Verpackungen zu nutzen. Jede Niederlassung muss die CO2-Emissionen reduzieren, um die Umweltbelastung so gering wie m\u00f6glich zu halten. Au\u00dferdem erstellen wir Pl\u00e4ne, wie wir Emissionen k\u00fcnftig noch weiter verringern k\u00f6nnen.<\/p>\n<h2>Sicherer Arbeitsplatz<\/h2>\n<p>Tele Radio schafft f\u00fcr alle Mitarbeiter*innen einen sicheren, sauberen, gesundheitsf\u00f6rdernden und produktiven Arbeitsbereich. Genau das erwarten wir auch von unseren Lieferanten. Sie sollen ihren Mitarbeiter*innen ebenfalls sichere und gesundheitsf\u00f6rdernde Arbeitsbedingungen bieten. Ebenfalls m\u00fcssen Firmen, die Waren oder Produkte von Tele Radio nutzen, \u00fcber angemessene medizinische Einrichtungen, Notausg\u00e4nge sowie Schutzausr\u00fcstungen verf\u00fcgen. Diese m\u00fcssen zudem ebenfalls gut beleuchtete und komfortable Arbeitspl\u00e4tze sowie saubere Pausenr\u00e4ume bieten.&nbsp;<\/p>\n<p>Tele Radio lehnt jegliche Zusammenarbeit mit Lieferanten ab, die gesundheitssch\u00e4dliche oder gar gef\u00e4hrliche Arbeitsbedingungen bieten oder psychische bzw. physische Gewalt gegen\u00fcber Mitarbeiter*innen und Gesch\u00e4ftspartnern anwenden.<\/p>\n<h2>Gegen Diskriminierung<\/h2>\n<p>Tele Radio wei\u00df, dass sowohl in verschiedenen L\u00e4ndern als auch innerhalb des eigenen Landes kulturelle Unterschiede und Standards existieren. Wir sind jedoch der Ansicht, dass ein Teammitglied nach den pers\u00f6nlichen F\u00e4higkeiten zur Aus\u00fcbung der jeweiligen Aufgaben beurteilt werden soll. Diese Beurteilung darf nicht auf pers\u00f6nlichen Einstellungen oder Glaubensgrunds\u00e4tzen beruhen. Tele Radio verpflichtet sich selbst und seine Lieferanten dazu, die Menschenrechte zu wahren. Dazu z\u00e4hlt Angestellte nicht aufgrund von Herkunft, nationaler Abstammung, Geschlecht, Religion, Behinderung, sexueller Orientierung oder politischer Meinung zu diskriminieren.<\/p>\n<h2>Kinderarbeit wird nicht toleriert<\/h2>\n<p>Tele Radio toleriert den Einsatz von Kindern bei der Entwicklung oder Herstellung von Produkten, die von Tele Radio gekauft oder verkauft werden, nicht. Tele Radio wird keine Produkte von Lieferanten akzeptieren, die auf irgendeine Art mit Hilfe von Kinderarbeit hergestellt, produziert oder verkauft wurden.<\/p>\n<h2>Lesen Sie unseren vollst\u00e4ndigen Unternehmensgrunds\u00e4tze<\/h2>\n<p><a href=\"https:\/\/api.tele-radio.com\/api\/files\/1990\">Lesen Sie hier die vollst\u00e4ndigen Unternehmensgrunds\u00e4tze von Tele Radio.<\/a><\/p>\n<h2>WWF<\/h2>\n<p>Im Jahr 1900 lebten noch \u00fcber 100.000 Tiger weltweit. Jedoch sank diese Zahl auf 4.000 in den 1970er Jahren. Heute gelten Tiger als eine vom Aussterben bedrohte Spezies. Man sch\u00e4tzt die Gesamtzahl aller Wildbest\u00e4nde der f\u00fcnf verbleibenden Unterarten auf 3.900 Tiere. Die Unterarten sind: Bengalen, Indochinesen, Sibirer, S\u00fcdchina und Sumatra. Zudem ist weitgehend bekannt, dass alle verbleibenden Tiger in kleinen, isolierten Populationen in weit voneinander entfernten Reservaten leben. Die h\u00f6chste Anzahl an Tigern innerhalb eines Reservats betr\u00e4gt 215.<\/p>\n<p>Tele Radio unterst\u00fctzt den World Wide Fund of Nature (WWF) und dessen Bem\u00fchungen, den Tiger zu erhalten. Durch diese starken Bem\u00fchungen des WWF kann sich die Population des Tigers bereits langsam erholen.<\/p>\n<p>Da der Tiger bei Tele Radio eine herausragende Rolle spielt und eines unserer Systeme diesen Namen tr\u00e4gt (&#8222;<a href=\"https:\/\/www.tele-radio.com\/de\/products\/tiger-g2-ple-und-sil3-zertifiziert\/\">Tiger<\/a>&#8222;), ist es unserer Ansicht nach selbstverst\u00e4ndlich, einen Teil zur Erhaltung der Tiger beizutragen.<\/p>\n<p><img loading=\"lazy\" decoding=\"async\" class=\"aligncenter size-full wp-image-6302\" src=\"https:\/\/www.tele-radio.com\/app\/uploads\/tiger_wwf.jpg\" alt=\"Tele Radio supports WWF\" width=\"1200\" height=\"555\"><\/p>\n\n\n<p>Diese ethischen Unternehmensgrunds\u00e4tze dienen als Leitfaden f\u00fcr Tele Radio.<\/p>\n","protected":false},"excerpt":{"rendered":"<p>Ethische Unternehmensgrunds\u00e4tze Tele Radio legt gro\u00dfen Wert auf seine ethischen Unternehmensgrunds\u00e4tze und deren Umsetzung. Sie dienen als Leitfaden f\u00fcr das Unternehmen. Einige Punkte k\u00f6nnen Sie nachstehend finden. Tele Radio setzt soziale und umweltbezogene Standards um Wir bei Tele Radio glauben daran, dass Umweltschutz sehr wichtig ist. Aus diesem Grund setzen wir diesen um, indem wir&nbsp; [&hellip;]<\/p>\n","protected":false},"author":29,"featured_media":9699,"parent":0,"menu_order":0,"comment_status":"closed","ping_status":"closed","template":"","meta":{"_acf_changed":false,"footnotes":""},"class_list":["post-6384","page","type-page","status-publish","has-post-thumbnail","hentry"],"acf":[],"_links":{"self":[{"href":"https:\/\/www.tele-radio.com\/de\/wp-json\/wp\/v2\/pages\/6384","targetHints":{"allow":["GET"]}}],"collection":[{"href":"https:\/\/www.tele-radio.com\/de\/wp-json\/wp\/v2\/pages"}],"about":[{"href":"https:\/\/www.tele-radio.com\/de\/wp-json\/wp\/v2\/types\/page"}],"author":[{"embeddable":true,"href":"https:\/\/www.tele-radio.com\/de\/wp-json\/wp\/v2\/users\/29"}],"replies":[{"embeddable":true,"href":"https:\/\/www.tele-radio.com\/de\/wp-json\/wp\/v2\/comments?post=6384"}],"version-history":[{"count":8,"href":"https:\/\/www.tele-radio.com\/de\/wp-json\/wp\/v2\/pages\/6384\/revisions"}],"predecessor-version":[{"id":65068,"href":"https:\/\/www.tele-radio.com\/de\/wp-json\/wp\/v2\/pages\/6384\/revisions\/65068"}],"wp:featuredmedia":[{"embeddable":true,"href":"https:\/\/www.tele-radio.com\/de\/wp-json\/wp\/v2\/media\/9699"}],"wp:attachment":[{"href":"https:\/\/www.tele-radio.com\/de\/wp-json\/wp\/v2\/media?parent=6384"}],"curies":[{"name":"wp","href":"https:\/\/api.w.org\/{rel}","templated":true}]}}